{"id":172,"date":"2022-07-26T11:54:57","date_gmt":"2022-07-26T10:54:57","guid":{"rendered":"http:\/\/chagfordpool.co.uk\/sexting-websteder-for-voksne\/"},"modified":"2022-07-26T11:54:57","modified_gmt":"2022-07-26T10:54:57","slug":"sexting-websteder-for-voksne","status":"publish","type":"page","link":"https:\/\/chagfordpool.co.uk\/da\/sexting-websteder-for-voksne\/","title":{"rendered":"Sexting-websteder for voksne"},"content":{"rendered":"<p>Liderlige beskeder er en sjov m\u00e5de at lade nogen vide, at du er tiltrukket af dem. Uanset om du sender en <a href=\"http:\/\/chagfordpool.co.uk\/da\/bedste-maader-at-bruge-tilslutninger-til-din-fordel\/\">sexet tekstbesked<\/a> eller sender et billede af dig selv online, er liderlige beskeder en sjov m\u00e5de at udtrykke din interesse for en anden p\u00e5.<\/p>\n<p>Der er to hovedtyper af liderlige meddelelser: dem, der er beregnet til at v\u00e6re sjove, og dem, der er beregnet til at flirte. Sjove liderlige beskeder bruges normalt til at udtrykke k\u00e6rlighed eller humor over for en anden person. Flirtende liderlige beskeder bruges typisk til at tiltr\u00e6kke opm\u00e6rksomhed eller drille nogen.<\/p>\n<h2>Udveksle fr\u00e6kke beskeder<\/h2>\n<p>Sjove liderlige beskeder kan sendes via sms-apps som WhatsApp, Facebook Messenger, Kik, Viber, Line, WeChat osv., Eller over sociale netv\u00e6rk som Instagram, Twitter, Snapchat, Tumblr, Reddit osv. Flirtende liderlige beskeder kan sendes over instant messengers som Skype, Whatsapp, Facebook Messenger, LINE, Viber osv., Eller over andre sociale netv\u00e6rk som Instagram, Pinterest, Tumblr, Reddit, Twitter osv.<\/p>\n<p>Det er vigtigt at huske, at liderlige beskeder ikke altid er passende.<\/p>\n<p>Her er nogle tip, du skal overveje, n\u00e5r du v\u00e6lger den rigtige platform og sender den rigtige slags liderlige besked:<\/p>\n<ul>\n<li>V\u00e6lg den rigtige platform: Der er <a href=\"http:\/\/chagfordpool.co.uk\/da\/bedste-maader-at-moede-ligesindede-singler-paa\/\">masser af platforme,<\/a> hvor du kan sende liderlige beskeder. Men hvis du v\u00e6lger den forkerte platform, kan du ende med at blive rapporteret eller blokeret. For eksempel kan afsendelse af fr\u00e6kke fotos eller videoer via WhatsApp resultere i, at din konto suspenderes. P\u00e5 samme m\u00e5de kan afsendelse af beskidte tekster over Instagram resultere i, at din konto bliver forbudt.<\/li>\n<li>Send den rigtige slags liderlig tekst: N\u00e5r du sender liderlige beskeder, er det vigtigt at forst\u00e5 forskellen mellem flirt og sjov. Mens begge slags beskeder kan v\u00e6re sjove, kan afsendelse af vittigheder lande dig i problemer. For eksempel kan afsendelse af seksuelle vittigheder resultere i, at du bliver rapporteret eller blokeret.<\/li>\n<\/ul>\n<p>S\u00e5 selvom det kan v\u00e6re sjovt at sende liderlige beskeder, er det vigtigt at v\u00e6re forsigtig med, hvem du sender dem til, og hvilken slags beskeder du sender.<\/p>\n<h2>Typer af tilslutningssteder<\/h2>\n<p>Hookups er afslappede m\u00f8der mellem to mennesker, der ikke n\u00f8dvendigvis leder efter noget langsigtet. Mens tilslutninger kan f\u00f8re til forhold, er de normalt bare beregnet til at v\u00e6re sjove oplevelser.<\/p>\n<p>Der er flere forskellige typer tilslutninger, herunder afslappet sex, trekanter og gruppesex. Afslappet sex defineres typisk som at have samleje med en person, der ikke er romantisk involveret i dig. Trekanter ligner afslappet sex, bortset fra at begge deltagere er seksuelt involveret i hinanden. Gruppesex involverer flere partnere, og selvom det kan v\u00e6re konsensus, bruges det ofte som en form for prostitution.<\/p>\n<p>For at undg\u00e5 disse problemer skal du pr\u00f8ve at im\u00f8dekomme potentielle tilslutninger online i stedet for personligt. Online datingsider som Tinder og OkCupid tilbyder masser af muligheder for at komme i kontakt med mennesker, der deler f\u00e6lles interesser. N\u00e5r du har fundet nogen, du gerne vil m\u00f8de, skal du arrangere et tidspunkt og et sted at m\u00f8des. S\u00f8rg for, at du kommunikerer klart om gr\u00e6nser og forventninger p\u00e5 forh\u00e5nd, og aftal et sikkert ord eller en s\u00e6tning, som du kan bruge til at lade din partner vide, at du er utilpas med visse situationer.<\/p>\n","protected":false},"excerpt":{"rendered":"<p>Liderlige beskeder er en sjov m\u00e5de at lade nogen vide, at du er tiltrukket af dem. Uanset om du sender en sexet tekstbesked eller sender [&#8230;]<\/p>\n","protected":false},"author":1,"featured_media":146,"parent":0,"menu_order":0,"comment_status":"closed","ping_status":"closed","template":"","meta":[],"yoast_head":"<!-- This site is optimized with the Yoast SEO plugin v19.2 - https:\/\/yoast.com\/wordpress\/plugins\/seo\/ -->\n<title>Sexting-websteder for voksne - Anmeldelser af Chag<\/title>\n<meta name=\"robots\" content=\"index, follow, max-snippet:-1, max-image-preview:large, max-video-preview:-1\" \/>\n<link rel=\"canonical\" href=\"https:\/\/chagfordpool.co.uk\/da\/sexting-websteder-for-voksne\/\" \/>\n<meta property=\"og:locale\" content=\"da_DK\" \/>\n<meta property=\"og:type\" content=\"article\" \/>\n<meta property=\"og:title\" content=\"Sexting-websteder for voksne - Anmeldelser af Chag\" \/>\n<meta property=\"og:description\" content=\"Liderlige beskeder er en sjov m\u00e5de at lade nogen vide, at du er tiltrukket af dem. Uanset om du sender en sexet tekstbesked eller sender [...]\" \/>\n<meta property=\"og:url\" content=\"https:\/\/chagfordpool.co.uk\/da\/sexting-websteder-for-voksne\/\" \/>\n<meta property=\"og:site_name\" content=\"Anmeldelser af Chag\" \/>\n<meta property=\"og:image\" content=\"https:\/\/chagfordpool.co.uk\/wp-content\/uploads\/2022\/07\/online-hookup-meet-in-person.jpeg\" \/>\n\t<meta property=\"og:image:width\" content=\"500\" \/>\n\t<meta property=\"og:image:height\" content=\"333\" \/>\n\t<meta property=\"og:image:type\" content=\"image\/jpeg\" \/>\n<meta name=\"author\" content=\"Expert Reviews\" \/>\n<meta name=\"twitter:card\" content=\"summary_large_image\" \/>\n<meta name=\"twitter:label1\" content=\"Estimeret l\u00e6setid\" \/>\n\t<meta name=\"twitter:data1\" content=\"3 minutter\" \/>\n<script type=\"application\/ld+json\" class=\"yoast-schema-graph\">{\"@context\":\"https:\/\/schema.org\",\"@graph\":[{\"@type\":\"WebSite\",\"@id\":\"https:\/\/chagfordpool.co.uk\/#website\",\"url\":\"https:\/\/chagfordpool.co.uk\/\",\"name\":\"Anmeldelser af Chag\",\"description\":\"Lokale tilslutningsapps\",\"potentialAction\":[{\"@type\":\"SearchAction\",\"target\":{\"@type\":\"EntryPoint\",\"urlTemplate\":\"https:\/\/chagfordpool.co.uk\/?s={search_term_string}\"},\"query-input\":\"required name=search_term_string\"}],\"inLanguage\":\"da-DK\"},{\"@type\":\"ImageObject\",\"inLanguage\":\"da-DK\",\"@id\":\"https:\/\/chagfordpool.co.uk\/da\/sexting-websteder-for-voksne\/#primaryimage\",\"url\":\"https:\/\/chagfordpool.co.uk\/wp-content\/uploads\/2022\/07\/online-hookup-meet-in-person.jpeg\",\"contentUrl\":\"https:\/\/chagfordpool.co.uk\/wp-content\/uploads\/2022\/07\/online-hookup-meet-in-person.jpeg\",\"width\":500,\"height\":333},{\"@type\":\"WebPage\",\"@id\":\"https:\/\/chagfordpool.co.uk\/da\/sexting-websteder-for-voksne\/#webpage\",\"url\":\"https:\/\/chagfordpool.co.uk\/da\/sexting-websteder-for-voksne\/\",\"name\":\"Sexting-websteder for voksne - Anmeldelser af Chag\",\"isPartOf\":{\"@id\":\"https:\/\/chagfordpool.co.uk\/#website\"},\"primaryImageOfPage\":{\"@id\":\"https:\/\/chagfordpool.co.uk\/da\/sexting-websteder-for-voksne\/#primaryimage\"},\"datePublished\":\"2022-07-26T10:54:57+00:00\",\"dateModified\":\"2022-07-26T10:54:57+00:00\",\"breadcrumb\":{\"@id\":\"https:\/\/chagfordpool.co.uk\/da\/sexting-websteder-for-voksne\/#breadcrumb\"},\"inLanguage\":\"da-DK\",\"potentialAction\":[{\"@type\":\"ReadAction\",\"target\":[\"https:\/\/chagfordpool.co.uk\/da\/sexting-websteder-for-voksne\/\"]}]},{\"@type\":\"BreadcrumbList\",\"@id\":\"https:\/\/chagfordpool.co.uk\/da\/sexting-websteder-for-voksne\/#breadcrumb\",\"itemListElement\":[{\"@type\":\"ListItem\",\"position\":1,\"name\":\"Hjem\",\"item\":\"https:\/\/chagfordpool.co.uk\/da\/\"},{\"@type\":\"ListItem\",\"position\":2,\"name\":\"Sexting-websteder for voksne\"}]}]}<\/script>\n<!-- \/ Yoast SEO plugin. -->","yoast_head_json":{"title":"Sexting-websteder for voksne - Anmeldelser af Chag","robots":{"index":"index","follow":"follow","max-snippet":"max-snippet:-1","max-image-preview":"max-image-preview:large","max-video-preview":"max-video-preview:-1"},"canonical":"https:\/\/chagfordpool.co.uk\/da\/sexting-websteder-for-voksne\/","og_locale":"da_DK","og_type":"article","og_title":"Sexting-websteder for voksne - Anmeldelser af Chag","og_description":"Liderlige beskeder er en sjov m\u00e5de at lade nogen vide, at du er tiltrukket af dem. Uanset om du sender en sexet tekstbesked eller sender [...]","og_url":"https:\/\/chagfordpool.co.uk\/da\/sexting-websteder-for-voksne\/","og_site_name":"Anmeldelser af Chag","og_image":[{"width":500,"height":333,"url":"https:\/\/chagfordpool.co.uk\/wp-content\/uploads\/2022\/07\/online-hookup-meet-in-person.jpeg","type":"image\/jpeg"}],"author":"Expert Reviews","twitter_card":"summary_large_image","twitter_misc":{"Estimeret l\u00e6setid":"3 minutter"},"schema":{"@context":"https:\/\/schema.org","@graph":[{"@type":"WebSite","@id":"https:\/\/chagfordpool.co.uk\/#website","url":"https:\/\/chagfordpool.co.uk\/","name":"Anmeldelser af Chag","description":"Lokale tilslutningsapps","potentialAction":[{"@type":"SearchAction","target":{"@type":"EntryPoint","urlTemplate":"https:\/\/chagfordpool.co.uk\/?s={search_term_string}"},"query-input":"required name=search_term_string"}],"inLanguage":"da-DK"},{"@type":"ImageObject","inLanguage":"da-DK","@id":"https:\/\/chagfordpool.co.uk\/da\/sexting-websteder-for-voksne\/#primaryimage","url":"https:\/\/chagfordpool.co.uk\/wp-content\/uploads\/2022\/07\/online-hookup-meet-in-person.jpeg","contentUrl":"https:\/\/chagfordpool.co.uk\/wp-content\/uploads\/2022\/07\/online-hookup-meet-in-person.jpeg","width":500,"height":333},{"@type":"WebPage","@id":"https:\/\/chagfordpool.co.uk\/da\/sexting-websteder-for-voksne\/#webpage","url":"https:\/\/chagfordpool.co.uk\/da\/sexting-websteder-for-voksne\/","name":"Sexting-websteder for voksne - Anmeldelser af Chag","isPartOf":{"@id":"https:\/\/chagfordpool.co.uk\/#website"},"primaryImageOfPage":{"@id":"https:\/\/chagfordpool.co.uk\/da\/sexting-websteder-for-voksne\/#primaryimage"},"datePublished":"2022-07-26T10:54:57+00:00","dateModified":"2022-07-26T10:54:57+00:00","breadcrumb":{"@id":"https:\/\/chagfordpool.co.uk\/da\/sexting-websteder-for-voksne\/#breadcrumb"},"inLanguage":"da-DK","potentialAction":[{"@type":"ReadAction","target":["https:\/\/chagfordpool.co.uk\/da\/sexting-websteder-for-voksne\/"]}]},{"@type":"BreadcrumbList","@id":"https:\/\/chagfordpool.co.uk\/da\/sexting-websteder-for-voksne\/#breadcrumb","itemListElement":[{"@type":"ListItem","position":1,"name":"Hjem","item":"https:\/\/chagfordpool.co.uk\/da\/"},{"@type":"ListItem","position":2,"name":"Sexting-websteder for voksne"}]}]}},"_links":{"self":[{"href":"https:\/\/chagfordpool.co.uk\/da\/wp-json\/wp\/v2\/pages\/172"}],"collection":[{"href":"https:\/\/chagfordpool.co.uk\/da\/wp-json\/wp\/v2\/pages"}],"about":[{"href":"https:\/\/chagfordpool.co.uk\/da\/wp-json\/wp\/v2\/types\/page"}],"author":[{"embeddable":true,"href":"https:\/\/chagfordpool.co.uk\/da\/wp-json\/wp\/v2\/users\/1"}],"replies":[{"embeddable":true,"href":"https:\/\/chagfordpool.co.uk\/da\/wp-json\/wp\/v2\/comments?post=172"}],"version-history":[{"count":0,"href":"https:\/\/chagfordpool.co.uk\/da\/wp-json\/wp\/v2\/pages\/172\/revisions"}],"wp:featuredmedia":[{"embeddable":true,"href":"https:\/\/chagfordpool.co.uk\/da\/wp-json\/wp\/v2\/media\/146"}],"wp:attachment":[{"href":"https:\/\/chagfordpool.co.uk\/da\/wp-json\/wp\/v2\/media?parent=172"}],"curies":[{"name":"wp","href":"https:\/\/api.w.org\/{rel}","templated":true}]}}