{"id":173,"date":"2022-07-26T11:54:12","date_gmt":"2022-07-26T10:54:12","guid":{"rendered":"http:\/\/chagfordpool.co.uk\/bedste-maader-at-moede-ligesindede-singler-paa\/"},"modified":"2022-07-26T11:54:12","modified_gmt":"2022-07-26T10:54:12","slug":"bedste-maader-at-moede-ligesindede-singler-paa","status":"publish","type":"page","link":"https:\/\/chagfordpool.co.uk\/da\/bedste-maader-at-moede-ligesindede-singler-paa\/","title":{"rendered":"Bedste m\u00e5der at m\u00f8de ligesindede singler p\u00e5"},"content":{"rendered":"<p>Tilslutninger er sjove, afslappede m\u00f8der mellem <a href=\"http:\/\/chagfordpool.co.uk\/da\/saadan-finder-du-ud-af-om-han-vil-have-dig\/\">to fremmede<\/a> , der m\u00f8des online eller offline. Der er masser af websteder, der specifikt im\u00f8dekommer tilslutninger, herunder Tinder, OkCupid, PlentyOfFish og Match.com. Disse websteder giver brugerne mulighed for at gennemse profiler baseret p\u00e5 placering, alder, k\u00f8n, interesser og andre kriterier. N\u00e5r nogen finder nogen, de gerne vil chatte med, kan de sende en besked eller anmode om et ansigt til ansigt-m\u00f8de.<\/p>\n<p>Mens nogle tilslutningsapps er rettet mod langsigtede forhold, er andre strengt til hurtige flings. Nogle mennesker foretr\u00e6kker helt at undg\u00e5 engagement, mens andre nyder at have flere partnere i l\u00f8bet af en nat. Uanset hvilken type forhold du s\u00f8ger, b\u00f8r det ikke v\u00e6re sv\u00e6rt at finde en partner. Bare husk at v\u00e6re sikker og f\u00f8lg reglerne for sund fornuft.<\/p>\n<h2>S\u00e5dan m\u00f8der du lokale kvinder til sex<\/h2>\n<p>Det er ingen hemmelighed, at kvinder s\u00f8ger m\u00e6nd, der er selvsikre, succesrige og ambiti\u00f8se. S\u00e5 hvis du fors\u00f8ger at tiltr\u00e6kke kvinder online, skal du formidle disse tr\u00e6k.<\/p>\n<p>Til at begynde med skal du skrive om dig selv i et positivt lys. Tal ikke bare om dine pr\u00e6stationer; tal om, hvordan du overvandt forhindringer og opn\u00e5ede succes. Glem heller ikke at n\u00e6vne, at du i \u00f8jeblikket er single. Kvinder elsker at h\u00f8re historier om andre mennesker, der g\u00e5r efter, hvad de vil, og de vil s\u00e6tte pris p\u00e5 at vide, at du g\u00f8r det samme.<\/p>\n<p>Fokuser derefter p\u00e5 dine styrker. Hvilke f\u00e6rdigheder besidder du, der adskiller dig fra andre? Skriv om dine lidenskaber og hobbyer, og del detaljer om dine interesser. N\u00e5r du beskriver dig selv med hensyn til din personlighed, skiller du dig ud fra m\u00e6ngden.<\/p>\n<p>Til sidst skal du tale om dine m\u00e5l. Fort\u00e6l hende, hvad du gerne vil opn\u00e5 i livet, og forklar, hvordan hun kan hj\u00e6lpe dig med at opn\u00e5 dem. S\u00f8rg for at understrege dine ambitioner og dr\u00f8mme, og undg\u00e5 at tale om penge. Fokuser i stedet p\u00e5 fremtiden, og hvor sjovt I vil have det sammen.<\/p>\n<p>Ved at f\u00f8lge disse tip kan du oprette en profil, der skiller sig ud blandt resten. Og n\u00e5r du g\u00f8r det, vil du v\u00e6re i stand til at oprette forbindelse til flere kvinder online.<\/p>\n<h3>M\u00f8d til sex<\/h3>\n<p>M\u00f8d for sex er en stor fordel ved at deltage i <a href=\"http:\/\/chagfordpool.co.uk\/da\/bedste-maader-at-bruge-tilslutninger-til-din-fordel\/\">lokale tilslutningsapps<\/a> , der forbinder m\u00e6nd, der s\u00f8ger afslappede m\u00f8der med kvinder, der leder efter uforpligtende tilknyttet sjov.<\/p>\n<p>Det er nemt at m\u00f8de en ny person online, men at finde en partner til virkelige datoer kan nogle gange f\u00f8les som en n\u00e5l i en h\u00f8stak.<\/p>\n<p>Med over 2 millioner medlemmer over hele verden tilbyder disse online tilslutningsapps en sikker og diskret platform til at m\u00f8de andre voksne i n\u00e6rheden af dig. Uanset om du leder efter venskab, romantik eller bare en nat med lidenskab, er dette det perfekte sted at forbinde med andre i n\u00e6rheden.<\/p>\n<p>For at deltage skal du tilmelde dig gratis i dag og gennemse vores profiler af attraktive lokale i dit omr\u00e5de. Send derefter beskeder til potentielle kampe og arranger et ansigt til ansigt-m\u00f8de.<\/p>\n","protected":false},"excerpt":{"rendered":"<p>Tilslutninger er sjove, afslappede m\u00f8der mellem to fremmede , der m\u00f8des online eller offline. Der er masser af websteder, der specifikt im\u00f8dekommer tilslutninger, herunder Tinder, [&#8230;]<\/p>\n","protected":false},"author":1,"featured_media":136,"parent":0,"menu_order":0,"comment_status":"closed","ping_status":"closed","template":"","meta":[],"yoast_head":"<!-- This site is optimized with the Yoast SEO plugin v19.2 - https:\/\/yoast.com\/wordpress\/plugins\/seo\/ -->\n<title>Bedste m\u00e5der at m\u00f8de ligesindede singler p\u00e5 - Anmeldelser af Chag<\/title>\n<meta name=\"robots\" content=\"index, follow, max-snippet:-1, max-image-preview:large, max-video-preview:-1\" \/>\n<link rel=\"canonical\" href=\"https:\/\/chagfordpool.co.uk\/da\/bedste-maader-at-moede-ligesindede-singler-paa\/\" \/>\n<meta property=\"og:locale\" content=\"da_DK\" \/>\n<meta property=\"og:type\" content=\"article\" \/>\n<meta property=\"og:title\" content=\"Bedste m\u00e5der at m\u00f8de ligesindede singler p\u00e5 - Anmeldelser af Chag\" \/>\n<meta property=\"og:description\" content=\"Tilslutninger er sjove, afslappede m\u00f8der mellem to fremmede , der m\u00f8des online eller offline. Der er masser af websteder, der specifikt im\u00f8dekommer tilslutninger, herunder Tinder, [...]\" \/>\n<meta property=\"og:url\" content=\"https:\/\/chagfordpool.co.uk\/da\/bedste-maader-at-moede-ligesindede-singler-paa\/\" \/>\n<meta property=\"og:site_name\" content=\"Anmeldelser af Chag\" \/>\n<meta property=\"og:image\" content=\"https:\/\/chagfordpool.co.uk\/wp-content\/uploads\/2022\/07\/singles.jpeg\" \/>\n\t<meta property=\"og:image:width\" content=\"1000\" \/>\n\t<meta property=\"og:image:height\" content=\"1500\" \/>\n\t<meta property=\"og:image:type\" content=\"image\/jpeg\" \/>\n<meta name=\"author\" content=\"Expert Reviews\" \/>\n<meta name=\"twitter:card\" content=\"summary_large_image\" \/>\n<meta name=\"twitter:label1\" content=\"Estimeret l\u00e6setid\" \/>\n\t<meta name=\"twitter:data1\" content=\"3 minutter\" \/>\n<script type=\"application\/ld+json\" class=\"yoast-schema-graph\">{\"@context\":\"https:\/\/schema.org\",\"@graph\":[{\"@type\":\"WebSite\",\"@id\":\"https:\/\/chagfordpool.co.uk\/#website\",\"url\":\"https:\/\/chagfordpool.co.uk\/\",\"name\":\"Anmeldelser af Chag\",\"description\":\"Lokale tilslutningsapps\",\"potentialAction\":[{\"@type\":\"SearchAction\",\"target\":{\"@type\":\"EntryPoint\",\"urlTemplate\":\"https:\/\/chagfordpool.co.uk\/?s={search_term_string}\"},\"query-input\":\"required name=search_term_string\"}],\"inLanguage\":\"da-DK\"},{\"@type\":\"ImageObject\",\"inLanguage\":\"da-DK\",\"@id\":\"https:\/\/chagfordpool.co.uk\/da\/bedste-maader-at-moede-ligesindede-singler-paa\/#primaryimage\",\"url\":\"https:\/\/chagfordpool.co.uk\/wp-content\/uploads\/2022\/07\/singles.jpeg\",\"contentUrl\":\"https:\/\/chagfordpool.co.uk\/wp-content\/uploads\/2022\/07\/singles.jpeg\",\"width\":1000,\"height\":1500},{\"@type\":\"WebPage\",\"@id\":\"https:\/\/chagfordpool.co.uk\/da\/bedste-maader-at-moede-ligesindede-singler-paa\/#webpage\",\"url\":\"https:\/\/chagfordpool.co.uk\/da\/bedste-maader-at-moede-ligesindede-singler-paa\/\",\"name\":\"Bedste m\u00e5der at m\u00f8de ligesindede singler p\u00e5 - Anmeldelser af Chag\",\"isPartOf\":{\"@id\":\"https:\/\/chagfordpool.co.uk\/#website\"},\"primaryImageOfPage\":{\"@id\":\"https:\/\/chagfordpool.co.uk\/da\/bedste-maader-at-moede-ligesindede-singler-paa\/#primaryimage\"},\"datePublished\":\"2022-07-26T10:54:12+00:00\",\"dateModified\":\"2022-07-26T10:54:12+00:00\",\"breadcrumb\":{\"@id\":\"https:\/\/chagfordpool.co.uk\/da\/bedste-maader-at-moede-ligesindede-singler-paa\/#breadcrumb\"},\"inLanguage\":\"da-DK\",\"potentialAction\":[{\"@type\":\"ReadAction\",\"target\":[\"https:\/\/chagfordpool.co.uk\/da\/bedste-maader-at-moede-ligesindede-singler-paa\/\"]}]},{\"@type\":\"BreadcrumbList\",\"@id\":\"https:\/\/chagfordpool.co.uk\/da\/bedste-maader-at-moede-ligesindede-singler-paa\/#breadcrumb\",\"itemListElement\":[{\"@type\":\"ListItem\",\"position\":1,\"name\":\"Hjem\",\"item\":\"https:\/\/chagfordpool.co.uk\/da\/\"},{\"@type\":\"ListItem\",\"position\":2,\"name\":\"Bedste m\u00e5der at m\u00f8de ligesindede singler p\u00e5\"}]}]}<\/script>\n<!-- \/ Yoast SEO plugin. -->","yoast_head_json":{"title":"Bedste m\u00e5der at m\u00f8de ligesindede singler p\u00e5 - Anmeldelser af Chag","robots":{"index":"index","follow":"follow","max-snippet":"max-snippet:-1","max-image-preview":"max-image-preview:large","max-video-preview":"max-video-preview:-1"},"canonical":"https:\/\/chagfordpool.co.uk\/da\/bedste-maader-at-moede-ligesindede-singler-paa\/","og_locale":"da_DK","og_type":"article","og_title":"Bedste m\u00e5der at m\u00f8de ligesindede singler p\u00e5 - Anmeldelser af Chag","og_description":"Tilslutninger er sjove, afslappede m\u00f8der mellem to fremmede , der m\u00f8des online eller offline. Der er masser af websteder, der specifikt im\u00f8dekommer tilslutninger, herunder Tinder, [...]","og_url":"https:\/\/chagfordpool.co.uk\/da\/bedste-maader-at-moede-ligesindede-singler-paa\/","og_site_name":"Anmeldelser af Chag","og_image":[{"width":1000,"height":1500,"url":"https:\/\/chagfordpool.co.uk\/wp-content\/uploads\/2022\/07\/singles.jpeg","type":"image\/jpeg"}],"author":"Expert Reviews","twitter_card":"summary_large_image","twitter_misc":{"Estimeret l\u00e6setid":"3 minutter"},"schema":{"@context":"https:\/\/schema.org","@graph":[{"@type":"WebSite","@id":"https:\/\/chagfordpool.co.uk\/#website","url":"https:\/\/chagfordpool.co.uk\/","name":"Anmeldelser af Chag","description":"Lokale tilslutningsapps","potentialAction":[{"@type":"SearchAction","target":{"@type":"EntryPoint","urlTemplate":"https:\/\/chagfordpool.co.uk\/?s={search_term_string}"},"query-input":"required name=search_term_string"}],"inLanguage":"da-DK"},{"@type":"ImageObject","inLanguage":"da-DK","@id":"https:\/\/chagfordpool.co.uk\/da\/bedste-maader-at-moede-ligesindede-singler-paa\/#primaryimage","url":"https:\/\/chagfordpool.co.uk\/wp-content\/uploads\/2022\/07\/singles.jpeg","contentUrl":"https:\/\/chagfordpool.co.uk\/wp-content\/uploads\/2022\/07\/singles.jpeg","width":1000,"height":1500},{"@type":"WebPage","@id":"https:\/\/chagfordpool.co.uk\/da\/bedste-maader-at-moede-ligesindede-singler-paa\/#webpage","url":"https:\/\/chagfordpool.co.uk\/da\/bedste-maader-at-moede-ligesindede-singler-paa\/","name":"Bedste m\u00e5der at m\u00f8de ligesindede singler p\u00e5 - Anmeldelser af Chag","isPartOf":{"@id":"https:\/\/chagfordpool.co.uk\/#website"},"primaryImageOfPage":{"@id":"https:\/\/chagfordpool.co.uk\/da\/bedste-maader-at-moede-ligesindede-singler-paa\/#primaryimage"},"datePublished":"2022-07-26T10:54:12+00:00","dateModified":"2022-07-26T10:54:12+00:00","breadcrumb":{"@id":"https:\/\/chagfordpool.co.uk\/da\/bedste-maader-at-moede-ligesindede-singler-paa\/#breadcrumb"},"inLanguage":"da-DK","potentialAction":[{"@type":"ReadAction","target":["https:\/\/chagfordpool.co.uk\/da\/bedste-maader-at-moede-ligesindede-singler-paa\/"]}]},{"@type":"BreadcrumbList","@id":"https:\/\/chagfordpool.co.uk\/da\/bedste-maader-at-moede-ligesindede-singler-paa\/#breadcrumb","itemListElement":[{"@type":"ListItem","position":1,"name":"Hjem","item":"https:\/\/chagfordpool.co.uk\/da\/"},{"@type":"ListItem","position":2,"name":"Bedste m\u00e5der at m\u00f8de ligesindede singler p\u00e5"}]}]}},"_links":{"self":[{"href":"https:\/\/chagfordpool.co.uk\/da\/wp-json\/wp\/v2\/pages\/173"}],"collection":[{"href":"https:\/\/chagfordpool.co.uk\/da\/wp-json\/wp\/v2\/pages"}],"about":[{"href":"https:\/\/chagfordpool.co.uk\/da\/wp-json\/wp\/v2\/types\/page"}],"author":[{"embeddable":true,"href":"https:\/\/chagfordpool.co.uk\/da\/wp-json\/wp\/v2\/users\/1"}],"replies":[{"embeddable":true,"href":"https:\/\/chagfordpool.co.uk\/da\/wp-json\/wp\/v2\/comments?post=173"}],"version-history":[{"count":0,"href":"https:\/\/chagfordpool.co.uk\/da\/wp-json\/wp\/v2\/pages\/173\/revisions"}],"wp:featuredmedia":[{"embeddable":true,"href":"https:\/\/chagfordpool.co.uk\/da\/wp-json\/wp\/v2\/media\/136"}],"wp:attachment":[{"href":"https:\/\/chagfordpool.co.uk\/da\/wp-json\/wp\/v2\/media?parent=173"}],"curies":[{"name":"wp","href":"https:\/\/api.w.org\/{rel}","templated":true}]}}