{"id":203,"date":"2022-07-26T12:08:22","date_gmt":"2022-07-26T11:08:22","guid":{"rendered":"http:\/\/chagfordpool.co.uk\/saadan-finder-du-ud-af-om-han-vil-have-dig\/"},"modified":"2022-07-26T12:08:22","modified_gmt":"2022-07-26T11:08:22","slug":"saadan-finder-du-ud-af-om-han-vil-have-dig","status":"publish","type":"page","link":"https:\/\/chagfordpool.co.uk\/da\/saadan-finder-du-ud-af-om-han-vil-have-dig\/","title":{"rendered":"S\u00e5dan finder du ud af, om han vil have dig"},"content":{"rendered":"<p>Der er to typer m\u00e6nd: Dem, der \u00f8nsker at blive \u00f8nsket, og dem, der \u00f8nsker at v\u00e6re n\u00f8dvendige.<\/p>\n<p>Mens begge er lige attraktive, er sidstn\u00e6vnte type meget lettere at tiltr\u00e6kke. M\u00e6nd, der \u00f8nsker at v\u00e6re n\u00f8dvendige, har tendens til at v\u00e6re tr\u00e6ngende og kl\u00e6bende. N\u00e5r du m\u00f8der en s\u00e5dan person, vil du f\u00f8le dig utilpas og spekulere p\u00e5, om han vil v\u00e6re venner eller bare har brug for dig.<\/p>\n<p>For at undg\u00e5 at falde i denne f\u00e6lde er her fire tip, der hj\u00e6lper dig med at finde ud af, om han virkelig vil v\u00e6re venner, eller om han bare vil v\u00e6re n\u00f8dvendig.<\/p>\n<h3>Taler han om sine ekser?<\/h3>\n<p>M\u00e6nd, der er usikre p\u00e5 sig selv, fors\u00f8ger normalt at <a href=\"http:\/\/chagfordpool.co.uk\/da\/rollespil-sex-dating\/\">kompensere ved at tale om andre kvinder<\/a>. Selvom dette kan virke harml\u00f8st nok, kan det tyde p\u00e5, at han fors\u00f8ger at udfylde et f\u00f8lelsesm\u00e6ssigt tomrum inde i sig selv.<\/p>\n<h3>Beder han altid om tjenester?<\/h3>\n<p>Hvis han beder dig om at g\u00f8re noget for ham hver eneste dag, s\u00e5 vil han sandsynligvis v\u00e6re n\u00f8dvendig. Han kan endda forvente, at du g\u00f8r noget for ham, herunder reng\u00f8ring af hans hus, madlavning af middag og pasning af hans b\u00f8rn.<\/p>\n<h3>Fort\u00e6ller han dig, hvor smuk du ser ud?<\/h3>\n<p>Dette er endnu et tegn p\u00e5, at han \u00f8nsker at v\u00e6re n\u00f8dvendig. Hvis han fort\u00e6ller dig, hvor smuk du er, er han sandsynligvis usikker og f\u00f8ler sig utilstr\u00e6kkelig.<\/p>\n<h3>Komplimenterer han dig?<\/h3>\n<p>M\u00e6nd, der er sikre p\u00e5 sig selv, har sj\u00e6ldent brug for komplimenter. Men hvis han giver dig komplimenter, skal du <a href=\"http:\/\/chagfordpool.co.uk\/da\/lokale-dating-apps\/\">v\u00e6re opm\u00e6rksom p\u00e5, hvordan han siger dem<\/a>. Hvis han bruger ord som &#8220;smuk&#8221;, &#8220;sexet&#8221; eller &#8220;varm&#8221;, s\u00e5 er han sandsynligvis usikker og vil v\u00e6re n\u00f8dvendig. Men hvis han bruger ord som &#8220;smart&#8221;, &#8220;sjov&#8221; eller &#8220;cool&#8221;, s\u00e5 er han sandsynligvis sikker og komfortabel med sig selv.<\/p>\n<p>Disse tegn er ikke idiotsikre, men de kan hj\u00e6lpe dig med at afg\u00f8re, om han vil v\u00e6re n\u00f8dvendig eller bare vil v\u00e6re venner.<\/p>\n<h2>Stadig forvirret?<\/h2>\n<p>Hvis du stadig k\u00e6mper, s\u00e5 tag et kig p\u00e5 disse 5 hurtige sp\u00f8rgsm\u00e5l, du kan bruge til at finde ud af, om en fyr \/ pige kan lide dig:<\/p>\n<h3>Stil sp\u00f8rgsm\u00e5l<\/h3>\n<p>M\u00e6nd elsker at tale om sig selv, s\u00e5 at stille sp\u00f8rgsm\u00e5l viser interesse. At stille \u00e5bne sp\u00f8rgsm\u00e5l giver dig mulighed for at l\u00e6re mere om hans interesser og hobbyer.<\/p>\n<h3>F\u00e5 \u00f8jenkontakt<\/h3>\n<p>N\u00e5r han bem\u00e6rker, at du ser p\u00e5 ham, vil han f\u00f8le sig smigret. Og n\u00e5r du ser ned igen, vil han undre sig over, hvad du t\u00e6nkte p\u00e5.<\/p>\n<h3>Lyt opm\u00e6rksomt<\/h3>\n<p>Han vil vide, at du bekymrer dig om, hvad han siger. Afbryd ham ikke, mens han taler; lad ham afslutte sine tanker. S\u00e5 nik og smil.<\/p>\n<h3>Komplimentere ham<\/h3>\n<p>Fort\u00e6l ham, hvor smuk han ser ud, hvor smart han ser ud, eller hvor meget du beundrer ham. Disse komplimenter f\u00e5r ham til at f\u00f8le sig speciel og v\u00e6rdsat.<\/p>\n<h3>Giv ham plads<\/h3>\n<p>Lad ham vide, at du lytter ved at give ham masser af plads. Sid t\u00e6t nok p\u00e5 til at h\u00f8re ham, men langt nok fra hinanden til, at han f\u00f8ler sig tryg ved at tale.<\/p>\n","protected":false},"excerpt":{"rendered":"<p>Der er to typer m\u00e6nd: Dem, der \u00f8nsker at blive \u00f8nsket, og dem, der \u00f8nsker at v\u00e6re n\u00f8dvendige. Mens begge er lige attraktive, er sidstn\u00e6vnte [&#8230;]<\/p>\n","protected":false},"author":1,"featured_media":116,"parent":0,"menu_order":0,"comment_status":"closed","ping_status":"closed","template":"","meta":[],"yoast_head":"<!-- This site is optimized with the Yoast SEO plugin v19.2 - https:\/\/yoast.com\/wordpress\/plugins\/seo\/ -->\n<title>S\u00e5dan finder du ud af, om han vil have dig - Anmeldelser af Chag<\/title>\n<meta name=\"robots\" content=\"index, follow, max-snippet:-1, max-image-preview:large, max-video-preview:-1\" \/>\n<link rel=\"canonical\" href=\"https:\/\/chagfordpool.co.uk\/da\/saadan-finder-du-ud-af-om-han-vil-have-dig\/\" \/>\n<meta property=\"og:locale\" content=\"da_DK\" \/>\n<meta property=\"og:type\" content=\"article\" \/>\n<meta property=\"og:title\" content=\"S\u00e5dan finder du ud af, om han vil have dig - Anmeldelser af Chag\" \/>\n<meta property=\"og:description\" content=\"Der er to typer m\u00e6nd: Dem, der \u00f8nsker at blive \u00f8nsket, og dem, der \u00f8nsker at v\u00e6re n\u00f8dvendige. Mens begge er lige attraktive, er sidstn\u00e6vnte [...]\" \/>\n<meta property=\"og:url\" content=\"https:\/\/chagfordpool.co.uk\/da\/saadan-finder-du-ud-af-om-han-vil-have-dig\/\" \/>\n<meta property=\"og:site_name\" content=\"Anmeldelser af Chag\" \/>\n<meta property=\"og:image\" content=\"https:\/\/chagfordpool.co.uk\/wp-content\/uploads\/2022\/07\/hookup.jpeg\" \/>\n\t<meta property=\"og:image:width\" content=\"1200\" \/>\n\t<meta property=\"og:image:height\" content=\"1500\" \/>\n\t<meta property=\"og:image:type\" content=\"image\/jpeg\" \/>\n<meta name=\"author\" content=\"Expert Reviews\" \/>\n<meta name=\"twitter:card\" content=\"summary_large_image\" \/>\n<meta name=\"twitter:label1\" content=\"Estimeret l\u00e6setid\" \/>\n\t<meta name=\"twitter:data1\" content=\"3 minutter\" \/>\n<script type=\"application\/ld+json\" class=\"yoast-schema-graph\">{\"@context\":\"https:\/\/schema.org\",\"@graph\":[{\"@type\":\"WebSite\",\"@id\":\"https:\/\/chagfordpool.co.uk\/#website\",\"url\":\"https:\/\/chagfordpool.co.uk\/\",\"name\":\"Anmeldelser af Chag\",\"description\":\"Lokale tilslutningsapps\",\"potentialAction\":[{\"@type\":\"SearchAction\",\"target\":{\"@type\":\"EntryPoint\",\"urlTemplate\":\"https:\/\/chagfordpool.co.uk\/?s={search_term_string}\"},\"query-input\":\"required name=search_term_string\"}],\"inLanguage\":\"da-DK\"},{\"@type\":\"ImageObject\",\"inLanguage\":\"da-DK\",\"@id\":\"https:\/\/chagfordpool.co.uk\/da\/saadan-finder-du-ud-af-om-han-vil-have-dig\/#primaryimage\",\"url\":\"https:\/\/chagfordpool.co.uk\/wp-content\/uploads\/2022\/07\/hookup.jpeg\",\"contentUrl\":\"https:\/\/chagfordpool.co.uk\/wp-content\/uploads\/2022\/07\/hookup.jpeg\",\"width\":1200,\"height\":1500},{\"@type\":\"WebPage\",\"@id\":\"https:\/\/chagfordpool.co.uk\/da\/saadan-finder-du-ud-af-om-han-vil-have-dig\/#webpage\",\"url\":\"https:\/\/chagfordpool.co.uk\/da\/saadan-finder-du-ud-af-om-han-vil-have-dig\/\",\"name\":\"S\u00e5dan finder du ud af, om han vil have dig - Anmeldelser af Chag\",\"isPartOf\":{\"@id\":\"https:\/\/chagfordpool.co.uk\/#website\"},\"primaryImageOfPage\":{\"@id\":\"https:\/\/chagfordpool.co.uk\/da\/saadan-finder-du-ud-af-om-han-vil-have-dig\/#primaryimage\"},\"datePublished\":\"2022-07-26T11:08:22+00:00\",\"dateModified\":\"2022-07-26T11:08:22+00:00\",\"breadcrumb\":{\"@id\":\"https:\/\/chagfordpool.co.uk\/da\/saadan-finder-du-ud-af-om-han-vil-have-dig\/#breadcrumb\"},\"inLanguage\":\"da-DK\",\"potentialAction\":[{\"@type\":\"ReadAction\",\"target\":[\"https:\/\/chagfordpool.co.uk\/da\/saadan-finder-du-ud-af-om-han-vil-have-dig\/\"]}]},{\"@type\":\"BreadcrumbList\",\"@id\":\"https:\/\/chagfordpool.co.uk\/da\/saadan-finder-du-ud-af-om-han-vil-have-dig\/#breadcrumb\",\"itemListElement\":[{\"@type\":\"ListItem\",\"position\":1,\"name\":\"Hjem\",\"item\":\"https:\/\/chagfordpool.co.uk\/da\/\"},{\"@type\":\"ListItem\",\"position\":2,\"name\":\"S\u00e5dan finder du ud af, om han vil have dig\"}]}]}<\/script>\n<!-- \/ Yoast SEO plugin. -->","yoast_head_json":{"title":"S\u00e5dan finder du ud af, om han vil have dig - Anmeldelser af Chag","robots":{"index":"index","follow":"follow","max-snippet":"max-snippet:-1","max-image-preview":"max-image-preview:large","max-video-preview":"max-video-preview:-1"},"canonical":"https:\/\/chagfordpool.co.uk\/da\/saadan-finder-du-ud-af-om-han-vil-have-dig\/","og_locale":"da_DK","og_type":"article","og_title":"S\u00e5dan finder du ud af, om han vil have dig - Anmeldelser af Chag","og_description":"Der er to typer m\u00e6nd: Dem, der \u00f8nsker at blive \u00f8nsket, og dem, der \u00f8nsker at v\u00e6re n\u00f8dvendige. Mens begge er lige attraktive, er sidstn\u00e6vnte [...]","og_url":"https:\/\/chagfordpool.co.uk\/da\/saadan-finder-du-ud-af-om-han-vil-have-dig\/","og_site_name":"Anmeldelser af Chag","og_image":[{"width":1200,"height":1500,"url":"https:\/\/chagfordpool.co.uk\/wp-content\/uploads\/2022\/07\/hookup.jpeg","type":"image\/jpeg"}],"author":"Expert Reviews","twitter_card":"summary_large_image","twitter_misc":{"Estimeret l\u00e6setid":"3 minutter"},"schema":{"@context":"https:\/\/schema.org","@graph":[{"@type":"WebSite","@id":"https:\/\/chagfordpool.co.uk\/#website","url":"https:\/\/chagfordpool.co.uk\/","name":"Anmeldelser af Chag","description":"Lokale tilslutningsapps","potentialAction":[{"@type":"SearchAction","target":{"@type":"EntryPoint","urlTemplate":"https:\/\/chagfordpool.co.uk\/?s={search_term_string}"},"query-input":"required name=search_term_string"}],"inLanguage":"da-DK"},{"@type":"ImageObject","inLanguage":"da-DK","@id":"https:\/\/chagfordpool.co.uk\/da\/saadan-finder-du-ud-af-om-han-vil-have-dig\/#primaryimage","url":"https:\/\/chagfordpool.co.uk\/wp-content\/uploads\/2022\/07\/hookup.jpeg","contentUrl":"https:\/\/chagfordpool.co.uk\/wp-content\/uploads\/2022\/07\/hookup.jpeg","width":1200,"height":1500},{"@type":"WebPage","@id":"https:\/\/chagfordpool.co.uk\/da\/saadan-finder-du-ud-af-om-han-vil-have-dig\/#webpage","url":"https:\/\/chagfordpool.co.uk\/da\/saadan-finder-du-ud-af-om-han-vil-have-dig\/","name":"S\u00e5dan finder du ud af, om han vil have dig - Anmeldelser af Chag","isPartOf":{"@id":"https:\/\/chagfordpool.co.uk\/#website"},"primaryImageOfPage":{"@id":"https:\/\/chagfordpool.co.uk\/da\/saadan-finder-du-ud-af-om-han-vil-have-dig\/#primaryimage"},"datePublished":"2022-07-26T11:08:22+00:00","dateModified":"2022-07-26T11:08:22+00:00","breadcrumb":{"@id":"https:\/\/chagfordpool.co.uk\/da\/saadan-finder-du-ud-af-om-han-vil-have-dig\/#breadcrumb"},"inLanguage":"da-DK","potentialAction":[{"@type":"ReadAction","target":["https:\/\/chagfordpool.co.uk\/da\/saadan-finder-du-ud-af-om-han-vil-have-dig\/"]}]},{"@type":"BreadcrumbList","@id":"https:\/\/chagfordpool.co.uk\/da\/saadan-finder-du-ud-af-om-han-vil-have-dig\/#breadcrumb","itemListElement":[{"@type":"ListItem","position":1,"name":"Hjem","item":"https:\/\/chagfordpool.co.uk\/da\/"},{"@type":"ListItem","position":2,"name":"S\u00e5dan finder du ud af, om han vil have dig"}]}]}},"_links":{"self":[{"href":"https:\/\/chagfordpool.co.uk\/da\/wp-json\/wp\/v2\/pages\/203"}],"collection":[{"href":"https:\/\/chagfordpool.co.uk\/da\/wp-json\/wp\/v2\/pages"}],"about":[{"href":"https:\/\/chagfordpool.co.uk\/da\/wp-json\/wp\/v2\/types\/page"}],"author":[{"embeddable":true,"href":"https:\/\/chagfordpool.co.uk\/da\/wp-json\/wp\/v2\/users\/1"}],"replies":[{"embeddable":true,"href":"https:\/\/chagfordpool.co.uk\/da\/wp-json\/wp\/v2\/comments?post=203"}],"version-history":[{"count":0,"href":"https:\/\/chagfordpool.co.uk\/da\/wp-json\/wp\/v2\/pages\/203\/revisions"}],"wp:featuredmedia":[{"embeddable":true,"href":"https:\/\/chagfordpool.co.uk\/da\/wp-json\/wp\/v2\/media\/116"}],"wp:attachment":[{"href":"https:\/\/chagfordpool.co.uk\/da\/wp-json\/wp\/v2\/media?parent=203"}],"curies":[{"name":"wp","href":"https:\/\/api.w.org\/{rel}","templated":true}]}}