{"id":225,"date":"2022-07-26T12:33:19","date_gmt":"2022-07-26T11:33:19","guid":{"rendered":"http:\/\/chagfordpool.co.uk\/hvad-er-forskellen-mellem-casual-hookup-apps-mainstream-dating\/"},"modified":"2022-07-26T12:33:19","modified_gmt":"2022-07-26T11:33:19","slug":"hvad-er-forskellen-mellem-casual-hookup-apps-mainstream-dating","status":"publish","type":"page","link":"https:\/\/chagfordpool.co.uk\/da\/hvad-er-forskellen-mellem-casual-hookup-apps-mainstream-dating\/","title":{"rendered":"Hvad er forskellen mellem Casual Hookup Apps &amp; Mainstream Dating"},"content":{"rendered":"<p>Hvis du leder efter noget afslappet i aften, kan det v\u00e6re en god ide at komme p\u00e5 en tilslutningsapp eller et websted. Der er masser af muligheder derude, men det er vigtigt at vide, hvordan hver enkelt fungerer, og hvad man skal kigge efter, n\u00e5r man v\u00e6lger en datingapp eller et websted.<\/p>\n<h2>Casual Hookup Sites vs. Dating<\/h2>\n<p>I disse dage ser det ud til, at alle \u00f8nsker at m\u00f8de nogen ny. Uanset om du leder efter et seri\u00f8st forhold, en sjov fling eller bare vil krydre dit sexliv, er der masser af m\u00e5der at oprette forbindelse til singler i n\u00e6rheden af dig. Med fremkomsten af mobilteknologi er online dating imidlertid blevet lettere end nogensinde. Der er nu utallige muligheder tilg\u00e6ngelige, herunder Tinder, Bumble, OkCupid, Match, Plenty Of Fish, Zoosk og endda Facebook.<\/p>\n<p>Mange af disse websteder er designet specielt til afslappet dating, <a href=\"http:\/\/chagfordpool.co.uk\/da\/bedste-maader-at-moede-ligesindede-singler-paa\/\">mens tilslutningssider<\/a> henvender sig til dem, der s\u00f8ger kortvarige forhold. Disse websteder giver ofte folk mulighed for at gennemse profiler uden at skulle betale noget p\u00e5 forh\u00e5nd, hvilket g\u00f8r dem perfekte til dem, der \u00f8nsker at pr\u00f8ve noget nyt uden at forpligte sig for mange penge. Ud over at v\u00e6re helt gratis giver afslappede datingsider normalt en masse information om potentielle kampe, s\u00e5som hvor de bor, arbejder og g\u00e5r i skole. Dette hj\u00e6lper med at g\u00f8re det nemt at se, om I ville v\u00e6re et godt match for hinanden eller ej.<\/p>\n<p>P\u00e5 den anden side har tilslutningssteder en tendens til at fokusere mere p\u00e5 fysisk tiltr\u00e6kning. Disse websteder kr\u00e6ver typisk betaling p\u00e5 forh\u00e5nd, men de giver medlemmerne adgang til masser af ekstra funktioner. De kan f.eks. give dig mulighed for at se billeder af den person, du chatter med, sende virtuelle gaver og stille sp\u00f8rgsm\u00e5l om vedkommendes personlighed. De inkluderer normalt ogs\u00e5 messaging-funktionalitet, s\u00e5 du kan chatte med den person, du er blevet matchet med. Selvf\u00f8lgelig er b\u00e5de afslappede datingsider og tilslutningssider gode steder at starte. Hvis du leder efter et langvarigt forhold, vil du sandsynligvis gerne holde dig til en traditionel datingside. P\u00e5 den anden side, hvis du bare leder efter lidt ekstra sp\u00e6nding, kan afslappede datingsider eller tilslutningssider v\u00e6re pr\u00e6cis, hvad du leder efter.<\/p>\n<h2>Top tre grunde til at pr\u00f8ve afslappede tilslutninger<\/h2>\n<h3>Bekvemmelighed<\/h3>\n<p>En af de st\u00f8rste fordele ved online dating er, at det giver dig mulighed for at m\u00f8de potentielle partnere overalt. Du beh\u00f8ver ikke bekymre dig om at blive afvist, fordi du ikke er villig til at tage en chance p\u00e5 nogen. Du kan endda m\u00f8de mennesker fra hele verden. Online dating apps giver dig mulighed for at komme i kontakt med folk, der bor langt v\u00e6k fra dig. Der er ingen grund til nogensinde at g\u00e5 glip af en god mulighed igen.<\/p>\n<h3>Privatliv<\/h3>\n<p>Online datingsider g\u00f8r det nemt at holde tingene afslappet. Du kan gennemse profiler anonymt. S\u00e5 l\u00e6nge du er forsigtig med, hvilke oplysninger du l\u00e6gger derude, beh\u00f8ver du ikke bekymre dig om at blive snydt. Du \u00f8nsker ikke at ende med at bruge penge p\u00e5 noget, der ikke er noget v\u00e6rd. Online dating giver dig friheden til at beslutte, om du vil afsl\u00f8re din identitet.<\/p>\n<h3>Fleksibilitet<\/h3>\n<p>Du kan indstille reglerne for dit spil. Uanset om du v\u00e6lger at g\u00f8re det via tekstbeskeder eller videochats, kan du styre n\u00f8jagtigt, hvor ofte du interagerer med potentielle kampe. Du kan ogs\u00e5 indstille dine pr\u00e6ferencer baseret p\u00e5 alder, k\u00f8n, etnicitet, religion, seksuel orientering osv. N\u00e5r du er klar, kan du blot \u00e6ndre dine indstillinger og begynde at interagere med folk igen.<\/p>\n","protected":false},"excerpt":{"rendered":"<p>Hvis du leder efter noget afslappet i aften, kan det v\u00e6re en god ide at komme p\u00e5 en tilslutningsapp eller et websted. Der er masser [&#8230;]<\/p>\n","protected":false},"author":1,"featured_media":0,"parent":0,"menu_order":0,"comment_status":"closed","ping_status":"closed","template":"","meta":[],"yoast_head":"<!-- This site is optimized with the Yoast SEO plugin v19.2 - https:\/\/yoast.com\/wordpress\/plugins\/seo\/ -->\n<title>Hvad er forskellen mellem Casual Hookup Apps &amp; Mainstream Dating - Anmeldelser af Chag<\/title>\n<meta name=\"robots\" content=\"index, follow, max-snippet:-1, max-image-preview:large, max-video-preview:-1\" \/>\n<link rel=\"canonical\" href=\"https:\/\/chagfordpool.co.uk\/da\/hvad-er-forskellen-mellem-casual-hookup-apps-mainstream-dating\/\" \/>\n<meta property=\"og:locale\" content=\"da_DK\" \/>\n<meta property=\"og:type\" content=\"article\" \/>\n<meta property=\"og:title\" content=\"Hvad er forskellen mellem Casual Hookup Apps &amp; Mainstream Dating - Anmeldelser af Chag\" \/>\n<meta property=\"og:description\" content=\"Hvis du leder efter noget afslappet i aften, kan det v\u00e6re en god ide at komme p\u00e5 en tilslutningsapp eller et websted. Der er masser [...]\" \/>\n<meta property=\"og:url\" content=\"https:\/\/chagfordpool.co.uk\/da\/hvad-er-forskellen-mellem-casual-hookup-apps-mainstream-dating\/\" \/>\n<meta property=\"og:site_name\" content=\"Anmeldelser af Chag\" \/>\n<meta name=\"author\" content=\"Expert Reviews\" \/>\n<meta name=\"twitter:card\" content=\"summary_large_image\" \/>\n<meta name=\"twitter:label1\" content=\"Estimeret l\u00e6setid\" \/>\n\t<meta name=\"twitter:data1\" content=\"3 minutter\" \/>\n<script type=\"application\/ld+json\" class=\"yoast-schema-graph\">{\"@context\":\"https:\/\/schema.org\",\"@graph\":[{\"@type\":\"WebSite\",\"@id\":\"https:\/\/chagfordpool.co.uk\/#website\",\"url\":\"https:\/\/chagfordpool.co.uk\/\",\"name\":\"Anmeldelser af Chag\",\"description\":\"Lokale tilslutningsapps\",\"potentialAction\":[{\"@type\":\"SearchAction\",\"target\":{\"@type\":\"EntryPoint\",\"urlTemplate\":\"https:\/\/chagfordpool.co.uk\/?s={search_term_string}\"},\"query-input\":\"required name=search_term_string\"}],\"inLanguage\":\"da-DK\"},{\"@type\":\"WebPage\",\"@id\":\"https:\/\/chagfordpool.co.uk\/da\/hvad-er-forskellen-mellem-casual-hookup-apps-mainstream-dating\/#webpage\",\"url\":\"https:\/\/chagfordpool.co.uk\/da\/hvad-er-forskellen-mellem-casual-hookup-apps-mainstream-dating\/\",\"name\":\"Hvad er forskellen mellem Casual Hookup Apps &amp; Mainstream Dating - Anmeldelser af Chag\",\"isPartOf\":{\"@id\":\"https:\/\/chagfordpool.co.uk\/#website\"},\"datePublished\":\"2022-07-26T11:33:19+00:00\",\"dateModified\":\"2022-07-26T11:33:19+00:00\",\"breadcrumb\":{\"@id\":\"https:\/\/chagfordpool.co.uk\/da\/hvad-er-forskellen-mellem-casual-hookup-apps-mainstream-dating\/#breadcrumb\"},\"inLanguage\":\"da-DK\",\"potentialAction\":[{\"@type\":\"ReadAction\",\"target\":[\"https:\/\/chagfordpool.co.uk\/da\/hvad-er-forskellen-mellem-casual-hookup-apps-mainstream-dating\/\"]}]},{\"@type\":\"BreadcrumbList\",\"@id\":\"https:\/\/chagfordpool.co.uk\/da\/hvad-er-forskellen-mellem-casual-hookup-apps-mainstream-dating\/#breadcrumb\",\"itemListElement\":[{\"@type\":\"ListItem\",\"position\":1,\"name\":\"Hjem\",\"item\":\"https:\/\/chagfordpool.co.uk\/da\/\"},{\"@type\":\"ListItem\",\"position\":2,\"name\":\"Hvad er forskellen mellem Casual Hookup Apps &amp; Mainstream Dating\"}]}]}<\/script>\n<!-- \/ Yoast SEO plugin. -->","yoast_head_json":{"title":"Hvad er forskellen mellem Casual Hookup Apps &amp; Mainstream Dating - Anmeldelser af Chag","robots":{"index":"index","follow":"follow","max-snippet":"max-snippet:-1","max-image-preview":"max-image-preview:large","max-video-preview":"max-video-preview:-1"},"canonical":"https:\/\/chagfordpool.co.uk\/da\/hvad-er-forskellen-mellem-casual-hookup-apps-mainstream-dating\/","og_locale":"da_DK","og_type":"article","og_title":"Hvad er forskellen mellem Casual Hookup Apps &amp; Mainstream Dating - Anmeldelser af Chag","og_description":"Hvis du leder efter noget afslappet i aften, kan det v\u00e6re en god ide at komme p\u00e5 en tilslutningsapp eller et websted. Der er masser [...]","og_url":"https:\/\/chagfordpool.co.uk\/da\/hvad-er-forskellen-mellem-casual-hookup-apps-mainstream-dating\/","og_site_name":"Anmeldelser af Chag","author":"Expert Reviews","twitter_card":"summary_large_image","twitter_misc":{"Estimeret l\u00e6setid":"3 minutter"},"schema":{"@context":"https:\/\/schema.org","@graph":[{"@type":"WebSite","@id":"https:\/\/chagfordpool.co.uk\/#website","url":"https:\/\/chagfordpool.co.uk\/","name":"Anmeldelser af Chag","description":"Lokale tilslutningsapps","potentialAction":[{"@type":"SearchAction","target":{"@type":"EntryPoint","urlTemplate":"https:\/\/chagfordpool.co.uk\/?s={search_term_string}"},"query-input":"required name=search_term_string"}],"inLanguage":"da-DK"},{"@type":"WebPage","@id":"https:\/\/chagfordpool.co.uk\/da\/hvad-er-forskellen-mellem-casual-hookup-apps-mainstream-dating\/#webpage","url":"https:\/\/chagfordpool.co.uk\/da\/hvad-er-forskellen-mellem-casual-hookup-apps-mainstream-dating\/","name":"Hvad er forskellen mellem Casual Hookup Apps &amp; Mainstream Dating - Anmeldelser af Chag","isPartOf":{"@id":"https:\/\/chagfordpool.co.uk\/#website"},"datePublished":"2022-07-26T11:33:19+00:00","dateModified":"2022-07-26T11:33:19+00:00","breadcrumb":{"@id":"https:\/\/chagfordpool.co.uk\/da\/hvad-er-forskellen-mellem-casual-hookup-apps-mainstream-dating\/#breadcrumb"},"inLanguage":"da-DK","potentialAction":[{"@type":"ReadAction","target":["https:\/\/chagfordpool.co.uk\/da\/hvad-er-forskellen-mellem-casual-hookup-apps-mainstream-dating\/"]}]},{"@type":"BreadcrumbList","@id":"https:\/\/chagfordpool.co.uk\/da\/hvad-er-forskellen-mellem-casual-hookup-apps-mainstream-dating\/#breadcrumb","itemListElement":[{"@type":"ListItem","position":1,"name":"Hjem","item":"https:\/\/chagfordpool.co.uk\/da\/"},{"@type":"ListItem","position":2,"name":"Hvad er forskellen mellem Casual Hookup Apps &amp; Mainstream Dating"}]}]}},"_links":{"self":[{"href":"https:\/\/chagfordpool.co.uk\/da\/wp-json\/wp\/v2\/pages\/225"}],"collection":[{"href":"https:\/\/chagfordpool.co.uk\/da\/wp-json\/wp\/v2\/pages"}],"about":[{"href":"https:\/\/chagfordpool.co.uk\/da\/wp-json\/wp\/v2\/types\/page"}],"author":[{"embeddable":true,"href":"https:\/\/chagfordpool.co.uk\/da\/wp-json\/wp\/v2\/users\/1"}],"replies":[{"embeddable":true,"href":"https:\/\/chagfordpool.co.uk\/da\/wp-json\/wp\/v2\/comments?post=225"}],"version-history":[{"count":0,"href":"https:\/\/chagfordpool.co.uk\/da\/wp-json\/wp\/v2\/pages\/225\/revisions"}],"wp:attachment":[{"href":"https:\/\/chagfordpool.co.uk\/da\/wp-json\/wp\/v2\/media?parent=225"}],"curies":[{"name":"wp","href":"https:\/\/api.w.org\/{rel}","templated":true}]}}