{"id":235,"date":"2022-07-26T12:12:53","date_gmt":"2022-07-26T11:12:53","guid":{"rendered":"http:\/\/chagfordpool.co.uk\/bedste-maader-at-bruge-tilslutninger-til-din-fordel\/"},"modified":"2022-07-26T12:12:53","modified_gmt":"2022-07-26T11:12:53","slug":"bedste-maader-at-bruge-tilslutninger-til-din-fordel","status":"publish","type":"page","link":"https:\/\/chagfordpool.co.uk\/da\/bedste-maader-at-bruge-tilslutninger-til-din-fordel\/","title":{"rendered":"Bedste m\u00e5der at bruge tilslutninger til din fordel"},"content":{"rendered":"<p>Hookups er <a href=\"http:\/\/chagfordpool.co.uk\/da\/lokale-dating-apps\/\">afslappede m\u00f8der<\/a> mellem to mennesker, der ikke n\u00f8dvendigvis er romantisk involveret. Mens tilslutninger er almindelige blandt universitetsstuderende, kan de ogs\u00e5 ske uden for skolen. Tilslutninger er normalt kortsigtede anliggender, der varer alt fra timer til dage.<\/p>\n<p>Mens tilslutninger er sjove, kan de f\u00f8re til problemer ned ad vejen. For eksempel kan tilslutninger skabe f\u00f8lelser af jalousi og usikkerhed, is\u00e6r hvis begge parter stadig ser hinanden efter m\u00f8det.<\/p>\n<p>For at undg\u00e5 disse negative f\u00f8lelser, pr\u00f8v at s\u00e6tte gr\u00e6nser tidligt. Fort\u00e6l din partner pr\u00e6cis, hvad du forventer af forholdet, og hvad du ikke \u00f8nsker skal ske. Husk ogs\u00e5, at tilslutninger bare er en del af livet, s\u00e5 lad dem ikke \u00f8del\u00e6gge dine forhold til venner eller familiemedlemmer.<\/p>\n<h2>Skal du m\u00f8de folk i din lokale er?<\/h2>\n<p>Der er masser af steder online, hvor du kan m\u00f8de nogen, der \u00f8nsker at tilslutte sig. Men det kan v\u00e6re sv\u00e6rt at finde et <a href=\"http:\/\/chagfordpool.co.uk\/da\/saadan-finder-du-ud-af-om-han-vil-have-dig\/\">lokalt match<\/a> . Derfor betaler det sig at l\u00e6re at hente kvinder p\u00e5 barer og klubber.<\/p>\n<p>P\u00e5 den anden side kan du f\u00e5 \u00f8je p\u00e5 kvinder, der virkelig er interesserede i at m\u00f8de m\u00e6nd. I stedet for at bruge deres tid p\u00e5 at tale med venner eller tjekke deres telefoner, er de fokuseret p\u00e5 at f\u00e5 \u00f8jenkontakt med potentielle partnere.<\/p>\n<p>S\u00e5 n\u00e6ste gang du er ude, skal du kigge efter tegn, der angiver, om nogen er interesseret i at m\u00f8de en anden. N\u00e5r du bem\u00e6rker en kvinde, der stirrer intenst ind i sin drink, kan hun t\u00e6nke p\u00e5 at m\u00f8de nogen. Eller hvis en fyr st\u00e5r alene, kan han spekulere p\u00e5, om han ville v\u00e6re i stand til at score et hurtigt lay.<\/p>\n<p>Hookups er afslappede m\u00f8der mellem to fremmede, der m\u00f8des online. Disse m\u00f8der sker normalt via apps som Tinder, Bumble, Grindr osv., Og kan f\u00f8re til sex. Tilslutninger er popul\u00e6re blandt b\u00e5de singler og par, men de er ikke altid sikre.<\/p>\n<h2>Spil det cool &#8211; S\u00e5dan f\u00e5r du fyren til at komme til dig<\/h2>\n<p>Drilleri er den nemmeste m\u00e5de at f\u00e5 en fyr til at v\u00e6re ivrig og \u00f8nsker at tilslutte sig.<\/p>\n<p>Der er flere forskellige typer drilleri, herunder munter drilleri, legende drilleri og seksuel drilleri. Hver type drilleri kr\u00e6ver en lidt anden tilgang, men m\u00e5let er altid det samme: at t\u00e6nde en fyr.<\/p>\n<p>Munter drilleri udf\u00f8res normalt i sp\u00f8g og involverer at g\u00f8re grin med nogen eller spille deres personlighedstr\u00e6k af. Legende drillerier ligner muntert drilleri, bortset fra at det er meningen, at det skal v\u00e6re humoristisk snarere end s\u00e5rende. Seksuel drilleri er den mest direkte form for drilleri og involverer flirt med en fyr i h\u00e5b om at t\u00e6nde ham.<\/p>\n<p>Det er vigtigt at huske, at drilleri kun er en del af forf\u00f8relsen. Drilleri er en fantastisk m\u00e5de at opbygge attraktion p\u00e5, men det b\u00f8r ikke bruges som erstatning for andre former for smiger. S\u00e5 l\u00e6nge du er oprigtig, kan drilleri f\u00f8re til et vellykket forhold.<\/p>\n<h3>Giv komplimenter<\/h3>\n<p>Komplimenter er en fantastisk m\u00e5de at komplimentere en fyrs udseende, personlighed eller stil p\u00e5. Og glem ikke at n\u00e6vne andre fyre, der fanger din opm\u00e6rksomhed.<\/p>\n<h3>Vis dine aktiver frem<\/h3>\n<p>Kvinder foretr\u00e6kker typisk m\u00e6nd med st\u00e6rke kroppe, s\u00e5 hvis du fors\u00f8ger at tiltr\u00e6kke en fyr, skal du s\u00f8rge for at vise din krop frem.<\/p>\n<h3>Spil spil<\/h3>\n<p>Spil er en anden sjov m\u00e5de at flirte med en fyr p\u00e5. Pr\u00f8v at spille et spil, hvor I konkurrerer mod hinanden for at se, hvem der f\u00e5r lov til at kysse ham f\u00f8rst. Eller spil en g\u00e6tteleg, hvor du g\u00e6tter, hvad han kan lide ud fra hans svar.<\/p>\n<p>Husk, at drilleri kun er en del af flirten. Flirt involverer meget mere end drilleri. Du kan for eksempel sp\u00f8rge ham om hans interesser, dele historier om dig selv eller invitere ham til at h\u00e6nge ud med dig.<\/p>\n","protected":false},"excerpt":{"rendered":"<p>Hookups er afslappede m\u00f8der mellem to mennesker, der ikke n\u00f8dvendigvis er romantisk involveret. Mens tilslutninger er almindelige blandt universitetsstuderende, kan de ogs\u00e5 ske uden for [&#8230;]<\/p>\n","protected":false},"author":1,"featured_media":126,"parent":0,"menu_order":0,"comment_status":"closed","ping_status":"closed","template":"","meta":[],"yoast_head":"<!-- This site is optimized with the Yoast SEO plugin v19.2 - https:\/\/yoast.com\/wordpress\/plugins\/seo\/ -->\n<title>Bedste m\u00e5der at bruge tilslutninger til din fordel - Anmeldelser af Chag<\/title>\n<meta name=\"robots\" content=\"index, follow, max-snippet:-1, max-image-preview:large, max-video-preview:-1\" \/>\n<link rel=\"canonical\" href=\"https:\/\/chagfordpool.co.uk\/da\/bedste-maader-at-bruge-tilslutninger-til-din-fordel\/\" \/>\n<meta property=\"og:locale\" content=\"da_DK\" \/>\n<meta property=\"og:type\" content=\"article\" \/>\n<meta property=\"og:title\" content=\"Bedste m\u00e5der at bruge tilslutninger til din fordel - Anmeldelser af Chag\" \/>\n<meta property=\"og:description\" content=\"Hookups er afslappede m\u00f8der mellem to mennesker, der ikke n\u00f8dvendigvis er romantisk involveret. Mens tilslutninger er almindelige blandt universitetsstuderende, kan de ogs\u00e5 ske uden for [...]\" \/>\n<meta property=\"og:url\" content=\"https:\/\/chagfordpool.co.uk\/da\/bedste-maader-at-bruge-tilslutninger-til-din-fordel\/\" \/>\n<meta property=\"og:site_name\" content=\"Anmeldelser af Chag\" \/>\n<meta property=\"og:image\" content=\"https:\/\/chagfordpool.co.uk\/wp-content\/uploads\/2022\/07\/online-chatrooms.jpeg\" \/>\n\t<meta property=\"og:image:width\" content=\"500\" \/>\n\t<meta property=\"og:image:height\" content=\"332\" \/>\n\t<meta property=\"og:image:type\" content=\"image\/jpeg\" \/>\n<meta name=\"author\" content=\"Expert Reviews\" \/>\n<meta name=\"twitter:card\" content=\"summary_large_image\" \/>\n<meta name=\"twitter:label1\" content=\"Estimeret l\u00e6setid\" \/>\n\t<meta name=\"twitter:data1\" content=\"3 minutter\" \/>\n<script type=\"application\/ld+json\" class=\"yoast-schema-graph\">{\"@context\":\"https:\/\/schema.org\",\"@graph\":[{\"@type\":\"WebSite\",\"@id\":\"https:\/\/chagfordpool.co.uk\/#website\",\"url\":\"https:\/\/chagfordpool.co.uk\/\",\"name\":\"Anmeldelser af Chag\",\"description\":\"Lokale tilslutningsapps\",\"potentialAction\":[{\"@type\":\"SearchAction\",\"target\":{\"@type\":\"EntryPoint\",\"urlTemplate\":\"https:\/\/chagfordpool.co.uk\/?s={search_term_string}\"},\"query-input\":\"required name=search_term_string\"}],\"inLanguage\":\"da-DK\"},{\"@type\":\"ImageObject\",\"inLanguage\":\"da-DK\",\"@id\":\"https:\/\/chagfordpool.co.uk\/da\/bedste-maader-at-bruge-tilslutninger-til-din-fordel\/#primaryimage\",\"url\":\"https:\/\/chagfordpool.co.uk\/wp-content\/uploads\/2022\/07\/online-chatrooms.jpeg\",\"contentUrl\":\"https:\/\/chagfordpool.co.uk\/wp-content\/uploads\/2022\/07\/online-chatrooms.jpeg\",\"width\":500,\"height\":332},{\"@type\":\"WebPage\",\"@id\":\"https:\/\/chagfordpool.co.uk\/da\/bedste-maader-at-bruge-tilslutninger-til-din-fordel\/#webpage\",\"url\":\"https:\/\/chagfordpool.co.uk\/da\/bedste-maader-at-bruge-tilslutninger-til-din-fordel\/\",\"name\":\"Bedste m\u00e5der at bruge tilslutninger til din fordel - Anmeldelser af Chag\",\"isPartOf\":{\"@id\":\"https:\/\/chagfordpool.co.uk\/#website\"},\"primaryImageOfPage\":{\"@id\":\"https:\/\/chagfordpool.co.uk\/da\/bedste-maader-at-bruge-tilslutninger-til-din-fordel\/#primaryimage\"},\"datePublished\":\"2022-07-26T11:12:53+00:00\",\"dateModified\":\"2022-07-26T11:12:53+00:00\",\"breadcrumb\":{\"@id\":\"https:\/\/chagfordpool.co.uk\/da\/bedste-maader-at-bruge-tilslutninger-til-din-fordel\/#breadcrumb\"},\"inLanguage\":\"da-DK\",\"potentialAction\":[{\"@type\":\"ReadAction\",\"target\":[\"https:\/\/chagfordpool.co.uk\/da\/bedste-maader-at-bruge-tilslutninger-til-din-fordel\/\"]}]},{\"@type\":\"BreadcrumbList\",\"@id\":\"https:\/\/chagfordpool.co.uk\/da\/bedste-maader-at-bruge-tilslutninger-til-din-fordel\/#breadcrumb\",\"itemListElement\":[{\"@type\":\"ListItem\",\"position\":1,\"name\":\"Hjem\",\"item\":\"https:\/\/chagfordpool.co.uk\/da\/\"},{\"@type\":\"ListItem\",\"position\":2,\"name\":\"Bedste m\u00e5der at bruge tilslutninger til din fordel\"}]}]}<\/script>\n<!-- \/ Yoast SEO plugin. -->","yoast_head_json":{"title":"Bedste m\u00e5der at bruge tilslutninger til din fordel - Anmeldelser af Chag","robots":{"index":"index","follow":"follow","max-snippet":"max-snippet:-1","max-image-preview":"max-image-preview:large","max-video-preview":"max-video-preview:-1"},"canonical":"https:\/\/chagfordpool.co.uk\/da\/bedste-maader-at-bruge-tilslutninger-til-din-fordel\/","og_locale":"da_DK","og_type":"article","og_title":"Bedste m\u00e5der at bruge tilslutninger til din fordel - Anmeldelser af Chag","og_description":"Hookups er afslappede m\u00f8der mellem to mennesker, der ikke n\u00f8dvendigvis er romantisk involveret. Mens tilslutninger er almindelige blandt universitetsstuderende, kan de ogs\u00e5 ske uden for [...]","og_url":"https:\/\/chagfordpool.co.uk\/da\/bedste-maader-at-bruge-tilslutninger-til-din-fordel\/","og_site_name":"Anmeldelser af Chag","og_image":[{"width":500,"height":332,"url":"https:\/\/chagfordpool.co.uk\/wp-content\/uploads\/2022\/07\/online-chatrooms.jpeg","type":"image\/jpeg"}],"author":"Expert Reviews","twitter_card":"summary_large_image","twitter_misc":{"Estimeret l\u00e6setid":"3 minutter"},"schema":{"@context":"https:\/\/schema.org","@graph":[{"@type":"WebSite","@id":"https:\/\/chagfordpool.co.uk\/#website","url":"https:\/\/chagfordpool.co.uk\/","name":"Anmeldelser af Chag","description":"Lokale tilslutningsapps","potentialAction":[{"@type":"SearchAction","target":{"@type":"EntryPoint","urlTemplate":"https:\/\/chagfordpool.co.uk\/?s={search_term_string}"},"query-input":"required name=search_term_string"}],"inLanguage":"da-DK"},{"@type":"ImageObject","inLanguage":"da-DK","@id":"https:\/\/chagfordpool.co.uk\/da\/bedste-maader-at-bruge-tilslutninger-til-din-fordel\/#primaryimage","url":"https:\/\/chagfordpool.co.uk\/wp-content\/uploads\/2022\/07\/online-chatrooms.jpeg","contentUrl":"https:\/\/chagfordpool.co.uk\/wp-content\/uploads\/2022\/07\/online-chatrooms.jpeg","width":500,"height":332},{"@type":"WebPage","@id":"https:\/\/chagfordpool.co.uk\/da\/bedste-maader-at-bruge-tilslutninger-til-din-fordel\/#webpage","url":"https:\/\/chagfordpool.co.uk\/da\/bedste-maader-at-bruge-tilslutninger-til-din-fordel\/","name":"Bedste m\u00e5der at bruge tilslutninger til din fordel - Anmeldelser af Chag","isPartOf":{"@id":"https:\/\/chagfordpool.co.uk\/#website"},"primaryImageOfPage":{"@id":"https:\/\/chagfordpool.co.uk\/da\/bedste-maader-at-bruge-tilslutninger-til-din-fordel\/#primaryimage"},"datePublished":"2022-07-26T11:12:53+00:00","dateModified":"2022-07-26T11:12:53+00:00","breadcrumb":{"@id":"https:\/\/chagfordpool.co.uk\/da\/bedste-maader-at-bruge-tilslutninger-til-din-fordel\/#breadcrumb"},"inLanguage":"da-DK","potentialAction":[{"@type":"ReadAction","target":["https:\/\/chagfordpool.co.uk\/da\/bedste-maader-at-bruge-tilslutninger-til-din-fordel\/"]}]},{"@type":"BreadcrumbList","@id":"https:\/\/chagfordpool.co.uk\/da\/bedste-maader-at-bruge-tilslutninger-til-din-fordel\/#breadcrumb","itemListElement":[{"@type":"ListItem","position":1,"name":"Hjem","item":"https:\/\/chagfordpool.co.uk\/da\/"},{"@type":"ListItem","position":2,"name":"Bedste m\u00e5der at bruge tilslutninger til din fordel"}]}]}},"_links":{"self":[{"href":"https:\/\/chagfordpool.co.uk\/da\/wp-json\/wp\/v2\/pages\/235"}],"collection":[{"href":"https:\/\/chagfordpool.co.uk\/da\/wp-json\/wp\/v2\/pages"}],"about":[{"href":"https:\/\/chagfordpool.co.uk\/da\/wp-json\/wp\/v2\/types\/page"}],"author":[{"embeddable":true,"href":"https:\/\/chagfordpool.co.uk\/da\/wp-json\/wp\/v2\/users\/1"}],"replies":[{"embeddable":true,"href":"https:\/\/chagfordpool.co.uk\/da\/wp-json\/wp\/v2\/comments?post=235"}],"version-history":[{"count":0,"href":"https:\/\/chagfordpool.co.uk\/da\/wp-json\/wp\/v2\/pages\/235\/revisions"}],"wp:featuredmedia":[{"embeddable":true,"href":"https:\/\/chagfordpool.co.uk\/da\/wp-json\/wp\/v2\/media\/126"}],"wp:attachment":[{"href":"https:\/\/chagfordpool.co.uk\/da\/wp-json\/wp\/v2\/media?parent=235"}],"curies":[{"name":"wp","href":"https:\/\/api.w.org\/{rel}","templated":true}]}}