{"id":157,"date":"2022-07-26T11:31:46","date_gmt":"2022-07-26T10:31:46","guid":{"rendered":"http:\/\/chagfordpool.co.uk\/lokaler-dating-experte-unsere-top-tipps-fuer-die-liebe\/"},"modified":"2022-08-15T19:50:31","modified_gmt":"2022-08-15T18:50:31","slug":"lokaler-dating-experte-unsere-top-tipps-fuer-die-liebe","status":"publish","type":"page","link":"https:\/\/chagfordpool.co.uk\/de\/","title":{"rendered":"Lokaler Dating-Experte: Unsere Top-Tipps f\u00fcr die Liebe"},"content":{"rendered":"<p>Die Welt, in der wir heute leben, hat sich durch COVID-19 f\u00fcr immer ver\u00e4ndert. Wir haben gesehen, wie Technologie uns w\u00e4hrend dieser Pandemie geholfen hat, und jetzt wollen wir Ihnen helfen, die Liebe wieder zu finden.<\/p>\n<p>Es gibt Hunderte von Online-Dating-Apps, aber was macht eine besser als andere? Was bringt einen dazu, sich von den anderen abzuheben? Ist es das Design? Oder sind es die Features?<\/p>\n<p>Wir haben jede der beliebtesten Dating-Apps genommen, um zu sehen, wie <a href=\"https:\/\/www.jerkoffforme.com\/de\/gay-cam-seiten\/\">gay cam page<\/a> gut sie wirklich sind. Von der Anzahl der Mitglieder \u00fcber die Anzahl der \u00dcbereinstimmungen bis hin zur Gesamtqualit\u00e4t der Erfahrung haben wir jede einzelne App basierend auf unseren Ergebnissen eingestuft.<\/p>\n<p>Egal, ob Sie nach einer ernsthaften Beziehung oder einfach nur nach lustigen Dates suchen, hier sind die besten Dating-Apps von 2022.<\/p>\n<h2>Unsere Top Drei Tipps f\u00fcr Dating<\/h2>\n<p>Es gibt viele verschiedene Arten von Dating-Sites, die jeweils auf spezifische Bed\u00fcrfnisse zugeschnitten sind. Manche Leute wollen Leute nur zum Spa\u00df treffen, w\u00e4hrend andere nach ernsthaften Beziehungen suchen. Wenn Sie daran interessiert sind, Leute online zu treffen, hilft es zu wissen, welche Art von Website Sie verwenden sollten. Hier sind drei beliebte <a href=\"https:\/\/www.nsa-hookup.net\/de\/kostenlose-sexspiele-keine-kreditkarte\/\">NSA-Hookup.net<\/a> und wie sie sich voneinander unterscheiden.<\/p>\n<h3>OkCupid<\/h3>\n<p>OkCupid ist wahrscheinlich die bekannteste Hookup-Site da drau\u00dfen. Es verf\u00fcgt \u00fcber mehr als 40 Millionen aktive Mitglieder weltweit und ist damit eine der gr\u00f6\u00dften Dating-Plattformen, die es gibt. Auf der Website k\u00f6nnen Sie sich kostenlos anmelden und Profile nach Standort, Alter, Beziehungsstatus, Geschlecht, ethnischer Zugeh\u00f6rigkeit, Religion, Bildungsniveau, Job, K\u00f6rpertyp, Gr\u00f6\u00dfe, Haarfarbe und vielem mehr durchsuchen. Es gibt sogar spezielle Abschnitte, in denen Sie nach Personen mit \u00e4hnlichen Interessen filtern k\u00f6nnen. Sie k\u00f6nnen Nachrichten senden, chatten und Termine mit jedem in der N\u00e4he vereinbaren.<\/p>\n<h3>Zunder<\/h3>\n<p>Tinder ist definitiv ein j\u00fcngeres Publikum im Vergleich zu OkCupid. Es ist am besten daf\u00fcr bekannt, die <a href=\"https:\/\/www.fucksites.net\/de\/kostenloses-sexting-in-meiner-naehe\/\">sext free<\/a> App zu sein, die verwendet wird, um bei potenziellen \u00dcbereinstimmungen nach links oder rechts zu wischen. Benutzer k\u00f6nnen Pr\u00e4ferenzen festlegen, z. B. ob sie Fotos potenzieller Partner sehen m\u00f6chten oder nicht, und bestimmte Kriterien ausw\u00e4hlen, nach denen sie suchen, einschlie\u00dflich Rasse, Religion, sexueller Orientierung und mehr. Sobald du eine \u00dcbereinstimmung gefunden hast, kannst du entweder weiter chatten oder zur n\u00e4chsten Person wechseln.<\/p>\n<h3>VieleVieleFische<\/h3>\n<p>PlentyOfFish konzentriert sich etwas weniger auf Romantik und viel mehr auf Sex. In der Tat ist es die weltweit gr\u00f6\u00dfte Dating-Site f\u00fcr erwachsene Singles. Mit \u00fcber 50 Millionen registrierten Nutzern richtet sich PlentyOfFish speziell an Erwachsene, die diskrete Angelegenheiten suchen. Dazu geh\u00f6ren diejenigen, die nach Paaren, Dreiern, Vierern und suchen. Alles, was Sie tun m\u00fcssen, ist, ein Profil mit grundlegenden Informationen auszuf\u00fcllen, ein Foto hochzuladen und mit dem Wischen zu beginnen.<\/p>\n<h2>So w\u00e4hlen Sie die besten Hookup-Apps aus<\/h2>\n<p><img loading=\"lazy\" class=\"size-large wp-image-53 aligncenter\" src=\"http:\/\/chagfordpool.co.uk\/wp-content\/uploads\/2022\/07\/local-chat-apps-for-dating-1024x734.webp\" alt=\"\" width=\"784\" height=\"562\" srcset=\"https:\/\/chagfordpool.co.uk\/wp-content\/uploads\/2022\/07\/local-chat-apps-for-dating-1024x734.webp 1024w, https:\/\/chagfordpool.co.uk\/wp-content\/uploads\/2022\/07\/local-chat-apps-for-dating-300x215.webp 300w, https:\/\/chagfordpool.co.uk\/wp-content\/uploads\/2022\/07\/local-chat-apps-for-dating-768x551.webp 768w, https:\/\/chagfordpool.co.uk\/wp-content\/uploads\/2022\/07\/local-chat-apps-for-dating.webp 1046w\" sizes=\"(max-width: 784px) 100vw, 784px\" \/><\/p>\n<p>In der heutigen Welt m\u00f6chte jeder online Liebe finden. Es gibt viele Dating-Apps da drau\u00dfen, von denen jede behauptet, besser zu sein als andere.<\/p>\n<p>Wir glauben jedoch, dass Sie nicht stundenlang Profile auf Hunderten von verschiedenen Websites durchsuchen m\u00fcssen, nur um jemanden zu finden, der kompatibel ist. Sie k\u00f6nnen alles in einer einzigen App erledigen.<\/p>\n<p>Also, was macht eine gute Dating-App aus? Hier sind einige Funktionen, die den perfekten Matchmaker ausmachen:<\/p>\n<h3>Wonach suchen Sie?<\/h3>\n<p>Werfen? Langfristig? Eine geheime Angelegenheit?<\/p>\n<p>Das erste, was Sie tun m\u00f6chten, ist herauszufinden, welche Art von Person Sie suchen. Egal, ob Sie nach einem Freund, Liebhaber, Partner oder etwas ganz anderem suchen <a href=\"https:\/\/www.sextchat.net\/de\/live-voyeur-cams-seiten\/\">voyeur cams live<\/a>, zu wissen, wonach Sie im Voraus suchen, kann Ihnen viel Kummer auf der Stra\u00dfe ersparen. Wenn Sie zum Beispiel nach einem romantischen Partner suchen, m\u00f6chten Sie Ihre Zeit nicht damit verschwenden, zuf\u00e4llige Fremde online zu chatten. Stattdessen sollten Sie sich darauf konzentrieren, Gleichgesinnte zu finden, die daran interessiert sind, andere mit \u00e4hnlichen Zielen zu treffen.<\/p>\n<p>Sobald Sie herausgefunden haben, wonach Sie suchen, ist es an der Zeit zu entscheiden, wo Sie potenzielle Partner treffen m\u00f6chten. Es stehen Ihnen zahlreiche Optionen zur Verf\u00fcgung, darunter die folgenden:<\/p>\n<p>\u2022 Online-Dating-Sites und Apps<\/p>\n<p>\u2022 Social-Media-Plattformen<\/p>\n<p>\u2022 Treffen<\/p>\n<p>\u2022 Lokale Bars\/Clubs<\/p>\n<h3>Funktionen<\/h3>\n<p>Die besten Online-Dating-Sites bieten viele Funktionen und Optionen, um Sie zu besch\u00e4ftigen. Sie k\u00f6nnen Profile nach Standort, Altersgruppe, Beziehungstyp, Geschlecht usw. durchsuchen und \u00dcbereinstimmungen basierend auf diesen Pr\u00e4ferenzen filtern. Bei einigen k\u00f6nnen Sie sogar E-Mail-Benachrichtigungen einrichten, um Sie zu benachrichtigen, wenn Ihnen jemand eine Nachricht sendet.<\/p>\n<p>Sie k\u00f6nnen Filter verwenden, um potenzielle Partner basierend auf Kriterien wie Religion, ethnischer Zugeh\u00f6rigkeit, Gr\u00f6\u00dfe, K\u00f6rpertyp, Interessen usw. einzugrenzen. Sie k\u00f6nnen Suchvorg\u00e4nge auch speichern, um sp\u00e4ter darauf zugreifen zu k\u00f6nnen.<\/p>\n<p>Einige Apps bieten zus\u00e4tzliche Funktionen wie Chatrooms, in denen Sie mit Menschen interagieren k\u00f6nnen, Videoanrufe, Gruppenchats und Foren, in denen Sie Themen im Zusammenhang mit Liebe und Beziehungen diskutieren k\u00f6nnen.<\/p>\n<p>Die meisten dieser Apps berechnen monatliche Geb\u00fchren zwischen 10 und 50 US-Dollar. Es gibt jedoch auch kostenlose Versionen der meisten Apps. Schauen Sie sich also unsere Liste der besten Dating-Apps f\u00fcr Android und iOS an, um zu sehen, welche Ihren Bed\u00fcrfnissen entsprechen.<\/p>\n<h3>Funktionen &#8211; Wischen? Eheanbahnung?<\/h3>\n<p>Wenn es um Online-Dating-Apps geht, gibt es einige Dinge, die Sie einfach nicht tun sollten. Wischen Sie beispielsweise nicht nach links oder rechts, ohne das Profil zu lesen. Oder versuchen Sie nicht, in Gespr\u00e4che mit jemand anderem zu springen, weil Sie sich langweilen. Und senden Sie definitiv keine Nachrichten an Fremde.<\/p>\n<p>Aber w\u00e4hrend die meisten Menschen diese Regeln kennen, machen viele immer noch Fehler. Sie denken vielleicht, dass der beste Weg, peinliche Fehler zu vermeiden, darin besteht, sich ausschlie\u00dflich an eine App zu halten. Aber in Wirklichkeit ist die beste Strategie, verschiedene Apps zu mischen. Auf diese Weise k\u00f6nnen Sie kompatible \u00dcbereinstimmungen auf mehreren Plattformen finden und es einfacher machen, den \u00dcberblick \u00fcber Daten zu behalten. Au\u00dferdem werden Sie nicht das Gef\u00fchl haben, etwas Wichtiges zu verpassen.<\/p>\n<p>Wenn du zum Beispiel mit jemandem, den du auf Tinder getroffen hast, auf ein Date gehen m\u00f6chtest, k\u00f6nntest du zu Bumble wechseln. Wenn Sie es vorziehen, mit jemandem zu chatten, dem Sie auf OkCupid Nachrichten geschickt haben, k\u00f6nnen Sie dorthin wechseln. Und wenn Sie lieber mit jemandem von PlentyOfFish sprechen m\u00f6chten, k\u00f6nnen Sie auf Hinge springen.<\/p>\n","protected":false},"excerpt":{"rendered":"<p>Die Welt, in der wir heute leben, hat sich durch COVID-19 f\u00fcr immer ver\u00e4ndert. Wir haben gesehen, wie Technologie uns w\u00e4hrend dieser Pandemie geholfen hat, [&#8230;]<\/p>\n","protected":false},"author":1,"featured_media":89,"parent":0,"menu_order":0,"comment_status":"closed","ping_status":"closed","template":"","meta":[],"yoast_head":"<!-- This site is optimized with the Yoast SEO plugin v19.2 - https:\/\/yoast.com\/wordpress\/plugins\/seo\/ -->\n<title>Lokaler Dating-Experte: Unsere Top-Tipps f\u00fcr die Liebe - Chag Bewertungen<\/title>\n<meta name=\"robots\" content=\"index, follow, max-snippet:-1, max-image-preview:large, max-video-preview:-1\" \/>\n<link rel=\"canonical\" href=\"https:\/\/chagfordpool.co.uk\/de\/\" \/>\n<meta property=\"og:locale\" content=\"de_DE\" \/>\n<meta property=\"og:type\" content=\"article\" \/>\n<meta property=\"og:title\" content=\"Lokaler Dating-Experte: Unsere Top-Tipps f\u00fcr die Liebe - Chag Bewertungen\" \/>\n<meta property=\"og:description\" content=\"Die Welt, in der wir heute leben, hat sich durch COVID-19 f\u00fcr immer ver\u00e4ndert. Wir haben gesehen, wie Technologie uns w\u00e4hrend dieser Pandemie geholfen hat, [...]\" \/>\n<meta property=\"og:url\" content=\"https:\/\/chagfordpool.co.uk\/de\/\" \/>\n<meta property=\"og:site_name\" content=\"Chag Bewertungen\" \/>\n<meta property=\"article:modified_time\" content=\"2022-08-15T18:50:31+00:00\" \/>\n<meta property=\"og:image\" content=\"https:\/\/chagfordpool.co.uk\/wp-content\/uploads\/2022\/07\/match-dating-websites.jpeg\" \/>\n\t<meta property=\"og:image:width\" content=\"500\" \/>\n\t<meta property=\"og:image:height\" content=\"333\" \/>\n\t<meta property=\"og:image:type\" content=\"image\/jpeg\" \/>\n<meta name=\"author\" content=\"Expert Reviews\" \/>\n<meta name=\"twitter:card\" content=\"summary_large_image\" \/>\n<meta name=\"twitter:label1\" content=\"Gesch\u00e4tzte Lesezeit\" \/>\n\t<meta name=\"twitter:data1\" content=\"5\u00a0Minuten\" \/>\n<script type=\"application\/ld+json\" class=\"yoast-schema-graph\">{\"@context\":\"https:\/\/schema.org\",\"@graph\":[{\"@type\":\"WebSite\",\"@id\":\"https:\/\/chagfordpool.co.uk\/#website\",\"url\":\"https:\/\/chagfordpool.co.uk\/\",\"name\":\"Chag Bewertungen\",\"description\":\"Lokale Hookup-Apps\",\"potentialAction\":[{\"@type\":\"SearchAction\",\"target\":{\"@type\":\"EntryPoint\",\"urlTemplate\":\"https:\/\/chagfordpool.co.uk\/?s={search_term_string}\"},\"query-input\":\"required name=search_term_string\"}],\"inLanguage\":\"de\"},{\"@type\":\"ImageObject\",\"inLanguage\":\"de\",\"@id\":\"https:\/\/chagfordpool.co.uk\/de\/#primaryimage\",\"url\":\"https:\/\/chagfordpool.co.uk\/wp-content\/uploads\/2022\/07\/match-dating-websites.jpeg\",\"contentUrl\":\"https:\/\/chagfordpool.co.uk\/wp-content\/uploads\/2022\/07\/match-dating-websites.jpeg\",\"width\":500,\"height\":333},{\"@type\":\"WebPage\",\"@id\":\"https:\/\/chagfordpool.co.uk\/de\/#webpage\",\"url\":\"https:\/\/chagfordpool.co.uk\/de\/\",\"name\":\"Lokaler Dating-Experte: Unsere Top-Tipps f\u00fcr die Liebe - Chag Bewertungen\",\"isPartOf\":{\"@id\":\"https:\/\/chagfordpool.co.uk\/#website\"},\"primaryImageOfPage\":{\"@id\":\"https:\/\/chagfordpool.co.uk\/de\/#primaryimage\"},\"datePublished\":\"2022-07-26T10:31:46+00:00\",\"dateModified\":\"2022-08-15T18:50:31+00:00\",\"breadcrumb\":{\"@id\":\"https:\/\/chagfordpool.co.uk\/de\/#breadcrumb\"},\"inLanguage\":\"de\",\"potentialAction\":[{\"@type\":\"ReadAction\",\"target\":[\"https:\/\/chagfordpool.co.uk\/de\/\"]}]},{\"@type\":\"BreadcrumbList\",\"@id\":\"https:\/\/chagfordpool.co.uk\/de\/#breadcrumb\",\"itemListElement\":[{\"@type\":\"ListItem\",\"position\":1,\"name\":\"Heim\",\"item\":\"https:\/\/chagfordpool.co.uk\/de\/\"},{\"@type\":\"ListItem\",\"position\":2,\"name\":\"Lokaler Dating-Experte: Unsere Top-Tipps f\u00fcr die Liebe\"}]}]}<\/script>\n<!-- \/ Yoast SEO plugin. -->","yoast_head_json":{"title":"Lokaler Dating-Experte: Unsere Top-Tipps f\u00fcr die Liebe - Chag Bewertungen","robots":{"index":"index","follow":"follow","max-snippet":"max-snippet:-1","max-image-preview":"max-image-preview:large","max-video-preview":"max-video-preview:-1"},"canonical":"https:\/\/chagfordpool.co.uk\/de\/","og_locale":"de_DE","og_type":"article","og_title":"Lokaler Dating-Experte: Unsere Top-Tipps f\u00fcr die Liebe - Chag Bewertungen","og_description":"Die Welt, in der wir heute leben, hat sich durch COVID-19 f\u00fcr immer ver\u00e4ndert. Wir haben gesehen, wie Technologie uns w\u00e4hrend dieser Pandemie geholfen hat, [...]","og_url":"https:\/\/chagfordpool.co.uk\/de\/","og_site_name":"Chag Bewertungen","article_modified_time":"2022-08-15T18:50:31+00:00","og_image":[{"width":500,"height":333,"url":"https:\/\/chagfordpool.co.uk\/wp-content\/uploads\/2022\/07\/match-dating-websites.jpeg","type":"image\/jpeg"}],"author":"Expert Reviews","twitter_card":"summary_large_image","twitter_misc":{"Gesch\u00e4tzte Lesezeit":"5\u00a0Minuten"},"schema":{"@context":"https:\/\/schema.org","@graph":[{"@type":"WebSite","@id":"https:\/\/chagfordpool.co.uk\/#website","url":"https:\/\/chagfordpool.co.uk\/","name":"Chag Bewertungen","description":"Lokale Hookup-Apps","potentialAction":[{"@type":"SearchAction","target":{"@type":"EntryPoint","urlTemplate":"https:\/\/chagfordpool.co.uk\/?s={search_term_string}"},"query-input":"required name=search_term_string"}],"inLanguage":"de"},{"@type":"ImageObject","inLanguage":"de","@id":"https:\/\/chagfordpool.co.uk\/de\/#primaryimage","url":"https:\/\/chagfordpool.co.uk\/wp-content\/uploads\/2022\/07\/match-dating-websites.jpeg","contentUrl":"https:\/\/chagfordpool.co.uk\/wp-content\/uploads\/2022\/07\/match-dating-websites.jpeg","width":500,"height":333},{"@type":"WebPage","@id":"https:\/\/chagfordpool.co.uk\/de\/#webpage","url":"https:\/\/chagfordpool.co.uk\/de\/","name":"Lokaler Dating-Experte: Unsere Top-Tipps f\u00fcr die Liebe - Chag Bewertungen","isPartOf":{"@id":"https:\/\/chagfordpool.co.uk\/#website"},"primaryImageOfPage":{"@id":"https:\/\/chagfordpool.co.uk\/de\/#primaryimage"},"datePublished":"2022-07-26T10:31:46+00:00","dateModified":"2022-08-15T18:50:31+00:00","breadcrumb":{"@id":"https:\/\/chagfordpool.co.uk\/de\/#breadcrumb"},"inLanguage":"de","potentialAction":[{"@type":"ReadAction","target":["https:\/\/chagfordpool.co.uk\/de\/"]}]},{"@type":"BreadcrumbList","@id":"https:\/\/chagfordpool.co.uk\/de\/#breadcrumb","itemListElement":[{"@type":"ListItem","position":1,"name":"Heim","item":"https:\/\/chagfordpool.co.uk\/de\/"},{"@type":"ListItem","position":2,"name":"Lokaler Dating-Experte: Unsere Top-Tipps f\u00fcr die Liebe"}]}]}},"_links":{"self":[{"href":"https:\/\/chagfordpool.co.uk\/de\/wp-json\/wp\/v2\/pages\/157"}],"collection":[{"href":"https:\/\/chagfordpool.co.uk\/de\/wp-json\/wp\/v2\/pages"}],"about":[{"href":"https:\/\/chagfordpool.co.uk\/de\/wp-json\/wp\/v2\/types\/page"}],"author":[{"embeddable":true,"href":"https:\/\/chagfordpool.co.uk\/de\/wp-json\/wp\/v2\/users\/1"}],"replies":[{"embeddable":true,"href":"https:\/\/chagfordpool.co.uk\/de\/wp-json\/wp\/v2\/comments?post=157"}],"version-history":[{"count":2,"href":"https:\/\/chagfordpool.co.uk\/de\/wp-json\/wp\/v2\/pages\/157\/revisions"}],"predecessor-version":[{"id":357,"href":"https:\/\/chagfordpool.co.uk\/de\/wp-json\/wp\/v2\/pages\/157\/revisions\/357"}],"wp:featuredmedia":[{"embeddable":true,"href":"https:\/\/chagfordpool.co.uk\/de\/wp-json\/wp\/v2\/media\/89"}],"wp:attachment":[{"href":"https:\/\/chagfordpool.co.uk\/de\/wp-json\/wp\/v2\/media?parent=157"}],"curies":[{"name":"wp","href":"https:\/\/api.w.org\/{rel}","templated":true}]}}