{"id":164,"date":"2022-07-26T11:54:12","date_gmt":"2022-07-26T10:54:12","guid":{"rendered":"http:\/\/chagfordpool.co.uk\/beste-moeglichkeiten-gleichgesinnte-singles-zu-treffen\/"},"modified":"2022-09-08T14:12:35","modified_gmt":"2022-09-08T13:12:35","slug":"beste-moeglichkeiten-gleichgesinnte-singles-zu-treffen","status":"publish","type":"page","link":"https:\/\/chagfordpool.co.uk\/de\/beste-moeglichkeiten-gleichgesinnte-singles-zu-treffen\/","title":{"rendered":"Beste M\u00f6glichkeiten, gleichgesinnte Singles zu treffen"},"content":{"rendered":"<p>Hookups sind lustige, zuf\u00e4llige Begegnungen zwischen <a href=\"http:\/\/chagfordpool.co.uk\/de\/wie-man-herausfindet-ob-er-dich-will\/\">zwei Fremden<\/a> , die sich online oder offline treffen. Es gibt viele Websites, die speziell auf Anschl\u00fcsse ausgerichtet sind, darunter Tinder, OkCupid, PlentyOfFish und Match.com. Diese Websites erm\u00f6glichen es Benutzern, Profile basierend auf Standort, Alter, Geschlecht, Interessen und anderen Kriterien zu durchsuchen. Sobald jemand jemanden findet, mit dem er chatten m\u00f6chte, kann er eine Nachricht senden oder ein pers\u00f6nliches Treffen anfordern.<\/p>\n<p>W\u00e4hrend einige Hookup-Apps auf langfristige Beziehungen ausgerichtet sind, sind andere ausschlie\u00dflich f\u00fcr schnelle Seitenspr\u00fcnge gedacht. Manche Menschen ziehen es vor, Engagement ganz zu vermeiden, w\u00e4hrend andere es genie\u00dfen, im Laufe einer Nacht mehrere Partner zu haben. Unabh\u00e4ngig davon, welche Art von Beziehung Sie suchen, sollte es nicht schwierig sein, einen <a href=\"https:\/\/wank.io\/de\/beste-sex-chatrooms\/\">beste sexchat<\/a> Partner zu finden. Denken Sie daran, sicher zu sein und die Regeln des gesunden Menschenverstandes zu befolgen.<\/p>\n<h2>Wie man lokale Frauen f\u00fcr Sex trifft<\/h2>\n<p>Es ist kein Geheimnis, dass Frauen M\u00e4nner suchen, die selbstbewusst, erfolgreich und ehrgeizig sind. Wenn Sie also versuchen <a href=\"https:\/\/www.dirtyflirts.com\/de\/kostenlose-milf-hookup-sites\/\">kostenlose milf<\/a>, Frauen online anzuziehen, m\u00fcssen Sie diese Eigenschaften vermitteln.<\/p>\n<p>Schreiben Sie zun\u00e4chst in einem positiven Licht \u00fcber sich selbst. Sprechen Sie nicht nur \u00fcber Ihre Leistungen. Sprechen Sie dar\u00fcber, wie Sie Hindernisse \u00fcberwunden und Erfolge erzielt haben. Vergessen Sie auch nicht zu erw\u00e4hnen, dass Sie derzeit Single sind. Frauen lieben es, Geschichten von anderen Menschen zu h\u00f6ren, die dem nachgehen, was sie wollen, und sie werden es zu sch\u00e4tzen wissen, dass Sie dasselbe tun.<\/p>\n<p>Konzentrieren Sie sich als N\u00e4chstes auf Ihre St\u00e4rken. Welche F\u00e4higkeiten besitzen Sie <a href=\"https:\/\/www.hotsexychat.net\/de\/kostenlose-pornospiele-im-app-store\/\">pornospiele Deutsch<\/a>, die Sie von anderen unterscheiden? Schreiben Sie \u00fcber Ihre Leidenschaften und Hobbys und teilen Sie Details \u00fcber Ihre Interessen. Wenn du dich selbst in Bezug auf deine Pers\u00f6nlichkeit beschreibst <a href=\"https:\/\/adultxxxdate.net\/de\/porno-spiele-kein-login\/\">sexgames ohne kreditkarte<\/a>, wirst du dich von der Masse abheben.<\/p>\n<p>Sprechen Sie schlie\u00dflich \u00fcber Ihre Ziele. Sag ihr, was du im Leben erreichen m\u00f6chtest, und erkl\u00e4re, wie sie dir helfen k\u00f6nnte, sie zu erreichen. Stellen Sie sicher, dass Sie Ihre Ambitionen und Tr\u00e4ume betonen und vermeiden Sie es, \u00fcber Geld zu sprechen. Konzentriere dich stattdessen auf die Zukunft und darauf, wie viel Spa\u00df ihr zusammen haben werdet.<\/p>\n<p>Wenn Sie diese Tipps befolgen, k\u00f6nnen Sie ein Profil erstellen, das sich von den anderen abhebt. Und wenn Sie dies tun, k\u00f6nnen Sie sich online mit mehr Frauen verbinden.<\/p>\n<h3>Treffen Sie sich zum Sex<\/h3>\n<p>Meet for Sex ist ein gro\u00dfer Vorteil der Teilnahme an <a href=\"http:\/\/chagfordpool.co.uk\/de\/beste-moeglichkeiten-anschluesse-zu-ihrem-vorteil-zu-nutzen\/\">lokalen Hookup-Apps<\/a> , die M\u00e4nner, die zuf\u00e4llige Begegnungen suchen, mit Frauen verbinden, die nach unverbindlichem Spa\u00df suchen.<\/p>\n<p>Es ist einfach, jemanden online kennenzulernen, aber einen Partner f\u00fcr echte Dates zu finden und <a href=\"http:\/\/www.jerkingresources.com\/de\/kostenlose-sexspiele-keine-kreditkarte\/\">sex spiele ohne anmeldung<\/a>, kann sich manchmal wie eine Nadel im Heuhaufen anf\u00fchlen.<\/p>\n<p>Mit \u00fcber 2 Millionen Mitgliedern weltweit bieten diese <a href=\"http:\/\/www.sextstrangers.com\/de\/kostenlose-sexting-websites-keine-zahlung\/\">free sexting site<\/a> eine sichere und diskrete Plattform, um andere Erwachsene in Ihrer N\u00e4he zu treffen. Egal, ob Sie nach Freundschaft, Romantik oder einfach nur einer Nacht der Leidenschaft suchen, dies ist der perfekte Ort, um sich mit anderen in der N\u00e4he zu verbinden.<\/p>\n<p>Um beizutreten, melden Sie sich noch heute kostenlos an und durchsuchen Sie unsere Profile attraktiver Einheimischer in Ihrer N\u00e4he. Senden Sie dann Nachrichten an potenzielle \u00dcbereinstimmungen und vereinbaren Sie ein pers\u00f6nliches Treffen.<\/p>\n","protected":false},"excerpt":{"rendered":"<p>Hookups sind lustige, zuf\u00e4llige Begegnungen zwischen zwei Fremden , die sich online oder offline treffen. Es gibt viele Websites, die speziell auf Anschl\u00fcsse ausgerichtet sind, [&#8230;]<\/p>\n","protected":false},"author":1,"featured_media":139,"parent":0,"menu_order":0,"comment_status":"closed","ping_status":"closed","template":"","meta":[],"yoast_head":"<!-- This site is optimized with the Yoast SEO plugin v19.2 - https:\/\/yoast.com\/wordpress\/plugins\/seo\/ -->\n<title>Beste M\u00f6glichkeiten, gleichgesinnte Singles zu treffen - Chag Bewertungen<\/title>\n<meta name=\"robots\" content=\"index, follow, max-snippet:-1, max-image-preview:large, max-video-preview:-1\" \/>\n<link rel=\"canonical\" href=\"https:\/\/chagfordpool.co.uk\/de\/beste-moeglichkeiten-gleichgesinnte-singles-zu-treffen\/\" \/>\n<meta property=\"og:locale\" content=\"de_DE\" \/>\n<meta property=\"og:type\" content=\"article\" \/>\n<meta property=\"og:title\" content=\"Beste M\u00f6glichkeiten, gleichgesinnte Singles zu treffen - Chag Bewertungen\" \/>\n<meta property=\"og:description\" content=\"Hookups sind lustige, zuf\u00e4llige Begegnungen zwischen zwei Fremden , die sich online oder offline treffen. Es gibt viele Websites, die speziell auf Anschl\u00fcsse ausgerichtet sind, [...]\" \/>\n<meta property=\"og:url\" content=\"https:\/\/chagfordpool.co.uk\/de\/beste-moeglichkeiten-gleichgesinnte-singles-zu-treffen\/\" \/>\n<meta property=\"og:site_name\" content=\"Chag Bewertungen\" \/>\n<meta property=\"article:modified_time\" content=\"2022-09-08T13:12:35+00:00\" \/>\n<meta property=\"og:image\" content=\"https:\/\/chagfordpool.co.uk\/wp-content\/uploads\/2022\/07\/singles.jpeg\" \/>\n\t<meta property=\"og:image:width\" content=\"1000\" \/>\n\t<meta property=\"og:image:height\" content=\"1500\" \/>\n\t<meta property=\"og:image:type\" content=\"image\/jpeg\" \/>\n<meta name=\"author\" content=\"Expert Reviews\" \/>\n<meta name=\"twitter:card\" content=\"summary_large_image\" \/>\n<meta name=\"twitter:label1\" content=\"Gesch\u00e4tzte Lesezeit\" \/>\n\t<meta name=\"twitter:data1\" content=\"3\u00a0Minuten\" \/>\n<script type=\"application\/ld+json\" class=\"yoast-schema-graph\">{\"@context\":\"https:\/\/schema.org\",\"@graph\":[{\"@type\":\"WebSite\",\"@id\":\"https:\/\/chagfordpool.co.uk\/#website\",\"url\":\"https:\/\/chagfordpool.co.uk\/\",\"name\":\"Chag Bewertungen\",\"description\":\"Lokale Hookup-Apps\",\"potentialAction\":[{\"@type\":\"SearchAction\",\"target\":{\"@type\":\"EntryPoint\",\"urlTemplate\":\"https:\/\/chagfordpool.co.uk\/?s={search_term_string}\"},\"query-input\":\"required name=search_term_string\"}],\"inLanguage\":\"de\"},{\"@type\":\"ImageObject\",\"inLanguage\":\"de\",\"@id\":\"https:\/\/chagfordpool.co.uk\/de\/beste-moeglichkeiten-gleichgesinnte-singles-zu-treffen\/#primaryimage\",\"url\":\"https:\/\/chagfordpool.co.uk\/wp-content\/uploads\/2022\/07\/singles.jpeg\",\"contentUrl\":\"https:\/\/chagfordpool.co.uk\/wp-content\/uploads\/2022\/07\/singles.jpeg\",\"width\":1000,\"height\":1500},{\"@type\":\"WebPage\",\"@id\":\"https:\/\/chagfordpool.co.uk\/de\/beste-moeglichkeiten-gleichgesinnte-singles-zu-treffen\/#webpage\",\"url\":\"https:\/\/chagfordpool.co.uk\/de\/beste-moeglichkeiten-gleichgesinnte-singles-zu-treffen\/\",\"name\":\"Beste M\u00f6glichkeiten, gleichgesinnte Singles zu treffen - Chag Bewertungen\",\"isPartOf\":{\"@id\":\"https:\/\/chagfordpool.co.uk\/#website\"},\"primaryImageOfPage\":{\"@id\":\"https:\/\/chagfordpool.co.uk\/de\/beste-moeglichkeiten-gleichgesinnte-singles-zu-treffen\/#primaryimage\"},\"datePublished\":\"2022-07-26T10:54:12+00:00\",\"dateModified\":\"2022-09-08T13:12:35+00:00\",\"breadcrumb\":{\"@id\":\"https:\/\/chagfordpool.co.uk\/de\/beste-moeglichkeiten-gleichgesinnte-singles-zu-treffen\/#breadcrumb\"},\"inLanguage\":\"de\",\"potentialAction\":[{\"@type\":\"ReadAction\",\"target\":[\"https:\/\/chagfordpool.co.uk\/de\/beste-moeglichkeiten-gleichgesinnte-singles-zu-treffen\/\"]}]},{\"@type\":\"BreadcrumbList\",\"@id\":\"https:\/\/chagfordpool.co.uk\/de\/beste-moeglichkeiten-gleichgesinnte-singles-zu-treffen\/#breadcrumb\",\"itemListElement\":[{\"@type\":\"ListItem\",\"position\":1,\"name\":\"Heim\",\"item\":\"https:\/\/chagfordpool.co.uk\/de\/\"},{\"@type\":\"ListItem\",\"position\":2,\"name\":\"Beste M\u00f6glichkeiten, gleichgesinnte Singles zu treffen\"}]}]}<\/script>\n<!-- \/ Yoast SEO plugin. -->","yoast_head_json":{"title":"Beste M\u00f6glichkeiten, gleichgesinnte Singles zu treffen - Chag Bewertungen","robots":{"index":"index","follow":"follow","max-snippet":"max-snippet:-1","max-image-preview":"max-image-preview:large","max-video-preview":"max-video-preview:-1"},"canonical":"https:\/\/chagfordpool.co.uk\/de\/beste-moeglichkeiten-gleichgesinnte-singles-zu-treffen\/","og_locale":"de_DE","og_type":"article","og_title":"Beste M\u00f6glichkeiten, gleichgesinnte Singles zu treffen - Chag Bewertungen","og_description":"Hookups sind lustige, zuf\u00e4llige Begegnungen zwischen zwei Fremden , die sich online oder offline treffen. Es gibt viele Websites, die speziell auf Anschl\u00fcsse ausgerichtet sind, [...]","og_url":"https:\/\/chagfordpool.co.uk\/de\/beste-moeglichkeiten-gleichgesinnte-singles-zu-treffen\/","og_site_name":"Chag Bewertungen","article_modified_time":"2022-09-08T13:12:35+00:00","og_image":[{"width":1000,"height":1500,"url":"https:\/\/chagfordpool.co.uk\/wp-content\/uploads\/2022\/07\/singles.jpeg","type":"image\/jpeg"}],"author":"Expert Reviews","twitter_card":"summary_large_image","twitter_misc":{"Gesch\u00e4tzte Lesezeit":"3\u00a0Minuten"},"schema":{"@context":"https:\/\/schema.org","@graph":[{"@type":"WebSite","@id":"https:\/\/chagfordpool.co.uk\/#website","url":"https:\/\/chagfordpool.co.uk\/","name":"Chag Bewertungen","description":"Lokale Hookup-Apps","potentialAction":[{"@type":"SearchAction","target":{"@type":"EntryPoint","urlTemplate":"https:\/\/chagfordpool.co.uk\/?s={search_term_string}"},"query-input":"required name=search_term_string"}],"inLanguage":"de"},{"@type":"ImageObject","inLanguage":"de","@id":"https:\/\/chagfordpool.co.uk\/de\/beste-moeglichkeiten-gleichgesinnte-singles-zu-treffen\/#primaryimage","url":"https:\/\/chagfordpool.co.uk\/wp-content\/uploads\/2022\/07\/singles.jpeg","contentUrl":"https:\/\/chagfordpool.co.uk\/wp-content\/uploads\/2022\/07\/singles.jpeg","width":1000,"height":1500},{"@type":"WebPage","@id":"https:\/\/chagfordpool.co.uk\/de\/beste-moeglichkeiten-gleichgesinnte-singles-zu-treffen\/#webpage","url":"https:\/\/chagfordpool.co.uk\/de\/beste-moeglichkeiten-gleichgesinnte-singles-zu-treffen\/","name":"Beste M\u00f6glichkeiten, gleichgesinnte Singles zu treffen - Chag Bewertungen","isPartOf":{"@id":"https:\/\/chagfordpool.co.uk\/#website"},"primaryImageOfPage":{"@id":"https:\/\/chagfordpool.co.uk\/de\/beste-moeglichkeiten-gleichgesinnte-singles-zu-treffen\/#primaryimage"},"datePublished":"2022-07-26T10:54:12+00:00","dateModified":"2022-09-08T13:12:35+00:00","breadcrumb":{"@id":"https:\/\/chagfordpool.co.uk\/de\/beste-moeglichkeiten-gleichgesinnte-singles-zu-treffen\/#breadcrumb"},"inLanguage":"de","potentialAction":[{"@type":"ReadAction","target":["https:\/\/chagfordpool.co.uk\/de\/beste-moeglichkeiten-gleichgesinnte-singles-zu-treffen\/"]}]},{"@type":"BreadcrumbList","@id":"https:\/\/chagfordpool.co.uk\/de\/beste-moeglichkeiten-gleichgesinnte-singles-zu-treffen\/#breadcrumb","itemListElement":[{"@type":"ListItem","position":1,"name":"Heim","item":"https:\/\/chagfordpool.co.uk\/de\/"},{"@type":"ListItem","position":2,"name":"Beste M\u00f6glichkeiten, gleichgesinnte Singles zu treffen"}]}]}},"_links":{"self":[{"href":"https:\/\/chagfordpool.co.uk\/de\/wp-json\/wp\/v2\/pages\/164"}],"collection":[{"href":"https:\/\/chagfordpool.co.uk\/de\/wp-json\/wp\/v2\/pages"}],"about":[{"href":"https:\/\/chagfordpool.co.uk\/de\/wp-json\/wp\/v2\/types\/page"}],"author":[{"embeddable":true,"href":"https:\/\/chagfordpool.co.uk\/de\/wp-json\/wp\/v2\/users\/1"}],"replies":[{"embeddable":true,"href":"https:\/\/chagfordpool.co.uk\/de\/wp-json\/wp\/v2\/comments?post=164"}],"version-history":[{"count":3,"href":"https:\/\/chagfordpool.co.uk\/de\/wp-json\/wp\/v2\/pages\/164\/revisions"}],"predecessor-version":[{"id":372,"href":"https:\/\/chagfordpool.co.uk\/de\/wp-json\/wp\/v2\/pages\/164\/revisions\/372"}],"wp:featuredmedia":[{"embeddable":true,"href":"https:\/\/chagfordpool.co.uk\/de\/wp-json\/wp\/v2\/media\/139"}],"wp:attachment":[{"href":"https:\/\/chagfordpool.co.uk\/de\/wp-json\/wp\/v2\/media?parent=164"}],"curies":[{"name":"wp","href":"https:\/\/api.w.org\/{rel}","templated":true}]}}