{"id":193,"date":"2022-07-26T12:08:22","date_gmt":"2022-07-26T11:08:22","guid":{"rendered":"http:\/\/chagfordpool.co.uk\/wie-man-herausfindet-ob-er-dich-will\/"},"modified":"2022-09-08T14:11:56","modified_gmt":"2022-09-08T13:11:56","slug":"wie-man-herausfindet-ob-er-dich-will","status":"publish","type":"page","link":"https:\/\/chagfordpool.co.uk\/de\/wie-man-herausfindet-ob-er-dich-will\/","title":{"rendered":"Wie man herausfindet, ob er dich will"},"content":{"rendered":"<p>Es gibt zwei Arten von M\u00e4nnern: Diejenigen, die gewollt werden wollen und diejenigen, die gebraucht werden wollen.<\/p>\n<p>W\u00e4hrend beide gleicherma\u00dfen attraktiv sind, ist der letztere Typ viel einfacher anzuziehen. M\u00e4nner, die gebraucht werden wollen, neigen dazu, bed\u00fcrftig und anh\u00e4nglich zu sein. Wenn du so jemanden triffst, wirst du dich unwohl f\u00fchlen und dich fragen, ob er Freunde sein will oder dich nur braucht.<\/p>\n<p>Um nicht in diese Falle zu tappen, finden Sie hier vier Tipps, mit denen Sie herausfinden k\u00f6nnen auf <a href=\"https:\/\/www.jerkoffforme.com\/de\/cam-sites-wie-camvault\/\">Camvault<\/a>, ob er wirklich Freunde sein m\u00f6chte oder ob er nur gebraucht werden m\u00f6chte.<\/p>\n<h3>Spricht er \u00fcber seine Exen?<\/h3>\n<p>M\u00e4nner, die sich selbst unsicher sind, versuchen in der Regel, <a href=\"http:\/\/chagfordpool.co.uk\/de\/rollenspiel-sex-dating\/\">dies zu kompensieren, indem sie \u00fcber andere Frauen sprechen<\/a>. W\u00e4hrend dies harmlos genug erscheinen mag, k\u00f6nnte es darauf hindeuten, dass er versucht, eine emotionale Leere in sich selbst zu f\u00fcllen.<\/p>\n<h3>Bittet er immer um Gef\u00e4lligkeiten?<\/h3>\n<p>Wenn er dich bittet, jeden Tag etwas f\u00fcr ihn zu tun, dann will er wahrscheinlich gebraucht werden. Er kann sogar erwarten, dass Sie alles f\u00fcr ihn tun, einschlie\u00dflich der Reinigung seines Hauses, des Kochens des Abendessens und der Betreuung seiner Kinder.<\/p>\n<h3>Sagt er dir, wie h\u00fcbsch du aussiehst?<\/h3>\n<p>Dies ist ein weiteres Zeichen daf\u00fcr, dass er gebraucht werden will. Wenn er dir sagt, wie sch\u00f6n du bist, ist er wahrscheinlich unsicher und f\u00fchlt sich unzul\u00e4nglich.<\/p>\n<h3>Macht er Ihnen Komplimente?<\/h3>\n<p>M\u00e4nner, die Vertrauen in sich selbst haben <a href=\"https:\/\/wank.io\/de\/fussfetisch-dating\/\">fetisch dating<\/a>, brauchen selten Komplimente. Wenn er Ihnen jedoch Komplimente macht, <a href=\"http:\/\/chagfordpool.co.uk\/de\/lokale-dating-apps\/\">achten Sie darauf, wie er sie sagt<\/a>. Wenn er W\u00f6rter wie &#8222;sch\u00f6n&#8220;, &#8222;sexy&#8220; oder &#8222;hei\u00df&#8220; verwendet, dann ist er wahrscheinlich unsicher und m\u00f6chte gebraucht werden. Aber wenn er W\u00f6rter wie &#8222;schlau&#8220;, &#8222;lustig&#8220; oder &#8222;cool&#8220; verwendet, dann ist er wahrscheinlich sicher und f\u00fchlt sich wohl mit sich selbst.<\/p>\n<p>Diese Zeichen sind nicht narrensicher, aber sie k\u00f6nnen Ihnen helfen festzustellen, ob er gebraucht werden m\u00f6chte oder einfach nur Freunde sein m\u00f6chte.<\/p>\n<h2>Immer noch verwirrt?<\/h2>\n<p>Wenn Sie immer noch Probleme haben, werfen Sie einen Blick auf diese 5 schnellen Fragen, die Sie verwenden k\u00f6nnen, um herauszufinden, ob ein Mann \/ M\u00e4dchen Sie mag:<\/p>\n<h3>Fragen<\/h3>\n<p>M\u00e4nner lieben es, \u00fcber sich selbst zu <a href=\"https:\/\/www.no-strings-attached-sex.com\/de\/kostenloses-sexting-ohne-anmeldung\/\">sexting ohne anmelden<\/a> sprechen, also zeigt das Stellen von Fragen Interesse. Wenn Sie offene Fragen stellen, k\u00f6nnen Sie mehr \u00fcber seine Interessen und Hobbys erfahren.<\/p>\n<h3>Augenkontakt herstellen<\/h3>\n<p>Wenn er bemerkt, dass du ihn ansiehst, wird er sich geschmeichelt f\u00fchlen. Und wenn Sie wieder nach unten schauen, wird er sich fragen, woran Sie gedacht haben.<\/p>\n<h3>Aufhorchen<\/h3>\n<p>Er m\u00f6chte wissen, dass es dir wichtig ist, was er sagt. Unterbrechen Sie ihn nicht, w\u00e4hrend er spricht; Lass ihn seine Gedanken beenden. Dann nicken und l\u00e4cheln.<\/p>\n<h3>Machen Sie ihm Komplimente<\/h3>\n<p>Sag ihm, wie gut aussehend er aussieht, wie schlau er aussieht oder wie sehr du ihn bewunderst. Diese Komplimente werden ihm das Gef\u00fchl geben, etwas Besonderes und Gesch\u00e4tztes zu sein.<\/p>\n<h3>Gib ihm Raum<\/h3>\n<p>Lassen Sie ihn wissen, dass Sie zuh\u00f6ren, indem Sie ihm viel Platz geben. Setzen Sie sich nah genug hin, um ihn zu h\u00f6ren, aber weit genug voneinander entfernt, dass er sich beim Reden wohl f\u00fchlt.<\/p>\n","protected":false},"excerpt":{"rendered":"<p>Es gibt zwei Arten von M\u00e4nnern: Diejenigen, die gewollt werden wollen und diejenigen, die gebraucht werden wollen. W\u00e4hrend beide gleicherma\u00dfen attraktiv sind, ist der letztere [&#8230;]<\/p>\n","protected":false},"author":1,"featured_media":119,"parent":0,"menu_order":0,"comment_status":"closed","ping_status":"closed","template":"","meta":[],"yoast_head":"<!-- This site is optimized with the Yoast SEO plugin v19.2 - https:\/\/yoast.com\/wordpress\/plugins\/seo\/ -->\n<title>Wie man herausfindet, ob er dich will - Chag Bewertungen<\/title>\n<meta name=\"robots\" content=\"index, follow, max-snippet:-1, max-image-preview:large, max-video-preview:-1\" \/>\n<link rel=\"canonical\" href=\"https:\/\/chagfordpool.co.uk\/de\/wie-man-herausfindet-ob-er-dich-will\/\" \/>\n<meta property=\"og:locale\" content=\"de_DE\" \/>\n<meta property=\"og:type\" content=\"article\" \/>\n<meta property=\"og:title\" content=\"Wie man herausfindet, ob er dich will - Chag Bewertungen\" \/>\n<meta property=\"og:description\" content=\"Es gibt zwei Arten von M\u00e4nnern: Diejenigen, die gewollt werden wollen und diejenigen, die gebraucht werden wollen. W\u00e4hrend beide gleicherma\u00dfen attraktiv sind, ist der letztere [...]\" \/>\n<meta property=\"og:url\" content=\"https:\/\/chagfordpool.co.uk\/de\/wie-man-herausfindet-ob-er-dich-will\/\" \/>\n<meta property=\"og:site_name\" content=\"Chag Bewertungen\" \/>\n<meta property=\"article:modified_time\" content=\"2022-09-08T13:11:56+00:00\" \/>\n<meta property=\"og:image\" content=\"https:\/\/chagfordpool.co.uk\/wp-content\/uploads\/2022\/07\/hookup.jpeg\" \/>\n\t<meta property=\"og:image:width\" content=\"1200\" \/>\n\t<meta property=\"og:image:height\" content=\"1500\" \/>\n\t<meta property=\"og:image:type\" content=\"image\/jpeg\" \/>\n<meta name=\"author\" content=\"Expert Reviews\" \/>\n<meta name=\"twitter:card\" content=\"summary_large_image\" \/>\n<meta name=\"twitter:label1\" content=\"Gesch\u00e4tzte Lesezeit\" \/>\n\t<meta name=\"twitter:data1\" content=\"3\u00a0Minuten\" \/>\n<script type=\"application\/ld+json\" class=\"yoast-schema-graph\">{\"@context\":\"https:\/\/schema.org\",\"@graph\":[{\"@type\":\"WebSite\",\"@id\":\"https:\/\/chagfordpool.co.uk\/#website\",\"url\":\"https:\/\/chagfordpool.co.uk\/\",\"name\":\"Chag Bewertungen\",\"description\":\"Lokale Hookup-Apps\",\"potentialAction\":[{\"@type\":\"SearchAction\",\"target\":{\"@type\":\"EntryPoint\",\"urlTemplate\":\"https:\/\/chagfordpool.co.uk\/?s={search_term_string}\"},\"query-input\":\"required name=search_term_string\"}],\"inLanguage\":\"de\"},{\"@type\":\"ImageObject\",\"inLanguage\":\"de\",\"@id\":\"https:\/\/chagfordpool.co.uk\/de\/wie-man-herausfindet-ob-er-dich-will\/#primaryimage\",\"url\":\"https:\/\/chagfordpool.co.uk\/wp-content\/uploads\/2022\/07\/hookup.jpeg\",\"contentUrl\":\"https:\/\/chagfordpool.co.uk\/wp-content\/uploads\/2022\/07\/hookup.jpeg\",\"width\":1200,\"height\":1500},{\"@type\":\"WebPage\",\"@id\":\"https:\/\/chagfordpool.co.uk\/de\/wie-man-herausfindet-ob-er-dich-will\/#webpage\",\"url\":\"https:\/\/chagfordpool.co.uk\/de\/wie-man-herausfindet-ob-er-dich-will\/\",\"name\":\"Wie man herausfindet, ob er dich will - Chag Bewertungen\",\"isPartOf\":{\"@id\":\"https:\/\/chagfordpool.co.uk\/#website\"},\"primaryImageOfPage\":{\"@id\":\"https:\/\/chagfordpool.co.uk\/de\/wie-man-herausfindet-ob-er-dich-will\/#primaryimage\"},\"datePublished\":\"2022-07-26T11:08:22+00:00\",\"dateModified\":\"2022-09-08T13:11:56+00:00\",\"breadcrumb\":{\"@id\":\"https:\/\/chagfordpool.co.uk\/de\/wie-man-herausfindet-ob-er-dich-will\/#breadcrumb\"},\"inLanguage\":\"de\",\"potentialAction\":[{\"@type\":\"ReadAction\",\"target\":[\"https:\/\/chagfordpool.co.uk\/de\/wie-man-herausfindet-ob-er-dich-will\/\"]}]},{\"@type\":\"BreadcrumbList\",\"@id\":\"https:\/\/chagfordpool.co.uk\/de\/wie-man-herausfindet-ob-er-dich-will\/#breadcrumb\",\"itemListElement\":[{\"@type\":\"ListItem\",\"position\":1,\"name\":\"Heim\",\"item\":\"https:\/\/chagfordpool.co.uk\/de\/\"},{\"@type\":\"ListItem\",\"position\":2,\"name\":\"Wie man herausfindet, ob er dich will\"}]}]}<\/script>\n<!-- \/ Yoast SEO plugin. -->","yoast_head_json":{"title":"Wie man herausfindet, ob er dich will - Chag Bewertungen","robots":{"index":"index","follow":"follow","max-snippet":"max-snippet:-1","max-image-preview":"max-image-preview:large","max-video-preview":"max-video-preview:-1"},"canonical":"https:\/\/chagfordpool.co.uk\/de\/wie-man-herausfindet-ob-er-dich-will\/","og_locale":"de_DE","og_type":"article","og_title":"Wie man herausfindet, ob er dich will - Chag Bewertungen","og_description":"Es gibt zwei Arten von M\u00e4nnern: Diejenigen, die gewollt werden wollen und diejenigen, die gebraucht werden wollen. W\u00e4hrend beide gleicherma\u00dfen attraktiv sind, ist der letztere [...]","og_url":"https:\/\/chagfordpool.co.uk\/de\/wie-man-herausfindet-ob-er-dich-will\/","og_site_name":"Chag Bewertungen","article_modified_time":"2022-09-08T13:11:56+00:00","og_image":[{"width":1200,"height":1500,"url":"https:\/\/chagfordpool.co.uk\/wp-content\/uploads\/2022\/07\/hookup.jpeg","type":"image\/jpeg"}],"author":"Expert Reviews","twitter_card":"summary_large_image","twitter_misc":{"Gesch\u00e4tzte Lesezeit":"3\u00a0Minuten"},"schema":{"@context":"https:\/\/schema.org","@graph":[{"@type":"WebSite","@id":"https:\/\/chagfordpool.co.uk\/#website","url":"https:\/\/chagfordpool.co.uk\/","name":"Chag Bewertungen","description":"Lokale Hookup-Apps","potentialAction":[{"@type":"SearchAction","target":{"@type":"EntryPoint","urlTemplate":"https:\/\/chagfordpool.co.uk\/?s={search_term_string}"},"query-input":"required name=search_term_string"}],"inLanguage":"de"},{"@type":"ImageObject","inLanguage":"de","@id":"https:\/\/chagfordpool.co.uk\/de\/wie-man-herausfindet-ob-er-dich-will\/#primaryimage","url":"https:\/\/chagfordpool.co.uk\/wp-content\/uploads\/2022\/07\/hookup.jpeg","contentUrl":"https:\/\/chagfordpool.co.uk\/wp-content\/uploads\/2022\/07\/hookup.jpeg","width":1200,"height":1500},{"@type":"WebPage","@id":"https:\/\/chagfordpool.co.uk\/de\/wie-man-herausfindet-ob-er-dich-will\/#webpage","url":"https:\/\/chagfordpool.co.uk\/de\/wie-man-herausfindet-ob-er-dich-will\/","name":"Wie man herausfindet, ob er dich will - Chag Bewertungen","isPartOf":{"@id":"https:\/\/chagfordpool.co.uk\/#website"},"primaryImageOfPage":{"@id":"https:\/\/chagfordpool.co.uk\/de\/wie-man-herausfindet-ob-er-dich-will\/#primaryimage"},"datePublished":"2022-07-26T11:08:22+00:00","dateModified":"2022-09-08T13:11:56+00:00","breadcrumb":{"@id":"https:\/\/chagfordpool.co.uk\/de\/wie-man-herausfindet-ob-er-dich-will\/#breadcrumb"},"inLanguage":"de","potentialAction":[{"@type":"ReadAction","target":["https:\/\/chagfordpool.co.uk\/de\/wie-man-herausfindet-ob-er-dich-will\/"]}]},{"@type":"BreadcrumbList","@id":"https:\/\/chagfordpool.co.uk\/de\/wie-man-herausfindet-ob-er-dich-will\/#breadcrumb","itemListElement":[{"@type":"ListItem","position":1,"name":"Heim","item":"https:\/\/chagfordpool.co.uk\/de\/"},{"@type":"ListItem","position":2,"name":"Wie man herausfindet, ob er dich will"}]}]}},"_links":{"self":[{"href":"https:\/\/chagfordpool.co.uk\/de\/wp-json\/wp\/v2\/pages\/193"}],"collection":[{"href":"https:\/\/chagfordpool.co.uk\/de\/wp-json\/wp\/v2\/pages"}],"about":[{"href":"https:\/\/chagfordpool.co.uk\/de\/wp-json\/wp\/v2\/types\/page"}],"author":[{"embeddable":true,"href":"https:\/\/chagfordpool.co.uk\/de\/wp-json\/wp\/v2\/users\/1"}],"replies":[{"embeddable":true,"href":"https:\/\/chagfordpool.co.uk\/de\/wp-json\/wp\/v2\/comments?post=193"}],"version-history":[{"count":2,"href":"https:\/\/chagfordpool.co.uk\/de\/wp-json\/wp\/v2\/pages\/193\/revisions"}],"predecessor-version":[{"id":370,"href":"https:\/\/chagfordpool.co.uk\/de\/wp-json\/wp\/v2\/pages\/193\/revisions\/370"}],"wp:featuredmedia":[{"embeddable":true,"href":"https:\/\/chagfordpool.co.uk\/de\/wp-json\/wp\/v2\/media\/119"}],"wp:attachment":[{"href":"https:\/\/chagfordpool.co.uk\/de\/wp-json\/wp\/v2\/media?parent=193"}],"curies":[{"name":"wp","href":"https:\/\/api.w.org\/{rel}","templated":true}]}}