{"id":198,"date":"2022-07-26T12:09:29","date_gmt":"2022-07-26T11:09:29","guid":{"rendered":"http:\/\/chagfordpool.co.uk\/lokale-dating-apps\/"},"modified":"2022-08-15T19:51:58","modified_gmt":"2022-08-15T18:51:58","slug":"lokale-dating-apps","status":"publish","type":"page","link":"https:\/\/chagfordpool.co.uk\/de\/lokale-dating-apps\/","title":{"rendered":"Lokale Dating-Apps"},"content":{"rendered":"<p>Hookups sind zuf\u00e4llige sexuelle Begegnungen, die normalerweise au\u00dferhalb von festen Beziehungen stattfinden. W\u00e4hrend Hookups nicht immer negative Erfahrungen sind, k\u00f6nnen sie zu Gef\u00fchlen von Bedauern und Scham unter den Teilnehmern f\u00fchren.<\/p>\n<p>Um diese Gef\u00fchle zu vermeiden, ist es wichtig zu verstehen, dass Sex ein normaler Teil des Lebens ist. Hookups <a href=\"https:\/\/www.fucklocals.org\/de\/cam-2-cam-seiten\/\">kostenlose cam2cam chat<\/a> sollten nicht als Ersatz f\u00fcr langfristige Beziehungen angesehen werden, sondern als lustige Erg\u00e4nzung zu bestehenden.<\/p>\n<p>Es ist auch wichtig, sich daran zu erinnern, dass sich Hookups von <a href=\"http:\/\/chagfordpool.co.uk\/de\/rollenspiel-sex-dating\/\">Gelegenheitssex unterscheiden.<\/a> Gelegenheitssex ist im Allgemeinen definiert als Sex mit jemandem, mit dem Sie nicht viel Zeit verbringen m\u00f6chten. Hookups sind jedoch in der Regel kurzlebige Angelegenheiten, die nach ein paar Stunden oder Tagen enden. Es gibt mehrere Gr\u00fcnde, warum Menschen sich f\u00fcr die Teilnahme an Anschl\u00fcssen entscheiden. Einige genie\u00dfen den Nervenkitzel, etwas Neues auszuprobieren, w\u00e4hrend andere einfach nur mit ihrer Sexualit\u00e4t experimentieren wollen. Was auch immer der Grund ist, es ist wichtig, sich daran zu erinnern, dass das Anschlie\u00dfen eine Wahl und keine Anforderung ist. W\u00e4hrend Hookups nicht jedermanns Sache sind, k\u00f6nnen sie eine positive Erfahrung sein, wenn sie richtig gemacht werden. Solange sich beide Beteiligten wohl und sicher f\u00fchlen, ist nichts falsch daran, sich zu am\u00fcsieren.<\/p>\n<h2>So treffen Sie Singles in Ihrer N\u00e4he<\/h2>\n<p>Es gibt viele Online-Ressourcen, die Singles helfen, sich zu treffen. Aber jemanden von Angesicht zu Angesicht zu treffen, kann dein Selbstvertrauen wirklich st\u00e4rken und zu einer langfristigen Beziehung f\u00fchren.<\/p>\n<p>Egal, ob Sie nach Liebe oder einfach nur nach ungezwungenem Spa\u00df suchen, lokale <a href=\"https:\/\/www.hookup-now.com\/de\/voellig-kostenlose-sexseiten\/\">sexseiten<\/a> bieten eine bequeme M\u00f6glichkeit, sich mit anderen zu verbinden, die \u00e4hnliche Interessen haben. Diese Websites erm\u00f6glichen es Mitgliedern, Profile nach Standort, Alter, Geschlecht und sexueller Orientierung zu durchsuchen. Sobald Sie jemanden gefunden haben, den Sie treffen m\u00f6chten, k\u00f6nnen Sie eine Zeit und einen Ort f\u00fcr den Chat per Webcam vereinbaren.<\/p>\n<h3>Wie man sich vernetzt und Termine findet<\/h3>\n<p>Lokale Dating-Sites dienen nicht nur dazu, Daten zu finden. Sie k\u00f6nnen auch wertvolle Networking-M\u00f6glichkeiten bieten. Mitglieder k\u00f6nnen Gruppen basierend auf gemeinsamen Interessen, Hobbys oder Aktivit\u00e4ten erstellen. Auf einigen Websites k\u00f6nnen Sie sogar Gruppen beitreten, die sich auf bestimmte Standorte konzentrieren, sodass Sie Personen in der N\u00e4he treffen k\u00f6nnen.<\/p>\n<p>Einige lokale Dating-Sites bieten auch Veranstaltungen, Partys und andere Arten von Zusammenk\u00fcnften an. Diese Veranstaltungen k\u00f6nnen eine gro\u00dfartige Gelegenheit sein, sich mit potenziellen Partnern zu treffen und Beziehungen aufzubauen.<\/p>\n<p>W\u00e4hrend lokale Dating-Sites eine gro\u00dfartige Option sind, um sich mit anderen zu verbinden, denken Sie daran, dass sie sich immer noch in erster Linie darauf konzentrieren, romantische Verbindungen zu finden. Wenn Sie also nach Freundschaft suchen, versuchen Sie stattdessen, einer freundlicheren Gruppe auf einer Website von allgemeinem Interesse beizutreten.<\/p>\n<h3>Tipps f\u00fcr Online-Dating<\/h3>\n<p>Es ist wichtig, sich daran zu erinnern, dass Hookups ein riskantes <a href=\"https:\/\/www.free-adult-cams.com\/de\/kostenlose-bbw-cams\/\">SSBBW cam live<\/a> sind. W\u00e4hrend du dich vielleicht sicher f\u00fchlst, jemanden pers\u00f6nlich zu treffen, wei\u00dft du nie wirklich, mit welcher Art von Person du enden wirst, bis du Sex hattest. Es gibt keine Garantie, dass du dich am\u00fcsieren wirst, und du k\u00f6nntest es am Ende bereuen, Sex mit jemandem zu haben, f\u00fcr den du dich nicht viel interessiert hast.<\/p>\n<p>Deshalb lohnt es sich, bei der Partnerwahl vorsichtig zu sein. Bevor Sie zustimmen, jemanden pers\u00f6nlich zu treffen, stellen Sie sicher, dass Sie beide \u00e4hnliche Werte und Interessen teilen. Versuchen Sie auch, nicht an Orte zu gehen, an denen Sie wissen, dass andere Personen wahrscheinlich anwesend sind, wie Bars oder Clubs. Erw\u00e4gen Sie schlie\u00dflich, potenziellen Partnern Fragen \u00fcber sich selbst zu stellen, um mehr \u00fcber ihre Pers\u00f6nlichkeit und Gewohnheiten zu erfahren.<\/p>\n","protected":false},"excerpt":{"rendered":"<p>Hookups sind zuf\u00e4llige sexuelle Begegnungen, die normalerweise au\u00dferhalb von festen Beziehungen stattfinden. W\u00e4hrend Hookups nicht immer negative Erfahrungen sind, k\u00f6nnen sie zu Gef\u00fchlen von Bedauern [&#8230;]<\/p>\n","protected":false},"author":1,"featured_media":109,"parent":0,"menu_order":0,"comment_status":"closed","ping_status":"closed","template":"","meta":[],"yoast_head":"<!-- This site is optimized with the Yoast SEO plugin v19.2 - https:\/\/yoast.com\/wordpress\/plugins\/seo\/ -->\n<title>Lokale Dating-Apps - Chag Bewertungen<\/title>\n<meta name=\"robots\" content=\"index, follow, max-snippet:-1, max-image-preview:large, max-video-preview:-1\" \/>\n<link rel=\"canonical\" href=\"https:\/\/chagfordpool.co.uk\/de\/lokale-dating-apps\/\" \/>\n<meta property=\"og:locale\" content=\"de_DE\" \/>\n<meta property=\"og:type\" content=\"article\" \/>\n<meta property=\"og:title\" content=\"Lokale Dating-Apps - Chag Bewertungen\" \/>\n<meta property=\"og:description\" content=\"Hookups sind zuf\u00e4llige sexuelle Begegnungen, die normalerweise au\u00dferhalb von festen Beziehungen stattfinden. W\u00e4hrend Hookups nicht immer negative Erfahrungen sind, k\u00f6nnen sie zu Gef\u00fchlen von Bedauern [...]\" \/>\n<meta property=\"og:url\" content=\"https:\/\/chagfordpool.co.uk\/de\/lokale-dating-apps\/\" \/>\n<meta property=\"og:site_name\" content=\"Chag Bewertungen\" \/>\n<meta property=\"article:modified_time\" content=\"2022-08-15T18:51:58+00:00\" \/>\n<meta property=\"og:image\" content=\"https:\/\/chagfordpool.co.uk\/wp-content\/uploads\/2022\/07\/real-sex-apps.webp\" \/>\n\t<meta property=\"og:image:width\" content=\"1125\" \/>\n\t<meta property=\"og:image:height\" content=\"750\" \/>\n\t<meta property=\"og:image:type\" content=\"image\/webp\" \/>\n<meta name=\"author\" content=\"Expert Reviews\" \/>\n<meta name=\"twitter:card\" content=\"summary_large_image\" \/>\n<meta name=\"twitter:label1\" content=\"Gesch\u00e4tzte Lesezeit\" \/>\n\t<meta name=\"twitter:data1\" content=\"3\u00a0Minuten\" \/>\n<script type=\"application\/ld+json\" class=\"yoast-schema-graph\">{\"@context\":\"https:\/\/schema.org\",\"@graph\":[{\"@type\":\"WebSite\",\"@id\":\"https:\/\/chagfordpool.co.uk\/#website\",\"url\":\"https:\/\/chagfordpool.co.uk\/\",\"name\":\"Chag Bewertungen\",\"description\":\"Lokale Hookup-Apps\",\"potentialAction\":[{\"@type\":\"SearchAction\",\"target\":{\"@type\":\"EntryPoint\",\"urlTemplate\":\"https:\/\/chagfordpool.co.uk\/?s={search_term_string}\"},\"query-input\":\"required name=search_term_string\"}],\"inLanguage\":\"de\"},{\"@type\":\"ImageObject\",\"inLanguage\":\"de\",\"@id\":\"https:\/\/chagfordpool.co.uk\/de\/lokale-dating-apps\/#primaryimage\",\"url\":\"https:\/\/chagfordpool.co.uk\/wp-content\/uploads\/2022\/07\/real-sex-apps.webp\",\"contentUrl\":\"https:\/\/chagfordpool.co.uk\/wp-content\/uploads\/2022\/07\/real-sex-apps.webp\",\"width\":1125,\"height\":750},{\"@type\":\"WebPage\",\"@id\":\"https:\/\/chagfordpool.co.uk\/de\/lokale-dating-apps\/#webpage\",\"url\":\"https:\/\/chagfordpool.co.uk\/de\/lokale-dating-apps\/\",\"name\":\"Lokale Dating-Apps - Chag Bewertungen\",\"isPartOf\":{\"@id\":\"https:\/\/chagfordpool.co.uk\/#website\"},\"primaryImageOfPage\":{\"@id\":\"https:\/\/chagfordpool.co.uk\/de\/lokale-dating-apps\/#primaryimage\"},\"datePublished\":\"2022-07-26T11:09:29+00:00\",\"dateModified\":\"2022-08-15T18:51:58+00:00\",\"breadcrumb\":{\"@id\":\"https:\/\/chagfordpool.co.uk\/de\/lokale-dating-apps\/#breadcrumb\"},\"inLanguage\":\"de\",\"potentialAction\":[{\"@type\":\"ReadAction\",\"target\":[\"https:\/\/chagfordpool.co.uk\/de\/lokale-dating-apps\/\"]}]},{\"@type\":\"BreadcrumbList\",\"@id\":\"https:\/\/chagfordpool.co.uk\/de\/lokale-dating-apps\/#breadcrumb\",\"itemListElement\":[{\"@type\":\"ListItem\",\"position\":1,\"name\":\"Heim\",\"item\":\"https:\/\/chagfordpool.co.uk\/de\/\"},{\"@type\":\"ListItem\",\"position\":2,\"name\":\"Lokale Dating-Apps\"}]}]}<\/script>\n<!-- \/ Yoast SEO plugin. -->","yoast_head_json":{"title":"Lokale Dating-Apps - Chag Bewertungen","robots":{"index":"index","follow":"follow","max-snippet":"max-snippet:-1","max-image-preview":"max-image-preview:large","max-video-preview":"max-video-preview:-1"},"canonical":"https:\/\/chagfordpool.co.uk\/de\/lokale-dating-apps\/","og_locale":"de_DE","og_type":"article","og_title":"Lokale Dating-Apps - Chag Bewertungen","og_description":"Hookups sind zuf\u00e4llige sexuelle Begegnungen, die normalerweise au\u00dferhalb von festen Beziehungen stattfinden. W\u00e4hrend Hookups nicht immer negative Erfahrungen sind, k\u00f6nnen sie zu Gef\u00fchlen von Bedauern [...]","og_url":"https:\/\/chagfordpool.co.uk\/de\/lokale-dating-apps\/","og_site_name":"Chag Bewertungen","article_modified_time":"2022-08-15T18:51:58+00:00","og_image":[{"width":1125,"height":750,"url":"https:\/\/chagfordpool.co.uk\/wp-content\/uploads\/2022\/07\/real-sex-apps.webp","type":"image\/webp"}],"author":"Expert Reviews","twitter_card":"summary_large_image","twitter_misc":{"Gesch\u00e4tzte Lesezeit":"3\u00a0Minuten"},"schema":{"@context":"https:\/\/schema.org","@graph":[{"@type":"WebSite","@id":"https:\/\/chagfordpool.co.uk\/#website","url":"https:\/\/chagfordpool.co.uk\/","name":"Chag Bewertungen","description":"Lokale Hookup-Apps","potentialAction":[{"@type":"SearchAction","target":{"@type":"EntryPoint","urlTemplate":"https:\/\/chagfordpool.co.uk\/?s={search_term_string}"},"query-input":"required name=search_term_string"}],"inLanguage":"de"},{"@type":"ImageObject","inLanguage":"de","@id":"https:\/\/chagfordpool.co.uk\/de\/lokale-dating-apps\/#primaryimage","url":"https:\/\/chagfordpool.co.uk\/wp-content\/uploads\/2022\/07\/real-sex-apps.webp","contentUrl":"https:\/\/chagfordpool.co.uk\/wp-content\/uploads\/2022\/07\/real-sex-apps.webp","width":1125,"height":750},{"@type":"WebPage","@id":"https:\/\/chagfordpool.co.uk\/de\/lokale-dating-apps\/#webpage","url":"https:\/\/chagfordpool.co.uk\/de\/lokale-dating-apps\/","name":"Lokale Dating-Apps - Chag Bewertungen","isPartOf":{"@id":"https:\/\/chagfordpool.co.uk\/#website"},"primaryImageOfPage":{"@id":"https:\/\/chagfordpool.co.uk\/de\/lokale-dating-apps\/#primaryimage"},"datePublished":"2022-07-26T11:09:29+00:00","dateModified":"2022-08-15T18:51:58+00:00","breadcrumb":{"@id":"https:\/\/chagfordpool.co.uk\/de\/lokale-dating-apps\/#breadcrumb"},"inLanguage":"de","potentialAction":[{"@type":"ReadAction","target":["https:\/\/chagfordpool.co.uk\/de\/lokale-dating-apps\/"]}]},{"@type":"BreadcrumbList","@id":"https:\/\/chagfordpool.co.uk\/de\/lokale-dating-apps\/#breadcrumb","itemListElement":[{"@type":"ListItem","position":1,"name":"Heim","item":"https:\/\/chagfordpool.co.uk\/de\/"},{"@type":"ListItem","position":2,"name":"Lokale Dating-Apps"}]}]}},"_links":{"self":[{"href":"https:\/\/chagfordpool.co.uk\/de\/wp-json\/wp\/v2\/pages\/198"}],"collection":[{"href":"https:\/\/chagfordpool.co.uk\/de\/wp-json\/wp\/v2\/pages"}],"about":[{"href":"https:\/\/chagfordpool.co.uk\/de\/wp-json\/wp\/v2\/types\/page"}],"author":[{"embeddable":true,"href":"https:\/\/chagfordpool.co.uk\/de\/wp-json\/wp\/v2\/users\/1"}],"replies":[{"embeddable":true,"href":"https:\/\/chagfordpool.co.uk\/de\/wp-json\/wp\/v2\/comments?post=198"}],"version-history":[{"count":2,"href":"https:\/\/chagfordpool.co.uk\/de\/wp-json\/wp\/v2\/pages\/198\/revisions"}],"predecessor-version":[{"id":359,"href":"https:\/\/chagfordpool.co.uk\/de\/wp-json\/wp\/v2\/pages\/198\/revisions\/359"}],"wp:featuredmedia":[{"embeddable":true,"href":"https:\/\/chagfordpool.co.uk\/de\/wp-json\/wp\/v2\/media\/109"}],"wp:attachment":[{"href":"https:\/\/chagfordpool.co.uk\/de\/wp-json\/wp\/v2\/media?parent=198"}],"curies":[{"name":"wp","href":"https:\/\/api.w.org\/{rel}","templated":true}]}}