{"id":212,"date":"2022-07-26T12:33:19","date_gmt":"2022-07-26T11:33:19","guid":{"rendered":"http:\/\/chagfordpool.co.uk\/was-ist-der-unterschied-zwischen-casual-hookup-apps-mainstream-dating\/"},"modified":"2022-09-08T14:11:17","modified_gmt":"2022-09-08T13:11:17","slug":"was-ist-der-unterschied-zwischen-casual-hookup-apps-mainstream-dating","status":"publish","type":"page","link":"https:\/\/chagfordpool.co.uk\/de\/was-ist-der-unterschied-zwischen-casual-hookup-apps-mainstream-dating\/","title":{"rendered":"Was ist der Unterschied zwischen Casual Hookup Apps &amp; Mainstream Dating"},"content":{"rendered":"<p>Wenn Sie heute Abend nach etwas L\u00e4ssigem suchen, k\u00f6nnte es eine gute Idee sein, auf eine Anschluss-App oder Website zu gehen. Es gibt viele Optionen da drau\u00dfen, aber es ist wichtig zu wissen, wie jede einzelne funktioniert und worauf Sie bei der Auswahl einer Dating-App oder -Website achten m\u00fcssen.<\/p>\n<h2>Casual Hookup Sites vs. Dating<\/h2>\n<p>Heutzutage scheint es, als ob jeder jemanden neu kennenlernen m\u00f6chte. Egal, ob Sie nach einer ernsthaften Beziehung <a href=\"https:\/\/www.singles-in-my-area.com\/de\/keine-kreditkarten-kostenlosen-fickseiten\/\">fick seiten<\/a>, einem lustigen Seitensprung suchen oder einfach nur Ihr Sexualleben aufpeppen m\u00f6chten, es gibt viele M\u00f6glichkeiten, sich mit Singles in Ihrer N\u00e4he zu verbinden. Mit dem Aufkommen der mobilen Technologie ist das Online-Dating jedoch einfacher denn je geworden. Es gibt jetzt unz\u00e4hlige Optionen, darunter Tinder, Bumble, OkCupid, Match, Plenty Of Fish, Zoosk und sogar Facebook.<\/p>\n<p>Viele dieser Websites sind speziell f\u00fcr zwangloses Dating konzipiert, <a href=\"http:\/\/chagfordpool.co.uk\/de\/beste-moeglichkeiten-gleichgesinnte-singles-zu-treffen\/\">w\u00e4hrend Hookup-Sites<\/a> auf diejenigen ausgerichtet sind, die kurzfristige Beziehungen suchen. Diese Websites erm\u00f6glichen es den Benutzern oft, Profile zu durchsuchen, ohne etwas im Voraus bezahlen zu m\u00fcssen, was sie perfekt f\u00fcr diejenigen macht, die etwas Neues ausprobieren m\u00f6chten, ohne zu viel Geld zu investieren. Casual-Dating-Sites sind nicht nur v\u00f6llig kostenlos, sondern bieten in der Regel auch viele Informationen \u00fcber potenzielle \u00dcbereinstimmungen, z. B. wo sie leben, arbeiten und zur Schule gehen. Auf diese Weise k\u00f6nnen Sie leicht erkennen, ob Sie gut zueinander passen oder nicht.<\/p>\n<p>Auf der anderen Seite neigen Anschlussseiten dazu, sich mehr auf k\u00f6rperliche Anziehung zu konzentrieren. Diese Websites erfordern in der Regel eine Vorauszahlung, aber sie geben Mitgliedern Zugriff auf Tonnen von zus\u00e4tzlichen Funktionen. Sie k\u00f6nnen beispielsweise Fotos der Person anzeigen, mit der Sie chatten, virtuelle Geschenke senden und <a href=\"https:\/\/www.fucksites.net\/de\/jerk-off-seiten\/\">live jerking off<\/a> Fragen zu ihrer Pers\u00f6nlichkeit stellen. Sie enthalten in der Regel auch Messaging-Funktionen, mit denen Sie mit der Person, mit der Sie abgeglichen wurden, chatten k\u00f6nnen. Nat\u00fcrlich sind sowohl Casual-Dating-Sites als auch Hookup-Sites gro\u00dfartige Ausgangspunkte. Wenn Sie nach einer langfristigen Beziehung suchen, werden Sie wahrscheinlich bei einer traditionellen Dating-Site bleiben wollen. Auf der anderen Seite, wenn Sie nur nach etwas mehr Aufregung suchen, k\u00f6nnen Casual-Dating-Sites oder Hookup-Sites genau das sein, wonach Sie suchen.<\/p>\n<h2>Die drei wichtigsten Gr\u00fcnde, um gelegentliche Verbindungen auszuprobieren<\/h2>\n<h3>Annehmlichkeit<\/h3>\n<p>Einer der Hauptvorteile von Online-Dating ist, dass Sie potenzielle Partner \u00fcberall treffen k\u00f6nnen. Sie m\u00fcssen sich keine Sorgen machen, abgelehnt zu werden, weil Sie nicht bereit sind, ein Risiko f\u00fcr jemanden einzugehen. Sie k\u00f6nnen sogar Menschen aus der ganzen Welt treffen. Online-Dating-Apps erm\u00f6glichen es Ihnen, sich mit Menschen zu verbinden, die weit weg von Ihnen leben. Es gibt keinen Grund, jemals wieder eine gute Gelegenheit zu verpassen.<\/p>\n<h3>Privatsph\u00e4re<\/h3>\n<p>Online-Dating-Sites machen es einfach, die Dinge l\u00e4ssig zu halten. Sie k\u00f6nnen Profile und <a href=\"https:\/\/www.jerkoffforme.com\/de\/mobile-sex-cam\/\">sexs cam<\/a> anonym durchsuchen. Solange Sie vorsichtig sind, welche Informationen Sie dort ver\u00f6ffentlichen, m\u00fcssen Sie sich keine Sorgen machen, betrogen zu werden. Sie m\u00f6chten am Ende kein Geld f\u00fcr etwas ausgeben, das nichts wert ist. Online-Dating gibt Ihnen die Freiheit zu entscheiden, ob Sie Ihre Identit\u00e4t preisgeben m\u00f6chten.<\/p>\n<h3>Flexibilit\u00e4t<\/h3>\n<p>Sie k\u00f6nnen die Regeln Ihres Spiels festlegen. Unabh\u00e4ngig davon, ob Sie dies \u00fcber Textnachrichten oder Video-Chats tun, k\u00f6nnen Sie genau steuern, wie oft Sie mit potenziellen \u00dcbereinstimmungen interagieren. Sie k\u00f6nnen Ihre Pr\u00e4ferenzen auch basierend auf Alter, Geschlecht, ethnischer Zugeh\u00f6rigkeit, Religion, sexueller Orientierung usw. festlegen. Wenn Sie bereit sind, k\u00f6nnen Sie einfach Ihre Einstellungen \u00e4ndern und wieder mit Personen interagieren.<\/p>\n","protected":false},"excerpt":{"rendered":"<p>Wenn Sie heute Abend nach etwas L\u00e4ssigem suchen, k\u00f6nnte es eine gute Idee sein, auf eine Anschluss-App oder Website zu gehen. Es gibt viele Optionen [&#8230;]<\/p>\n","protected":false},"author":1,"featured_media":0,"parent":0,"menu_order":0,"comment_status":"closed","ping_status":"closed","template":"","meta":[],"yoast_head":"<!-- This site is optimized with the Yoast SEO plugin v19.2 - https:\/\/yoast.com\/wordpress\/plugins\/seo\/ -->\n<title>Was ist der Unterschied zwischen Casual Hookup Apps &amp; Mainstream Dating - Chag Bewertungen<\/title>\n<meta name=\"robots\" content=\"index, follow, max-snippet:-1, max-image-preview:large, max-video-preview:-1\" \/>\n<link rel=\"canonical\" href=\"https:\/\/chagfordpool.co.uk\/de\/was-ist-der-unterschied-zwischen-casual-hookup-apps-mainstream-dating\/\" \/>\n<meta property=\"og:locale\" content=\"de_DE\" \/>\n<meta property=\"og:type\" content=\"article\" \/>\n<meta property=\"og:title\" content=\"Was ist der Unterschied zwischen Casual Hookup Apps &amp; Mainstream Dating - Chag Bewertungen\" \/>\n<meta property=\"og:description\" content=\"Wenn Sie heute Abend nach etwas L\u00e4ssigem suchen, k\u00f6nnte es eine gute Idee sein, auf eine Anschluss-App oder Website zu gehen. Es gibt viele Optionen [...]\" \/>\n<meta property=\"og:url\" content=\"https:\/\/chagfordpool.co.uk\/de\/was-ist-der-unterschied-zwischen-casual-hookup-apps-mainstream-dating\/\" \/>\n<meta property=\"og:site_name\" content=\"Chag Bewertungen\" \/>\n<meta property=\"article:modified_time\" content=\"2022-09-08T13:11:17+00:00\" \/>\n<meta name=\"author\" content=\"Expert Reviews\" \/>\n<meta name=\"twitter:card\" content=\"summary_large_image\" \/>\n<meta name=\"twitter:label1\" content=\"Gesch\u00e4tzte Lesezeit\" \/>\n\t<meta name=\"twitter:data1\" content=\"3\u00a0Minuten\" \/>\n<script type=\"application\/ld+json\" class=\"yoast-schema-graph\">{\"@context\":\"https:\/\/schema.org\",\"@graph\":[{\"@type\":\"WebSite\",\"@id\":\"https:\/\/chagfordpool.co.uk\/#website\",\"url\":\"https:\/\/chagfordpool.co.uk\/\",\"name\":\"Chag Bewertungen\",\"description\":\"Lokale Hookup-Apps\",\"potentialAction\":[{\"@type\":\"SearchAction\",\"target\":{\"@type\":\"EntryPoint\",\"urlTemplate\":\"https:\/\/chagfordpool.co.uk\/?s={search_term_string}\"},\"query-input\":\"required name=search_term_string\"}],\"inLanguage\":\"de\"},{\"@type\":\"WebPage\",\"@id\":\"https:\/\/chagfordpool.co.uk\/de\/was-ist-der-unterschied-zwischen-casual-hookup-apps-mainstream-dating\/#webpage\",\"url\":\"https:\/\/chagfordpool.co.uk\/de\/was-ist-der-unterschied-zwischen-casual-hookup-apps-mainstream-dating\/\",\"name\":\"Was ist der Unterschied zwischen Casual Hookup Apps &amp; Mainstream Dating - Chag Bewertungen\",\"isPartOf\":{\"@id\":\"https:\/\/chagfordpool.co.uk\/#website\"},\"datePublished\":\"2022-07-26T11:33:19+00:00\",\"dateModified\":\"2022-09-08T13:11:17+00:00\",\"breadcrumb\":{\"@id\":\"https:\/\/chagfordpool.co.uk\/de\/was-ist-der-unterschied-zwischen-casual-hookup-apps-mainstream-dating\/#breadcrumb\"},\"inLanguage\":\"de\",\"potentialAction\":[{\"@type\":\"ReadAction\",\"target\":[\"https:\/\/chagfordpool.co.uk\/de\/was-ist-der-unterschied-zwischen-casual-hookup-apps-mainstream-dating\/\"]}]},{\"@type\":\"BreadcrumbList\",\"@id\":\"https:\/\/chagfordpool.co.uk\/de\/was-ist-der-unterschied-zwischen-casual-hookup-apps-mainstream-dating\/#breadcrumb\",\"itemListElement\":[{\"@type\":\"ListItem\",\"position\":1,\"name\":\"Heim\",\"item\":\"https:\/\/chagfordpool.co.uk\/de\/\"},{\"@type\":\"ListItem\",\"position\":2,\"name\":\"Was ist der Unterschied zwischen Casual Hookup Apps &amp; Mainstream Dating\"}]}]}<\/script>\n<!-- \/ Yoast SEO plugin. -->","yoast_head_json":{"title":"Was ist der Unterschied zwischen Casual Hookup Apps &amp; Mainstream Dating - Chag Bewertungen","robots":{"index":"index","follow":"follow","max-snippet":"max-snippet:-1","max-image-preview":"max-image-preview:large","max-video-preview":"max-video-preview:-1"},"canonical":"https:\/\/chagfordpool.co.uk\/de\/was-ist-der-unterschied-zwischen-casual-hookup-apps-mainstream-dating\/","og_locale":"de_DE","og_type":"article","og_title":"Was ist der Unterschied zwischen Casual Hookup Apps &amp; Mainstream Dating - Chag Bewertungen","og_description":"Wenn Sie heute Abend nach etwas L\u00e4ssigem suchen, k\u00f6nnte es eine gute Idee sein, auf eine Anschluss-App oder Website zu gehen. Es gibt viele Optionen [...]","og_url":"https:\/\/chagfordpool.co.uk\/de\/was-ist-der-unterschied-zwischen-casual-hookup-apps-mainstream-dating\/","og_site_name":"Chag Bewertungen","article_modified_time":"2022-09-08T13:11:17+00:00","author":"Expert Reviews","twitter_card":"summary_large_image","twitter_misc":{"Gesch\u00e4tzte Lesezeit":"3\u00a0Minuten"},"schema":{"@context":"https:\/\/schema.org","@graph":[{"@type":"WebSite","@id":"https:\/\/chagfordpool.co.uk\/#website","url":"https:\/\/chagfordpool.co.uk\/","name":"Chag Bewertungen","description":"Lokale Hookup-Apps","potentialAction":[{"@type":"SearchAction","target":{"@type":"EntryPoint","urlTemplate":"https:\/\/chagfordpool.co.uk\/?s={search_term_string}"},"query-input":"required name=search_term_string"}],"inLanguage":"de"},{"@type":"WebPage","@id":"https:\/\/chagfordpool.co.uk\/de\/was-ist-der-unterschied-zwischen-casual-hookup-apps-mainstream-dating\/#webpage","url":"https:\/\/chagfordpool.co.uk\/de\/was-ist-der-unterschied-zwischen-casual-hookup-apps-mainstream-dating\/","name":"Was ist der Unterschied zwischen Casual Hookup Apps &amp; Mainstream Dating - Chag Bewertungen","isPartOf":{"@id":"https:\/\/chagfordpool.co.uk\/#website"},"datePublished":"2022-07-26T11:33:19+00:00","dateModified":"2022-09-08T13:11:17+00:00","breadcrumb":{"@id":"https:\/\/chagfordpool.co.uk\/de\/was-ist-der-unterschied-zwischen-casual-hookup-apps-mainstream-dating\/#breadcrumb"},"inLanguage":"de","potentialAction":[{"@type":"ReadAction","target":["https:\/\/chagfordpool.co.uk\/de\/was-ist-der-unterschied-zwischen-casual-hookup-apps-mainstream-dating\/"]}]},{"@type":"BreadcrumbList","@id":"https:\/\/chagfordpool.co.uk\/de\/was-ist-der-unterschied-zwischen-casual-hookup-apps-mainstream-dating\/#breadcrumb","itemListElement":[{"@type":"ListItem","position":1,"name":"Heim","item":"https:\/\/chagfordpool.co.uk\/de\/"},{"@type":"ListItem","position":2,"name":"Was ist der Unterschied zwischen Casual Hookup Apps &amp; Mainstream Dating"}]}]}},"_links":{"self":[{"href":"https:\/\/chagfordpool.co.uk\/de\/wp-json\/wp\/v2\/pages\/212"}],"collection":[{"href":"https:\/\/chagfordpool.co.uk\/de\/wp-json\/wp\/v2\/pages"}],"about":[{"href":"https:\/\/chagfordpool.co.uk\/de\/wp-json\/wp\/v2\/types\/page"}],"author":[{"embeddable":true,"href":"https:\/\/chagfordpool.co.uk\/de\/wp-json\/wp\/v2\/users\/1"}],"replies":[{"embeddable":true,"href":"https:\/\/chagfordpool.co.uk\/de\/wp-json\/wp\/v2\/comments?post=212"}],"version-history":[{"count":1,"href":"https:\/\/chagfordpool.co.uk\/de\/wp-json\/wp\/v2\/pages\/212\/revisions"}],"predecessor-version":[{"id":368,"href":"https:\/\/chagfordpool.co.uk\/de\/wp-json\/wp\/v2\/pages\/212\/revisions\/368"}],"wp:attachment":[{"href":"https:\/\/chagfordpool.co.uk\/de\/wp-json\/wp\/v2\/media?parent=212"}],"curies":[{"name":"wp","href":"https:\/\/api.w.org\/{rel}","templated":true}]}}