{"id":228,"date":"2022-07-26T12:12:53","date_gmt":"2022-07-26T11:12:53","guid":{"rendered":"http:\/\/chagfordpool.co.uk\/beste-moeglichkeiten-anschluesse-zu-ihrem-vorteil-zu-nutzen\/"},"modified":"2022-08-15T19:56:02","modified_gmt":"2022-08-15T18:56:02","slug":"beste-moeglichkeiten-anschluesse-zu-ihrem-vorteil-zu-nutzen","status":"publish","type":"page","link":"https:\/\/chagfordpool.co.uk\/de\/beste-moeglichkeiten-anschluesse-zu-ihrem-vorteil-zu-nutzen\/","title":{"rendered":"Beste M\u00f6glichkeiten, Anschl\u00fcsse zu Ihrem Vorteil zu nutzen"},"content":{"rendered":"<p>Hookups sind <a href=\"http:\/\/chagfordpool.co.uk\/de\/lokale-dating-apps\/\">zuf\u00e4llige Begegnungen<\/a> zwischen zwei Personen, die nicht unbedingt romantisch involviert sind. W\u00e4hrend Anschl\u00fcsse unter College-Studenten \u00fcblich sind, k\u00f6nnen sie auch au\u00dferhalb der Schule stattfinden. Anschl\u00fcsse sind in der Regel kurzfristige Angelegenheiten, die von Stunden bis zu Tagen dauern.<\/p>\n<p>W\u00e4hrend Anschl\u00fcsse Spa\u00df machen, k\u00f6nnen sie zu Problemen auf der Stra\u00dfe f\u00fchren. Zum Beispiel k\u00f6nnen Verbindungen Gef\u00fchle der Eifersucht und Unsicherheit hervorrufen, besonders wenn sich beide Parteien nach der Begegnung immer noch sehen.<\/p>\n<p>Um diese negativen Emotionen zu vermeiden, versuchen Sie, fr\u00fchzeitig Grenzen zu setzen. Sagen Sie Ihrem Partner genau <a href=\"http:\/\/www.nsa-hookup.net\/de\/beste-kostenlose-sexting-sites\/\">sexting site<\/a>, was Sie von der Beziehung erwarten und was Sie nicht wollen. Denken Sie auch daran, dass Verbindungen nur ein Teil des Lebens sind, also lassen Sie nicht zu, dass sie Ihre Beziehungen zu Freunden oder Familienmitgliedern ruinieren.<\/p>\n<h2>Sollten Sie Leute in Ihrer N\u00e4he treffen?<\/h2>\n<p>Es gibt viele Orte online, an denen Sie jemanden treffen k\u00f6nnen, der sich verbinden m\u00f6chte. Aber es kann schwierig sein, eine <a href=\"http:\/\/chagfordpool.co.uk\/de\/wie-man-herausfindet-ob-er-dich-will\/\">lokale \u00dcbereinstimmung<\/a> zu finden. Deshalb lohnt es sich zu lernen, wie man Frauen in Bars und Clubs abholt.<\/p>\n<p>Auf der anderen Seite k\u00f6nnen Sie Frauen erkennen, die wirklich daran interessiert sind, M\u00e4nner zu treffen. Anstatt ihre Zeit damit zu verbringen, mit Freunden zu sprechen oder ihre Telefone zu \u00fcberpr\u00fcfen, konzentrieren sie sich darauf, Augenkontakt mit potenziellen Partnern aufzunehmen.<\/p>\n<p>Wenn Sie also das n\u00e4chste Mal unterwegs sind, suchen Sie nach <a href=\"https:\/\/www.localsexcontacts.com\/de\/kink-dating-website\/\">kink sites<\/a>, die darauf hinweisen, ob jemand daran interessiert ist, jemand anderen zu treffen. Wenn Sie eine Frau bemerken, die aufmerksam in ihr Getr\u00e4nk starrt, k\u00f6nnte sie dar\u00fcber nachdenken, jemanden zu treffen. Oder wenn ein Typ alleine steht, k\u00f6nnte er sich fragen, ob er in der Lage w\u00e4re, ein schnelles Lay zu erzielen.<\/p>\n<p>Hookups sind zuf\u00e4llige Begegnungen zwischen zwei Fremden, die sich online treffen. Diese Begegnungen passieren normalerweise \u00fcber Apps wie Tinder, Bumble, Grindr usw. und k\u00f6nnen zu Sex f\u00fchren. Hookups sind bei Singles und Paaren gleicherma\u00dfen beliebt, aber sie sind nicht immer sicher.<\/p>\n<h2>Play It Cool &#8211; Wie man den Kerl dazu bringt, zu dir zu kommen<\/h2>\n<p>H\u00e4nseleien sind der einfachste Weg, um einen Kerl dazu zu bringen, eifrig zu sein und sich anschlie\u00dfen zu wollen.<\/p>\n<p>Es gibt verschiedene Arten von Neckereien, darunter unbeschwerte H\u00e4nseleien, spielerische H\u00e4nseleien und sexuelle H\u00e4nseleien. Jede Art von H\u00e4nseleien erfordert einen etwas anderen Ansatz, aber das Ziel ist immer dasselbe: einen Kerl anzumachen.<\/p>\n<p>Unbeschwerte H\u00e4nseleien werden normalerweise im Scherz gemacht und beinhalten, sich \u00fcber jemanden lustig zu machen oder seine Pers\u00f6nlichkeitsmerkmale auszuspielen. Verspielte H\u00e4nseleien \u00e4hneln unbeschwerten H\u00e4nseleien, au\u00dfer dass es eher humorvoll als verletzend sein soll. Sexuelle H\u00e4nseleien sind die direkteste Form der H\u00e4nseleien und beinhalten den Flirt mit einem Mann in der Hoffnung, ihn anzumachen.<\/p>\n<p>Es ist wichtig, sich daran zu erinnern, dass H\u00e4nseleien nur ein Teil der Verf\u00fchrung sind. H\u00e4nseleien sind eine gro\u00dfartige M\u00f6glichkeit, Anziehungskraft aufzubauen, aber sie sollten nicht als Ersatz f\u00fcr andere Formen der Schmeichelei verwendet werden. Solange du aufrichtig bist, k\u00f6nnen H\u00e4nseleien zu einer erfolgreichen Beziehung f\u00fchren.<\/p>\n<h3>Komplimente machen<\/h3>\n<p>Komplimente sind eine gro\u00dfartige M\u00f6glichkeit, das Aussehen, die Pers\u00f6nlichkeit oder den Stil eines Mannes zu erg\u00e4nzen. Und vergiss nicht, andere Leute zu erw\u00e4hnen, die deine Aufmerksamkeit erregen.<\/p>\n<h3>Zeigen Sie Ihre Assets<\/h3>\n<p>Frauen bevorzugen in der Regel M\u00e4nner mit starken K\u00f6rpern, also wenn Sie versuchen, einen Mann anzuziehen, stellen Sie sicher, dass Sie Ihren K\u00f6rper zeigen.<\/p>\n<h3>Spiele spielen<\/h3>\n<p>Spiele sind eine weitere unterhaltsame Art, mit einem Kerl zu flirten. Versuchen Sie, ein <a href=\"https:\/\/www.free-adult-cams.com\/de\/kostenlose-video-chat-websites-fuer-erwachsene-keine-kreditkarte-erforderlich\/\">kostenlose sex cam<\/a> zu spielen, bei dem Sie gegeneinander antreten, um zu sehen, wer ihn zuerst k\u00fcssen darf. Oder spielen Sie ein Ratespiel, bei dem Sie anhand seiner Antworten erraten, was er mag.<\/p>\n<p>Denken Sie daran, dass H\u00e4nseleien nur ein Teil des Flirtens sind. Flirten beinhaltet viel mehr als nur H\u00e4nseleien. Du k\u00f6nntest ihn zum Beispiel nach seinen Interessen fragen, Geschichten \u00fcber dich erz\u00e4hlen oder ihn einladen, mit dir abzuh\u00e4ngen.<\/p>\n","protected":false},"excerpt":{"rendered":"<p>Hookups sind zuf\u00e4llige Begegnungen zwischen zwei Personen, die nicht unbedingt romantisch involviert sind. W\u00e4hrend Anschl\u00fcsse unter College-Studenten \u00fcblich sind, k\u00f6nnen sie auch au\u00dferhalb der Schule [&#8230;]<\/p>\n","protected":false},"author":1,"featured_media":129,"parent":0,"menu_order":0,"comment_status":"closed","ping_status":"closed","template":"","meta":[],"yoast_head":"<!-- This site is optimized with the Yoast SEO plugin v19.2 - https:\/\/yoast.com\/wordpress\/plugins\/seo\/ -->\n<title>Beste M\u00f6glichkeiten, Anschl\u00fcsse zu Ihrem Vorteil zu nutzen - Chag Bewertungen<\/title>\n<meta name=\"robots\" content=\"index, follow, max-snippet:-1, max-image-preview:large, max-video-preview:-1\" \/>\n<link rel=\"canonical\" href=\"https:\/\/chagfordpool.co.uk\/de\/beste-moeglichkeiten-anschluesse-zu-ihrem-vorteil-zu-nutzen\/\" \/>\n<meta property=\"og:locale\" content=\"de_DE\" \/>\n<meta property=\"og:type\" content=\"article\" \/>\n<meta property=\"og:title\" content=\"Beste M\u00f6glichkeiten, Anschl\u00fcsse zu Ihrem Vorteil zu nutzen - Chag Bewertungen\" \/>\n<meta property=\"og:description\" content=\"Hookups sind zuf\u00e4llige Begegnungen zwischen zwei Personen, die nicht unbedingt romantisch involviert sind. W\u00e4hrend Anschl\u00fcsse unter College-Studenten \u00fcblich sind, k\u00f6nnen sie auch au\u00dferhalb der Schule [...]\" \/>\n<meta property=\"og:url\" content=\"https:\/\/chagfordpool.co.uk\/de\/beste-moeglichkeiten-anschluesse-zu-ihrem-vorteil-zu-nutzen\/\" \/>\n<meta property=\"og:site_name\" content=\"Chag Bewertungen\" \/>\n<meta property=\"article:modified_time\" content=\"2022-08-15T18:56:02+00:00\" \/>\n<meta property=\"og:image\" content=\"https:\/\/chagfordpool.co.uk\/wp-content\/uploads\/2022\/07\/online-chatrooms.jpeg\" \/>\n\t<meta property=\"og:image:width\" content=\"500\" \/>\n\t<meta property=\"og:image:height\" content=\"332\" \/>\n\t<meta property=\"og:image:type\" content=\"image\/jpeg\" \/>\n<meta name=\"author\" content=\"Expert Reviews\" \/>\n<meta name=\"twitter:card\" content=\"summary_large_image\" \/>\n<meta name=\"twitter:label1\" content=\"Gesch\u00e4tzte Lesezeit\" \/>\n\t<meta name=\"twitter:data1\" content=\"3\u00a0Minuten\" \/>\n<script type=\"application\/ld+json\" class=\"yoast-schema-graph\">{\"@context\":\"https:\/\/schema.org\",\"@graph\":[{\"@type\":\"WebSite\",\"@id\":\"https:\/\/chagfordpool.co.uk\/#website\",\"url\":\"https:\/\/chagfordpool.co.uk\/\",\"name\":\"Chag Bewertungen\",\"description\":\"Lokale Hookup-Apps\",\"potentialAction\":[{\"@type\":\"SearchAction\",\"target\":{\"@type\":\"EntryPoint\",\"urlTemplate\":\"https:\/\/chagfordpool.co.uk\/?s={search_term_string}\"},\"query-input\":\"required name=search_term_string\"}],\"inLanguage\":\"de\"},{\"@type\":\"ImageObject\",\"inLanguage\":\"de\",\"@id\":\"https:\/\/chagfordpool.co.uk\/de\/beste-moeglichkeiten-anschluesse-zu-ihrem-vorteil-zu-nutzen\/#primaryimage\",\"url\":\"https:\/\/chagfordpool.co.uk\/wp-content\/uploads\/2022\/07\/online-chatrooms.jpeg\",\"contentUrl\":\"https:\/\/chagfordpool.co.uk\/wp-content\/uploads\/2022\/07\/online-chatrooms.jpeg\",\"width\":500,\"height\":332},{\"@type\":\"WebPage\",\"@id\":\"https:\/\/chagfordpool.co.uk\/de\/beste-moeglichkeiten-anschluesse-zu-ihrem-vorteil-zu-nutzen\/#webpage\",\"url\":\"https:\/\/chagfordpool.co.uk\/de\/beste-moeglichkeiten-anschluesse-zu-ihrem-vorteil-zu-nutzen\/\",\"name\":\"Beste M\u00f6glichkeiten, Anschl\u00fcsse zu Ihrem Vorteil zu nutzen - Chag Bewertungen\",\"isPartOf\":{\"@id\":\"https:\/\/chagfordpool.co.uk\/#website\"},\"primaryImageOfPage\":{\"@id\":\"https:\/\/chagfordpool.co.uk\/de\/beste-moeglichkeiten-anschluesse-zu-ihrem-vorteil-zu-nutzen\/#primaryimage\"},\"datePublished\":\"2022-07-26T11:12:53+00:00\",\"dateModified\":\"2022-08-15T18:56:02+00:00\",\"breadcrumb\":{\"@id\":\"https:\/\/chagfordpool.co.uk\/de\/beste-moeglichkeiten-anschluesse-zu-ihrem-vorteil-zu-nutzen\/#breadcrumb\"},\"inLanguage\":\"de\",\"potentialAction\":[{\"@type\":\"ReadAction\",\"target\":[\"https:\/\/chagfordpool.co.uk\/de\/beste-moeglichkeiten-anschluesse-zu-ihrem-vorteil-zu-nutzen\/\"]}]},{\"@type\":\"BreadcrumbList\",\"@id\":\"https:\/\/chagfordpool.co.uk\/de\/beste-moeglichkeiten-anschluesse-zu-ihrem-vorteil-zu-nutzen\/#breadcrumb\",\"itemListElement\":[{\"@type\":\"ListItem\",\"position\":1,\"name\":\"Heim\",\"item\":\"https:\/\/chagfordpool.co.uk\/de\/\"},{\"@type\":\"ListItem\",\"position\":2,\"name\":\"Beste M\u00f6glichkeiten, Anschl\u00fcsse zu Ihrem Vorteil zu nutzen\"}]}]}<\/script>\n<!-- \/ Yoast SEO plugin. -->","yoast_head_json":{"title":"Beste M\u00f6glichkeiten, Anschl\u00fcsse zu Ihrem Vorteil zu nutzen - Chag Bewertungen","robots":{"index":"index","follow":"follow","max-snippet":"max-snippet:-1","max-image-preview":"max-image-preview:large","max-video-preview":"max-video-preview:-1"},"canonical":"https:\/\/chagfordpool.co.uk\/de\/beste-moeglichkeiten-anschluesse-zu-ihrem-vorteil-zu-nutzen\/","og_locale":"de_DE","og_type":"article","og_title":"Beste M\u00f6glichkeiten, Anschl\u00fcsse zu Ihrem Vorteil zu nutzen - Chag Bewertungen","og_description":"Hookups sind zuf\u00e4llige Begegnungen zwischen zwei Personen, die nicht unbedingt romantisch involviert sind. W\u00e4hrend Anschl\u00fcsse unter College-Studenten \u00fcblich sind, k\u00f6nnen sie auch au\u00dferhalb der Schule [...]","og_url":"https:\/\/chagfordpool.co.uk\/de\/beste-moeglichkeiten-anschluesse-zu-ihrem-vorteil-zu-nutzen\/","og_site_name":"Chag Bewertungen","article_modified_time":"2022-08-15T18:56:02+00:00","og_image":[{"width":500,"height":332,"url":"https:\/\/chagfordpool.co.uk\/wp-content\/uploads\/2022\/07\/online-chatrooms.jpeg","type":"image\/jpeg"}],"author":"Expert Reviews","twitter_card":"summary_large_image","twitter_misc":{"Gesch\u00e4tzte Lesezeit":"3\u00a0Minuten"},"schema":{"@context":"https:\/\/schema.org","@graph":[{"@type":"WebSite","@id":"https:\/\/chagfordpool.co.uk\/#website","url":"https:\/\/chagfordpool.co.uk\/","name":"Chag Bewertungen","description":"Lokale Hookup-Apps","potentialAction":[{"@type":"SearchAction","target":{"@type":"EntryPoint","urlTemplate":"https:\/\/chagfordpool.co.uk\/?s={search_term_string}"},"query-input":"required name=search_term_string"}],"inLanguage":"de"},{"@type":"ImageObject","inLanguage":"de","@id":"https:\/\/chagfordpool.co.uk\/de\/beste-moeglichkeiten-anschluesse-zu-ihrem-vorteil-zu-nutzen\/#primaryimage","url":"https:\/\/chagfordpool.co.uk\/wp-content\/uploads\/2022\/07\/online-chatrooms.jpeg","contentUrl":"https:\/\/chagfordpool.co.uk\/wp-content\/uploads\/2022\/07\/online-chatrooms.jpeg","width":500,"height":332},{"@type":"WebPage","@id":"https:\/\/chagfordpool.co.uk\/de\/beste-moeglichkeiten-anschluesse-zu-ihrem-vorteil-zu-nutzen\/#webpage","url":"https:\/\/chagfordpool.co.uk\/de\/beste-moeglichkeiten-anschluesse-zu-ihrem-vorteil-zu-nutzen\/","name":"Beste M\u00f6glichkeiten, Anschl\u00fcsse zu Ihrem Vorteil zu nutzen - Chag Bewertungen","isPartOf":{"@id":"https:\/\/chagfordpool.co.uk\/#website"},"primaryImageOfPage":{"@id":"https:\/\/chagfordpool.co.uk\/de\/beste-moeglichkeiten-anschluesse-zu-ihrem-vorteil-zu-nutzen\/#primaryimage"},"datePublished":"2022-07-26T11:12:53+00:00","dateModified":"2022-08-15T18:56:02+00:00","breadcrumb":{"@id":"https:\/\/chagfordpool.co.uk\/de\/beste-moeglichkeiten-anschluesse-zu-ihrem-vorteil-zu-nutzen\/#breadcrumb"},"inLanguage":"de","potentialAction":[{"@type":"ReadAction","target":["https:\/\/chagfordpool.co.uk\/de\/beste-moeglichkeiten-anschluesse-zu-ihrem-vorteil-zu-nutzen\/"]}]},{"@type":"BreadcrumbList","@id":"https:\/\/chagfordpool.co.uk\/de\/beste-moeglichkeiten-anschluesse-zu-ihrem-vorteil-zu-nutzen\/#breadcrumb","itemListElement":[{"@type":"ListItem","position":1,"name":"Heim","item":"https:\/\/chagfordpool.co.uk\/de\/"},{"@type":"ListItem","position":2,"name":"Beste M\u00f6glichkeiten, Anschl\u00fcsse zu Ihrem Vorteil zu nutzen"}]}]}},"_links":{"self":[{"href":"https:\/\/chagfordpool.co.uk\/de\/wp-json\/wp\/v2\/pages\/228"}],"collection":[{"href":"https:\/\/chagfordpool.co.uk\/de\/wp-json\/wp\/v2\/pages"}],"about":[{"href":"https:\/\/chagfordpool.co.uk\/de\/wp-json\/wp\/v2\/types\/page"}],"author":[{"embeddable":true,"href":"https:\/\/chagfordpool.co.uk\/de\/wp-json\/wp\/v2\/users\/1"}],"replies":[{"embeddable":true,"href":"https:\/\/chagfordpool.co.uk\/de\/wp-json\/wp\/v2\/comments?post=228"}],"version-history":[{"count":2,"href":"https:\/\/chagfordpool.co.uk\/de\/wp-json\/wp\/v2\/pages\/228\/revisions"}],"predecessor-version":[{"id":364,"href":"https:\/\/chagfordpool.co.uk\/de\/wp-json\/wp\/v2\/pages\/228\/revisions\/364"}],"wp:featuredmedia":[{"embeddable":true,"href":"https:\/\/chagfordpool.co.uk\/de\/wp-json\/wp\/v2\/media\/129"}],"wp:attachment":[{"href":"https:\/\/chagfordpool.co.uk\/de\/wp-json\/wp\/v2\/media?parent=228"}],"curies":[{"name":"wp","href":"https:\/\/api.w.org\/{rel}","templated":true}]}}