{"id":168,"date":"2022-07-26T11:31:46","date_gmt":"2022-07-26T10:31:46","guid":{"rendered":"http:\/\/chagfordpool.co.uk\/experto-en-citas-locales-nuestros-mejores-consejos-para-el-amor\/"},"modified":"2022-08-15T13:01:05","modified_gmt":"2022-08-15T12:01:05","slug":"experto-en-citas-locales-nuestros-mejores-consejos-para-el-amor","status":"publish","type":"page","link":"https:\/\/chagfordpool.co.uk\/es\/","title":{"rendered":"Experto en citas locales: nuestros mejores consejos para el amor"},"content":{"rendered":"<p>El mundo en el que vivimos hoy ha cambiado para siempre debido al COVID-19. Hemos visto c\u00f3mo la tecnolog\u00eda nos ha ayudado durante esta pandemia, y ahora queremos ayudarte a encontrar el amor de nuevo.<\/p>\n<p>Hay cientos de aplicaciones de citas en l\u00ednea por ah\u00ed, pero \u00bfqu\u00e9 hace que una sea mejor que otras? \u00bfQu\u00e9 hace que uno se destaque por encima del resto? \u00bfEs el dise\u00f1o? \u00bfO son las caracter\u00edsticas?<\/p>\n<p>Tomamos cada una de las <a href=\"http:\/\/www.paginas-de-sexo.com\/pagina-swingers\/\">pagina swinger<\/a> m\u00e1s populares para ver qu\u00e9 tan buenas son realmente. Desde el n\u00famero de miembros, hasta la cantidad de coincidencias y la calidad general de la experiencia, clasificamos cada aplicaci\u00f3n en funci\u00f3n de nuestros hallazgos.<\/p>\n<p>Entonces, ya sea que est\u00e9 buscando una relaci\u00f3n seria o solo algunas citas divertidas, aqu\u00ed est\u00e1n las mejores aplicaciones de citas de 2022.<\/p>\n<h2>Nuestras tres mejores selecciones para citas<\/h2>\n<p>Hay muchos tipos diferentes de sitios de citas por ah\u00ed, cada uno atendiendo a necesidades espec\u00edficas. Algunas personas quieren conocer gente solo por diversi\u00f3n, mientras que otras buscan relaciones serias. Si est\u00e1 interesado en conocer gente en l\u00ednea, es \u00fatil saber qu\u00e9 tipo de sitio debe usar. Aqu\u00ed hay tres sitios de conexi\u00f3n populares y c\u00f3mo difieren entre s\u00ed.<\/p>\n<h3>OkCupid<\/h3>\n<p>OkCupid es probablemente el sitio de conexi\u00f3n m\u00e1s conocido que existe. Cuenta con m\u00e1s de 40 millones de miembros activos en todo el mundo, lo que la convierte en una de las plataformas de citas m\u00e1s grandes que existen. El sitio le permite registrarse de forma gratuita y navegar por perfiles basados en la ubicaci\u00f3n, la edad, el estado civil, el g\u00e9nero, la etnia, la religi\u00f3n, el nivel de educaci\u00f3n, el trabajo, el tipo de cuerpo, la altura, el color del cabello y mucho m\u00e1s. Incluso hay secciones especiales donde puede filtrar por personas con intereses similares. Puede enviar mensajes, chatear y concertar citas con cualquier persona cercana.<\/p>\n<h3>Yesca<\/h3>\n<p>Tinder es definitivamente una multitud m\u00e1s joven en comparaci\u00f3n con OkCupid. Es mejor conocida por ser la aplicaci\u00f3n utilizada para deslizar hacia la izquierda o hacia la derecha en posibles coincidencias. Los usuarios pueden establecer preferencias, como si les gustar\u00eda o no ver fotos de posibles parejas, y pueden seleccionar ciertos criterios que est\u00e1n buscando, como raza, religi\u00f3n, orientaci\u00f3n sexual y m\u00e1s. Una vez que haya encontrado una coincidencia, puede continuar chateando o pasar a la siguiente persona.<\/p>\n<h3>PlentyOfFish<\/h3>\n<p>PlentyOfFish est\u00e1 un poco menos centrado en el romance y mucho m\u00e1s en el sexo. De hecho, es el <a href=\"http:\/\/www.free-sex-games-no-credit-card.com\/es\/\">juegos sexo gratis<\/a> m\u00e1s grande del mundo para solteros adultos. Con m\u00e1s de 50 millones de usuarios registrados, PlentyOfFish atiende espec\u00edficamente a adultos que buscan asuntos discretos. Esto incluye a aquellos que buscan parejas, tr\u00edos, cuartetos y sexo en grupo. Todo lo que necesita hacer es completar un perfil con informaci\u00f3n b\u00e1sica, cargar una foto y comenzar a deslizar.<\/p>\n<h2>C\u00f3mo elegir las mejores aplicaciones de conexi\u00f3n<\/h2>\n<p><img loading=\"lazy\" class=\"size-large wp-image-53 aligncenter\" src=\"http:\/\/chagfordpool.co.uk\/wp-content\/uploads\/2022\/07\/local-chat-apps-for-dating-1024x734.webp\" alt=\"\" width=\"784\" height=\"562\" srcset=\"https:\/\/chagfordpool.co.uk\/wp-content\/uploads\/2022\/07\/local-chat-apps-for-dating-1024x734.webp 1024w, https:\/\/chagfordpool.co.uk\/wp-content\/uploads\/2022\/07\/local-chat-apps-for-dating-300x215.webp 300w, https:\/\/chagfordpool.co.uk\/wp-content\/uploads\/2022\/07\/local-chat-apps-for-dating-768x551.webp 768w, https:\/\/chagfordpool.co.uk\/wp-content\/uploads\/2022\/07\/local-chat-apps-for-dating.webp 1046w\" sizes=\"(max-width: 784px) 100vw, 784px\" \/><\/p>\n<p>En el mundo de hoy, todo el mundo quiere encontrar el amor en l\u00ednea. Hay muchas aplicaciones de citas por ah\u00ed, cada una afirmando ser mejor que otras.<\/p>\n<p>Sin embargo, creemos que no necesita pasar horas navegando por perfiles en cientos de sitios diferentes <a href=\"http:\/\/www.paginas-para-follar.com\/\">pagina para follar<\/a> a alguien compatible. Puedes hacerlo todo dentro de una sola aplicaci\u00f3n.<\/p>\n<p>Entonces, \u00bfqu\u00e9 hace que una buena aplicaci\u00f3n de citas? Aqu\u00ed hay algunas caracter\u00edsticas que conforman el casamentero perfecto:<\/p>\n<h3>\u00bfQu\u00e9 est\u00e1s buscando?<\/h3>\n<p>\u00bfTirar? \u00bfA largo plazo? \u00bfUn asunto secreto?<\/p>\n<p>Lo primero que quieres hacer es averiguar qu\u00e9 tipo de persona est\u00e1s buscando. Ya sea que est\u00e9 buscando un amigo, amante, pareja o algo completamente diferente, saber lo que est\u00e1 buscando por adelantado puede ahorrarle mucha angustia en el futuro. Por ejemplo, si est\u00e1 buscando una pareja rom\u00e1ntica, no querr\u00e1 perder el tiempo chateando con extra\u00f1os al azar en l\u00ednea. En su lugar, querr\u00e1 centrarse en encontrar personas de ideas afines que est\u00e9n interesadas en conocer a otros con objetivos similares.<\/p>\n<p>Una vez que haya descubierto lo que est\u00e1 buscando, es hora de decidir d\u00f3nde desea conocer a socios potenciales. Hay muchas opciones disponibles para usted, incluidas las siguientes:<\/p>\n<p>\u2022 Sitios y aplicaciones de citas en l\u00ednea<\/p>\n<p>\u2022 Plataformas de redes sociales<\/p>\n<p>\u2022 Encuentros<\/p>\n<p>\u2022 Bares\/discotecas locales<\/p>\n<h3>Funciones<\/h3>\n<p>Los mejores sitios de citas en l\u00ednea ofrecen muchas caracter\u00edsticas y opciones para mantenerte comprometido. Le permiten navegar por los perfiles seg\u00fan la ubicaci\u00f3n, el rango de edad, el tipo de relaci\u00f3n, el g\u00e9nero, etc., y filtrar las coincidencias en funci\u00f3n de esas preferencias. Algunos incluso le permiten configurar alertas por correo electr\u00f3nico para notificarle cada vez que alguien le env\u00ede un mensaje.<\/p>\n<p>Puede usar filtros para reducir las parejas potenciales en funci\u00f3n de criterios como la religi\u00f3n, el origen \u00e9tnico, la altura, el tipo de cuerpo, los intereses, etc. Tambi\u00e9n puede guardar las b\u00fasquedas para acceder m\u00e1s tarde.<\/p>\n<p>Algunas aplicaciones ofrecen caracter\u00edsticas adicionales como salas de chat donde puede interactuar con personas, videollamadas, chats grupales y foros donde puede discutir temas relacionados con el amor y las relaciones.<\/p>\n<p>La mayor\u00eda de estas aplicaciones cobran tarifas mensuales que oscilan entre $ 10 y $ 50. Sin embargo, tambi\u00e9n hay versiones gratuitas de la mayor\u00eda de las aplicaciones. As\u00ed que echa un vistazo a nuestra lista de las mejores aplicaciones de citas para Android e iOS para ver cu\u00e1les se ajustan a tus necesidades.<\/p>\n<h3>Funciones &#8211; \u00bfDeslizar? \u00bfMatchmaking?<\/h3>\n<p>Cuando se trata de aplicaciones de citas en l\u00ednea, hay algunas cosas que simplemente no debes hacer. Por ejemplo, no deslice el dedo hacia la izquierda o hacia la derecha sin leer el perfil. O bien, no intentes saltar a conversaciones con otra persona porque est\u00e1s aburrido. Y definitivamente no env\u00edes mensajes a extra\u00f1os.<\/p>\n<p>Pero aunque la mayor\u00eda de la gente conoce estas reglas, muchos todav\u00eda cometen errores. Podr\u00eda pensar que la mejor manera de evitar cometer errores vergonzosos es apegarse a una aplicaci\u00f3n exclusivamente. Pero en realidad, la mejor estrategia es mezclar diferentes aplicaciones. Esto le permite encontrar coincidencias compatibles en m\u00faltiples plataformas y facilita el seguimiento de las fechas. Adem\u00e1s, no sentir\u00e1s que te est\u00e1s perdiendo nada importante.<\/p>\n<p>Por ejemplo, si quieres tener una cita con alguien que conociste en Tinder, puedes cambiar a Bumble. Si prefieres chatear con alguien a quien has estado enviando mensajes en OkCupid, puedes cambiar all\u00ed. Y si prefieres hablar con alguien de PlentyOfFish, puedes saltar a Hinge.<\/p>\n","protected":false},"excerpt":{"rendered":"<p>El mundo en el que vivimos hoy ha cambiado para siempre debido al COVID-19. Hemos visto c\u00f3mo la tecnolog\u00eda nos ha ayudado durante esta pandemia, [&#8230;]<\/p>\n","protected":false},"author":1,"featured_media":94,"parent":0,"menu_order":0,"comment_status":"closed","ping_status":"closed","template":"","meta":[],"yoast_head":"<!-- This site is optimized with the Yoast SEO plugin v19.2 - https:\/\/yoast.com\/wordpress\/plugins\/seo\/ -->\n<title>Experto en citas locales: nuestros mejores consejos para el amor - Rese\u00f1as de Chag<\/title>\n<meta name=\"robots\" content=\"index, follow, max-snippet:-1, max-image-preview:large, max-video-preview:-1\" \/>\n<link rel=\"canonical\" href=\"https:\/\/chagfordpool.co.uk\/es\/\" \/>\n<meta property=\"og:locale\" content=\"es_ES\" \/>\n<meta property=\"og:type\" content=\"article\" \/>\n<meta property=\"og:title\" content=\"Experto en citas locales: nuestros mejores consejos para el amor - Rese\u00f1as de Chag\" \/>\n<meta property=\"og:description\" content=\"El mundo en el que vivimos hoy ha cambiado para siempre debido al COVID-19. Hemos visto c\u00f3mo la tecnolog\u00eda nos ha ayudado durante esta pandemia, [...]\" \/>\n<meta property=\"og:url\" content=\"https:\/\/chagfordpool.co.uk\/es\/\" \/>\n<meta property=\"og:site_name\" content=\"Rese\u00f1as de Chag\" \/>\n<meta property=\"article:modified_time\" content=\"2022-08-15T12:01:05+00:00\" \/>\n<meta property=\"og:image\" content=\"https:\/\/chagfordpool.co.uk\/wp-content\/uploads\/2022\/07\/match-dating-websites.jpeg\" \/>\n\t<meta property=\"og:image:width\" content=\"500\" \/>\n\t<meta property=\"og:image:height\" content=\"333\" \/>\n\t<meta property=\"og:image:type\" content=\"image\/jpeg\" \/>\n<meta name=\"author\" content=\"Expert Reviews\" \/>\n<meta name=\"twitter:card\" content=\"summary_large_image\" \/>\n<meta name=\"twitter:label1\" content=\"Tiempo de lectura\" \/>\n\t<meta name=\"twitter:data1\" content=\"6 minutos\" \/>\n<script type=\"application\/ld+json\" class=\"yoast-schema-graph\">{\"@context\":\"https:\/\/schema.org\",\"@graph\":[{\"@type\":\"WebSite\",\"@id\":\"https:\/\/chagfordpool.co.uk\/#website\",\"url\":\"https:\/\/chagfordpool.co.uk\/\",\"name\":\"Rese\u00f1as de Chag\",\"description\":\"Aplicaciones de conexi\u00f3n local\",\"potentialAction\":[{\"@type\":\"SearchAction\",\"target\":{\"@type\":\"EntryPoint\",\"urlTemplate\":\"https:\/\/chagfordpool.co.uk\/?s={search_term_string}\"},\"query-input\":\"required name=search_term_string\"}],\"inLanguage\":\"es\"},{\"@type\":\"ImageObject\",\"inLanguage\":\"es\",\"@id\":\"https:\/\/chagfordpool.co.uk\/es\/#primaryimage\",\"url\":\"https:\/\/chagfordpool.co.uk\/wp-content\/uploads\/2022\/07\/match-dating-websites.jpeg\",\"contentUrl\":\"https:\/\/chagfordpool.co.uk\/wp-content\/uploads\/2022\/07\/match-dating-websites.jpeg\",\"width\":500,\"height\":333},{\"@type\":\"WebPage\",\"@id\":\"https:\/\/chagfordpool.co.uk\/es\/#webpage\",\"url\":\"https:\/\/chagfordpool.co.uk\/es\/\",\"name\":\"Experto en citas locales: nuestros mejores consejos para el amor - Rese\u00f1as de Chag\",\"isPartOf\":{\"@id\":\"https:\/\/chagfordpool.co.uk\/#website\"},\"primaryImageOfPage\":{\"@id\":\"https:\/\/chagfordpool.co.uk\/es\/#primaryimage\"},\"datePublished\":\"2022-07-26T10:31:46+00:00\",\"dateModified\":\"2022-08-15T12:01:05+00:00\",\"breadcrumb\":{\"@id\":\"https:\/\/chagfordpool.co.uk\/es\/#breadcrumb\"},\"inLanguage\":\"es\",\"potentialAction\":[{\"@type\":\"ReadAction\",\"target\":[\"https:\/\/chagfordpool.co.uk\/es\/\"]}]},{\"@type\":\"BreadcrumbList\",\"@id\":\"https:\/\/chagfordpool.co.uk\/es\/#breadcrumb\",\"itemListElement\":[{\"@type\":\"ListItem\",\"position\":1,\"name\":\"Hogar\",\"item\":\"https:\/\/chagfordpool.co.uk\/es\/\"},{\"@type\":\"ListItem\",\"position\":2,\"name\":\"Experto en citas locales: nuestros mejores consejos para el amor\"}]}]}<\/script>\n<!-- \/ Yoast SEO plugin. -->","yoast_head_json":{"title":"Experto en citas locales: nuestros mejores consejos para el amor - Rese\u00f1as de Chag","robots":{"index":"index","follow":"follow","max-snippet":"max-snippet:-1","max-image-preview":"max-image-preview:large","max-video-preview":"max-video-preview:-1"},"canonical":"https:\/\/chagfordpool.co.uk\/es\/","og_locale":"es_ES","og_type":"article","og_title":"Experto en citas locales: nuestros mejores consejos para el amor - Rese\u00f1as de Chag","og_description":"El mundo en el que vivimos hoy ha cambiado para siempre debido al COVID-19. Hemos visto c\u00f3mo la tecnolog\u00eda nos ha ayudado durante esta pandemia, [...]","og_url":"https:\/\/chagfordpool.co.uk\/es\/","og_site_name":"Rese\u00f1as de Chag","article_modified_time":"2022-08-15T12:01:05+00:00","og_image":[{"width":500,"height":333,"url":"https:\/\/chagfordpool.co.uk\/wp-content\/uploads\/2022\/07\/match-dating-websites.jpeg","type":"image\/jpeg"}],"author":"Expert Reviews","twitter_card":"summary_large_image","twitter_misc":{"Tiempo de lectura":"6 minutos"},"schema":{"@context":"https:\/\/schema.org","@graph":[{"@type":"WebSite","@id":"https:\/\/chagfordpool.co.uk\/#website","url":"https:\/\/chagfordpool.co.uk\/","name":"Rese\u00f1as de Chag","description":"Aplicaciones de conexi\u00f3n local","potentialAction":[{"@type":"SearchAction","target":{"@type":"EntryPoint","urlTemplate":"https:\/\/chagfordpool.co.uk\/?s={search_term_string}"},"query-input":"required name=search_term_string"}],"inLanguage":"es"},{"@type":"ImageObject","inLanguage":"es","@id":"https:\/\/chagfordpool.co.uk\/es\/#primaryimage","url":"https:\/\/chagfordpool.co.uk\/wp-content\/uploads\/2022\/07\/match-dating-websites.jpeg","contentUrl":"https:\/\/chagfordpool.co.uk\/wp-content\/uploads\/2022\/07\/match-dating-websites.jpeg","width":500,"height":333},{"@type":"WebPage","@id":"https:\/\/chagfordpool.co.uk\/es\/#webpage","url":"https:\/\/chagfordpool.co.uk\/es\/","name":"Experto en citas locales: nuestros mejores consejos para el amor - Rese\u00f1as de Chag","isPartOf":{"@id":"https:\/\/chagfordpool.co.uk\/#website"},"primaryImageOfPage":{"@id":"https:\/\/chagfordpool.co.uk\/es\/#primaryimage"},"datePublished":"2022-07-26T10:31:46+00:00","dateModified":"2022-08-15T12:01:05+00:00","breadcrumb":{"@id":"https:\/\/chagfordpool.co.uk\/es\/#breadcrumb"},"inLanguage":"es","potentialAction":[{"@type":"ReadAction","target":["https:\/\/chagfordpool.co.uk\/es\/"]}]},{"@type":"BreadcrumbList","@id":"https:\/\/chagfordpool.co.uk\/es\/#breadcrumb","itemListElement":[{"@type":"ListItem","position":1,"name":"Hogar","item":"https:\/\/chagfordpool.co.uk\/es\/"},{"@type":"ListItem","position":2,"name":"Experto en citas locales: nuestros mejores consejos para el amor"}]}]}},"_links":{"self":[{"href":"https:\/\/chagfordpool.co.uk\/es\/wp-json\/wp\/v2\/pages\/168"}],"collection":[{"href":"https:\/\/chagfordpool.co.uk\/es\/wp-json\/wp\/v2\/pages"}],"about":[{"href":"https:\/\/chagfordpool.co.uk\/es\/wp-json\/wp\/v2\/types\/page"}],"author":[{"embeddable":true,"href":"https:\/\/chagfordpool.co.uk\/es\/wp-json\/wp\/v2\/users\/1"}],"replies":[{"embeddable":true,"href":"https:\/\/chagfordpool.co.uk\/es\/wp-json\/wp\/v2\/comments?post=168"}],"version-history":[{"count":1,"href":"https:\/\/chagfordpool.co.uk\/es\/wp-json\/wp\/v2\/pages\/168\/revisions"}],"predecessor-version":[{"id":329,"href":"https:\/\/chagfordpool.co.uk\/es\/wp-json\/wp\/v2\/pages\/168\/revisions\/329"}],"wp:featuredmedia":[{"embeddable":true,"href":"https:\/\/chagfordpool.co.uk\/es\/wp-json\/wp\/v2\/media\/94"}],"wp:attachment":[{"href":"https:\/\/chagfordpool.co.uk\/es\/wp-json\/wp\/v2\/media?parent=168"}],"curies":[{"name":"wp","href":"https:\/\/api.w.org\/{rel}","templated":true}]}}