{"id":177,"date":"2022-07-26T12:08:22","date_gmt":"2022-07-26T11:08:22","guid":{"rendered":"http:\/\/chagfordpool.co.uk\/como-saber-si-el-te-quiere\/"},"modified":"2022-07-26T12:08:22","modified_gmt":"2022-07-26T11:08:22","slug":"como-saber-si-el-te-quiere","status":"publish","type":"page","link":"https:\/\/chagfordpool.co.uk\/es\/como-saber-si-el-te-quiere\/","title":{"rendered":"C\u00f3mo saber si \u00e9l te quiere"},"content":{"rendered":"<p>Hay dos tipos de hombres: los que quieren ser queridos y los que quieren ser necesitados.<\/p>\n<p>Si bien ambos son igualmente atractivos, este \u00faltimo tipo es mucho m\u00e1s f\u00e1cil de atraer. Los hombres que quieren ser necesitados tienden a ser necesitados y pegajosos. Cuando conoces a alguien as\u00ed, te sentir\u00e1s inc\u00f3modo y te preguntar\u00e1s si quiere ser amigo o simplemente te necesita.<\/p>\n<p>Para evitar caer en esta trampa, aqu\u00ed hay cuatro consejos para ayudarte a averiguar si realmente quiere ser amigo o si solo quiere ser necesario.<\/p>\n<h3>\u00bfHabla de sus ex?<\/h3>\n<p>Los hombres que est\u00e1n inseguros de s\u00ed mismos generalmente tratan <a href=\"http:\/\/chagfordpool.co.uk\/es\/juego-de-roles-citas-sexuales\/\">de compensar hablando de otras mujeres<\/a>. Si bien esto puede parecer lo suficientemente inofensivo, podr\u00eda indicar que est\u00e1 tratando de llenar un vac\u00edo emocional dentro de s\u00ed mismo.<\/p>\n<h3>\u00bfSiempre est\u00e1 pidiendo favores?<\/h3>\n<p>Si te pide que hagas algo por \u00e9l todos los d\u00edas, entonces probablemente quiera ser necesario. Incluso puede esperar que hagas cualquier cosa por \u00e9l, incluyendo limpiar su casa, cocinar la cena y cuidar a sus hijos.<\/p>\n<h3>\u00bfTe dice lo bonita que te ves?<\/h3>\n<p>Esta es otra se\u00f1al de que quiere ser necesitado. Si te dice lo hermosa que eres, probablemente sea inseguro y se sienta inadecuado.<\/p>\n<h3>\u00bfTe felicita?<\/h3>\n<p>Los hombres que tienen confianza en s\u00ed mismos rara vez necesitan cumplidos. Sin embargo, si te da cumplidos, <a href=\"http:\/\/chagfordpool.co.uk\/es\/aplicaciones-de-citas-locales\/\">presta atenci\u00f3n a c\u00f3mo los dice<\/a>. Si usa palabras como \u00abhermoso\u00bb, \u00absexy\u00bb o \u00abcaliente\u00bb, entonces probablemente sea inseguro y quiera ser necesario. Pero si usa palabras como \u00abinteligente\u00bb, \u00abdivertido\u00bb o \u00abgenial\u00bb, entonces es probable que est\u00e9 seguro y c\u00f3modo consigo mismo.<\/p>\n<p>Estos signos no son infalibles, pero pueden ayudarte a determinar si \u00e9l quiere ser necesario o simplemente quiere ser amigo.<\/p>\n<h2>\u00bfTodav\u00eda confundido?<\/h2>\n<p>Si todav\u00eda est\u00e1s luchando, echa un vistazo a estas 5 preguntas r\u00e1pidas que puedes usar para averiguar si le gustas a un chico \/ chica:<\/p>\n<h3>Hacer preguntas<\/h3>\n<p>A los hombres les encanta hablar de s\u00ed mismos, por lo que hacer preguntas muestra inter\u00e9s. Hacer preguntas abiertas le permite aprender m\u00e1s sobre sus intereses y pasatiempos.<\/p>\n<h3>Hacer contacto visual<\/h3>\n<p>Cuando note que lo miras, se sentir\u00e1 halagado. Y cuando mires hacia abajo, \u00e9l se preguntar\u00e1 en qu\u00e9 estabas pensando.<\/p>\n<h3>Escucha atentamente<\/h3>\n<p>Quiere saber que te importa lo que dice. No lo interrumpas mientras habla; d\u00e9jalo terminar sus pensamientos. Luego asiente y sonr\u00ede.<\/p>\n<h3>Felicitarlo<\/h3>\n<p>Dile lo guapo que se ve, lo inteligente que parece o lo mucho que lo admiras. Estos cumplidos lo har\u00e1n sentir especial y apreciado.<\/p>\n<h3>Dale espacio<\/h3>\n<p>Hazle saber que est\u00e1s escuchando d\u00e1ndole mucho espacio. Si\u00e9ntese lo suficientemente cerca como para escucharlo, pero lo suficientemente separado como para que se sienta c\u00f3modo hablando.<\/p>\n","protected":false},"excerpt":{"rendered":"<p>Hay dos tipos de hombres: los que quieren ser queridos y los que quieren ser necesitados. Si bien ambos son igualmente atractivos, este \u00faltimo tipo [&#8230;]<\/p>\n","protected":false},"author":1,"featured_media":124,"parent":0,"menu_order":0,"comment_status":"closed","ping_status":"closed","template":"","meta":[],"yoast_head":"<!-- This site is optimized with the Yoast SEO plugin v19.2 - https:\/\/yoast.com\/wordpress\/plugins\/seo\/ -->\n<title>C\u00f3mo saber si \u00e9l te quiere - Rese\u00f1as de Chag<\/title>\n<meta name=\"robots\" content=\"index, follow, max-snippet:-1, max-image-preview:large, max-video-preview:-1\" \/>\n<link rel=\"canonical\" href=\"https:\/\/chagfordpool.co.uk\/es\/como-saber-si-el-te-quiere\/\" \/>\n<meta property=\"og:locale\" content=\"es_ES\" \/>\n<meta property=\"og:type\" content=\"article\" \/>\n<meta property=\"og:title\" content=\"C\u00f3mo saber si \u00e9l te quiere - Rese\u00f1as de Chag\" \/>\n<meta property=\"og:description\" content=\"Hay dos tipos de hombres: los que quieren ser queridos y los que quieren ser necesitados. Si bien ambos son igualmente atractivos, este \u00faltimo tipo [...]\" \/>\n<meta property=\"og:url\" content=\"https:\/\/chagfordpool.co.uk\/es\/como-saber-si-el-te-quiere\/\" \/>\n<meta property=\"og:site_name\" content=\"Rese\u00f1as de Chag\" \/>\n<meta property=\"og:image\" content=\"https:\/\/chagfordpool.co.uk\/wp-content\/uploads\/2022\/07\/hookup.jpeg\" \/>\n\t<meta property=\"og:image:width\" content=\"1200\" \/>\n\t<meta property=\"og:image:height\" content=\"1500\" \/>\n\t<meta property=\"og:image:type\" content=\"image\/jpeg\" \/>\n<meta name=\"author\" content=\"Expert Reviews\" \/>\n<meta name=\"twitter:card\" content=\"summary_large_image\" \/>\n<meta name=\"twitter:label1\" content=\"Tiempo de lectura\" \/>\n\t<meta name=\"twitter:data1\" content=\"2 minutos\" \/>\n<script type=\"application\/ld+json\" class=\"yoast-schema-graph\">{\"@context\":\"https:\/\/schema.org\",\"@graph\":[{\"@type\":\"WebSite\",\"@id\":\"https:\/\/chagfordpool.co.uk\/#website\",\"url\":\"https:\/\/chagfordpool.co.uk\/\",\"name\":\"Rese\u00f1as de Chag\",\"description\":\"Aplicaciones de conexi\u00f3n local\",\"potentialAction\":[{\"@type\":\"SearchAction\",\"target\":{\"@type\":\"EntryPoint\",\"urlTemplate\":\"https:\/\/chagfordpool.co.uk\/?s={search_term_string}\"},\"query-input\":\"required name=search_term_string\"}],\"inLanguage\":\"es\"},{\"@type\":\"ImageObject\",\"inLanguage\":\"es\",\"@id\":\"https:\/\/chagfordpool.co.uk\/es\/como-saber-si-el-te-quiere\/#primaryimage\",\"url\":\"https:\/\/chagfordpool.co.uk\/wp-content\/uploads\/2022\/07\/hookup.jpeg\",\"contentUrl\":\"https:\/\/chagfordpool.co.uk\/wp-content\/uploads\/2022\/07\/hookup.jpeg\",\"width\":1200,\"height\":1500},{\"@type\":\"WebPage\",\"@id\":\"https:\/\/chagfordpool.co.uk\/es\/como-saber-si-el-te-quiere\/#webpage\",\"url\":\"https:\/\/chagfordpool.co.uk\/es\/como-saber-si-el-te-quiere\/\",\"name\":\"C\u00f3mo saber si \u00e9l te quiere - Rese\u00f1as de Chag\",\"isPartOf\":{\"@id\":\"https:\/\/chagfordpool.co.uk\/#website\"},\"primaryImageOfPage\":{\"@id\":\"https:\/\/chagfordpool.co.uk\/es\/como-saber-si-el-te-quiere\/#primaryimage\"},\"datePublished\":\"2022-07-26T11:08:22+00:00\",\"dateModified\":\"2022-07-26T11:08:22+00:00\",\"breadcrumb\":{\"@id\":\"https:\/\/chagfordpool.co.uk\/es\/como-saber-si-el-te-quiere\/#breadcrumb\"},\"inLanguage\":\"es\",\"potentialAction\":[{\"@type\":\"ReadAction\",\"target\":[\"https:\/\/chagfordpool.co.uk\/es\/como-saber-si-el-te-quiere\/\"]}]},{\"@type\":\"BreadcrumbList\",\"@id\":\"https:\/\/chagfordpool.co.uk\/es\/como-saber-si-el-te-quiere\/#breadcrumb\",\"itemListElement\":[{\"@type\":\"ListItem\",\"position\":1,\"name\":\"Hogar\",\"item\":\"https:\/\/chagfordpool.co.uk\/es\/\"},{\"@type\":\"ListItem\",\"position\":2,\"name\":\"C\u00f3mo saber si \u00e9l te quiere\"}]}]}<\/script>\n<!-- \/ Yoast SEO plugin. -->","yoast_head_json":{"title":"C\u00f3mo saber si \u00e9l te quiere - Rese\u00f1as de Chag","robots":{"index":"index","follow":"follow","max-snippet":"max-snippet:-1","max-image-preview":"max-image-preview:large","max-video-preview":"max-video-preview:-1"},"canonical":"https:\/\/chagfordpool.co.uk\/es\/como-saber-si-el-te-quiere\/","og_locale":"es_ES","og_type":"article","og_title":"C\u00f3mo saber si \u00e9l te quiere - Rese\u00f1as de Chag","og_description":"Hay dos tipos de hombres: los que quieren ser queridos y los que quieren ser necesitados. Si bien ambos son igualmente atractivos, este \u00faltimo tipo [...]","og_url":"https:\/\/chagfordpool.co.uk\/es\/como-saber-si-el-te-quiere\/","og_site_name":"Rese\u00f1as de Chag","og_image":[{"width":1200,"height":1500,"url":"https:\/\/chagfordpool.co.uk\/wp-content\/uploads\/2022\/07\/hookup.jpeg","type":"image\/jpeg"}],"author":"Expert Reviews","twitter_card":"summary_large_image","twitter_misc":{"Tiempo de lectura":"2 minutos"},"schema":{"@context":"https:\/\/schema.org","@graph":[{"@type":"WebSite","@id":"https:\/\/chagfordpool.co.uk\/#website","url":"https:\/\/chagfordpool.co.uk\/","name":"Rese\u00f1as de Chag","description":"Aplicaciones de conexi\u00f3n local","potentialAction":[{"@type":"SearchAction","target":{"@type":"EntryPoint","urlTemplate":"https:\/\/chagfordpool.co.uk\/?s={search_term_string}"},"query-input":"required name=search_term_string"}],"inLanguage":"es"},{"@type":"ImageObject","inLanguage":"es","@id":"https:\/\/chagfordpool.co.uk\/es\/como-saber-si-el-te-quiere\/#primaryimage","url":"https:\/\/chagfordpool.co.uk\/wp-content\/uploads\/2022\/07\/hookup.jpeg","contentUrl":"https:\/\/chagfordpool.co.uk\/wp-content\/uploads\/2022\/07\/hookup.jpeg","width":1200,"height":1500},{"@type":"WebPage","@id":"https:\/\/chagfordpool.co.uk\/es\/como-saber-si-el-te-quiere\/#webpage","url":"https:\/\/chagfordpool.co.uk\/es\/como-saber-si-el-te-quiere\/","name":"C\u00f3mo saber si \u00e9l te quiere - Rese\u00f1as de Chag","isPartOf":{"@id":"https:\/\/chagfordpool.co.uk\/#website"},"primaryImageOfPage":{"@id":"https:\/\/chagfordpool.co.uk\/es\/como-saber-si-el-te-quiere\/#primaryimage"},"datePublished":"2022-07-26T11:08:22+00:00","dateModified":"2022-07-26T11:08:22+00:00","breadcrumb":{"@id":"https:\/\/chagfordpool.co.uk\/es\/como-saber-si-el-te-quiere\/#breadcrumb"},"inLanguage":"es","potentialAction":[{"@type":"ReadAction","target":["https:\/\/chagfordpool.co.uk\/es\/como-saber-si-el-te-quiere\/"]}]},{"@type":"BreadcrumbList","@id":"https:\/\/chagfordpool.co.uk\/es\/como-saber-si-el-te-quiere\/#breadcrumb","itemListElement":[{"@type":"ListItem","position":1,"name":"Hogar","item":"https:\/\/chagfordpool.co.uk\/es\/"},{"@type":"ListItem","position":2,"name":"C\u00f3mo saber si \u00e9l te quiere"}]}]}},"_links":{"self":[{"href":"https:\/\/chagfordpool.co.uk\/es\/wp-json\/wp\/v2\/pages\/177"}],"collection":[{"href":"https:\/\/chagfordpool.co.uk\/es\/wp-json\/wp\/v2\/pages"}],"about":[{"href":"https:\/\/chagfordpool.co.uk\/es\/wp-json\/wp\/v2\/types\/page"}],"author":[{"embeddable":true,"href":"https:\/\/chagfordpool.co.uk\/es\/wp-json\/wp\/v2\/users\/1"}],"replies":[{"embeddable":true,"href":"https:\/\/chagfordpool.co.uk\/es\/wp-json\/wp\/v2\/comments?post=177"}],"version-history":[{"count":0,"href":"https:\/\/chagfordpool.co.uk\/es\/wp-json\/wp\/v2\/pages\/177\/revisions"}],"wp:featuredmedia":[{"embeddable":true,"href":"https:\/\/chagfordpool.co.uk\/es\/wp-json\/wp\/v2\/media\/124"}],"wp:attachment":[{"href":"https:\/\/chagfordpool.co.uk\/es\/wp-json\/wp\/v2\/media?parent=177"}],"curies":[{"name":"wp","href":"https:\/\/api.w.org\/{rel}","templated":true}]}}