{"id":189,"date":"2022-07-26T11:54:12","date_gmt":"2022-07-26T10:54:12","guid":{"rendered":"http:\/\/chagfordpool.co.uk\/las-mejores-maneras-de-conocer-solteros-de-ideas-afines\/"},"modified":"2022-07-26T11:54:12","modified_gmt":"2022-07-26T10:54:12","slug":"las-mejores-maneras-de-conocer-solteros-de-ideas-afines","status":"publish","type":"page","link":"https:\/\/chagfordpool.co.uk\/es\/las-mejores-maneras-de-conocer-solteros-de-ideas-afines\/","title":{"rendered":"Las mejores maneras de conocer solteros de ideas afines"},"content":{"rendered":"<p>Las conexiones son encuentros divertidos y casuales entre <a href=\"http:\/\/chagfordpool.co.uk\/es\/como-saber-si-el-te-quiere\/\">dos extra\u00f1os<\/a> que se conocen en l\u00ednea o fuera de l\u00ednea. Hay muchos sitios que atienden espec\u00edficamente a las conexiones, incluidos Tinder, OkCupid, PlentyOfFish y Match.com. Estos sitios permiten a los usuarios navegar por perfiles en funci\u00f3n de la ubicaci\u00f3n, la edad, el g\u00e9nero, los intereses y otros criterios. Una vez que alguien encuentra a alguien con quien le gustar\u00eda chatear, puede enviar un mensaje o solicitar una reuni\u00f3n cara a cara.<\/p>\n<p>Mientras que algunas aplicaciones de conexi\u00f3n est\u00e1n orientadas a relaciones a largo plazo, otras son estrictamente para aventuras r\u00e1pidas. Algunas personas prefieren evitar el compromiso por completo, mientras que otras disfrutan de tener m\u00faltiples parejas en el transcurso de una noche. Cualquiera que sea el tipo de relaci\u00f3n que est\u00e9 buscando, encontrar una pareja no deber\u00eda ser dif\u00edcil. Solo recuerda estar seguro y seguir las reglas del sentido com\u00fan.<\/p>\n<h2>C\u00f3mo conocer a mujeres locales para el sexo<\/h2>\n<p>No es ning\u00fan secreto que las mujeres buscan hombres que sean seguros, exitosos y ambiciosos. Por lo tanto, si est\u00e1 tratando de atraer a las mujeres en l\u00ednea, debe transmitir estos rasgos.<\/p>\n<p>Para empezar, escribe sobre ti mismo bajo una luz positiva. No solo hables de tus logros; hable sobre c\u00f3mo super\u00f3 los obst\u00e1culos y logr\u00f3 el \u00e9xito. Adem\u00e1s, no olvides mencionar que actualmente est\u00e1s soltero. A las mujeres les encanta escuchar historias de otras personas que persiguen lo que quieren, y apreciar\u00e1n saber que est\u00e1s haciendo lo mismo.<\/p>\n<p>A continuaci\u00f3n, conc\u00e9ntrate en tus fortalezas. \u00bfQu\u00e9 habilidades posees que te diferencian de los dem\u00e1s? Escribe sobre tus pasiones y pasatiempos, y comparte detalles sobre tus intereses. Cuando te describes a ti mismo en t\u00e9rminos de tu personalidad, te destacar\u00e1s entre la multitud.<\/p>\n<p>Por \u00faltimo, habla de tus objetivos. Dile lo que te gustar\u00eda lograr en la vida y expl\u00edcale c\u00f3mo podr\u00eda ayudarte a lograrlo. Aseg\u00farese de enfatizar sus ambiciones y sue\u00f1os, y evite hablar de dinero. En su lugar, conc\u00e9ntrate en el futuro y en lo mucho que te divertir\u00e1s juntos.<\/p>\n<p>Siguiendo estos consejos, podr\u00e1s crear un perfil que destaque entre el resto. Y, cuando lo hagas, podr\u00e1s conectarte con m\u00e1s mujeres en l\u00ednea.<\/p>\n<h3>Re\u00fanase para el sexo<\/h3>\n<p>Meet for sex es un gran beneficio de unirse a <a href=\"http:\/\/chagfordpool.co.uk\/es\/las-mejores-maneras-de-usar-conexiones-a-su-favor\/\">las aplicaciones de conexi\u00f3n locales<\/a> que conectan a los hombres que buscan encuentros casuales con mujeres que buscan diversi\u00f3n sin condiciones.<\/p>\n<p>Es f\u00e1cil conocer a alguien nuevo en l\u00ednea, pero encontrar una pareja para citas de la vida real a veces puede sentirse como una aguja en un pajar.<\/p>\n<p>Con m\u00e1s de 2 millones de miembros en todo el mundo, estas aplicaciones de conexi\u00f3n en l\u00ednea ofrecen una plataforma segura y discreta para conocer a otros adultos cerca de usted. Ya sea que est\u00e9 buscando amistad, romance o simplemente una noche de pasi\u00f3n, este es el lugar perfecto para conectarse con otras personas cercanas.<\/p>\n<p>Para unirse, reg\u00edstrese gratis hoy y navegue por nuestros perfiles de lugare\u00f1os atractivos en su \u00e1rea. Luego, env\u00ede mensajes a posibles coincidencias y organice una reuni\u00f3n cara a cara.<\/p>\n","protected":false},"excerpt":{"rendered":"<p>Las conexiones son encuentros divertidos y casuales entre dos extra\u00f1os que se conocen en l\u00ednea o fuera de l\u00ednea. Hay muchos sitios que atienden espec\u00edficamente [&#8230;]<\/p>\n","protected":false},"author":1,"featured_media":144,"parent":0,"menu_order":0,"comment_status":"closed","ping_status":"closed","template":"","meta":[],"yoast_head":"<!-- This site is optimized with the Yoast SEO plugin v19.2 - https:\/\/yoast.com\/wordpress\/plugins\/seo\/ -->\n<title>Las mejores maneras de conocer solteros de ideas afines - Rese\u00f1as de Chag<\/title>\n<meta name=\"robots\" content=\"index, follow, max-snippet:-1, max-image-preview:large, max-video-preview:-1\" \/>\n<link rel=\"canonical\" href=\"https:\/\/chagfordpool.co.uk\/es\/las-mejores-maneras-de-conocer-solteros-de-ideas-afines\/\" \/>\n<meta property=\"og:locale\" content=\"es_ES\" \/>\n<meta property=\"og:type\" content=\"article\" \/>\n<meta property=\"og:title\" content=\"Las mejores maneras de conocer solteros de ideas afines - Rese\u00f1as de Chag\" \/>\n<meta property=\"og:description\" content=\"Las conexiones son encuentros divertidos y casuales entre dos extra\u00f1os que se conocen en l\u00ednea o fuera de l\u00ednea. Hay muchos sitios que atienden espec\u00edficamente [...]\" \/>\n<meta property=\"og:url\" content=\"https:\/\/chagfordpool.co.uk\/es\/las-mejores-maneras-de-conocer-solteros-de-ideas-afines\/\" \/>\n<meta property=\"og:site_name\" content=\"Rese\u00f1as de Chag\" \/>\n<meta property=\"og:image\" content=\"https:\/\/chagfordpool.co.uk\/wp-content\/uploads\/2022\/07\/singles.jpeg\" \/>\n\t<meta property=\"og:image:width\" content=\"1000\" \/>\n\t<meta property=\"og:image:height\" content=\"1500\" \/>\n\t<meta property=\"og:image:type\" content=\"image\/jpeg\" \/>\n<meta name=\"author\" content=\"Expert Reviews\" \/>\n<meta name=\"twitter:card\" content=\"summary_large_image\" \/>\n<meta name=\"twitter:label1\" content=\"Tiempo de lectura\" \/>\n\t<meta name=\"twitter:data1\" content=\"3 minutos\" \/>\n<script type=\"application\/ld+json\" class=\"yoast-schema-graph\">{\"@context\":\"https:\/\/schema.org\",\"@graph\":[{\"@type\":\"WebSite\",\"@id\":\"https:\/\/chagfordpool.co.uk\/#website\",\"url\":\"https:\/\/chagfordpool.co.uk\/\",\"name\":\"Rese\u00f1as de Chag\",\"description\":\"Aplicaciones de conexi\u00f3n local\",\"potentialAction\":[{\"@type\":\"SearchAction\",\"target\":{\"@type\":\"EntryPoint\",\"urlTemplate\":\"https:\/\/chagfordpool.co.uk\/?s={search_term_string}\"},\"query-input\":\"required name=search_term_string\"}],\"inLanguage\":\"es\"},{\"@type\":\"ImageObject\",\"inLanguage\":\"es\",\"@id\":\"https:\/\/chagfordpool.co.uk\/es\/las-mejores-maneras-de-conocer-solteros-de-ideas-afines\/#primaryimage\",\"url\":\"https:\/\/chagfordpool.co.uk\/wp-content\/uploads\/2022\/07\/singles.jpeg\",\"contentUrl\":\"https:\/\/chagfordpool.co.uk\/wp-content\/uploads\/2022\/07\/singles.jpeg\",\"width\":1000,\"height\":1500},{\"@type\":\"WebPage\",\"@id\":\"https:\/\/chagfordpool.co.uk\/es\/las-mejores-maneras-de-conocer-solteros-de-ideas-afines\/#webpage\",\"url\":\"https:\/\/chagfordpool.co.uk\/es\/las-mejores-maneras-de-conocer-solteros-de-ideas-afines\/\",\"name\":\"Las mejores maneras de conocer solteros de ideas afines - Rese\u00f1as de Chag\",\"isPartOf\":{\"@id\":\"https:\/\/chagfordpool.co.uk\/#website\"},\"primaryImageOfPage\":{\"@id\":\"https:\/\/chagfordpool.co.uk\/es\/las-mejores-maneras-de-conocer-solteros-de-ideas-afines\/#primaryimage\"},\"datePublished\":\"2022-07-26T10:54:12+00:00\",\"dateModified\":\"2022-07-26T10:54:12+00:00\",\"breadcrumb\":{\"@id\":\"https:\/\/chagfordpool.co.uk\/es\/las-mejores-maneras-de-conocer-solteros-de-ideas-afines\/#breadcrumb\"},\"inLanguage\":\"es\",\"potentialAction\":[{\"@type\":\"ReadAction\",\"target\":[\"https:\/\/chagfordpool.co.uk\/es\/las-mejores-maneras-de-conocer-solteros-de-ideas-afines\/\"]}]},{\"@type\":\"BreadcrumbList\",\"@id\":\"https:\/\/chagfordpool.co.uk\/es\/las-mejores-maneras-de-conocer-solteros-de-ideas-afines\/#breadcrumb\",\"itemListElement\":[{\"@type\":\"ListItem\",\"position\":1,\"name\":\"Hogar\",\"item\":\"https:\/\/chagfordpool.co.uk\/es\/\"},{\"@type\":\"ListItem\",\"position\":2,\"name\":\"Las mejores maneras de conocer solteros de ideas afines\"}]}]}<\/script>\n<!-- \/ Yoast SEO plugin. -->","yoast_head_json":{"title":"Las mejores maneras de conocer solteros de ideas afines - Rese\u00f1as de Chag","robots":{"index":"index","follow":"follow","max-snippet":"max-snippet:-1","max-image-preview":"max-image-preview:large","max-video-preview":"max-video-preview:-1"},"canonical":"https:\/\/chagfordpool.co.uk\/es\/las-mejores-maneras-de-conocer-solteros-de-ideas-afines\/","og_locale":"es_ES","og_type":"article","og_title":"Las mejores maneras de conocer solteros de ideas afines - Rese\u00f1as de Chag","og_description":"Las conexiones son encuentros divertidos y casuales entre dos extra\u00f1os que se conocen en l\u00ednea o fuera de l\u00ednea. Hay muchos sitios que atienden espec\u00edficamente [...]","og_url":"https:\/\/chagfordpool.co.uk\/es\/las-mejores-maneras-de-conocer-solteros-de-ideas-afines\/","og_site_name":"Rese\u00f1as de Chag","og_image":[{"width":1000,"height":1500,"url":"https:\/\/chagfordpool.co.uk\/wp-content\/uploads\/2022\/07\/singles.jpeg","type":"image\/jpeg"}],"author":"Expert Reviews","twitter_card":"summary_large_image","twitter_misc":{"Tiempo de lectura":"3 minutos"},"schema":{"@context":"https:\/\/schema.org","@graph":[{"@type":"WebSite","@id":"https:\/\/chagfordpool.co.uk\/#website","url":"https:\/\/chagfordpool.co.uk\/","name":"Rese\u00f1as de Chag","description":"Aplicaciones de conexi\u00f3n local","potentialAction":[{"@type":"SearchAction","target":{"@type":"EntryPoint","urlTemplate":"https:\/\/chagfordpool.co.uk\/?s={search_term_string}"},"query-input":"required name=search_term_string"}],"inLanguage":"es"},{"@type":"ImageObject","inLanguage":"es","@id":"https:\/\/chagfordpool.co.uk\/es\/las-mejores-maneras-de-conocer-solteros-de-ideas-afines\/#primaryimage","url":"https:\/\/chagfordpool.co.uk\/wp-content\/uploads\/2022\/07\/singles.jpeg","contentUrl":"https:\/\/chagfordpool.co.uk\/wp-content\/uploads\/2022\/07\/singles.jpeg","width":1000,"height":1500},{"@type":"WebPage","@id":"https:\/\/chagfordpool.co.uk\/es\/las-mejores-maneras-de-conocer-solteros-de-ideas-afines\/#webpage","url":"https:\/\/chagfordpool.co.uk\/es\/las-mejores-maneras-de-conocer-solteros-de-ideas-afines\/","name":"Las mejores maneras de conocer solteros de ideas afines - Rese\u00f1as de Chag","isPartOf":{"@id":"https:\/\/chagfordpool.co.uk\/#website"},"primaryImageOfPage":{"@id":"https:\/\/chagfordpool.co.uk\/es\/las-mejores-maneras-de-conocer-solteros-de-ideas-afines\/#primaryimage"},"datePublished":"2022-07-26T10:54:12+00:00","dateModified":"2022-07-26T10:54:12+00:00","breadcrumb":{"@id":"https:\/\/chagfordpool.co.uk\/es\/las-mejores-maneras-de-conocer-solteros-de-ideas-afines\/#breadcrumb"},"inLanguage":"es","potentialAction":[{"@type":"ReadAction","target":["https:\/\/chagfordpool.co.uk\/es\/las-mejores-maneras-de-conocer-solteros-de-ideas-afines\/"]}]},{"@type":"BreadcrumbList","@id":"https:\/\/chagfordpool.co.uk\/es\/las-mejores-maneras-de-conocer-solteros-de-ideas-afines\/#breadcrumb","itemListElement":[{"@type":"ListItem","position":1,"name":"Hogar","item":"https:\/\/chagfordpool.co.uk\/es\/"},{"@type":"ListItem","position":2,"name":"Las mejores maneras de conocer solteros de ideas afines"}]}]}},"_links":{"self":[{"href":"https:\/\/chagfordpool.co.uk\/es\/wp-json\/wp\/v2\/pages\/189"}],"collection":[{"href":"https:\/\/chagfordpool.co.uk\/es\/wp-json\/wp\/v2\/pages"}],"about":[{"href":"https:\/\/chagfordpool.co.uk\/es\/wp-json\/wp\/v2\/types\/page"}],"author":[{"embeddable":true,"href":"https:\/\/chagfordpool.co.uk\/es\/wp-json\/wp\/v2\/users\/1"}],"replies":[{"embeddable":true,"href":"https:\/\/chagfordpool.co.uk\/es\/wp-json\/wp\/v2\/comments?post=189"}],"version-history":[{"count":0,"href":"https:\/\/chagfordpool.co.uk\/es\/wp-json\/wp\/v2\/pages\/189\/revisions"}],"wp:featuredmedia":[{"embeddable":true,"href":"https:\/\/chagfordpool.co.uk\/es\/wp-json\/wp\/v2\/media\/144"}],"wp:attachment":[{"href":"https:\/\/chagfordpool.co.uk\/es\/wp-json\/wp\/v2\/media?parent=189"}],"curies":[{"name":"wp","href":"https:\/\/api.w.org\/{rel}","templated":true}]}}