{"id":211,"date":"2022-07-26T12:33:19","date_gmt":"2022-07-26T11:33:19","guid":{"rendered":"http:\/\/chagfordpool.co.uk\/cual-es-la-diferencia-entre-las-aplicaciones-de-conexion-casual-y-las-citas-convencionales\/"},"modified":"2022-08-15T17:42:39","modified_gmt":"2022-08-15T16:42:39","slug":"cual-es-la-diferencia-entre-las-aplicaciones-de-conexion-casual-y-las-citas-convencionales","status":"publish","type":"page","link":"https:\/\/chagfordpool.co.uk\/es\/cual-es-la-diferencia-entre-las-aplicaciones-de-conexion-casual-y-las-citas-convencionales\/","title":{"rendered":"\u00bfCu\u00e1l es la diferencia entre las aplicaciones de conexi\u00f3n casual y las citas convencionales?"},"content":{"rendered":"<p>Si est\u00e1 buscando algo casual esta noche, ingresar a una aplicaci\u00f3n o sitio web de conexi\u00f3n podr\u00eda ser una buena idea. Hay muchas opciones por ah\u00ed, pero es importante saber c\u00f3mo funciona cada una y qu\u00e9 buscar al elegir una aplicaci\u00f3n o sitio web de citas.<\/p>\n<h2>Sitios de conexi\u00f3n casual vs. citas<\/h2>\n<p>En estos d\u00edas, parece que todos quieren conocer a alguien nuevo. Ya sea que est\u00e9 buscando una relaci\u00f3n seria, una aventura divertida o simplemente quiera darle vida a su vida sexual, hay muchas maneras de conectarse con solteros cerca de usted. Sin embargo, con el auge de la tecnolog\u00eda m\u00f3vil, las citas en l\u00ednea se han vuelto m\u00e1s f\u00e1ciles que nunca. Ahora hay innumerables opciones disponibles, incluyendo Tinder, Bumble, OkCupid, Match, Plenty Of Fish, Zoosk e incluso Facebook.<\/p>\n<p>Muchos de estos sitios est\u00e1n dise\u00f1ados espec\u00edficamente para citas casuales, <a href=\"http:\/\/chagfordpool.co.uk\/es\/las-mejores-maneras-de-conocer-solteros-de-ideas-afines\/\">mientras que los sitios de<\/a> conexi\u00f3n atienden a aquellos que buscan relaciones a corto plazo. Estos sitios a menudo permiten a las personas navegar por los perfiles sin tener que pagar nada por adelantado, lo que los hace perfectos para aquellos que buscan probar algo nuevo sin comprometer demasiado dinero. Adem\u00e1s de ser completamente gratuitos, los sitios de citas casuales generalmente proporcionan mucha informaci\u00f3n sobre posibles coincidencias, como d\u00f3nde viven <a href=\"https:\/\/www.fuck-buddies.net\/es\/juegos-sexuales-gratis-para-mac\/\">juegos sexuales gratis<\/a>, trabajan y van a la escuela. Esto ayuda a que sea f\u00e1cil ver si ser\u00edan o no una buena pareja el uno para el otro.<\/p>\n<p>Por otro lado, los sitios de conexi\u00f3n tienden a centrarse m\u00e1s en la atracci\u00f3n f\u00edsica. Estos sitios generalmente requieren pago por adelantado, pero brindan a los miembros acceso a toneladas de funciones adicionales. Por ejemplo, pueden permitirte ver fotos de la persona con la que est\u00e1s chateando, enviar regalos virtuales y hacer preguntas sobre su personalidad. Por lo general, tambi\u00e9n incluyen la funcionalidad de mensajer\u00eda, lo que le permite chatear con la persona con la que ha sido emparejado. Por supuesto, tanto los sitios de citas casuales como los sitios de conexi\u00f3n son excelentes lugares para comenzar. Si est\u00e1 buscando una relaci\u00f3n duradera, probablemente querr\u00e1 seguir con un sitio de citas tradicional. Por otro lado, si solo est\u00e1 buscando algo de emoci\u00f3n adicional, los sitios de citas casuales o los sitios de conexi\u00f3n pueden ser exactamente lo que est\u00e1 buscando.<\/p>\n<h2>Las tres razones principales para probar las conexiones casuales<\/h2>\n<h3>Conveniencia<\/h3>\n<p>Una de las principales ventajas de las citas en l\u00ednea es que le permite conocer parejas potenciales en cualquier lugar. No tienes que preocuparte por ser rechazado porque no est\u00e1s dispuesto a arriesgarte con alguien. Incluso puedes conocer gente de todo el mundo. Las aplicaciones de citas en l\u00ednea le permiten conectarse con personas que viven lejos de usted <a href=\"https:\/\/www.sextchat.net\/es\/revision-de-nutaku-hentai\/\">nutaku hentai<\/a>. No hay raz\u00f3n para volver a perder una buena oportunidad.<\/p>\n<h3>Privacidad<\/h3>\n<p>Los sitios de citas en l\u00ednea hacen que sea f\u00e1cil mantener las cosas casuales. Puede navegar por los perfiles de forma an\u00f3nima. Mientras tenga cuidado con la informaci\u00f3n que publica, no tendr\u00e1 que preocuparse por ser estafado. No querr\u00e1s terminar gastando dinero en algo que no vale nada. Las citas en l\u00ednea le dan la libertad de decidir si desea revelar su identidad.<\/p>\n<h3>Flexibilidad<\/h3>\n<p>Puedes establecer las reglas de tu juego. Ya sea que elija hacerlo a trav\u00e9s <a href=\"https:\/\/www.thedatingadvisor.com\/es\/\">citas sin registrarse<\/a> de mensajes de texto o chats de video, puede controlar exactamente con qu\u00e9 frecuencia interact\u00faa con posibles coincidencias. Tambi\u00e9n puede establecer sus preferencias en funci\u00f3n de la edad, el g\u00e9nero, el origen \u00e9tnico, la religi\u00f3n, la orientaci\u00f3n sexual, etc. Cuando est\u00e9 listo, simplemente puede cambiar su configuraci\u00f3n y comenzar a interactuar con las personas nuevamente.<\/p>\n","protected":false},"excerpt":{"rendered":"<p>Si est\u00e1 buscando algo casual esta noche, ingresar a una aplicaci\u00f3n o sitio web de conexi\u00f3n podr\u00eda ser una buena idea. Hay muchas opciones por [&#8230;]<\/p>\n","protected":false},"author":1,"featured_media":0,"parent":0,"menu_order":0,"comment_status":"closed","ping_status":"closed","template":"","meta":[],"yoast_head":"<!-- This site is optimized with the Yoast SEO plugin v19.2 - https:\/\/yoast.com\/wordpress\/plugins\/seo\/ -->\n<title>\u00bfCu\u00e1l es la diferencia entre las aplicaciones de conexi\u00f3n casual y las citas convencionales? - Rese\u00f1as de Chag<\/title>\n<meta name=\"robots\" content=\"index, follow, max-snippet:-1, max-image-preview:large, max-video-preview:-1\" \/>\n<link rel=\"canonical\" href=\"https:\/\/chagfordpool.co.uk\/es\/cual-es-la-diferencia-entre-las-aplicaciones-de-conexion-casual-y-las-citas-convencionales\/\" \/>\n<meta property=\"og:locale\" content=\"es_ES\" \/>\n<meta property=\"og:type\" content=\"article\" \/>\n<meta property=\"og:title\" content=\"\u00bfCu\u00e1l es la diferencia entre las aplicaciones de conexi\u00f3n casual y las citas convencionales? - Rese\u00f1as de Chag\" \/>\n<meta property=\"og:description\" content=\"Si est\u00e1 buscando algo casual esta noche, ingresar a una aplicaci\u00f3n o sitio web de conexi\u00f3n podr\u00eda ser una buena idea. Hay muchas opciones por [...]\" \/>\n<meta property=\"og:url\" content=\"https:\/\/chagfordpool.co.uk\/es\/cual-es-la-diferencia-entre-las-aplicaciones-de-conexion-casual-y-las-citas-convencionales\/\" \/>\n<meta property=\"og:site_name\" content=\"Rese\u00f1as de Chag\" \/>\n<meta property=\"article:modified_time\" content=\"2022-08-15T16:42:39+00:00\" \/>\n<meta name=\"author\" content=\"Expert Reviews\" \/>\n<meta name=\"twitter:card\" content=\"summary_large_image\" \/>\n<meta name=\"twitter:label1\" content=\"Tiempo de lectura\" \/>\n\t<meta name=\"twitter:data1\" content=\"3 minutos\" \/>\n<script type=\"application\/ld+json\" class=\"yoast-schema-graph\">{\"@context\":\"https:\/\/schema.org\",\"@graph\":[{\"@type\":\"WebSite\",\"@id\":\"https:\/\/chagfordpool.co.uk\/#website\",\"url\":\"https:\/\/chagfordpool.co.uk\/\",\"name\":\"Rese\u00f1as de Chag\",\"description\":\"Aplicaciones de conexi\u00f3n local\",\"potentialAction\":[{\"@type\":\"SearchAction\",\"target\":{\"@type\":\"EntryPoint\",\"urlTemplate\":\"https:\/\/chagfordpool.co.uk\/?s={search_term_string}\"},\"query-input\":\"required name=search_term_string\"}],\"inLanguage\":\"es\"},{\"@type\":\"WebPage\",\"@id\":\"https:\/\/chagfordpool.co.uk\/es\/cual-es-la-diferencia-entre-las-aplicaciones-de-conexion-casual-y-las-citas-convencionales\/#webpage\",\"url\":\"https:\/\/chagfordpool.co.uk\/es\/cual-es-la-diferencia-entre-las-aplicaciones-de-conexion-casual-y-las-citas-convencionales\/\",\"name\":\"\u00bfCu\u00e1l es la diferencia entre las aplicaciones de conexi\u00f3n casual y las citas convencionales? - Rese\u00f1as de Chag\",\"isPartOf\":{\"@id\":\"https:\/\/chagfordpool.co.uk\/#website\"},\"datePublished\":\"2022-07-26T11:33:19+00:00\",\"dateModified\":\"2022-08-15T16:42:39+00:00\",\"breadcrumb\":{\"@id\":\"https:\/\/chagfordpool.co.uk\/es\/cual-es-la-diferencia-entre-las-aplicaciones-de-conexion-casual-y-las-citas-convencionales\/#breadcrumb\"},\"inLanguage\":\"es\",\"potentialAction\":[{\"@type\":\"ReadAction\",\"target\":[\"https:\/\/chagfordpool.co.uk\/es\/cual-es-la-diferencia-entre-las-aplicaciones-de-conexion-casual-y-las-citas-convencionales\/\"]}]},{\"@type\":\"BreadcrumbList\",\"@id\":\"https:\/\/chagfordpool.co.uk\/es\/cual-es-la-diferencia-entre-las-aplicaciones-de-conexion-casual-y-las-citas-convencionales\/#breadcrumb\",\"itemListElement\":[{\"@type\":\"ListItem\",\"position\":1,\"name\":\"Hogar\",\"item\":\"http:\/\/chagfordpool.co.uk\/es\/\"},{\"@type\":\"ListItem\",\"position\":2,\"name\":\"\u00bfCu\u00e1l es la diferencia entre las aplicaciones de conexi\u00f3n casual y las citas convencionales?\"}]}]}<\/script>\n<!-- \/ Yoast SEO plugin. -->","yoast_head_json":{"title":"\u00bfCu\u00e1l es la diferencia entre las aplicaciones de conexi\u00f3n casual y las citas convencionales? - Rese\u00f1as de Chag","robots":{"index":"index","follow":"follow","max-snippet":"max-snippet:-1","max-image-preview":"max-image-preview:large","max-video-preview":"max-video-preview:-1"},"canonical":"https:\/\/chagfordpool.co.uk\/es\/cual-es-la-diferencia-entre-las-aplicaciones-de-conexion-casual-y-las-citas-convencionales\/","og_locale":"es_ES","og_type":"article","og_title":"\u00bfCu\u00e1l es la diferencia entre las aplicaciones de conexi\u00f3n casual y las citas convencionales? - Rese\u00f1as de Chag","og_description":"Si est\u00e1 buscando algo casual esta noche, ingresar a una aplicaci\u00f3n o sitio web de conexi\u00f3n podr\u00eda ser una buena idea. Hay muchas opciones por [...]","og_url":"https:\/\/chagfordpool.co.uk\/es\/cual-es-la-diferencia-entre-las-aplicaciones-de-conexion-casual-y-las-citas-convencionales\/","og_site_name":"Rese\u00f1as de Chag","article_modified_time":"2022-08-15T16:42:39+00:00","author":"Expert Reviews","twitter_card":"summary_large_image","twitter_misc":{"Tiempo de lectura":"3 minutos"},"schema":{"@context":"https:\/\/schema.org","@graph":[{"@type":"WebSite","@id":"https:\/\/chagfordpool.co.uk\/#website","url":"https:\/\/chagfordpool.co.uk\/","name":"Rese\u00f1as de Chag","description":"Aplicaciones de conexi\u00f3n local","potentialAction":[{"@type":"SearchAction","target":{"@type":"EntryPoint","urlTemplate":"https:\/\/chagfordpool.co.uk\/?s={search_term_string}"},"query-input":"required name=search_term_string"}],"inLanguage":"es"},{"@type":"WebPage","@id":"https:\/\/chagfordpool.co.uk\/es\/cual-es-la-diferencia-entre-las-aplicaciones-de-conexion-casual-y-las-citas-convencionales\/#webpage","url":"https:\/\/chagfordpool.co.uk\/es\/cual-es-la-diferencia-entre-las-aplicaciones-de-conexion-casual-y-las-citas-convencionales\/","name":"\u00bfCu\u00e1l es la diferencia entre las aplicaciones de conexi\u00f3n casual y las citas convencionales? - Rese\u00f1as de Chag","isPartOf":{"@id":"https:\/\/chagfordpool.co.uk\/#website"},"datePublished":"2022-07-26T11:33:19+00:00","dateModified":"2022-08-15T16:42:39+00:00","breadcrumb":{"@id":"https:\/\/chagfordpool.co.uk\/es\/cual-es-la-diferencia-entre-las-aplicaciones-de-conexion-casual-y-las-citas-convencionales\/#breadcrumb"},"inLanguage":"es","potentialAction":[{"@type":"ReadAction","target":["https:\/\/chagfordpool.co.uk\/es\/cual-es-la-diferencia-entre-las-aplicaciones-de-conexion-casual-y-las-citas-convencionales\/"]}]},{"@type":"BreadcrumbList","@id":"https:\/\/chagfordpool.co.uk\/es\/cual-es-la-diferencia-entre-las-aplicaciones-de-conexion-casual-y-las-citas-convencionales\/#breadcrumb","itemListElement":[{"@type":"ListItem","position":1,"name":"Hogar","item":"http:\/\/chagfordpool.co.uk\/es\/"},{"@type":"ListItem","position":2,"name":"\u00bfCu\u00e1l es la diferencia entre las aplicaciones de conexi\u00f3n casual y las citas convencionales?"}]}]}},"_links":{"self":[{"href":"https:\/\/chagfordpool.co.uk\/es\/wp-json\/wp\/v2\/pages\/211"}],"collection":[{"href":"https:\/\/chagfordpool.co.uk\/es\/wp-json\/wp\/v2\/pages"}],"about":[{"href":"https:\/\/chagfordpool.co.uk\/es\/wp-json\/wp\/v2\/types\/page"}],"author":[{"embeddable":true,"href":"https:\/\/chagfordpool.co.uk\/es\/wp-json\/wp\/v2\/users\/1"}],"replies":[{"embeddable":true,"href":"https:\/\/chagfordpool.co.uk\/es\/wp-json\/wp\/v2\/comments?post=211"}],"version-history":[{"count":1,"href":"https:\/\/chagfordpool.co.uk\/es\/wp-json\/wp\/v2\/pages\/211\/revisions"}],"predecessor-version":[{"id":335,"href":"https:\/\/chagfordpool.co.uk\/es\/wp-json\/wp\/v2\/pages\/211\/revisions\/335"}],"wp:attachment":[{"href":"https:\/\/chagfordpool.co.uk\/es\/wp-json\/wp\/v2\/media?parent=211"}],"curies":[{"name":"wp","href":"https:\/\/api.w.org\/{rel}","templated":true}]}}