{"id":229,"date":"2022-07-26T12:12:53","date_gmt":"2022-07-26T11:12:53","guid":{"rendered":"http:\/\/chagfordpool.co.uk\/las-mejores-maneras-de-usar-conexiones-a-su-favor\/"},"modified":"2022-08-15T17:42:13","modified_gmt":"2022-08-15T16:42:13","slug":"las-mejores-maneras-de-usar-conexiones-a-su-favor","status":"publish","type":"page","link":"https:\/\/chagfordpool.co.uk\/es\/las-mejores-maneras-de-usar-conexiones-a-su-favor\/","title":{"rendered":"Las mejores maneras de usar conexiones a su favor"},"content":{"rendered":"<p>Las conexiones son <a href=\"http:\/\/chagfordpool.co.uk\/es\/aplicaciones-de-citas-locales\/\">encuentros casuales<\/a> entre dos personas que no est\u00e1n necesariamente involucradas rom\u00e1nticamente. Si bien las conexiones son comunes entre los estudiantes universitarios, tambi\u00e9n pueden ocurrir fuera de la escuela. Las conexiones suelen ser asuntos a corto plazo, que duran desde horas hasta d\u00edas.<\/p>\n<p>Si bien las conexiones son divertidas, pueden provocar problemas en el futuro <a href=\"https:\/\/www.no-strings-attached-sex.com\/es\/sitios-web-para-conocer-y-follar-gratis\/\">paginas para follar gratis<\/a>. Por ejemplo, las conexiones pueden crear sentimientos de celos e inseguridad, especialmente si ambas partes todav\u00eda se ven despu\u00e9s del encuentro.<\/p>\n<p>Para evitar estas emociones negativas, trate de establecer l\u00edmites desde el principio. Dile a tu pareja exactamente lo que esperas de la relaci\u00f3n y lo que no quieres que suceda. Adem\u00e1s, recuerde que las conexiones son solo parte de la vida, as\u00ed que no deje que arruinen sus relaciones con amigos o familiares.<\/p>\n<h2>\u00bfDeber\u00edas conocer gente en tu local?<\/h2>\n<p>Hay muchos lugares en l\u00ednea donde puedes conocer a alguien que quiera conectarse. Pero encontrar una <a href=\"http:\/\/chagfordpool.co.uk\/es\/como-saber-si-el-te-quiere\/\">pareja local<\/a> puede ser complicado. Es por eso que vale la pena aprender a recoger mujeres en bares y clubes.<\/p>\n<p>Por otro lado, puedes detectar mujeres que est\u00e1n genuinamente interesadas en conocer hombres. En lugar de pasar su tiempo hablando con amigos o revisando sus tel\u00e9fonos, se centran en hacer contacto visual con posibles parejas.<\/p>\n<p>As\u00ed que la pr\u00f3xima vez que salgas, busca se\u00f1ales que indiquen si alguien est\u00e1 interesado en conocer a otra persona. Cuando notas a una mujer mirando fijamente su bebida, podr\u00eda estar pensando en conocer a alguien. O si un tipo est\u00e1 solo, podr\u00eda preguntarse si ser\u00eda capaz de anotar un lay r\u00e1pido.<\/p>\n<p>Las conexiones son encuentros casuales entre dos extra\u00f1os <a href=\"https:\/\/www.localsexcontacts.com\/es\/juegos-de-sexo-gratis-sin-tarjeta-de-credito\/\">juegos de sexo gratis<\/a> que se conocen en l\u00ednea. Estos encuentros generalmente ocurren a trav\u00e9s de aplicaciones como Tinder, Bumble, Grindr, etc., y pueden conducir al sexo. Las conexiones son populares entre solteros y parejas por igual, pero no siempre son seguras.<\/p>\n<h2>Juega genial &#8211; C\u00f3mo hacer que el chico venga a ti<\/h2>\n<p>Las burlas son la forma m\u00e1s f\u00e1cil de hacer que un chico est\u00e9 ansioso y quiera conectarse.<\/p>\n<p>Hay varios tipos diferentes de burlas, incluidas las burlas alegres, las burlas juguetonas y las burlas sexuales. Cada tipo de burla requiere un enfoque ligeramente diferente, pero el objetivo es siempre el mismo: encender a un chico.<\/p>\n<p>Las burlas alegres generalmente se hacen en broma, e implican burlarse de alguien o jugar con sus rasgos de personalidad. Las burlas juguetonas son similares a las burlas alegres, excepto que est\u00e1n destinadas a ser humor\u00edsticas en lugar de hirientes. Las burlas sexuales son la forma m\u00e1s directa de burla, e implican coquetear con un chico con la esperanza de encenderlo.<\/p>\n<p>Es importante recordar que las burlas son solo una parte de la seducci\u00f3n. Las burlas son una excelente manera <a href=\"https:\/\/www.sextchat.net\/pt-pt\/melhores-jogos-sexuais-para-pc\/\">jogos de sexo para pc<\/a> de generar atracci\u00f3n, pero no deben usarse como sustituto de otras formas de adulaci\u00f3n. Mientras seas sincero, las burlas pueden conducir a una relaci\u00f3n exitosa.<\/p>\n<h3>Dar cumplidos<\/h3>\n<p>Los cumplidos son una excelente manera de complementar la apariencia, la personalidad o el estilo de un hombre. Y no olvides mencionar a otros chicos que te llaman la atenci\u00f3n.<\/p>\n<h3>Muestra tus activos<\/h3>\n<p>Las mujeres suelen preferir a los hombres con cuerpos fuertes, as\u00ed que si est\u00e1s tratando de atraer a un hombre, aseg\u00farate de mostrar tu cuerpo.<\/p>\n<h3>Juega juegos<\/h3>\n<p>Los juegos son otra forma divertida de coquetear con un chico. Intenta jugar un juego en el que compitan entre s\u00ed para ver qui\u00e9n puede besarlo primero. O juega un juego de adivinanzas en el que adivinas lo que le gusta en funci\u00f3n de sus respuestas.<\/p>\n<p>Recuerda que las burlas son solo una parte del coqueteo. Coquetear implica mucho m\u00e1s que burlarse. Por ejemplo, podr\u00edas preguntarle sobre sus intereses, compartir historias sobre ti o invitarlo a pasar el rato contigo.<\/p>\n","protected":false},"excerpt":{"rendered":"<p>Las conexiones son encuentros casuales entre dos personas que no est\u00e1n necesariamente involucradas rom\u00e1nticamente. Si bien las conexiones son comunes entre los estudiantes universitarios, tambi\u00e9n [&#8230;]<\/p>\n","protected":false},"author":1,"featured_media":134,"parent":0,"menu_order":0,"comment_status":"closed","ping_status":"closed","template":"","meta":[],"yoast_head":"<!-- This site is optimized with the Yoast SEO plugin v19.2 - https:\/\/yoast.com\/wordpress\/plugins\/seo\/ -->\n<title>Las mejores maneras de usar conexiones a su favor - Rese\u00f1as de Chag<\/title>\n<meta name=\"robots\" content=\"index, follow, max-snippet:-1, max-image-preview:large, max-video-preview:-1\" \/>\n<link rel=\"canonical\" href=\"https:\/\/chagfordpool.co.uk\/es\/las-mejores-maneras-de-usar-conexiones-a-su-favor\/\" \/>\n<meta property=\"og:locale\" content=\"es_ES\" \/>\n<meta property=\"og:type\" content=\"article\" \/>\n<meta property=\"og:title\" content=\"Las mejores maneras de usar conexiones a su favor - Rese\u00f1as de Chag\" \/>\n<meta property=\"og:description\" content=\"Las conexiones son encuentros casuales entre dos personas que no est\u00e1n necesariamente involucradas rom\u00e1nticamente. Si bien las conexiones son comunes entre los estudiantes universitarios, tambi\u00e9n [...]\" \/>\n<meta property=\"og:url\" content=\"https:\/\/chagfordpool.co.uk\/es\/las-mejores-maneras-de-usar-conexiones-a-su-favor\/\" \/>\n<meta property=\"og:site_name\" content=\"Rese\u00f1as de Chag\" \/>\n<meta property=\"article:modified_time\" content=\"2022-08-15T16:42:13+00:00\" \/>\n<meta property=\"og:image\" content=\"https:\/\/chagfordpool.co.uk\/wp-content\/uploads\/2022\/07\/online-chatrooms.jpeg\" \/>\n\t<meta property=\"og:image:width\" content=\"500\" \/>\n\t<meta property=\"og:image:height\" content=\"332\" \/>\n\t<meta property=\"og:image:type\" content=\"image\/jpeg\" \/>\n<meta name=\"author\" content=\"Expert Reviews\" \/>\n<meta name=\"twitter:card\" content=\"summary_large_image\" \/>\n<meta name=\"twitter:label1\" content=\"Tiempo de lectura\" \/>\n\t<meta name=\"twitter:data1\" content=\"3 minutos\" \/>\n<script type=\"application\/ld+json\" class=\"yoast-schema-graph\">{\"@context\":\"https:\/\/schema.org\",\"@graph\":[{\"@type\":\"WebSite\",\"@id\":\"https:\/\/chagfordpool.co.uk\/#website\",\"url\":\"https:\/\/chagfordpool.co.uk\/\",\"name\":\"Rese\u00f1as de Chag\",\"description\":\"Aplicaciones de conexi\u00f3n local\",\"potentialAction\":[{\"@type\":\"SearchAction\",\"target\":{\"@type\":\"EntryPoint\",\"urlTemplate\":\"https:\/\/chagfordpool.co.uk\/?s={search_term_string}\"},\"query-input\":\"required name=search_term_string\"}],\"inLanguage\":\"es\"},{\"@type\":\"ImageObject\",\"inLanguage\":\"es\",\"@id\":\"https:\/\/chagfordpool.co.uk\/es\/las-mejores-maneras-de-usar-conexiones-a-su-favor\/#primaryimage\",\"url\":\"https:\/\/chagfordpool.co.uk\/wp-content\/uploads\/2022\/07\/online-chatrooms.jpeg\",\"contentUrl\":\"https:\/\/chagfordpool.co.uk\/wp-content\/uploads\/2022\/07\/online-chatrooms.jpeg\",\"width\":500,\"height\":332},{\"@type\":\"WebPage\",\"@id\":\"https:\/\/chagfordpool.co.uk\/es\/las-mejores-maneras-de-usar-conexiones-a-su-favor\/#webpage\",\"url\":\"https:\/\/chagfordpool.co.uk\/es\/las-mejores-maneras-de-usar-conexiones-a-su-favor\/\",\"name\":\"Las mejores maneras de usar conexiones a su favor - Rese\u00f1as de Chag\",\"isPartOf\":{\"@id\":\"https:\/\/chagfordpool.co.uk\/#website\"},\"primaryImageOfPage\":{\"@id\":\"https:\/\/chagfordpool.co.uk\/es\/las-mejores-maneras-de-usar-conexiones-a-su-favor\/#primaryimage\"},\"datePublished\":\"2022-07-26T11:12:53+00:00\",\"dateModified\":\"2022-08-15T16:42:13+00:00\",\"breadcrumb\":{\"@id\":\"https:\/\/chagfordpool.co.uk\/es\/las-mejores-maneras-de-usar-conexiones-a-su-favor\/#breadcrumb\"},\"inLanguage\":\"es\",\"potentialAction\":[{\"@type\":\"ReadAction\",\"target\":[\"https:\/\/chagfordpool.co.uk\/es\/las-mejores-maneras-de-usar-conexiones-a-su-favor\/\"]}]},{\"@type\":\"BreadcrumbList\",\"@id\":\"https:\/\/chagfordpool.co.uk\/es\/las-mejores-maneras-de-usar-conexiones-a-su-favor\/#breadcrumb\",\"itemListElement\":[{\"@type\":\"ListItem\",\"position\":1,\"name\":\"Hogar\",\"item\":\"https:\/\/chagfordpool.co.uk\/es\/\"},{\"@type\":\"ListItem\",\"position\":2,\"name\":\"Las mejores maneras de usar conexiones a su favor\"}]}]}<\/script>\n<!-- \/ Yoast SEO plugin. -->","yoast_head_json":{"title":"Las mejores maneras de usar conexiones a su favor - Rese\u00f1as de Chag","robots":{"index":"index","follow":"follow","max-snippet":"max-snippet:-1","max-image-preview":"max-image-preview:large","max-video-preview":"max-video-preview:-1"},"canonical":"https:\/\/chagfordpool.co.uk\/es\/las-mejores-maneras-de-usar-conexiones-a-su-favor\/","og_locale":"es_ES","og_type":"article","og_title":"Las mejores maneras de usar conexiones a su favor - Rese\u00f1as de Chag","og_description":"Las conexiones son encuentros casuales entre dos personas que no est\u00e1n necesariamente involucradas rom\u00e1nticamente. Si bien las conexiones son comunes entre los estudiantes universitarios, tambi\u00e9n [...]","og_url":"https:\/\/chagfordpool.co.uk\/es\/las-mejores-maneras-de-usar-conexiones-a-su-favor\/","og_site_name":"Rese\u00f1as de Chag","article_modified_time":"2022-08-15T16:42:13+00:00","og_image":[{"width":500,"height":332,"url":"https:\/\/chagfordpool.co.uk\/wp-content\/uploads\/2022\/07\/online-chatrooms.jpeg","type":"image\/jpeg"}],"author":"Expert Reviews","twitter_card":"summary_large_image","twitter_misc":{"Tiempo de lectura":"3 minutos"},"schema":{"@context":"https:\/\/schema.org","@graph":[{"@type":"WebSite","@id":"https:\/\/chagfordpool.co.uk\/#website","url":"https:\/\/chagfordpool.co.uk\/","name":"Rese\u00f1as de Chag","description":"Aplicaciones de conexi\u00f3n local","potentialAction":[{"@type":"SearchAction","target":{"@type":"EntryPoint","urlTemplate":"https:\/\/chagfordpool.co.uk\/?s={search_term_string}"},"query-input":"required name=search_term_string"}],"inLanguage":"es"},{"@type":"ImageObject","inLanguage":"es","@id":"https:\/\/chagfordpool.co.uk\/es\/las-mejores-maneras-de-usar-conexiones-a-su-favor\/#primaryimage","url":"https:\/\/chagfordpool.co.uk\/wp-content\/uploads\/2022\/07\/online-chatrooms.jpeg","contentUrl":"https:\/\/chagfordpool.co.uk\/wp-content\/uploads\/2022\/07\/online-chatrooms.jpeg","width":500,"height":332},{"@type":"WebPage","@id":"https:\/\/chagfordpool.co.uk\/es\/las-mejores-maneras-de-usar-conexiones-a-su-favor\/#webpage","url":"https:\/\/chagfordpool.co.uk\/es\/las-mejores-maneras-de-usar-conexiones-a-su-favor\/","name":"Las mejores maneras de usar conexiones a su favor - Rese\u00f1as de Chag","isPartOf":{"@id":"https:\/\/chagfordpool.co.uk\/#website"},"primaryImageOfPage":{"@id":"https:\/\/chagfordpool.co.uk\/es\/las-mejores-maneras-de-usar-conexiones-a-su-favor\/#primaryimage"},"datePublished":"2022-07-26T11:12:53+00:00","dateModified":"2022-08-15T16:42:13+00:00","breadcrumb":{"@id":"https:\/\/chagfordpool.co.uk\/es\/las-mejores-maneras-de-usar-conexiones-a-su-favor\/#breadcrumb"},"inLanguage":"es","potentialAction":[{"@type":"ReadAction","target":["https:\/\/chagfordpool.co.uk\/es\/las-mejores-maneras-de-usar-conexiones-a-su-favor\/"]}]},{"@type":"BreadcrumbList","@id":"https:\/\/chagfordpool.co.uk\/es\/las-mejores-maneras-de-usar-conexiones-a-su-favor\/#breadcrumb","itemListElement":[{"@type":"ListItem","position":1,"name":"Hogar","item":"https:\/\/chagfordpool.co.uk\/es\/"},{"@type":"ListItem","position":2,"name":"Las mejores maneras de usar conexiones a su favor"}]}]}},"_links":{"self":[{"href":"https:\/\/chagfordpool.co.uk\/es\/wp-json\/wp\/v2\/pages\/229"}],"collection":[{"href":"https:\/\/chagfordpool.co.uk\/es\/wp-json\/wp\/v2\/pages"}],"about":[{"href":"https:\/\/chagfordpool.co.uk\/es\/wp-json\/wp\/v2\/types\/page"}],"author":[{"embeddable":true,"href":"https:\/\/chagfordpool.co.uk\/es\/wp-json\/wp\/v2\/users\/1"}],"replies":[{"embeddable":true,"href":"https:\/\/chagfordpool.co.uk\/es\/wp-json\/wp\/v2\/comments?post=229"}],"version-history":[{"count":1,"href":"https:\/\/chagfordpool.co.uk\/es\/wp-json\/wp\/v2\/pages\/229\/revisions"}],"predecessor-version":[{"id":334,"href":"https:\/\/chagfordpool.co.uk\/es\/wp-json\/wp\/v2\/pages\/229\/revisions\/334"}],"wp:featuredmedia":[{"embeddable":true,"href":"https:\/\/chagfordpool.co.uk\/es\/wp-json\/wp\/v2\/media\/134"}],"wp:attachment":[{"href":"https:\/\/chagfordpool.co.uk\/es\/wp-json\/wp\/v2\/media?parent=229"}],"curies":[{"name":"wp","href":"https:\/\/api.w.org\/{rel}","templated":true}]}}