{"id":158,"date":"2022-07-26T11:31:46","date_gmt":"2022-07-26T10:31:46","guid":{"rendered":"http:\/\/chagfordpool.co.uk\/expert-local-en-rencontres-nos-meilleurs-conseils-pour-lamour\/"},"modified":"2022-08-15T13:34:11","modified_gmt":"2022-08-15T12:34:11","slug":"expert-local-en-rencontres-nos-meilleurs-conseils-pour-lamour","status":"publish","type":"page","link":"https:\/\/chagfordpool.co.uk\/fr\/","title":{"rendered":"Expert local en rencontres: nos meilleurs conseils pour l\u2019amour"},"content":{"rendered":"<p>Le monde dans lequel nous vivons aujourd\u2019hui a \u00e9t\u00e9 chang\u00e9 pour toujours en raison de la COVID-19. Nous avons vu comment la technologie nous a aid\u00e9s pendant cette pand\u00e9mie, et maintenant nous voulons vous aider \u00e0 retrouver l\u2019amour.<\/p>\n<p>Il existe des centaines d\u2019applications de rencontres en ligne, mais qu\u2019est-ce qui en rend une meilleure que d\u2019autres? Qu\u2019est-ce qui fait que l\u2019on se d\u00e9marque des autres? Est-ce le design? Ou est-ce les fonctionnalit\u00e9s?<\/p>\n<p>Nous avons pris chacune des applications de rencontres les plus populaires pour voir \u00e0 quel point elles sont vraiment bonnes <a href=\"http:\/\/www.rencontre-sexe-gratuit.com\">Rencontre-Sexe-Gratuit.com<\/a>. Du nombre de membres au nombre de correspondances, en passant par la qualit\u00e9 globale de l\u2019exp\u00e9rience, nous avons class\u00e9 chaque application en fonction de nos r\u00e9sultats.<\/p>\n<p>Donc, que vous recherchiez une relation s\u00e9rieuse ou simplement des rendez-vous amusants, voici les meilleures applications de rencontres de 2022.<\/p>\n<h2>Nos trois meilleurs choix pour les rencontres<\/h2>\n<p>Il existe de nombreux types de sites de rencontres, chacun r\u00e9pondant \u00e0 des besoins sp\u00e9cifiques. Certaines personnes veulent rencontrer des gens juste pour le plaisir, tandis que d\u2019autres recherchent des relations s\u00e9rieuses. Si vous souhaitez rencontrer des gens en ligne, il est utile de savoir quel type de site vous devez utiliser. Voici trois sites de connexion populaires et en quoi ils diff\u00e8rent les uns des autres.<\/p>\n<h3>OkCupid<\/h3>\n<p>OkCupid est probablement le site de connexion le plus connu. Il compte plus de 40 millions de membres actifs dans le monde entier, ce qui en fait l\u2019une des plus grandes plateformes de rencontres existantes. Le site vous permet de vous inscrire gratuitement et de parcourir les profils en fonction de l\u2019emplacement, de l\u2019\u00e2ge, du statut de la relation, du <a href=\"http:\/\/www.site-de-rencontre-sexe.com\/plan-cul-gratuit\/\">site de rencontre sexe gratuit<\/a>, de l\u2019origine ethnique, de la religion, du niveau d\u2019\u00e9ducation, de l\u2019emploi, du type de corps, de la taille, de la couleur des cheveux et bien plus encore. Il existe m\u00eame des sections sp\u00e9ciales o\u00f9 vous pouvez filtrer pour les personnes ayant des int\u00e9r\u00eats similaires. Vous pouvez envoyer des messages, discuter et organiser des rendez-vous avec n\u2019importe qui \u00e0 proximit\u00e9.<\/p>\n<h3>Amadou<\/h3>\n<p>Tinder est d\u00e9finitivement une foule plus jeune par rapport \u00e0 OkCupid. Il est surtout connu pour \u00eatre l\u2019application utilis\u00e9e pour glisser vers la gauche ou la droite sur les correspondances potentielles. Les utilisateurs peuvent d\u00e9finir des pr\u00e9f\u00e9rences telles que s\u2019ils souhaitent ou non voir des photos de partenaires potentiels et peuvent s\u00e9lectionner certains crit\u00e8res qu\u2019ils recherchent, notamment la race, la religion, l\u2019orientation sexuelle, etc. Une fois que vous avez trouv\u00e9 une correspondance, vous pouvez continuer \u00e0 discuter ou passer \u00e0 la personne suivante.<\/p>\n<h3>PlentyOfFish<\/h3>\n<p>PlentyOfFish est un peu moins ax\u00e9 sur la romance et beaucoup plus sur le sexe. En fait, c\u2019est le plus <a href=\"http:\/\/www.rencontresexuelle.net\">RencontreSexuelle.net<\/a> grand site de rencontre au monde pour les c\u00e9libataires adultes. Avec plus de 50 millions d\u2019utilisateurs enregistr\u00e9s, PlentyOfFish s\u2019adresse sp\u00e9cifiquement aux adultes \u00e0 la recherche d\u2019affaires discr\u00e8tes. Cela inclut ceux qui recherchent des couples, des trios, des quatuors et des relations sexuelles en groupe. Tout ce que vous avez \u00e0 faire est de remplir un profil avec des informations de base, de t\u00e9l\u00e9charger une photo et de commencer \u00e0 glisser.<\/p>\n<h2>Comment choisir les meilleures applications de connexion<\/h2>\n<p><img loading=\"lazy\" class=\"size-large wp-image-53 aligncenter\" src=\"http:\/\/chagfordpool.co.uk\/wp-content\/uploads\/2022\/07\/local-chat-apps-for-dating-1024x734.webp\" alt=\"\" width=\"784\" height=\"562\" srcset=\"https:\/\/chagfordpool.co.uk\/wp-content\/uploads\/2022\/07\/local-chat-apps-for-dating-1024x734.webp 1024w, https:\/\/chagfordpool.co.uk\/wp-content\/uploads\/2022\/07\/local-chat-apps-for-dating-300x215.webp 300w, https:\/\/chagfordpool.co.uk\/wp-content\/uploads\/2022\/07\/local-chat-apps-for-dating-768x551.webp 768w, https:\/\/chagfordpool.co.uk\/wp-content\/uploads\/2022\/07\/local-chat-apps-for-dating.webp 1046w\" sizes=\"(max-width: 784px) 100vw, 784px\" \/><\/p>\n<p>Dans le monde d\u2019aujourd\u2019hui, tout le monde veut trouver l\u2019amour en ligne. Il existe de nombreuses applications de rencontres, chacune pr\u00e9tendant \u00eatre meilleure que les autres.<\/p>\n<p>Cependant, nous pensons que vous n\u2019avez pas besoin de passer des heures \u00e0 parcourir des profils sur des centaines de sites diff\u00e9rents juste pour trouver quelqu\u2019un de compatible. Vous pouvez tout faire dans une seule application.<\/p>\n<p>Alors, qu\u2019est-ce qui fait une bonne application de rencontres? Voici quelques caract\u00e9ristiques qui composent le matchmaker parfait:<\/p>\n<h3>Qu\u2019est-ce que tu cherches?<\/h3>\n<p>Jeter? \u00c0 long terme? Une affaire secr\u00e8te ?<\/p>\n<p>La premi\u00e8re chose que vous voulez faire est de d\u00e9terminer le type de personne que vous recherchez. Que vous recherchiez un ami, un amant, un partenaire ou autre chose, savoir ce que vous recherchez \u00e0 l\u2019avance peut vous \u00e9viter beaucoup de chagrin d\u2019amour sur la route. Par exemple, si vous recherchez un partenaire romantique, vous ne voulez pas perdre votre temps \u00e0 discuter avec des inconnus au hasard en ligne. Au lieu de cela, vous voudrez vous concentrer sur la recherche de personnes partageant les m\u00eames id\u00e9es qui sont int\u00e9ress\u00e9es \u00e0 rencontrer d\u2019autres personnes ayant des objectifs similaires.<\/p>\n<p>Une fois que vous avez compris ce que vous recherchez, il est temps de d\u00e9cider o\u00f9 vous voulez rencontrer des partenaires potentiels. De nombreuses options s\u2019offrent \u00e0 vous, notamment les suivantes :<\/p>\n<p>\u2022 Sites et applications de rencontres en ligne<\/p>\n<p>\u2022 Plateformes de m\u00e9dias sociaux<\/p>\n<p>\u2022 Rencontres<\/p>\n<p>\u2022 Bars\/clubs locaux<\/p>\n<h3>Fonctionnalit\u00e9s<\/h3>\n<p>Les meilleurs sites de rencontres en ligne offrent de nombreuses fonctionnalit\u00e9s et options pour vous garder engag\u00e9. Ils vous permettent de parcourir les profils en fonction de l\u2019emplacement, de la tranche d\u2019\u00e2ge, du type de relation, du sexe, etc., et de filtrer les correspondances en fonction de ces pr\u00e9f\u00e9rences. Certains vous permettent m\u00eame de configurer des alertes par e-mail pour vous avertir chaque fois que quelqu\u2019un vous envoie un message.<\/p>\n<p>Vous pouvez utiliser des filtres pour affiner les partenaires potentiels en fonction de crit\u00e8res tels que la religion, l\u2019origine ethnique, la taille, le type de corps, les int\u00e9r\u00eats, etc. Vous pouvez \u00e9galement enregistrer des recherches pour y acc\u00e9der ult\u00e9rieurement.<\/p>\n<p>Certaines applications offrent des fonctionnalit\u00e9s suppl\u00e9mentaires telles que des salles de discussion o\u00f9 vous pouvez interagir avec des personnes, des appels vid\u00e9o, des discussions de groupe et des forums o\u00f9 vous pouvez discuter de sujets li\u00e9s \u00e0 l\u2019amour et aux relations.<\/p>\n<p>La plupart de ces applications facturent des frais mensuels allant de 10 $ \u00e0 50 $. Cependant, il existe \u00e9galement des versions gratuites de la plupart des applications. Alors consultez notre liste des meilleures applications de rencontres pour Android et iOS pour voir lesquelles r\u00e9pondent \u00e0 vos besoins.<\/p>\n<h3>Fonctions &#8211; Balayage? Matchmaking?<\/h3>\n<p>En ce qui concerne les applications de rencontres en ligne, il y a certaines choses que vous ne devriez tout simplement pas faire. Par exemple, ne balayez pas vers la gauche ou la droite sans lire le profil. Ou, n\u2019essayez pas de vous lancer dans des conversations avec quelqu\u2019un d\u2019autre parce que vous vous ennuyez. Et n\u2019envoyez certainement pas de messages \u00e0 des \u00e9trangers.<\/p>\n<p>Mais alors que la plupart des gens connaissent ces r\u00e8gles, beaucoup font encore des erreurs. Vous pourriez penser que la meilleure fa\u00e7on d\u2019\u00e9viter de faire des erreurs embarrassantes est de s\u2019en tenir \u00e0 une application exclusivement. Mais en r\u00e9alit\u00e9, la meilleure strat\u00e9gie consiste \u00e0 m\u00e9langer diff\u00e9rentes applications. Cela vous permet de trouver des correspondances compatibles sur plusieurs plates-formes et facilite le suivi des dates. De plus, vous n\u2019aurez pas l\u2019impression de passer \u00e0 c\u00f4t\u00e9 de quelque chose d\u2019important.<\/p>\n<p>Par exemple, si vous voulez aller \u00e0 un rendez-vous avec quelqu\u2019un que vous avez rencontr\u00e9 sur Tinder, vous pouvez passer \u00e0 Bumble. Si vous pr\u00e9f\u00e9rez discuter avec quelqu\u2019un \u00e0 qui vous avez envoy\u00e9 un message sur OkCupid, vous pouvez basculer l\u00e0-bas. Et si vous pr\u00e9f\u00e9rez parler \u00e0 quelqu\u2019un de PlentyOfFish, vous pouvez sauter sur Hinge.<\/p>\n","protected":false},"excerpt":{"rendered":"<p>Le monde dans lequel nous vivons aujourd\u2019hui a \u00e9t\u00e9 chang\u00e9 pour toujours en raison de la COVID-19. Nous avons vu comment la technologie nous a [&#8230;]<\/p>\n","protected":false},"author":1,"featured_media":88,"parent":0,"menu_order":0,"comment_status":"closed","ping_status":"closed","template":"","meta":[],"yoast_head":"<!-- This site is optimized with the Yoast SEO plugin v19.2 - https:\/\/yoast.com\/wordpress\/plugins\/seo\/ -->\n<title>Expert local en rencontres: nos meilleurs conseils pour l\u2019amour - Avis sur Chag<\/title>\n<meta name=\"robots\" content=\"index, follow, max-snippet:-1, max-image-preview:large, max-video-preview:-1\" \/>\n<link rel=\"canonical\" href=\"https:\/\/chagfordpool.co.uk\/fr\/\" \/>\n<meta property=\"og:locale\" content=\"fr_FR\" \/>\n<meta property=\"og:type\" content=\"article\" \/>\n<meta property=\"og:title\" content=\"Expert local en rencontres: nos meilleurs conseils pour l\u2019amour - Avis sur Chag\" \/>\n<meta property=\"og:description\" content=\"Le monde dans lequel nous vivons aujourd\u2019hui a \u00e9t\u00e9 chang\u00e9 pour toujours en raison de la COVID-19. Nous avons vu comment la technologie nous a [...]\" \/>\n<meta property=\"og:url\" content=\"https:\/\/chagfordpool.co.uk\/fr\/\" \/>\n<meta property=\"og:site_name\" content=\"Avis sur Chag\" \/>\n<meta property=\"article:modified_time\" content=\"2022-08-15T12:34:11+00:00\" \/>\n<meta property=\"og:image\" content=\"https:\/\/chagfordpool.co.uk\/wp-content\/uploads\/2022\/07\/match-dating-websites.jpeg\" \/>\n\t<meta property=\"og:image:width\" content=\"500\" \/>\n\t<meta property=\"og:image:height\" content=\"333\" \/>\n\t<meta property=\"og:image:type\" content=\"image\/jpeg\" \/>\n<meta name=\"author\" content=\"Expert Reviews\" \/>\n<meta name=\"twitter:card\" content=\"summary_large_image\" \/>\n<meta name=\"twitter:label1\" content=\"Dur\u00e9e de lecture estim\u00e9e\" \/>\n\t<meta name=\"twitter:data1\" content=\"6 minutes\" \/>\n<script type=\"application\/ld+json\" class=\"yoast-schema-graph\">{\"@context\":\"https:\/\/schema.org\",\"@graph\":[{\"@type\":\"WebSite\",\"@id\":\"https:\/\/chagfordpool.co.uk\/#website\",\"url\":\"https:\/\/chagfordpool.co.uk\/\",\"name\":\"Avis sur Chag\",\"description\":\"Applications de connexion locales\",\"potentialAction\":[{\"@type\":\"SearchAction\",\"target\":{\"@type\":\"EntryPoint\",\"urlTemplate\":\"https:\/\/chagfordpool.co.uk\/?s={search_term_string}\"},\"query-input\":\"required name=search_term_string\"}],\"inLanguage\":\"fr-FR\"},{\"@type\":\"ImageObject\",\"inLanguage\":\"fr-FR\",\"@id\":\"https:\/\/chagfordpool.co.uk\/fr\/#primaryimage\",\"url\":\"https:\/\/chagfordpool.co.uk\/wp-content\/uploads\/2022\/07\/match-dating-websites.jpeg\",\"contentUrl\":\"https:\/\/chagfordpool.co.uk\/wp-content\/uploads\/2022\/07\/match-dating-websites.jpeg\",\"width\":500,\"height\":333},{\"@type\":\"WebPage\",\"@id\":\"https:\/\/chagfordpool.co.uk\/fr\/#webpage\",\"url\":\"https:\/\/chagfordpool.co.uk\/fr\/\",\"name\":\"Expert local en rencontres: nos meilleurs conseils pour l\u2019amour - Avis sur Chag\",\"isPartOf\":{\"@id\":\"https:\/\/chagfordpool.co.uk\/#website\"},\"primaryImageOfPage\":{\"@id\":\"https:\/\/chagfordpool.co.uk\/fr\/#primaryimage\"},\"datePublished\":\"2022-07-26T10:31:46+00:00\",\"dateModified\":\"2022-08-15T12:34:11+00:00\",\"breadcrumb\":{\"@id\":\"https:\/\/chagfordpool.co.uk\/fr\/#breadcrumb\"},\"inLanguage\":\"fr-FR\",\"potentialAction\":[{\"@type\":\"ReadAction\",\"target\":[\"https:\/\/chagfordpool.co.uk\/fr\/\"]}]},{\"@type\":\"BreadcrumbList\",\"@id\":\"https:\/\/chagfordpool.co.uk\/fr\/#breadcrumb\",\"itemListElement\":[{\"@type\":\"ListItem\",\"position\":1,\"name\":\"Domicile\",\"item\":\"https:\/\/chagfordpool.co.uk\/fr\/\"},{\"@type\":\"ListItem\",\"position\":2,\"name\":\"Expert local en rencontres: nos meilleurs conseils pour l\u2019amour\"}]}]}<\/script>\n<!-- \/ Yoast SEO plugin. -->","yoast_head_json":{"title":"Expert local en rencontres: nos meilleurs conseils pour l\u2019amour - Avis sur Chag","robots":{"index":"index","follow":"follow","max-snippet":"max-snippet:-1","max-image-preview":"max-image-preview:large","max-video-preview":"max-video-preview:-1"},"canonical":"https:\/\/chagfordpool.co.uk\/fr\/","og_locale":"fr_FR","og_type":"article","og_title":"Expert local en rencontres: nos meilleurs conseils pour l\u2019amour - Avis sur Chag","og_description":"Le monde dans lequel nous vivons aujourd\u2019hui a \u00e9t\u00e9 chang\u00e9 pour toujours en raison de la COVID-19. Nous avons vu comment la technologie nous a [...]","og_url":"https:\/\/chagfordpool.co.uk\/fr\/","og_site_name":"Avis sur Chag","article_modified_time":"2022-08-15T12:34:11+00:00","og_image":[{"width":500,"height":333,"url":"https:\/\/chagfordpool.co.uk\/wp-content\/uploads\/2022\/07\/match-dating-websites.jpeg","type":"image\/jpeg"}],"author":"Expert Reviews","twitter_card":"summary_large_image","twitter_misc":{"Dur\u00e9e de lecture estim\u00e9e":"6 minutes"},"schema":{"@context":"https:\/\/schema.org","@graph":[{"@type":"WebSite","@id":"https:\/\/chagfordpool.co.uk\/#website","url":"https:\/\/chagfordpool.co.uk\/","name":"Avis sur Chag","description":"Applications de connexion locales","potentialAction":[{"@type":"SearchAction","target":{"@type":"EntryPoint","urlTemplate":"https:\/\/chagfordpool.co.uk\/?s={search_term_string}"},"query-input":"required name=search_term_string"}],"inLanguage":"fr-FR"},{"@type":"ImageObject","inLanguage":"fr-FR","@id":"https:\/\/chagfordpool.co.uk\/fr\/#primaryimage","url":"https:\/\/chagfordpool.co.uk\/wp-content\/uploads\/2022\/07\/match-dating-websites.jpeg","contentUrl":"https:\/\/chagfordpool.co.uk\/wp-content\/uploads\/2022\/07\/match-dating-websites.jpeg","width":500,"height":333},{"@type":"WebPage","@id":"https:\/\/chagfordpool.co.uk\/fr\/#webpage","url":"https:\/\/chagfordpool.co.uk\/fr\/","name":"Expert local en rencontres: nos meilleurs conseils pour l\u2019amour - Avis sur Chag","isPartOf":{"@id":"https:\/\/chagfordpool.co.uk\/#website"},"primaryImageOfPage":{"@id":"https:\/\/chagfordpool.co.uk\/fr\/#primaryimage"},"datePublished":"2022-07-26T10:31:46+00:00","dateModified":"2022-08-15T12:34:11+00:00","breadcrumb":{"@id":"https:\/\/chagfordpool.co.uk\/fr\/#breadcrumb"},"inLanguage":"fr-FR","potentialAction":[{"@type":"ReadAction","target":["https:\/\/chagfordpool.co.uk\/fr\/"]}]},{"@type":"BreadcrumbList","@id":"https:\/\/chagfordpool.co.uk\/fr\/#breadcrumb","itemListElement":[{"@type":"ListItem","position":1,"name":"Domicile","item":"https:\/\/chagfordpool.co.uk\/fr\/"},{"@type":"ListItem","position":2,"name":"Expert local en rencontres: nos meilleurs conseils pour l\u2019amour"}]}]}},"_links":{"self":[{"href":"https:\/\/chagfordpool.co.uk\/fr\/wp-json\/wp\/v2\/pages\/158"}],"collection":[{"href":"https:\/\/chagfordpool.co.uk\/fr\/wp-json\/wp\/v2\/pages"}],"about":[{"href":"https:\/\/chagfordpool.co.uk\/fr\/wp-json\/wp\/v2\/types\/page"}],"author":[{"embeddable":true,"href":"https:\/\/chagfordpool.co.uk\/fr\/wp-json\/wp\/v2\/users\/1"}],"replies":[{"embeddable":true,"href":"https:\/\/chagfordpool.co.uk\/fr\/wp-json\/wp\/v2\/comments?post=158"}],"version-history":[{"count":2,"href":"https:\/\/chagfordpool.co.uk\/fr\/wp-json\/wp\/v2\/pages\/158\/revisions"}],"predecessor-version":[{"id":331,"href":"https:\/\/chagfordpool.co.uk\/fr\/wp-json\/wp\/v2\/pages\/158\/revisions\/331"}],"wp:featuredmedia":[{"embeddable":true,"href":"https:\/\/chagfordpool.co.uk\/fr\/wp-json\/wp\/v2\/media\/88"}],"wp:attachment":[{"href":"https:\/\/chagfordpool.co.uk\/fr\/wp-json\/wp\/v2\/media?parent=158"}],"curies":[{"name":"wp","href":"https:\/\/api.w.org\/{rel}","templated":true}]}}