{"id":166,"date":"2022-07-26T11:54:57","date_gmt":"2022-07-26T10:54:57","guid":{"rendered":"http:\/\/chagfordpool.co.uk\/sites-web-de-sexting-pour-adultes\/"},"modified":"2022-08-15T18:06:19","modified_gmt":"2022-08-15T17:06:19","slug":"sites-web-de-sexting-pour-adultes","status":"publish","type":"page","link":"https:\/\/chagfordpool.co.uk\/fr\/sites-web-de-sexting-pour-adultes\/","title":{"rendered":"Sites Web de sexting pour adultes"},"content":{"rendered":"<p>Les messages excit\u00e9s sont un moyen amusant de faire savoir \u00e0 quelqu\u2019un que vous \u00eates attir\u00e9 par eux. Que vous envoyiez un <a href=\"http:\/\/chagfordpool.co.uk\/fr\/meilleures-facons-dutiliser-les-connexions-a-votre-avantage\/\">message texte sexy<\/a> ou que vous publiiez une photo de vous en ligne, les messages excit\u00e9s sont un moyen amusant d\u2019exprimer votre int\u00e9r\u00eat <a href=\"https:\/\/www.sextchat.net\/fr\/revue-nutaku-hentai\/\">nutaku hentai<\/a> pour quelqu\u2019un d\u2019autre.<\/p>\n<p>Il existe deux principaux types de messages excit\u00e9s: ceux qui sont cens\u00e9s \u00eatre dr\u00f4les et ceux qui sont destin\u00e9s \u00e0 flirter. Les messages dr\u00f4les et excit\u00e9s sont g\u00e9n\u00e9ralement utilis\u00e9s pour exprimer de l\u2019affection ou de l\u2019humour envers une autre personne. Les messages coquins et excit\u00e9s sont g\u00e9n\u00e9ralement utilis\u00e9s pour attirer l\u2019attention ou taquiner quelqu\u2019un.<\/p>\n<h2>\u00c9changer des messages coquins<\/h2>\n<p>Des messages amusants <a href=\"https:\/\/www.jerkoffforme.com\/fr\/\">jerk cams<\/a> et excit\u00e9s peuvent \u00eatre envoy\u00e9s via des applications de messagerie texte comme WhatsApp, Facebook Messenger, Kik, Viber, Line, WeChat, etc., ou sur des r\u00e9seaux sociaux comme Instagram, Twitter, Snapchat, Tumblr, Reddit, etc. Les messages excit\u00e9s peuvent \u00eatre envoy\u00e9s sur des messageries instantan\u00e9es comme Skype, Whatsapp, Facebook Messenger, LINE, Viber, etc., ou sur d\u2019autres r\u00e9seaux sociaux comme Instagram, Pinterest, Tumblr, Reddit, Twitter, etc.<\/p>\n<p>Il est important de se rappeler que les messages excit\u00e9s ne sont pas toujours appropri\u00e9s.<\/p>\n<p>Voici quelques conseils \u00e0 prendre en compte lors du choix de la bonne plate-forme et de l\u2019envoi du bon type de message corn\u00e9:<\/p>\n<ul>\n<li>Choisissez la bonne plate-forme: Il existe <a href=\"http:\/\/chagfordpool.co.uk\/fr\/meilleures-facons-de-rencontrer-des-celibataires-partageant-les-memes-idees\/\">de nombreuses plates-formes<\/a> o\u00f9 vous pouvez envoyer des messages excit\u00e9s. Cependant, si vous choisissez la mauvaise plate-forme, vous risquez d\u2019\u00eatre signal\u00e9 ou bloqu\u00e9. Par exemple, l\u2019envoi de photos ou de vid\u00e9os coquines sur WhatsApp pourrait entra\u00eener la suspension de votre compte. De m\u00eame, l\u2019envoi de SMS sales sur Instagram pourrait entra\u00eener l\u2019interdiction de votre compte.<\/li>\n<li>Envoyez le bon type de texte excit\u00e9: Lorsque vous envoyez des messages excit\u00e9s, il est important de comprendre la diff\u00e9rence entre flirter et plaisanter. Bien que les deux types de messages puissent \u00eatre amusants, l\u2019envoi de blagues pourrait vous attirer des ennuis. Par exemple, l\u2019envoi de blagues sexuelles pourrait entra\u00eener votre signalement ou votre blocage.<\/li>\n<\/ul>\n<p>Ainsi, bien que l\u2019envoi de messages excit\u00e9s puisse \u00eatre amusant, il est important de faire attention \u00e0 qui vous les envoyez et au type de messages que vous envoyez.<\/p>\n<h2>Types de sites de connexion<\/h2>\n<p>Les rencontres sont des rencontres occasionnelles entre deux personnes qui ne recherchent pas n\u00e9cessairement quelque chose \u00e0 long terme. Bien que les rencontres puissent mener \u00e0 des relations, elles sont g\u00e9n\u00e9ralement destin\u00e9es \u00e0 \u00eatre des exp\u00e9riences amusantes.<\/p>\n<p>Il existe plusieurs types de <a href=\"https:\/\/www.free-adult-cams.com\/fr\/cam-ebony-gratuite\/\">ebony live webcam<\/a>, y compris le sexe occasionnel, les trios et le sexe en groupe. Le sexe occasionnel est g\u00e9n\u00e9ralement d\u00e9fini comme ayant des rapports sexuels avec quelqu\u2019un qui n\u2019est pas romantiquement impliqu\u00e9 avec vous. Les trios sont similaires au sexe occasionnel, sauf que les deux participants sont sexuellement impliqu\u00e9s l\u2019un avec l\u2019autre. Le sexe en groupe implique plusieurs partenaires, et bien qu\u2019il puisse \u00eatre consensuel, il est souvent utilis\u00e9 comme une forme de prostitution.<\/p>\n<p>Pour \u00e9viter ces probl\u00e8mes, essayez de rencontrer des connexions potentielles en ligne plut\u00f4t qu\u2019en personne. Les sites de rencontres en ligne comme Tinder et OkCupid offrent de nombreuses possibilit\u00e9s de se connecter avec des personnes qui partagent des int\u00e9r\u00eats communs. Une fois que vous avez trouv\u00e9 quelqu\u2019un que vous aimeriez rencontrer, organisez une heure et un lieu pour vous rencontrer. Assurez-vous de communiquer clairement sur les limites et les attentes \u00e0 l\u2019avance, et convenez d\u2019un mot ou d\u2019une phrase s\u00fbr que vous pouvez utiliser pour faire savoir \u00e0 votre partenaire que vous \u00eates mal \u00e0 l\u2019aise avec certaines situations.<\/p>\n","protected":false},"excerpt":{"rendered":"<p>Les messages excit\u00e9s sont un moyen amusant de faire savoir \u00e0 quelqu\u2019un que vous \u00eates attir\u00e9 par eux. Que vous envoyiez un message texte sexy [&#8230;]<\/p>\n","protected":false},"author":1,"featured_media":148,"parent":0,"menu_order":0,"comment_status":"closed","ping_status":"closed","template":"","meta":[],"yoast_head":"<!-- This site is optimized with the Yoast SEO plugin v19.2 - https:\/\/yoast.com\/wordpress\/plugins\/seo\/ -->\n<title>Sites Web de sexting pour adultes - Avis sur Chag<\/title>\n<meta name=\"robots\" content=\"index, follow, max-snippet:-1, max-image-preview:large, max-video-preview:-1\" \/>\n<link rel=\"canonical\" href=\"https:\/\/chagfordpool.co.uk\/fr\/sites-web-de-sexting-pour-adultes\/\" \/>\n<meta property=\"og:locale\" content=\"fr_FR\" \/>\n<meta property=\"og:type\" content=\"article\" \/>\n<meta property=\"og:title\" content=\"Sites Web de sexting pour adultes - Avis sur Chag\" \/>\n<meta property=\"og:description\" content=\"Les messages excit\u00e9s sont un moyen amusant de faire savoir \u00e0 quelqu\u2019un que vous \u00eates attir\u00e9 par eux. Que vous envoyiez un message texte sexy [...]\" \/>\n<meta property=\"og:url\" content=\"https:\/\/chagfordpool.co.uk\/fr\/sites-web-de-sexting-pour-adultes\/\" \/>\n<meta property=\"og:site_name\" content=\"Avis sur Chag\" \/>\n<meta property=\"article:modified_time\" content=\"2022-08-15T17:06:19+00:00\" \/>\n<meta property=\"og:image\" content=\"https:\/\/chagfordpool.co.uk\/wp-content\/uploads\/2022\/07\/online-hookup-meet-in-person.jpeg\" \/>\n\t<meta property=\"og:image:width\" content=\"500\" \/>\n\t<meta property=\"og:image:height\" content=\"333\" \/>\n\t<meta property=\"og:image:type\" content=\"image\/jpeg\" \/>\n<meta name=\"author\" content=\"Expert Reviews\" \/>\n<meta name=\"twitter:card\" content=\"summary_large_image\" \/>\n<meta name=\"twitter:label1\" content=\"Dur\u00e9e de lecture estim\u00e9e\" \/>\n\t<meta name=\"twitter:data1\" content=\"3 minutes\" \/>\n<script type=\"application\/ld+json\" class=\"yoast-schema-graph\">{\"@context\":\"https:\/\/schema.org\",\"@graph\":[{\"@type\":\"WebSite\",\"@id\":\"https:\/\/chagfordpool.co.uk\/#website\",\"url\":\"https:\/\/chagfordpool.co.uk\/\",\"name\":\"Avis sur Chag\",\"description\":\"Applications de connexion locales\",\"potentialAction\":[{\"@type\":\"SearchAction\",\"target\":{\"@type\":\"EntryPoint\",\"urlTemplate\":\"https:\/\/chagfordpool.co.uk\/?s={search_term_string}\"},\"query-input\":\"required name=search_term_string\"}],\"inLanguage\":\"fr-FR\"},{\"@type\":\"ImageObject\",\"inLanguage\":\"fr-FR\",\"@id\":\"https:\/\/chagfordpool.co.uk\/fr\/sites-web-de-sexting-pour-adultes\/#primaryimage\",\"url\":\"https:\/\/chagfordpool.co.uk\/wp-content\/uploads\/2022\/07\/online-hookup-meet-in-person.jpeg\",\"contentUrl\":\"https:\/\/chagfordpool.co.uk\/wp-content\/uploads\/2022\/07\/online-hookup-meet-in-person.jpeg\",\"width\":500,\"height\":333},{\"@type\":\"WebPage\",\"@id\":\"https:\/\/chagfordpool.co.uk\/fr\/sites-web-de-sexting-pour-adultes\/#webpage\",\"url\":\"https:\/\/chagfordpool.co.uk\/fr\/sites-web-de-sexting-pour-adultes\/\",\"name\":\"Sites Web de sexting pour adultes - Avis sur Chag\",\"isPartOf\":{\"@id\":\"https:\/\/chagfordpool.co.uk\/#website\"},\"primaryImageOfPage\":{\"@id\":\"https:\/\/chagfordpool.co.uk\/fr\/sites-web-de-sexting-pour-adultes\/#primaryimage\"},\"datePublished\":\"2022-07-26T10:54:57+00:00\",\"dateModified\":\"2022-08-15T17:06:19+00:00\",\"breadcrumb\":{\"@id\":\"https:\/\/chagfordpool.co.uk\/fr\/sites-web-de-sexting-pour-adultes\/#breadcrumb\"},\"inLanguage\":\"fr-FR\",\"potentialAction\":[{\"@type\":\"ReadAction\",\"target\":[\"https:\/\/chagfordpool.co.uk\/fr\/sites-web-de-sexting-pour-adultes\/\"]}]},{\"@type\":\"BreadcrumbList\",\"@id\":\"https:\/\/chagfordpool.co.uk\/fr\/sites-web-de-sexting-pour-adultes\/#breadcrumb\",\"itemListElement\":[{\"@type\":\"ListItem\",\"position\":1,\"name\":\"Domicile\",\"item\":\"https:\/\/chagfordpool.co.uk\/fr\/\"},{\"@type\":\"ListItem\",\"position\":2,\"name\":\"Sites Web de sexting pour adultes\"}]}]}<\/script>\n<!-- \/ Yoast SEO plugin. -->","yoast_head_json":{"title":"Sites Web de sexting pour adultes - Avis sur Chag","robots":{"index":"index","follow":"follow","max-snippet":"max-snippet:-1","max-image-preview":"max-image-preview:large","max-video-preview":"max-video-preview:-1"},"canonical":"https:\/\/chagfordpool.co.uk\/fr\/sites-web-de-sexting-pour-adultes\/","og_locale":"fr_FR","og_type":"article","og_title":"Sites Web de sexting pour adultes - Avis sur Chag","og_description":"Les messages excit\u00e9s sont un moyen amusant de faire savoir \u00e0 quelqu\u2019un que vous \u00eates attir\u00e9 par eux. Que vous envoyiez un message texte sexy [...]","og_url":"https:\/\/chagfordpool.co.uk\/fr\/sites-web-de-sexting-pour-adultes\/","og_site_name":"Avis sur Chag","article_modified_time":"2022-08-15T17:06:19+00:00","og_image":[{"width":500,"height":333,"url":"https:\/\/chagfordpool.co.uk\/wp-content\/uploads\/2022\/07\/online-hookup-meet-in-person.jpeg","type":"image\/jpeg"}],"author":"Expert Reviews","twitter_card":"summary_large_image","twitter_misc":{"Dur\u00e9e de lecture estim\u00e9e":"3 minutes"},"schema":{"@context":"https:\/\/schema.org","@graph":[{"@type":"WebSite","@id":"https:\/\/chagfordpool.co.uk\/#website","url":"https:\/\/chagfordpool.co.uk\/","name":"Avis sur Chag","description":"Applications de connexion locales","potentialAction":[{"@type":"SearchAction","target":{"@type":"EntryPoint","urlTemplate":"https:\/\/chagfordpool.co.uk\/?s={search_term_string}"},"query-input":"required name=search_term_string"}],"inLanguage":"fr-FR"},{"@type":"ImageObject","inLanguage":"fr-FR","@id":"https:\/\/chagfordpool.co.uk\/fr\/sites-web-de-sexting-pour-adultes\/#primaryimage","url":"https:\/\/chagfordpool.co.uk\/wp-content\/uploads\/2022\/07\/online-hookup-meet-in-person.jpeg","contentUrl":"https:\/\/chagfordpool.co.uk\/wp-content\/uploads\/2022\/07\/online-hookup-meet-in-person.jpeg","width":500,"height":333},{"@type":"WebPage","@id":"https:\/\/chagfordpool.co.uk\/fr\/sites-web-de-sexting-pour-adultes\/#webpage","url":"https:\/\/chagfordpool.co.uk\/fr\/sites-web-de-sexting-pour-adultes\/","name":"Sites Web de sexting pour adultes - Avis sur Chag","isPartOf":{"@id":"https:\/\/chagfordpool.co.uk\/#website"},"primaryImageOfPage":{"@id":"https:\/\/chagfordpool.co.uk\/fr\/sites-web-de-sexting-pour-adultes\/#primaryimage"},"datePublished":"2022-07-26T10:54:57+00:00","dateModified":"2022-08-15T17:06:19+00:00","breadcrumb":{"@id":"https:\/\/chagfordpool.co.uk\/fr\/sites-web-de-sexting-pour-adultes\/#breadcrumb"},"inLanguage":"fr-FR","potentialAction":[{"@type":"ReadAction","target":["https:\/\/chagfordpool.co.uk\/fr\/sites-web-de-sexting-pour-adultes\/"]}]},{"@type":"BreadcrumbList","@id":"https:\/\/chagfordpool.co.uk\/fr\/sites-web-de-sexting-pour-adultes\/#breadcrumb","itemListElement":[{"@type":"ListItem","position":1,"name":"Domicile","item":"https:\/\/chagfordpool.co.uk\/fr\/"},{"@type":"ListItem","position":2,"name":"Sites Web de sexting pour adultes"}]}]}},"_links":{"self":[{"href":"https:\/\/chagfordpool.co.uk\/fr\/wp-json\/wp\/v2\/pages\/166"}],"collection":[{"href":"https:\/\/chagfordpool.co.uk\/fr\/wp-json\/wp\/v2\/pages"}],"about":[{"href":"https:\/\/chagfordpool.co.uk\/fr\/wp-json\/wp\/v2\/types\/page"}],"author":[{"embeddable":true,"href":"https:\/\/chagfordpool.co.uk\/fr\/wp-json\/wp\/v2\/users\/1"}],"replies":[{"embeddable":true,"href":"https:\/\/chagfordpool.co.uk\/fr\/wp-json\/wp\/v2\/comments?post=166"}],"version-history":[{"count":1,"href":"https:\/\/chagfordpool.co.uk\/fr\/wp-json\/wp\/v2\/pages\/166\/revisions"}],"predecessor-version":[{"id":340,"href":"https:\/\/chagfordpool.co.uk\/fr\/wp-json\/wp\/v2\/pages\/166\/revisions\/340"}],"wp:featuredmedia":[{"embeddable":true,"href":"https:\/\/chagfordpool.co.uk\/fr\/wp-json\/wp\/v2\/media\/148"}],"wp:attachment":[{"href":"https:\/\/chagfordpool.co.uk\/fr\/wp-json\/wp\/v2\/media?parent=166"}],"curies":[{"name":"wp","href":"https:\/\/api.w.org\/{rel}","templated":true}]}}