{"id":167,"date":"2022-07-26T11:54:12","date_gmt":"2022-07-26T10:54:12","guid":{"rendered":"http:\/\/chagfordpool.co.uk\/meilleures-facons-de-rencontrer-des-celibataires-partageant-les-memes-idees\/"},"modified":"2022-07-26T11:54:12","modified_gmt":"2022-07-26T10:54:12","slug":"meilleures-facons-de-rencontrer-des-celibataires-partageant-les-memes-idees","status":"publish","type":"page","link":"https:\/\/chagfordpool.co.uk\/fr\/meilleures-facons-de-rencontrer-des-celibataires-partageant-les-memes-idees\/","title":{"rendered":"Meilleures fa\u00e7ons de rencontrer des c\u00e9libataires partageant les m\u00eames id\u00e9es"},"content":{"rendered":"<p>Les rencontres sont des rencontres amusantes et occasionnelles entre <a href=\"http:\/\/chagfordpool.co.uk\/fr\/comment-savoir-sil-vous-veut\/\">deux \u00e9trangers<\/a> qui se rencontrent en ligne ou hors ligne. Il existe de nombreux sites qui s\u2019adressent sp\u00e9cifiquement aux connexions, notamment Tinder, OkCupid, PlentyOfFish et Match.com. Ces sites permettent aux utilisateurs de parcourir les profils en fonction de l\u2019emplacement, de l\u2019\u00e2ge, du sexe, des int\u00e9r\u00eats et d\u2019autres crit\u00e8res. Une fois que quelqu\u2019un a trouv\u00e9 quelqu\u2019un avec qui il aimerait discuter, il peut envoyer un message ou demander une r\u00e9union en face \u00e0 face.<\/p>\n<p>Alors que certaines applications de connexion sont orient\u00e9es vers des relations \u00e0 long terme, d\u2019autres sont strictement destin\u00e9es aux aventures rapides. Certaines personnes pr\u00e9f\u00e8rent \u00e9viter compl\u00e8tement l\u2019engagement, tandis que d\u2019autres aiment avoir plusieurs partenaires au cours d\u2019une nuit. Quel que soit le type de relation que vous recherchez, trouver un partenaire ne devrait pas \u00eatre difficile. N\u2019oubliez pas d\u2019\u00eatre en s\u00e9curit\u00e9 et de suivre les r\u00e8gles de bon sens.<\/p>\n<h2>Comment rencontrer des femmes locales pour le sexe<\/h2>\n<p>Ce n\u2019est un secret pour personne que les femmes recherchent des hommes confiants, performants et ambitieux. Donc, si vous essayez d\u2019attirer des femmes en ligne, vous devez transmettre ces traits.<\/p>\n<p>Pour commencer, \u00e9crivez sur vous-m\u00eame sous un jour positif. Ne parlez pas seulement de vos r\u00e9alisations; parlez de la fa\u00e7on dont vous avez surmont\u00e9 les obstacles et r\u00e9ussi. De plus, n\u2019oubliez pas de mentionner que vous \u00eates actuellement c\u00e9libataire. Les femmes aiment entendre des histoires d\u2019autres personnes qui s\u2019en prennent \u00e0 ce qu\u2019elles veulent, et elles appr\u00e9cieront de savoir que vous faites la m\u00eame chose.<\/p>\n<p>Ensuite, concentrez-vous sur vos forces. Quelles comp\u00e9tences poss\u00e9dez-vous qui vous distinguent des autres? \u00c9crivez sur vos passions et vos passe-temps, et partagez des d\u00e9tails sur vos int\u00e9r\u00eats. Lorsque vous vous d\u00e9crivez en termes de personnalit\u00e9, vous vous d\u00e9marquez de la foule.<\/p>\n<p>Enfin, parlez de vos objectifs. Dites-lui ce que vous aimeriez accomplir dans la vie et expliquez-lui comment elle pourrait vous aider \u00e0 les atteindre. Assurez-vous de mettre l\u2019accent sur vos ambitions et vos r\u00eaves, et \u00e9vitez de parler d\u2019argent. Au lieu de cela, concentrez-vous sur l\u2019avenir et sur le plaisir que vous aurez ensemble.<\/p>\n<p>En suivant ces conseils, vous serez en mesure de cr\u00e9er un profil qui se d\u00e9marque des autres. Et, lorsque vous le ferez, vous pourrez vous connecter avec plus de femmes en ligne.<\/p>\n<h3>Rencontrez-vous pour le sexe<\/h3>\n<p>Meet for sex est un grand avantage de rejoindre des <a href=\"http:\/\/chagfordpool.co.uk\/fr\/meilleures-facons-dutiliser-les-connexions-a-votre-avantage\/\">applications de connexion locales<\/a> qui connectent les hommes \u00e0 la recherche de rencontres occasionnelles avec des femmes qui recherchent du plaisir sans conditions.<\/p>\n<p>Il est facile de rencontrer quelqu\u2019un de nouveau en ligne, mais trouver un partenaire pour des rendez-vous dans la vie r\u00e9elle peut parfois ressembler \u00e0 une aiguille dans une botte de foin.<\/p>\n<p>Avec plus de 2 millions de membres dans le monde, ces applications de connexion en ligne offrent une plate-forme s\u00fbre et discr\u00e8te pour rencontrer d\u2019autres adultes pr\u00e8s de chez vous. Que vous recherchiez l\u2019amiti\u00e9, la romance ou simplement une nuit de passion, c\u2019est l\u2019endroit id\u00e9al pour se connecter avec d\u2019autres personnes \u00e0 proximit\u00e9.<\/p>\n<p>Pour vous inscrire, inscrivez-vous gratuitement d\u00e8s aujourd\u2019hui et parcourez nos profils de locaux attrayants dans votre r\u00e9gion. Ensuite, envoyez des messages aux correspondances potentielles et organisez une r\u00e9union en face \u00e0 face.<\/p>\n","protected":false},"excerpt":{"rendered":"<p>Les rencontres sont des rencontres amusantes et occasionnelles entre deux \u00e9trangers qui se rencontrent en ligne ou hors ligne. Il existe de nombreux sites qui [&#8230;]<\/p>\n","protected":false},"author":1,"featured_media":138,"parent":0,"menu_order":0,"comment_status":"closed","ping_status":"closed","template":"","meta":[],"yoast_head":"<!-- This site is optimized with the Yoast SEO plugin v19.2 - https:\/\/yoast.com\/wordpress\/plugins\/seo\/ -->\n<title>Meilleures fa\u00e7ons de rencontrer des c\u00e9libataires partageant les m\u00eames id\u00e9es - Avis sur Chag<\/title>\n<meta name=\"robots\" content=\"index, follow, max-snippet:-1, max-image-preview:large, max-video-preview:-1\" \/>\n<link rel=\"canonical\" href=\"https:\/\/chagfordpool.co.uk\/fr\/meilleures-facons-de-rencontrer-des-celibataires-partageant-les-memes-idees\/\" \/>\n<meta property=\"og:locale\" content=\"fr_FR\" \/>\n<meta property=\"og:type\" content=\"article\" \/>\n<meta property=\"og:title\" content=\"Meilleures fa\u00e7ons de rencontrer des c\u00e9libataires partageant les m\u00eames id\u00e9es - Avis sur Chag\" \/>\n<meta property=\"og:description\" content=\"Les rencontres sont des rencontres amusantes et occasionnelles entre deux \u00e9trangers qui se rencontrent en ligne ou hors ligne. Il existe de nombreux sites qui [...]\" \/>\n<meta property=\"og:url\" content=\"https:\/\/chagfordpool.co.uk\/fr\/meilleures-facons-de-rencontrer-des-celibataires-partageant-les-memes-idees\/\" \/>\n<meta property=\"og:site_name\" content=\"Avis sur Chag\" \/>\n<meta property=\"og:image\" content=\"https:\/\/chagfordpool.co.uk\/wp-content\/uploads\/2022\/07\/singles.jpeg\" \/>\n\t<meta property=\"og:image:width\" content=\"1000\" \/>\n\t<meta property=\"og:image:height\" content=\"1500\" \/>\n\t<meta property=\"og:image:type\" content=\"image\/jpeg\" \/>\n<meta name=\"author\" content=\"Expert Reviews\" \/>\n<meta name=\"twitter:card\" content=\"summary_large_image\" \/>\n<meta name=\"twitter:label1\" content=\"Dur\u00e9e de lecture estim\u00e9e\" \/>\n\t<meta name=\"twitter:data1\" content=\"3 minutes\" \/>\n<script type=\"application\/ld+json\" class=\"yoast-schema-graph\">{\"@context\":\"https:\/\/schema.org\",\"@graph\":[{\"@type\":\"WebSite\",\"@id\":\"https:\/\/chagfordpool.co.uk\/#website\",\"url\":\"https:\/\/chagfordpool.co.uk\/\",\"name\":\"Avis sur Chag\",\"description\":\"Applications de connexion locales\",\"potentialAction\":[{\"@type\":\"SearchAction\",\"target\":{\"@type\":\"EntryPoint\",\"urlTemplate\":\"https:\/\/chagfordpool.co.uk\/?s={search_term_string}\"},\"query-input\":\"required name=search_term_string\"}],\"inLanguage\":\"fr-FR\"},{\"@type\":\"ImageObject\",\"inLanguage\":\"fr-FR\",\"@id\":\"https:\/\/chagfordpool.co.uk\/fr\/meilleures-facons-de-rencontrer-des-celibataires-partageant-les-memes-idees\/#primaryimage\",\"url\":\"https:\/\/chagfordpool.co.uk\/wp-content\/uploads\/2022\/07\/singles.jpeg\",\"contentUrl\":\"https:\/\/chagfordpool.co.uk\/wp-content\/uploads\/2022\/07\/singles.jpeg\",\"width\":1000,\"height\":1500},{\"@type\":\"WebPage\",\"@id\":\"https:\/\/chagfordpool.co.uk\/fr\/meilleures-facons-de-rencontrer-des-celibataires-partageant-les-memes-idees\/#webpage\",\"url\":\"https:\/\/chagfordpool.co.uk\/fr\/meilleures-facons-de-rencontrer-des-celibataires-partageant-les-memes-idees\/\",\"name\":\"Meilleures fa\u00e7ons de rencontrer des c\u00e9libataires partageant les m\u00eames id\u00e9es - Avis sur Chag\",\"isPartOf\":{\"@id\":\"https:\/\/chagfordpool.co.uk\/#website\"},\"primaryImageOfPage\":{\"@id\":\"https:\/\/chagfordpool.co.uk\/fr\/meilleures-facons-de-rencontrer-des-celibataires-partageant-les-memes-idees\/#primaryimage\"},\"datePublished\":\"2022-07-26T10:54:12+00:00\",\"dateModified\":\"2022-07-26T10:54:12+00:00\",\"breadcrumb\":{\"@id\":\"https:\/\/chagfordpool.co.uk\/fr\/meilleures-facons-de-rencontrer-des-celibataires-partageant-les-memes-idees\/#breadcrumb\"},\"inLanguage\":\"fr-FR\",\"potentialAction\":[{\"@type\":\"ReadAction\",\"target\":[\"https:\/\/chagfordpool.co.uk\/fr\/meilleures-facons-de-rencontrer-des-celibataires-partageant-les-memes-idees\/\"]}]},{\"@type\":\"BreadcrumbList\",\"@id\":\"https:\/\/chagfordpool.co.uk\/fr\/meilleures-facons-de-rencontrer-des-celibataires-partageant-les-memes-idees\/#breadcrumb\",\"itemListElement\":[{\"@type\":\"ListItem\",\"position\":1,\"name\":\"Domicile\",\"item\":\"https:\/\/chagfordpool.co.uk\/fr\/\"},{\"@type\":\"ListItem\",\"position\":2,\"name\":\"Meilleures fa\u00e7ons de rencontrer des c\u00e9libataires partageant les m\u00eames id\u00e9es\"}]}]}<\/script>\n<!-- \/ Yoast SEO plugin. -->","yoast_head_json":{"title":"Meilleures fa\u00e7ons de rencontrer des c\u00e9libataires partageant les m\u00eames id\u00e9es - Avis sur Chag","robots":{"index":"index","follow":"follow","max-snippet":"max-snippet:-1","max-image-preview":"max-image-preview:large","max-video-preview":"max-video-preview:-1"},"canonical":"https:\/\/chagfordpool.co.uk\/fr\/meilleures-facons-de-rencontrer-des-celibataires-partageant-les-memes-idees\/","og_locale":"fr_FR","og_type":"article","og_title":"Meilleures fa\u00e7ons de rencontrer des c\u00e9libataires partageant les m\u00eames id\u00e9es - Avis sur Chag","og_description":"Les rencontres sont des rencontres amusantes et occasionnelles entre deux \u00e9trangers qui se rencontrent en ligne ou hors ligne. Il existe de nombreux sites qui [...]","og_url":"https:\/\/chagfordpool.co.uk\/fr\/meilleures-facons-de-rencontrer-des-celibataires-partageant-les-memes-idees\/","og_site_name":"Avis sur Chag","og_image":[{"width":1000,"height":1500,"url":"https:\/\/chagfordpool.co.uk\/wp-content\/uploads\/2022\/07\/singles.jpeg","type":"image\/jpeg"}],"author":"Expert Reviews","twitter_card":"summary_large_image","twitter_misc":{"Dur\u00e9e de lecture estim\u00e9e":"3 minutes"},"schema":{"@context":"https:\/\/schema.org","@graph":[{"@type":"WebSite","@id":"https:\/\/chagfordpool.co.uk\/#website","url":"https:\/\/chagfordpool.co.uk\/","name":"Avis sur Chag","description":"Applications de connexion locales","potentialAction":[{"@type":"SearchAction","target":{"@type":"EntryPoint","urlTemplate":"https:\/\/chagfordpool.co.uk\/?s={search_term_string}"},"query-input":"required name=search_term_string"}],"inLanguage":"fr-FR"},{"@type":"ImageObject","inLanguage":"fr-FR","@id":"https:\/\/chagfordpool.co.uk\/fr\/meilleures-facons-de-rencontrer-des-celibataires-partageant-les-memes-idees\/#primaryimage","url":"https:\/\/chagfordpool.co.uk\/wp-content\/uploads\/2022\/07\/singles.jpeg","contentUrl":"https:\/\/chagfordpool.co.uk\/wp-content\/uploads\/2022\/07\/singles.jpeg","width":1000,"height":1500},{"@type":"WebPage","@id":"https:\/\/chagfordpool.co.uk\/fr\/meilleures-facons-de-rencontrer-des-celibataires-partageant-les-memes-idees\/#webpage","url":"https:\/\/chagfordpool.co.uk\/fr\/meilleures-facons-de-rencontrer-des-celibataires-partageant-les-memes-idees\/","name":"Meilleures fa\u00e7ons de rencontrer des c\u00e9libataires partageant les m\u00eames id\u00e9es - Avis sur Chag","isPartOf":{"@id":"https:\/\/chagfordpool.co.uk\/#website"},"primaryImageOfPage":{"@id":"https:\/\/chagfordpool.co.uk\/fr\/meilleures-facons-de-rencontrer-des-celibataires-partageant-les-memes-idees\/#primaryimage"},"datePublished":"2022-07-26T10:54:12+00:00","dateModified":"2022-07-26T10:54:12+00:00","breadcrumb":{"@id":"https:\/\/chagfordpool.co.uk\/fr\/meilleures-facons-de-rencontrer-des-celibataires-partageant-les-memes-idees\/#breadcrumb"},"inLanguage":"fr-FR","potentialAction":[{"@type":"ReadAction","target":["https:\/\/chagfordpool.co.uk\/fr\/meilleures-facons-de-rencontrer-des-celibataires-partageant-les-memes-idees\/"]}]},{"@type":"BreadcrumbList","@id":"https:\/\/chagfordpool.co.uk\/fr\/meilleures-facons-de-rencontrer-des-celibataires-partageant-les-memes-idees\/#breadcrumb","itemListElement":[{"@type":"ListItem","position":1,"name":"Domicile","item":"https:\/\/chagfordpool.co.uk\/fr\/"},{"@type":"ListItem","position":2,"name":"Meilleures fa\u00e7ons de rencontrer des c\u00e9libataires partageant les m\u00eames id\u00e9es"}]}]}},"_links":{"self":[{"href":"https:\/\/chagfordpool.co.uk\/fr\/wp-json\/wp\/v2\/pages\/167"}],"collection":[{"href":"https:\/\/chagfordpool.co.uk\/fr\/wp-json\/wp\/v2\/pages"}],"about":[{"href":"https:\/\/chagfordpool.co.uk\/fr\/wp-json\/wp\/v2\/types\/page"}],"author":[{"embeddable":true,"href":"https:\/\/chagfordpool.co.uk\/fr\/wp-json\/wp\/v2\/users\/1"}],"replies":[{"embeddable":true,"href":"https:\/\/chagfordpool.co.uk\/fr\/wp-json\/wp\/v2\/comments?post=167"}],"version-history":[{"count":0,"href":"https:\/\/chagfordpool.co.uk\/fr\/wp-json\/wp\/v2\/pages\/167\/revisions"}],"wp:featuredmedia":[{"embeddable":true,"href":"https:\/\/chagfordpool.co.uk\/fr\/wp-json\/wp\/v2\/media\/138"}],"wp:attachment":[{"href":"https:\/\/chagfordpool.co.uk\/fr\/wp-json\/wp\/v2\/media?parent=167"}],"curies":[{"name":"wp","href":"https:\/\/api.w.org\/{rel}","templated":true}]}}