{"id":196,"date":"2022-07-26T12:08:22","date_gmt":"2022-07-26T11:08:22","guid":{"rendered":"http:\/\/chagfordpool.co.uk\/comment-savoir-sil-vous-veut\/"},"modified":"2022-07-26T12:08:22","modified_gmt":"2022-07-26T11:08:22","slug":"comment-savoir-sil-vous-veut","status":"publish","type":"page","link":"https:\/\/chagfordpool.co.uk\/fr\/comment-savoir-sil-vous-veut\/","title":{"rendered":"Comment savoir s\u2019il vous veut"},"content":{"rendered":"<p>Il y a deux types d\u2019hommes : ceux qui veulent \u00eatre d\u00e9sir\u00e9s et ceux qui veulent \u00eatre n\u00e9cessaires.<\/p>\n<p>Bien que les deux soient \u00e9galement attrayants, ce dernier type est beaucoup plus facile \u00e0 attirer. Les hommes qui veulent \u00eatre n\u00e9cessaires ont tendance \u00e0 \u00eatre n\u00e9cessiteux et collants. Lorsque vous rencontrerez quelqu\u2019un comme \u00e7a, vous vous sentirez mal \u00e0 l\u2019aise et vous vous demanderez s\u2019il veut \u00eatre ami ou s\u2019il a juste besoin de vous.<\/p>\n<p>Pour \u00e9viter de tomber dans ce pi\u00e8ge, voici quatre conseils pour vous aider \u00e0 d\u00e9terminer s\u2019il veut vraiment \u00eatre ami ou s\u2019il veut juste \u00eatre n\u00e9cessaire.<\/p>\n<h3>Parle-t-il de ses ex ?<\/h3>\n<p>Les hommes qui ne sont pas s\u00fbrs d\u2019eux-m\u00eames essaient g\u00e9n\u00e9ralement de <a href=\"http:\/\/chagfordpool.co.uk\/fr\/jeu-de-role-sex-dating\/\">compenser en parlant des autres femmes<\/a>. Bien que cela puisse sembler assez inoffensif, cela pourrait indiquer qu\u2019il essaie de combler un vide \u00e9motionnel \u00e0 l\u2019int\u00e9rieur de lui-m\u00eame.<\/p>\n<h3>Demande-t-il toujours des faveurs?<\/h3>\n<p>S\u2019il vous demande de faire quelque chose pour lui tous les jours, alors il veut probablement \u00eatre n\u00e9cessaire. Il peut m\u00eame s\u2019attendre \u00e0 ce que vous fassiez n\u2019importe quoi pour lui, y compris nettoyer sa maison, pr\u00e9parer le d\u00eener et prendre soin de ses enfants.<\/p>\n<h3>Est-ce qu\u2019il vous dit \u00e0 quel point vous \u00eates jolie?<\/h3>\n<p>C\u2019est un autre signe qu\u2019il veut \u00eatre n\u00e9cessaire. S\u2019il vous dit \u00e0 quel point vous \u00eates belle, il n\u2019est probablement pas s\u00fbr de vous et se sent inad\u00e9quat.<\/p>\n<h3>Vous complimente-t-il ?<\/h3>\n<p>Les hommes qui ont confiance en eux ont rarement besoin de compliments. Cependant, s\u2019il vous fait des compliments, <a href=\"http:\/\/chagfordpool.co.uk\/fr\/applications-de-rencontres-locales\/\">faites attention \u00e0 la fa\u00e7on dont il les dit<\/a>. S\u2019il utilise des mots comme \u00ab&nbsp;beau&nbsp;\u00bb, \u00ab&nbsp;sexy&nbsp;\u00bb ou \u00ab&nbsp;chaud&nbsp;\u00bb, alors il n\u2019est probablement pas s\u00fbr de lui et veut \u00eatre n\u00e9cessaire. Mais s\u2019il utilise des mots comme \u00ab&nbsp;intelligent&nbsp;\u00bb, \u00ab&nbsp;dr\u00f4le&nbsp;\u00bb ou \u00ab&nbsp;cool&nbsp;\u00bb, alors il est probablement en s\u00e9curit\u00e9 et \u00e0 l\u2019aise avec lui-m\u00eame.<\/p>\n<p>Ces signes ne sont pas infaillibles, mais ils peuvent vous aider \u00e0 d\u00e9terminer s\u2019il veut \u00eatre n\u00e9cessaire ou s\u2019il veut simplement \u00eatre ami.<\/p>\n<h2>Toujours confus?<\/h2>\n<p>Si vous avez encore des difficult\u00e9s, jetez un coup d\u2019\u0153il \u00e0 ces 5 questions rapides que vous pouvez utiliser pour d\u00e9terminer si un gars \/ une fille vous aime:<\/p>\n<h3>Poser des questions<\/h3>\n<p>Les hommes aiment parler d\u2019eux-m\u00eames, alors poser des questions montre de l\u2019int\u00e9r\u00eat. Poser des questions ouvertes vous permet d\u2019en apprendre davantage sur ses int\u00e9r\u00eats et ses passe-temps.<\/p>\n<h3>\u00c9tablissez un contact visuel<\/h3>\n<p>Quand il remarquera que vous le regardez, il se sentira flatt\u00e9. Et quand vous regarderez en arri\u00e8re, il se demandera \u00e0 quoi vous pensiez.<\/p>\n<h3>\u00c9coutez attentivement<\/h3>\n<p>Il veut savoir que vous vous souciez de ce qu\u2019il dit. Ne l\u2019interrompez pas pendant qu\u2019il parle; qu\u2019il finisse ses pens\u00e9es. Puis hochez la t\u00eate et souriez.<\/p>\n<h3>Complimentez-le<\/h3>\n<p>Dites-lui \u00e0 quel point il est beau, \u00e0 quel point il semble intelligent ou \u00e0 quel point vous l\u2019admirez. Ces compliments le feront se sentir sp\u00e9cial et appr\u00e9ci\u00e9.<\/p>\n<h3>Donnez-lui de l\u2019espace<\/h3>\n<p>Faites-lui savoir que vous l\u2019\u00e9coutez en lui donnant beaucoup d\u2019espace. Asseyez-vous assez pr\u00e8s pour l\u2019entendre, mais assez loin l\u2019un de l\u2019autre pour qu\u2019il se sente \u00e0 l\u2019aise de parler.<\/p>\n","protected":false},"excerpt":{"rendered":"<p>Il y a deux types d\u2019hommes : ceux qui veulent \u00eatre d\u00e9sir\u00e9s et ceux qui veulent \u00eatre n\u00e9cessaires. Bien que les deux soient \u00e9galement attrayants, [&#8230;]<\/p>\n","protected":false},"author":1,"featured_media":118,"parent":0,"menu_order":0,"comment_status":"closed","ping_status":"closed","template":"","meta":[],"yoast_head":"<!-- This site is optimized with the Yoast SEO plugin v19.2 - https:\/\/yoast.com\/wordpress\/plugins\/seo\/ -->\n<title>Comment savoir s\u2019il vous veut - Avis sur Chag<\/title>\n<meta name=\"robots\" content=\"index, follow, max-snippet:-1, max-image-preview:large, max-video-preview:-1\" \/>\n<link rel=\"canonical\" href=\"https:\/\/chagfordpool.co.uk\/fr\/comment-savoir-sil-vous-veut\/\" \/>\n<meta property=\"og:locale\" content=\"fr_FR\" \/>\n<meta property=\"og:type\" content=\"article\" \/>\n<meta property=\"og:title\" content=\"Comment savoir s\u2019il vous veut - Avis sur Chag\" \/>\n<meta property=\"og:description\" content=\"Il y a deux types d\u2019hommes : ceux qui veulent \u00eatre d\u00e9sir\u00e9s et ceux qui veulent \u00eatre n\u00e9cessaires. Bien que les deux soient \u00e9galement attrayants, [...]\" \/>\n<meta property=\"og:url\" content=\"https:\/\/chagfordpool.co.uk\/fr\/comment-savoir-sil-vous-veut\/\" \/>\n<meta property=\"og:site_name\" content=\"Avis sur Chag\" \/>\n<meta property=\"og:image\" content=\"https:\/\/chagfordpool.co.uk\/wp-content\/uploads\/2022\/07\/hookup.jpeg\" \/>\n\t<meta property=\"og:image:width\" content=\"1200\" \/>\n\t<meta property=\"og:image:height\" content=\"1500\" \/>\n\t<meta property=\"og:image:type\" content=\"image\/jpeg\" \/>\n<meta name=\"author\" content=\"Expert Reviews\" \/>\n<meta name=\"twitter:card\" content=\"summary_large_image\" \/>\n<meta name=\"twitter:label1\" content=\"Dur\u00e9e de lecture estim\u00e9e\" \/>\n\t<meta name=\"twitter:data1\" content=\"3 minutes\" \/>\n<script type=\"application\/ld+json\" class=\"yoast-schema-graph\">{\"@context\":\"https:\/\/schema.org\",\"@graph\":[{\"@type\":\"WebSite\",\"@id\":\"https:\/\/chagfordpool.co.uk\/#website\",\"url\":\"https:\/\/chagfordpool.co.uk\/\",\"name\":\"Avis sur Chag\",\"description\":\"Applications de connexion locales\",\"potentialAction\":[{\"@type\":\"SearchAction\",\"target\":{\"@type\":\"EntryPoint\",\"urlTemplate\":\"https:\/\/chagfordpool.co.uk\/?s={search_term_string}\"},\"query-input\":\"required name=search_term_string\"}],\"inLanguage\":\"fr-FR\"},{\"@type\":\"ImageObject\",\"inLanguage\":\"fr-FR\",\"@id\":\"https:\/\/chagfordpool.co.uk\/fr\/comment-savoir-sil-vous-veut\/#primaryimage\",\"url\":\"https:\/\/chagfordpool.co.uk\/wp-content\/uploads\/2022\/07\/hookup.jpeg\",\"contentUrl\":\"https:\/\/chagfordpool.co.uk\/wp-content\/uploads\/2022\/07\/hookup.jpeg\",\"width\":1200,\"height\":1500},{\"@type\":\"WebPage\",\"@id\":\"https:\/\/chagfordpool.co.uk\/fr\/comment-savoir-sil-vous-veut\/#webpage\",\"url\":\"https:\/\/chagfordpool.co.uk\/fr\/comment-savoir-sil-vous-veut\/\",\"name\":\"Comment savoir s\u2019il vous veut - Avis sur Chag\",\"isPartOf\":{\"@id\":\"https:\/\/chagfordpool.co.uk\/#website\"},\"primaryImageOfPage\":{\"@id\":\"https:\/\/chagfordpool.co.uk\/fr\/comment-savoir-sil-vous-veut\/#primaryimage\"},\"datePublished\":\"2022-07-26T11:08:22+00:00\",\"dateModified\":\"2022-07-26T11:08:22+00:00\",\"breadcrumb\":{\"@id\":\"https:\/\/chagfordpool.co.uk\/fr\/comment-savoir-sil-vous-veut\/#breadcrumb\"},\"inLanguage\":\"fr-FR\",\"potentialAction\":[{\"@type\":\"ReadAction\",\"target\":[\"https:\/\/chagfordpool.co.uk\/fr\/comment-savoir-sil-vous-veut\/\"]}]},{\"@type\":\"BreadcrumbList\",\"@id\":\"https:\/\/chagfordpool.co.uk\/fr\/comment-savoir-sil-vous-veut\/#breadcrumb\",\"itemListElement\":[{\"@type\":\"ListItem\",\"position\":1,\"name\":\"Domicile\",\"item\":\"http:\/\/chagfordpool.co.uk\/fr\/\"},{\"@type\":\"ListItem\",\"position\":2,\"name\":\"Comment savoir s\u2019il vous veut\"}]}]}<\/script>\n<!-- \/ Yoast SEO plugin. -->","yoast_head_json":{"title":"Comment savoir s\u2019il vous veut - Avis sur Chag","robots":{"index":"index","follow":"follow","max-snippet":"max-snippet:-1","max-image-preview":"max-image-preview:large","max-video-preview":"max-video-preview:-1"},"canonical":"https:\/\/chagfordpool.co.uk\/fr\/comment-savoir-sil-vous-veut\/","og_locale":"fr_FR","og_type":"article","og_title":"Comment savoir s\u2019il vous veut - Avis sur Chag","og_description":"Il y a deux types d\u2019hommes : ceux qui veulent \u00eatre d\u00e9sir\u00e9s et ceux qui veulent \u00eatre n\u00e9cessaires. Bien que les deux soient \u00e9galement attrayants, [...]","og_url":"https:\/\/chagfordpool.co.uk\/fr\/comment-savoir-sil-vous-veut\/","og_site_name":"Avis sur Chag","og_image":[{"width":1200,"height":1500,"url":"https:\/\/chagfordpool.co.uk\/wp-content\/uploads\/2022\/07\/hookup.jpeg","type":"image\/jpeg"}],"author":"Expert Reviews","twitter_card":"summary_large_image","twitter_misc":{"Dur\u00e9e de lecture estim\u00e9e":"3 minutes"},"schema":{"@context":"https:\/\/schema.org","@graph":[{"@type":"WebSite","@id":"https:\/\/chagfordpool.co.uk\/#website","url":"https:\/\/chagfordpool.co.uk\/","name":"Avis sur Chag","description":"Applications de connexion locales","potentialAction":[{"@type":"SearchAction","target":{"@type":"EntryPoint","urlTemplate":"https:\/\/chagfordpool.co.uk\/?s={search_term_string}"},"query-input":"required name=search_term_string"}],"inLanguage":"fr-FR"},{"@type":"ImageObject","inLanguage":"fr-FR","@id":"https:\/\/chagfordpool.co.uk\/fr\/comment-savoir-sil-vous-veut\/#primaryimage","url":"https:\/\/chagfordpool.co.uk\/wp-content\/uploads\/2022\/07\/hookup.jpeg","contentUrl":"https:\/\/chagfordpool.co.uk\/wp-content\/uploads\/2022\/07\/hookup.jpeg","width":1200,"height":1500},{"@type":"WebPage","@id":"https:\/\/chagfordpool.co.uk\/fr\/comment-savoir-sil-vous-veut\/#webpage","url":"https:\/\/chagfordpool.co.uk\/fr\/comment-savoir-sil-vous-veut\/","name":"Comment savoir s\u2019il vous veut - Avis sur Chag","isPartOf":{"@id":"https:\/\/chagfordpool.co.uk\/#website"},"primaryImageOfPage":{"@id":"https:\/\/chagfordpool.co.uk\/fr\/comment-savoir-sil-vous-veut\/#primaryimage"},"datePublished":"2022-07-26T11:08:22+00:00","dateModified":"2022-07-26T11:08:22+00:00","breadcrumb":{"@id":"https:\/\/chagfordpool.co.uk\/fr\/comment-savoir-sil-vous-veut\/#breadcrumb"},"inLanguage":"fr-FR","potentialAction":[{"@type":"ReadAction","target":["https:\/\/chagfordpool.co.uk\/fr\/comment-savoir-sil-vous-veut\/"]}]},{"@type":"BreadcrumbList","@id":"https:\/\/chagfordpool.co.uk\/fr\/comment-savoir-sil-vous-veut\/#breadcrumb","itemListElement":[{"@type":"ListItem","position":1,"name":"Domicile","item":"http:\/\/chagfordpool.co.uk\/fr\/"},{"@type":"ListItem","position":2,"name":"Comment savoir s\u2019il vous veut"}]}]}},"_links":{"self":[{"href":"https:\/\/chagfordpool.co.uk\/fr\/wp-json\/wp\/v2\/pages\/196"}],"collection":[{"href":"https:\/\/chagfordpool.co.uk\/fr\/wp-json\/wp\/v2\/pages"}],"about":[{"href":"https:\/\/chagfordpool.co.uk\/fr\/wp-json\/wp\/v2\/types\/page"}],"author":[{"embeddable":true,"href":"https:\/\/chagfordpool.co.uk\/fr\/wp-json\/wp\/v2\/users\/1"}],"replies":[{"embeddable":true,"href":"https:\/\/chagfordpool.co.uk\/fr\/wp-json\/wp\/v2\/comments?post=196"}],"version-history":[{"count":0,"href":"https:\/\/chagfordpool.co.uk\/fr\/wp-json\/wp\/v2\/pages\/196\/revisions"}],"wp:featuredmedia":[{"embeddable":true,"href":"https:\/\/chagfordpool.co.uk\/fr\/wp-json\/wp\/v2\/media\/118"}],"wp:attachment":[{"href":"https:\/\/chagfordpool.co.uk\/fr\/wp-json\/wp\/v2\/media?parent=196"}],"curies":[{"name":"wp","href":"https:\/\/api.w.org\/{rel}","templated":true}]}}