{"id":215,"date":"2022-07-26T12:33:19","date_gmt":"2022-07-26T11:33:19","guid":{"rendered":"http:\/\/chagfordpool.co.uk\/quelle-est-la-difference-entre-les-applications-de-connexion-occasionnelles-et-les-rencontres-grand-public\/"},"modified":"2022-07-26T12:33:19","modified_gmt":"2022-07-26T11:33:19","slug":"quelle-est-la-difference-entre-les-applications-de-connexion-occasionnelles-et-les-rencontres-grand-public","status":"publish","type":"page","link":"https:\/\/chagfordpool.co.uk\/fr\/quelle-est-la-difference-entre-les-applications-de-connexion-occasionnelles-et-les-rencontres-grand-public\/","title":{"rendered":"Quelle est la diff\u00e9rence entre les applications de connexion occasionnelles et les rencontres grand public"},"content":{"rendered":"<p>Si vous cherchez quelque chose de d\u00e9contract\u00e9 ce soir, acc\u00e9der \u00e0 une application ou \u00e0 un site Web de connexion pourrait \u00eatre une bonne id\u00e9e. Il existe de nombreuses options, mais il est important de savoir comment chacune fonctionne et ce qu\u2019il faut rechercher lors du choix d\u2019une application ou d\u2019un site Web de rencontres.<\/p>\n<h2>Sites de rencontres occasionnels vs rencontres<\/h2>\n<p>De nos jours, il semble que tout le monde veuille rencontrer quelqu\u2019un de nouveau. Que vous recherchiez une relation s\u00e9rieuse, une aventure amusante ou que vous souhaitiez simplement pimenter votre vie sexuelle, il existe de nombreuses fa\u00e7ons de vous connecter avec des c\u00e9libataires pr\u00e8s de chez vous. Avec l\u2019essor de la technologie mobile, cependant, les rencontres en ligne sont devenues plus faciles que jamais. Il existe maintenant d\u2019innombrables options disponibles, notamment Tinder, Bumble, OkCupid, Match, Plenty Of Fish, Zoosk et m\u00eame Facebook.<\/p>\n<p>Beaucoup de ces sites sont con\u00e7us sp\u00e9cifiquement pour les rencontres occasionnelles, <a href=\"http:\/\/chagfordpool.co.uk\/fr\/meilleures-facons-de-rencontrer-des-celibataires-partageant-les-memes-idees\/\">tandis que les sites de rencontres<\/a> s\u2019adressent \u00e0 ceux qui recherchent des relations \u00e0 court terme. Ces sites permettent souvent aux gens de parcourir les profils sans avoir \u00e0 payer quoi que ce soit \u00e0 l\u2019avance, ce qui les rend parfaits pour ceux qui cherchent \u00e0 essayer quelque chose de nouveau sans engager trop d\u2019argent. En plus d\u2019\u00eatre enti\u00e8rement gratuits, les sites de rencontres occasionnels fournissent g\u00e9n\u00e9ralement beaucoup d\u2019informations sur les correspondances potentielles, telles que l\u2019endroit o\u00f9 ils vivent, travaillent et vont \u00e0 l\u2019\u00e9cole. Cela permet de voir facilement si vous seriez ou non un bon match l\u2019un pour l\u2019autre.<\/p>\n<p>D\u2019autre part, les sites de connexion ont tendance \u00e0 se concentrer davantage sur l\u2019attraction physique. Ces sites exigent g\u00e9n\u00e9ralement un paiement initial, mais ils donnent aux membres l\u2019acc\u00e8s \u00e0 des tonnes de fonctionnalit\u00e9s suppl\u00e9mentaires. Par exemple, ils peuvent vous permettre d\u2019afficher des photos de la personne avec qui vous discutez, d\u2019envoyer des cadeaux virtuels et de poser des questions sur sa personnalit\u00e9. Ils incluent \u00e9galement g\u00e9n\u00e9ralement une fonctionnalit\u00e9 de messagerie, vous permettant de discuter avec la personne avec laquelle vous avez \u00e9t\u00e9 jumel\u00e9. Bien s\u00fbr, les sites de rencontres occasionnels et les sites de rencontres sont d\u2019excellents endroits pour commencer. Si vous recherchez une relation durable, vous voudrez probablement vous en tenir \u00e0 un site de rencontre traditionnel. D\u2019un autre c\u00f4t\u00e9, si vous recherchez simplement un peu plus d\u2019excitation, les sites de rencontres occasionnels ou les sites de rencontres peuvent \u00eatre exactement ce que vous recherchez.<\/p>\n<h2>Les trois principales raisons d\u2019essayer les rencontres occasionnelles<\/h2>\n<h3>Commodit\u00e9<\/h3>\n<p>L\u2019un des principaux avantages des rencontres en ligne est qu\u2019elles vous permettent de rencontrer des partenaires potentiels n\u2019importe o\u00f9. Vous n\u2019avez pas \u00e0 vous soucier d\u2019\u00eatre rejet\u00e9 parce que vous n\u2019\u00eates pas pr\u00eat \u00e0 prendre une chance sur quelqu\u2019un. Vous pouvez m\u00eame rencontrer des gens du monde entier. Les applications de rencontres en ligne vous permettent de vous connecter avec des personnes qui vivent loin de vous. Il n\u2019y a aucune raison de manquer \u00e0 nouveau une bonne opportunit\u00e9.<\/p>\n<h3>Vie priv\u00e9e<\/h3>\n<p>Les sites de rencontres en ligne facilitent la perte de vie. Vous pouvez parcourir les profils de mani\u00e8re anonyme. Tant que vous faites attention aux informations que vous publiez, vous n\u2019aurez pas \u00e0 vous soucier de vous faire arnaquer. Vous ne voulez pas finir par d\u00e9penser de l\u2019argent pour quelque chose qui ne vaut rien. Les rencontres en ligne vous donnent la libert\u00e9 de d\u00e9cider si vous voulez divulguer votre identit\u00e9.<\/p>\n<h3>Flexibilit\u00e9<\/h3>\n<p>Vous pouvez d\u00e9finir les r\u00e8gles de votre jeu. Que vous choisissiez de le faire par SMS ou chats vid\u00e9o, vous pouvez contr\u00f4ler exactement la fr\u00e9quence \u00e0 laquelle vous interagissez avec les correspondances potentielles. Vous pouvez \u00e9galement d\u00e9finir vos pr\u00e9f\u00e9rences en fonction de l\u2019\u00e2ge, du sexe, de l\u2019origine ethnique, de la religion, de l\u2019orientation sexuelle, etc. Lorsque vous \u00eates pr\u00eat, vous pouvez simplement modifier vos param\u00e8tres et recommencer \u00e0 interagir avec les gens.<\/p>\n","protected":false},"excerpt":{"rendered":"<p>Si vous cherchez quelque chose de d\u00e9contract\u00e9 ce soir, acc\u00e9der \u00e0 une application ou \u00e0 un site Web de connexion pourrait \u00eatre une bonne id\u00e9e. [&#8230;]<\/p>\n","protected":false},"author":1,"featured_media":0,"parent":0,"menu_order":0,"comment_status":"closed","ping_status":"closed","template":"","meta":[],"yoast_head":"<!-- This site is optimized with the Yoast SEO plugin v19.2 - https:\/\/yoast.com\/wordpress\/plugins\/seo\/ -->\n<title>Quelle est la diff\u00e9rence entre les applications de connexion occasionnelles et les rencontres grand public - Avis sur Chag<\/title>\n<meta name=\"robots\" content=\"index, follow, max-snippet:-1, max-image-preview:large, max-video-preview:-1\" \/>\n<link rel=\"canonical\" href=\"https:\/\/chagfordpool.co.uk\/fr\/quelle-est-la-difference-entre-les-applications-de-connexion-occasionnelles-et-les-rencontres-grand-public\/\" \/>\n<meta property=\"og:locale\" content=\"fr_FR\" \/>\n<meta property=\"og:type\" content=\"article\" \/>\n<meta property=\"og:title\" content=\"Quelle est la diff\u00e9rence entre les applications de connexion occasionnelles et les rencontres grand public - Avis sur Chag\" \/>\n<meta property=\"og:description\" content=\"Si vous cherchez quelque chose de d\u00e9contract\u00e9 ce soir, acc\u00e9der \u00e0 une application ou \u00e0 un site Web de connexion pourrait \u00eatre une bonne id\u00e9e. [...]\" \/>\n<meta property=\"og:url\" content=\"https:\/\/chagfordpool.co.uk\/fr\/quelle-est-la-difference-entre-les-applications-de-connexion-occasionnelles-et-les-rencontres-grand-public\/\" \/>\n<meta property=\"og:site_name\" content=\"Avis sur Chag\" \/>\n<meta name=\"author\" content=\"Expert Reviews\" \/>\n<meta name=\"twitter:card\" content=\"summary_large_image\" \/>\n<meta name=\"twitter:label1\" content=\"Dur\u00e9e de lecture estim\u00e9e\" \/>\n\t<meta name=\"twitter:data1\" content=\"3 minutes\" \/>\n<script type=\"application\/ld+json\" class=\"yoast-schema-graph\">{\"@context\":\"https:\/\/schema.org\",\"@graph\":[{\"@type\":\"WebSite\",\"@id\":\"https:\/\/chagfordpool.co.uk\/#website\",\"url\":\"https:\/\/chagfordpool.co.uk\/\",\"name\":\"Avis sur Chag\",\"description\":\"Applications de connexion locales\",\"potentialAction\":[{\"@type\":\"SearchAction\",\"target\":{\"@type\":\"EntryPoint\",\"urlTemplate\":\"https:\/\/chagfordpool.co.uk\/?s={search_term_string}\"},\"query-input\":\"required name=search_term_string\"}],\"inLanguage\":\"fr-FR\"},{\"@type\":\"WebPage\",\"@id\":\"https:\/\/chagfordpool.co.uk\/fr\/quelle-est-la-difference-entre-les-applications-de-connexion-occasionnelles-et-les-rencontres-grand-public\/#webpage\",\"url\":\"https:\/\/chagfordpool.co.uk\/fr\/quelle-est-la-difference-entre-les-applications-de-connexion-occasionnelles-et-les-rencontres-grand-public\/\",\"name\":\"Quelle est la diff\u00e9rence entre les applications de connexion occasionnelles et les rencontres grand public - Avis sur Chag\",\"isPartOf\":{\"@id\":\"https:\/\/chagfordpool.co.uk\/#website\"},\"datePublished\":\"2022-07-26T11:33:19+00:00\",\"dateModified\":\"2022-07-26T11:33:19+00:00\",\"breadcrumb\":{\"@id\":\"https:\/\/chagfordpool.co.uk\/fr\/quelle-est-la-difference-entre-les-applications-de-connexion-occasionnelles-et-les-rencontres-grand-public\/#breadcrumb\"},\"inLanguage\":\"fr-FR\",\"potentialAction\":[{\"@type\":\"ReadAction\",\"target\":[\"https:\/\/chagfordpool.co.uk\/fr\/quelle-est-la-difference-entre-les-applications-de-connexion-occasionnelles-et-les-rencontres-grand-public\/\"]}]},{\"@type\":\"BreadcrumbList\",\"@id\":\"https:\/\/chagfordpool.co.uk\/fr\/quelle-est-la-difference-entre-les-applications-de-connexion-occasionnelles-et-les-rencontres-grand-public\/#breadcrumb\",\"itemListElement\":[{\"@type\":\"ListItem\",\"position\":1,\"name\":\"Domicile\",\"item\":\"http:\/\/chagfordpool.co.uk\/fr\/\"},{\"@type\":\"ListItem\",\"position\":2,\"name\":\"Quelle est la diff\u00e9rence entre les applications de connexion occasionnelles et les rencontres grand public\"}]}]}<\/script>\n<!-- \/ Yoast SEO plugin. -->","yoast_head_json":{"title":"Quelle est la diff\u00e9rence entre les applications de connexion occasionnelles et les rencontres grand public - Avis sur Chag","robots":{"index":"index","follow":"follow","max-snippet":"max-snippet:-1","max-image-preview":"max-image-preview:large","max-video-preview":"max-video-preview:-1"},"canonical":"https:\/\/chagfordpool.co.uk\/fr\/quelle-est-la-difference-entre-les-applications-de-connexion-occasionnelles-et-les-rencontres-grand-public\/","og_locale":"fr_FR","og_type":"article","og_title":"Quelle est la diff\u00e9rence entre les applications de connexion occasionnelles et les rencontres grand public - Avis sur Chag","og_description":"Si vous cherchez quelque chose de d\u00e9contract\u00e9 ce soir, acc\u00e9der \u00e0 une application ou \u00e0 un site Web de connexion pourrait \u00eatre une bonne id\u00e9e. [...]","og_url":"https:\/\/chagfordpool.co.uk\/fr\/quelle-est-la-difference-entre-les-applications-de-connexion-occasionnelles-et-les-rencontres-grand-public\/","og_site_name":"Avis sur Chag","author":"Expert Reviews","twitter_card":"summary_large_image","twitter_misc":{"Dur\u00e9e de lecture estim\u00e9e":"3 minutes"},"schema":{"@context":"https:\/\/schema.org","@graph":[{"@type":"WebSite","@id":"https:\/\/chagfordpool.co.uk\/#website","url":"https:\/\/chagfordpool.co.uk\/","name":"Avis sur Chag","description":"Applications de connexion locales","potentialAction":[{"@type":"SearchAction","target":{"@type":"EntryPoint","urlTemplate":"https:\/\/chagfordpool.co.uk\/?s={search_term_string}"},"query-input":"required name=search_term_string"}],"inLanguage":"fr-FR"},{"@type":"WebPage","@id":"https:\/\/chagfordpool.co.uk\/fr\/quelle-est-la-difference-entre-les-applications-de-connexion-occasionnelles-et-les-rencontres-grand-public\/#webpage","url":"https:\/\/chagfordpool.co.uk\/fr\/quelle-est-la-difference-entre-les-applications-de-connexion-occasionnelles-et-les-rencontres-grand-public\/","name":"Quelle est la diff\u00e9rence entre les applications de connexion occasionnelles et les rencontres grand public - Avis sur Chag","isPartOf":{"@id":"https:\/\/chagfordpool.co.uk\/#website"},"datePublished":"2022-07-26T11:33:19+00:00","dateModified":"2022-07-26T11:33:19+00:00","breadcrumb":{"@id":"https:\/\/chagfordpool.co.uk\/fr\/quelle-est-la-difference-entre-les-applications-de-connexion-occasionnelles-et-les-rencontres-grand-public\/#breadcrumb"},"inLanguage":"fr-FR","potentialAction":[{"@type":"ReadAction","target":["https:\/\/chagfordpool.co.uk\/fr\/quelle-est-la-difference-entre-les-applications-de-connexion-occasionnelles-et-les-rencontres-grand-public\/"]}]},{"@type":"BreadcrumbList","@id":"https:\/\/chagfordpool.co.uk\/fr\/quelle-est-la-difference-entre-les-applications-de-connexion-occasionnelles-et-les-rencontres-grand-public\/#breadcrumb","itemListElement":[{"@type":"ListItem","position":1,"name":"Domicile","item":"http:\/\/chagfordpool.co.uk\/fr\/"},{"@type":"ListItem","position":2,"name":"Quelle est la diff\u00e9rence entre les applications de connexion occasionnelles et les rencontres grand public"}]}]}},"_links":{"self":[{"href":"https:\/\/chagfordpool.co.uk\/fr\/wp-json\/wp\/v2\/pages\/215"}],"collection":[{"href":"https:\/\/chagfordpool.co.uk\/fr\/wp-json\/wp\/v2\/pages"}],"about":[{"href":"https:\/\/chagfordpool.co.uk\/fr\/wp-json\/wp\/v2\/types\/page"}],"author":[{"embeddable":true,"href":"https:\/\/chagfordpool.co.uk\/fr\/wp-json\/wp\/v2\/users\/1"}],"replies":[{"embeddable":true,"href":"https:\/\/chagfordpool.co.uk\/fr\/wp-json\/wp\/v2\/comments?post=215"}],"version-history":[{"count":0,"href":"https:\/\/chagfordpool.co.uk\/fr\/wp-json\/wp\/v2\/pages\/215\/revisions"}],"wp:attachment":[{"href":"https:\/\/chagfordpool.co.uk\/fr\/wp-json\/wp\/v2\/media?parent=215"}],"curies":[{"name":"wp","href":"https:\/\/api.w.org\/{rel}","templated":true}]}}