{"id":231,"date":"2022-07-26T12:12:53","date_gmt":"2022-07-26T11:12:53","guid":{"rendered":"http:\/\/chagfordpool.co.uk\/meilleures-facons-dutiliser-les-connexions-a-votre-avantage\/"},"modified":"2022-08-15T18:06:54","modified_gmt":"2022-08-15T17:06:54","slug":"meilleures-facons-dutiliser-les-connexions-a-votre-avantage","status":"publish","type":"page","link":"https:\/\/chagfordpool.co.uk\/fr\/meilleures-facons-dutiliser-les-connexions-a-votre-avantage\/","title":{"rendered":"Meilleures fa\u00e7ons d\u2019utiliser les connexions \u00e0 votre avantage"},"content":{"rendered":"<p>Les rencontres sont <a href=\"http:\/\/chagfordpool.co.uk\/fr\/applications-de-rencontres-locales\/\">des rencontres occasionnelles<\/a> entre deux personnes qui ne sont pas n\u00e9cessairement romantiques. Bien que les rencontres soient courantes chez les \u00e9tudiants, elles peuvent \u00e9galement se produire en dehors de l\u2019\u00e9cole. Les rencontres sont g\u00e9n\u00e9ralement des affaires \u00e0 court terme, qui durent de quelques heures \u00e0 quelques jours.<\/p>\n<p>Bien que les connexions soient amusantes, elles peuvent entra\u00eener <a href=\"https:\/\/www.jerkoffforme.com\/fr\/sites-web-voyeur-gratuits\/\">site voyeur<\/a> des probl\u00e8mes plus tard. Par exemple, les rencontres peuvent cr\u00e9er des sentiments de jalousie et d\u2019ins\u00e9curit\u00e9, surtout si les deux parties se voient encore apr\u00e8s la rencontre.<\/p>\n<p>Pour \u00e9viter ces \u00e9motions n\u00e9gatives, essayez de fixer des limites d\u00e8s le d\u00e9but. Dites \u00e0 votre partenaire exactement ce que vous attendez de la relation et ce que vous ne voulez pas qu\u2019il se produise. De plus, rappelez-vous que les rencontres font partie de la vie, alors ne les laissez pas ruiner vos relations avec vos amis ou les membres de votre famille.<\/p>\n<h2>Devriez-vous rencontrer des gens dans votre r\u00e9gion sont?<\/h2>\n<p>Il y a beaucoup d\u2019endroits en ligne o\u00f9 vous pouvez rencontrer quelqu\u2019un qui veut se connecter. Mais trouver un <a href=\"http:\/\/chagfordpool.co.uk\/fr\/comment-savoir-sil-vous-veut\/\">match local<\/a> peut \u00eatre d\u00e9licat. C\u2019est pourquoi il est payant d\u2019apprendre \u00e0 ramasser des femmes dans les bars et les clubs.<\/p>\n<p>D\u2019autre part, vous pouvez rep\u00e9rer les femmes qui sont vraiment int\u00e9ress\u00e9es \u00e0 rencontrer des hommes. Au lieu de passer leur temps \u00e0 parler \u00e0 des amis ou \u00e0 v\u00e9rifier leurs t\u00e9l\u00e9phones, ils se concentrent sur l\u2019\u00e9tablissement d\u2019un contact visuel avec des partenaires potentiels.<\/p>\n<p>Donc, la prochaine fois que vous sortez, recherchez des signes <a href=\"http:\/\/www.hotsexychat.net\/fr\/sites-de-rencontres-en-texte-libre\/\">libre et sexy<\/a> qui indiquent si quelqu\u2019un est int\u00e9ress\u00e9 \u00e0 rencontrer quelqu\u2019un d\u2019autre. Lorsque vous remarquez une femme qui regarde attentivement dans sa boisson, elle pourrait penser \u00e0 rencontrer quelqu\u2019un. Ou si un gars est seul, il pourrait se demander s\u2019il serait capable de marquer un lay rapide.<\/p>\n<p>Les rencontres sont des rencontres occasionnelles entre deux \u00e9trangers qui se rencontrent en ligne. Ces rencontres se produisent g\u00e9n\u00e9ralement via des applications comme Tinder, Bumble, Grindr, etc., et peuvent conduire \u00e0 des relations sexuelles. Les rencontres sont populaires parmi les c\u00e9libataires et les couples, mais elles ne sont pas toujours s\u00fbres.<\/p>\n<h2>Play It Cool &#8211; Comment faire venir le gars \u00e0 vous<\/h2>\n<p>Taquiner est le moyen le plus simple d\u2019amener un gars \u00e0 \u00eatre impatient et \u00e0 vouloir se connecter.<\/p>\n<p>Il existe plusieurs types de taquineries, y compris les taquineries l\u00e9g\u00e8res, les taquineries ludiques et les taquineries sexuelles. Chaque type de taquinerie n\u00e9cessite une approche l\u00e9g\u00e8rement diff\u00e9rente, mais l\u2019objectif est toujours le m\u00eame: allumer un gars.<\/p>\n<p>Les taquineries l\u00e9g\u00e8res sont g\u00e9n\u00e9ralement faites en plaisantant et impliquent de se moquer de quelqu\u2019un ou de jouer sur ses traits de personnalit\u00e9. Les taquineries ludiques sont similaires aux taquineries l\u00e9g\u00e8res, sauf qu\u2019elles sont cens\u00e9es \u00eatre humoristiques plut\u00f4t que blessantes. Les taquineries sexuelles sont la forme la plus directe de taquinerie et impliquent de flirter avec un gars dans l\u2019espoir de l\u2019exciter.<\/p>\n<p>Il est important de se rappeler que les taquineries ne sont qu\u2019une partie <a href=\"http:\/\/wank.io\/fr\/applications-de-rencontres-gamer\/\">site de rencontre gamer<\/a> de la s\u00e9duction. Les taquineries sont un excellent moyen de cr\u00e9er de l\u2019attraction, mais elles ne devraient pas \u00eatre utilis\u00e9es comme substitut \u00e0 d\u2019autres formes de flatterie. Tant que vous \u00eates sinc\u00e8re, les taquineries peuvent conduire \u00e0 une relation r\u00e9ussie.<\/p>\n<h3>Faites des compliments<\/h3>\n<p>Les compliments sont un excellent moyen de complimenter l\u2019apparence, la personnalit\u00e9 ou le style d\u2019un gars. Et n\u2019oubliez pas de mentionner d\u2019autres gars qui attirent votre attention.<\/p>\n<h3>Montrez vos actifs<\/h3>\n<p>Les femmes pr\u00e9f\u00e8rent g\u00e9n\u00e9ralement les hommes avec des corps forts, donc si vous essayez d\u2019attirer un homme, assurez-vous de montrer votre corps.<\/p>\n<h3>Jouer \u00e0 des jeux<\/h3>\n<p>Les jeux sont une autre fa\u00e7on amusante de flirter avec un gars. Essayez de jouer \u00e0 un jeu o\u00f9 vous vous affrontez pour voir qui peut l\u2019embrasser en premier. Ou jouez \u00e0 un jeu de devinettes o\u00f9 vous devinez ce qu\u2019il aime en fonction de ses r\u00e9ponses.<\/p>\n<p>Rappelez-vous que les taquineries ne sont qu\u2019une partie du flirt. Flirter implique beaucoup plus que des taquineries. Par exemple, vous pouvez lui poser des questions sur ses int\u00e9r\u00eats, partager des histoires sur vous-m\u00eame ou l\u2019inviter \u00e0 passer du temps avec vous.<\/p>\n","protected":false},"excerpt":{"rendered":"<p>Les rencontres sont des rencontres occasionnelles entre deux personnes qui ne sont pas n\u00e9cessairement romantiques. Bien que les rencontres soient courantes chez les \u00e9tudiants, elles [&#8230;]<\/p>\n","protected":false},"author":1,"featured_media":128,"parent":0,"menu_order":0,"comment_status":"closed","ping_status":"closed","template":"","meta":[],"yoast_head":"<!-- This site is optimized with the Yoast SEO plugin v19.2 - https:\/\/yoast.com\/wordpress\/plugins\/seo\/ -->\n<title>Meilleures fa\u00e7ons d\u2019utiliser les connexions \u00e0 votre avantage - Avis sur Chag<\/title>\n<meta name=\"robots\" content=\"index, follow, max-snippet:-1, max-image-preview:large, max-video-preview:-1\" \/>\n<link rel=\"canonical\" href=\"https:\/\/chagfordpool.co.uk\/fr\/meilleures-facons-dutiliser-les-connexions-a-votre-avantage\/\" \/>\n<meta property=\"og:locale\" content=\"fr_FR\" \/>\n<meta property=\"og:type\" content=\"article\" \/>\n<meta property=\"og:title\" content=\"Meilleures fa\u00e7ons d\u2019utiliser les connexions \u00e0 votre avantage - Avis sur Chag\" \/>\n<meta property=\"og:description\" content=\"Les rencontres sont des rencontres occasionnelles entre deux personnes qui ne sont pas n\u00e9cessairement romantiques. Bien que les rencontres soient courantes chez les \u00e9tudiants, elles [...]\" \/>\n<meta property=\"og:url\" content=\"https:\/\/chagfordpool.co.uk\/fr\/meilleures-facons-dutiliser-les-connexions-a-votre-avantage\/\" \/>\n<meta property=\"og:site_name\" content=\"Avis sur Chag\" \/>\n<meta property=\"article:modified_time\" content=\"2022-08-15T17:06:54+00:00\" \/>\n<meta property=\"og:image\" content=\"https:\/\/chagfordpool.co.uk\/wp-content\/uploads\/2022\/07\/online-chatrooms.jpeg\" \/>\n\t<meta property=\"og:image:width\" content=\"500\" \/>\n\t<meta property=\"og:image:height\" content=\"332\" \/>\n\t<meta property=\"og:image:type\" content=\"image\/jpeg\" \/>\n<meta name=\"author\" content=\"Expert Reviews\" \/>\n<meta name=\"twitter:card\" content=\"summary_large_image\" \/>\n<meta name=\"twitter:label1\" content=\"Dur\u00e9e de lecture estim\u00e9e\" \/>\n\t<meta name=\"twitter:data1\" content=\"4 minutes\" \/>\n<script type=\"application\/ld+json\" class=\"yoast-schema-graph\">{\"@context\":\"https:\/\/schema.org\",\"@graph\":[{\"@type\":\"WebSite\",\"@id\":\"https:\/\/chagfordpool.co.uk\/#website\",\"url\":\"https:\/\/chagfordpool.co.uk\/\",\"name\":\"Avis sur Chag\",\"description\":\"Applications de connexion locales\",\"potentialAction\":[{\"@type\":\"SearchAction\",\"target\":{\"@type\":\"EntryPoint\",\"urlTemplate\":\"https:\/\/chagfordpool.co.uk\/?s={search_term_string}\"},\"query-input\":\"required name=search_term_string\"}],\"inLanguage\":\"fr-FR\"},{\"@type\":\"ImageObject\",\"inLanguage\":\"fr-FR\",\"@id\":\"https:\/\/chagfordpool.co.uk\/fr\/meilleures-facons-dutiliser-les-connexions-a-votre-avantage\/#primaryimage\",\"url\":\"https:\/\/chagfordpool.co.uk\/wp-content\/uploads\/2022\/07\/online-chatrooms.jpeg\",\"contentUrl\":\"https:\/\/chagfordpool.co.uk\/wp-content\/uploads\/2022\/07\/online-chatrooms.jpeg\",\"width\":500,\"height\":332},{\"@type\":\"WebPage\",\"@id\":\"https:\/\/chagfordpool.co.uk\/fr\/meilleures-facons-dutiliser-les-connexions-a-votre-avantage\/#webpage\",\"url\":\"https:\/\/chagfordpool.co.uk\/fr\/meilleures-facons-dutiliser-les-connexions-a-votre-avantage\/\",\"name\":\"Meilleures fa\u00e7ons d\u2019utiliser les connexions \u00e0 votre avantage - Avis sur Chag\",\"isPartOf\":{\"@id\":\"https:\/\/chagfordpool.co.uk\/#website\"},\"primaryImageOfPage\":{\"@id\":\"https:\/\/chagfordpool.co.uk\/fr\/meilleures-facons-dutiliser-les-connexions-a-votre-avantage\/#primaryimage\"},\"datePublished\":\"2022-07-26T11:12:53+00:00\",\"dateModified\":\"2022-08-15T17:06:54+00:00\",\"breadcrumb\":{\"@id\":\"https:\/\/chagfordpool.co.uk\/fr\/meilleures-facons-dutiliser-les-connexions-a-votre-avantage\/#breadcrumb\"},\"inLanguage\":\"fr-FR\",\"potentialAction\":[{\"@type\":\"ReadAction\",\"target\":[\"https:\/\/chagfordpool.co.uk\/fr\/meilleures-facons-dutiliser-les-connexions-a-votre-avantage\/\"]}]},{\"@type\":\"BreadcrumbList\",\"@id\":\"https:\/\/chagfordpool.co.uk\/fr\/meilleures-facons-dutiliser-les-connexions-a-votre-avantage\/#breadcrumb\",\"itemListElement\":[{\"@type\":\"ListItem\",\"position\":1,\"name\":\"Domicile\",\"item\":\"https:\/\/chagfordpool.co.uk\/fr\/\"},{\"@type\":\"ListItem\",\"position\":2,\"name\":\"Meilleures fa\u00e7ons d\u2019utiliser les connexions \u00e0 votre avantage\"}]}]}<\/script>\n<!-- \/ Yoast SEO plugin. -->","yoast_head_json":{"title":"Meilleures fa\u00e7ons d\u2019utiliser les connexions \u00e0 votre avantage - Avis sur Chag","robots":{"index":"index","follow":"follow","max-snippet":"max-snippet:-1","max-image-preview":"max-image-preview:large","max-video-preview":"max-video-preview:-1"},"canonical":"https:\/\/chagfordpool.co.uk\/fr\/meilleures-facons-dutiliser-les-connexions-a-votre-avantage\/","og_locale":"fr_FR","og_type":"article","og_title":"Meilleures fa\u00e7ons d\u2019utiliser les connexions \u00e0 votre avantage - Avis sur Chag","og_description":"Les rencontres sont des rencontres occasionnelles entre deux personnes qui ne sont pas n\u00e9cessairement romantiques. Bien que les rencontres soient courantes chez les \u00e9tudiants, elles [...]","og_url":"https:\/\/chagfordpool.co.uk\/fr\/meilleures-facons-dutiliser-les-connexions-a-votre-avantage\/","og_site_name":"Avis sur Chag","article_modified_time":"2022-08-15T17:06:54+00:00","og_image":[{"width":500,"height":332,"url":"https:\/\/chagfordpool.co.uk\/wp-content\/uploads\/2022\/07\/online-chatrooms.jpeg","type":"image\/jpeg"}],"author":"Expert Reviews","twitter_card":"summary_large_image","twitter_misc":{"Dur\u00e9e de lecture estim\u00e9e":"4 minutes"},"schema":{"@context":"https:\/\/schema.org","@graph":[{"@type":"WebSite","@id":"https:\/\/chagfordpool.co.uk\/#website","url":"https:\/\/chagfordpool.co.uk\/","name":"Avis sur Chag","description":"Applications de connexion locales","potentialAction":[{"@type":"SearchAction","target":{"@type":"EntryPoint","urlTemplate":"https:\/\/chagfordpool.co.uk\/?s={search_term_string}"},"query-input":"required name=search_term_string"}],"inLanguage":"fr-FR"},{"@type":"ImageObject","inLanguage":"fr-FR","@id":"https:\/\/chagfordpool.co.uk\/fr\/meilleures-facons-dutiliser-les-connexions-a-votre-avantage\/#primaryimage","url":"https:\/\/chagfordpool.co.uk\/wp-content\/uploads\/2022\/07\/online-chatrooms.jpeg","contentUrl":"https:\/\/chagfordpool.co.uk\/wp-content\/uploads\/2022\/07\/online-chatrooms.jpeg","width":500,"height":332},{"@type":"WebPage","@id":"https:\/\/chagfordpool.co.uk\/fr\/meilleures-facons-dutiliser-les-connexions-a-votre-avantage\/#webpage","url":"https:\/\/chagfordpool.co.uk\/fr\/meilleures-facons-dutiliser-les-connexions-a-votre-avantage\/","name":"Meilleures fa\u00e7ons d\u2019utiliser les connexions \u00e0 votre avantage - Avis sur Chag","isPartOf":{"@id":"https:\/\/chagfordpool.co.uk\/#website"},"primaryImageOfPage":{"@id":"https:\/\/chagfordpool.co.uk\/fr\/meilleures-facons-dutiliser-les-connexions-a-votre-avantage\/#primaryimage"},"datePublished":"2022-07-26T11:12:53+00:00","dateModified":"2022-08-15T17:06:54+00:00","breadcrumb":{"@id":"https:\/\/chagfordpool.co.uk\/fr\/meilleures-facons-dutiliser-les-connexions-a-votre-avantage\/#breadcrumb"},"inLanguage":"fr-FR","potentialAction":[{"@type":"ReadAction","target":["https:\/\/chagfordpool.co.uk\/fr\/meilleures-facons-dutiliser-les-connexions-a-votre-avantage\/"]}]},{"@type":"BreadcrumbList","@id":"https:\/\/chagfordpool.co.uk\/fr\/meilleures-facons-dutiliser-les-connexions-a-votre-avantage\/#breadcrumb","itemListElement":[{"@type":"ListItem","position":1,"name":"Domicile","item":"https:\/\/chagfordpool.co.uk\/fr\/"},{"@type":"ListItem","position":2,"name":"Meilleures fa\u00e7ons d\u2019utiliser les connexions \u00e0 votre avantage"}]}]}},"_links":{"self":[{"href":"https:\/\/chagfordpool.co.uk\/fr\/wp-json\/wp\/v2\/pages\/231"}],"collection":[{"href":"https:\/\/chagfordpool.co.uk\/fr\/wp-json\/wp\/v2\/pages"}],"about":[{"href":"https:\/\/chagfordpool.co.uk\/fr\/wp-json\/wp\/v2\/types\/page"}],"author":[{"embeddable":true,"href":"https:\/\/chagfordpool.co.uk\/fr\/wp-json\/wp\/v2\/users\/1"}],"replies":[{"embeddable":true,"href":"https:\/\/chagfordpool.co.uk\/fr\/wp-json\/wp\/v2\/comments?post=231"}],"version-history":[{"count":1,"href":"https:\/\/chagfordpool.co.uk\/fr\/wp-json\/wp\/v2\/pages\/231\/revisions"}],"predecessor-version":[{"id":341,"href":"https:\/\/chagfordpool.co.uk\/fr\/wp-json\/wp\/v2\/pages\/231\/revisions\/341"}],"wp:featuredmedia":[{"embeddable":true,"href":"https:\/\/chagfordpool.co.uk\/fr\/wp-json\/wp\/v2\/media\/128"}],"wp:attachment":[{"href":"https:\/\/chagfordpool.co.uk\/fr\/wp-json\/wp\/v2\/media?parent=231"}],"curies":[{"name":"wp","href":"https:\/\/api.w.org\/{rel}","templated":true}]}}