{"id":156,"date":"2022-07-26T11:31:46","date_gmt":"2022-07-26T10:31:46","guid":{"rendered":"http:\/\/chagfordpool.co.uk\/esperto-di-appuntamenti-locali-i-nostri-migliori-consigli-per-lamore\/"},"modified":"2022-09-08T16:10:15","modified_gmt":"2022-09-08T15:10:15","slug":"esperto-di-appuntamenti-locali-i-nostri-migliori-consigli-per-lamore","status":"publish","type":"page","link":"https:\/\/chagfordpool.co.uk\/it\/","title":{"rendered":"Esperto di appuntamenti locali: i nostri migliori consigli per l&#8217;amore"},"content":{"rendered":"<p>Il mondo in cui viviamo oggi \u00e8 stato cambiato per sempre a causa di COVID-19. Abbiamo visto come la tecnologia ci ha aiutato durante questa pandemia e ora vogliamo aiutarti a ritrovare l&#8217;amore.<\/p>\n<p>Ci sono centinaia di app di appuntamenti online l\u00e0 fuori, ma cosa ne rende una migliore di altre? Cosa fa stare uno sopra gli altri? \u00c8 il design? O sono le caratteristiche?<\/p>\n<p>Abbiamo preso ciascuna delle app di appuntamenti pi\u00f9 popolari per vedere quanto sono davvero buone. Dal numero di membri, alla quantit\u00e0 di corrispondenze, alla qualit\u00e0 complessiva dell&#8217;esperienza, abbiamo classificato ogni singola app in base ai nostri risultati.<\/p>\n<p>Quindi, se stai cercando una relazione seria o solo alcuni appuntamenti divertenti, ecco le migliori app di appuntamenti del 2022.<\/p>\n<h2>Le nostre tre migliori scelte per gli appuntamenti<\/h2>\n<p>Ci sono molti diversi tipi di siti di incontri l\u00e0 fuori, ognuno dei quali si rivolge a esigenze specifiche. Alcune persone vogliono incontrare persone solo per divertimento <a href=\"http:\/\/www.nosignupporngames.net\/it\/giochi-di-sesso-gratis-senza-carta-di-credito\/\">giochi porno senza registrazione<\/a>, mentre altre sono alla ricerca di relazioni serie. Se sei interessato a incontrare persone online, \u00e8 utile sapere quale tipo di sito dovresti usare. Ecco tre siti di collegamento popolari e come differiscono l&#8217;uno dall&#8217;altro.<\/p>\n<h3>OkCupido<\/h3>\n<p>OkCupid \u00e8 probabilmente il sito di collegamento pi\u00f9 noto l\u00e0 fuori. Vanta oltre 40 milioni di membri attivi in tutto il mondo, rendendolo una delle pi\u00f9 grandi piattaforme di incontri esistenti. Il sito ti consente di iscriverti gratuitamente e sfogliare i profili in base a posizione, et\u00e0, stato della relazione, sesso, etnia, religione, livello di istruzione <a href=\"https:\/\/www.sexting-sites.com\/it\/giochi-porno-gratis-nessuna-iscrizione\/\">giochiporno gratis<\/a>, lavoro, tipo di corporatura, altezza, colore dei capelli e molto altro. Ci sono anche sezioni speciali in cui \u00e8 possibile filtrare per le persone con interessi simili. Puoi inviare messaggi, chattare e organizzare appuntamenti con chiunque nelle vicinanze.<\/p>\n<h3>Esca<\/h3>\n<p>Tinder \u00e8 sicuramente una folla pi\u00f9 giovane rispetto a OkCupid. \u00c8 meglio conosciuto per essere l&#8217;app utilizzata per scorrere verso sinistra o destra su potenziali corrispondenze. Gli utenti possono impostare preferenze come se desiderano o meno vedere le foto di potenziali partner e possono selezionare determinati criteri che stanno cercando, tra cui razza, religione <a href=\"https:\/\/www.siti-incontri.net\/\">siti sesso gratuiti<\/a>, orientamento sessuale e altro ancora. Una volta trovata una corrispondenza, puoi continuare a chattare o passare alla persona successiva.<\/p>\n<h3>PlentyOfFish<\/h3>\n<p>PlentyOfFish \u00e8 un po &#8216;meno focalizzato sul romanticismo e molto di pi\u00f9 sul sesso. In effetti, \u00e8 il pi\u00f9 grande sito di incontri al mondo per single adulti. Con oltre 50 milioni di utenti registrati, PlentyOfFish si rivolge specificamente agli adulti che cercano affari discreti. Questo include coloro che cercano coppie, trio, foursomes e sesso di gruppo. Tutto quello che devi fare \u00e8 compilare un profilo con le informazioni di base, caricare una foto e iniziare a scorrere.<\/p>\n<h2>Come scegliere le migliori app di collegamento<\/h2>\n<p><img loading=\"lazy\" class=\"size-large wp-image-53 aligncenter\" src=\"http:\/\/chagfordpool.co.uk\/wp-content\/uploads\/2022\/07\/local-chat-apps-for-dating-1024x734.webp\" alt=\"\" width=\"784\" height=\"562\" srcset=\"https:\/\/chagfordpool.co.uk\/wp-content\/uploads\/2022\/07\/local-chat-apps-for-dating-1024x734.webp 1024w, https:\/\/chagfordpool.co.uk\/wp-content\/uploads\/2022\/07\/local-chat-apps-for-dating-300x215.webp 300w, https:\/\/chagfordpool.co.uk\/wp-content\/uploads\/2022\/07\/local-chat-apps-for-dating-768x551.webp 768w, https:\/\/chagfordpool.co.uk\/wp-content\/uploads\/2022\/07\/local-chat-apps-for-dating.webp 1046w\" sizes=\"(max-width: 784px) 100vw, 784px\" \/><\/p>\n<p>Nel mondo di oggi, tutti vogliono trovare l&#8217;amore online. Ci sono molte app di appuntamenti l\u00e0 fuori, ognuna delle quali afferma di essere migliore di altre.<\/p>\n<p>Tuttavia, riteniamo che non sia necessario passare ore a sfogliare i profili su centinaia di siti diversi solo per trovare qualcuno compatibile. Puoi fare tutto all&#8217;interno di una singola app.<\/p>\n<p>Quindi, cosa rende una buona app di appuntamenti? Ecco alcune caratteristiche che compongono il matchmaker perfetto:<\/p>\n<h3>Cosa stai cercando?<\/h3>\n<p>Gettare? A lunga scadenza? Un affare segreto?<\/p>\n<p>La prima cosa che vuoi fare \u00e8 capire che tipo di persona stai cercando. Sia che tu stia cercando un amico <a href=\"http:\/\/www.free-sex-games-no-credit-card.com\/it\/\">giochi porno gratis<\/a>, un amante, un partner o qualcos&#8217;altro, sapere cosa stai cercando in anticipo pu\u00f2 farti risparmiare un sacco di angoscia lungo la strada. Ad esempio, se stai cercando un partner romantico, non vuoi perdere tempo a chattare con estranei casuali online. Invece, ti consigliamo di concentrarti sulla ricerca di persone che la pensano allo stesso modo che sono interessate a incontrare altri con obiettivi simili.<\/p>\n<p>Una volta che hai capito cosa stai cercando, \u00e8 il momento di decidere dove vuoi incontrare potenziali partner. Ci sono molte opzioni a tua disposizione, tra cui le seguenti:<\/p>\n<p>\u2022 Siti e app di incontri online<\/p>\n<p>\u2022 Piattaforme di social media<\/p>\n<p>\u2022 Meetup<\/p>\n<p>\u2022 Bar\/club locali<\/p>\n<h3>Tratti somatici<\/h3>\n<p>I migliori siti di incontri online offrono molte funzionalit\u00e0 e opzioni per tenerti impegnato. Ti consentono di sfogliare i profili in base alla posizione, alla fascia di et\u00e0, al tipo di relazione, al sesso, ecc. E filtrare le corrispondenze in base a tali preferenze. Alcuni ti consentono persino di impostare avvisi e-mail per avvisarti ogni volta che qualcuno ti invia un messaggio.<\/p>\n<p>\u00c8 possibile utilizzare i filtri <a href=\"http:\/\/www.sito-per-sesso.com\">Sito-Per-Sesso.com<\/a> per restringere i potenziali partner in base a criteri quali religione, etnia, altezza, tipo di corporatura, interessi, ecc. \u00c8 inoltre possibile salvare le ricerche per accedervi in un secondo momento.<\/p>\n<p>Alcune app offrono funzionalit\u00e0 aggiuntive come chat room in cui puoi interagire con persone, videochiamate, chat di gruppo e forum in cui puoi discutere argomenti relativi all&#8217;amore e alle relazioni.<\/p>\n<p>La maggior parte di queste app addebita tariffe mensili che vanno da $ 10 a $ 50. Tuttavia, ci sono anche versioni gratuite della maggior parte delle app l\u00e0 fuori. Quindi dai un&#8217;occhiata al nostro elenco delle migliori app di appuntamenti per Android e iOS per vedere quali si adattano alle tue esigenze.<\/p>\n<h3>Funzioni &#8211; Scorrimento? Matchmaking?<\/h3>\n<p>Quando si tratta di app di appuntamenti online, ci sono alcune cose che non dovresti fare. Ad esempio, non scorrere verso sinistra o destra senza leggere il profilo. Oppure, non cercare di saltare in conversazioni con qualcun altro perch\u00e9 sei annoiato. E sicuramente non inviare messaggi a estranei.<\/p>\n<p>Ma mentre la maggior parte delle persone conosce queste regole, molti commettono ancora errori. Potresti pensare che il modo migliore per evitare di commettere errori imbarazzanti sia attenersi esclusivamente a un&#8217;app. Ma in realt\u00e0, la strategia migliore \u00e8 quella di mescolare diverse app. Ci\u00f2 ti consente di trovare corrispondenze compatibili su pi\u00f9 piattaforme e semplifica il monitoraggio delle date. Inoltre, non ti sentirai come se ti stessi perdendo qualcosa di importante.<\/p>\n<p>Ad esempio, se vuoi andare a un appuntamento con qualcuno che hai incontrato su Tinder, potresti passare a Bumble. Se preferisci chattare con qualcuno che hai inviato messaggi su OkCupid, puoi passare da l\u00ec. E se preferisci parlare con qualcuno di PlentyOfFish, potresti saltare su Hinge.<\/p>\n","protected":false},"excerpt":{"rendered":"<p>Il mondo in cui viviamo oggi \u00e8 stato cambiato per sempre a causa di COVID-19. Abbiamo visto come la tecnologia ci ha aiutato durante questa [&#8230;]<\/p>\n","protected":false},"author":1,"featured_media":90,"parent":0,"menu_order":0,"comment_status":"closed","ping_status":"closed","template":"","meta":[],"yoast_head":"<!-- This site is optimized with the Yoast SEO plugin v19.2 - https:\/\/yoast.com\/wordpress\/plugins\/seo\/ -->\n<title>Esperto di appuntamenti locali: i nostri migliori consigli per l&#039;amore - Recensioni su Chag<\/title>\n<meta name=\"robots\" content=\"index, follow, max-snippet:-1, max-image-preview:large, max-video-preview:-1\" \/>\n<link rel=\"canonical\" href=\"https:\/\/chagfordpool.co.uk\/it\/\" \/>\n<meta property=\"og:locale\" content=\"it_IT\" \/>\n<meta property=\"og:type\" content=\"article\" \/>\n<meta property=\"og:title\" content=\"Esperto di appuntamenti locali: i nostri migliori consigli per l&#039;amore - Recensioni su Chag\" \/>\n<meta property=\"og:description\" content=\"Il mondo in cui viviamo oggi \u00e8 stato cambiato per sempre a causa di COVID-19. Abbiamo visto come la tecnologia ci ha aiutato durante questa [...]\" \/>\n<meta property=\"og:url\" content=\"https:\/\/chagfordpool.co.uk\/it\/\" \/>\n<meta property=\"og:site_name\" content=\"Recensioni su Chag\" \/>\n<meta property=\"article:modified_time\" content=\"2022-09-08T15:10:15+00:00\" \/>\n<meta property=\"og:image\" content=\"https:\/\/chagfordpool.co.uk\/wp-content\/uploads\/2022\/07\/match-dating-websites.jpeg\" \/>\n\t<meta property=\"og:image:width\" content=\"500\" \/>\n\t<meta property=\"og:image:height\" content=\"333\" \/>\n\t<meta property=\"og:image:type\" content=\"image\/jpeg\" \/>\n<meta name=\"author\" content=\"Expert Reviews\" \/>\n<meta name=\"twitter:card\" content=\"summary_large_image\" \/>\n<meta name=\"twitter:label1\" content=\"Tempo di lettura stimato\" \/>\n\t<meta name=\"twitter:data1\" content=\"5 minuti\" \/>\n<script type=\"application\/ld+json\" class=\"yoast-schema-graph\">{\"@context\":\"https:\/\/schema.org\",\"@graph\":[{\"@type\":\"WebSite\",\"@id\":\"https:\/\/chagfordpool.co.uk\/#website\",\"url\":\"https:\/\/chagfordpool.co.uk\/\",\"name\":\"Recensioni su Chag\",\"description\":\"App di collegamento locali\",\"potentialAction\":[{\"@type\":\"SearchAction\",\"target\":{\"@type\":\"EntryPoint\",\"urlTemplate\":\"https:\/\/chagfordpool.co.uk\/?s={search_term_string}\"},\"query-input\":\"required name=search_term_string\"}],\"inLanguage\":\"it-IT\"},{\"@type\":\"ImageObject\",\"inLanguage\":\"it-IT\",\"@id\":\"https:\/\/chagfordpool.co.uk\/it\/#primaryimage\",\"url\":\"https:\/\/chagfordpool.co.uk\/wp-content\/uploads\/2022\/07\/match-dating-websites.jpeg\",\"contentUrl\":\"https:\/\/chagfordpool.co.uk\/wp-content\/uploads\/2022\/07\/match-dating-websites.jpeg\",\"width\":500,\"height\":333},{\"@type\":\"WebPage\",\"@id\":\"https:\/\/chagfordpool.co.uk\/it\/#webpage\",\"url\":\"https:\/\/chagfordpool.co.uk\/it\/\",\"name\":\"Esperto di appuntamenti locali: i nostri migliori consigli per l'amore - Recensioni su Chag\",\"isPartOf\":{\"@id\":\"https:\/\/chagfordpool.co.uk\/#website\"},\"primaryImageOfPage\":{\"@id\":\"https:\/\/chagfordpool.co.uk\/it\/#primaryimage\"},\"datePublished\":\"2022-07-26T10:31:46+00:00\",\"dateModified\":\"2022-09-08T15:10:15+00:00\",\"breadcrumb\":{\"@id\":\"https:\/\/chagfordpool.co.uk\/it\/#breadcrumb\"},\"inLanguage\":\"it-IT\",\"potentialAction\":[{\"@type\":\"ReadAction\",\"target\":[\"https:\/\/chagfordpool.co.uk\/it\/\"]}]},{\"@type\":\"BreadcrumbList\",\"@id\":\"https:\/\/chagfordpool.co.uk\/it\/#breadcrumb\",\"itemListElement\":[{\"@type\":\"ListItem\",\"position\":1,\"name\":\"Casa\",\"item\":\"https:\/\/chagfordpool.co.uk\/it\/\"},{\"@type\":\"ListItem\",\"position\":2,\"name\":\"Esperto di appuntamenti locali: i nostri migliori consigli per l&#8217;amore\"}]}]}<\/script>\n<!-- \/ Yoast SEO plugin. -->","yoast_head_json":{"title":"Esperto di appuntamenti locali: i nostri migliori consigli per l'amore - Recensioni su Chag","robots":{"index":"index","follow":"follow","max-snippet":"max-snippet:-1","max-image-preview":"max-image-preview:large","max-video-preview":"max-video-preview:-1"},"canonical":"https:\/\/chagfordpool.co.uk\/it\/","og_locale":"it_IT","og_type":"article","og_title":"Esperto di appuntamenti locali: i nostri migliori consigli per l'amore - Recensioni su Chag","og_description":"Il mondo in cui viviamo oggi \u00e8 stato cambiato per sempre a causa di COVID-19. Abbiamo visto come la tecnologia ci ha aiutato durante questa [...]","og_url":"https:\/\/chagfordpool.co.uk\/it\/","og_site_name":"Recensioni su Chag","article_modified_time":"2022-09-08T15:10:15+00:00","og_image":[{"width":500,"height":333,"url":"https:\/\/chagfordpool.co.uk\/wp-content\/uploads\/2022\/07\/match-dating-websites.jpeg","type":"image\/jpeg"}],"author":"Expert Reviews","twitter_card":"summary_large_image","twitter_misc":{"Tempo di lettura stimato":"5 minuti"},"schema":{"@context":"https:\/\/schema.org","@graph":[{"@type":"WebSite","@id":"https:\/\/chagfordpool.co.uk\/#website","url":"https:\/\/chagfordpool.co.uk\/","name":"Recensioni su Chag","description":"App di collegamento locali","potentialAction":[{"@type":"SearchAction","target":{"@type":"EntryPoint","urlTemplate":"https:\/\/chagfordpool.co.uk\/?s={search_term_string}"},"query-input":"required name=search_term_string"}],"inLanguage":"it-IT"},{"@type":"ImageObject","inLanguage":"it-IT","@id":"https:\/\/chagfordpool.co.uk\/it\/#primaryimage","url":"https:\/\/chagfordpool.co.uk\/wp-content\/uploads\/2022\/07\/match-dating-websites.jpeg","contentUrl":"https:\/\/chagfordpool.co.uk\/wp-content\/uploads\/2022\/07\/match-dating-websites.jpeg","width":500,"height":333},{"@type":"WebPage","@id":"https:\/\/chagfordpool.co.uk\/it\/#webpage","url":"https:\/\/chagfordpool.co.uk\/it\/","name":"Esperto di appuntamenti locali: i nostri migliori consigli per l'amore - Recensioni su Chag","isPartOf":{"@id":"https:\/\/chagfordpool.co.uk\/#website"},"primaryImageOfPage":{"@id":"https:\/\/chagfordpool.co.uk\/it\/#primaryimage"},"datePublished":"2022-07-26T10:31:46+00:00","dateModified":"2022-09-08T15:10:15+00:00","breadcrumb":{"@id":"https:\/\/chagfordpool.co.uk\/it\/#breadcrumb"},"inLanguage":"it-IT","potentialAction":[{"@type":"ReadAction","target":["https:\/\/chagfordpool.co.uk\/it\/"]}]},{"@type":"BreadcrumbList","@id":"https:\/\/chagfordpool.co.uk\/it\/#breadcrumb","itemListElement":[{"@type":"ListItem","position":1,"name":"Casa","item":"https:\/\/chagfordpool.co.uk\/it\/"},{"@type":"ListItem","position":2,"name":"Esperto di appuntamenti locali: i nostri migliori consigli per l&#8217;amore"}]}]}},"_links":{"self":[{"href":"https:\/\/chagfordpool.co.uk\/it\/wp-json\/wp\/v2\/pages\/156"}],"collection":[{"href":"https:\/\/chagfordpool.co.uk\/it\/wp-json\/wp\/v2\/pages"}],"about":[{"href":"https:\/\/chagfordpool.co.uk\/it\/wp-json\/wp\/v2\/types\/page"}],"author":[{"embeddable":true,"href":"https:\/\/chagfordpool.co.uk\/it\/wp-json\/wp\/v2\/users\/1"}],"replies":[{"embeddable":true,"href":"https:\/\/chagfordpool.co.uk\/it\/wp-json\/wp\/v2\/comments?post=156"}],"version-history":[{"count":3,"href":"https:\/\/chagfordpool.co.uk\/it\/wp-json\/wp\/v2\/pages\/156\/revisions"}],"predecessor-version":[{"id":375,"href":"https:\/\/chagfordpool.co.uk\/it\/wp-json\/wp\/v2\/pages\/156\/revisions\/375"}],"wp:featuredmedia":[{"embeddable":true,"href":"https:\/\/chagfordpool.co.uk\/it\/wp-json\/wp\/v2\/media\/90"}],"wp:attachment":[{"href":"https:\/\/chagfordpool.co.uk\/it\/wp-json\/wp\/v2\/media?parent=156"}],"curies":[{"name":"wp","href":"https:\/\/api.w.org\/{rel}","templated":true}]}}