{"id":194,"date":"2022-07-26T12:09:29","date_gmt":"2022-07-26T11:09:29","guid":{"rendered":"http:\/\/chagfordpool.co.uk\/app-di-appuntamenti-locali\/"},"modified":"2022-08-15T19:40:28","modified_gmt":"2022-08-15T18:40:28","slug":"app-di-appuntamenti-locali","status":"publish","type":"page","link":"https:\/\/chagfordpool.co.uk\/it\/app-di-appuntamenti-locali\/","title":{"rendered":"App di appuntamenti locali"},"content":{"rendered":"<p>I collegamenti sono incontri sessuali casuali che di solito avvengono al di fuori delle relazioni impegnate. Mentre i collegamenti non sono sempre esperienze negative, possono portare a sentimenti di rimpianto e vergogna tra i partecipanti.<\/p>\n<p>Per evitare questi sentimenti, \u00e8 importante capire che il sesso \u00e8 una parte normale della vita. I collegamenti non dovrebbero essere visti come un sostituto delle relazioni a lungo termine, ma piuttosto come un&#8217;aggiunta divertente a quelle esistenti.<\/p>\n<p>\u00c8 anche importante ricordare che i collegamenti sono diversi dal <a href=\"http:\/\/chagfordpool.co.uk\/it\/gioco-di-ruolo-sesso-incontri\/\">sesso occasionale<\/a>. Il sesso occasionale \u00e8 generalmente definito come fare sesso con qualcuno con cui non hai intenzione di passare molto tempo. I collegamenti, tuttavia, sono in genere affari di breve durata che terminano dopo poche ore o giorni. Ci sono diversi motivi per cui le persone scelgono di <a href=\"http:\/\/wank.io\/it\/giochi-porno-gratis-per-iphone\/\">download giochi porno<\/a>. Ad alcuni piace il brivido di provare qualcosa di nuovo mentre altri vogliono solo sperimentare con la loro sessualit\u00e0. Qualunque sia la ragione, \u00e8 importante ricordare che il collegamento \u00e8 una scelta e non un requisito. Mentre i collegamenti non sono per tutti, possono essere un&#8217;esperienza positiva se eseguiti correttamente. Finch\u00e9 entrambe le parti coinvolte si sentono a proprio agio e al sicuro, allora non c&#8217;\u00e8 niente di sbagliato nel divertirsi.<\/p>\n<h2>Come incontrare single nella tua zona<\/h2>\n<p>Ci sono molte risorse online disponibili per aiutare i single a incontrarsi. Ma incontrare qualcuno faccia a faccia pu\u00f2 davvero aumentare la tua fiducia e portare a una relazione duratura.<\/p>\n<p>Che tu stia cercando l&#8217;amore o solo il divertimento casuale, i siti di incontri locali offrono un modo conveniente per connettersi con altri che condividono interessi simili. Questi siti consentono ai membri di sfogliare i profili in base a posizione, et\u00e0, sesso e orientamento sessuale. Una volta trovato qualcuno che vorresti incontrare, puoi organizzare un orario e un luogo per chattare tramite webcam.<\/p>\n<h3>Come fare rete e trovare le date<\/h3>\n<p>I siti di incontri locali non sono solo per trovare date; possono anche fornire preziose opportunit\u00e0 di networking. I membri possono creare gruppi basati su interessi, hobby o attivit\u00e0 comuni. Alcuni siti ti consentono persino di unirti a gruppi che si concentrano su posizioni specifiche, permettendoti di incontrare persone nelle vicinanze.<\/p>\n<p>Alcuni siti di incontri locali offrono anche eventi, feste e altri tipi di <a href=\"http:\/\/www.gay-hookups.com\/it\/gay-sugar-daddy-app\/\">sugar daddy gay<\/a>. Questi eventi possono essere una grande opportunit\u00e0 per socializzare con potenziali partner e costruire relazioni.<\/p>\n<p>Mentre i siti di incontri locali sono un&#8217;ottima opzione per connettersi con gli altri, ricorda che sono ancora principalmente concentrati sulla ricerca di connessioni romantiche. Quindi, se stai cercando amicizia, prova invece a unirti a un gruppo pi\u00f9 amichevole su un sito di interesse generale.<\/p>\n<h3>Suggerimenti per gli appuntamenti online<\/h3>\n<p>\u00c8 importante ricordare che i collegamenti sono affari rischiosi. Mentre potresti sentirti sicuro di incontrare qualcuno di persona, non sai mai davvero con che tipo di persona finirai fino a quando non avrai fatto sesso. Non c&#8217;\u00e8 alcuna garanzia che ti divertirai e potresti finire per pentirti di aver fatto sesso con qualcuno a cui non importava molto.<\/p>\n<p>Ecco perch\u00e9 vale la pena essere cauti quando si sceglie un partner. Prima di accettare di incontrare qualcuno di persona, assicurati di condividere valori e interessi simili. Inoltre, cerca di evitare di andare in luoghi in cui sai che \u00e8 probabile che siano presenti altre persone, come bar o club. Infine, considera di porre domande ai potenziali partner su se stessi per saperne di pi\u00f9 sulla loro personalit\u00e0 e sulle loro abitudini.<\/p>\n","protected":false},"excerpt":{"rendered":"<p>I collegamenti sono incontri sessuali casuali che di solito avvengono al di fuori delle relazioni impegnate. Mentre i collegamenti non sono sempre esperienze negative, possono [&#8230;]<\/p>\n","protected":false},"author":1,"featured_media":110,"parent":0,"menu_order":0,"comment_status":"closed","ping_status":"closed","template":"","meta":[],"yoast_head":"<!-- This site is optimized with the Yoast SEO plugin v19.2 - https:\/\/yoast.com\/wordpress\/plugins\/seo\/ -->\n<title>App di appuntamenti locali - Recensioni su Chag<\/title>\n<meta name=\"robots\" content=\"index, follow, max-snippet:-1, max-image-preview:large, max-video-preview:-1\" \/>\n<link rel=\"canonical\" href=\"https:\/\/chagfordpool.co.uk\/it\/app-di-appuntamenti-locali\/\" \/>\n<meta property=\"og:locale\" content=\"it_IT\" \/>\n<meta property=\"og:type\" content=\"article\" \/>\n<meta property=\"og:title\" content=\"App di appuntamenti locali - Recensioni su Chag\" \/>\n<meta property=\"og:description\" content=\"I collegamenti sono incontri sessuali casuali che di solito avvengono al di fuori delle relazioni impegnate. Mentre i collegamenti non sono sempre esperienze negative, possono [...]\" \/>\n<meta property=\"og:url\" content=\"https:\/\/chagfordpool.co.uk\/it\/app-di-appuntamenti-locali\/\" \/>\n<meta property=\"og:site_name\" content=\"Recensioni su Chag\" \/>\n<meta property=\"article:modified_time\" content=\"2022-08-15T18:40:28+00:00\" \/>\n<meta property=\"og:image\" content=\"https:\/\/chagfordpool.co.uk\/wp-content\/uploads\/2022\/07\/real-sex-apps.webp\" \/>\n\t<meta property=\"og:image:width\" content=\"1125\" \/>\n\t<meta property=\"og:image:height\" content=\"750\" \/>\n\t<meta property=\"og:image:type\" content=\"image\/webp\" \/>\n<meta name=\"author\" content=\"Expert Reviews\" \/>\n<meta name=\"twitter:card\" content=\"summary_large_image\" \/>\n<meta name=\"twitter:label1\" content=\"Tempo di lettura stimato\" \/>\n\t<meta name=\"twitter:data1\" content=\"3 minuti\" \/>\n<script type=\"application\/ld+json\" class=\"yoast-schema-graph\">{\"@context\":\"https:\/\/schema.org\",\"@graph\":[{\"@type\":\"WebSite\",\"@id\":\"https:\/\/chagfordpool.co.uk\/#website\",\"url\":\"https:\/\/chagfordpool.co.uk\/\",\"name\":\"Recensioni su Chag\",\"description\":\"App di collegamento locali\",\"potentialAction\":[{\"@type\":\"SearchAction\",\"target\":{\"@type\":\"EntryPoint\",\"urlTemplate\":\"https:\/\/chagfordpool.co.uk\/?s={search_term_string}\"},\"query-input\":\"required name=search_term_string\"}],\"inLanguage\":\"it-IT\"},{\"@type\":\"ImageObject\",\"inLanguage\":\"it-IT\",\"@id\":\"https:\/\/chagfordpool.co.uk\/it\/app-di-appuntamenti-locali\/#primaryimage\",\"url\":\"https:\/\/chagfordpool.co.uk\/wp-content\/uploads\/2022\/07\/real-sex-apps.webp\",\"contentUrl\":\"https:\/\/chagfordpool.co.uk\/wp-content\/uploads\/2022\/07\/real-sex-apps.webp\",\"width\":1125,\"height\":750},{\"@type\":\"WebPage\",\"@id\":\"https:\/\/chagfordpool.co.uk\/it\/app-di-appuntamenti-locali\/#webpage\",\"url\":\"https:\/\/chagfordpool.co.uk\/it\/app-di-appuntamenti-locali\/\",\"name\":\"App di appuntamenti locali - Recensioni su Chag\",\"isPartOf\":{\"@id\":\"https:\/\/chagfordpool.co.uk\/#website\"},\"primaryImageOfPage\":{\"@id\":\"https:\/\/chagfordpool.co.uk\/it\/app-di-appuntamenti-locali\/#primaryimage\"},\"datePublished\":\"2022-07-26T11:09:29+00:00\",\"dateModified\":\"2022-08-15T18:40:28+00:00\",\"breadcrumb\":{\"@id\":\"https:\/\/chagfordpool.co.uk\/it\/app-di-appuntamenti-locali\/#breadcrumb\"},\"inLanguage\":\"it-IT\",\"potentialAction\":[{\"@type\":\"ReadAction\",\"target\":[\"https:\/\/chagfordpool.co.uk\/it\/app-di-appuntamenti-locali\/\"]}]},{\"@type\":\"BreadcrumbList\",\"@id\":\"https:\/\/chagfordpool.co.uk\/it\/app-di-appuntamenti-locali\/#breadcrumb\",\"itemListElement\":[{\"@type\":\"ListItem\",\"position\":1,\"name\":\"Casa\",\"item\":\"https:\/\/chagfordpool.co.uk\/it\/\"},{\"@type\":\"ListItem\",\"position\":2,\"name\":\"App di appuntamenti locali\"}]}]}<\/script>\n<!-- \/ Yoast SEO plugin. -->","yoast_head_json":{"title":"App di appuntamenti locali - Recensioni su Chag","robots":{"index":"index","follow":"follow","max-snippet":"max-snippet:-1","max-image-preview":"max-image-preview:large","max-video-preview":"max-video-preview:-1"},"canonical":"https:\/\/chagfordpool.co.uk\/it\/app-di-appuntamenti-locali\/","og_locale":"it_IT","og_type":"article","og_title":"App di appuntamenti locali - Recensioni su Chag","og_description":"I collegamenti sono incontri sessuali casuali che di solito avvengono al di fuori delle relazioni impegnate. Mentre i collegamenti non sono sempre esperienze negative, possono [...]","og_url":"https:\/\/chagfordpool.co.uk\/it\/app-di-appuntamenti-locali\/","og_site_name":"Recensioni su Chag","article_modified_time":"2022-08-15T18:40:28+00:00","og_image":[{"width":1125,"height":750,"url":"https:\/\/chagfordpool.co.uk\/wp-content\/uploads\/2022\/07\/real-sex-apps.webp","type":"image\/webp"}],"author":"Expert Reviews","twitter_card":"summary_large_image","twitter_misc":{"Tempo di lettura stimato":"3 minuti"},"schema":{"@context":"https:\/\/schema.org","@graph":[{"@type":"WebSite","@id":"https:\/\/chagfordpool.co.uk\/#website","url":"https:\/\/chagfordpool.co.uk\/","name":"Recensioni su Chag","description":"App di collegamento locali","potentialAction":[{"@type":"SearchAction","target":{"@type":"EntryPoint","urlTemplate":"https:\/\/chagfordpool.co.uk\/?s={search_term_string}"},"query-input":"required name=search_term_string"}],"inLanguage":"it-IT"},{"@type":"ImageObject","inLanguage":"it-IT","@id":"https:\/\/chagfordpool.co.uk\/it\/app-di-appuntamenti-locali\/#primaryimage","url":"https:\/\/chagfordpool.co.uk\/wp-content\/uploads\/2022\/07\/real-sex-apps.webp","contentUrl":"https:\/\/chagfordpool.co.uk\/wp-content\/uploads\/2022\/07\/real-sex-apps.webp","width":1125,"height":750},{"@type":"WebPage","@id":"https:\/\/chagfordpool.co.uk\/it\/app-di-appuntamenti-locali\/#webpage","url":"https:\/\/chagfordpool.co.uk\/it\/app-di-appuntamenti-locali\/","name":"App di appuntamenti locali - Recensioni su Chag","isPartOf":{"@id":"https:\/\/chagfordpool.co.uk\/#website"},"primaryImageOfPage":{"@id":"https:\/\/chagfordpool.co.uk\/it\/app-di-appuntamenti-locali\/#primaryimage"},"datePublished":"2022-07-26T11:09:29+00:00","dateModified":"2022-08-15T18:40:28+00:00","breadcrumb":{"@id":"https:\/\/chagfordpool.co.uk\/it\/app-di-appuntamenti-locali\/#breadcrumb"},"inLanguage":"it-IT","potentialAction":[{"@type":"ReadAction","target":["https:\/\/chagfordpool.co.uk\/it\/app-di-appuntamenti-locali\/"]}]},{"@type":"BreadcrumbList","@id":"https:\/\/chagfordpool.co.uk\/it\/app-di-appuntamenti-locali\/#breadcrumb","itemListElement":[{"@type":"ListItem","position":1,"name":"Casa","item":"https:\/\/chagfordpool.co.uk\/it\/"},{"@type":"ListItem","position":2,"name":"App di appuntamenti locali"}]}]}},"_links":{"self":[{"href":"https:\/\/chagfordpool.co.uk\/it\/wp-json\/wp\/v2\/pages\/194"}],"collection":[{"href":"https:\/\/chagfordpool.co.uk\/it\/wp-json\/wp\/v2\/pages"}],"about":[{"href":"https:\/\/chagfordpool.co.uk\/it\/wp-json\/wp\/v2\/types\/page"}],"author":[{"embeddable":true,"href":"https:\/\/chagfordpool.co.uk\/it\/wp-json\/wp\/v2\/users\/1"}],"replies":[{"embeddable":true,"href":"https:\/\/chagfordpool.co.uk\/it\/wp-json\/wp\/v2\/comments?post=194"}],"version-history":[{"count":1,"href":"https:\/\/chagfordpool.co.uk\/it\/wp-json\/wp\/v2\/pages\/194\/revisions"}],"predecessor-version":[{"id":355,"href":"https:\/\/chagfordpool.co.uk\/it\/wp-json\/wp\/v2\/pages\/194\/revisions\/355"}],"wp:featuredmedia":[{"embeddable":true,"href":"https:\/\/chagfordpool.co.uk\/it\/wp-json\/wp\/v2\/media\/110"}],"wp:attachment":[{"href":"https:\/\/chagfordpool.co.uk\/it\/wp-json\/wp\/v2\/media?parent=194"}],"curies":[{"name":"wp","href":"https:\/\/api.w.org\/{rel}","templated":true}]}}