{"id":220,"date":"2022-07-26T12:12:53","date_gmt":"2022-07-26T11:12:53","guid":{"rendered":"http:\/\/chagfordpool.co.uk\/i-modi-migliori-per-utilizzare-i-collegamenti-a-tuo-vantaggio\/"},"modified":"2022-09-08T15:53:37","modified_gmt":"2022-09-08T14:53:37","slug":"i-modi-migliori-per-utilizzare-i-collegamenti-a-tuo-vantaggio","status":"publish","type":"page","link":"https:\/\/chagfordpool.co.uk\/it\/i-modi-migliori-per-utilizzare-i-collegamenti-a-tuo-vantaggio\/","title":{"rendered":"I modi migliori per utilizzare i collegamenti a tuo vantaggio"},"content":{"rendered":"<p>I collegamenti sono <a href=\"http:\/\/chagfordpool.co.uk\/it\/app-di-appuntamenti-locali\/\">incontri casuali<\/a> tra due persone che non sono necessariamente coinvolte romanticamente. Mentre i collegamenti sono comuni tra gli studenti universitari, possono anche accadere al di fuori della scuola. I collegamenti sono di solito affari a breve termine, che durano da ore a giorni.<\/p>\n<p>Mentre i collegamenti sono divertenti, possono portare a problemi lungo la strada. Ad esempio, i collegamenti possono creare sentimenti di gelosia e insicurezza, specialmente se entrambe le parti si vedono ancora dopo l&#8217;incontro.<\/p>\n<p>Per evitare queste emozioni negative, cerca di <a href=\"http:\/\/www.dating-sites-for-sex.com\/it\/nudi-gratuiti-vicino-a-me\/\">incontri nudi<\/a> stabilire dei limiti all&#8217;inizio. D\u00ec al tuo partner esattamente cosa ti aspetti dalla relazione e cosa non vuoi che accada. Inoltre, ricorda che i collegamenti sono solo una parte della vita, quindi non lasciare che rovinino le tue relazioni con amici o familiari.<\/p>\n<h2>Dovresti incontrare persone nel tuo locale?<\/h2>\n<p>Ci sono molti posti online dove puoi incontrare qualcuno che vuole collegarsi. Ma trovare una <a href=\"http:\/\/chagfordpool.co.uk\/it\/come-scoprire-se-ti-vuole\/\">corrispondenza locale<\/a> pu\u00f2 essere complicato. Ecco perch\u00e9 vale la pena imparare a prendere le donne nei bar e nei club.<\/p>\n<p>D&#8217;altra parte, puoi individuare donne che sono sinceramente interessate a incontrare uomini. Invece di passare il loro tempo a parlare con gli amici o controllare i loro telefoni, si concentrano sul contatto visivo con potenziali partner.<\/p>\n<p>Quindi la prossima volta che sei fuori, cerca i segni che indicano se qualcuno \u00e8 interessato a incontrare qualcun altro. Quando noti una donna che fissa intensamente il suo drink, potrebbe pensare di incontrare qualcuno. O se un ragazzo \u00e8 in piedi da solo, potrebbe chiedersi se sarebbe in grado di segnare un rapido lay.<\/p>\n<p>I collegamenti sono incontri casuali tra due estranei che si incontrano online. Questi incontri di solito avvengono tramite app come Tinder, Bumble, Grindr, ecc. E possono portare al sesso. I collegamenti sono popolari tra single e coppie, ma non sono sempre sicuri.<\/p>\n<h2>Play It Cool &#8211; Come convincere il ragazzo a venire da te<\/h2>\n<p>Prendere in giro \u00e8 il modo pi\u00f9 semplice per convincere un ragazzo ad essere desideroso e desideroso di collegarsi.<\/p>\n<p>Esistono diversi tipi di presa in giro, tra cui prese <a href=\"http:\/\/www.sextstrangers.com\/it\/siti-di-messaggistica-sessuale-gratuiti\/\">siti sesso gratuiti<\/a> in giro spensierate, prese in giro giocose e prese in giro sessuali. Ogni tipo di presa in giro richiede un approccio leggermente diverso, ma l&#8217;obiettivo \u00e8 sempre lo stesso: accendere un ragazzo.<\/p>\n<p>Le prese in giro spensierate sono di solito fatte per scherzo e implicano prendere in giro qualcuno o giocare con i loro tratti di personalit\u00e0. La presa in giro giocosa \u00e8 simile alla presa in giro spensierata, tranne per il fatto che \u00e8 pensata per essere umoristica piuttosto che offensiva. La presa in giro sessuale \u00e8 la forma pi\u00f9 diretta <a href=\"https:\/\/www.sextingonline.net\/it\/\">horny chat<\/a> di presa in giro e comporta flirtare con un ragazzo nella speranza di accenderlo.<\/p>\n<p>\u00c8 importante ricordare che la presa in giro \u00e8 solo una parte della seduzione. La presa in giro \u00e8 un ottimo modo per costruire attrazione, ma non dovrebbe essere usata come sostituto di altre forme di adulazione. Finch\u00e9 sei sincero, prendere in giro pu\u00f2 portare a una relazione di successo.<\/p>\n<h3>Fai complimenti<\/h3>\n<p>I complimenti sono un ottimo modo per complimentarsi con l&#8217;aspetto, la personalit\u00e0 o lo stile di un ragazzo. E non dimenticare di menzionare altri ragazzi che attirano la tua attenzione.<\/p>\n<h3>Mostra le tue risorse<\/h3>\n<p>Le donne in genere preferiscono gli uomini con corpi forti, quindi se stai cercando di attirare un ragazzo, assicurati di mostrare il tuo corpo.<\/p>\n<h3>Gioca<\/h3>\n<p>I giochi sono un altro modo divertente per flirtare con un ragazzo. Prova a giocare a un gioco in cui competi l&#8217;uno contro l&#8217;altro per vedere chi riesce a baciarlo per primo. Oppure gioca a indovinare in cui indovini cosa gli piace in base alle sue risposte.<\/p>\n<p>Ricorda che prendere in giro \u00e8 solo una parte del flirt. Flirtare comporta molto pi\u00f9 che prendere in giro. Ad esempio, potresti chiedergli dei suoi interessi, condividere storie su di te o invitarlo a uscire con te.<\/p>\n","protected":false},"excerpt":{"rendered":"<p>I collegamenti sono incontri casuali tra due persone che non sono necessariamente coinvolte romanticamente. Mentre i collegamenti sono comuni tra gli studenti universitari, possono anche [&#8230;]<\/p>\n","protected":false},"author":1,"featured_media":130,"parent":0,"menu_order":0,"comment_status":"closed","ping_status":"closed","template":"","meta":[],"yoast_head":"<!-- This site is optimized with the Yoast SEO plugin v19.2 - https:\/\/yoast.com\/wordpress\/plugins\/seo\/ -->\n<title>I modi migliori per utilizzare i collegamenti a tuo vantaggio - Recensioni su Chag<\/title>\n<meta name=\"robots\" content=\"index, follow, max-snippet:-1, max-image-preview:large, max-video-preview:-1\" \/>\n<link rel=\"canonical\" href=\"https:\/\/chagfordpool.co.uk\/it\/i-modi-migliori-per-utilizzare-i-collegamenti-a-tuo-vantaggio\/\" \/>\n<meta property=\"og:locale\" content=\"it_IT\" \/>\n<meta property=\"og:type\" content=\"article\" \/>\n<meta property=\"og:title\" content=\"I modi migliori per utilizzare i collegamenti a tuo vantaggio - Recensioni su Chag\" \/>\n<meta property=\"og:description\" content=\"I collegamenti sono incontri casuali tra due persone che non sono necessariamente coinvolte romanticamente. Mentre i collegamenti sono comuni tra gli studenti universitari, possono anche [...]\" \/>\n<meta property=\"og:url\" content=\"https:\/\/chagfordpool.co.uk\/it\/i-modi-migliori-per-utilizzare-i-collegamenti-a-tuo-vantaggio\/\" \/>\n<meta property=\"og:site_name\" content=\"Recensioni su Chag\" \/>\n<meta property=\"article:modified_time\" content=\"2022-09-08T14:53:37+00:00\" \/>\n<meta property=\"og:image\" content=\"https:\/\/chagfordpool.co.uk\/wp-content\/uploads\/2022\/07\/online-chatrooms.jpeg\" \/>\n\t<meta property=\"og:image:width\" content=\"500\" \/>\n\t<meta property=\"og:image:height\" content=\"332\" \/>\n\t<meta property=\"og:image:type\" content=\"image\/jpeg\" \/>\n<meta name=\"author\" content=\"Expert Reviews\" \/>\n<meta name=\"twitter:card\" content=\"summary_large_image\" \/>\n<meta name=\"twitter:label1\" content=\"Tempo di lettura stimato\" \/>\n\t<meta name=\"twitter:data1\" content=\"3 minuti\" \/>\n<script type=\"application\/ld+json\" class=\"yoast-schema-graph\">{\"@context\":\"https:\/\/schema.org\",\"@graph\":[{\"@type\":\"WebSite\",\"@id\":\"https:\/\/chagfordpool.co.uk\/#website\",\"url\":\"https:\/\/chagfordpool.co.uk\/\",\"name\":\"Recensioni su Chag\",\"description\":\"App di collegamento locali\",\"potentialAction\":[{\"@type\":\"SearchAction\",\"target\":{\"@type\":\"EntryPoint\",\"urlTemplate\":\"https:\/\/chagfordpool.co.uk\/?s={search_term_string}\"},\"query-input\":\"required name=search_term_string\"}],\"inLanguage\":\"it-IT\"},{\"@type\":\"ImageObject\",\"inLanguage\":\"it-IT\",\"@id\":\"https:\/\/chagfordpool.co.uk\/it\/i-modi-migliori-per-utilizzare-i-collegamenti-a-tuo-vantaggio\/#primaryimage\",\"url\":\"https:\/\/chagfordpool.co.uk\/wp-content\/uploads\/2022\/07\/online-chatrooms.jpeg\",\"contentUrl\":\"https:\/\/chagfordpool.co.uk\/wp-content\/uploads\/2022\/07\/online-chatrooms.jpeg\",\"width\":500,\"height\":332},{\"@type\":\"WebPage\",\"@id\":\"https:\/\/chagfordpool.co.uk\/it\/i-modi-migliori-per-utilizzare-i-collegamenti-a-tuo-vantaggio\/#webpage\",\"url\":\"https:\/\/chagfordpool.co.uk\/it\/i-modi-migliori-per-utilizzare-i-collegamenti-a-tuo-vantaggio\/\",\"name\":\"I modi migliori per utilizzare i collegamenti a tuo vantaggio - Recensioni su Chag\",\"isPartOf\":{\"@id\":\"https:\/\/chagfordpool.co.uk\/#website\"},\"primaryImageOfPage\":{\"@id\":\"https:\/\/chagfordpool.co.uk\/it\/i-modi-migliori-per-utilizzare-i-collegamenti-a-tuo-vantaggio\/#primaryimage\"},\"datePublished\":\"2022-07-26T11:12:53+00:00\",\"dateModified\":\"2022-09-08T14:53:37+00:00\",\"breadcrumb\":{\"@id\":\"https:\/\/chagfordpool.co.uk\/it\/i-modi-migliori-per-utilizzare-i-collegamenti-a-tuo-vantaggio\/#breadcrumb\"},\"inLanguage\":\"it-IT\",\"potentialAction\":[{\"@type\":\"ReadAction\",\"target\":[\"https:\/\/chagfordpool.co.uk\/it\/i-modi-migliori-per-utilizzare-i-collegamenti-a-tuo-vantaggio\/\"]}]},{\"@type\":\"BreadcrumbList\",\"@id\":\"https:\/\/chagfordpool.co.uk\/it\/i-modi-migliori-per-utilizzare-i-collegamenti-a-tuo-vantaggio\/#breadcrumb\",\"itemListElement\":[{\"@type\":\"ListItem\",\"position\":1,\"name\":\"Casa\",\"item\":\"https:\/\/chagfordpool.co.uk\/it\/\"},{\"@type\":\"ListItem\",\"position\":2,\"name\":\"I modi migliori per utilizzare i collegamenti a tuo vantaggio\"}]}]}<\/script>\n<!-- \/ Yoast SEO plugin. -->","yoast_head_json":{"title":"I modi migliori per utilizzare i collegamenti a tuo vantaggio - Recensioni su Chag","robots":{"index":"index","follow":"follow","max-snippet":"max-snippet:-1","max-image-preview":"max-image-preview:large","max-video-preview":"max-video-preview:-1"},"canonical":"https:\/\/chagfordpool.co.uk\/it\/i-modi-migliori-per-utilizzare-i-collegamenti-a-tuo-vantaggio\/","og_locale":"it_IT","og_type":"article","og_title":"I modi migliori per utilizzare i collegamenti a tuo vantaggio - Recensioni su Chag","og_description":"I collegamenti sono incontri casuali tra due persone che non sono necessariamente coinvolte romanticamente. Mentre i collegamenti sono comuni tra gli studenti universitari, possono anche [...]","og_url":"https:\/\/chagfordpool.co.uk\/it\/i-modi-migliori-per-utilizzare-i-collegamenti-a-tuo-vantaggio\/","og_site_name":"Recensioni su Chag","article_modified_time":"2022-09-08T14:53:37+00:00","og_image":[{"width":500,"height":332,"url":"https:\/\/chagfordpool.co.uk\/wp-content\/uploads\/2022\/07\/online-chatrooms.jpeg","type":"image\/jpeg"}],"author":"Expert Reviews","twitter_card":"summary_large_image","twitter_misc":{"Tempo di lettura stimato":"3 minuti"},"schema":{"@context":"https:\/\/schema.org","@graph":[{"@type":"WebSite","@id":"https:\/\/chagfordpool.co.uk\/#website","url":"https:\/\/chagfordpool.co.uk\/","name":"Recensioni su Chag","description":"App di collegamento locali","potentialAction":[{"@type":"SearchAction","target":{"@type":"EntryPoint","urlTemplate":"https:\/\/chagfordpool.co.uk\/?s={search_term_string}"},"query-input":"required name=search_term_string"}],"inLanguage":"it-IT"},{"@type":"ImageObject","inLanguage":"it-IT","@id":"https:\/\/chagfordpool.co.uk\/it\/i-modi-migliori-per-utilizzare-i-collegamenti-a-tuo-vantaggio\/#primaryimage","url":"https:\/\/chagfordpool.co.uk\/wp-content\/uploads\/2022\/07\/online-chatrooms.jpeg","contentUrl":"https:\/\/chagfordpool.co.uk\/wp-content\/uploads\/2022\/07\/online-chatrooms.jpeg","width":500,"height":332},{"@type":"WebPage","@id":"https:\/\/chagfordpool.co.uk\/it\/i-modi-migliori-per-utilizzare-i-collegamenti-a-tuo-vantaggio\/#webpage","url":"https:\/\/chagfordpool.co.uk\/it\/i-modi-migliori-per-utilizzare-i-collegamenti-a-tuo-vantaggio\/","name":"I modi migliori per utilizzare i collegamenti a tuo vantaggio - Recensioni su Chag","isPartOf":{"@id":"https:\/\/chagfordpool.co.uk\/#website"},"primaryImageOfPage":{"@id":"https:\/\/chagfordpool.co.uk\/it\/i-modi-migliori-per-utilizzare-i-collegamenti-a-tuo-vantaggio\/#primaryimage"},"datePublished":"2022-07-26T11:12:53+00:00","dateModified":"2022-09-08T14:53:37+00:00","breadcrumb":{"@id":"https:\/\/chagfordpool.co.uk\/it\/i-modi-migliori-per-utilizzare-i-collegamenti-a-tuo-vantaggio\/#breadcrumb"},"inLanguage":"it-IT","potentialAction":[{"@type":"ReadAction","target":["https:\/\/chagfordpool.co.uk\/it\/i-modi-migliori-per-utilizzare-i-collegamenti-a-tuo-vantaggio\/"]}]},{"@type":"BreadcrumbList","@id":"https:\/\/chagfordpool.co.uk\/it\/i-modi-migliori-per-utilizzare-i-collegamenti-a-tuo-vantaggio\/#breadcrumb","itemListElement":[{"@type":"ListItem","position":1,"name":"Casa","item":"https:\/\/chagfordpool.co.uk\/it\/"},{"@type":"ListItem","position":2,"name":"I modi migliori per utilizzare i collegamenti a tuo vantaggio"}]}]}},"_links":{"self":[{"href":"https:\/\/chagfordpool.co.uk\/it\/wp-json\/wp\/v2\/pages\/220"}],"collection":[{"href":"https:\/\/chagfordpool.co.uk\/it\/wp-json\/wp\/v2\/pages"}],"about":[{"href":"https:\/\/chagfordpool.co.uk\/it\/wp-json\/wp\/v2\/types\/page"}],"author":[{"embeddable":true,"href":"https:\/\/chagfordpool.co.uk\/it\/wp-json\/wp\/v2\/users\/1"}],"replies":[{"embeddable":true,"href":"https:\/\/chagfordpool.co.uk\/it\/wp-json\/wp\/v2\/comments?post=220"}],"version-history":[{"count":1,"href":"https:\/\/chagfordpool.co.uk\/it\/wp-json\/wp\/v2\/pages\/220\/revisions"}],"predecessor-version":[{"id":374,"href":"https:\/\/chagfordpool.co.uk\/it\/wp-json\/wp\/v2\/pages\/220\/revisions\/374"}],"wp:featuredmedia":[{"embeddable":true,"href":"https:\/\/chagfordpool.co.uk\/it\/wp-json\/wp\/v2\/media\/130"}],"wp:attachment":[{"href":"https:\/\/chagfordpool.co.uk\/it\/wp-json\/wp\/v2\/media?parent=220"}],"curies":[{"name":"wp","href":"https:\/\/api.w.org\/{rel}","templated":true}]}}