{"id":174,"date":"2022-07-26T11:31:46","date_gmt":"2022-07-26T10:31:46","guid":{"rendered":"http:\/\/chagfordpool.co.uk\/lokalny-ekspert-randkowy-nasze-najlepsze-wskazowki-dotyczace-milosci\/"},"modified":"2022-07-26T11:31:46","modified_gmt":"2022-07-26T10:31:46","slug":"lokalny-ekspert-randkowy-nasze-najlepsze-wskazowki-dotyczace-milosci","status":"publish","type":"page","link":"https:\/\/chagfordpool.co.uk\/pl\/","title":{"rendered":"Lokalny ekspert randkowy: nasze najlepsze wskaz\u00f3wki dotycz\u0105ce mi\u0142o\u015bci"},"content":{"rendered":"<p>\u015awiat, w kt\u00f3rym dzi\u015b \u017cyjemy, zosta\u0142 na zawsze zmieniony z powodu COVID-19. Widzieli\u015bmy, jak technologia pomog\u0142a nam podczas tej pandemii, a teraz chcemy pom\u00f3c Ci ponownie znale\u017a\u0107 mi\u0142o\u015b\u0107.<\/p>\n<p>Istniej\u0105 setki internetowych aplikacji randkowych, ale co sprawia, \u017ce jeden jest lepszy od innych? Co sprawia, \u017ce kto\u015b stoi ponad reszt\u0105? Czy to projekt? A mo\u017ce to funkcje?<\/p>\n<p>Wzi\u0119li\u015bmy ka\u017cd\u0105 z najpopularniejszych aplikacji randkowych, aby zobaczy\u0107, jak dobre s\u0105 naprawd\u0119. Od liczby cz\u0142onk\u00f3w, przez liczb\u0119 dopasowa\u0144, po og\u00f3ln\u0105 jako\u015b\u0107 do\u015bwiadczenia, uszeregowali\u015bmy ka\u017cd\u0105 aplikacj\u0119 na podstawie naszych ustale\u0144.<\/p>\n<p>Niezale\u017cnie od tego, czy szukasz powa\u017cnego zwi\u0105zku, czy tylko zabawnych randek, oto najlepsze aplikacje randkowe 2022 roku.<\/p>\n<h2>Nasze trzy najlepsze typy na randki<\/h2>\n<p>Istnieje wiele r\u00f3\u017cnych rodzaj\u00f3w serwis\u00f3w randkowych, z kt\u00f3rych ka\u017cdy zaspokaja okre\u015blone potrzeby. Niekt\u00f3rzy ludzie chc\u0105 poznawa\u0107 ludzi tylko dla zabawy, podczas gdy inni szukaj\u0105 powa\u017cnych zwi\u0105zk\u00f3w. Je\u015bli jeste\u015b zainteresowany poznawaniem ludzi online, warto wiedzie\u0107, jakiego typu witryny powiniene\u015b u\u017cy\u0107. Oto trzy popularne strony z pod\u0142\u0105czeniami i jak r\u00f3\u017cni\u0105 si\u0119 od siebie.<\/p>\n<h3>OkCupid<\/h3>\n<p>OkCupid jest prawdopodobnie najbardziej znan\u0105 witryn\u0105 do pod\u0142\u0105czania. Ma ponad 40 milion\u00f3w aktywnych cz\u0142onk\u00f3w na ca\u0142ym \u015bwiecie, co czyni go jedn\u0105 z najwi\u0119kszych istniej\u0105cych platform randkowych. Witryna umo\u017cliwia bezp\u0142atn\u0105 rejestracj\u0119 i przegl\u0105danie profili na podstawie lokalizacji, wieku, statusu zwi\u0105zku, p\u0142ci, pochodzenia etnicznego, religii, poziomu wykszta\u0142cenia, pracy, typu cia\u0142a, wzrostu, koloru w\u0142os\u00f3w i wielu innych. Istniej\u0105 nawet specjalne sekcje, w kt\u00f3rych mo\u017cna filtrowa\u0107 osoby o podobnych zainteresowaniach. Mo\u017cesz wysy\u0142a\u0107 wiadomo\u015bci, czatowa\u0107 i umawia\u0107 si\u0119 na randki z dowolnymi osobami w pobli\u017cu.<\/p>\n<h3>Hubka<\/h3>\n<p>Tinder to zdecydowanie m\u0142odszy t\u0142um w por\u00f3wnaniu do OkCupid. Jest najbardziej znany z tego, \u017ce jest aplikacj\u0105 s\u0142u\u017c\u0105c\u0105 do przesuwania palcem w lewo lub w prawo na potencjalnych meczach. U\u017cytkownicy mog\u0105 ustawi\u0107 preferencje, takie jak to, czy chc\u0105 widzie\u0107 zdj\u0119cia potencjalnych partner\u00f3w, i mog\u0105 wybra\u0107 pewne kryteria, kt\u00f3rych szukaj\u0105, w tym ras\u0119, religi\u0119, orientacj\u0119 seksualn\u0105 i inne. Po znalezieniu dopasowania mo\u017cesz kontynuowa\u0107 rozmow\u0119 lub przej\u015b\u0107 do nast\u0119pnej osoby.<\/p>\n<h3>PlentyOfFish<\/h3>\n<p>PlentyOfFish jest troch\u0119 mniej skoncentrowany na romansie, a o wiele bardziej na seksie. W rzeczywisto\u015bci jest to najwi\u0119kszy na \u015bwiecie serwis randkowy dla doros\u0142ych singli. Z ponad 50 milionami zarejestrowanych u\u017cytkownik\u00f3w, PlentyOfFish zaspokaja potrzeby doros\u0142ych poszukuj\u0105cych dyskretnych romans\u00f3w. Obejmuje to tych, kt\u00f3rzy szukaj\u0105 par, tr\u00f3jk\u0105t\u00f3w, czw\u00f3rek i seksu grupowego. Wszystko, co musisz zrobi\u0107, to wype\u0142ni\u0107 profil podstawowymi informacjami, przes\u0142a\u0107 zdj\u0119cie i zacz\u0105\u0107 przesuwa\u0107.<\/p>\n<h2>Jak wybra\u0107 najlepsze aplikacje do pod\u0142\u0105czania<\/h2>\n<p><img loading=\"lazy\" class=\"size-large wp-image-53 aligncenter\" src=\"http:\/\/chagfordpool.co.uk\/wp-content\/uploads\/2022\/07\/local-chat-apps-for-dating-1024x734.webp\" alt=\"\" width=\"784\" height=\"562\" srcset=\"https:\/\/chagfordpool.co.uk\/wp-content\/uploads\/2022\/07\/local-chat-apps-for-dating-1024x734.webp 1024w, https:\/\/chagfordpool.co.uk\/wp-content\/uploads\/2022\/07\/local-chat-apps-for-dating-300x215.webp 300w, https:\/\/chagfordpool.co.uk\/wp-content\/uploads\/2022\/07\/local-chat-apps-for-dating-768x551.webp 768w, https:\/\/chagfordpool.co.uk\/wp-content\/uploads\/2022\/07\/local-chat-apps-for-dating.webp 1046w\" sizes=\"(max-width: 784px) 100vw, 784px\" \/><\/p>\n<p>W dzisiejszym \u015bwiecie ka\u017cdy chce znale\u017a\u0107 mi\u0142o\u015b\u0107 online. Istnieje wiele aplikacji randkowych, z kt\u00f3rych ka\u017cda twierdzi, \u017ce jest lepsza od innych.<\/p>\n<p>Uwa\u017camy jednak, \u017ce nie musisz sp\u0119dza\u0107 godzin na przegl\u0105daniu profili w setkach r\u00f3\u017cnych witryn, aby znale\u017a\u0107 kogo\u015b kompatybilnego. Mo\u017cesz to wszystko zrobi\u0107 w ramach jednej aplikacji.<\/p>\n<p>Co sprawia, \u017ce dobra aplikacja randkowa? Oto kilka funkcji, kt\u00f3re sk\u0142adaj\u0105 si\u0119 na idealny mechanizm losuj\u0105cy:<\/p>\n<h3>Czego szukasz?<\/h3>\n<p>Rzuca\u0107? D\u0142ugoterminowe? Sekretna sprawa?<\/p>\n<p>Pierwsz\u0105 rzecz\u0105, kt\u00f3r\u0105 chcesz zrobi\u0107, to dowiedzie\u0107 si\u0119, jakiego rodzaju osoby szukasz. Niezale\u017cnie od tego, czy szukasz przyjaciela, kochanka, partnera, czy czego\u015b zupe\u0142nie innego, wiedza o tym, czego szukasz z g\u00f3ry, mo\u017ce zaoszcz\u0119dzi\u0107 Ci wiele b\u00f3lu serca na drodze. Na przyk\u0142ad, je\u015bli szukasz romantycznego partnera, nie chcesz traci\u0107 czasu na rozmowy z przypadkowymi nieznajomymi online. Zamiast tego b\u0119dziesz chcia\u0142 skupi\u0107 si\u0119 na znalezieniu podobnie my\u015bl\u0105cych os\u00f3b, kt\u00f3re s\u0105 zainteresowane spotkaniem z innymi o podobnych celach.<\/p>\n<p>Gdy ju\u017c wiesz, czego szukasz, nadszed\u0142 czas, aby zdecydowa\u0107, gdzie chcesz spotka\u0107 potencjalnych partner\u00f3w. Dost\u0119pnych jest wiele opcji, w tym:<\/p>\n<p>\u2022 Internetowe serwisy randkowe i aplikacje<\/p>\n<p>\u2022 Platformy medi\u00f3w spo\u0142eczno\u015bciowych<\/p>\n<p>\u2022 Spotkania<\/p>\n<p>\u2022 Lokalne bary\/kluby<\/p>\n<h3>Funkcje<\/h3>\n<p>Najlepsze internetowe serwisy randkowe oferuj\u0105 wiele funkcji i opcji, kt\u00f3re utrzymaj\u0105 Ci\u0119 w zaanga\u017cowaniu. Umo\u017cliwiaj\u0105 przegl\u0105danie profili na podstawie lokalizacji, przedzia\u0142u wiekowego, typu relacji, p\u0142ci itp. oraz filtrowanie dopasowa\u0144 na podstawie tych preferencji. Niekt\u00f3re pozwalaj\u0105 nawet skonfigurowa\u0107 alerty e-mail, aby powiadamia\u0107 Ci\u0119, gdy kto\u015b wy\u015ble Ci wiadomo\u015b\u0107.<\/p>\n<p>Mo\u017cesz u\u017cy\u0107 filtr\u00f3w, aby zaw\u0119zi\u0107 potencjalnych partner\u00f3w na podstawie kryteri\u00f3w takich jak religia, pochodzenie etniczne, wzrost, typ cia\u0142a, zainteresowania itp. Mo\u017cesz tak\u017ce zapisa\u0107 wyszukiwania, aby uzyska\u0107 do nich dost\u0119p p\u00f3\u017aniej.<\/p>\n<p>Niekt\u00f3re aplikacje oferuj\u0105 dodatkowe funkcje, takie jak pokoje rozm\u00f3w, w kt\u00f3rych mo\u017cna wchodzi\u0107 w interakcje z lud\u017ami, rozmowy wideo, czaty grupowe i fora, na kt\u00f3rych mo\u017cna omawia\u0107 tematy zwi\u0105zane z mi\u0142o\u015bci\u0105 i relacjami.<\/p>\n<p>Wi\u0119kszo\u015b\u0107 z tych aplikacji pobiera miesi\u0119czne op\u0142aty w wysoko\u015bci od 10 do 50 USD. Istniej\u0105 jednak bezp\u0142atne wersje wi\u0119kszo\u015bci aplikacji. Sprawd\u017a nasz\u0105 list\u0119 najlepszych aplikacji randkowych na Androida i iOS, aby zobaczy\u0107, kt\u00f3re z nich pasuj\u0105 do Twoich potrzeb.<\/p>\n<h3>Funkcje &#8211; Przesuwanie? Swatanie?<\/h3>\n<p>Je\u015bli chodzi o aplikacje randkowe online, jest kilka rzeczy, kt\u00f3rych po prostu nie powiniene\u015b robi\u0107. Na przyk\u0142ad nie przesuwaj palcem w lewo ani w prawo bez przeczytania profilu. Lub nie pr\u00f3buj wdawa\u0107 si\u0119 w rozmowy z kim\u015b innym, poniewa\u017c jeste\u015b znudzony. I zdecydowanie nie wysy\u0142aj wiadomo\u015bci do nieznajomych.<\/p>\n<p>Ale podczas gdy wi\u0119kszo\u015b\u0107 ludzi zna te zasady, wielu nadal pope\u0142nia b\u0142\u0119dy. Mo\u017cesz pomy\u015ble\u0107, \u017ce najlepszym sposobem na unikni\u0119cie k\u0142opotliwych b\u0142\u0119d\u00f3w jest trzymanie si\u0119 wy\u0142\u0105cznie jednej aplikacji. Ale w rzeczywisto\u015bci najlepsz\u0105 strategi\u0105 jest mieszanie r\u00f3\u017cnych aplikacji. Pozwala to znale\u017a\u0107 zgodne dopasowania na wielu platformach i u\u0142atwia \u015bledzenie dat. Ponadto nie poczujesz, \u017ce tracisz co\u015b wa\u017cnego.<\/p>\n<p>Na przyk\u0142ad, je\u015bli chcesz i\u015b\u0107 na randk\u0119 z kim\u015b, kogo spotka\u0142e\u015b na Tinderze, mo\u017cesz prze\u0142\u0105czy\u0107 si\u0119 na Bumble. Je\u015bli wolisz rozmawia\u0107 z kim\u015b, z kim wysy\u0142asz wiadomo\u015bci na OkCupid, mo\u017cesz si\u0119 tam prze\u0142\u0105czy\u0107. A je\u015bli wolisz porozmawia\u0107 z kim\u015b z PlentyOfFish, mo\u017cesz wskoczy\u0107 na Hinge.<\/p>\n","protected":false},"excerpt":{"rendered":"<p>\u015awiat, w kt\u00f3rym dzi\u015b \u017cyjemy, zosta\u0142 na zawsze zmieniony z powodu COVID-19. Widzieli\u015bmy, jak technologia pomog\u0142a nam podczas tej pandemii, a teraz chcemy pom\u00f3c Ci [&#8230;]<\/p>\n","protected":false},"author":1,"featured_media":92,"parent":0,"menu_order":0,"comment_status":"closed","ping_status":"closed","template":"","meta":[],"yoast_head":"<!-- This site is optimized with the Yoast SEO plugin v19.2 - https:\/\/yoast.com\/wordpress\/plugins\/seo\/ -->\n<title>- Recenzje Chag Lokalny ekspert randkowy: nasze najlepsze wskaz\u00f3wki dotycz\u0105ce mi\u0142o\u015bci<\/title>\n<meta name=\"robots\" content=\"index, follow, max-snippet:-1, max-image-preview:large, max-video-preview:-1\" \/>\n<link rel=\"canonical\" href=\"https:\/\/chagfordpool.co.uk\/pl\/\" \/>\n<meta property=\"og:locale\" content=\"pl_PL\" \/>\n<meta property=\"og:type\" content=\"article\" \/>\n<meta property=\"og:title\" content=\"- Recenzje Chag Lokalny ekspert randkowy: nasze najlepsze wskaz\u00f3wki dotycz\u0105ce mi\u0142o\u015bci\" \/>\n<meta property=\"og:description\" content=\"\u015awiat, w kt\u00f3rym dzi\u015b \u017cyjemy, zosta\u0142 na zawsze zmieniony z powodu COVID-19. Widzieli\u015bmy, jak technologia pomog\u0142a nam podczas tej pandemii, a teraz chcemy pom\u00f3c Ci [...]\" \/>\n<meta property=\"og:url\" content=\"https:\/\/chagfordpool.co.uk\/pl\/\" \/>\n<meta property=\"og:site_name\" content=\"Recenzje Chag\" \/>\n<meta property=\"og:image\" content=\"https:\/\/chagfordpool.co.uk\/wp-content\/uploads\/2022\/07\/match-dating-websites.jpeg\" \/>\n\t<meta property=\"og:image:width\" content=\"500\" \/>\n\t<meta property=\"og:image:height\" content=\"333\" \/>\n\t<meta property=\"og:image:type\" content=\"image\/jpeg\" \/>\n<meta name=\"author\" content=\"Expert Reviews\" \/>\n<meta name=\"twitter:card\" content=\"summary_large_image\" \/>\n<meta name=\"twitter:label1\" content=\"Szacowany czas czytania\" \/>\n\t<meta name=\"twitter:data1\" content=\"5 minut\" \/>\n<script type=\"application\/ld+json\" class=\"yoast-schema-graph\">{\"@context\":\"https:\/\/schema.org\",\"@graph\":[{\"@type\":\"WebSite\",\"@id\":\"https:\/\/chagfordpool.co.uk\/#website\",\"url\":\"https:\/\/chagfordpool.co.uk\/\",\"name\":\"Recenzje Chag\",\"description\":\"Lokalne aplikacje do pod\u0142\u0105czania\",\"potentialAction\":[{\"@type\":\"SearchAction\",\"target\":{\"@type\":\"EntryPoint\",\"urlTemplate\":\"https:\/\/chagfordpool.co.uk\/?s={search_term_string}\"},\"query-input\":\"required name=search_term_string\"}],\"inLanguage\":\"pl-PL\"},{\"@type\":\"ImageObject\",\"inLanguage\":\"pl-PL\",\"@id\":\"https:\/\/chagfordpool.co.uk\/pl\/#primaryimage\",\"url\":\"https:\/\/chagfordpool.co.uk\/wp-content\/uploads\/2022\/07\/match-dating-websites.jpeg\",\"contentUrl\":\"https:\/\/chagfordpool.co.uk\/wp-content\/uploads\/2022\/07\/match-dating-websites.jpeg\",\"width\":500,\"height\":333},{\"@type\":\"WebPage\",\"@id\":\"https:\/\/chagfordpool.co.uk\/pl\/#webpage\",\"url\":\"https:\/\/chagfordpool.co.uk\/pl\/\",\"name\":\"- Recenzje Chag Lokalny ekspert randkowy: nasze najlepsze wskaz\u00f3wki dotycz\u0105ce mi\u0142o\u015bci\",\"isPartOf\":{\"@id\":\"https:\/\/chagfordpool.co.uk\/#website\"},\"primaryImageOfPage\":{\"@id\":\"https:\/\/chagfordpool.co.uk\/pl\/#primaryimage\"},\"datePublished\":\"2022-07-26T10:31:46+00:00\",\"dateModified\":\"2022-07-26T10:31:46+00:00\",\"breadcrumb\":{\"@id\":\"https:\/\/chagfordpool.co.uk\/pl\/#breadcrumb\"},\"inLanguage\":\"pl-PL\",\"potentialAction\":[{\"@type\":\"ReadAction\",\"target\":[\"https:\/\/chagfordpool.co.uk\/pl\/\"]}]},{\"@type\":\"BreadcrumbList\",\"@id\":\"https:\/\/chagfordpool.co.uk\/pl\/#breadcrumb\",\"itemListElement\":[{\"@type\":\"ListItem\",\"position\":1,\"name\":\"Dom\",\"item\":\"https:\/\/chagfordpool.co.uk\/pl\/\"},{\"@type\":\"ListItem\",\"position\":2,\"name\":\"Lokalny ekspert randkowy: nasze najlepsze wskaz\u00f3wki dotycz\u0105ce mi\u0142o\u015bci\"}]}]}<\/script>\n<!-- \/ Yoast SEO plugin. -->","yoast_head_json":{"title":"- Recenzje Chag Lokalny ekspert randkowy: nasze najlepsze wskaz\u00f3wki dotycz\u0105ce mi\u0142o\u015bci","robots":{"index":"index","follow":"follow","max-snippet":"max-snippet:-1","max-image-preview":"max-image-preview:large","max-video-preview":"max-video-preview:-1"},"canonical":"https:\/\/chagfordpool.co.uk\/pl\/","og_locale":"pl_PL","og_type":"article","og_title":"- Recenzje Chag Lokalny ekspert randkowy: nasze najlepsze wskaz\u00f3wki dotycz\u0105ce mi\u0142o\u015bci","og_description":"\u015awiat, w kt\u00f3rym dzi\u015b \u017cyjemy, zosta\u0142 na zawsze zmieniony z powodu COVID-19. Widzieli\u015bmy, jak technologia pomog\u0142a nam podczas tej pandemii, a teraz chcemy pom\u00f3c Ci [...]","og_url":"https:\/\/chagfordpool.co.uk\/pl\/","og_site_name":"Recenzje Chag","og_image":[{"width":500,"height":333,"url":"https:\/\/chagfordpool.co.uk\/wp-content\/uploads\/2022\/07\/match-dating-websites.jpeg","type":"image\/jpeg"}],"author":"Expert Reviews","twitter_card":"summary_large_image","twitter_misc":{"Szacowany czas czytania":"5 minut"},"schema":{"@context":"https:\/\/schema.org","@graph":[{"@type":"WebSite","@id":"https:\/\/chagfordpool.co.uk\/#website","url":"https:\/\/chagfordpool.co.uk\/","name":"Recenzje Chag","description":"Lokalne aplikacje do pod\u0142\u0105czania","potentialAction":[{"@type":"SearchAction","target":{"@type":"EntryPoint","urlTemplate":"https:\/\/chagfordpool.co.uk\/?s={search_term_string}"},"query-input":"required name=search_term_string"}],"inLanguage":"pl-PL"},{"@type":"ImageObject","inLanguage":"pl-PL","@id":"https:\/\/chagfordpool.co.uk\/pl\/#primaryimage","url":"https:\/\/chagfordpool.co.uk\/wp-content\/uploads\/2022\/07\/match-dating-websites.jpeg","contentUrl":"https:\/\/chagfordpool.co.uk\/wp-content\/uploads\/2022\/07\/match-dating-websites.jpeg","width":500,"height":333},{"@type":"WebPage","@id":"https:\/\/chagfordpool.co.uk\/pl\/#webpage","url":"https:\/\/chagfordpool.co.uk\/pl\/","name":"- Recenzje Chag Lokalny ekspert randkowy: nasze najlepsze wskaz\u00f3wki dotycz\u0105ce mi\u0142o\u015bci","isPartOf":{"@id":"https:\/\/chagfordpool.co.uk\/#website"},"primaryImageOfPage":{"@id":"https:\/\/chagfordpool.co.uk\/pl\/#primaryimage"},"datePublished":"2022-07-26T10:31:46+00:00","dateModified":"2022-07-26T10:31:46+00:00","breadcrumb":{"@id":"https:\/\/chagfordpool.co.uk\/pl\/#breadcrumb"},"inLanguage":"pl-PL","potentialAction":[{"@type":"ReadAction","target":["https:\/\/chagfordpool.co.uk\/pl\/"]}]},{"@type":"BreadcrumbList","@id":"https:\/\/chagfordpool.co.uk\/pl\/#breadcrumb","itemListElement":[{"@type":"ListItem","position":1,"name":"Dom","item":"https:\/\/chagfordpool.co.uk\/pl\/"},{"@type":"ListItem","position":2,"name":"Lokalny ekspert randkowy: nasze najlepsze wskaz\u00f3wki dotycz\u0105ce mi\u0142o\u015bci"}]}]}},"_links":{"self":[{"href":"https:\/\/chagfordpool.co.uk\/pl\/wp-json\/wp\/v2\/pages\/174"}],"collection":[{"href":"https:\/\/chagfordpool.co.uk\/pl\/wp-json\/wp\/v2\/pages"}],"about":[{"href":"https:\/\/chagfordpool.co.uk\/pl\/wp-json\/wp\/v2\/types\/page"}],"author":[{"embeddable":true,"href":"https:\/\/chagfordpool.co.uk\/pl\/wp-json\/wp\/v2\/users\/1"}],"replies":[{"embeddable":true,"href":"https:\/\/chagfordpool.co.uk\/pl\/wp-json\/wp\/v2\/comments?post=174"}],"version-history":[{"count":0,"href":"https:\/\/chagfordpool.co.uk\/pl\/wp-json\/wp\/v2\/pages\/174\/revisions"}],"wp:featuredmedia":[{"embeddable":true,"href":"https:\/\/chagfordpool.co.uk\/pl\/wp-json\/wp\/v2\/media\/92"}],"wp:attachment":[{"href":"https:\/\/chagfordpool.co.uk\/pl\/wp-json\/wp\/v2\/media?parent=174"}],"curies":[{"name":"wp","href":"https:\/\/api.w.org\/{rel}","templated":true}]}}