{"id":179,"date":"2022-07-26T12:08:22","date_gmt":"2022-07-26T11:08:22","guid":{"rendered":"http:\/\/chagfordpool.co.uk\/jak-dowiedziec-sie-czy-cie-chce\/"},"modified":"2022-07-26T12:08:22","modified_gmt":"2022-07-26T11:08:22","slug":"jak-dowiedziec-sie-czy-cie-chce","status":"publish","type":"page","link":"https:\/\/chagfordpool.co.uk\/pl\/jak-dowiedziec-sie-czy-cie-chce\/","title":{"rendered":"Jak dowiedzie\u0107 si\u0119, czy ci\u0119 chce"},"content":{"rendered":"<p>Istniej\u0105 dwa rodzaje m\u0119\u017cczyzn: ci, kt\u00f3rzy chc\u0105 by\u0107 chciani i ci, kt\u00f3rzy chc\u0105 by\u0107 potrzebni.<\/p>\n<p>Podczas gdy oba s\u0105 r\u00f3wnie atrakcyjne, ten drugi typ jest znacznie \u0142atwiejszy do przyci\u0105gni\u0119cia. M\u0119\u017cczy\u017ani, kt\u00f3rzy chc\u0105 by\u0107 potrzebni, s\u0105 zwykle potrzebuj\u0105cy i lgn\u0105. Kiedy spotkasz kogo\u015b takiego, poczujesz si\u0119 nieswojo i b\u0119dziesz si\u0119 zastanawia\u0107, czy chce by\u0107 przyjacielem, czy po prostu ci\u0119 potrzebuje.<\/p>\n<p>Aby unikn\u0105\u0107 wpadni\u0119cia w t\u0119 pu\u0142apk\u0119, oto cztery wskaz\u00f3wki, kt\u00f3re pomog\u0105 ci dowiedzie\u0107 si\u0119, czy naprawd\u0119 chce by\u0107 przyjaci\u00f3\u0142mi, czy po prostu chce by\u0107 potrzebny.<\/p>\n<h3>Czy m\u00f3wi o swoich by\u0142ych?<\/h3>\n<p>M\u0119\u017cczy\u017ani, kt\u00f3rzy s\u0105 niepewni siebie, zwykle pr\u00f3buj\u0105 <a href=\"http:\/\/chagfordpool.co.uk\/pl\/roleplay-sex-randki\/\">to zrekompensowa\u0107, m\u00f3wi\u0105c o innych kobietach<\/a>. Chocia\u017c mo\u017ce si\u0119 to wydawa\u0107 wystarczaj\u0105co nieszkodliwe, mo\u017ce wskazywa\u0107, \u017ce pr\u00f3buje wype\u0142ni\u0107 emocjonaln\u0105 pustk\u0119 w sobie.<\/p>\n<h3>Czy zawsze prosi o przys\u0142ugi?<\/h3>\n<p>Je\u015bli prosi ci\u0119, aby\u015b zrobi\u0142 co\u015b dla niego ka\u017cdego dnia, to prawdopodobnie chce by\u0107 potrzebny. Mo\u017ce nawet oczekiwa\u0107, \u017ce zrobisz dla niego wszystko, w tym posprz\u0105tasz jego dom, ugotujesz obiad i zaopiekujesz si\u0119 jego dzie\u0107mi.<\/p>\n<h3>Czy m\u00f3wi ci, jak \u0142adnie wygl\u0105dasz?<\/h3>\n<p>To kolejny znak, \u017ce chce by\u0107 potrzebny. Je\u015bli powie ci, jaka jeste\u015b pi\u0119kna, prawdopodobnie jest niepewny i czuje si\u0119 nieodpowiedni.<\/p>\n<h3>Czy komplementuje ci\u0119?<\/h3>\n<p>M\u0119\u017cczy\u017ani, kt\u00f3rzy s\u0105 pewni siebie, rzadko potrzebuj\u0105 komplement\u00f3w. Je\u015bli jednak daje ci komplementy, <a href=\"http:\/\/chagfordpool.co.uk\/pl\/lokalne-aplikacje-randkowe\/\">zwr\u00f3\u0107 uwag\u0119 na to, jak je m\u00f3wi<\/a>. Je\u015bli u\u017cywa s\u0142\u00f3w takich jak &#8222;pi\u0119kny&#8221;, &#8222;seksowny&#8221; lub &#8222;gor\u0105cy&#8221;, to prawdopodobnie jest niepewny siebie i chce by\u0107 potrzebny. Ale je\u015bli u\u017cywa s\u0142\u00f3w takich jak &#8222;inteligentny&#8221;, &#8222;zabawny&#8221; lub &#8222;fajny&#8221;, to prawdopodobnie jest bezpieczny i wygodny ze sob\u0105.<\/p>\n<p>Te znaki nie s\u0105 niezawodne, ale mog\u0105 pom\u00f3c ci okre\u015bli\u0107, czy chce by\u0107 potrzebny, czy po prostu chce by\u0107 przyjaci\u00f3\u0142mi.<\/p>\n<h2>Nadal jeste\u015b zdezorientowany?<\/h2>\n<p>Je\u015bli nadal walczysz, sp\u00f3jrz na te 5 szybkich pyta\u0144, kt\u00f3rych mo\u017cesz u\u017cy\u0107, aby dowiedzie\u0107 si\u0119, czy facet \/ dziewczyna ci\u0119 lubi:<\/p>\n<h3>Zadawaj pytania<\/h3>\n<p>M\u0119\u017cczy\u017ani uwielbiaj\u0105 m\u00f3wi\u0107 o sobie, wi\u0119c zadawanie pyta\u0144 okazuje zainteresowanie. Zadawanie pyta\u0144 otwartych pozwala dowiedzie\u0107 si\u0119 wi\u0119cej o jego zainteresowaniach i hobby.<\/p>\n<h3>Nawi\u0105\u017c kontakt wzrokowy<\/h3>\n<p>Kiedy zauwa\u017cy, \u017ce na niego patrzysz, poczuje si\u0119 pochlebny. A kiedy spojrzysz wstecz, b\u0119dzie si\u0119 zastanawia\u0142, o czym my\u015bla\u0142e\u015b.<\/p>\n<h3>S\u0142uchaj uwa\u017cnie<\/h3>\n<p>Chce wiedzie\u0107, \u017ce zale\u017cy ci na tym, co m\u00f3wi. Nie przerywaj mu, gdy m\u00f3wi; pozw\u00f3l mu doko\u0144czy\u0107 my\u015bli. Potem kiwnij g\u0142ow\u0105 i u\u015bmiechnij si\u0119.<\/p>\n<h3>Komplementuj go<\/h3>\n<p>Powiedz mu, jak przystojnie wygl\u0105da, jak m\u0105dry si\u0119 wydaje lub jak bardzo go podziwiasz. Te komplementy sprawi\u0105, \u017ce poczuje si\u0119 wyj\u0105tkowy i doceniony.<\/p>\n<h3>Daj mu przestrze\u0144<\/h3>\n<p>Daj mu zna\u0107, \u017ce s\u0142uchasz, daj\u0105c mu du\u017co miejsca. Usi\u0105d\u017a wystarczaj\u0105co blisko, aby go us\u0142ysze\u0107, ale na tyle daleko, \u017ce czuje si\u0119 komfortowo rozmawiaj\u0105c.<\/p>\n","protected":false},"excerpt":{"rendered":"<p>Istniej\u0105 dwa rodzaje m\u0119\u017cczyzn: ci, kt\u00f3rzy chc\u0105 by\u0107 chciani i ci, kt\u00f3rzy chc\u0105 by\u0107 potrzebni. Podczas gdy oba s\u0105 r\u00f3wnie atrakcyjne, ten drugi typ jest [&#8230;]<\/p>\n","protected":false},"author":1,"featured_media":122,"parent":0,"menu_order":0,"comment_status":"closed","ping_status":"closed","template":"","meta":[],"yoast_head":"<!-- This site is optimized with the Yoast SEO plugin v19.2 - https:\/\/yoast.com\/wordpress\/plugins\/seo\/ -->\n<title>- Recenzje Chag Jak dowiedzie\u0107 si\u0119, czy ci\u0119 chce<\/title>\n<meta name=\"robots\" content=\"index, follow, max-snippet:-1, max-image-preview:large, max-video-preview:-1\" \/>\n<link rel=\"canonical\" href=\"https:\/\/chagfordpool.co.uk\/pl\/jak-dowiedziec-sie-czy-cie-chce\/\" \/>\n<meta property=\"og:locale\" content=\"pl_PL\" \/>\n<meta property=\"og:type\" content=\"article\" \/>\n<meta property=\"og:title\" content=\"- Recenzje Chag Jak dowiedzie\u0107 si\u0119, czy ci\u0119 chce\" \/>\n<meta property=\"og:description\" content=\"Istniej\u0105 dwa rodzaje m\u0119\u017cczyzn: ci, kt\u00f3rzy chc\u0105 by\u0107 chciani i ci, kt\u00f3rzy chc\u0105 by\u0107 potrzebni. Podczas gdy oba s\u0105 r\u00f3wnie atrakcyjne, ten drugi typ jest [...]\" \/>\n<meta property=\"og:url\" content=\"https:\/\/chagfordpool.co.uk\/pl\/jak-dowiedziec-sie-czy-cie-chce\/\" \/>\n<meta property=\"og:site_name\" content=\"Recenzje Chag\" \/>\n<meta property=\"og:image\" content=\"https:\/\/chagfordpool.co.uk\/wp-content\/uploads\/2022\/07\/hookup.jpeg\" \/>\n\t<meta property=\"og:image:width\" content=\"1200\" \/>\n\t<meta property=\"og:image:height\" content=\"1500\" \/>\n\t<meta property=\"og:image:type\" content=\"image\/jpeg\" \/>\n<meta name=\"author\" content=\"Expert Reviews\" \/>\n<meta name=\"twitter:card\" content=\"summary_large_image\" \/>\n<meta name=\"twitter:label1\" content=\"Szacowany czas czytania\" \/>\n\t<meta name=\"twitter:data1\" content=\"2 minuty\" \/>\n<script type=\"application\/ld+json\" class=\"yoast-schema-graph\">{\"@context\":\"https:\/\/schema.org\",\"@graph\":[{\"@type\":\"WebSite\",\"@id\":\"https:\/\/chagfordpool.co.uk\/#website\",\"url\":\"https:\/\/chagfordpool.co.uk\/\",\"name\":\"Recenzje Chag\",\"description\":\"Lokalne aplikacje do pod\u0142\u0105czania\",\"potentialAction\":[{\"@type\":\"SearchAction\",\"target\":{\"@type\":\"EntryPoint\",\"urlTemplate\":\"https:\/\/chagfordpool.co.uk\/?s={search_term_string}\"},\"query-input\":\"required name=search_term_string\"}],\"inLanguage\":\"pl-PL\"},{\"@type\":\"ImageObject\",\"inLanguage\":\"pl-PL\",\"@id\":\"https:\/\/chagfordpool.co.uk\/pl\/jak-dowiedziec-sie-czy-cie-chce\/#primaryimage\",\"url\":\"https:\/\/chagfordpool.co.uk\/wp-content\/uploads\/2022\/07\/hookup.jpeg\",\"contentUrl\":\"https:\/\/chagfordpool.co.uk\/wp-content\/uploads\/2022\/07\/hookup.jpeg\",\"width\":1200,\"height\":1500},{\"@type\":\"WebPage\",\"@id\":\"https:\/\/chagfordpool.co.uk\/pl\/jak-dowiedziec-sie-czy-cie-chce\/#webpage\",\"url\":\"https:\/\/chagfordpool.co.uk\/pl\/jak-dowiedziec-sie-czy-cie-chce\/\",\"name\":\"- Recenzje Chag Jak dowiedzie\u0107 si\u0119, czy ci\u0119 chce\",\"isPartOf\":{\"@id\":\"https:\/\/chagfordpool.co.uk\/#website\"},\"primaryImageOfPage\":{\"@id\":\"https:\/\/chagfordpool.co.uk\/pl\/jak-dowiedziec-sie-czy-cie-chce\/#primaryimage\"},\"datePublished\":\"2022-07-26T11:08:22+00:00\",\"dateModified\":\"2022-07-26T11:08:22+00:00\",\"breadcrumb\":{\"@id\":\"https:\/\/chagfordpool.co.uk\/pl\/jak-dowiedziec-sie-czy-cie-chce\/#breadcrumb\"},\"inLanguage\":\"pl-PL\",\"potentialAction\":[{\"@type\":\"ReadAction\",\"target\":[\"https:\/\/chagfordpool.co.uk\/pl\/jak-dowiedziec-sie-czy-cie-chce\/\"]}]},{\"@type\":\"BreadcrumbList\",\"@id\":\"https:\/\/chagfordpool.co.uk\/pl\/jak-dowiedziec-sie-czy-cie-chce\/#breadcrumb\",\"itemListElement\":[{\"@type\":\"ListItem\",\"position\":1,\"name\":\"Dom\",\"item\":\"https:\/\/chagfordpool.co.uk\/pl\/\"},{\"@type\":\"ListItem\",\"position\":2,\"name\":\"Jak dowiedzie\u0107 si\u0119, czy ci\u0119 chce\"}]}]}<\/script>\n<!-- \/ Yoast SEO plugin. -->","yoast_head_json":{"title":"- Recenzje Chag Jak dowiedzie\u0107 si\u0119, czy ci\u0119 chce","robots":{"index":"index","follow":"follow","max-snippet":"max-snippet:-1","max-image-preview":"max-image-preview:large","max-video-preview":"max-video-preview:-1"},"canonical":"https:\/\/chagfordpool.co.uk\/pl\/jak-dowiedziec-sie-czy-cie-chce\/","og_locale":"pl_PL","og_type":"article","og_title":"- Recenzje Chag Jak dowiedzie\u0107 si\u0119, czy ci\u0119 chce","og_description":"Istniej\u0105 dwa rodzaje m\u0119\u017cczyzn: ci, kt\u00f3rzy chc\u0105 by\u0107 chciani i ci, kt\u00f3rzy chc\u0105 by\u0107 potrzebni. Podczas gdy oba s\u0105 r\u00f3wnie atrakcyjne, ten drugi typ jest [...]","og_url":"https:\/\/chagfordpool.co.uk\/pl\/jak-dowiedziec-sie-czy-cie-chce\/","og_site_name":"Recenzje Chag","og_image":[{"width":1200,"height":1500,"url":"https:\/\/chagfordpool.co.uk\/wp-content\/uploads\/2022\/07\/hookup.jpeg","type":"image\/jpeg"}],"author":"Expert Reviews","twitter_card":"summary_large_image","twitter_misc":{"Szacowany czas czytania":"2 minuty"},"schema":{"@context":"https:\/\/schema.org","@graph":[{"@type":"WebSite","@id":"https:\/\/chagfordpool.co.uk\/#website","url":"https:\/\/chagfordpool.co.uk\/","name":"Recenzje Chag","description":"Lokalne aplikacje do pod\u0142\u0105czania","potentialAction":[{"@type":"SearchAction","target":{"@type":"EntryPoint","urlTemplate":"https:\/\/chagfordpool.co.uk\/?s={search_term_string}"},"query-input":"required name=search_term_string"}],"inLanguage":"pl-PL"},{"@type":"ImageObject","inLanguage":"pl-PL","@id":"https:\/\/chagfordpool.co.uk\/pl\/jak-dowiedziec-sie-czy-cie-chce\/#primaryimage","url":"https:\/\/chagfordpool.co.uk\/wp-content\/uploads\/2022\/07\/hookup.jpeg","contentUrl":"https:\/\/chagfordpool.co.uk\/wp-content\/uploads\/2022\/07\/hookup.jpeg","width":1200,"height":1500},{"@type":"WebPage","@id":"https:\/\/chagfordpool.co.uk\/pl\/jak-dowiedziec-sie-czy-cie-chce\/#webpage","url":"https:\/\/chagfordpool.co.uk\/pl\/jak-dowiedziec-sie-czy-cie-chce\/","name":"- Recenzje Chag Jak dowiedzie\u0107 si\u0119, czy ci\u0119 chce","isPartOf":{"@id":"https:\/\/chagfordpool.co.uk\/#website"},"primaryImageOfPage":{"@id":"https:\/\/chagfordpool.co.uk\/pl\/jak-dowiedziec-sie-czy-cie-chce\/#primaryimage"},"datePublished":"2022-07-26T11:08:22+00:00","dateModified":"2022-07-26T11:08:22+00:00","breadcrumb":{"@id":"https:\/\/chagfordpool.co.uk\/pl\/jak-dowiedziec-sie-czy-cie-chce\/#breadcrumb"},"inLanguage":"pl-PL","potentialAction":[{"@type":"ReadAction","target":["https:\/\/chagfordpool.co.uk\/pl\/jak-dowiedziec-sie-czy-cie-chce\/"]}]},{"@type":"BreadcrumbList","@id":"https:\/\/chagfordpool.co.uk\/pl\/jak-dowiedziec-sie-czy-cie-chce\/#breadcrumb","itemListElement":[{"@type":"ListItem","position":1,"name":"Dom","item":"https:\/\/chagfordpool.co.uk\/pl\/"},{"@type":"ListItem","position":2,"name":"Jak dowiedzie\u0107 si\u0119, czy ci\u0119 chce"}]}]}},"_links":{"self":[{"href":"https:\/\/chagfordpool.co.uk\/pl\/wp-json\/wp\/v2\/pages\/179"}],"collection":[{"href":"https:\/\/chagfordpool.co.uk\/pl\/wp-json\/wp\/v2\/pages"}],"about":[{"href":"https:\/\/chagfordpool.co.uk\/pl\/wp-json\/wp\/v2\/types\/page"}],"author":[{"embeddable":true,"href":"https:\/\/chagfordpool.co.uk\/pl\/wp-json\/wp\/v2\/users\/1"}],"replies":[{"embeddable":true,"href":"https:\/\/chagfordpool.co.uk\/pl\/wp-json\/wp\/v2\/comments?post=179"}],"version-history":[{"count":0,"href":"https:\/\/chagfordpool.co.uk\/pl\/wp-json\/wp\/v2\/pages\/179\/revisions"}],"wp:featuredmedia":[{"embeddable":true,"href":"https:\/\/chagfordpool.co.uk\/pl\/wp-json\/wp\/v2\/media\/122"}],"wp:attachment":[{"href":"https:\/\/chagfordpool.co.uk\/pl\/wp-json\/wp\/v2\/media?parent=179"}],"curies":[{"name":"wp","href":"https:\/\/api.w.org\/{rel}","templated":true}]}}