{"id":186,"date":"2022-07-26T12:09:29","date_gmt":"2022-07-26T11:09:29","guid":{"rendered":"http:\/\/chagfordpool.co.uk\/lokalne-aplikacje-randkowe\/"},"modified":"2022-07-26T12:09:29","modified_gmt":"2022-07-26T11:09:29","slug":"lokalne-aplikacje-randkowe","status":"publish","type":"page","link":"https:\/\/chagfordpool.co.uk\/pl\/lokalne-aplikacje-randkowe\/","title":{"rendered":"Lokalne aplikacje randkowe"},"content":{"rendered":"<p>Hookupy to przypadkowe spotkania seksualne, kt\u00f3re zwykle zdarzaj\u0105 si\u0119 poza zaanga\u017cowanymi zwi\u0105zkami. Chocia\u017c pod\u0142\u0105czenia nie zawsze s\u0105 negatywnymi do\u015bwiadczeniami, mog\u0105 prowadzi\u0107 do uczucia \u017calu i wstydu w\u015br\u00f3d uczestnik\u00f3w.<\/p>\n<p>Aby unikn\u0105\u0107 tych uczu\u0107, wa\u017cne jest, aby zrozumie\u0107, \u017ce seks jest normaln\u0105 cz\u0119\u015bci\u0105 \u017cycia. Po\u0142\u0105czenia nie powinny by\u0107 postrzegane jako zamiennik d\u0142ugoterminowych relacji, ale raczej jako zabawny dodatek do istniej\u0105cych.<\/p>\n<p>Wa\u017cne jest r\u00f3wnie\u017c, aby pami\u0119ta\u0107, \u017ce po\u0142\u0105czenia r\u00f3\u017cni\u0105 si\u0119 od <a href=\"http:\/\/chagfordpool.co.uk\/pl\/roleplay-sex-randki\/\">przypadkowego seksu<\/a>. Przypadkowy seks jest og\u00f3lnie definiowany jako seks z kim\u015b, z kim nie planujesz sp\u0119dza\u0107 du\u017co czasu. Pod\u0142\u0105czenia s\u0105 jednak zazwyczaj kr\u00f3tkotrwa\u0142ymi sprawami, kt\u00f3re ko\u0144cz\u0105 si\u0119 po kilku godzinach lub dniach. Istnieje kilka powod\u00f3w, dla kt\u00f3rych ludzie decyduj\u0105 si\u0119 na udzia\u0142 w po\u0142\u0105czeniach. Niekt\u00f3rzy lubi\u0105 dreszczyk emocji zwi\u0105zany z pr\u00f3bowaniem czego\u015b nowego, podczas gdy inni po prostu chc\u0105 eksperymentowa\u0107 ze swoj\u0105 seksualno\u015bci\u0105. Niezale\u017cnie od przyczyny, wa\u017cne jest, aby pami\u0119ta\u0107, \u017ce pod\u0142\u0105czenie jest wyborem, a nie wymogiem. Chocia\u017c pod\u0142\u0105czenia nie s\u0105 dla wszystkich, mog\u0105 by\u0107 pozytywnym do\u015bwiadczeniem, je\u015bli zostan\u0105 wykonane poprawnie. Tak d\u0142ugo, jak obie zaanga\u017cowane strony czuj\u0105 si\u0119 komfortowo i bezpiecznie, nie ma nic z\u0142ego w cieszeniu si\u0119 sob\u0105.<\/p>\n<h2>Jak spotka\u0107 singli w twojej okolicy<\/h2>\n<p>Istnieje wiele dost\u0119pnych zasob\u00f3w online, kt\u00f3re pomagaj\u0105 singlom si\u0119 spotka\u0107. Ale spotkanie z kim\u015b twarz\u0105 w twarz mo\u017ce naprawd\u0119 zwi\u0119kszy\u0107 twoj\u0105 pewno\u015b\u0107 siebie i doprowadzi\u0107 do d\u0142ugotrwa\u0142ego zwi\u0105zku.<\/p>\n<p>Niezale\u017cnie od tego, czy szukasz mi\u0142o\u015bci, czy po prostu swobodnej zabawy, lokalne serwisy randkowe oferuj\u0105 wygodny spos\u00f3b na nawi\u0105zanie kontaktu z innymi, kt\u00f3rzy maj\u0105 podobne zainteresowania. Witryny te umo\u017cliwiaj\u0105 cz\u0142onkom przegl\u0105danie profili na podstawie lokalizacji, wieku, p\u0142ci i orientacji seksualnej. Gdy znajdziesz kogo\u015b, kogo chcesz pozna\u0107, mo\u017cesz um\u00f3wi\u0107 si\u0119 na rozmow\u0119 za po\u015brednictwem kamery internetowej.<\/p>\n<h3>Jak po\u0142\u0105czy\u0107 si\u0119 w sie\u0107 i znale\u017a\u0107 daty<\/h3>\n<p>Lokalne serwisy randkowe s\u0142u\u017c\u0105 nie tylko do znajdowania dat; mog\u0105 r\u00f3wnie\u017c zapewni\u0107 cenne mo\u017cliwo\u015bci nawi\u0105zywania kontakt\u00f3w. Cz\u0142onkowie mog\u0105 tworzy\u0107 grupy na podstawie wsp\u00f3lnych zainteresowa\u0144, hobby lub dzia\u0142a\u0144. Niekt\u00f3re witryny umo\u017cliwiaj\u0105 nawet do\u0142\u0105czanie do grup, kt\u00f3re koncentruj\u0105 si\u0119 na okre\u015blonych lokalizacjach, umo\u017cliwiaj\u0105c spotkanie z lud\u017ami w pobli\u017cu.<\/p>\n<p>Niekt\u00f3re lokalne serwisy randkowe oferuj\u0105 r\u00f3wnie\u017c wydarzenia, imprezy i inne rodzaje spotka\u0144. Wydarzenia te mog\u0105 by\u0107 \u015bwietn\u0105 okazj\u0105 do spotkania si\u0119 z potencjalnymi partnerami i budowania relacji.<\/p>\n<p>Podczas gdy lokalne serwisy randkowe s\u0105 \u015bwietn\u0105 opcj\u0105 do \u0142\u0105czenia si\u0119 z innymi, pami\u0119taj, \u017ce nadal koncentruj\u0105 si\u0119 przede wszystkim na znajdowaniu romantycznych po\u0142\u0105cze\u0144. Wi\u0119c je\u015bli szukasz przyja\u017ani, spr\u00f3buj do\u0142\u0105czy\u0107 do bardziej przyjaznej grupy na stronie og\u00f3lnego zainteresowania.<\/p>\n<h3>Wskaz\u00f3wki dotycz\u0105ce randek online<\/h3>\n<p>Wa\u017cne jest, aby pami\u0119ta\u0107, \u017ce pod\u0142\u0105czenia to ryzykowny biznes. Chocia\u017c mo\u017cesz czu\u0107 si\u0119 pewnie, spotykaj\u0105c kogo\u015b osobi\u015bcie, nigdy tak naprawd\u0119 nie wiesz, z jak\u0105 osob\u0105 sko\u0144czysz, dop\u00f3ki nie uprawiasz seksu. Nie ma gwarancji, \u017ce b\u0119dziesz si\u0119 dobrze bawi\u0107 i mo\u017cesz \u017ca\u0142owa\u0107, \u017ce uprawia\u0142e\u015b seks z kim\u015b, na kim ci nie zale\u017ca\u0142o.<\/p>\n<p>Dlatego warto zachowa\u0107 ostro\u017cno\u015b\u0107 przy wyborze partnera. Zanim zgodzisz si\u0119 spotka\u0107 z kim\u015b osobi\u015bcie, upewnij si\u0119, \u017ce oboje macie podobne warto\u015bci i zainteresowania. Staraj si\u0119 r\u00f3wnie\u017c unika\u0107 odwiedzania miejsc, w kt\u00f3rych wiesz, \u017ce inni ludzie mog\u0105 by\u0107 obecni, takich jak bary lub kluby. Na koniec rozwa\u017c zadawanie potencjalnym partnerom pyta\u0144 o siebie, aby dowiedzie\u0107 si\u0119 wi\u0119cej o ich osobowo\u015bci i nawykach.<\/p>\n","protected":false},"excerpt":{"rendered":"<p>Hookupy to przypadkowe spotkania seksualne, kt\u00f3re zwykle zdarzaj\u0105 si\u0119 poza zaanga\u017cowanymi zwi\u0105zkami. Chocia\u017c pod\u0142\u0105czenia nie zawsze s\u0105 negatywnymi do\u015bwiadczeniami, mog\u0105 prowadzi\u0107 do uczucia \u017calu i [&#8230;]<\/p>\n","protected":false},"author":1,"featured_media":112,"parent":0,"menu_order":0,"comment_status":"closed","ping_status":"closed","template":"","meta":[],"yoast_head":"<!-- This site is optimized with the Yoast SEO plugin v19.2 - https:\/\/yoast.com\/wordpress\/plugins\/seo\/ -->\n<title>- Recenzje Chag Lokalne aplikacje randkowe<\/title>\n<meta name=\"robots\" content=\"index, follow, max-snippet:-1, max-image-preview:large, max-video-preview:-1\" \/>\n<link rel=\"canonical\" href=\"https:\/\/chagfordpool.co.uk\/pl\/lokalne-aplikacje-randkowe\/\" \/>\n<meta property=\"og:locale\" content=\"pl_PL\" \/>\n<meta property=\"og:type\" content=\"article\" \/>\n<meta property=\"og:title\" content=\"- Recenzje Chag Lokalne aplikacje randkowe\" \/>\n<meta property=\"og:description\" content=\"Hookupy to przypadkowe spotkania seksualne, kt\u00f3re zwykle zdarzaj\u0105 si\u0119 poza zaanga\u017cowanymi zwi\u0105zkami. Chocia\u017c pod\u0142\u0105czenia nie zawsze s\u0105 negatywnymi do\u015bwiadczeniami, mog\u0105 prowadzi\u0107 do uczucia \u017calu i [...]\" \/>\n<meta property=\"og:url\" content=\"https:\/\/chagfordpool.co.uk\/pl\/lokalne-aplikacje-randkowe\/\" \/>\n<meta property=\"og:site_name\" content=\"Recenzje Chag\" \/>\n<meta property=\"og:image\" content=\"https:\/\/chagfordpool.co.uk\/wp-content\/uploads\/2022\/07\/real-sex-apps.webp\" \/>\n\t<meta property=\"og:image:width\" content=\"1125\" \/>\n\t<meta property=\"og:image:height\" content=\"750\" \/>\n\t<meta property=\"og:image:type\" content=\"image\/webp\" \/>\n<meta name=\"author\" content=\"Expert Reviews\" \/>\n<meta name=\"twitter:card\" content=\"summary_large_image\" \/>\n<meta name=\"twitter:label1\" content=\"Szacowany czas czytania\" \/>\n\t<meta name=\"twitter:data1\" content=\"3 minuty\" \/>\n<script type=\"application\/ld+json\" class=\"yoast-schema-graph\">{\"@context\":\"https:\/\/schema.org\",\"@graph\":[{\"@type\":\"WebSite\",\"@id\":\"https:\/\/chagfordpool.co.uk\/#website\",\"url\":\"https:\/\/chagfordpool.co.uk\/\",\"name\":\"Recenzje Chag\",\"description\":\"Lokalne aplikacje do pod\u0142\u0105czania\",\"potentialAction\":[{\"@type\":\"SearchAction\",\"target\":{\"@type\":\"EntryPoint\",\"urlTemplate\":\"https:\/\/chagfordpool.co.uk\/?s={search_term_string}\"},\"query-input\":\"required name=search_term_string\"}],\"inLanguage\":\"pl-PL\"},{\"@type\":\"ImageObject\",\"inLanguage\":\"pl-PL\",\"@id\":\"https:\/\/chagfordpool.co.uk\/pl\/lokalne-aplikacje-randkowe\/#primaryimage\",\"url\":\"https:\/\/chagfordpool.co.uk\/wp-content\/uploads\/2022\/07\/real-sex-apps.webp\",\"contentUrl\":\"https:\/\/chagfordpool.co.uk\/wp-content\/uploads\/2022\/07\/real-sex-apps.webp\",\"width\":1125,\"height\":750},{\"@type\":\"WebPage\",\"@id\":\"https:\/\/chagfordpool.co.uk\/pl\/lokalne-aplikacje-randkowe\/#webpage\",\"url\":\"https:\/\/chagfordpool.co.uk\/pl\/lokalne-aplikacje-randkowe\/\",\"name\":\"- Recenzje Chag Lokalne aplikacje randkowe\",\"isPartOf\":{\"@id\":\"https:\/\/chagfordpool.co.uk\/#website\"},\"primaryImageOfPage\":{\"@id\":\"https:\/\/chagfordpool.co.uk\/pl\/lokalne-aplikacje-randkowe\/#primaryimage\"},\"datePublished\":\"2022-07-26T11:09:29+00:00\",\"dateModified\":\"2022-07-26T11:09:29+00:00\",\"breadcrumb\":{\"@id\":\"https:\/\/chagfordpool.co.uk\/pl\/lokalne-aplikacje-randkowe\/#breadcrumb\"},\"inLanguage\":\"pl-PL\",\"potentialAction\":[{\"@type\":\"ReadAction\",\"target\":[\"https:\/\/chagfordpool.co.uk\/pl\/lokalne-aplikacje-randkowe\/\"]}]},{\"@type\":\"BreadcrumbList\",\"@id\":\"https:\/\/chagfordpool.co.uk\/pl\/lokalne-aplikacje-randkowe\/#breadcrumb\",\"itemListElement\":[{\"@type\":\"ListItem\",\"position\":1,\"name\":\"Dom\",\"item\":\"https:\/\/chagfordpool.co.uk\/pl\/\"},{\"@type\":\"ListItem\",\"position\":2,\"name\":\"Lokalne aplikacje randkowe\"}]}]}<\/script>\n<!-- \/ Yoast SEO plugin. -->","yoast_head_json":{"title":"- Recenzje Chag Lokalne aplikacje randkowe","robots":{"index":"index","follow":"follow","max-snippet":"max-snippet:-1","max-image-preview":"max-image-preview:large","max-video-preview":"max-video-preview:-1"},"canonical":"https:\/\/chagfordpool.co.uk\/pl\/lokalne-aplikacje-randkowe\/","og_locale":"pl_PL","og_type":"article","og_title":"- Recenzje Chag Lokalne aplikacje randkowe","og_description":"Hookupy to przypadkowe spotkania seksualne, kt\u00f3re zwykle zdarzaj\u0105 si\u0119 poza zaanga\u017cowanymi zwi\u0105zkami. Chocia\u017c pod\u0142\u0105czenia nie zawsze s\u0105 negatywnymi do\u015bwiadczeniami, mog\u0105 prowadzi\u0107 do uczucia \u017calu i [...]","og_url":"https:\/\/chagfordpool.co.uk\/pl\/lokalne-aplikacje-randkowe\/","og_site_name":"Recenzje Chag","og_image":[{"width":1125,"height":750,"url":"https:\/\/chagfordpool.co.uk\/wp-content\/uploads\/2022\/07\/real-sex-apps.webp","type":"image\/webp"}],"author":"Expert Reviews","twitter_card":"summary_large_image","twitter_misc":{"Szacowany czas czytania":"3 minuty"},"schema":{"@context":"https:\/\/schema.org","@graph":[{"@type":"WebSite","@id":"https:\/\/chagfordpool.co.uk\/#website","url":"https:\/\/chagfordpool.co.uk\/","name":"Recenzje Chag","description":"Lokalne aplikacje do pod\u0142\u0105czania","potentialAction":[{"@type":"SearchAction","target":{"@type":"EntryPoint","urlTemplate":"https:\/\/chagfordpool.co.uk\/?s={search_term_string}"},"query-input":"required name=search_term_string"}],"inLanguage":"pl-PL"},{"@type":"ImageObject","inLanguage":"pl-PL","@id":"https:\/\/chagfordpool.co.uk\/pl\/lokalne-aplikacje-randkowe\/#primaryimage","url":"https:\/\/chagfordpool.co.uk\/wp-content\/uploads\/2022\/07\/real-sex-apps.webp","contentUrl":"https:\/\/chagfordpool.co.uk\/wp-content\/uploads\/2022\/07\/real-sex-apps.webp","width":1125,"height":750},{"@type":"WebPage","@id":"https:\/\/chagfordpool.co.uk\/pl\/lokalne-aplikacje-randkowe\/#webpage","url":"https:\/\/chagfordpool.co.uk\/pl\/lokalne-aplikacje-randkowe\/","name":"- Recenzje Chag Lokalne aplikacje randkowe","isPartOf":{"@id":"https:\/\/chagfordpool.co.uk\/#website"},"primaryImageOfPage":{"@id":"https:\/\/chagfordpool.co.uk\/pl\/lokalne-aplikacje-randkowe\/#primaryimage"},"datePublished":"2022-07-26T11:09:29+00:00","dateModified":"2022-07-26T11:09:29+00:00","breadcrumb":{"@id":"https:\/\/chagfordpool.co.uk\/pl\/lokalne-aplikacje-randkowe\/#breadcrumb"},"inLanguage":"pl-PL","potentialAction":[{"@type":"ReadAction","target":["https:\/\/chagfordpool.co.uk\/pl\/lokalne-aplikacje-randkowe\/"]}]},{"@type":"BreadcrumbList","@id":"https:\/\/chagfordpool.co.uk\/pl\/lokalne-aplikacje-randkowe\/#breadcrumb","itemListElement":[{"@type":"ListItem","position":1,"name":"Dom","item":"https:\/\/chagfordpool.co.uk\/pl\/"},{"@type":"ListItem","position":2,"name":"Lokalne aplikacje randkowe"}]}]}},"_links":{"self":[{"href":"https:\/\/chagfordpool.co.uk\/pl\/wp-json\/wp\/v2\/pages\/186"}],"collection":[{"href":"https:\/\/chagfordpool.co.uk\/pl\/wp-json\/wp\/v2\/pages"}],"about":[{"href":"https:\/\/chagfordpool.co.uk\/pl\/wp-json\/wp\/v2\/types\/page"}],"author":[{"embeddable":true,"href":"https:\/\/chagfordpool.co.uk\/pl\/wp-json\/wp\/v2\/users\/1"}],"replies":[{"embeddable":true,"href":"https:\/\/chagfordpool.co.uk\/pl\/wp-json\/wp\/v2\/comments?post=186"}],"version-history":[{"count":0,"href":"https:\/\/chagfordpool.co.uk\/pl\/wp-json\/wp\/v2\/pages\/186\/revisions"}],"wp:featuredmedia":[{"embeddable":true,"href":"https:\/\/chagfordpool.co.uk\/pl\/wp-json\/wp\/v2\/media\/112"}],"wp:attachment":[{"href":"https:\/\/chagfordpool.co.uk\/pl\/wp-json\/wp\/v2\/media?parent=186"}],"curies":[{"name":"wp","href":"https:\/\/api.w.org\/{rel}","templated":true}]}}