{"id":195,"date":"2022-07-26T11:54:57","date_gmt":"2022-07-26T10:54:57","guid":{"rendered":"http:\/\/chagfordpool.co.uk\/strony-internetowe-sexting-dla-doroslych\/"},"modified":"2022-07-26T11:54:57","modified_gmt":"2022-07-26T10:54:57","slug":"strony-internetowe-sexting-dla-doroslych","status":"publish","type":"page","link":"https:\/\/chagfordpool.co.uk\/pl\/strony-internetowe-sexting-dla-doroslych\/","title":{"rendered":"Strony internetowe Sexting dla doros\u0142ych"},"content":{"rendered":"<p>Napalone wiadomo\u015bci to \u015bwietny spos\u00f3b, aby da\u0107 komu\u015b zna\u0107, \u017ce jeste\u015b do niego przyci\u0105gany. Niezale\u017cnie od tego, czy wysy\u0142asz <a href=\"http:\/\/chagfordpool.co.uk\/pl\/najlepsze-sposoby-korzystania-z-podlaczen-na-swoja-korzysc\/\">seksown\u0105 wiadomo\u015b\u0107 tekstow\u0105<\/a> , czy publikujesz swoje zdj\u0119cie w Internecie, napalone wiadomo\u015bci s\u0105 zabawnym sposobem wyra\u017cania zainteresowania kim\u015b innym.<\/p>\n<p>Istniej\u0105 dwa g\u0142\u00f3wne rodzaje napalonych wiadomo\u015bci: te, kt\u00f3re maj\u0105 by\u0107 zabawne i te, kt\u00f3re maj\u0105 flirtowa\u0107. \u015amieszne napalone wiadomo\u015bci s\u0105 zwykle u\u017cywane do wyra\u017cania uczu\u0107 lub humoru wobec innej osoby. Zalotne napalone wiadomo\u015bci s\u0105 zwykle u\u017cywane do przyci\u0105gania uwagi lub dokuczania komu\u015b.<\/p>\n<h2>Wymieniaj niegrzeczne wiadomo\u015bci<\/h2>\n<p>\u015amieszne napalone wiadomo\u015bci mog\u0105 by\u0107 wysy\u0142ane za po\u015brednictwem aplikacji do przesy\u0142ania wiadomo\u015bci tekstowych, takich jak WhatsApp, Facebook Messenger, Kik, Viber, Line, WeChat itp., Lub za po\u015brednictwem sieci spo\u0142eczno\u015bciowych, takich jak Instagram, Twitter, Snapchat, Tumblr, Reddit itp. Flirtuj\u0105ce napalone wiadomo\u015bci mog\u0105 by\u0107 wysy\u0142ane za po\u015brednictwem komunikator\u00f3w internetowych, takich jak Skype, Whatsapp, Facebook Messenger, LINE, Viber itp., Lub za po\u015brednictwem innych sieci spo\u0142eczno\u015bciowych, takich jak Instagram, Pinterest, Tumblr, Reddit, Twitter itp.<\/p>\n<p>Wa\u017cne jest, aby pami\u0119ta\u0107, \u017ce napalone wiadomo\u015bci nie zawsze s\u0105 odpowiednie.<\/p>\n<p>Oto kilka wskaz\u00f3wek, kt\u00f3re nale\u017cy wzi\u0105\u0107 pod uwag\u0119 przy wyborze odpowiedniej platformy i wysy\u0142aniu odpowiedniego rodzaju napalonej wiadomo\u015bci:<\/p>\n<ul>\n<li>Wybierz odpowiedni\u0105 platform\u0119: Istnieje <a href=\"http:\/\/chagfordpool.co.uk\/pl\/najlepsze-sposoby-na-poznanie-podobnie-myslacych-singli\/\">wiele platform<\/a> , na kt\u00f3rych mo\u017cesz wysy\u0142a\u0107 napalone wiadomo\u015bci. Je\u015bli jednak wybierzesz niew\u0142a\u015bciw\u0105 platform\u0119, mo\u017cesz zosta\u0107 zg\u0142oszony lub zablokowany. Na przyk\u0142ad wysy\u0142anie niegrzecznych zdj\u0119\u0107 lub film\u00f3w przez WhatsApp mo\u017ce spowodowa\u0107 zawieszenie konta. Podobnie wysy\u0142anie brudnych SMS-\u00f3w przez Instagram mo\u017ce spowodowa\u0107 zablokowanie konta.<\/li>\n<li>Wysy\u0142aj odpowiedni rodzaj napalonego tekstu: Wysy\u0142aj\u0105c napalone wiadomo\u015bci, wa\u017cne jest, aby zrozumie\u0107 r\u00f3\u017cnic\u0119 mi\u0119dzy flirtowaniem a \u017cartowaniem. Podczas gdy oba rodzaje wiadomo\u015bci mog\u0105 by\u0107 zabawne, wysy\u0142anie \u017cart\u00f3w mo\u017ce wp\u0119dzi\u0107 Ci\u0119 w k\u0142opoty. Na przyk\u0142ad wysy\u0142anie \u017cart\u00f3w seksualnych mo\u017ce spowodowa\u0107 zg\u0142oszenie lub zablokowanie.<\/li>\n<\/ul>\n<p>Tak wi\u0119c, chocia\u017c wysy\u0142anie napalonych wiadomo\u015bci mo\u017ce by\u0107 zabawne, wa\u017cne jest, aby uwa\u017ca\u0107 na to, do kogo je wysy\u0142asz i jakie wiadomo\u015bci wysy\u0142asz.<\/p>\n<h2>Rodzaje stron z pod\u0142\u0105czeniami<\/h2>\n<p>Hookupy to przypadkowe spotkania mi\u0119dzy dwojgiem ludzi, kt\u00f3rzy niekoniecznie szukaj\u0105 niczego na d\u0142u\u017csz\u0105 met\u0119. Podczas gdy po\u0142\u0105czenia mog\u0105 prowadzi\u0107 do zwi\u0105zk\u00f3w, zwykle maj\u0105 by\u0107 po prostu zabawnymi do\u015bwiadczeniami.<\/p>\n<p>Istnieje kilka r\u00f3\u017cnych rodzaj\u00f3w po\u0142\u0105cze\u0144, w tym przygodny seks, tr\u00f3jki i seks grupowy. Przypadkowy seks jest zazwyczaj definiowany jako stosunek seksualny z kim\u015b, kto nie jest romantycznie z tob\u0105 zwi\u0105zany. Tr\u00f3jki s\u0105 podobne do przypadkowego seksu, z tym wyj\u0105tkiem, \u017ce obaj uczestnicy s\u0105 ze sob\u0105 seksualnie zwi\u0105zani. Seks grupowy anga\u017cuje wielu partner\u00f3w i chocia\u017c mo\u017ce by\u0107 za obop\u00f3ln\u0105 zgod\u0105, jest cz\u0119sto u\u017cywany jako forma prostytucji.<\/p>\n<p>Aby unikn\u0105\u0107 tych problem\u00f3w, spr\u00f3buj spotka\u0107 si\u0119 z potencjalnymi po\u0142\u0105czeniami online, a nie osobi\u015bcie. Internetowe serwisy randkowe, takie jak Tinder i OkCupid, oferuj\u0105 wiele mo\u017cliwo\u015bci nawi\u0105zania kontaktu z lud\u017ami, kt\u00f3rzy maj\u0105 wsp\u00f3lne zainteresowania. Po znalezieniu kogo\u015b, kogo chcesz pozna\u0107, um\u00f3w si\u0119 na spotkanie. Upewnij si\u0119, \u017ce wcze\u015bniej jasno komunikujesz si\u0119 o granicach i oczekiwaniach oraz uzgodnij bezpieczne s\u0142owo lub fraz\u0119, kt\u00f3rej mo\u017cesz u\u017cy\u0107, aby poinformowa\u0107 partnera, \u017ce nie czujesz si\u0119 komfortowo w pewnych sytuacjach.<\/p>\n","protected":false},"excerpt":{"rendered":"<p>Napalone wiadomo\u015bci to \u015bwietny spos\u00f3b, aby da\u0107 komu\u015b zna\u0107, \u017ce jeste\u015b do niego przyci\u0105gany. Niezale\u017cnie od tego, czy wysy\u0142asz seksown\u0105 wiadomo\u015b\u0107 tekstow\u0105 , czy publikujesz [&#8230;]<\/p>\n","protected":false},"author":1,"featured_media":152,"parent":0,"menu_order":0,"comment_status":"closed","ping_status":"closed","template":"","meta":[],"yoast_head":"<!-- This site is optimized with the Yoast SEO plugin v19.2 - https:\/\/yoast.com\/wordpress\/plugins\/seo\/ -->\n<title>- Recenzje Chag Strony internetowe Sexting dla doros\u0142ych<\/title>\n<meta name=\"robots\" content=\"index, follow, max-snippet:-1, max-image-preview:large, max-video-preview:-1\" \/>\n<link rel=\"canonical\" href=\"https:\/\/chagfordpool.co.uk\/pl\/strony-internetowe-sexting-dla-doroslych\/\" \/>\n<meta property=\"og:locale\" content=\"pl_PL\" \/>\n<meta property=\"og:type\" content=\"article\" \/>\n<meta property=\"og:title\" content=\"- Recenzje Chag Strony internetowe Sexting dla doros\u0142ych\" \/>\n<meta property=\"og:description\" content=\"Napalone wiadomo\u015bci to \u015bwietny spos\u00f3b, aby da\u0107 komu\u015b zna\u0107, \u017ce jeste\u015b do niego przyci\u0105gany. Niezale\u017cnie od tego, czy wysy\u0142asz seksown\u0105 wiadomo\u015b\u0107 tekstow\u0105 , czy publikujesz [...]\" \/>\n<meta property=\"og:url\" content=\"https:\/\/chagfordpool.co.uk\/pl\/strony-internetowe-sexting-dla-doroslych\/\" \/>\n<meta property=\"og:site_name\" content=\"Recenzje Chag\" \/>\n<meta property=\"og:image\" content=\"http:\/\/chagfordpool.co.uk\/wp-content\/uploads\/2022\/07\/online-hookup-meet-in-person.jpeg\" \/>\n\t<meta property=\"og:image:width\" content=\"500\" \/>\n\t<meta property=\"og:image:height\" content=\"333\" \/>\n\t<meta property=\"og:image:type\" content=\"image\/jpeg\" \/>\n<meta name=\"author\" content=\"Expert Reviews\" \/>\n<meta name=\"twitter:card\" content=\"summary_large_image\" \/>\n<meta name=\"twitter:label1\" content=\"Szacowany czas czytania\" \/>\n\t<meta name=\"twitter:data1\" content=\"3 minuty\" \/>\n<script type=\"application\/ld+json\" class=\"yoast-schema-graph\">{\"@context\":\"https:\/\/schema.org\",\"@graph\":[{\"@type\":\"WebSite\",\"@id\":\"https:\/\/chagfordpool.co.uk\/#website\",\"url\":\"https:\/\/chagfordpool.co.uk\/\",\"name\":\"Recenzje Chag\",\"description\":\"Lokalne aplikacje do pod\u0142\u0105czania\",\"potentialAction\":[{\"@type\":\"SearchAction\",\"target\":{\"@type\":\"EntryPoint\",\"urlTemplate\":\"https:\/\/chagfordpool.co.uk\/?s={search_term_string}\"},\"query-input\":\"required name=search_term_string\"}],\"inLanguage\":\"pl-PL\"},{\"@type\":\"ImageObject\",\"inLanguage\":\"pl-PL\",\"@id\":\"https:\/\/chagfordpool.co.uk\/pl\/strony-internetowe-sexting-dla-doroslych\/#primaryimage\",\"url\":\"https:\/\/chagfordpool.co.uk\/wp-content\/uploads\/2022\/07\/online-hookup-meet-in-person.jpeg\",\"contentUrl\":\"https:\/\/chagfordpool.co.uk\/wp-content\/uploads\/2022\/07\/online-hookup-meet-in-person.jpeg\",\"width\":500,\"height\":333},{\"@type\":\"WebPage\",\"@id\":\"https:\/\/chagfordpool.co.uk\/pl\/strony-internetowe-sexting-dla-doroslych\/#webpage\",\"url\":\"https:\/\/chagfordpool.co.uk\/pl\/strony-internetowe-sexting-dla-doroslych\/\",\"name\":\"- Recenzje Chag Strony internetowe Sexting dla doros\u0142ych\",\"isPartOf\":{\"@id\":\"https:\/\/chagfordpool.co.uk\/#website\"},\"primaryImageOfPage\":{\"@id\":\"https:\/\/chagfordpool.co.uk\/pl\/strony-internetowe-sexting-dla-doroslych\/#primaryimage\"},\"datePublished\":\"2022-07-26T10:54:57+00:00\",\"dateModified\":\"2022-07-26T10:54:57+00:00\",\"breadcrumb\":{\"@id\":\"https:\/\/chagfordpool.co.uk\/pl\/strony-internetowe-sexting-dla-doroslych\/#breadcrumb\"},\"inLanguage\":\"pl-PL\",\"potentialAction\":[{\"@type\":\"ReadAction\",\"target\":[\"https:\/\/chagfordpool.co.uk\/pl\/strony-internetowe-sexting-dla-doroslych\/\"]}]},{\"@type\":\"BreadcrumbList\",\"@id\":\"https:\/\/chagfordpool.co.uk\/pl\/strony-internetowe-sexting-dla-doroslych\/#breadcrumb\",\"itemListElement\":[{\"@type\":\"ListItem\",\"position\":1,\"name\":\"Dom\",\"item\":\"https:\/\/chagfordpool.co.uk\/pl\/\"},{\"@type\":\"ListItem\",\"position\":2,\"name\":\"Strony internetowe Sexting dla doros\u0142ych\"}]}]}<\/script>\n<!-- \/ Yoast SEO plugin. -->","yoast_head_json":{"title":"- Recenzje Chag Strony internetowe Sexting dla doros\u0142ych","robots":{"index":"index","follow":"follow","max-snippet":"max-snippet:-1","max-image-preview":"max-image-preview:large","max-video-preview":"max-video-preview:-1"},"canonical":"https:\/\/chagfordpool.co.uk\/pl\/strony-internetowe-sexting-dla-doroslych\/","og_locale":"pl_PL","og_type":"article","og_title":"- Recenzje Chag Strony internetowe Sexting dla doros\u0142ych","og_description":"Napalone wiadomo\u015bci to \u015bwietny spos\u00f3b, aby da\u0107 komu\u015b zna\u0107, \u017ce jeste\u015b do niego przyci\u0105gany. Niezale\u017cnie od tego, czy wysy\u0142asz seksown\u0105 wiadomo\u015b\u0107 tekstow\u0105 , czy publikujesz [...]","og_url":"https:\/\/chagfordpool.co.uk\/pl\/strony-internetowe-sexting-dla-doroslych\/","og_site_name":"Recenzje Chag","og_image":[{"width":500,"height":333,"url":"http:\/\/chagfordpool.co.uk\/wp-content\/uploads\/2022\/07\/online-hookup-meet-in-person.jpeg","type":"image\/jpeg"}],"author":"Expert Reviews","twitter_card":"summary_large_image","twitter_misc":{"Szacowany czas czytania":"3 minuty"},"schema":{"@context":"https:\/\/schema.org","@graph":[{"@type":"WebSite","@id":"https:\/\/chagfordpool.co.uk\/#website","url":"https:\/\/chagfordpool.co.uk\/","name":"Recenzje Chag","description":"Lokalne aplikacje do pod\u0142\u0105czania","potentialAction":[{"@type":"SearchAction","target":{"@type":"EntryPoint","urlTemplate":"https:\/\/chagfordpool.co.uk\/?s={search_term_string}"},"query-input":"required name=search_term_string"}],"inLanguage":"pl-PL"},{"@type":"ImageObject","inLanguage":"pl-PL","@id":"https:\/\/chagfordpool.co.uk\/pl\/strony-internetowe-sexting-dla-doroslych\/#primaryimage","url":"https:\/\/chagfordpool.co.uk\/wp-content\/uploads\/2022\/07\/online-hookup-meet-in-person.jpeg","contentUrl":"https:\/\/chagfordpool.co.uk\/wp-content\/uploads\/2022\/07\/online-hookup-meet-in-person.jpeg","width":500,"height":333},{"@type":"WebPage","@id":"https:\/\/chagfordpool.co.uk\/pl\/strony-internetowe-sexting-dla-doroslych\/#webpage","url":"https:\/\/chagfordpool.co.uk\/pl\/strony-internetowe-sexting-dla-doroslych\/","name":"- Recenzje Chag Strony internetowe Sexting dla doros\u0142ych","isPartOf":{"@id":"https:\/\/chagfordpool.co.uk\/#website"},"primaryImageOfPage":{"@id":"https:\/\/chagfordpool.co.uk\/pl\/strony-internetowe-sexting-dla-doroslych\/#primaryimage"},"datePublished":"2022-07-26T10:54:57+00:00","dateModified":"2022-07-26T10:54:57+00:00","breadcrumb":{"@id":"https:\/\/chagfordpool.co.uk\/pl\/strony-internetowe-sexting-dla-doroslych\/#breadcrumb"},"inLanguage":"pl-PL","potentialAction":[{"@type":"ReadAction","target":["https:\/\/chagfordpool.co.uk\/pl\/strony-internetowe-sexting-dla-doroslych\/"]}]},{"@type":"BreadcrumbList","@id":"https:\/\/chagfordpool.co.uk\/pl\/strony-internetowe-sexting-dla-doroslych\/#breadcrumb","itemListElement":[{"@type":"ListItem","position":1,"name":"Dom","item":"https:\/\/chagfordpool.co.uk\/pl\/"},{"@type":"ListItem","position":2,"name":"Strony internetowe Sexting dla doros\u0142ych"}]}]}},"_links":{"self":[{"href":"https:\/\/chagfordpool.co.uk\/pl\/wp-json\/wp\/v2\/pages\/195"}],"collection":[{"href":"https:\/\/chagfordpool.co.uk\/pl\/wp-json\/wp\/v2\/pages"}],"about":[{"href":"https:\/\/chagfordpool.co.uk\/pl\/wp-json\/wp\/v2\/types\/page"}],"author":[{"embeddable":true,"href":"https:\/\/chagfordpool.co.uk\/pl\/wp-json\/wp\/v2\/users\/1"}],"replies":[{"embeddable":true,"href":"https:\/\/chagfordpool.co.uk\/pl\/wp-json\/wp\/v2\/comments?post=195"}],"version-history":[{"count":0,"href":"https:\/\/chagfordpool.co.uk\/pl\/wp-json\/wp\/v2\/pages\/195\/revisions"}],"wp:featuredmedia":[{"embeddable":true,"href":"https:\/\/chagfordpool.co.uk\/pl\/wp-json\/wp\/v2\/media\/152"}],"wp:attachment":[{"href":"https:\/\/chagfordpool.co.uk\/pl\/wp-json\/wp\/v2\/media?parent=195"}],"curies":[{"name":"wp","href":"https:\/\/api.w.org\/{rel}","templated":true}]}}