{"id":197,"date":"2022-07-26T11:54:12","date_gmt":"2022-07-26T10:54:12","guid":{"rendered":"http:\/\/chagfordpool.co.uk\/najlepsze-sposoby-na-poznanie-podobnie-myslacych-singli\/"},"modified":"2022-07-26T11:54:12","modified_gmt":"2022-07-26T10:54:12","slug":"najlepsze-sposoby-na-poznanie-podobnie-myslacych-singli","status":"publish","type":"page","link":"https:\/\/chagfordpool.co.uk\/pl\/najlepsze-sposoby-na-poznanie-podobnie-myslacych-singli\/","title":{"rendered":"Najlepsze sposoby na poznanie podobnie my\u015bl\u0105cych singli"},"content":{"rendered":"<p>Hookupy to zabawne, przypadkowe spotkania mi\u0119dzy <a href=\"http:\/\/chagfordpool.co.uk\/pl\/jak-dowiedziec-sie-czy-cie-chce\/\">dwoma nieznajomymi<\/a> , kt\u00f3rzy spotykaj\u0105 si\u0119 online lub offline. Istnieje wiele witryn, kt\u00f3re obs\u0142uguj\u0105 specjalnie po\u0142\u0105czenia, w tym Tinder, OkCupid, PlentyOfFish i Match.com. Witryny te umo\u017cliwiaj\u0105 u\u017cytkownikom przegl\u0105danie profili na podstawie lokalizacji, wieku, p\u0142ci, zainteresowa\u0144 i innych kryteri\u00f3w. Gdy kto\u015b znajdzie osob\u0119, z kt\u00f3r\u0105 chcia\u0142by porozmawia\u0107, mo\u017ce wys\u0142a\u0107 wiadomo\u015b\u0107 lub poprosi\u0107 o spotkanie twarz\u0105 w twarz.<\/p>\n<p>Podczas gdy niekt\u00f3re aplikacje do pod\u0142\u0105czania s\u0105 nastawione na d\u0142ugoterminowe relacje, inne s\u0105 przeznaczone wy\u0142\u0105cznie do szybkich lot\u00f3w. Niekt\u00f3rzy ludzie wol\u0105 ca\u0142kowicie unika\u0107 zaanga\u017cowania, podczas gdy inni lubi\u0105 mie\u0107 wielu partner\u00f3w w ci\u0105gu nocy. Niezale\u017cnie od rodzaju relacji, kt\u00f3rej szukasz, znalezienie partnera nie powinno by\u0107 trudne. Pami\u0119taj tylko, aby by\u0107 bezpiecznym i przestrzega\u0107 zdroworozs\u0105dkowych zasad.<\/p>\n<h2>Jak spotka\u0107 lokalne kobiety na seks<\/h2>\n<p>Nie jest tajemnic\u0105, \u017ce kobiety szukaj\u0105 m\u0119\u017cczyzn, kt\u00f3rzy s\u0105 pewni siebie, odnosz\u0105 sukcesy i s\u0105 ambitni. Tak wi\u0119c, je\u015bli pr\u00f3bujesz przyci\u0105gn\u0105\u0107 kobiety online, musisz przekaza\u0107 te cechy.<\/p>\n<p>Na pocz\u0105tek napisz o sobie w pozytywnym \u015bwietle. Nie m\u00f3w tylko o swoich osi\u0105gni\u0119ciach; porozmawiaj o tym, jak pokona\u0142e\u015b przeszkody i osi\u0105gn\u0105\u0142e\u015b sukces. Nie zapomnij te\u017c wspomnie\u0107, \u017ce jeste\u015b obecnie singlem. Kobiety uwielbiaj\u0105 s\u0142ucha\u0107 historii o innych ludziach, kt\u00f3rzy d\u0105\u017c\u0105 do tego, czego chc\u0105, i doceni\u0105 \u015bwiadomo\u015b\u0107, \u017ce robisz to samo.<\/p>\n<p>Nast\u0119pnie skup si\u0119 na swoich mocnych stronach. Jakie umiej\u0119tno\u015bci posiadasz, kt\u00f3re odr\u00f3\u017cniaj\u0105 Ci\u0119 od innych? Napisz o swoich pasjach i hobby oraz podziel si\u0119 szczeg\u00f3\u0142ami na temat swoich zainteresowa\u0144. Kiedy opisujesz siebie w kategoriach swojej osobowo\u015bci, wyr\u00f3\u017cnisz si\u0119 z t\u0142umu.<\/p>\n<p>Na koniec porozmawiaj o swoich celach. Powiedz jej, co chcia\u0142by\u015b osi\u0105gn\u0105\u0107 w \u017cyciu i wyja\u015bnij, w jaki spos\u00f3b mo\u017ce ci pom\u00f3c to osi\u0105gn\u0105\u0107. Pami\u0119taj, aby podkre\u015bli\u0107 swoje ambicje i marzenia oraz unika\u0107 m\u00f3wienia o pieni\u0105dzach. Zamiast tego skup si\u0119 na przysz\u0142o\u015bci i na tym, ile zabawy b\u0119dziesz mia\u0142 razem.<\/p>\n<p>Post\u0119puj\u0105c zgodnie z tymi wskaz\u00f3wkami, b\u0119dziesz m\u00f3g\u0142 utworzy\u0107 profil, kt\u00f3ry wyr\u00f3\u017cnia si\u0119 na tle innych. A kiedy to zrobisz, b\u0119dziesz m\u00f3g\u0142 po\u0142\u0105czy\u0107 si\u0119 z wi\u0119ksz\u0105 liczb\u0105 kobiet online.<\/p>\n<h3>Spotkaj si\u0119 z seksem<\/h3>\n<p>Meet for sex to wielka zaleta do\u0142\u0105czenia do <a href=\"http:\/\/chagfordpool.co.uk\/pl\/najlepsze-sposoby-korzystania-z-podlaczen-na-swoja-korzysc\/\">lokalnych aplikacji,<\/a> kt\u00f3re \u0142\u0105cz\u0105 m\u0119\u017cczyzn poszukuj\u0105cych przypadkowych spotka\u0144 z kobietami, kt\u00f3re szukaj\u0105 zabawy bez \u017cadnych zobowi\u0105za\u0144.<\/p>\n<p>\u0141atwo jest pozna\u0107 kogo\u015b nowego online, ale znalezienie partnera na randki w prawdziwym \u017cyciu mo\u017ce czasami wydawa\u0107 si\u0119 ig\u0142\u0105 w stogu siana.<\/p>\n<p>Z ponad 2 milionami cz\u0142onk\u00f3w na ca\u0142ym \u015bwiecie, te aplikacje do pod\u0142\u0105czania online oferuj\u0105 bezpieczn\u0105 i dyskretn\u0105 platform\u0119 do spotka\u0144 z innymi doros\u0142ymi w pobli\u017cu. Niezale\u017cnie od tego, czy szukasz przyja\u017ani, romansu, czy po prostu nocy nami\u0119tno\u015bci, jest to idealne miejsce, aby po\u0142\u0105czy\u0107 si\u0119 z innymi w pobli\u017cu.<\/p>\n<p>Aby do\u0142\u0105czy\u0107, zarejestruj si\u0119 za darmo ju\u017c dzi\u015b i przegl\u0105daj nasze profile atrakcyjnych mieszka\u0144c\u00f3w w Twojej okolicy. Nast\u0119pnie wysy\u0142aj wiadomo\u015bci do potencjalnych dopasowa\u0144 i umawiaj\u0105 si\u0119 na spotkanie twarz\u0105 w twarz.<\/p>\n","protected":false},"excerpt":{"rendered":"<p>Hookupy to zabawne, przypadkowe spotkania mi\u0119dzy dwoma nieznajomymi , kt\u00f3rzy spotykaj\u0105 si\u0119 online lub offline. Istnieje wiele witryn, kt\u00f3re obs\u0142uguj\u0105 specjalnie po\u0142\u0105czenia, w tym Tinder, [&#8230;]<\/p>\n","protected":false},"author":1,"featured_media":142,"parent":0,"menu_order":0,"comment_status":"closed","ping_status":"closed","template":"","meta":[],"yoast_head":"<!-- This site is optimized with the Yoast SEO plugin v19.2 - https:\/\/yoast.com\/wordpress\/plugins\/seo\/ -->\n<title>- Recenzje Chag Najlepsze sposoby na poznanie podobnie my\u015bl\u0105cych singli<\/title>\n<meta name=\"robots\" content=\"index, follow, max-snippet:-1, max-image-preview:large, max-video-preview:-1\" \/>\n<link rel=\"canonical\" href=\"https:\/\/chagfordpool.co.uk\/pl\/najlepsze-sposoby-na-poznanie-podobnie-myslacych-singli\/\" \/>\n<meta property=\"og:locale\" content=\"pl_PL\" \/>\n<meta property=\"og:type\" content=\"article\" \/>\n<meta property=\"og:title\" content=\"- Recenzje Chag Najlepsze sposoby na poznanie podobnie my\u015bl\u0105cych singli\" \/>\n<meta property=\"og:description\" content=\"Hookupy to zabawne, przypadkowe spotkania mi\u0119dzy dwoma nieznajomymi , kt\u00f3rzy spotykaj\u0105 si\u0119 online lub offline. Istnieje wiele witryn, kt\u00f3re obs\u0142uguj\u0105 specjalnie po\u0142\u0105czenia, w tym Tinder, [...]\" \/>\n<meta property=\"og:url\" content=\"https:\/\/chagfordpool.co.uk\/pl\/najlepsze-sposoby-na-poznanie-podobnie-myslacych-singli\/\" \/>\n<meta property=\"og:site_name\" content=\"Recenzje Chag\" \/>\n<meta property=\"og:image\" content=\"https:\/\/chagfordpool.co.uk\/wp-content\/uploads\/2022\/07\/singles.jpeg\" \/>\n\t<meta property=\"og:image:width\" content=\"1000\" \/>\n\t<meta property=\"og:image:height\" content=\"1500\" \/>\n\t<meta property=\"og:image:type\" content=\"image\/jpeg\" \/>\n<meta name=\"author\" content=\"Expert Reviews\" \/>\n<meta name=\"twitter:card\" content=\"summary_large_image\" \/>\n<meta name=\"twitter:label1\" content=\"Szacowany czas czytania\" \/>\n\t<meta name=\"twitter:data1\" content=\"3 minuty\" \/>\n<script type=\"application\/ld+json\" class=\"yoast-schema-graph\">{\"@context\":\"https:\/\/schema.org\",\"@graph\":[{\"@type\":\"WebSite\",\"@id\":\"https:\/\/chagfordpool.co.uk\/#website\",\"url\":\"https:\/\/chagfordpool.co.uk\/\",\"name\":\"Recenzje Chag\",\"description\":\"Lokalne aplikacje do pod\u0142\u0105czania\",\"potentialAction\":[{\"@type\":\"SearchAction\",\"target\":{\"@type\":\"EntryPoint\",\"urlTemplate\":\"https:\/\/chagfordpool.co.uk\/?s={search_term_string}\"},\"query-input\":\"required name=search_term_string\"}],\"inLanguage\":\"pl-PL\"},{\"@type\":\"ImageObject\",\"inLanguage\":\"pl-PL\",\"@id\":\"https:\/\/chagfordpool.co.uk\/pl\/najlepsze-sposoby-na-poznanie-podobnie-myslacych-singli\/#primaryimage\",\"url\":\"https:\/\/chagfordpool.co.uk\/wp-content\/uploads\/2022\/07\/singles.jpeg\",\"contentUrl\":\"https:\/\/chagfordpool.co.uk\/wp-content\/uploads\/2022\/07\/singles.jpeg\",\"width\":1000,\"height\":1500},{\"@type\":\"WebPage\",\"@id\":\"https:\/\/chagfordpool.co.uk\/pl\/najlepsze-sposoby-na-poznanie-podobnie-myslacych-singli\/#webpage\",\"url\":\"https:\/\/chagfordpool.co.uk\/pl\/najlepsze-sposoby-na-poznanie-podobnie-myslacych-singli\/\",\"name\":\"- Recenzje Chag Najlepsze sposoby na poznanie podobnie my\u015bl\u0105cych singli\",\"isPartOf\":{\"@id\":\"https:\/\/chagfordpool.co.uk\/#website\"},\"primaryImageOfPage\":{\"@id\":\"https:\/\/chagfordpool.co.uk\/pl\/najlepsze-sposoby-na-poznanie-podobnie-myslacych-singli\/#primaryimage\"},\"datePublished\":\"2022-07-26T10:54:12+00:00\",\"dateModified\":\"2022-07-26T10:54:12+00:00\",\"breadcrumb\":{\"@id\":\"https:\/\/chagfordpool.co.uk\/pl\/najlepsze-sposoby-na-poznanie-podobnie-myslacych-singli\/#breadcrumb\"},\"inLanguage\":\"pl-PL\",\"potentialAction\":[{\"@type\":\"ReadAction\",\"target\":[\"https:\/\/chagfordpool.co.uk\/pl\/najlepsze-sposoby-na-poznanie-podobnie-myslacych-singli\/\"]}]},{\"@type\":\"BreadcrumbList\",\"@id\":\"https:\/\/chagfordpool.co.uk\/pl\/najlepsze-sposoby-na-poznanie-podobnie-myslacych-singli\/#breadcrumb\",\"itemListElement\":[{\"@type\":\"ListItem\",\"position\":1,\"name\":\"Dom\",\"item\":\"https:\/\/chagfordpool.co.uk\/pl\/\"},{\"@type\":\"ListItem\",\"position\":2,\"name\":\"Najlepsze sposoby na poznanie podobnie my\u015bl\u0105cych singli\"}]}]}<\/script>\n<!-- \/ Yoast SEO plugin. -->","yoast_head_json":{"title":"- Recenzje Chag Najlepsze sposoby na poznanie podobnie my\u015bl\u0105cych singli","robots":{"index":"index","follow":"follow","max-snippet":"max-snippet:-1","max-image-preview":"max-image-preview:large","max-video-preview":"max-video-preview:-1"},"canonical":"https:\/\/chagfordpool.co.uk\/pl\/najlepsze-sposoby-na-poznanie-podobnie-myslacych-singli\/","og_locale":"pl_PL","og_type":"article","og_title":"- Recenzje Chag Najlepsze sposoby na poznanie podobnie my\u015bl\u0105cych singli","og_description":"Hookupy to zabawne, przypadkowe spotkania mi\u0119dzy dwoma nieznajomymi , kt\u00f3rzy spotykaj\u0105 si\u0119 online lub offline. Istnieje wiele witryn, kt\u00f3re obs\u0142uguj\u0105 specjalnie po\u0142\u0105czenia, w tym Tinder, [...]","og_url":"https:\/\/chagfordpool.co.uk\/pl\/najlepsze-sposoby-na-poznanie-podobnie-myslacych-singli\/","og_site_name":"Recenzje Chag","og_image":[{"width":1000,"height":1500,"url":"https:\/\/chagfordpool.co.uk\/wp-content\/uploads\/2022\/07\/singles.jpeg","type":"image\/jpeg"}],"author":"Expert Reviews","twitter_card":"summary_large_image","twitter_misc":{"Szacowany czas czytania":"3 minuty"},"schema":{"@context":"https:\/\/schema.org","@graph":[{"@type":"WebSite","@id":"https:\/\/chagfordpool.co.uk\/#website","url":"https:\/\/chagfordpool.co.uk\/","name":"Recenzje Chag","description":"Lokalne aplikacje do pod\u0142\u0105czania","potentialAction":[{"@type":"SearchAction","target":{"@type":"EntryPoint","urlTemplate":"https:\/\/chagfordpool.co.uk\/?s={search_term_string}"},"query-input":"required name=search_term_string"}],"inLanguage":"pl-PL"},{"@type":"ImageObject","inLanguage":"pl-PL","@id":"https:\/\/chagfordpool.co.uk\/pl\/najlepsze-sposoby-na-poznanie-podobnie-myslacych-singli\/#primaryimage","url":"https:\/\/chagfordpool.co.uk\/wp-content\/uploads\/2022\/07\/singles.jpeg","contentUrl":"https:\/\/chagfordpool.co.uk\/wp-content\/uploads\/2022\/07\/singles.jpeg","width":1000,"height":1500},{"@type":"WebPage","@id":"https:\/\/chagfordpool.co.uk\/pl\/najlepsze-sposoby-na-poznanie-podobnie-myslacych-singli\/#webpage","url":"https:\/\/chagfordpool.co.uk\/pl\/najlepsze-sposoby-na-poznanie-podobnie-myslacych-singli\/","name":"- Recenzje Chag Najlepsze sposoby na poznanie podobnie my\u015bl\u0105cych singli","isPartOf":{"@id":"https:\/\/chagfordpool.co.uk\/#website"},"primaryImageOfPage":{"@id":"https:\/\/chagfordpool.co.uk\/pl\/najlepsze-sposoby-na-poznanie-podobnie-myslacych-singli\/#primaryimage"},"datePublished":"2022-07-26T10:54:12+00:00","dateModified":"2022-07-26T10:54:12+00:00","breadcrumb":{"@id":"https:\/\/chagfordpool.co.uk\/pl\/najlepsze-sposoby-na-poznanie-podobnie-myslacych-singli\/#breadcrumb"},"inLanguage":"pl-PL","potentialAction":[{"@type":"ReadAction","target":["https:\/\/chagfordpool.co.uk\/pl\/najlepsze-sposoby-na-poznanie-podobnie-myslacych-singli\/"]}]},{"@type":"BreadcrumbList","@id":"https:\/\/chagfordpool.co.uk\/pl\/najlepsze-sposoby-na-poznanie-podobnie-myslacych-singli\/#breadcrumb","itemListElement":[{"@type":"ListItem","position":1,"name":"Dom","item":"https:\/\/chagfordpool.co.uk\/pl\/"},{"@type":"ListItem","position":2,"name":"Najlepsze sposoby na poznanie podobnie my\u015bl\u0105cych singli"}]}]}},"_links":{"self":[{"href":"https:\/\/chagfordpool.co.uk\/pl\/wp-json\/wp\/v2\/pages\/197"}],"collection":[{"href":"https:\/\/chagfordpool.co.uk\/pl\/wp-json\/wp\/v2\/pages"}],"about":[{"href":"https:\/\/chagfordpool.co.uk\/pl\/wp-json\/wp\/v2\/types\/page"}],"author":[{"embeddable":true,"href":"https:\/\/chagfordpool.co.uk\/pl\/wp-json\/wp\/v2\/users\/1"}],"replies":[{"embeddable":true,"href":"https:\/\/chagfordpool.co.uk\/pl\/wp-json\/wp\/v2\/comments?post=197"}],"version-history":[{"count":0,"href":"https:\/\/chagfordpool.co.uk\/pl\/wp-json\/wp\/v2\/pages\/197\/revisions"}],"wp:featuredmedia":[{"embeddable":true,"href":"https:\/\/chagfordpool.co.uk\/pl\/wp-json\/wp\/v2\/media\/142"}],"wp:attachment":[{"href":"https:\/\/chagfordpool.co.uk\/pl\/wp-json\/wp\/v2\/media?parent=197"}],"curies":[{"name":"wp","href":"https:\/\/api.w.org\/{rel}","templated":true}]}}