{"id":222,"date":"2022-07-26T12:33:19","date_gmt":"2022-07-26T11:33:19","guid":{"rendered":"http:\/\/chagfordpool.co.uk\/jaka-jest-roznica-miedzy-zwyklymi-aplikacjami-do-podlaczania-a-randkami-glownego-nurtu\/"},"modified":"2022-07-26T12:33:19","modified_gmt":"2022-07-26T11:33:19","slug":"jaka-jest-roznica-miedzy-zwyklymi-aplikacjami-do-podlaczania-a-randkami-glownego-nurtu","status":"publish","type":"page","link":"https:\/\/chagfordpool.co.uk\/pl\/jaka-jest-roznica-miedzy-zwyklymi-aplikacjami-do-podlaczania-a-randkami-glownego-nurtu\/","title":{"rendered":"Jaka jest r\u00f3\u017cnica mi\u0119dzy zwyk\u0142ymi aplikacjami do pod\u0142\u0105czania a randkami g\u0142\u00f3wnego nurtu"},"content":{"rendered":"<p>Je\u015bli szukasz dzi\u015b czego\u015b swobodnego, dobrym pomys\u0142em mo\u017ce by\u0107 skorzystanie z aplikacji lub strony internetowej. Istnieje wiele opcji, ale wa\u017cne jest, aby wiedzie\u0107, jak dzia\u0142a ka\u017cda z nich i na co zwr\u00f3ci\u0107 uwag\u0119 przy wyborze aplikacji randkowej lub strony internetowej.<\/p>\n<h2>Casual Hookup Sites vs. Randki<\/h2>\n<p>W dzisiejszych czasach wydaje si\u0119, \u017ce ka\u017cdy chce pozna\u0107 kogo\u015b nowego. Niezale\u017cnie od tego, czy szukasz powa\u017cnego zwi\u0105zku, zabawnego flirtu, czy po prostu chcesz urozmaici\u0107 swoje \u017cycie seksualne, istnieje wiele sposob\u00f3w na nawi\u0105zanie kontaktu z singlami w pobli\u017cu. Jednak wraz z rozwojem technologii mobilnej randki online sta\u0142y si\u0119 \u0142atwiejsze ni\u017c kiedykolwiek. Obecnie dost\u0119pne s\u0105 niezliczone opcje, w tym Tinder, Bumble, OkCupid, Match, Plenty Of Fish, Zoosk, a nawet Facebook.<\/p>\n<p>Wiele z tych witryn jest zaprojektowanych specjalnie do przypadkowych randek, <a href=\"http:\/\/chagfordpool.co.uk\/pl\/najlepsze-sposoby-na-poznanie-podobnie-myslacych-singli\/\">podczas gdy witryny z pod\u0142\u0105czeniami<\/a> s\u0105 przeznaczone dla os\u00f3b poszukuj\u0105cych kr\u00f3tkoterminowych zwi\u0105zk\u00f3w. Witryny te cz\u0119sto pozwalaj\u0105 ludziom przegl\u0105da\u0107 profile bez konieczno\u015bci p\u0142acenia czegokolwiek z g\u00f3ry, co czyni je idealnymi dla tych, kt\u00f3rzy chc\u0105 spr\u00f3bowa\u0107 czego\u015b nowego bez po\u015bwi\u0119cania zbyt du\u017cej ilo\u015bci pieni\u0119dzy. Opr\u00f3cz tego, \u017ce s\u0105 ca\u0142kowicie darmowe, przypadkowe serwisy randkowe zwykle dostarczaj\u0105 wielu informacji o potencjalnych dopasowaniach, takich jak miejsce zamieszkania, pracy i chodzenia do szko\u0142y. Pomaga to \u0142atwo sprawdzi\u0107, czy dobrze do siebie pasujecie.<\/p>\n<p>Z drugiej strony, strony z pod\u0142\u0105czeniami koncentruj\u0105 si\u0119 bardziej na atrakcyjno\u015bci fizycznej. Witryny te zazwyczaj wymagaj\u0105 p\u0142atno\u015bci z g\u00f3ry, ale daj\u0105 cz\u0142onkom dost\u0119p do mn\u00f3stwa dodatkowych funkcji. Na przyk\u0142ad mog\u0105 umo\u017cliwia\u0107 wy\u015bwietlanie zdj\u0119\u0107 osoby, z kt\u00f3r\u0105 rozmawiasz, wysy\u0142anie wirtualnych prezent\u00f3w i zadawanie pyta\u0144 dotycz\u0105cych jej osobowo\u015bci. Zazwyczaj zawieraj\u0105 r\u00f3wnie\u017c funkcj\u0119 przesy\u0142ania wiadomo\u015bci, umo\u017cliwiaj\u0105c\u0105 czatowanie z osob\u0105, z kt\u00f3r\u0105 zosta\u0142e\u015b dopasowany. Oczywi\u015bcie zar\u00f3wno zwyk\u0142e serwisy randkowe, jak i strony z pod\u0142\u0105czeniami s\u0105 \u015bwietnymi miejscami do rozpocz\u0119cia. Je\u015bli szukasz d\u0142ugotrwa\u0142ego zwi\u0105zku, prawdopodobnie b\u0119dziesz chcia\u0142 pozosta\u0107 przy tradycyjnym serwisie randkowym. Z drugiej strony, je\u015bli szukasz dodatkowych emocji, przypadkowe serwisy randkowe lub strony z pod\u0142\u0105czeniami mog\u0105 by\u0107 dok\u0142adnie tym, czego szukasz.<\/p>\n<h2>Trzy najwa\u017cniejsze powody, dla kt\u00f3rych warto wypr\u00f3bowa\u0107 zwyk\u0142e pod\u0142\u0105czenia<\/h2>\n<h3>Wygoda<\/h3>\n<p>Jedn\u0105 z g\u0142\u00f3wnych zalet randek online jest to, \u017ce pozwala spotka\u0107 potencjalnych partner\u00f3w w dowolnym miejscu. Nie musisz si\u0119 martwi\u0107, \u017ce zostaniesz odrzucony, poniewa\u017c nie chcesz zaryzykowa\u0107 na kim\u015b. Mo\u017cesz nawet spotka\u0107 ludzi z ca\u0142ego \u015bwiata. Aplikacje randkowe online pozwalaj\u0105 \u0142\u0105czy\u0107 si\u0119 z lud\u017ami, kt\u00f3rzy mieszkaj\u0105 daleko od Ciebie. Nie ma powodu, aby kiedykolwiek przegapi\u0107 dobr\u0105 okazj\u0119.<\/p>\n<h3>Prywatno\u015b\u0107<\/h3>\n<p>Internetowe serwisy randkowe u\u0142atwiaj\u0105 swobodne utrzymywanie rzeczy. Profile mo\u017cna przegl\u0105da\u0107 anonimowo. Tak d\u0142ugo, jak b\u0119dziesz ostro\u017cny co do tego, jakie informacje tam umie\u015bcisz, nie b\u0119dziesz musia\u0142 si\u0119 martwi\u0107, \u017ce zostaniesz oszukany. Nie chcesz sko\u0144czy\u0107 wydaj\u0105c pieni\u0119dzy na co\u015b, co nie jest nic warte. Randki online daj\u0105 Ci swobod\u0119 decydowania, czy chcesz ujawni\u0107 swoj\u0105 to\u017csamo\u015b\u0107.<\/p>\n<h3>Elastyczno\u015b\u0107<\/h3>\n<p>Mo\u017cesz ustawi\u0107 zasady swojej gry. Niezale\u017cnie od tego, czy zdecydujesz si\u0119 to zrobi\u0107 za po\u015brednictwem wiadomo\u015bci tekstowych, czy czat\u00f3w wideo, mo\u017cesz dok\u0142adnie kontrolowa\u0107, jak cz\u0119sto wchodzisz w interakcje z potencjalnymi dopasowaniami. Mo\u017cesz tak\u017ce ustawi\u0107 swoje preferencje na podstawie wieku, p\u0142ci, pochodzenia etnicznego, religii, orientacji seksualnej itp. Gdy wszystko b\u0119dzie gotowe, mo\u017cesz po prostu zmieni\u0107 ustawienia i ponownie zacz\u0105\u0107 wchodzi\u0107 w interakcje z lud\u017ami.<\/p>\n","protected":false},"excerpt":{"rendered":"<p>Je\u015bli szukasz dzi\u015b czego\u015b swobodnego, dobrym pomys\u0142em mo\u017ce by\u0107 skorzystanie z aplikacji lub strony internetowej. Istnieje wiele opcji, ale wa\u017cne jest, aby wiedzie\u0107, jak dzia\u0142a [&#8230;]<\/p>\n","protected":false},"author":1,"featured_media":0,"parent":0,"menu_order":0,"comment_status":"closed","ping_status":"closed","template":"","meta":[],"yoast_head":"<!-- This site is optimized with the Yoast SEO plugin v19.2 - https:\/\/yoast.com\/wordpress\/plugins\/seo\/ -->\n<title>- Recenzje Chag Jaka jest r\u00f3\u017cnica mi\u0119dzy zwyk\u0142ymi aplikacjami do pod\u0142\u0105czania a randkami g\u0142\u00f3wnego nurtu<\/title>\n<meta name=\"robots\" content=\"index, follow, max-snippet:-1, max-image-preview:large, max-video-preview:-1\" \/>\n<link rel=\"canonical\" href=\"https:\/\/chagfordpool.co.uk\/pl\/jaka-jest-roznica-miedzy-zwyklymi-aplikacjami-do-podlaczania-a-randkami-glownego-nurtu\/\" \/>\n<meta property=\"og:locale\" content=\"pl_PL\" \/>\n<meta property=\"og:type\" content=\"article\" \/>\n<meta property=\"og:title\" content=\"- Recenzje Chag Jaka jest r\u00f3\u017cnica mi\u0119dzy zwyk\u0142ymi aplikacjami do pod\u0142\u0105czania a randkami g\u0142\u00f3wnego nurtu\" \/>\n<meta property=\"og:description\" content=\"Je\u015bli szukasz dzi\u015b czego\u015b swobodnego, dobrym pomys\u0142em mo\u017ce by\u0107 skorzystanie z aplikacji lub strony internetowej. Istnieje wiele opcji, ale wa\u017cne jest, aby wiedzie\u0107, jak dzia\u0142a [...]\" \/>\n<meta property=\"og:url\" content=\"https:\/\/chagfordpool.co.uk\/pl\/jaka-jest-roznica-miedzy-zwyklymi-aplikacjami-do-podlaczania-a-randkami-glownego-nurtu\/\" \/>\n<meta property=\"og:site_name\" content=\"Recenzje Chag\" \/>\n<meta name=\"author\" content=\"Expert Reviews\" \/>\n<meta name=\"twitter:card\" content=\"summary_large_image\" \/>\n<meta name=\"twitter:label1\" content=\"Szacowany czas czytania\" \/>\n\t<meta name=\"twitter:data1\" content=\"3 minuty\" \/>\n<script type=\"application\/ld+json\" class=\"yoast-schema-graph\">{\"@context\":\"https:\/\/schema.org\",\"@graph\":[{\"@type\":\"WebSite\",\"@id\":\"https:\/\/chagfordpool.co.uk\/#website\",\"url\":\"https:\/\/chagfordpool.co.uk\/\",\"name\":\"Recenzje Chag\",\"description\":\"Lokalne aplikacje do pod\u0142\u0105czania\",\"potentialAction\":[{\"@type\":\"SearchAction\",\"target\":{\"@type\":\"EntryPoint\",\"urlTemplate\":\"https:\/\/chagfordpool.co.uk\/?s={search_term_string}\"},\"query-input\":\"required name=search_term_string\"}],\"inLanguage\":\"pl-PL\"},{\"@type\":\"WebPage\",\"@id\":\"https:\/\/chagfordpool.co.uk\/pl\/jaka-jest-roznica-miedzy-zwyklymi-aplikacjami-do-podlaczania-a-randkami-glownego-nurtu\/#webpage\",\"url\":\"https:\/\/chagfordpool.co.uk\/pl\/jaka-jest-roznica-miedzy-zwyklymi-aplikacjami-do-podlaczania-a-randkami-glownego-nurtu\/\",\"name\":\"- Recenzje Chag Jaka jest r\u00f3\u017cnica mi\u0119dzy zwyk\u0142ymi aplikacjami do pod\u0142\u0105czania a randkami g\u0142\u00f3wnego nurtu\",\"isPartOf\":{\"@id\":\"https:\/\/chagfordpool.co.uk\/#website\"},\"datePublished\":\"2022-07-26T11:33:19+00:00\",\"dateModified\":\"2022-07-26T11:33:19+00:00\",\"breadcrumb\":{\"@id\":\"https:\/\/chagfordpool.co.uk\/pl\/jaka-jest-roznica-miedzy-zwyklymi-aplikacjami-do-podlaczania-a-randkami-glownego-nurtu\/#breadcrumb\"},\"inLanguage\":\"pl-PL\",\"potentialAction\":[{\"@type\":\"ReadAction\",\"target\":[\"https:\/\/chagfordpool.co.uk\/pl\/jaka-jest-roznica-miedzy-zwyklymi-aplikacjami-do-podlaczania-a-randkami-glownego-nurtu\/\"]}]},{\"@type\":\"BreadcrumbList\",\"@id\":\"https:\/\/chagfordpool.co.uk\/pl\/jaka-jest-roznica-miedzy-zwyklymi-aplikacjami-do-podlaczania-a-randkami-glownego-nurtu\/#breadcrumb\",\"itemListElement\":[{\"@type\":\"ListItem\",\"position\":1,\"name\":\"Dom\",\"item\":\"https:\/\/chagfordpool.co.uk\/pl\/\"},{\"@type\":\"ListItem\",\"position\":2,\"name\":\"Jaka jest r\u00f3\u017cnica mi\u0119dzy zwyk\u0142ymi aplikacjami do pod\u0142\u0105czania a randkami g\u0142\u00f3wnego nurtu\"}]}]}<\/script>\n<!-- \/ Yoast SEO plugin. -->","yoast_head_json":{"title":"- Recenzje Chag Jaka jest r\u00f3\u017cnica mi\u0119dzy zwyk\u0142ymi aplikacjami do pod\u0142\u0105czania a randkami g\u0142\u00f3wnego nurtu","robots":{"index":"index","follow":"follow","max-snippet":"max-snippet:-1","max-image-preview":"max-image-preview:large","max-video-preview":"max-video-preview:-1"},"canonical":"https:\/\/chagfordpool.co.uk\/pl\/jaka-jest-roznica-miedzy-zwyklymi-aplikacjami-do-podlaczania-a-randkami-glownego-nurtu\/","og_locale":"pl_PL","og_type":"article","og_title":"- Recenzje Chag Jaka jest r\u00f3\u017cnica mi\u0119dzy zwyk\u0142ymi aplikacjami do pod\u0142\u0105czania a randkami g\u0142\u00f3wnego nurtu","og_description":"Je\u015bli szukasz dzi\u015b czego\u015b swobodnego, dobrym pomys\u0142em mo\u017ce by\u0107 skorzystanie z aplikacji lub strony internetowej. Istnieje wiele opcji, ale wa\u017cne jest, aby wiedzie\u0107, jak dzia\u0142a [...]","og_url":"https:\/\/chagfordpool.co.uk\/pl\/jaka-jest-roznica-miedzy-zwyklymi-aplikacjami-do-podlaczania-a-randkami-glownego-nurtu\/","og_site_name":"Recenzje Chag","author":"Expert Reviews","twitter_card":"summary_large_image","twitter_misc":{"Szacowany czas czytania":"3 minuty"},"schema":{"@context":"https:\/\/schema.org","@graph":[{"@type":"WebSite","@id":"https:\/\/chagfordpool.co.uk\/#website","url":"https:\/\/chagfordpool.co.uk\/","name":"Recenzje Chag","description":"Lokalne aplikacje do pod\u0142\u0105czania","potentialAction":[{"@type":"SearchAction","target":{"@type":"EntryPoint","urlTemplate":"https:\/\/chagfordpool.co.uk\/?s={search_term_string}"},"query-input":"required name=search_term_string"}],"inLanguage":"pl-PL"},{"@type":"WebPage","@id":"https:\/\/chagfordpool.co.uk\/pl\/jaka-jest-roznica-miedzy-zwyklymi-aplikacjami-do-podlaczania-a-randkami-glownego-nurtu\/#webpage","url":"https:\/\/chagfordpool.co.uk\/pl\/jaka-jest-roznica-miedzy-zwyklymi-aplikacjami-do-podlaczania-a-randkami-glownego-nurtu\/","name":"- Recenzje Chag Jaka jest r\u00f3\u017cnica mi\u0119dzy zwyk\u0142ymi aplikacjami do pod\u0142\u0105czania a randkami g\u0142\u00f3wnego nurtu","isPartOf":{"@id":"https:\/\/chagfordpool.co.uk\/#website"},"datePublished":"2022-07-26T11:33:19+00:00","dateModified":"2022-07-26T11:33:19+00:00","breadcrumb":{"@id":"https:\/\/chagfordpool.co.uk\/pl\/jaka-jest-roznica-miedzy-zwyklymi-aplikacjami-do-podlaczania-a-randkami-glownego-nurtu\/#breadcrumb"},"inLanguage":"pl-PL","potentialAction":[{"@type":"ReadAction","target":["https:\/\/chagfordpool.co.uk\/pl\/jaka-jest-roznica-miedzy-zwyklymi-aplikacjami-do-podlaczania-a-randkami-glownego-nurtu\/"]}]},{"@type":"BreadcrumbList","@id":"https:\/\/chagfordpool.co.uk\/pl\/jaka-jest-roznica-miedzy-zwyklymi-aplikacjami-do-podlaczania-a-randkami-glownego-nurtu\/#breadcrumb","itemListElement":[{"@type":"ListItem","position":1,"name":"Dom","item":"https:\/\/chagfordpool.co.uk\/pl\/"},{"@type":"ListItem","position":2,"name":"Jaka jest r\u00f3\u017cnica mi\u0119dzy zwyk\u0142ymi aplikacjami do pod\u0142\u0105czania a randkami g\u0142\u00f3wnego nurtu"}]}]}},"_links":{"self":[{"href":"https:\/\/chagfordpool.co.uk\/pl\/wp-json\/wp\/v2\/pages\/222"}],"collection":[{"href":"https:\/\/chagfordpool.co.uk\/pl\/wp-json\/wp\/v2\/pages"}],"about":[{"href":"https:\/\/chagfordpool.co.uk\/pl\/wp-json\/wp\/v2\/types\/page"}],"author":[{"embeddable":true,"href":"https:\/\/chagfordpool.co.uk\/pl\/wp-json\/wp\/v2\/users\/1"}],"replies":[{"embeddable":true,"href":"https:\/\/chagfordpool.co.uk\/pl\/wp-json\/wp\/v2\/comments?post=222"}],"version-history":[{"count":0,"href":"https:\/\/chagfordpool.co.uk\/pl\/wp-json\/wp\/v2\/pages\/222\/revisions"}],"wp:attachment":[{"href":"https:\/\/chagfordpool.co.uk\/pl\/wp-json\/wp\/v2\/media?parent=222"}],"curies":[{"name":"wp","href":"https:\/\/api.w.org\/{rel}","templated":true}]}}