{"id":232,"date":"2022-07-26T12:12:53","date_gmt":"2022-07-26T11:12:53","guid":{"rendered":"http:\/\/chagfordpool.co.uk\/najlepsze-sposoby-korzystania-z-podlaczen-na-swoja-korzysc\/"},"modified":"2022-07-26T12:12:53","modified_gmt":"2022-07-26T11:12:53","slug":"najlepsze-sposoby-korzystania-z-podlaczen-na-swoja-korzysc","status":"publish","type":"page","link":"https:\/\/chagfordpool.co.uk\/pl\/najlepsze-sposoby-korzystania-z-podlaczen-na-swoja-korzysc\/","title":{"rendered":"Najlepsze sposoby korzystania z pod\u0142\u0105cze\u0144 na swoj\u0105 korzy\u015b\u0107"},"content":{"rendered":"<p>Hookupy to <a href=\"http:\/\/chagfordpool.co.uk\/pl\/lokalne-aplikacje-randkowe\/\">przypadkowe spotkania<\/a> mi\u0119dzy dwojgiem ludzi, kt\u00f3rzy niekoniecznie s\u0105 romantycznie zaanga\u017cowani. Podczas gdy pod\u0142\u0105czenia s\u0105 powszechne w\u015br\u00f3d student\u00f3w, mog\u0105 si\u0119 r\u00f3wnie\u017c zdarzy\u0107 poza szko\u0142\u0105. Pod\u0142\u0105czenia s\u0105 zwykle sprawami kr\u00f3tkoterminowymi, trwaj\u0105cymi od godzin do dni.<\/p>\n<p>Podczas gdy pod\u0142\u0105czenia s\u0105 zabawne, mog\u0105 prowadzi\u0107 do problem\u00f3w w przysz\u0142o\u015bci. Na przyk\u0142ad po\u0142\u0105czenia mog\u0105 wywo\u0142ywa\u0107 uczucie zazdro\u015bci i niepewno\u015bci, zw\u0142aszcza je\u015bli obie strony nadal si\u0119 widz\u0105 po spotkaniu.<\/p>\n<p>Aby unikn\u0105\u0107 tych negatywnych emocji, spr\u00f3buj wcze\u015bnie ustali\u0107 granice. Powiedz swojemu partnerowi dok\u0142adnie, czego oczekujesz od zwi\u0105zku, a czego nie chcesz. Pami\u0119taj te\u017c, \u017ce po\u0142\u0105czenia s\u0105 tylko cz\u0119\u015bci\u0105 \u017cycia, wi\u0119c nie pozw\u00f3l, aby zrujnowa\u0142y twoje relacje z przyjaci\u00f3\u0142mi lub cz\u0142onkami rodziny.<\/p>\n<h2>Czy powiniene\u015b spotka\u0107 ludzi w swoim lokalnym are?<\/h2>\n<p>Istnieje wiele miejsc online, w kt\u00f3rych mo\u017cna spotka\u0107 kogo\u015b, kto chce si\u0119 pod\u0142\u0105czy\u0107. Ale znalezienie <a href=\"http:\/\/chagfordpool.co.uk\/pl\/jak-dowiedziec-sie-czy-cie-chce\/\">lokalnego dopasowania<\/a> mo\u017ce by\u0107 trudne. Dlatego op\u0142aca si\u0119 nauczy\u0107, jak odbiera\u0107 kobiety w barach i klubach.<\/p>\n<p>Z drugiej strony mo\u017cna zauwa\u017cy\u0107 kobiety, kt\u00f3re s\u0105 naprawd\u0119 zainteresowane spotkaniem z m\u0119\u017cczyznami. Zamiast sp\u0119dza\u0107 czas na rozmowach z przyjaci\u00f3\u0142mi lub sprawdzaniu ich telefon\u00f3w, koncentruj\u0105 si\u0119 na nawi\u0105zaniu kontaktu wzrokowego z potencjalnymi partnerami.<\/p>\n<p>Wi\u0119c nast\u0119pnym razem, gdy b\u0119dziesz poza domem, poszukaj znak\u00f3w, kt\u00f3re wskazuj\u0105, czy kto\u015b jest zainteresowany spotkaniem z kim\u015b innym. Kiedy zauwa\u017cysz, \u017ce kobieta uwa\u017cnie wpatruje si\u0119 w sw\u00f3j nap\u00f3j, mo\u017ce my\u015ble\u0107 o spotkaniu z kim\u015b. Albo je\u015bli facet stoi sam, mo\u017ce si\u0119 zastanawia\u0107, czy by\u0142by w stanie zdoby\u0107 szybki lay.<\/p>\n<p>Hookupy to przypadkowe spotkania mi\u0119dzy dwojgiem nieznajomych, kt\u00f3rzy spotykaj\u0105 si\u0119 online. Spotkania te zwykle odbywaj\u0105 si\u0119 za po\u015brednictwem aplikacji takich jak Tinder, Bumble, Grindr itp. i mog\u0105 prowadzi\u0107 do seksu. Po\u0142\u0105czenia s\u0105 popularne zar\u00f3wno w\u015br\u00f3d singli, jak i par, ale nie zawsze s\u0105 bezpieczne.<\/p>\n<h2>Zagraj to fajnie &#8211; jak sprawi\u0107, by facet przyszed\u0142 do ciebie<\/h2>\n<p>Dokuczanie to najprostszy spos\u00f3b, aby facet by\u0142 ch\u0119tny i chcia\u0142 si\u0119 pod\u0142\u0105czy\u0107.<\/p>\n<p>Istnieje kilka r\u00f3\u017cnych rodzaj\u00f3w dokuczania, w tym beztroskie dokuczanie, \u017cartobliwe dokuczanie i dokuczanie seksualne. Ka\u017cdy rodzaj dokuczania wymaga nieco innego podej\u015bcia, ale cel jest zawsze taki sam: w\u0142\u0105czy\u0107 faceta.<\/p>\n<p>Beztroskie dokuczanie odbywa si\u0119 zwykle w \u017cartach i polega na wy\u015bmiewaniu si\u0119 z kogo\u015b lub rozgrywaniu jego cech osobowo\u015bci. \u017bartobliwe dokuczanie jest podobne do beztroskiego dokuczania, z tym wyj\u0105tkiem, \u017ce ma by\u0107 humorystyczne, a nie bolesne. Dokuczanie seksualne jest najbardziej bezpo\u015bredni\u0105 form\u0105 dokuczania i polega na flirtowaniu z facetem w nadziei na jego w\u0142\u0105czenie.<\/p>\n<p>Wa\u017cne jest, aby pami\u0119ta\u0107, \u017ce dokuczanie jest tylko jedn\u0105 z cz\u0119\u015bci uwodzenia. Dokuczanie to \u015bwietny spos\u00f3b na budowanie atrakcyjno\u015bci, ale nie powinno by\u0107 u\u017cywane jako substytut innych form pochlebstw. Tak d\u0142ugo, jak jeste\u015b szczery, dokuczanie mo\u017ce prowadzi\u0107 do udanego zwi\u0105zku.<\/p>\n<h3>Dawaj komplementy<\/h3>\n<p>Komplementy to \u015bwietny spos\u00f3b na komplementowanie wygl\u0105du, osobowo\u015bci lub stylu faceta. I nie zapomnij wspomnie\u0107 o innych facetach, kt\u00f3rzy przyci\u0105gaj\u0105 twoj\u0105 uwag\u0119.<\/p>\n<h3>Pochwal si\u0119 swoimi zasobami<\/h3>\n<p>Kobiety zazwyczaj wol\u0105 m\u0119\u017cczyzn o silnych cia\u0142ach, wi\u0119c je\u015bli pr\u00f3bujesz przyci\u0105gn\u0105\u0107 faceta, upewnij si\u0119, \u017ce pokazujesz swoje cia\u0142o.<\/p>\n<h3>Graj w gry<\/h3>\n<p>Gry to kolejny fajny spos\u00f3b na flirtowanie z facetem. Spr\u00f3buj zagra\u0107 w gr\u0119, w kt\u00f3rej rywalizujesz ze sob\u0105, aby zobaczy\u0107, kto pierwszy go poca\u0142uje. Lub zagraj w gr\u0119 zgadywania, w kt\u00f3rej zgadniesz, co lubi na podstawie jego odpowiedzi.<\/p>\n<p>Pami\u0119taj, \u017ce dokuczanie to tylko jedna cz\u0119\u015b\u0107 flirtowania. Flirtowanie to znacznie wi\u0119cej ni\u017c dokuczanie. Na przyk\u0142ad mo\u017cesz zapyta\u0107 go o jego zainteresowania, podzieli\u0107 si\u0119 historiami o sobie lub zaprosi\u0107 go do spotkania si\u0119 z tob\u0105.<\/p>\n","protected":false},"excerpt":{"rendered":"<p>Hookupy to przypadkowe spotkania mi\u0119dzy dwojgiem ludzi, kt\u00f3rzy niekoniecznie s\u0105 romantycznie zaanga\u017cowani. Podczas gdy pod\u0142\u0105czenia s\u0105 powszechne w\u015br\u00f3d student\u00f3w, mog\u0105 si\u0119 r\u00f3wnie\u017c zdarzy\u0107 poza szko\u0142\u0105. [&#8230;]<\/p>\n","protected":false},"author":1,"featured_media":132,"parent":0,"menu_order":0,"comment_status":"closed","ping_status":"closed","template":"","meta":[],"yoast_head":"<!-- This site is optimized with the Yoast SEO plugin v19.2 - https:\/\/yoast.com\/wordpress\/plugins\/seo\/ -->\n<title>- Recenzje Chag Najlepsze sposoby korzystania z pod\u0142\u0105cze\u0144 na swoj\u0105 korzy\u015b\u0107<\/title>\n<meta name=\"robots\" content=\"index, follow, max-snippet:-1, max-image-preview:large, max-video-preview:-1\" \/>\n<link rel=\"canonical\" href=\"https:\/\/chagfordpool.co.uk\/pl\/najlepsze-sposoby-korzystania-z-podlaczen-na-swoja-korzysc\/\" \/>\n<meta property=\"og:locale\" content=\"pl_PL\" \/>\n<meta property=\"og:type\" content=\"article\" \/>\n<meta property=\"og:title\" content=\"- Recenzje Chag Najlepsze sposoby korzystania z pod\u0142\u0105cze\u0144 na swoj\u0105 korzy\u015b\u0107\" \/>\n<meta property=\"og:description\" content=\"Hookupy to przypadkowe spotkania mi\u0119dzy dwojgiem ludzi, kt\u00f3rzy niekoniecznie s\u0105 romantycznie zaanga\u017cowani. Podczas gdy pod\u0142\u0105czenia s\u0105 powszechne w\u015br\u00f3d student\u00f3w, mog\u0105 si\u0119 r\u00f3wnie\u017c zdarzy\u0107 poza szko\u0142\u0105. [...]\" \/>\n<meta property=\"og:url\" content=\"https:\/\/chagfordpool.co.uk\/pl\/najlepsze-sposoby-korzystania-z-podlaczen-na-swoja-korzysc\/\" \/>\n<meta property=\"og:site_name\" content=\"Recenzje Chag\" \/>\n<meta property=\"og:image\" content=\"https:\/\/chagfordpool.co.uk\/wp-content\/uploads\/2022\/07\/online-chatrooms.jpeg\" \/>\n\t<meta property=\"og:image:width\" content=\"500\" \/>\n\t<meta property=\"og:image:height\" content=\"332\" \/>\n\t<meta property=\"og:image:type\" content=\"image\/jpeg\" \/>\n<meta name=\"author\" content=\"Expert Reviews\" \/>\n<meta name=\"twitter:card\" content=\"summary_large_image\" \/>\n<meta name=\"twitter:label1\" content=\"Szacowany czas czytania\" \/>\n\t<meta name=\"twitter:data1\" content=\"3 minuty\" \/>\n<script type=\"application\/ld+json\" class=\"yoast-schema-graph\">{\"@context\":\"https:\/\/schema.org\",\"@graph\":[{\"@type\":\"WebSite\",\"@id\":\"https:\/\/chagfordpool.co.uk\/#website\",\"url\":\"https:\/\/chagfordpool.co.uk\/\",\"name\":\"Recenzje Chag\",\"description\":\"Lokalne aplikacje do pod\u0142\u0105czania\",\"potentialAction\":[{\"@type\":\"SearchAction\",\"target\":{\"@type\":\"EntryPoint\",\"urlTemplate\":\"https:\/\/chagfordpool.co.uk\/?s={search_term_string}\"},\"query-input\":\"required name=search_term_string\"}],\"inLanguage\":\"pl-PL\"},{\"@type\":\"ImageObject\",\"inLanguage\":\"pl-PL\",\"@id\":\"https:\/\/chagfordpool.co.uk\/pl\/najlepsze-sposoby-korzystania-z-podlaczen-na-swoja-korzysc\/#primaryimage\",\"url\":\"https:\/\/chagfordpool.co.uk\/wp-content\/uploads\/2022\/07\/online-chatrooms.jpeg\",\"contentUrl\":\"https:\/\/chagfordpool.co.uk\/wp-content\/uploads\/2022\/07\/online-chatrooms.jpeg\",\"width\":500,\"height\":332},{\"@type\":\"WebPage\",\"@id\":\"https:\/\/chagfordpool.co.uk\/pl\/najlepsze-sposoby-korzystania-z-podlaczen-na-swoja-korzysc\/#webpage\",\"url\":\"https:\/\/chagfordpool.co.uk\/pl\/najlepsze-sposoby-korzystania-z-podlaczen-na-swoja-korzysc\/\",\"name\":\"- Recenzje Chag Najlepsze sposoby korzystania z pod\u0142\u0105cze\u0144 na swoj\u0105 korzy\u015b\u0107\",\"isPartOf\":{\"@id\":\"https:\/\/chagfordpool.co.uk\/#website\"},\"primaryImageOfPage\":{\"@id\":\"https:\/\/chagfordpool.co.uk\/pl\/najlepsze-sposoby-korzystania-z-podlaczen-na-swoja-korzysc\/#primaryimage\"},\"datePublished\":\"2022-07-26T11:12:53+00:00\",\"dateModified\":\"2022-07-26T11:12:53+00:00\",\"breadcrumb\":{\"@id\":\"https:\/\/chagfordpool.co.uk\/pl\/najlepsze-sposoby-korzystania-z-podlaczen-na-swoja-korzysc\/#breadcrumb\"},\"inLanguage\":\"pl-PL\",\"potentialAction\":[{\"@type\":\"ReadAction\",\"target\":[\"https:\/\/chagfordpool.co.uk\/pl\/najlepsze-sposoby-korzystania-z-podlaczen-na-swoja-korzysc\/\"]}]},{\"@type\":\"BreadcrumbList\",\"@id\":\"https:\/\/chagfordpool.co.uk\/pl\/najlepsze-sposoby-korzystania-z-podlaczen-na-swoja-korzysc\/#breadcrumb\",\"itemListElement\":[{\"@type\":\"ListItem\",\"position\":1,\"name\":\"Dom\",\"item\":\"https:\/\/chagfordpool.co.uk\/pl\/\"},{\"@type\":\"ListItem\",\"position\":2,\"name\":\"Najlepsze sposoby korzystania z pod\u0142\u0105cze\u0144 na swoj\u0105 korzy\u015b\u0107\"}]}]}<\/script>\n<!-- \/ Yoast SEO plugin. -->","yoast_head_json":{"title":"- Recenzje Chag Najlepsze sposoby korzystania z pod\u0142\u0105cze\u0144 na swoj\u0105 korzy\u015b\u0107","robots":{"index":"index","follow":"follow","max-snippet":"max-snippet:-1","max-image-preview":"max-image-preview:large","max-video-preview":"max-video-preview:-1"},"canonical":"https:\/\/chagfordpool.co.uk\/pl\/najlepsze-sposoby-korzystania-z-podlaczen-na-swoja-korzysc\/","og_locale":"pl_PL","og_type":"article","og_title":"- Recenzje Chag Najlepsze sposoby korzystania z pod\u0142\u0105cze\u0144 na swoj\u0105 korzy\u015b\u0107","og_description":"Hookupy to przypadkowe spotkania mi\u0119dzy dwojgiem ludzi, kt\u00f3rzy niekoniecznie s\u0105 romantycznie zaanga\u017cowani. Podczas gdy pod\u0142\u0105czenia s\u0105 powszechne w\u015br\u00f3d student\u00f3w, mog\u0105 si\u0119 r\u00f3wnie\u017c zdarzy\u0107 poza szko\u0142\u0105. [...]","og_url":"https:\/\/chagfordpool.co.uk\/pl\/najlepsze-sposoby-korzystania-z-podlaczen-na-swoja-korzysc\/","og_site_name":"Recenzje Chag","og_image":[{"width":500,"height":332,"url":"https:\/\/chagfordpool.co.uk\/wp-content\/uploads\/2022\/07\/online-chatrooms.jpeg","type":"image\/jpeg"}],"author":"Expert Reviews","twitter_card":"summary_large_image","twitter_misc":{"Szacowany czas czytania":"3 minuty"},"schema":{"@context":"https:\/\/schema.org","@graph":[{"@type":"WebSite","@id":"https:\/\/chagfordpool.co.uk\/#website","url":"https:\/\/chagfordpool.co.uk\/","name":"Recenzje Chag","description":"Lokalne aplikacje do pod\u0142\u0105czania","potentialAction":[{"@type":"SearchAction","target":{"@type":"EntryPoint","urlTemplate":"https:\/\/chagfordpool.co.uk\/?s={search_term_string}"},"query-input":"required name=search_term_string"}],"inLanguage":"pl-PL"},{"@type":"ImageObject","inLanguage":"pl-PL","@id":"https:\/\/chagfordpool.co.uk\/pl\/najlepsze-sposoby-korzystania-z-podlaczen-na-swoja-korzysc\/#primaryimage","url":"https:\/\/chagfordpool.co.uk\/wp-content\/uploads\/2022\/07\/online-chatrooms.jpeg","contentUrl":"https:\/\/chagfordpool.co.uk\/wp-content\/uploads\/2022\/07\/online-chatrooms.jpeg","width":500,"height":332},{"@type":"WebPage","@id":"https:\/\/chagfordpool.co.uk\/pl\/najlepsze-sposoby-korzystania-z-podlaczen-na-swoja-korzysc\/#webpage","url":"https:\/\/chagfordpool.co.uk\/pl\/najlepsze-sposoby-korzystania-z-podlaczen-na-swoja-korzysc\/","name":"- Recenzje Chag Najlepsze sposoby korzystania z pod\u0142\u0105cze\u0144 na swoj\u0105 korzy\u015b\u0107","isPartOf":{"@id":"https:\/\/chagfordpool.co.uk\/#website"},"primaryImageOfPage":{"@id":"https:\/\/chagfordpool.co.uk\/pl\/najlepsze-sposoby-korzystania-z-podlaczen-na-swoja-korzysc\/#primaryimage"},"datePublished":"2022-07-26T11:12:53+00:00","dateModified":"2022-07-26T11:12:53+00:00","breadcrumb":{"@id":"https:\/\/chagfordpool.co.uk\/pl\/najlepsze-sposoby-korzystania-z-podlaczen-na-swoja-korzysc\/#breadcrumb"},"inLanguage":"pl-PL","potentialAction":[{"@type":"ReadAction","target":["https:\/\/chagfordpool.co.uk\/pl\/najlepsze-sposoby-korzystania-z-podlaczen-na-swoja-korzysc\/"]}]},{"@type":"BreadcrumbList","@id":"https:\/\/chagfordpool.co.uk\/pl\/najlepsze-sposoby-korzystania-z-podlaczen-na-swoja-korzysc\/#breadcrumb","itemListElement":[{"@type":"ListItem","position":1,"name":"Dom","item":"https:\/\/chagfordpool.co.uk\/pl\/"},{"@type":"ListItem","position":2,"name":"Najlepsze sposoby korzystania z pod\u0142\u0105cze\u0144 na swoj\u0105 korzy\u015b\u0107"}]}]}},"_links":{"self":[{"href":"https:\/\/chagfordpool.co.uk\/pl\/wp-json\/wp\/v2\/pages\/232"}],"collection":[{"href":"https:\/\/chagfordpool.co.uk\/pl\/wp-json\/wp\/v2\/pages"}],"about":[{"href":"https:\/\/chagfordpool.co.uk\/pl\/wp-json\/wp\/v2\/types\/page"}],"author":[{"embeddable":true,"href":"https:\/\/chagfordpool.co.uk\/pl\/wp-json\/wp\/v2\/users\/1"}],"replies":[{"embeddable":true,"href":"https:\/\/chagfordpool.co.uk\/pl\/wp-json\/wp\/v2\/comments?post=232"}],"version-history":[{"count":0,"href":"https:\/\/chagfordpool.co.uk\/pl\/wp-json\/wp\/v2\/pages\/232\/revisions"}],"wp:featuredmedia":[{"embeddable":true,"href":"https:\/\/chagfordpool.co.uk\/pl\/wp-json\/wp\/v2\/media\/132"}],"wp:attachment":[{"href":"https:\/\/chagfordpool.co.uk\/pl\/wp-json\/wp\/v2\/media?parent=232"}],"curies":[{"name":"wp","href":"https:\/\/api.w.org\/{rel}","templated":true}]}}