{"id":171,"date":"2022-07-26T11:31:46","date_gmt":"2022-07-26T10:31:46","guid":{"rendered":"http:\/\/chagfordpool.co.uk\/especialista-em-encontros-locais-as-nossas-melhores-dicas-para-o-amor\/"},"modified":"2022-07-26T11:31:46","modified_gmt":"2022-07-26T10:31:46","slug":"especialista-em-encontros-locais-as-nossas-melhores-dicas-para-o-amor","status":"publish","type":"page","link":"https:\/\/chagfordpool.co.uk\/pt-pt\/","title":{"rendered":"Especialista em encontros locais: as nossas melhores dicas para o amor"},"content":{"rendered":"<p>O mundo em que vivemos hoje mudou para sempre devido ao COVID-19. Vimos como a tecnologia nos ajudou durante esta pandemia, e agora queremos ajud\u00e1-lo a encontrar o amor novamente.<\/p>\n<p>Existem centenas de aplicativos de encontros online por a\u00ed, mas o que faz um melhor do que outros? O que faz um ficar acima do resto? \u00c9 o des\u00edgnio? Ou s\u00e3o as caracter\u00edsticas?<\/p>\n<p>Pegamos em cada uma das aplica\u00e7\u00f5es de namoro mais populares para ver como s\u00e3o realmente boas. Desde o n\u00famero de membros, \u00e0 quantidade de jogos, \u00e0 qualidade geral da experi\u00eancia, classificamos todas as aplica\u00e7\u00f5es com base nas nossas descobertas.<\/p>\n<p>Portanto, quer esteja \u00e0 procura de uma rela\u00e7\u00e3o s\u00e9ria, ou apenas alguns encontros divertidos, aqui est\u00e3o as melhores aplica\u00e7\u00f5es de namoro de 2022.<\/p>\n<h2>As nossas tr\u00eas melhores escolhas para namorar<\/h2>\n<p>Existem muitos tipos diferentes de sites de encontros l\u00e1 fora, cada um atendendo a necessidades espec\u00edficas. Algumas pessoas querem conhecer pessoas s\u00f3 por divers\u00e3o, enquanto outras procuram relacionamentos s\u00e9rios. Se est\u00e1 interessado em conhecer pessoas online, ajuda saber que tipo de site deve usar. Aqui est\u00e3o tr\u00eas sites de encontros populares e como diferem uns dos outros.<\/p>\n<h3>OkCupid<\/h3>\n<p>OkCupid \u00e9 provavelmente o local de encontro mais conhecido l\u00e1 fora. Possui mais de 40 milh\u00f5es de membros ativos em todo o mundo, tornando-se uma das maiores plataformas de namoro existentes. O site permite-lhe inscrever-se gratuitamente e procurar perfis com base na localiza\u00e7\u00e3o, idade, estado de relacionamento, sexo, etnia, religi\u00e3o, n\u00edvel de educa\u00e7\u00e3o, trabalho, tipo de corpo, altura, cor do cabelo, e muito mais. Existem at\u00e9 sec\u00e7\u00f5es especiais onde pode filtrar para pessoas com interesses semelhantes. Pode enviar mensagens, conversar e marcar encontros com qualquer pessoa pr\u00f3xima.<\/p>\n<h3>Rio Tinder<\/h3>\n<p>O Tinder \u00e9 definitivamente um p\u00fablico mais jovem comparado com o OkCupid. \u00c9 mais conhecido por ser a aplica\u00e7\u00e3o usada para passar para a esquerda ou direita em potenciais partidas. Os utilizadores podem definir prefer\u00eancias como se gostariam ou n\u00e3o de ver fotos de potenciais parceiros, e podem selecionar certos crit\u00e9rios que procuram, incluindo ra\u00e7a, religi\u00e3o, orienta\u00e7\u00e3o sexual e muito mais. Uma vez encontrado um f\u00f3sforo, pode continuar a conversar ou passar para a pr\u00f3xima pessoa.<\/p>\n<h3>PlentyOfFish<\/h3>\n<p>A PlentyOfFish est\u00e1 um pouco menos focada no romance e muito mais sobre sexo. Na verdade, \u00e9 o maior site de encontros do mundo para solteiros adultos. Com mais de 50 milh\u00f5es de utilizadores registados, a PlentyOfFish atende especificamente a adultos que procuram assuntos discretos. Isto inclui aqueles que procuram casais, trios, quartetos e sexo em grupo. Tudo o que precisa fazer \u00e9 preencher um perfil com informa\u00e7\u00f5es b\u00e1sicas, fazer upload de uma foto e come\u00e7ar a limpar.<\/p>\n<h2>Como escolher as melhores apps de liga\u00e7\u00e3o<\/h2>\n<p><img loading=\"lazy\" class=\"size-large wp-image-53 aligncenter\" src=\"http:\/\/chagfordpool.co.uk\/wp-content\/uploads\/2022\/07\/local-chat-apps-for-dating-1024x734.webp\" alt=\"\" width=\"784\" height=\"562\" srcset=\"https:\/\/chagfordpool.co.uk\/wp-content\/uploads\/2022\/07\/local-chat-apps-for-dating-1024x734.webp 1024w, https:\/\/chagfordpool.co.uk\/wp-content\/uploads\/2022\/07\/local-chat-apps-for-dating-300x215.webp 300w, https:\/\/chagfordpool.co.uk\/wp-content\/uploads\/2022\/07\/local-chat-apps-for-dating-768x551.webp 768w, https:\/\/chagfordpool.co.uk\/wp-content\/uploads\/2022\/07\/local-chat-apps-for-dating.webp 1046w\" sizes=\"(max-width: 784px) 100vw, 784px\" \/><\/p>\n<p>No mundo de hoje, todos querem encontrar o amor online. H\u00e1 muitos aplicativos de namoro por a\u00ed, cada um afirmando ser melhor que outros.<\/p>\n<p>No entanto, acreditamos que n\u00e3o precisa de passar horas a navegar perfis em centenas de sites diferentes apenas para encontrar algu\u00e9m compat\u00edvel. Pode fazer tudo numa \u00fanica aplica\u00e7\u00e3o.<\/p>\n<p>Ent\u00e3o, o que faz uma boa aplica\u00e7\u00e3o de encontros? Aqui est\u00e3o algumas caracter\u00edsticas que comp\u00f5em o matchmaker perfeito:<\/p>\n<h3>Do que andas \u00e0 procura?<\/h3>\n<p>O fling? A longo prazo? Um caso secreto?<\/p>\n<p>A primeira coisa que queres fazer \u00e9 descobrir que tipo de pessoa procuras. Quer esteja \u00e0 procura de um amigo, amante, parceiro, ou algo assim, saber o que procura adiantado pode poupar-lhe muita m\u00e1goa. Por exemplo, se procura um parceiro rom\u00e2ntico, n\u00e3o quer perder o seu tempo a conversar com estranhos aleat\u00f3rios online. Em vez disso, voc\u00ea vai querer se concentrar em encontrar indiv\u00edduos semelhantes que est\u00e3o interessados em conhecer outros com objetivos semelhantes.<\/p>\n<p>Assim que descobrires o que procuras, \u00e9 hora de decidires onde queres conhecer potenciais parceiros. Existem muitas op\u00e7\u00f5es dispon\u00edveis para si, incluindo as seguintes:<\/p>\n<p>\u2022 Sites de encontros online e aplicativos<\/p>\n<p>\u2022 Plataformas de m\u00eddia social<\/p>\n<p>\u2022 Encontros<\/p>\n<p>\u2022 Bares\/clubes locais<\/p>\n<h3>Caracter\u00edsticas<\/h3>\n<p>Os melhores sites de encontros online oferecem muitas funcionalidades e op\u00e7\u00f5es para mant\u00ea-lo ocupado. Permitem-lhe navegar perfis com base na localiza\u00e7\u00e3o, faixa et\u00e1ria, tipo de relacionamento, sexo, etc., e filtrar f\u00f3sforos com base nessas prefer\u00eancias. Alguns at\u00e9 lhe permitem configurar alertas de e-mail para notific\u00e1-lo sempre que algu\u00e9m lhe envia uma mensagem.<\/p>\n<p>Voc\u00ea pode usar filtros para reduzir potenciais parceiros com base em crit\u00e9rios como religi\u00e3o, etnia, altura, tipo de corpo, interesses, etc. Tamb\u00e9m pode guardar pesquisas para aceder mais tarde.<\/p>\n<p>Algumas aplica\u00e7\u00f5es oferecem funcionalidades adicionais, como salas de chat onde voc\u00ea pode interagir com pessoas, chamadas de v\u00eddeo, conversas de grupo e f\u00f3runs onde voc\u00ea pode discutir t\u00f3picos relacionados com o amor e relacionamentos.<\/p>\n<p>A maioria destas aplica\u00e7\u00f5es cobram mensalmente taxas que variam entre $10 e $50. No entanto, existem vers\u00f5es gratuitas da maioria das aplica\u00e7\u00f5es l\u00e1 fora tamb\u00e9m. Por isso, confira a nossa lista dos melhores aplicativos de encontros para Android e iOS para ver quais se adequam \u00e0s suas necessidades.<\/p>\n<h3>Fun\u00e7\u00f5es &#8211; Swiping? Fazer f\u00f3sforos?<\/h3>\n<p>Quando se trata de aplicativos de encontros online, h\u00e1 coisas que n\u00e3o se deve fazer. Por exemplo, n\u00e3o passe para a esquerda ou para a direita sem ler o perfil. Ou n\u00e3o tentes entrar em conversas com outra pessoa porque est\u00e1s aborrecida. E definitivamente n\u00e3o envie mensagens a estranhos.<\/p>\n<p>Mas enquanto a maioria das pessoas conhece estas regras, muitas ainda cometem erros. Pode pensar que a melhor maneira de evitar cometer erros embara\u00e7osos \u00e9 manter uma aplica\u00e7\u00e3o exclusivamente. Mas, na realidade, a melhor estrat\u00e9gia \u00e9 misturar diferentes aplica\u00e7\u00f5es. Isto permite-lhe encontrar f\u00f3sforos compat\u00edveis em v\u00e1rias plataformas e facilita o registo das datas. Al\u00e9m disso, n\u00e3o vais sentir que est\u00e1s a perder nada importante.<\/p>\n<p>Por exemplo, se quiseres sair com algu\u00e9m que conheceste no Tinder, podes mudar para o Bumble. Se preferires conversar com algu\u00e9m que tens enviado mensagens no OkCupid, podes mudar para l\u00e1. E se preferires falar com algu\u00e9m da PlentyOfFish, podes saltar para a Hinge.<\/p>\n","protected":false},"excerpt":{"rendered":"<p>O mundo em que vivemos hoje mudou para sempre devido ao COVID-19. Vimos como a tecnologia nos ajudou durante esta pandemia, e agora queremos ajud\u00e1-lo [&#8230;]<\/p>\n","protected":false},"author":1,"featured_media":93,"parent":0,"menu_order":0,"comment_status":"closed","ping_status":"closed","template":"","meta":[],"yoast_head":"<!-- This site is optimized with the Yoast SEO plugin v19.2 - https:\/\/yoast.com\/wordpress\/plugins\/seo\/ -->\n<title>Especialista em encontros locais: as nossas melhores dicas para o amor Coment\u00e1rios de Chag - t\u00edtulo<\/title>\n<meta name=\"robots\" content=\"index, follow, max-snippet:-1, max-image-preview:large, max-video-preview:-1\" \/>\n<link rel=\"canonical\" href=\"https:\/\/chagfordpool.co.uk\/pt-pt\/\" \/>\n<meta property=\"og:locale\" content=\"pt_PT\" \/>\n<meta property=\"og:type\" content=\"article\" \/>\n<meta property=\"og:title\" content=\"Especialista em encontros locais: as nossas melhores dicas para o amor Coment\u00e1rios de Chag - t\u00edtulo\" \/>\n<meta property=\"og:description\" content=\"O mundo em que vivemos hoje mudou para sempre devido ao COVID-19. Vimos como a tecnologia nos ajudou durante esta pandemia, e agora queremos ajud\u00e1-lo [...]\" \/>\n<meta property=\"og:url\" content=\"https:\/\/chagfordpool.co.uk\/pt-pt\/\" \/>\n<meta property=\"og:site_name\" content=\"Coment\u00e1rios de Chag\" \/>\n<meta property=\"og:image\" content=\"https:\/\/chagfordpool.co.uk\/wp-content\/uploads\/2022\/07\/match-dating-websites.jpeg\" \/>\n\t<meta property=\"og:image:width\" content=\"500\" \/>\n\t<meta property=\"og:image:height\" content=\"333\" \/>\n\t<meta property=\"og:image:type\" content=\"image\/jpeg\" \/>\n<meta name=\"author\" content=\"Expert Reviews\" \/>\n<meta name=\"twitter:card\" content=\"summary_large_image\" \/>\n<meta name=\"twitter:label1\" content=\"Tempo estimado de leitura\" \/>\n\t<meta name=\"twitter:data1\" content=\"5 minutos\" \/>\n<script type=\"application\/ld+json\" class=\"yoast-schema-graph\">{\"@context\":\"https:\/\/schema.org\",\"@graph\":[{\"@type\":\"WebSite\",\"@id\":\"https:\/\/chagfordpool.co.uk\/#website\",\"url\":\"https:\/\/chagfordpool.co.uk\/\",\"name\":\"Coment\u00e1rios de Chag\",\"description\":\"Aplicativos locais de hookup\",\"potentialAction\":[{\"@type\":\"SearchAction\",\"target\":{\"@type\":\"EntryPoint\",\"urlTemplate\":\"https:\/\/chagfordpool.co.uk\/?s={search_term_string}\"},\"query-input\":\"required name=search_term_string\"}],\"inLanguage\":\"pt-PT\"},{\"@type\":\"ImageObject\",\"inLanguage\":\"pt-PT\",\"@id\":\"https:\/\/chagfordpool.co.uk\/pt-pt\/#primaryimage\",\"url\":\"https:\/\/chagfordpool.co.uk\/wp-content\/uploads\/2022\/07\/match-dating-websites.jpeg\",\"contentUrl\":\"https:\/\/chagfordpool.co.uk\/wp-content\/uploads\/2022\/07\/match-dating-websites.jpeg\",\"width\":500,\"height\":333},{\"@type\":\"WebPage\",\"@id\":\"https:\/\/chagfordpool.co.uk\/pt-pt\/#webpage\",\"url\":\"https:\/\/chagfordpool.co.uk\/pt-pt\/\",\"name\":\"Especialista em encontros locais: as nossas melhores dicas para o amor Coment\u00e1rios de Chag - t\u00edtulo\",\"isPartOf\":{\"@id\":\"https:\/\/chagfordpool.co.uk\/#website\"},\"primaryImageOfPage\":{\"@id\":\"https:\/\/chagfordpool.co.uk\/pt-pt\/#primaryimage\"},\"datePublished\":\"2022-07-26T10:31:46+00:00\",\"dateModified\":\"2022-07-26T10:31:46+00:00\",\"breadcrumb\":{\"@id\":\"https:\/\/chagfordpool.co.uk\/pt-pt\/#breadcrumb\"},\"inLanguage\":\"pt-PT\",\"potentialAction\":[{\"@type\":\"ReadAction\",\"target\":[\"https:\/\/chagfordpool.co.uk\/pt-pt\/\"]}]},{\"@type\":\"BreadcrumbList\",\"@id\":\"https:\/\/chagfordpool.co.uk\/pt-pt\/#breadcrumb\",\"itemListElement\":[{\"@type\":\"ListItem\",\"position\":1,\"name\":\"Casa\",\"item\":\"https:\/\/chagfordpool.co.uk\/pt-pt\/\"},{\"@type\":\"ListItem\",\"position\":2,\"name\":\"Especialista em encontros locais: as nossas melhores dicas para o amor\"}]}]}<\/script>\n<!-- \/ Yoast SEO plugin. -->","yoast_head_json":{"title":"Especialista em encontros locais: as nossas melhores dicas para o amor Coment\u00e1rios de Chag - t\u00edtulo","robots":{"index":"index","follow":"follow","max-snippet":"max-snippet:-1","max-image-preview":"max-image-preview:large","max-video-preview":"max-video-preview:-1"},"canonical":"https:\/\/chagfordpool.co.uk\/pt-pt\/","og_locale":"pt_PT","og_type":"article","og_title":"Especialista em encontros locais: as nossas melhores dicas para o amor Coment\u00e1rios de Chag - t\u00edtulo","og_description":"O mundo em que vivemos hoje mudou para sempre devido ao COVID-19. Vimos como a tecnologia nos ajudou durante esta pandemia, e agora queremos ajud\u00e1-lo [...]","og_url":"https:\/\/chagfordpool.co.uk\/pt-pt\/","og_site_name":"Coment\u00e1rios de Chag","og_image":[{"width":500,"height":333,"url":"https:\/\/chagfordpool.co.uk\/wp-content\/uploads\/2022\/07\/match-dating-websites.jpeg","type":"image\/jpeg"}],"author":"Expert Reviews","twitter_card":"summary_large_image","twitter_misc":{"Tempo estimado de leitura":"5 minutos"},"schema":{"@context":"https:\/\/schema.org","@graph":[{"@type":"WebSite","@id":"https:\/\/chagfordpool.co.uk\/#website","url":"https:\/\/chagfordpool.co.uk\/","name":"Coment\u00e1rios de Chag","description":"Aplicativos locais de hookup","potentialAction":[{"@type":"SearchAction","target":{"@type":"EntryPoint","urlTemplate":"https:\/\/chagfordpool.co.uk\/?s={search_term_string}"},"query-input":"required name=search_term_string"}],"inLanguage":"pt-PT"},{"@type":"ImageObject","inLanguage":"pt-PT","@id":"https:\/\/chagfordpool.co.uk\/pt-pt\/#primaryimage","url":"https:\/\/chagfordpool.co.uk\/wp-content\/uploads\/2022\/07\/match-dating-websites.jpeg","contentUrl":"https:\/\/chagfordpool.co.uk\/wp-content\/uploads\/2022\/07\/match-dating-websites.jpeg","width":500,"height":333},{"@type":"WebPage","@id":"https:\/\/chagfordpool.co.uk\/pt-pt\/#webpage","url":"https:\/\/chagfordpool.co.uk\/pt-pt\/","name":"Especialista em encontros locais: as nossas melhores dicas para o amor Coment\u00e1rios de Chag - t\u00edtulo","isPartOf":{"@id":"https:\/\/chagfordpool.co.uk\/#website"},"primaryImageOfPage":{"@id":"https:\/\/chagfordpool.co.uk\/pt-pt\/#primaryimage"},"datePublished":"2022-07-26T10:31:46+00:00","dateModified":"2022-07-26T10:31:46+00:00","breadcrumb":{"@id":"https:\/\/chagfordpool.co.uk\/pt-pt\/#breadcrumb"},"inLanguage":"pt-PT","potentialAction":[{"@type":"ReadAction","target":["https:\/\/chagfordpool.co.uk\/pt-pt\/"]}]},{"@type":"BreadcrumbList","@id":"https:\/\/chagfordpool.co.uk\/pt-pt\/#breadcrumb","itemListElement":[{"@type":"ListItem","position":1,"name":"Casa","item":"https:\/\/chagfordpool.co.uk\/pt-pt\/"},{"@type":"ListItem","position":2,"name":"Especialista em encontros locais: as nossas melhores dicas para o amor"}]}]}},"_links":{"self":[{"href":"https:\/\/chagfordpool.co.uk\/pt-pt\/wp-json\/wp\/v2\/pages\/171"}],"collection":[{"href":"https:\/\/chagfordpool.co.uk\/pt-pt\/wp-json\/wp\/v2\/pages"}],"about":[{"href":"https:\/\/chagfordpool.co.uk\/pt-pt\/wp-json\/wp\/v2\/types\/page"}],"author":[{"embeddable":true,"href":"https:\/\/chagfordpool.co.uk\/pt-pt\/wp-json\/wp\/v2\/users\/1"}],"replies":[{"embeddable":true,"href":"https:\/\/chagfordpool.co.uk\/pt-pt\/wp-json\/wp\/v2\/comments?post=171"}],"version-history":[{"count":0,"href":"https:\/\/chagfordpool.co.uk\/pt-pt\/wp-json\/wp\/v2\/pages\/171\/revisions"}],"wp:featuredmedia":[{"embeddable":true,"href":"https:\/\/chagfordpool.co.uk\/pt-pt\/wp-json\/wp\/v2\/media\/93"}],"wp:attachment":[{"href":"https:\/\/chagfordpool.co.uk\/pt-pt\/wp-json\/wp\/v2\/media?parent=171"}],"curies":[{"name":"wp","href":"https:\/\/api.w.org\/{rel}","templated":true}]}}