{"id":178,"date":"2022-07-26T12:08:22","date_gmt":"2022-07-26T11:08:22","guid":{"rendered":"http:\/\/chagfordpool.co.uk\/como-descobrir-se-ele-quer-te\/"},"modified":"2022-07-26T12:08:22","modified_gmt":"2022-07-26T11:08:22","slug":"como-descobrir-se-ele-quer-te","status":"publish","type":"page","link":"https:\/\/chagfordpool.co.uk\/pt-pt\/como-descobrir-se-ele-quer-te\/","title":{"rendered":"Como descobrir se ele quer te"},"content":{"rendered":"<p>H\u00e1 dois tipos de homens: aqueles que querem ser procurados e aqueles que querem ser necess\u00e1rios.<\/p>\n<p>Embora ambos sejam igualmente atraentes, este \u00faltimo tipo \u00e9 muito mais f\u00e1cil de atrair. Os homens que querem ser necess\u00e1rios tendem a ser necessitados e pegajosos. Quando conheceres algu\u00e9m assim, vais sentir-te desconfort\u00e1vel e perguntar-te se ele quer ser amigo ou s\u00f3 precisa de ti.<\/p>\n<p>Para evitar cair nesta armadilha, aqui est\u00e3o quatro dicas para ajud\u00e1-lo a descobrir se ele realmente quer ser amigo ou se ele s\u00f3 quer ser necess\u00e1rio.<\/p>\n<h3>Fala das ex?<\/h3>\n<p>Homens inseguros sobre si mesmos geralmente tentam <a href=\"http:\/\/chagfordpool.co.uk\/pt-pt\/roleplay-sex-dating\/\">compensar falando de outras mulheres<\/a>. Embora isto possa parecer inofensivo, pode indicar que ele est\u00e1 a tentar preencher um vazio emocional dentro de si.<\/p>\n<h3>Ele est\u00e1 sempre a pedir favores?<\/h3>\n<p>Se ele te pedir para fazeres alguma coisa por ele todos os dias, ent\u00e3o provavelmente quer ser necess\u00e1rio. Ele pode at\u00e9 esperar que fa\u00e7as qualquer coisa por ele, incluindo limpar a casa, cozinhar o jantar e cuidar dos filhos.<\/p>\n<h3>Ele diz-te como est\u00e1s bonita?<\/h3>\n<p>Este \u00e9 mais um sinal de que quer ser necess\u00e1rio. Se ele te disser o qu\u00e3o bonita \u00e9s, provavelmente \u00e9 insegura e sente-se inadequada.<\/p>\n<h3>Ele elogia-te?<\/h3>\n<p>Homens confiantes em si mesmos raramente precisam de elogios. No entanto, se ele te elogiar, <a href=\"http:\/\/chagfordpool.co.uk\/pt-pt\/aplicativos-locais-de-namoro\/\">presta aten\u00e7\u00e3o \u00e0 forma como ele os diz<\/a>. Se usa palavras como &#8220;bonita&#8221;, &#8220;sexy&#8221; ou &#8220;quente&#8221;, ent\u00e3o deve ser inseguro e quer ser necess\u00e1rio. Mas se ele usa palavras como &#8220;inteligente&#8221;, &#8220;engra\u00e7ado&#8221; ou &#8220;fixe&#8221;, ent\u00e3o \u00e9 prov\u00e1vel que esteja seguro e confort\u00e1vel consigo mesmo.<\/p>\n<p>Estes sinais n\u00e3o s\u00e3o \u00e0 prova de falhas, mas podem ajudar-te a determinar se ele quer ser necess\u00e1rio ou se s\u00f3 quer ser amigo.<\/p>\n<h2>Ainda confuso?<\/h2>\n<p>Se ainda estiver em dificuldades, d\u00ea uma olhada nestas 5 perguntas r\u00e1pidas que pode usar para descobrir se um homem\/rapariga gosta de si:<\/p>\n<h3>Fazer perguntas<\/h3>\n<p>Os homens adoram falar sobre si mesmos, por isso fazer perguntas mostra interesse. Fazer perguntas em aberto permite-lhe saber mais sobre os seus interesses e passatempos.<\/p>\n<h3>Fa\u00e7a contacto visual<\/h3>\n<p>Quando ele reparar que est\u00e1s a olhar para ele, ele vai sentir-se lisonjeado. E quando olhares para tr\u00e1s, ele vai perguntar-se no que estavas a pensar.<\/p>\n<h3>Ouvir atentamente<\/h3>\n<p>Ele quer saber que te preocupas com o que ele diz. N\u00e3o o interrompa enquanto fala. Deixe-o terminar os seus pensamentos. Ent\u00e3o acena e sorri.<\/p>\n<h3>Elogie-o<\/h3>\n<p>Diz-lhe o qu\u00e3o bonito ele parece, o qu\u00e3o esperto ele parece, ou o quanto o admiras. Estes elogios v\u00e3o faz\u00ea-lo sentir-se especial e apreciado.<\/p>\n<h3>D\u00ea-lhe espa\u00e7o.<\/h3>\n<p>Diz-lhe que est\u00e1s a ouvir dando-lhe muito espa\u00e7o. Sente-se perto o suficiente para ouvi-lo, mas longe o suficiente para se sentir confort\u00e1vel a falar.<\/p>\n","protected":false},"excerpt":{"rendered":"<p>H\u00e1 dois tipos de homens: aqueles que querem ser procurados e aqueles que querem ser necess\u00e1rios. Embora ambos sejam igualmente atraentes, este \u00faltimo tipo \u00e9 [&#8230;]<\/p>\n","protected":false},"author":1,"featured_media":123,"parent":0,"menu_order":0,"comment_status":"closed","ping_status":"closed","template":"","meta":[],"yoast_head":"<!-- This site is optimized with the Yoast SEO plugin v19.2 - https:\/\/yoast.com\/wordpress\/plugins\/seo\/ -->\n<title>Como descobrir se ele quer te Coment\u00e1rios de Chag - t\u00edtulo<\/title>\n<meta name=\"robots\" content=\"index, follow, max-snippet:-1, max-image-preview:large, max-video-preview:-1\" \/>\n<link rel=\"canonical\" href=\"https:\/\/chagfordpool.co.uk\/pt-pt\/como-descobrir-se-ele-quer-te\/\" \/>\n<meta property=\"og:locale\" content=\"pt_PT\" \/>\n<meta property=\"og:type\" content=\"article\" \/>\n<meta property=\"og:title\" content=\"Como descobrir se ele quer te Coment\u00e1rios de Chag - t\u00edtulo\" \/>\n<meta property=\"og:description\" content=\"H\u00e1 dois tipos de homens: aqueles que querem ser procurados e aqueles que querem ser necess\u00e1rios. Embora ambos sejam igualmente atraentes, este \u00faltimo tipo \u00e9 [...]\" \/>\n<meta property=\"og:url\" content=\"https:\/\/chagfordpool.co.uk\/pt-pt\/como-descobrir-se-ele-quer-te\/\" \/>\n<meta property=\"og:site_name\" content=\"Coment\u00e1rios de Chag\" \/>\n<meta property=\"og:image\" content=\"https:\/\/chagfordpool.co.uk\/wp-content\/uploads\/2022\/07\/hookup.jpeg\" \/>\n\t<meta property=\"og:image:width\" content=\"1200\" \/>\n\t<meta property=\"og:image:height\" content=\"1500\" \/>\n\t<meta property=\"og:image:type\" content=\"image\/jpeg\" \/>\n<meta name=\"author\" content=\"Expert Reviews\" \/>\n<meta name=\"twitter:card\" content=\"summary_large_image\" \/>\n<meta name=\"twitter:label1\" content=\"Tempo estimado de leitura\" \/>\n\t<meta name=\"twitter:data1\" content=\"2 minutos\" \/>\n<script type=\"application\/ld+json\" class=\"yoast-schema-graph\">{\"@context\":\"https:\/\/schema.org\",\"@graph\":[{\"@type\":\"WebSite\",\"@id\":\"https:\/\/chagfordpool.co.uk\/#website\",\"url\":\"https:\/\/chagfordpool.co.uk\/\",\"name\":\"Coment\u00e1rios de Chag\",\"description\":\"Aplicativos locais de hookup\",\"potentialAction\":[{\"@type\":\"SearchAction\",\"target\":{\"@type\":\"EntryPoint\",\"urlTemplate\":\"https:\/\/chagfordpool.co.uk\/?s={search_term_string}\"},\"query-input\":\"required name=search_term_string\"}],\"inLanguage\":\"pt-PT\"},{\"@type\":\"ImageObject\",\"inLanguage\":\"pt-PT\",\"@id\":\"https:\/\/chagfordpool.co.uk\/pt-pt\/como-descobrir-se-ele-quer-te\/#primaryimage\",\"url\":\"https:\/\/chagfordpool.co.uk\/wp-content\/uploads\/2022\/07\/hookup.jpeg\",\"contentUrl\":\"https:\/\/chagfordpool.co.uk\/wp-content\/uploads\/2022\/07\/hookup.jpeg\",\"width\":1200,\"height\":1500},{\"@type\":\"WebPage\",\"@id\":\"https:\/\/chagfordpool.co.uk\/pt-pt\/como-descobrir-se-ele-quer-te\/#webpage\",\"url\":\"https:\/\/chagfordpool.co.uk\/pt-pt\/como-descobrir-se-ele-quer-te\/\",\"name\":\"Como descobrir se ele quer te Coment\u00e1rios de Chag - t\u00edtulo\",\"isPartOf\":{\"@id\":\"https:\/\/chagfordpool.co.uk\/#website\"},\"primaryImageOfPage\":{\"@id\":\"https:\/\/chagfordpool.co.uk\/pt-pt\/como-descobrir-se-ele-quer-te\/#primaryimage\"},\"datePublished\":\"2022-07-26T11:08:22+00:00\",\"dateModified\":\"2022-07-26T11:08:22+00:00\",\"breadcrumb\":{\"@id\":\"https:\/\/chagfordpool.co.uk\/pt-pt\/como-descobrir-se-ele-quer-te\/#breadcrumb\"},\"inLanguage\":\"pt-PT\",\"potentialAction\":[{\"@type\":\"ReadAction\",\"target\":[\"https:\/\/chagfordpool.co.uk\/pt-pt\/como-descobrir-se-ele-quer-te\/\"]}]},{\"@type\":\"BreadcrumbList\",\"@id\":\"https:\/\/chagfordpool.co.uk\/pt-pt\/como-descobrir-se-ele-quer-te\/#breadcrumb\",\"itemListElement\":[{\"@type\":\"ListItem\",\"position\":1,\"name\":\"Casa\",\"item\":\"http:\/\/chagfordpool.co.uk\/pt-pt\/\"},{\"@type\":\"ListItem\",\"position\":2,\"name\":\"Como descobrir se ele quer te\"}]}]}<\/script>\n<!-- \/ Yoast SEO plugin. -->","yoast_head_json":{"title":"Como descobrir se ele quer te Coment\u00e1rios de Chag - t\u00edtulo","robots":{"index":"index","follow":"follow","max-snippet":"max-snippet:-1","max-image-preview":"max-image-preview:large","max-video-preview":"max-video-preview:-1"},"canonical":"https:\/\/chagfordpool.co.uk\/pt-pt\/como-descobrir-se-ele-quer-te\/","og_locale":"pt_PT","og_type":"article","og_title":"Como descobrir se ele quer te Coment\u00e1rios de Chag - t\u00edtulo","og_description":"H\u00e1 dois tipos de homens: aqueles que querem ser procurados e aqueles que querem ser necess\u00e1rios. Embora ambos sejam igualmente atraentes, este \u00faltimo tipo \u00e9 [...]","og_url":"https:\/\/chagfordpool.co.uk\/pt-pt\/como-descobrir-se-ele-quer-te\/","og_site_name":"Coment\u00e1rios de Chag","og_image":[{"width":1200,"height":1500,"url":"https:\/\/chagfordpool.co.uk\/wp-content\/uploads\/2022\/07\/hookup.jpeg","type":"image\/jpeg"}],"author":"Expert Reviews","twitter_card":"summary_large_image","twitter_misc":{"Tempo estimado de leitura":"2 minutos"},"schema":{"@context":"https:\/\/schema.org","@graph":[{"@type":"WebSite","@id":"https:\/\/chagfordpool.co.uk\/#website","url":"https:\/\/chagfordpool.co.uk\/","name":"Coment\u00e1rios de Chag","description":"Aplicativos locais de hookup","potentialAction":[{"@type":"SearchAction","target":{"@type":"EntryPoint","urlTemplate":"https:\/\/chagfordpool.co.uk\/?s={search_term_string}"},"query-input":"required name=search_term_string"}],"inLanguage":"pt-PT"},{"@type":"ImageObject","inLanguage":"pt-PT","@id":"https:\/\/chagfordpool.co.uk\/pt-pt\/como-descobrir-se-ele-quer-te\/#primaryimage","url":"https:\/\/chagfordpool.co.uk\/wp-content\/uploads\/2022\/07\/hookup.jpeg","contentUrl":"https:\/\/chagfordpool.co.uk\/wp-content\/uploads\/2022\/07\/hookup.jpeg","width":1200,"height":1500},{"@type":"WebPage","@id":"https:\/\/chagfordpool.co.uk\/pt-pt\/como-descobrir-se-ele-quer-te\/#webpage","url":"https:\/\/chagfordpool.co.uk\/pt-pt\/como-descobrir-se-ele-quer-te\/","name":"Como descobrir se ele quer te Coment\u00e1rios de Chag - t\u00edtulo","isPartOf":{"@id":"https:\/\/chagfordpool.co.uk\/#website"},"primaryImageOfPage":{"@id":"https:\/\/chagfordpool.co.uk\/pt-pt\/como-descobrir-se-ele-quer-te\/#primaryimage"},"datePublished":"2022-07-26T11:08:22+00:00","dateModified":"2022-07-26T11:08:22+00:00","breadcrumb":{"@id":"https:\/\/chagfordpool.co.uk\/pt-pt\/como-descobrir-se-ele-quer-te\/#breadcrumb"},"inLanguage":"pt-PT","potentialAction":[{"@type":"ReadAction","target":["https:\/\/chagfordpool.co.uk\/pt-pt\/como-descobrir-se-ele-quer-te\/"]}]},{"@type":"BreadcrumbList","@id":"https:\/\/chagfordpool.co.uk\/pt-pt\/como-descobrir-se-ele-quer-te\/#breadcrumb","itemListElement":[{"@type":"ListItem","position":1,"name":"Casa","item":"http:\/\/chagfordpool.co.uk\/pt-pt\/"},{"@type":"ListItem","position":2,"name":"Como descobrir se ele quer te"}]}]}},"_links":{"self":[{"href":"https:\/\/chagfordpool.co.uk\/pt-pt\/wp-json\/wp\/v2\/pages\/178"}],"collection":[{"href":"https:\/\/chagfordpool.co.uk\/pt-pt\/wp-json\/wp\/v2\/pages"}],"about":[{"href":"https:\/\/chagfordpool.co.uk\/pt-pt\/wp-json\/wp\/v2\/types\/page"}],"author":[{"embeddable":true,"href":"https:\/\/chagfordpool.co.uk\/pt-pt\/wp-json\/wp\/v2\/users\/1"}],"replies":[{"embeddable":true,"href":"https:\/\/chagfordpool.co.uk\/pt-pt\/wp-json\/wp\/v2\/comments?post=178"}],"version-history":[{"count":0,"href":"https:\/\/chagfordpool.co.uk\/pt-pt\/wp-json\/wp\/v2\/pages\/178\/revisions"}],"wp:featuredmedia":[{"embeddable":true,"href":"https:\/\/chagfordpool.co.uk\/pt-pt\/wp-json\/wp\/v2\/media\/123"}],"wp:attachment":[{"href":"https:\/\/chagfordpool.co.uk\/pt-pt\/wp-json\/wp\/v2\/media?parent=178"}],"curies":[{"name":"wp","href":"https:\/\/api.w.org\/{rel}","templated":true}]}}