{"id":185,"date":"2022-07-26T12:09:29","date_gmt":"2022-07-26T11:09:29","guid":{"rendered":"http:\/\/chagfordpool.co.uk\/aplicativos-locais-de-namoro\/"},"modified":"2022-07-26T12:09:29","modified_gmt":"2022-07-26T11:09:29","slug":"aplicativos-locais-de-namoro","status":"publish","type":"page","link":"https:\/\/chagfordpool.co.uk\/pt-pt\/aplicativos-locais-de-namoro\/","title":{"rendered":"Aplicativos locais de namoro"},"content":{"rendered":"<p>Encontros s\u00e3o encontros sexuais casuais que geralmente acontecem fora de relacionamentos comprometidos. Embora os encontros nem sempre sejam experi\u00eancias negativas, podem levar a sentimentos de arrependimento e vergonha entre os participantes.<\/p>\n<p>Para evitar estes sentimentos, \u00e9 importante entender que o sexo \u00e9 uma parte normal da vida. Os encontros n\u00e3o devem ser vistos como um substituto para relacionamentos a longo prazo, mas sim como uma adi\u00e7\u00e3o divertida \u00e0s existentes.<\/p>\n<p>Tamb\u00e9m \u00e9 importante lembrar que os encontros s\u00e3o diferentes do <a href=\"http:\/\/chagfordpool.co.uk\/pt-pt\/roleplay-sex-dating\/\">sexo casual<\/a>. Sexo casual \u00e9 geralmente definido como fazer sexo com algu\u00e9m com quem n\u00e3o se planeia passar muito tempo. Os encontros, no entanto, s\u00e3o normalmente assuntos de curta dura\u00e7\u00e3o que terminam ap\u00f3s algumas horas ou dias. H\u00e1 v\u00e1rias raz\u00f5es pelas quais as pessoas escolhem participar em encontros. Alguns apreciam a emo\u00e7\u00e3o de experimentar algo novo, enquanto outros s\u00f3 querem experimentar a sua sexualidade. Seja qual for a raz\u00e3o, \u00e9 importante lembrar que namorar \u00e9 uma escolha e n\u00e3o um requisito. Embora os encontros n\u00e3o sejam para todos, podem ser uma experi\u00eancia positiva se forem feitos corretamente. Desde que ambas as partes envolvidas se sintam confort\u00e1veis e seguras, ent\u00e3o n\u00e3o h\u00e1 nada de errado em se divertir.<\/p>\n<h2>Como conhecer solteiros na sua \u00e1rea<\/h2>\n<p>H\u00e1 uma abund\u00e2ncia de recursos on-line dispon\u00edveis para ajudar os solteiros a se encontrarem. Mas conhecer algu\u00e9m cara a cara pode aumentar a sua confian\u00e7a e levar a uma rela\u00e7\u00e3o duradoura.<\/p>\n<p>Quer esteja \u00e0 procura de amor ou apenas divers\u00e3o casual, os sites de encontros locais oferecem uma maneira conveniente de se conectar com outros que partilham interesses semelhantes. Estes sites permitem que os membros naveguem perfis com base na localiza\u00e7\u00e3o, idade, sexo e orienta\u00e7\u00e3o sexual. Assim que encontrar algu\u00e9m que queira conhecer, pode arranjar uma hora e um lugar para conversar atrav\u00e9s da webcam.<\/p>\n<h3>Como Rede &amp; Encontrar Datas<\/h3>\n<p>Sites de encontros locais n\u00e3o s\u00e3o apenas para encontrar datas; podem tamb\u00e9m proporcionar valiosas oportunidades de networking. Os membros podem criar grupos baseados em interesses comuns, passatempos ou atividades. Alguns sites at\u00e9 permitem juntar-se a grupos que se concentram em locais espec\u00edficos, permitindo-lhe conhecer pessoas pr\u00f3ximas.<\/p>\n<p>Alguns sites de encontros locais tamb\u00e9m apresentam eventos, festas e outros tipos de encontros. Estes eventos podem ser uma grande oportunidade para se misturar com potenciais parceiros e construir relacionamentos.<\/p>\n<p>Embora os sites de encontros locais sejam uma \u00f3tima op\u00e7\u00e3o para se conectarem com os outros, lembre-se que eles ainda est\u00e3o focados principalmente em encontrar conex\u00f5es rom\u00e2nticas. Ent\u00e3o, se procura amizade, tente juntar-se a um grupo mais amig\u00e1vel num site de interesse geral.<\/p>\n<h3>Dicas para encontros online<\/h3>\n<p>\u00c9 importante lembrar que os encontros s\u00e3o um neg\u00f3cio arriscado. Embora te sintas confiante em conhecer algu\u00e9m pessoalmente, nunca sabes que tipo de pessoa vais acabar at\u00e9 depois de teres feito sexo. N\u00e3o h\u00e1 garantias de que te vais divertir, e podes acabar por te arrepender de ter feito sexo com algu\u00e9m de quem n\u00e3o gostavas muito.<\/p>\n<p>\u00c9 por isso que vale a pena ser cauteloso na escolha de um parceiro. Antes de concordar em conhecer algu\u00e9m pessoalmente, certifique-se de que ambos partilham valores e interesses semelhantes. Al\u00e9m disso, tente evitar ir a lugares onde sabe que outras pessoas est\u00e3o presentes, como bares ou clubes. Por fim, considere fazer perguntas aos potenciais parceiros sobre si mesmos para aprender mais sobre a sua personalidade e h\u00e1bitos.<\/p>\n","protected":false},"excerpt":{"rendered":"<p>Encontros s\u00e3o encontros sexuais casuais que geralmente acontecem fora de relacionamentos comprometidos. Embora os encontros nem sempre sejam experi\u00eancias negativas, podem levar a sentimentos de [&#8230;]<\/p>\n","protected":false},"author":1,"featured_media":113,"parent":0,"menu_order":0,"comment_status":"closed","ping_status":"closed","template":"","meta":[],"yoast_head":"<!-- This site is optimized with the Yoast SEO plugin v19.2 - https:\/\/yoast.com\/wordpress\/plugins\/seo\/ -->\n<title>Aplicativos locais de namoro Coment\u00e1rios de Chag - t\u00edtulo<\/title>\n<meta name=\"robots\" content=\"index, follow, max-snippet:-1, max-image-preview:large, max-video-preview:-1\" \/>\n<link rel=\"canonical\" href=\"https:\/\/chagfordpool.co.uk\/pt-pt\/aplicativos-locais-de-namoro\/\" \/>\n<meta property=\"og:locale\" content=\"pt_PT\" \/>\n<meta property=\"og:type\" content=\"article\" \/>\n<meta property=\"og:title\" content=\"Aplicativos locais de namoro Coment\u00e1rios de Chag - t\u00edtulo\" \/>\n<meta property=\"og:description\" content=\"Encontros s\u00e3o encontros sexuais casuais que geralmente acontecem fora de relacionamentos comprometidos. Embora os encontros nem sempre sejam experi\u00eancias negativas, podem levar a sentimentos de [...]\" \/>\n<meta property=\"og:url\" content=\"https:\/\/chagfordpool.co.uk\/pt-pt\/aplicativos-locais-de-namoro\/\" \/>\n<meta property=\"og:site_name\" content=\"Coment\u00e1rios de Chag\" \/>\n<meta property=\"og:image\" content=\"https:\/\/chagfordpool.co.uk\/wp-content\/uploads\/2022\/07\/real-sex-apps.webp\" \/>\n\t<meta property=\"og:image:width\" content=\"1125\" \/>\n\t<meta property=\"og:image:height\" content=\"750\" \/>\n\t<meta property=\"og:image:type\" content=\"image\/webp\" \/>\n<meta name=\"author\" content=\"Expert Reviews\" \/>\n<meta name=\"twitter:card\" content=\"summary_large_image\" \/>\n<meta name=\"twitter:label1\" content=\"Tempo estimado de leitura\" \/>\n\t<meta name=\"twitter:data1\" content=\"3 minutos\" \/>\n<script type=\"application\/ld+json\" class=\"yoast-schema-graph\">{\"@context\":\"https:\/\/schema.org\",\"@graph\":[{\"@type\":\"WebSite\",\"@id\":\"https:\/\/chagfordpool.co.uk\/#website\",\"url\":\"https:\/\/chagfordpool.co.uk\/\",\"name\":\"Coment\u00e1rios de Chag\",\"description\":\"Aplicativos locais de hookup\",\"potentialAction\":[{\"@type\":\"SearchAction\",\"target\":{\"@type\":\"EntryPoint\",\"urlTemplate\":\"https:\/\/chagfordpool.co.uk\/?s={search_term_string}\"},\"query-input\":\"required name=search_term_string\"}],\"inLanguage\":\"pt-PT\"},{\"@type\":\"ImageObject\",\"inLanguage\":\"pt-PT\",\"@id\":\"https:\/\/chagfordpool.co.uk\/pt-pt\/aplicativos-locais-de-namoro\/#primaryimage\",\"url\":\"https:\/\/chagfordpool.co.uk\/wp-content\/uploads\/2022\/07\/real-sex-apps.webp\",\"contentUrl\":\"https:\/\/chagfordpool.co.uk\/wp-content\/uploads\/2022\/07\/real-sex-apps.webp\",\"width\":1125,\"height\":750},{\"@type\":\"WebPage\",\"@id\":\"https:\/\/chagfordpool.co.uk\/pt-pt\/aplicativos-locais-de-namoro\/#webpage\",\"url\":\"https:\/\/chagfordpool.co.uk\/pt-pt\/aplicativos-locais-de-namoro\/\",\"name\":\"Aplicativos locais de namoro Coment\u00e1rios de Chag - t\u00edtulo\",\"isPartOf\":{\"@id\":\"https:\/\/chagfordpool.co.uk\/#website\"},\"primaryImageOfPage\":{\"@id\":\"https:\/\/chagfordpool.co.uk\/pt-pt\/aplicativos-locais-de-namoro\/#primaryimage\"},\"datePublished\":\"2022-07-26T11:09:29+00:00\",\"dateModified\":\"2022-07-26T11:09:29+00:00\",\"breadcrumb\":{\"@id\":\"https:\/\/chagfordpool.co.uk\/pt-pt\/aplicativos-locais-de-namoro\/#breadcrumb\"},\"inLanguage\":\"pt-PT\",\"potentialAction\":[{\"@type\":\"ReadAction\",\"target\":[\"https:\/\/chagfordpool.co.uk\/pt-pt\/aplicativos-locais-de-namoro\/\"]}]},{\"@type\":\"BreadcrumbList\",\"@id\":\"https:\/\/chagfordpool.co.uk\/pt-pt\/aplicativos-locais-de-namoro\/#breadcrumb\",\"itemListElement\":[{\"@type\":\"ListItem\",\"position\":1,\"name\":\"Casa\",\"item\":\"https:\/\/chagfordpool.co.uk\/pt-pt\/\"},{\"@type\":\"ListItem\",\"position\":2,\"name\":\"Aplicativos locais de namoro\"}]}]}<\/script>\n<!-- \/ Yoast SEO plugin. -->","yoast_head_json":{"title":"Aplicativos locais de namoro Coment\u00e1rios de Chag - t\u00edtulo","robots":{"index":"index","follow":"follow","max-snippet":"max-snippet:-1","max-image-preview":"max-image-preview:large","max-video-preview":"max-video-preview:-1"},"canonical":"https:\/\/chagfordpool.co.uk\/pt-pt\/aplicativos-locais-de-namoro\/","og_locale":"pt_PT","og_type":"article","og_title":"Aplicativos locais de namoro Coment\u00e1rios de Chag - t\u00edtulo","og_description":"Encontros s\u00e3o encontros sexuais casuais que geralmente acontecem fora de relacionamentos comprometidos. Embora os encontros nem sempre sejam experi\u00eancias negativas, podem levar a sentimentos de [...]","og_url":"https:\/\/chagfordpool.co.uk\/pt-pt\/aplicativos-locais-de-namoro\/","og_site_name":"Coment\u00e1rios de Chag","og_image":[{"width":1125,"height":750,"url":"https:\/\/chagfordpool.co.uk\/wp-content\/uploads\/2022\/07\/real-sex-apps.webp","type":"image\/webp"}],"author":"Expert Reviews","twitter_card":"summary_large_image","twitter_misc":{"Tempo estimado de leitura":"3 minutos"},"schema":{"@context":"https:\/\/schema.org","@graph":[{"@type":"WebSite","@id":"https:\/\/chagfordpool.co.uk\/#website","url":"https:\/\/chagfordpool.co.uk\/","name":"Coment\u00e1rios de Chag","description":"Aplicativos locais de hookup","potentialAction":[{"@type":"SearchAction","target":{"@type":"EntryPoint","urlTemplate":"https:\/\/chagfordpool.co.uk\/?s={search_term_string}"},"query-input":"required name=search_term_string"}],"inLanguage":"pt-PT"},{"@type":"ImageObject","inLanguage":"pt-PT","@id":"https:\/\/chagfordpool.co.uk\/pt-pt\/aplicativos-locais-de-namoro\/#primaryimage","url":"https:\/\/chagfordpool.co.uk\/wp-content\/uploads\/2022\/07\/real-sex-apps.webp","contentUrl":"https:\/\/chagfordpool.co.uk\/wp-content\/uploads\/2022\/07\/real-sex-apps.webp","width":1125,"height":750},{"@type":"WebPage","@id":"https:\/\/chagfordpool.co.uk\/pt-pt\/aplicativos-locais-de-namoro\/#webpage","url":"https:\/\/chagfordpool.co.uk\/pt-pt\/aplicativos-locais-de-namoro\/","name":"Aplicativos locais de namoro Coment\u00e1rios de Chag - t\u00edtulo","isPartOf":{"@id":"https:\/\/chagfordpool.co.uk\/#website"},"primaryImageOfPage":{"@id":"https:\/\/chagfordpool.co.uk\/pt-pt\/aplicativos-locais-de-namoro\/#primaryimage"},"datePublished":"2022-07-26T11:09:29+00:00","dateModified":"2022-07-26T11:09:29+00:00","breadcrumb":{"@id":"https:\/\/chagfordpool.co.uk\/pt-pt\/aplicativos-locais-de-namoro\/#breadcrumb"},"inLanguage":"pt-PT","potentialAction":[{"@type":"ReadAction","target":["https:\/\/chagfordpool.co.uk\/pt-pt\/aplicativos-locais-de-namoro\/"]}]},{"@type":"BreadcrumbList","@id":"https:\/\/chagfordpool.co.uk\/pt-pt\/aplicativos-locais-de-namoro\/#breadcrumb","itemListElement":[{"@type":"ListItem","position":1,"name":"Casa","item":"https:\/\/chagfordpool.co.uk\/pt-pt\/"},{"@type":"ListItem","position":2,"name":"Aplicativos locais de namoro"}]}]}},"_links":{"self":[{"href":"https:\/\/chagfordpool.co.uk\/pt-pt\/wp-json\/wp\/v2\/pages\/185"}],"collection":[{"href":"https:\/\/chagfordpool.co.uk\/pt-pt\/wp-json\/wp\/v2\/pages"}],"about":[{"href":"https:\/\/chagfordpool.co.uk\/pt-pt\/wp-json\/wp\/v2\/types\/page"}],"author":[{"embeddable":true,"href":"https:\/\/chagfordpool.co.uk\/pt-pt\/wp-json\/wp\/v2\/users\/1"}],"replies":[{"embeddable":true,"href":"https:\/\/chagfordpool.co.uk\/pt-pt\/wp-json\/wp\/v2\/comments?post=185"}],"version-history":[{"count":0,"href":"https:\/\/chagfordpool.co.uk\/pt-pt\/wp-json\/wp\/v2\/pages\/185\/revisions"}],"wp:featuredmedia":[{"embeddable":true,"href":"https:\/\/chagfordpool.co.uk\/pt-pt\/wp-json\/wp\/v2\/media\/113"}],"wp:attachment":[{"href":"https:\/\/chagfordpool.co.uk\/pt-pt\/wp-json\/wp\/v2\/media?parent=185"}],"curies":[{"name":"wp","href":"https:\/\/api.w.org\/{rel}","templated":true}]}}