{"id":191,"date":"2022-07-26T11:54:57","date_gmt":"2022-07-26T10:54:57","guid":{"rendered":"http:\/\/chagfordpool.co.uk\/sites-de-sexting-adultos\/"},"modified":"2022-07-26T11:54:57","modified_gmt":"2022-07-26T10:54:57","slug":"sites-de-sexting-adultos","status":"publish","type":"page","link":"https:\/\/chagfordpool.co.uk\/pt-pt\/sites-de-sexting-adultos\/","title":{"rendered":"Sites de Sexting adultos"},"content":{"rendered":"<p>As mensagens excitadas s\u00e3o uma forma divertida de dizer a algu\u00e9m que te sentes atra\u00eddo por elas. Quer esteja a enviar uma mensagem de <a href=\"http:\/\/chagfordpool.co.uk\/pt-pt\/as-melhores-formas-de-usar-hookups-a-seu-favor\/\">texto sexy<\/a> ou a publicar uma fotografia sua online, mensagens excitadas s\u00e3o uma forma divertida de expressar o seu interesse por outra pessoa.<\/p>\n<p>H\u00e1 dois tipos principais de mensagens excitadas: as que devem ser engra\u00e7adas e as que se destinam a namoriscar. Mensagens engra\u00e7adas e excitadas s\u00e3o geralmente usadas para expressar afei\u00e7\u00e3o ou humor para com outra pessoa. As mensagens excitadas de flirty s\u00e3o normalmente usadas para atrair aten\u00e7\u00e3o ou provocar algu\u00e9m.<\/p>\n<h2>Trocar mensagens travessas<\/h2>\n<p>Mensagens engra\u00e7adas e excitadas podem ser enviadas atrav\u00e9s de aplica\u00e7\u00f5es de mensagens de texto como WhatsApp, Facebook Messenger, Kik, Viber, Line, WeChat, etc., ou atrav\u00e9s de redes sociais como Instagram, Twitter, Snapchat, Tumblr, Reddit, etc. Mensagens excitadas podem ser enviadas atrav\u00e9s de mensageiros instant\u00e2neos como Skype, Whatsapp, Facebook Messenger, LINE, Viber, etc., ou atrav\u00e9s de outras redes sociais como Instagram, Pinterest, Tumblr, Reddit, Twitter, etc.<\/p>\n<p>\u00c9 importante lembrar que mensagens excitadas nem sempre s\u00e3o apropriadas.<\/p>\n<p>Aqui ficam algumas dicas a ter em conta na escolha da plataforma certa e no envio do tipo certo de mensagem excitada:<\/p>\n<ul>\n<li>Escolha a plataforma certa: Existem <a href=\"http:\/\/chagfordpool.co.uk\/pt-pt\/melhores-maneiras-de-conhecer-como-solteiros-minded\/\">muitas plataformas<\/a> onde pode enviar mensagens excitadas. No entanto, se escolher a plataforma errada, pode acabar por ser reportado ou bloqueado. Por exemplo, o envio de fotos ou v\u00eddeos marotas sobre o WhatsApp pode resultar na suspens\u00e3o da sua conta. Da mesma forma, o envio de textos sujos atrav\u00e9s do Instagram pode resultar na proibi\u00e7\u00e3o da sua conta.<\/li>\n<li>Envie o tipo certo de texto excitado: Ao enviar mensagens excitadas, \u00e9 importante entender a diferen\u00e7a entre namoriscar e brincar. Embora ambos os tipos de mensagens possam ser divertidos, enviar piadas pode p\u00f4r-te em apuros. Por exemplo, enviar piadas sexuais pode resultar em que seja denunciado ou bloqueado.<\/li>\n<\/ul>\n<p>Por isso, ao enviar mensagens excitadas pode ser divertido, \u00e9 importante ter cuidado com quem as envia e com que tipo de mensagens envia.<\/p>\n<h2>Tipos de Sites de Liga\u00e7\u00e3o<\/h2>\n<p>Encontros s\u00e3o encontros casuais entre duas pessoas que n\u00e3o est\u00e3o necessariamente \u00e0 procura de nada a longo prazo. Enquanto os encontros podem levar a relacionamentos, normalmente s\u00e3o apenas para ser experi\u00eancias divertidas.<\/p>\n<p>Existem v\u00e1rios tipos diferentes de encontros, incluindo sexo casual, sexo a tr\u00eas e sexo em grupo. Sexo casual \u00e9 tipicamente definido como ter rela\u00e7\u00f5es sexuais com algu\u00e9m que n\u00e3o est\u00e1 romanticamente envolvido contigo. Os trios s\u00e3o semelhantes ao sexo casual, exceto que ambos os participantes est\u00e3o sexualmente envolvidos uns com os outros. O sexo em grupo envolve v\u00e1rios parceiros, e embora possa ser consensual, \u00e9 frequentemente usado como uma forma de prostitui\u00e7\u00e3o.<\/p>\n<p>Para evitar estes problemas, tente encontrar potenciais encontros online e n\u00e3o pessoalmente. Sites de encontros online como o Tinder e o OkCupid oferecem muitas oportunidades para se conectarem com pessoas que partilham interesses comuns. Assim que encontrar algu\u00e9m que queira conhecer, arranje uma hora e um lugar para se encontrar. Certifique-se de que comunica claramente sobre limites e expectativas de antem\u00e3o, e concorde com uma palavra ou frase segura que pode usar para que o seu parceiro saiba que est\u00e1 desconfort\u00e1vel com determinadas situa\u00e7\u00f5es.<\/p>\n","protected":false},"excerpt":{"rendered":"<p>As mensagens excitadas s\u00e3o uma forma divertida de dizer a algu\u00e9m que te sentes atra\u00eddo por elas. Quer esteja a enviar uma mensagem de texto [&#8230;]<\/p>\n","protected":false},"author":1,"featured_media":153,"parent":0,"menu_order":0,"comment_status":"closed","ping_status":"closed","template":"","meta":[],"yoast_head":"<!-- This site is optimized with the Yoast SEO plugin v19.2 - https:\/\/yoast.com\/wordpress\/plugins\/seo\/ -->\n<title>Sites de Sexting adultos Coment\u00e1rios de Chag - t\u00edtulo<\/title>\n<meta name=\"robots\" content=\"index, follow, max-snippet:-1, max-image-preview:large, max-video-preview:-1\" \/>\n<link rel=\"canonical\" href=\"https:\/\/chagfordpool.co.uk\/pt-pt\/sites-de-sexting-adultos\/\" \/>\n<meta property=\"og:locale\" content=\"pt_PT\" \/>\n<meta property=\"og:type\" content=\"article\" \/>\n<meta property=\"og:title\" content=\"Sites de Sexting adultos Coment\u00e1rios de Chag - t\u00edtulo\" \/>\n<meta property=\"og:description\" content=\"As mensagens excitadas s\u00e3o uma forma divertida de dizer a algu\u00e9m que te sentes atra\u00eddo por elas. Quer esteja a enviar uma mensagem de texto [...]\" \/>\n<meta property=\"og:url\" content=\"https:\/\/chagfordpool.co.uk\/pt-pt\/sites-de-sexting-adultos\/\" \/>\n<meta property=\"og:site_name\" content=\"Coment\u00e1rios de Chag\" \/>\n<meta property=\"og:image\" content=\"https:\/\/chagfordpool.co.uk\/wp-content\/uploads\/2022\/07\/online-hookup-meet-in-person.jpeg\" \/>\n\t<meta property=\"og:image:width\" content=\"500\" \/>\n\t<meta property=\"og:image:height\" content=\"333\" \/>\n\t<meta property=\"og:image:type\" content=\"image\/jpeg\" \/>\n<meta name=\"author\" content=\"Expert Reviews\" \/>\n<meta name=\"twitter:card\" content=\"summary_large_image\" \/>\n<meta name=\"twitter:label1\" content=\"Tempo estimado de leitura\" \/>\n\t<meta name=\"twitter:data1\" content=\"3 minutos\" \/>\n<script type=\"application\/ld+json\" class=\"yoast-schema-graph\">{\"@context\":\"https:\/\/schema.org\",\"@graph\":[{\"@type\":\"WebSite\",\"@id\":\"https:\/\/chagfordpool.co.uk\/#website\",\"url\":\"https:\/\/chagfordpool.co.uk\/\",\"name\":\"Coment\u00e1rios de Chag\",\"description\":\"Aplicativos locais de hookup\",\"potentialAction\":[{\"@type\":\"SearchAction\",\"target\":{\"@type\":\"EntryPoint\",\"urlTemplate\":\"https:\/\/chagfordpool.co.uk\/?s={search_term_string}\"},\"query-input\":\"required name=search_term_string\"}],\"inLanguage\":\"pt-PT\"},{\"@type\":\"ImageObject\",\"inLanguage\":\"pt-PT\",\"@id\":\"https:\/\/chagfordpool.co.uk\/pt-pt\/sites-de-sexting-adultos\/#primaryimage\",\"url\":\"https:\/\/chagfordpool.co.uk\/wp-content\/uploads\/2022\/07\/online-hookup-meet-in-person.jpeg\",\"contentUrl\":\"https:\/\/chagfordpool.co.uk\/wp-content\/uploads\/2022\/07\/online-hookup-meet-in-person.jpeg\",\"width\":500,\"height\":333},{\"@type\":\"WebPage\",\"@id\":\"https:\/\/chagfordpool.co.uk\/pt-pt\/sites-de-sexting-adultos\/#webpage\",\"url\":\"https:\/\/chagfordpool.co.uk\/pt-pt\/sites-de-sexting-adultos\/\",\"name\":\"Sites de Sexting adultos Coment\u00e1rios de Chag - t\u00edtulo\",\"isPartOf\":{\"@id\":\"https:\/\/chagfordpool.co.uk\/#website\"},\"primaryImageOfPage\":{\"@id\":\"https:\/\/chagfordpool.co.uk\/pt-pt\/sites-de-sexting-adultos\/#primaryimage\"},\"datePublished\":\"2022-07-26T10:54:57+00:00\",\"dateModified\":\"2022-07-26T10:54:57+00:00\",\"breadcrumb\":{\"@id\":\"https:\/\/chagfordpool.co.uk\/pt-pt\/sites-de-sexting-adultos\/#breadcrumb\"},\"inLanguage\":\"pt-PT\",\"potentialAction\":[{\"@type\":\"ReadAction\",\"target\":[\"https:\/\/chagfordpool.co.uk\/pt-pt\/sites-de-sexting-adultos\/\"]}]},{\"@type\":\"BreadcrumbList\",\"@id\":\"https:\/\/chagfordpool.co.uk\/pt-pt\/sites-de-sexting-adultos\/#breadcrumb\",\"itemListElement\":[{\"@type\":\"ListItem\",\"position\":1,\"name\":\"Casa\",\"item\":\"https:\/\/chagfordpool.co.uk\/pt-pt\/\"},{\"@type\":\"ListItem\",\"position\":2,\"name\":\"Sites de Sexting adultos\"}]}]}<\/script>\n<!-- \/ Yoast SEO plugin. -->","yoast_head_json":{"title":"Sites de Sexting adultos Coment\u00e1rios de Chag - t\u00edtulo","robots":{"index":"index","follow":"follow","max-snippet":"max-snippet:-1","max-image-preview":"max-image-preview:large","max-video-preview":"max-video-preview:-1"},"canonical":"https:\/\/chagfordpool.co.uk\/pt-pt\/sites-de-sexting-adultos\/","og_locale":"pt_PT","og_type":"article","og_title":"Sites de Sexting adultos Coment\u00e1rios de Chag - t\u00edtulo","og_description":"As mensagens excitadas s\u00e3o uma forma divertida de dizer a algu\u00e9m que te sentes atra\u00eddo por elas. Quer esteja a enviar uma mensagem de texto [...]","og_url":"https:\/\/chagfordpool.co.uk\/pt-pt\/sites-de-sexting-adultos\/","og_site_name":"Coment\u00e1rios de Chag","og_image":[{"width":500,"height":333,"url":"https:\/\/chagfordpool.co.uk\/wp-content\/uploads\/2022\/07\/online-hookup-meet-in-person.jpeg","type":"image\/jpeg"}],"author":"Expert Reviews","twitter_card":"summary_large_image","twitter_misc":{"Tempo estimado de leitura":"3 minutos"},"schema":{"@context":"https:\/\/schema.org","@graph":[{"@type":"WebSite","@id":"https:\/\/chagfordpool.co.uk\/#website","url":"https:\/\/chagfordpool.co.uk\/","name":"Coment\u00e1rios de Chag","description":"Aplicativos locais de hookup","potentialAction":[{"@type":"SearchAction","target":{"@type":"EntryPoint","urlTemplate":"https:\/\/chagfordpool.co.uk\/?s={search_term_string}"},"query-input":"required name=search_term_string"}],"inLanguage":"pt-PT"},{"@type":"ImageObject","inLanguage":"pt-PT","@id":"https:\/\/chagfordpool.co.uk\/pt-pt\/sites-de-sexting-adultos\/#primaryimage","url":"https:\/\/chagfordpool.co.uk\/wp-content\/uploads\/2022\/07\/online-hookup-meet-in-person.jpeg","contentUrl":"https:\/\/chagfordpool.co.uk\/wp-content\/uploads\/2022\/07\/online-hookup-meet-in-person.jpeg","width":500,"height":333},{"@type":"WebPage","@id":"https:\/\/chagfordpool.co.uk\/pt-pt\/sites-de-sexting-adultos\/#webpage","url":"https:\/\/chagfordpool.co.uk\/pt-pt\/sites-de-sexting-adultos\/","name":"Sites de Sexting adultos Coment\u00e1rios de Chag - t\u00edtulo","isPartOf":{"@id":"https:\/\/chagfordpool.co.uk\/#website"},"primaryImageOfPage":{"@id":"https:\/\/chagfordpool.co.uk\/pt-pt\/sites-de-sexting-adultos\/#primaryimage"},"datePublished":"2022-07-26T10:54:57+00:00","dateModified":"2022-07-26T10:54:57+00:00","breadcrumb":{"@id":"https:\/\/chagfordpool.co.uk\/pt-pt\/sites-de-sexting-adultos\/#breadcrumb"},"inLanguage":"pt-PT","potentialAction":[{"@type":"ReadAction","target":["https:\/\/chagfordpool.co.uk\/pt-pt\/sites-de-sexting-adultos\/"]}]},{"@type":"BreadcrumbList","@id":"https:\/\/chagfordpool.co.uk\/pt-pt\/sites-de-sexting-adultos\/#breadcrumb","itemListElement":[{"@type":"ListItem","position":1,"name":"Casa","item":"https:\/\/chagfordpool.co.uk\/pt-pt\/"},{"@type":"ListItem","position":2,"name":"Sites de Sexting adultos"}]}]}},"_links":{"self":[{"href":"https:\/\/chagfordpool.co.uk\/pt-pt\/wp-json\/wp\/v2\/pages\/191"}],"collection":[{"href":"https:\/\/chagfordpool.co.uk\/pt-pt\/wp-json\/wp\/v2\/pages"}],"about":[{"href":"https:\/\/chagfordpool.co.uk\/pt-pt\/wp-json\/wp\/v2\/types\/page"}],"author":[{"embeddable":true,"href":"https:\/\/chagfordpool.co.uk\/pt-pt\/wp-json\/wp\/v2\/users\/1"}],"replies":[{"embeddable":true,"href":"https:\/\/chagfordpool.co.uk\/pt-pt\/wp-json\/wp\/v2\/comments?post=191"}],"version-history":[{"count":0,"href":"https:\/\/chagfordpool.co.uk\/pt-pt\/wp-json\/wp\/v2\/pages\/191\/revisions"}],"wp:featuredmedia":[{"embeddable":true,"href":"https:\/\/chagfordpool.co.uk\/pt-pt\/wp-json\/wp\/v2\/media\/153"}],"wp:attachment":[{"href":"https:\/\/chagfordpool.co.uk\/pt-pt\/wp-json\/wp\/v2\/media?parent=191"}],"curies":[{"name":"wp","href":"https:\/\/api.w.org\/{rel}","templated":true}]}}