{"id":192,"date":"2022-07-26T11:54:12","date_gmt":"2022-07-26T10:54:12","guid":{"rendered":"http:\/\/chagfordpool.co.uk\/melhores-maneiras-de-conhecer-como-solteiros-minded\/"},"modified":"2022-07-26T11:54:12","modified_gmt":"2022-07-26T10:54:12","slug":"melhores-maneiras-de-conhecer-como-solteiros-minded","status":"publish","type":"page","link":"https:\/\/chagfordpool.co.uk\/pt-pt\/melhores-maneiras-de-conhecer-como-solteiros-minded\/","title":{"rendered":"Melhores maneiras de conhecer como solteiros minded"},"content":{"rendered":"<p>Os encontros s\u00e3o divertidos e casuais entre <a href=\"http:\/\/chagfordpool.co.uk\/pt-pt\/como-descobrir-se-ele-quer-te\/\">dois estranhos<\/a> que se encontram online ou offline. Existem muitos sites que atendem especificamente a encontros, incluindo Tinder, OkCupid, PlentyOfFish e Match.com. Estes sites permitem que os utilizadores naveguem perfis com base na localiza\u00e7\u00e3o, idade, sexo, interesses e outros crit\u00e9rios. Quando algu\u00e9m encontrar algu\u00e9m com quem queira conversar, pode enviar uma mensagem ou pedir uma reuni\u00e3o presencial.<\/p>\n<p>Enquanto algumas aplica\u00e7\u00f5es de engate s\u00e3o direcionadas para relacionamentos de longo prazo, outras s\u00e3o estritamente para aventuras r\u00e1pidas. Algumas pessoas preferem evitar o compromisso, enquanto outras gostam de ter v\u00e1rios parceiros ao longo de uma noite. Seja qual for o tipo de rela\u00e7\u00e3o que procuras, encontrar um parceiro n\u00e3o deve ser dif\u00edcil. Lembre-se de estar seguro e seguir as regras do senso comum.<\/p>\n<h2>Como conhecer mulheres locais para sexo<\/h2>\n<p>N\u00e3o \u00e9 segredo que as mulheres procuram homens confiantes, bem sucedidos e ambiciosos. Por isso, se est\u00e1s a tentar atrair mulheres online, precisas de transmitir estas caracter\u00edsticas.<\/p>\n<p>Para come\u00e7ar, escreva sobre si mesmo de uma forma positiva. N\u00e3o fale apenas sobre os seus feitos. falar sobre como superou obst\u00e1culos e alcan\u00e7ou o sucesso. Al\u00e9m disso, n\u00e3o se esque\u00e7a de mencionar que est\u00e1 solteira. As mulheres adoram ouvir hist\u00f3rias de outras pessoas que v\u00e3o atr\u00e1s do que querem, e v\u00e3o adorar saber que est\u00e1s a fazer a mesma coisa.<\/p>\n<p>Em seguida, concentre-se nos seus pontos fortes. Que habilidades possui que o distinguem dos outros? Escreva sobre as suas paix\u00f5es e passatempos e partilhe detalhes sobre os seus interesses. Quando te descreveres em termos da tua personalidade, vais destacar-te da multid\u00e3o.<\/p>\n<p>Por \u00faltimo, fale sobre os seus objetivos. Diz-lhe o que gostarias de realizar na vida, e explica-lhe como ela pode ajudar-te a alcan\u00e7\u00e1-las. Certifique-se de enfatizar as suas ambi\u00e7\u00f5es e sonhos, e evite falar de dinheiro. Em vez disso, concentrem-se no futuro e no quanto se divertir\u00e3o juntos.<\/p>\n<p>Seguindo estas dicas, poder\u00e1 criar um perfil que se destaque entre os restantes. E, quando o fizeres, poder\u00e1s ligar-te a mais mulheres online.<\/p>\n<h3>Meet For Sex<\/h3>\n<p>Meet for sex \u00e9 um grande benef\u00edcio de se juntar <a href=\"http:\/\/chagfordpool.co.uk\/pt-pt\/as-melhores-formas-de-usar-hookups-a-seu-favor\/\">a aplicativos locais de namoro<\/a> que conecta homens que procuram encontros casuais com mulheres que n\u00e3o procuram nenhuma divers\u00e3o anexada.<\/p>\n<p>\u00c9 f\u00e1cil conhecer algu\u00e9m novo online, mas encontrar um parceiro para encontros reais \u00e0s vezes pode parecer uma agulha num palheiro.<\/p>\n<p>Com mais de 2 milh\u00f5es de membros em todo o mundo, estas aplica\u00e7\u00f5es de liga\u00e7\u00e3o online oferecem uma plataforma segura e discreta para conhecer outros adultos perto de si. Quer esteja \u00e0 procura de amizade, romance ou apenas uma noite de paix\u00e3o, este \u00e9 o lugar perfeito para se conectar com outros pr\u00f3ximos.<\/p>\n<p>Para participar, inscreva-se gratuitamente hoje e navegue nos nossos perfis de locais atraentes na sua \u00e1rea. Em seguida, envie mensagens para potenciais partidas e marque uma reuni\u00e3o presencial.<\/p>\n","protected":false},"excerpt":{"rendered":"<p>Os encontros s\u00e3o divertidos e casuais entre dois estranhos que se encontram online ou offline. Existem muitos sites que atendem especificamente a encontros, incluindo Tinder, [&#8230;]<\/p>\n","protected":false},"author":1,"featured_media":143,"parent":0,"menu_order":0,"comment_status":"closed","ping_status":"closed","template":"","meta":[],"yoast_head":"<!-- This site is optimized with the Yoast SEO plugin v19.2 - https:\/\/yoast.com\/wordpress\/plugins\/seo\/ -->\n<title>Melhores maneiras de conhecer como solteiros minded Coment\u00e1rios de Chag - t\u00edtulo<\/title>\n<meta name=\"robots\" content=\"index, follow, max-snippet:-1, max-image-preview:large, max-video-preview:-1\" \/>\n<link rel=\"canonical\" href=\"https:\/\/chagfordpool.co.uk\/pt-pt\/melhores-maneiras-de-conhecer-como-solteiros-minded\/\" \/>\n<meta property=\"og:locale\" content=\"pt_PT\" \/>\n<meta property=\"og:type\" content=\"article\" \/>\n<meta property=\"og:title\" content=\"Melhores maneiras de conhecer como solteiros minded Coment\u00e1rios de Chag - t\u00edtulo\" \/>\n<meta property=\"og:description\" content=\"Os encontros s\u00e3o divertidos e casuais entre dois estranhos que se encontram online ou offline. Existem muitos sites que atendem especificamente a encontros, incluindo Tinder, [...]\" \/>\n<meta property=\"og:url\" content=\"https:\/\/chagfordpool.co.uk\/pt-pt\/melhores-maneiras-de-conhecer-como-solteiros-minded\/\" \/>\n<meta property=\"og:site_name\" content=\"Coment\u00e1rios de Chag\" \/>\n<meta property=\"og:image\" content=\"https:\/\/chagfordpool.co.uk\/wp-content\/uploads\/2022\/07\/singles.jpeg\" \/>\n\t<meta property=\"og:image:width\" content=\"1000\" \/>\n\t<meta property=\"og:image:height\" content=\"1500\" \/>\n\t<meta property=\"og:image:type\" content=\"image\/jpeg\" \/>\n<meta name=\"author\" content=\"Expert Reviews\" \/>\n<meta name=\"twitter:card\" content=\"summary_large_image\" \/>\n<meta name=\"twitter:label1\" content=\"Tempo estimado de leitura\" \/>\n\t<meta name=\"twitter:data1\" content=\"3 minutos\" \/>\n<script type=\"application\/ld+json\" class=\"yoast-schema-graph\">{\"@context\":\"https:\/\/schema.org\",\"@graph\":[{\"@type\":\"WebSite\",\"@id\":\"https:\/\/chagfordpool.co.uk\/#website\",\"url\":\"https:\/\/chagfordpool.co.uk\/\",\"name\":\"Coment\u00e1rios de Chag\",\"description\":\"Aplicativos locais de hookup\",\"potentialAction\":[{\"@type\":\"SearchAction\",\"target\":{\"@type\":\"EntryPoint\",\"urlTemplate\":\"https:\/\/chagfordpool.co.uk\/?s={search_term_string}\"},\"query-input\":\"required name=search_term_string\"}],\"inLanguage\":\"pt-PT\"},{\"@type\":\"ImageObject\",\"inLanguage\":\"pt-PT\",\"@id\":\"https:\/\/chagfordpool.co.uk\/pt-pt\/melhores-maneiras-de-conhecer-como-solteiros-minded\/#primaryimage\",\"url\":\"https:\/\/chagfordpool.co.uk\/wp-content\/uploads\/2022\/07\/singles.jpeg\",\"contentUrl\":\"https:\/\/chagfordpool.co.uk\/wp-content\/uploads\/2022\/07\/singles.jpeg\",\"width\":1000,\"height\":1500},{\"@type\":\"WebPage\",\"@id\":\"https:\/\/chagfordpool.co.uk\/pt-pt\/melhores-maneiras-de-conhecer-como-solteiros-minded\/#webpage\",\"url\":\"https:\/\/chagfordpool.co.uk\/pt-pt\/melhores-maneiras-de-conhecer-como-solteiros-minded\/\",\"name\":\"Melhores maneiras de conhecer como solteiros minded Coment\u00e1rios de Chag - t\u00edtulo\",\"isPartOf\":{\"@id\":\"https:\/\/chagfordpool.co.uk\/#website\"},\"primaryImageOfPage\":{\"@id\":\"https:\/\/chagfordpool.co.uk\/pt-pt\/melhores-maneiras-de-conhecer-como-solteiros-minded\/#primaryimage\"},\"datePublished\":\"2022-07-26T10:54:12+00:00\",\"dateModified\":\"2022-07-26T10:54:12+00:00\",\"breadcrumb\":{\"@id\":\"https:\/\/chagfordpool.co.uk\/pt-pt\/melhores-maneiras-de-conhecer-como-solteiros-minded\/#breadcrumb\"},\"inLanguage\":\"pt-PT\",\"potentialAction\":[{\"@type\":\"ReadAction\",\"target\":[\"https:\/\/chagfordpool.co.uk\/pt-pt\/melhores-maneiras-de-conhecer-como-solteiros-minded\/\"]}]},{\"@type\":\"BreadcrumbList\",\"@id\":\"https:\/\/chagfordpool.co.uk\/pt-pt\/melhores-maneiras-de-conhecer-como-solteiros-minded\/#breadcrumb\",\"itemListElement\":[{\"@type\":\"ListItem\",\"position\":1,\"name\":\"Casa\",\"item\":\"https:\/\/chagfordpool.co.uk\/pt-pt\/\"},{\"@type\":\"ListItem\",\"position\":2,\"name\":\"Melhores maneiras de conhecer como solteiros minded\"}]}]}<\/script>\n<!-- \/ Yoast SEO plugin. -->","yoast_head_json":{"title":"Melhores maneiras de conhecer como solteiros minded Coment\u00e1rios de Chag - t\u00edtulo","robots":{"index":"index","follow":"follow","max-snippet":"max-snippet:-1","max-image-preview":"max-image-preview:large","max-video-preview":"max-video-preview:-1"},"canonical":"https:\/\/chagfordpool.co.uk\/pt-pt\/melhores-maneiras-de-conhecer-como-solteiros-minded\/","og_locale":"pt_PT","og_type":"article","og_title":"Melhores maneiras de conhecer como solteiros minded Coment\u00e1rios de Chag - t\u00edtulo","og_description":"Os encontros s\u00e3o divertidos e casuais entre dois estranhos que se encontram online ou offline. Existem muitos sites que atendem especificamente a encontros, incluindo Tinder, [...]","og_url":"https:\/\/chagfordpool.co.uk\/pt-pt\/melhores-maneiras-de-conhecer-como-solteiros-minded\/","og_site_name":"Coment\u00e1rios de Chag","og_image":[{"width":1000,"height":1500,"url":"https:\/\/chagfordpool.co.uk\/wp-content\/uploads\/2022\/07\/singles.jpeg","type":"image\/jpeg"}],"author":"Expert Reviews","twitter_card":"summary_large_image","twitter_misc":{"Tempo estimado de leitura":"3 minutos"},"schema":{"@context":"https:\/\/schema.org","@graph":[{"@type":"WebSite","@id":"https:\/\/chagfordpool.co.uk\/#website","url":"https:\/\/chagfordpool.co.uk\/","name":"Coment\u00e1rios de Chag","description":"Aplicativos locais de hookup","potentialAction":[{"@type":"SearchAction","target":{"@type":"EntryPoint","urlTemplate":"https:\/\/chagfordpool.co.uk\/?s={search_term_string}"},"query-input":"required name=search_term_string"}],"inLanguage":"pt-PT"},{"@type":"ImageObject","inLanguage":"pt-PT","@id":"https:\/\/chagfordpool.co.uk\/pt-pt\/melhores-maneiras-de-conhecer-como-solteiros-minded\/#primaryimage","url":"https:\/\/chagfordpool.co.uk\/wp-content\/uploads\/2022\/07\/singles.jpeg","contentUrl":"https:\/\/chagfordpool.co.uk\/wp-content\/uploads\/2022\/07\/singles.jpeg","width":1000,"height":1500},{"@type":"WebPage","@id":"https:\/\/chagfordpool.co.uk\/pt-pt\/melhores-maneiras-de-conhecer-como-solteiros-minded\/#webpage","url":"https:\/\/chagfordpool.co.uk\/pt-pt\/melhores-maneiras-de-conhecer-como-solteiros-minded\/","name":"Melhores maneiras de conhecer como solteiros minded Coment\u00e1rios de Chag - t\u00edtulo","isPartOf":{"@id":"https:\/\/chagfordpool.co.uk\/#website"},"primaryImageOfPage":{"@id":"https:\/\/chagfordpool.co.uk\/pt-pt\/melhores-maneiras-de-conhecer-como-solteiros-minded\/#primaryimage"},"datePublished":"2022-07-26T10:54:12+00:00","dateModified":"2022-07-26T10:54:12+00:00","breadcrumb":{"@id":"https:\/\/chagfordpool.co.uk\/pt-pt\/melhores-maneiras-de-conhecer-como-solteiros-minded\/#breadcrumb"},"inLanguage":"pt-PT","potentialAction":[{"@type":"ReadAction","target":["https:\/\/chagfordpool.co.uk\/pt-pt\/melhores-maneiras-de-conhecer-como-solteiros-minded\/"]}]},{"@type":"BreadcrumbList","@id":"https:\/\/chagfordpool.co.uk\/pt-pt\/melhores-maneiras-de-conhecer-como-solteiros-minded\/#breadcrumb","itemListElement":[{"@type":"ListItem","position":1,"name":"Casa","item":"https:\/\/chagfordpool.co.uk\/pt-pt\/"},{"@type":"ListItem","position":2,"name":"Melhores maneiras de conhecer como solteiros minded"}]}]}},"_links":{"self":[{"href":"https:\/\/chagfordpool.co.uk\/pt-pt\/wp-json\/wp\/v2\/pages\/192"}],"collection":[{"href":"https:\/\/chagfordpool.co.uk\/pt-pt\/wp-json\/wp\/v2\/pages"}],"about":[{"href":"https:\/\/chagfordpool.co.uk\/pt-pt\/wp-json\/wp\/v2\/types\/page"}],"author":[{"embeddable":true,"href":"https:\/\/chagfordpool.co.uk\/pt-pt\/wp-json\/wp\/v2\/users\/1"}],"replies":[{"embeddable":true,"href":"https:\/\/chagfordpool.co.uk\/pt-pt\/wp-json\/wp\/v2\/comments?post=192"}],"version-history":[{"count":0,"href":"https:\/\/chagfordpool.co.uk\/pt-pt\/wp-json\/wp\/v2\/pages\/192\/revisions"}],"wp:featuredmedia":[{"embeddable":true,"href":"https:\/\/chagfordpool.co.uk\/pt-pt\/wp-json\/wp\/v2\/media\/143"}],"wp:attachment":[{"href":"https:\/\/chagfordpool.co.uk\/pt-pt\/wp-json\/wp\/v2\/media?parent=192"}],"curies":[{"name":"wp","href":"https:\/\/api.w.org\/{rel}","templated":true}]}}