{"id":216,"date":"2022-07-26T12:33:19","date_gmt":"2022-07-26T11:33:19","guid":{"rendered":"http:\/\/chagfordpool.co.uk\/o-que-e-o-diferente-entre-apps-de-hookup-casual-mainstream-dating\/"},"modified":"2022-07-26T12:33:19","modified_gmt":"2022-07-26T11:33:19","slug":"o-que-e-o-diferente-entre-apps-de-hookup-casual-mainstream-dating","status":"publish","type":"page","link":"https:\/\/chagfordpool.co.uk\/pt-pt\/o-que-e-o-diferente-entre-apps-de-hookup-casual-mainstream-dating\/","title":{"rendered":"O que \u00e9 o diferente entre apps de hookup casual &amp; mainstream dating"},"content":{"rendered":"<p>Se voc\u00ea est\u00e1 procurando algo casual esta noite, entrar numa app ou site de encontros pode ser uma boa ideia. Existem muitas op\u00e7\u00f5es l\u00e1 fora, mas \u00e9 importante saber como cada um funciona e o que procurar ao escolher uma aplica\u00e7\u00e3o de encontros ou website.<\/p>\n<h2>Sites casuais de encontro vs. namoro<\/h2>\n<p>Hoje em dia, parece que todos querem conhecer algu\u00e9m novo. Quer estejas \u00e0 procura de uma rela\u00e7\u00e3o s\u00e9ria, uma aventura divertida, ou apenas queiras apimentar a tua vida sexual, h\u00e1 muitas maneiras de te conectares com solteiros perto de ti. Com o aumento da tecnologia m\u00f3vel, no entanto, o namoro online tornou-se mais f\u00e1cil do que nunca. Existem agora in\u00fameras op\u00e7\u00f5es dispon\u00edveis, incluindo Tinder, Bumble, OkCupid, Match, Plenty Of Fish, Zoosk e at\u00e9 mesmo Facebook.<\/p>\n<p>Muitos destes sites s\u00e3o projetados especificamente para encontros casuais, <a href=\"http:\/\/chagfordpool.co.uk\/pt-pt\/melhores-maneiras-de-conhecer-como-solteiros-minded\/\">enquanto os sites de encontros<\/a> atendem \u00e0queles que procuram relacionamentos de curto prazo. Estes sites muitas vezes permitem que as pessoas naveguem perfis sem ter que pagar nada adiantado, tornando-os perfeitos para aqueles que procuram experimentar algo novo sem comprometer muito dinheiro. Al\u00e9m de serem completamente gratuitos, os sites de encontros casuais geralmente fornecem muita informa\u00e7\u00e3o sobre potenciais partidas, como onde vivem, trabalham e v\u00e3o para a escola. Isto ajuda a tornar mais f\u00e1cil ver se seriam ou n\u00e3o um bom par um para o outro.<\/p>\n<p>Por outro lado, os sites de encontros tendem a focar-se mais na atra\u00e7\u00e3o f\u00edsica. Estes sites normalmente requerem pagamento antecipado, mas d\u00e3o aos membros acesso a toneladas de funcionalidades adicionais. Por exemplo, podem deixar-te ver fotos da pessoa com quem est\u00e1s a conversar, enviar presentes virtuais e fazer perguntas sobre a sua personalidade. Eles tamb\u00e9m geralmente incluem funcionalidade de mensagens, permitindo-lhe conversar com a pessoa com quem foi combinado. Claro, tanto sites de encontros casuais como sites de encontros s\u00e3o \u00f3timos lugares para come\u00e7ar. Se procura uma rela\u00e7\u00e3o duradoura, provavelmente vai querer manter-se com um site de encontros tradicional. Por outro lado, se voc\u00ea est\u00e1 apenas procurando por alguma excita\u00e7\u00e3o extra, sites de encontros casuais ou sites de encontros podem ser exatamente o que voc\u00ea est\u00e1 procurando.<\/p>\n<h2>Tr\u00eas principais raz\u00f5es para experimentar encontros casuais<\/h2>\n<h3>Conveni\u00eancia<\/h3>\n<p>Uma das principais vantagens do namoro online \u00e9 que permite encontrar potenciais parceiros em qualquer lugar. N\u00e3o tens de te preocupar em ser rejeitado porque n\u00e3o est\u00e1s disposto a arriscar com algu\u00e9m. Pode at\u00e9 conhecer pessoas de todo o mundo. As aplica\u00e7\u00f5es de encontros online permitem-lhe conectar-se com pessoas que vivem longe de si. N\u00e3o h\u00e1 raz\u00e3o para perder uma boa oportunidade de novo.<\/p>\n<h3>Privacidade<\/h3>\n<p>Sites de encontros online facilitam a vida \u00e0s coisas. Pode navegar nos perfis de forma an\u00f3nima. Desde que tenhas cuidado com a informa\u00e7\u00e3o que p\u00f5es l\u00e1 fora, n\u00e3o ter\u00e1s de te preocupar em ser enganado. N\u00e3o queres acabar por gastar dinheiro em algo que n\u00e3o vale nada. O namoro online d\u00e1-lhe a liberdade de decidir se quer revelar a sua identidade.<\/p>\n<h3>Flexibilidade<\/h3>\n<p>Podes definir as regras do teu jogo. Quer opte por faz\u00ea-lo atrav\u00e9s de mensagens de texto ou de chats de v\u00eddeo, pode controlar exatamente a frequ\u00eancia com que interage com potenciais partidas. Voc\u00ea tamb\u00e9m pode definir suas prefer\u00eancias com base na idade, sexo, etnia, religi\u00e3o, orienta\u00e7\u00e3o sexual, etc. Quando estiver pronto, pode simplesmente alterar as suas defini\u00e7\u00f5es e come\u00e7ar a interagir com as pessoas novamente.<\/p>\n","protected":false},"excerpt":{"rendered":"<p>Se voc\u00ea est\u00e1 procurando algo casual esta noite, entrar numa app ou site de encontros pode ser uma boa ideia. Existem muitas op\u00e7\u00f5es l\u00e1 fora, [&#8230;]<\/p>\n","protected":false},"author":1,"featured_media":0,"parent":0,"menu_order":0,"comment_status":"closed","ping_status":"closed","template":"","meta":[],"yoast_head":"<!-- This site is optimized with the Yoast SEO plugin v19.2 - https:\/\/yoast.com\/wordpress\/plugins\/seo\/ -->\n<title>O que \u00e9 o diferente entre apps de hookup casual &amp; mainstream dating Coment\u00e1rios de Chag - t\u00edtulo<\/title>\n<meta name=\"robots\" content=\"index, follow, max-snippet:-1, max-image-preview:large, max-video-preview:-1\" \/>\n<link rel=\"canonical\" href=\"https:\/\/chagfordpool.co.uk\/pt-pt\/o-que-e-o-diferente-entre-apps-de-hookup-casual-mainstream-dating\/\" \/>\n<meta property=\"og:locale\" content=\"pt_PT\" \/>\n<meta property=\"og:type\" content=\"article\" \/>\n<meta property=\"og:title\" content=\"O que \u00e9 o diferente entre apps de hookup casual &amp; mainstream dating Coment\u00e1rios de Chag - t\u00edtulo\" \/>\n<meta property=\"og:description\" content=\"Se voc\u00ea est\u00e1 procurando algo casual esta noite, entrar numa app ou site de encontros pode ser uma boa ideia. Existem muitas op\u00e7\u00f5es l\u00e1 fora, [...]\" \/>\n<meta property=\"og:url\" content=\"https:\/\/chagfordpool.co.uk\/pt-pt\/o-que-e-o-diferente-entre-apps-de-hookup-casual-mainstream-dating\/\" \/>\n<meta property=\"og:site_name\" content=\"Coment\u00e1rios de Chag\" \/>\n<meta name=\"author\" content=\"Expert Reviews\" \/>\n<meta name=\"twitter:card\" content=\"summary_large_image\" \/>\n<meta name=\"twitter:label1\" content=\"Tempo estimado de leitura\" \/>\n\t<meta name=\"twitter:data1\" content=\"3 minutos\" \/>\n<script type=\"application\/ld+json\" class=\"yoast-schema-graph\">{\"@context\":\"https:\/\/schema.org\",\"@graph\":[{\"@type\":\"WebSite\",\"@id\":\"https:\/\/chagfordpool.co.uk\/#website\",\"url\":\"https:\/\/chagfordpool.co.uk\/\",\"name\":\"Coment\u00e1rios de Chag\",\"description\":\"Aplicativos locais de hookup\",\"potentialAction\":[{\"@type\":\"SearchAction\",\"target\":{\"@type\":\"EntryPoint\",\"urlTemplate\":\"https:\/\/chagfordpool.co.uk\/?s={search_term_string}\"},\"query-input\":\"required name=search_term_string\"}],\"inLanguage\":\"pt-PT\"},{\"@type\":\"WebPage\",\"@id\":\"https:\/\/chagfordpool.co.uk\/pt-pt\/o-que-e-o-diferente-entre-apps-de-hookup-casual-mainstream-dating\/#webpage\",\"url\":\"https:\/\/chagfordpool.co.uk\/pt-pt\/o-que-e-o-diferente-entre-apps-de-hookup-casual-mainstream-dating\/\",\"name\":\"O que \u00e9 o diferente entre apps de hookup casual &amp; mainstream dating Coment\u00e1rios de Chag - t\u00edtulo\",\"isPartOf\":{\"@id\":\"https:\/\/chagfordpool.co.uk\/#website\"},\"datePublished\":\"2022-07-26T11:33:19+00:00\",\"dateModified\":\"2022-07-26T11:33:19+00:00\",\"breadcrumb\":{\"@id\":\"https:\/\/chagfordpool.co.uk\/pt-pt\/o-que-e-o-diferente-entre-apps-de-hookup-casual-mainstream-dating\/#breadcrumb\"},\"inLanguage\":\"pt-PT\",\"potentialAction\":[{\"@type\":\"ReadAction\",\"target\":[\"https:\/\/chagfordpool.co.uk\/pt-pt\/o-que-e-o-diferente-entre-apps-de-hookup-casual-mainstream-dating\/\"]}]},{\"@type\":\"BreadcrumbList\",\"@id\":\"https:\/\/chagfordpool.co.uk\/pt-pt\/o-que-e-o-diferente-entre-apps-de-hookup-casual-mainstream-dating\/#breadcrumb\",\"itemListElement\":[{\"@type\":\"ListItem\",\"position\":1,\"name\":\"Casa\",\"item\":\"https:\/\/chagfordpool.co.uk\/pt-pt\/\"},{\"@type\":\"ListItem\",\"position\":2,\"name\":\"O que \u00e9 o diferente entre apps de hookup casual &amp; mainstream dating\"}]}]}<\/script>\n<!-- \/ Yoast SEO plugin. -->","yoast_head_json":{"title":"O que \u00e9 o diferente entre apps de hookup casual &amp; mainstream dating Coment\u00e1rios de Chag - t\u00edtulo","robots":{"index":"index","follow":"follow","max-snippet":"max-snippet:-1","max-image-preview":"max-image-preview:large","max-video-preview":"max-video-preview:-1"},"canonical":"https:\/\/chagfordpool.co.uk\/pt-pt\/o-que-e-o-diferente-entre-apps-de-hookup-casual-mainstream-dating\/","og_locale":"pt_PT","og_type":"article","og_title":"O que \u00e9 o diferente entre apps de hookup casual &amp; mainstream dating Coment\u00e1rios de Chag - t\u00edtulo","og_description":"Se voc\u00ea est\u00e1 procurando algo casual esta noite, entrar numa app ou site de encontros pode ser uma boa ideia. Existem muitas op\u00e7\u00f5es l\u00e1 fora, [...]","og_url":"https:\/\/chagfordpool.co.uk\/pt-pt\/o-que-e-o-diferente-entre-apps-de-hookup-casual-mainstream-dating\/","og_site_name":"Coment\u00e1rios de Chag","author":"Expert Reviews","twitter_card":"summary_large_image","twitter_misc":{"Tempo estimado de leitura":"3 minutos"},"schema":{"@context":"https:\/\/schema.org","@graph":[{"@type":"WebSite","@id":"https:\/\/chagfordpool.co.uk\/#website","url":"https:\/\/chagfordpool.co.uk\/","name":"Coment\u00e1rios de Chag","description":"Aplicativos locais de hookup","potentialAction":[{"@type":"SearchAction","target":{"@type":"EntryPoint","urlTemplate":"https:\/\/chagfordpool.co.uk\/?s={search_term_string}"},"query-input":"required name=search_term_string"}],"inLanguage":"pt-PT"},{"@type":"WebPage","@id":"https:\/\/chagfordpool.co.uk\/pt-pt\/o-que-e-o-diferente-entre-apps-de-hookup-casual-mainstream-dating\/#webpage","url":"https:\/\/chagfordpool.co.uk\/pt-pt\/o-que-e-o-diferente-entre-apps-de-hookup-casual-mainstream-dating\/","name":"O que \u00e9 o diferente entre apps de hookup casual &amp; mainstream dating Coment\u00e1rios de Chag - t\u00edtulo","isPartOf":{"@id":"https:\/\/chagfordpool.co.uk\/#website"},"datePublished":"2022-07-26T11:33:19+00:00","dateModified":"2022-07-26T11:33:19+00:00","breadcrumb":{"@id":"https:\/\/chagfordpool.co.uk\/pt-pt\/o-que-e-o-diferente-entre-apps-de-hookup-casual-mainstream-dating\/#breadcrumb"},"inLanguage":"pt-PT","potentialAction":[{"@type":"ReadAction","target":["https:\/\/chagfordpool.co.uk\/pt-pt\/o-que-e-o-diferente-entre-apps-de-hookup-casual-mainstream-dating\/"]}]},{"@type":"BreadcrumbList","@id":"https:\/\/chagfordpool.co.uk\/pt-pt\/o-que-e-o-diferente-entre-apps-de-hookup-casual-mainstream-dating\/#breadcrumb","itemListElement":[{"@type":"ListItem","position":1,"name":"Casa","item":"https:\/\/chagfordpool.co.uk\/pt-pt\/"},{"@type":"ListItem","position":2,"name":"O que \u00e9 o diferente entre apps de hookup casual &amp; mainstream dating"}]}]}},"_links":{"self":[{"href":"https:\/\/chagfordpool.co.uk\/pt-pt\/wp-json\/wp\/v2\/pages\/216"}],"collection":[{"href":"https:\/\/chagfordpool.co.uk\/pt-pt\/wp-json\/wp\/v2\/pages"}],"about":[{"href":"https:\/\/chagfordpool.co.uk\/pt-pt\/wp-json\/wp\/v2\/types\/page"}],"author":[{"embeddable":true,"href":"https:\/\/chagfordpool.co.uk\/pt-pt\/wp-json\/wp\/v2\/users\/1"}],"replies":[{"embeddable":true,"href":"https:\/\/chagfordpool.co.uk\/pt-pt\/wp-json\/wp\/v2\/comments?post=216"}],"version-history":[{"count":0,"href":"https:\/\/chagfordpool.co.uk\/pt-pt\/wp-json\/wp\/v2\/pages\/216\/revisions"}],"wp:attachment":[{"href":"https:\/\/chagfordpool.co.uk\/pt-pt\/wp-json\/wp\/v2\/media?parent=216"}],"curies":[{"name":"wp","href":"https:\/\/api.w.org\/{rel}","templated":true}]}}