{"id":230,"date":"2022-07-26T12:12:53","date_gmt":"2022-07-26T11:12:53","guid":{"rendered":"http:\/\/chagfordpool.co.uk\/as-melhores-formas-de-usar-hookups-a-seu-favor\/"},"modified":"2022-07-26T12:12:53","modified_gmt":"2022-07-26T11:12:53","slug":"as-melhores-formas-de-usar-hookups-a-seu-favor","status":"publish","type":"page","link":"https:\/\/chagfordpool.co.uk\/pt-pt\/as-melhores-formas-de-usar-hookups-a-seu-favor\/","title":{"rendered":"As melhores formas de usar hookups a seu favor"},"content":{"rendered":"<p>Encontros s\u00e3o <a href=\"http:\/\/chagfordpool.co.uk\/pt-pt\/aplicativos-locais-de-namoro\/\">encontros casuais entre duas<\/a> pessoas que n\u00e3o est\u00e3o necessariamente envolvidas romanticamente. Embora os encontros sejam comuns entre os estudantes universit\u00e1rios, tamb\u00e9m podem acontecer fora da escola. Os encontros s\u00e3o geralmente assuntos de curto prazo, com dura\u00e7\u00e3o de horas a dias.<\/p>\n<p>Enquanto os encontros s\u00e3o divertidos, podem levar a problemas na estrada. Por exemplo, os encontros podem criar sentimentos de ci\u00fame e inseguran\u00e7a, especialmente se ambas as partes ainda se encontrarem ap\u00f3s o encontro.<\/p>\n<p>Para evitar estas emo\u00e7\u00f5es negativas, tente estabelecer limites desde cedo. Diga ao seu parceiro exatamente o que espera da rela\u00e7\u00e3o e o que n\u00e3o quer que aconte\u00e7a. Al\u00e9m disso, lembre-se que os encontros s\u00e3o apenas parte da vida, ent\u00e3o n\u00e3o deixe que arruinem as suas rela\u00e7\u00f5es com amigos ou familiares.<\/p>\n<h2>Deve conhecer pessoas no seu local?<\/h2>\n<p>H\u00e1 muitos lugares online onde voc\u00ea pode conhecer algu\u00e9m que quer se encontrar. Mas encontrar uma <a href=\"http:\/\/chagfordpool.co.uk\/pt-pt\/como-descobrir-se-ele-quer-te\/\">correspond\u00eancia local<\/a> pode ser complicado. \u00c9 por isso que compensa aprender a engatar mulheres em bares e clubes.<\/p>\n<p>Por outro lado, pode ver mulheres que est\u00e3o genuinamente interessadas em conhecer homens. Em vez de passarem o tempo a falar com amigos ou a verificar os telem\u00f3veis, est\u00e3o focados em fazer contacto visual com potenciais parceiros.<\/p>\n<p>Da pr\u00f3xima vez que sa\u00edres, procura sinais que indiquem se algu\u00e9m est\u00e1 interessado em conhecer outra pessoa. Quando reparas numa mulher a olhar atentamente para a bebida, ela pode estar a pensar em conhecer algu\u00e9m. Ou se um tipo est\u00e1 sozinho, pode estar a pensar se conseguiria marcar uma posi\u00e7\u00e3o r\u00e1pida.<\/p>\n<p>Encontros s\u00e3o encontros casuais entre dois estranhos que se encontram online. Estes encontros geralmente acontecem atrav\u00e9s de apps como Tinder, Bumble, Grindr, etc., e podem levar ao sexo. Os encontros s\u00e3o populares entre solteiros e casais, mas nem sempre s\u00e3o seguros.<\/p>\n<h2>Play It Cool &#8211; How To Get The Guy To Come To You<\/h2>\n<p>Provocar \u00e9 a maneira mais f\u00e1cil de fazer um cara estar ansioso e querer se juntar.<\/p>\n<p>Existem v\u00e1rios tipos diferentes de provoca\u00e7\u00e3o, incluindo provoca\u00e7\u00f5es leves, provoca\u00e7\u00f5es l\u00fadicas e provoca\u00e7\u00f5es sexuais. Cada tipo de provoca\u00e7\u00e3o requer uma abordagem ligeiramente diferente, mas o objetivo \u00e9 sempre o mesmo: ligar um tipo.<\/p>\n<p>Provoca\u00e7\u00f5es leves s\u00e3o geralmente feitas em brincadeira, e envolve gozar com algu\u00e9m ou jogar fora os seus tra\u00e7os de personalidade. Provoca\u00e7\u00f5es l\u00fadicas s\u00e3o semelhantes a provoca\u00e7\u00f5es leves, exceto que \u00e9 para ser humor\u00edstico em vez de doloroso. Provocar sexualmente \u00e9 a forma mais direta de provocar, e envolve namoriscar com um cara na esperan\u00e7a de o excitar.<\/p>\n<p>\u00c9 importante lembrar que provocar \u00e9 apenas uma parte da sedu\u00e7\u00e3o. Provocar \u00e9 uma \u00f3tima maneira de construir atra\u00e7\u00e3o, mas n\u00e3o deve ser usado como um substituto para outras formas de bajula\u00e7\u00e3o. Desde que sejas sincero, provocar pode levar a uma rela\u00e7\u00e3o de sucesso.<\/p>\n<h3>Dar elogios<\/h3>\n<p>Elogios s\u00e3o uma \u00f3tima maneira de elogiar a apar\u00eancia, personalidade ou estilo de um cara. E n\u00e3o te esque\u00e7as de mencionar outros tipos que te chama a aten\u00e7\u00e3o.<\/p>\n<h3>Mostre os seus bens<\/h3>\n<p>As mulheres normalmente preferem homens com corpos fortes, por isso, se est\u00e1s a tentar atrair um tipo, certifica-te de que est\u00e1s a exibir o teu corpo.<\/p>\n<h3>Jogos de jogos<\/h3>\n<p>Os jogos s\u00e3o outra forma divertida de namoriscar com um tipo. Tentem jogar um jogo em que competem uns contra os outros para ver quem pode beij\u00e1-lo primeiro. Ou jogar um jogo de adivinha\u00e7\u00e3o onde adivinhas o que ele gosta com base nas suas respostas.<\/p>\n<p>Lembre-se que provocar \u00e9 apenas uma parte de namoriscar. Namoriscar envolve muito mais do que provocar. Por exemplo, podes perguntar-lhe sobre os interesses dele, partilhar hist\u00f3rias sobre ti mesmo, ou convid\u00e1-lo a sair contigo.<\/p>\n","protected":false},"excerpt":{"rendered":"<p>Encontros s\u00e3o encontros casuais entre duas pessoas que n\u00e3o est\u00e3o necessariamente envolvidas romanticamente. Embora os encontros sejam comuns entre os estudantes universit\u00e1rios, tamb\u00e9m podem acontecer [&#8230;]<\/p>\n","protected":false},"author":1,"featured_media":133,"parent":0,"menu_order":0,"comment_status":"closed","ping_status":"closed","template":"","meta":[],"yoast_head":"<!-- This site is optimized with the Yoast SEO plugin v19.2 - https:\/\/yoast.com\/wordpress\/plugins\/seo\/ -->\n<title>As melhores formas de usar hookups a seu favor Coment\u00e1rios de Chag - t\u00edtulo<\/title>\n<meta name=\"robots\" content=\"index, follow, max-snippet:-1, max-image-preview:large, max-video-preview:-1\" \/>\n<link rel=\"canonical\" href=\"https:\/\/chagfordpool.co.uk\/pt-pt\/as-melhores-formas-de-usar-hookups-a-seu-favor\/\" \/>\n<meta property=\"og:locale\" content=\"pt_PT\" \/>\n<meta property=\"og:type\" content=\"article\" \/>\n<meta property=\"og:title\" content=\"As melhores formas de usar hookups a seu favor Coment\u00e1rios de Chag - t\u00edtulo\" \/>\n<meta property=\"og:description\" content=\"Encontros s\u00e3o encontros casuais entre duas pessoas que n\u00e3o est\u00e3o necessariamente envolvidas romanticamente. Embora os encontros sejam comuns entre os estudantes universit\u00e1rios, tamb\u00e9m podem acontecer [...]\" \/>\n<meta property=\"og:url\" content=\"https:\/\/chagfordpool.co.uk\/pt-pt\/as-melhores-formas-de-usar-hookups-a-seu-favor\/\" \/>\n<meta property=\"og:site_name\" content=\"Coment\u00e1rios de Chag\" \/>\n<meta property=\"og:image\" content=\"https:\/\/chagfordpool.co.uk\/wp-content\/uploads\/2022\/07\/online-chatrooms.jpeg\" \/>\n\t<meta property=\"og:image:width\" content=\"500\" \/>\n\t<meta property=\"og:image:height\" content=\"332\" \/>\n\t<meta property=\"og:image:type\" content=\"image\/jpeg\" \/>\n<meta name=\"author\" content=\"Expert Reviews\" \/>\n<meta name=\"twitter:card\" content=\"summary_large_image\" \/>\n<meta name=\"twitter:label1\" content=\"Tempo estimado de leitura\" \/>\n\t<meta name=\"twitter:data1\" content=\"3 minutos\" \/>\n<script type=\"application\/ld+json\" class=\"yoast-schema-graph\">{\"@context\":\"https:\/\/schema.org\",\"@graph\":[{\"@type\":\"WebSite\",\"@id\":\"https:\/\/chagfordpool.co.uk\/#website\",\"url\":\"https:\/\/chagfordpool.co.uk\/\",\"name\":\"Coment\u00e1rios de Chag\",\"description\":\"Aplicativos locais de hookup\",\"potentialAction\":[{\"@type\":\"SearchAction\",\"target\":{\"@type\":\"EntryPoint\",\"urlTemplate\":\"https:\/\/chagfordpool.co.uk\/?s={search_term_string}\"},\"query-input\":\"required name=search_term_string\"}],\"inLanguage\":\"pt-PT\"},{\"@type\":\"ImageObject\",\"inLanguage\":\"pt-PT\",\"@id\":\"https:\/\/chagfordpool.co.uk\/pt-pt\/as-melhores-formas-de-usar-hookups-a-seu-favor\/#primaryimage\",\"url\":\"https:\/\/chagfordpool.co.uk\/wp-content\/uploads\/2022\/07\/online-chatrooms.jpeg\",\"contentUrl\":\"https:\/\/chagfordpool.co.uk\/wp-content\/uploads\/2022\/07\/online-chatrooms.jpeg\",\"width\":500,\"height\":332},{\"@type\":\"WebPage\",\"@id\":\"https:\/\/chagfordpool.co.uk\/pt-pt\/as-melhores-formas-de-usar-hookups-a-seu-favor\/#webpage\",\"url\":\"https:\/\/chagfordpool.co.uk\/pt-pt\/as-melhores-formas-de-usar-hookups-a-seu-favor\/\",\"name\":\"As melhores formas de usar hookups a seu favor Coment\u00e1rios de Chag - t\u00edtulo\",\"isPartOf\":{\"@id\":\"https:\/\/chagfordpool.co.uk\/#website\"},\"primaryImageOfPage\":{\"@id\":\"https:\/\/chagfordpool.co.uk\/pt-pt\/as-melhores-formas-de-usar-hookups-a-seu-favor\/#primaryimage\"},\"datePublished\":\"2022-07-26T11:12:53+00:00\",\"dateModified\":\"2022-07-26T11:12:53+00:00\",\"breadcrumb\":{\"@id\":\"https:\/\/chagfordpool.co.uk\/pt-pt\/as-melhores-formas-de-usar-hookups-a-seu-favor\/#breadcrumb\"},\"inLanguage\":\"pt-PT\",\"potentialAction\":[{\"@type\":\"ReadAction\",\"target\":[\"https:\/\/chagfordpool.co.uk\/pt-pt\/as-melhores-formas-de-usar-hookups-a-seu-favor\/\"]}]},{\"@type\":\"BreadcrumbList\",\"@id\":\"https:\/\/chagfordpool.co.uk\/pt-pt\/as-melhores-formas-de-usar-hookups-a-seu-favor\/#breadcrumb\",\"itemListElement\":[{\"@type\":\"ListItem\",\"position\":1,\"name\":\"Casa\",\"item\":\"https:\/\/chagfordpool.co.uk\/pt-pt\/\"},{\"@type\":\"ListItem\",\"position\":2,\"name\":\"As melhores formas de usar hookups a seu favor\"}]}]}<\/script>\n<!-- \/ Yoast SEO plugin. -->","yoast_head_json":{"title":"As melhores formas de usar hookups a seu favor Coment\u00e1rios de Chag - t\u00edtulo","robots":{"index":"index","follow":"follow","max-snippet":"max-snippet:-1","max-image-preview":"max-image-preview:large","max-video-preview":"max-video-preview:-1"},"canonical":"https:\/\/chagfordpool.co.uk\/pt-pt\/as-melhores-formas-de-usar-hookups-a-seu-favor\/","og_locale":"pt_PT","og_type":"article","og_title":"As melhores formas de usar hookups a seu favor Coment\u00e1rios de Chag - t\u00edtulo","og_description":"Encontros s\u00e3o encontros casuais entre duas pessoas que n\u00e3o est\u00e3o necessariamente envolvidas romanticamente. Embora os encontros sejam comuns entre os estudantes universit\u00e1rios, tamb\u00e9m podem acontecer [...]","og_url":"https:\/\/chagfordpool.co.uk\/pt-pt\/as-melhores-formas-de-usar-hookups-a-seu-favor\/","og_site_name":"Coment\u00e1rios de Chag","og_image":[{"width":500,"height":332,"url":"https:\/\/chagfordpool.co.uk\/wp-content\/uploads\/2022\/07\/online-chatrooms.jpeg","type":"image\/jpeg"}],"author":"Expert Reviews","twitter_card":"summary_large_image","twitter_misc":{"Tempo estimado de leitura":"3 minutos"},"schema":{"@context":"https:\/\/schema.org","@graph":[{"@type":"WebSite","@id":"https:\/\/chagfordpool.co.uk\/#website","url":"https:\/\/chagfordpool.co.uk\/","name":"Coment\u00e1rios de Chag","description":"Aplicativos locais de hookup","potentialAction":[{"@type":"SearchAction","target":{"@type":"EntryPoint","urlTemplate":"https:\/\/chagfordpool.co.uk\/?s={search_term_string}"},"query-input":"required name=search_term_string"}],"inLanguage":"pt-PT"},{"@type":"ImageObject","inLanguage":"pt-PT","@id":"https:\/\/chagfordpool.co.uk\/pt-pt\/as-melhores-formas-de-usar-hookups-a-seu-favor\/#primaryimage","url":"https:\/\/chagfordpool.co.uk\/wp-content\/uploads\/2022\/07\/online-chatrooms.jpeg","contentUrl":"https:\/\/chagfordpool.co.uk\/wp-content\/uploads\/2022\/07\/online-chatrooms.jpeg","width":500,"height":332},{"@type":"WebPage","@id":"https:\/\/chagfordpool.co.uk\/pt-pt\/as-melhores-formas-de-usar-hookups-a-seu-favor\/#webpage","url":"https:\/\/chagfordpool.co.uk\/pt-pt\/as-melhores-formas-de-usar-hookups-a-seu-favor\/","name":"As melhores formas de usar hookups a seu favor Coment\u00e1rios de Chag - t\u00edtulo","isPartOf":{"@id":"https:\/\/chagfordpool.co.uk\/#website"},"primaryImageOfPage":{"@id":"https:\/\/chagfordpool.co.uk\/pt-pt\/as-melhores-formas-de-usar-hookups-a-seu-favor\/#primaryimage"},"datePublished":"2022-07-26T11:12:53+00:00","dateModified":"2022-07-26T11:12:53+00:00","breadcrumb":{"@id":"https:\/\/chagfordpool.co.uk\/pt-pt\/as-melhores-formas-de-usar-hookups-a-seu-favor\/#breadcrumb"},"inLanguage":"pt-PT","potentialAction":[{"@type":"ReadAction","target":["https:\/\/chagfordpool.co.uk\/pt-pt\/as-melhores-formas-de-usar-hookups-a-seu-favor\/"]}]},{"@type":"BreadcrumbList","@id":"https:\/\/chagfordpool.co.uk\/pt-pt\/as-melhores-formas-de-usar-hookups-a-seu-favor\/#breadcrumb","itemListElement":[{"@type":"ListItem","position":1,"name":"Casa","item":"https:\/\/chagfordpool.co.uk\/pt-pt\/"},{"@type":"ListItem","position":2,"name":"As melhores formas de usar hookups a seu favor"}]}]}},"_links":{"self":[{"href":"https:\/\/chagfordpool.co.uk\/pt-pt\/wp-json\/wp\/v2\/pages\/230"}],"collection":[{"href":"https:\/\/chagfordpool.co.uk\/pt-pt\/wp-json\/wp\/v2\/pages"}],"about":[{"href":"https:\/\/chagfordpool.co.uk\/pt-pt\/wp-json\/wp\/v2\/types\/page"}],"author":[{"embeddable":true,"href":"https:\/\/chagfordpool.co.uk\/pt-pt\/wp-json\/wp\/v2\/users\/1"}],"replies":[{"embeddable":true,"href":"https:\/\/chagfordpool.co.uk\/pt-pt\/wp-json\/wp\/v2\/comments?post=230"}],"version-history":[{"count":0,"href":"https:\/\/chagfordpool.co.uk\/pt-pt\/wp-json\/wp\/v2\/pages\/230\/revisions"}],"wp:featuredmedia":[{"embeddable":true,"href":"https:\/\/chagfordpool.co.uk\/pt-pt\/wp-json\/wp\/v2\/media\/133"}],"wp:attachment":[{"href":"https:\/\/chagfordpool.co.uk\/pt-pt\/wp-json\/wp\/v2\/media?parent=230"}],"curies":[{"name":"wp","href":"https:\/\/api.w.org\/{rel}","templated":true}]}}