{"id":160,"date":"2022-07-26T11:31:46","date_gmt":"2022-07-26T10:31:46","guid":{"rendered":"http:\/\/chagfordpool.co.uk\/lokal-dejtingsexpert-vara-basta-tips-for-karlek\/"},"modified":"2022-07-26T11:31:46","modified_gmt":"2022-07-26T10:31:46","slug":"lokal-dejtingsexpert-vara-basta-tips-for-karlek","status":"publish","type":"page","link":"https:\/\/chagfordpool.co.uk\/sv\/","title":{"rendered":"Lokal dejtingsexpert: V\u00e5ra b\u00e4sta tips f\u00f6r k\u00e4rlek"},"content":{"rendered":"<p>V\u00e4rlden vi lever i idag har f\u00f6r\u00e4ndrats f\u00f6r alltid p\u00e5 grund av COVID-19. Vi har sett hur tekniken har hj\u00e4lpt oss under denna pandemi, och nu vill vi hj\u00e4lpa dig att hitta k\u00e4rleken igen.<\/p>\n<p>Det finns hundratals online-dejtingappar d\u00e4r ute, men vad g\u00f6r en b\u00e4ttre \u00e4n andra? Vad g\u00f6r att man st\u00e5r \u00f6ver resten? \u00c4r det designen? Eller \u00e4r det funktionerna?<\/p>\n<p>Vi tog var och en av de mest popul\u00e4ra dejtingapparna f\u00f6r att se hur bra de verkligen \u00e4r. Fr\u00e5n antalet medlemmar, till antalet matchningar, till den \u00f6vergripande kvaliteten p\u00e5 upplevelsen, rankade vi varje enskild app baserat p\u00e5 v\u00e5ra resultat.<\/p>\n<p>S\u00e5 oavsett om du letar efter ett seri\u00f6st f\u00f6rh\u00e5llande eller bara n\u00e5gra roliga datum, h\u00e4r \u00e4r de b\u00e4sta dejtingapparna 2022.<\/p>\n<h2>V\u00e5ra tre b\u00e4sta val f\u00f6r dejting<\/h2>\n<p>Det finns m\u00e5nga olika typer av dejtingsajter d\u00e4r ute, var och en tillgodoser specifika behov. Vissa m\u00e4nniskor vill tr\u00e4ffa m\u00e4nniskor bara f\u00f6r skojs skull, medan andra letar efter seri\u00f6sa relationer. Om du \u00e4r intresserad av att tr\u00e4ffa m\u00e4nniskor online hj\u00e4lper det att veta vilken typ av webbplats du ska anv\u00e4nda. H\u00e4r \u00e4r tre popul\u00e4ra anslutningssidor och hur de skiljer sig fr\u00e5n varandra.<\/p>\n<h3>OkCupid<\/h3>\n<p>OkCupid \u00e4r f\u00f6rmodligen den mest k\u00e4nda anslutningswebbplatsen d\u00e4r ute. Den har \u00f6ver 40 miljoner aktiva medlemmar \u00f6ver hela v\u00e4rlden, vilket g\u00f6r den till en av de st\u00f6rsta dejtingsplattformarna som finns. Webbplatsen l\u00e5ter dig registrera dig gratis och bl\u00e4ddra bland profiler baserat p\u00e5 plats, \u00e5lder, relationsstatus, k\u00f6n, etnicitet, religion, utbildningsniv\u00e5, jobb, kroppstyp, h\u00f6jd, h\u00e5rf\u00e4rg och mycket mer. Det finns till och med speciella avsnitt d\u00e4r du kan filtrera efter personer med liknande intressen. Du kan skicka meddelanden, chatta och ordna datum med vem som helst i n\u00e4rheten.<\/p>\n<h3>Fn\u00f6ske<\/h3>\n<p>Tinder \u00e4r definitivt en yngre publik j\u00e4mf\u00f6rt med OkCupid. Det \u00e4r mest k\u00e4nt f\u00f6r att vara appen som anv\u00e4nds f\u00f6r att svepa \u00e5t v\u00e4nster eller h\u00f6ger p\u00e5 potentiella matchningar. Anv\u00e4ndare kan st\u00e4lla in inst\u00e4llningar som om de vill se foton av potentiella partners eller inte och kan v\u00e4lja vissa kriterier de letar efter, inklusive ras, religion, sexuell l\u00e4ggning och mer. N\u00e4r du har hittat en matchning kan du antingen forts\u00e4tta chatta eller g\u00e5 vidare till n\u00e4sta person.<\/p>\n<h3>Massor av fisk<\/h3>\n<p>PlentyOfFish \u00e4r lite mindre fokuserad p\u00e5 romantik och mycket mer om sex. Det \u00e4r faktiskt v\u00e4rldens st\u00f6rsta dejtingsajt f\u00f6r vuxna singlar. Med \u00f6ver 50 miljoner registrerade anv\u00e4ndare v\u00e4nder sig PlentyOfFish specifikt till vuxna som s\u00f6ker diskreta aff\u00e4rer. Detta inkluderar de som letar efter par, trekanter, foursomes och gruppsex. Allt du beh\u00f6ver g\u00f6ra \u00e4r att fylla i en profil med grundl\u00e4ggande information, ladda upp ett foto och b\u00f6rja svepa.<\/p>\n<h2>Hur man v\u00e4ljer de b\u00e4sta anslutningsapparna<\/h2>\n<p><img loading=\"lazy\" class=\"size-large wp-image-53 aligncenter\" src=\"http:\/\/chagfordpool.co.uk\/wp-content\/uploads\/2022\/07\/local-chat-apps-for-dating-1024x734.webp\" alt=\"\" width=\"784\" height=\"562\" srcset=\"https:\/\/chagfordpool.co.uk\/wp-content\/uploads\/2022\/07\/local-chat-apps-for-dating-1024x734.webp 1024w, https:\/\/chagfordpool.co.uk\/wp-content\/uploads\/2022\/07\/local-chat-apps-for-dating-300x215.webp 300w, https:\/\/chagfordpool.co.uk\/wp-content\/uploads\/2022\/07\/local-chat-apps-for-dating-768x551.webp 768w, https:\/\/chagfordpool.co.uk\/wp-content\/uploads\/2022\/07\/local-chat-apps-for-dating.webp 1046w\" sizes=\"(max-width: 784px) 100vw, 784px\" \/><\/p>\n<p>I dagens v\u00e4rld vill alla hitta k\u00e4rlek online. Det finns m\u00e5nga dejtingappar d\u00e4r ute, var och en p\u00e5st\u00e5r sig vara b\u00e4ttre \u00e4n andra.<\/p>\n<p>Vi tror dock att du inte beh\u00f6ver spendera timmar p\u00e5 att surfa p\u00e5 profiler p\u00e5 hundratals olika webbplatser bara f\u00f6r att hitta n\u00e5gon kompatibel. Du kan g\u00f6ra allt i en enda app.<\/p>\n<p>S\u00e5, vad g\u00f6r en bra dejtingsapp? H\u00e4r \u00e4r n\u00e5gra funktioner som utg\u00f6r den perfekta matchmakern:<\/p>\n<h3>Vad letar du efter?<\/h3>\n<p>Kasta? L\u00e5ngsiktiga? En hemlig aff\u00e4r?<\/p>\n<p>Det f\u00f6rsta du vill g\u00f6ra \u00e4r att ta reda p\u00e5 vilken typ av person du letar efter. Oavsett om du letar efter en v\u00e4n, \u00e4lskare, partner eller n\u00e5got helt annat, kan du spara mycket hj\u00e4rtesorg p\u00e5 v\u00e4gen att veta vad du letar efter p\u00e5 f\u00f6rhand. Om du till exempel letar efter en romantisk partner vill du inte sl\u00f6sa bort din tid p\u00e5 att chatta slumpm\u00e4ssiga fr\u00e4mlingar online. Ist\u00e4llet vill du fokusera p\u00e5 att hitta likasinnade individer som \u00e4r intresserade av att tr\u00e4ffa andra med liknande m\u00e5l.<\/p>\n<p>N\u00e4r du har kommit fram till vad du letar efter \u00e4r det dags att best\u00e4mma var du vill tr\u00e4ffa potentiella partners. Det finns m\u00e5nga alternativ tillg\u00e4ngliga f\u00f6r dig, inklusive f\u00f6ljande:<\/p>\n<p>\u2022 Online dejtingsajter och appar<\/p>\n<p>\u2022 Sociala medieplattformar<\/p>\n<p>\u2022 Tr\u00e4ffar<\/p>\n<p>\u2022 Lokala barer\/klubbar<\/p>\n<h3>Funktioner<\/h3>\n<p>De b\u00e4sta online dating webbplatser erbjuder m\u00e5nga funktioner och alternativ f\u00f6r att h\u00e5lla dig engagerad. De l\u00e5ter dig bl\u00e4ddra bland profiler baserat p\u00e5 plats, \u00e5ldersintervall, relationstyp, k\u00f6n etc. och filtrera matchningar baserat p\u00e5 dessa inst\u00e4llningar. Vissa l\u00e5ter dig till och med st\u00e4lla in e-postvarningar f\u00f6r att meddela dig n\u00e4r n\u00e5gon skickar ett meddelande till dig.<\/p>\n<p>Du kan anv\u00e4nda filter f\u00f6r att begr\u00e4nsa potentiella partners baserat p\u00e5 kriterier som religion, etnicitet, h\u00f6jd, kroppstyp, intressen etc. Du kan ocks\u00e5 spara s\u00f6kningar f\u00f6r att komma \u00e5t senare.<\/p>\n<p>Vissa appar erbjuder ytterligare funktioner som chattrum d\u00e4r du kan interagera med m\u00e4nniskor, videosamtal, gruppchattar och forum d\u00e4r du kan diskutera \u00e4mnen relaterade till k\u00e4rlek och relationer.<\/p>\n<p>De flesta av dessa appar tar ut m\u00e5nadsavgifter som str\u00e4cker sig var som helst fr\u00e5n $ 10 &#8211; $ 50. Det finns dock gratisversioner av de flesta appar d\u00e4r ute ocks\u00e5. S\u00e5 kolla in v\u00e5r lista \u00f6ver de b\u00e4sta dejtingsapparna f\u00f6r Android och iOS f\u00f6r att se vilka som passar dina behov.<\/p>\n<h3>Funktioner &#8211; Svepa? Matchmaking?<\/h3>\n<p>N\u00e4r det g\u00e4ller online dating apps finns det n\u00e5gra saker du bara inte b\u00f6r g\u00f6ra. Svep till exempel inte \u00e5t v\u00e4nster eller h\u00f6ger utan att l\u00e4sa profilen. Eller f\u00f6rs\u00f6k inte hoppa in i konversationer med n\u00e5gon annan f\u00f6r att du \u00e4r uttr\u00e5kad. Och skicka definitivt inte meddelanden till fr\u00e4mlingar.<\/p>\n<p>Men medan de flesta k\u00e4nner till dessa regler, g\u00f6r m\u00e5nga fortfarande misstag. Du kanske tror att det b\u00e4sta s\u00e4ttet att undvika att g\u00f6ra pinsamma fel \u00e4r att h\u00e5lla sig till en app exklusivt. Men i verkligheten \u00e4r den b\u00e4sta strategin att blanda ihop olika appar. Detta g\u00f6r att du kan hitta kompatibla matchningar p\u00e5 flera plattformar och g\u00f6r det l\u00e4ttare att h\u00e5lla reda p\u00e5 datum. Dessutom kommer du inte att k\u00e4nna att du missar n\u00e5got viktigt.<\/p>\n<p>Om du till exempel vill g\u00e5 p\u00e5 dejt med n\u00e5gon du tr\u00e4ffade p\u00e5 Tinder kan du byta till Bumble. Om du f\u00f6redrar att chatta med n\u00e5gon du har skickat meddelanden till p\u00e5 OkCupid kan du byta dit. Och om du hellre vill prata med n\u00e5gon fr\u00e5n PlentyOfFish kan du hoppa p\u00e5 Hinge.<\/p>\n","protected":false},"excerpt":{"rendered":"<p>V\u00e4rlden vi lever i idag har f\u00f6r\u00e4ndrats f\u00f6r alltid p\u00e5 grund av COVID-19. Vi har sett hur tekniken har hj\u00e4lpt oss under denna pandemi, och [&#8230;]<\/p>\n","protected":false},"author":1,"featured_media":95,"parent":0,"menu_order":0,"comment_status":"closed","ping_status":"closed","template":"","meta":[],"yoast_head":"<!-- This site is optimized with the Yoast SEO plugin v19.2 - https:\/\/yoast.com\/wordpress\/plugins\/seo\/ -->\n<title>Lokal dejtingsexpert: V\u00e5ra b\u00e4sta tips f\u00f6r k\u00e4rlek - Chag Recensioner<\/title>\n<meta name=\"robots\" content=\"index, follow, max-snippet:-1, max-image-preview:large, max-video-preview:-1\" \/>\n<link rel=\"canonical\" href=\"https:\/\/chagfordpool.co.uk\/sv\/\" \/>\n<meta property=\"og:locale\" content=\"sv_SE\" \/>\n<meta property=\"og:type\" content=\"article\" \/>\n<meta property=\"og:title\" content=\"Lokal dejtingsexpert: V\u00e5ra b\u00e4sta tips f\u00f6r k\u00e4rlek - Chag Recensioner\" \/>\n<meta property=\"og:description\" content=\"V\u00e4rlden vi lever i idag har f\u00f6r\u00e4ndrats f\u00f6r alltid p\u00e5 grund av COVID-19. Vi har sett hur tekniken har hj\u00e4lpt oss under denna pandemi, och [...]\" \/>\n<meta property=\"og:url\" content=\"https:\/\/chagfordpool.co.uk\/sv\/\" \/>\n<meta property=\"og:site_name\" content=\"Chag Recensioner\" \/>\n<meta property=\"og:image\" content=\"https:\/\/chagfordpool.co.uk\/wp-content\/uploads\/2022\/07\/match-dating-websites.jpeg\" \/>\n\t<meta property=\"og:image:width\" content=\"500\" \/>\n\t<meta property=\"og:image:height\" content=\"333\" \/>\n\t<meta property=\"og:image:type\" content=\"image\/jpeg\" \/>\n<meta name=\"author\" content=\"Expert Reviews\" \/>\n<meta name=\"twitter:card\" content=\"summary_large_image\" \/>\n<meta name=\"twitter:label1\" content=\"Ber\u00e4knad l\u00e4stid\" \/>\n\t<meta name=\"twitter:data1\" content=\"6 minuter\" \/>\n<script type=\"application\/ld+json\" class=\"yoast-schema-graph\">{\"@context\":\"https:\/\/schema.org\",\"@graph\":[{\"@type\":\"WebSite\",\"@id\":\"https:\/\/chagfordpool.co.uk\/#website\",\"url\":\"https:\/\/chagfordpool.co.uk\/\",\"name\":\"Chag Recensioner\",\"description\":\"Lokala anslutningsappar\",\"potentialAction\":[{\"@type\":\"SearchAction\",\"target\":{\"@type\":\"EntryPoint\",\"urlTemplate\":\"https:\/\/chagfordpool.co.uk\/?s={search_term_string}\"},\"query-input\":\"required name=search_term_string\"}],\"inLanguage\":\"sv-SE\"},{\"@type\":\"ImageObject\",\"inLanguage\":\"sv-SE\",\"@id\":\"https:\/\/chagfordpool.co.uk\/sv\/#primaryimage\",\"url\":\"https:\/\/chagfordpool.co.uk\/wp-content\/uploads\/2022\/07\/match-dating-websites.jpeg\",\"contentUrl\":\"https:\/\/chagfordpool.co.uk\/wp-content\/uploads\/2022\/07\/match-dating-websites.jpeg\",\"width\":500,\"height\":333},{\"@type\":\"WebPage\",\"@id\":\"https:\/\/chagfordpool.co.uk\/sv\/#webpage\",\"url\":\"https:\/\/chagfordpool.co.uk\/sv\/\",\"name\":\"Lokal dejtingsexpert: V\u00e5ra b\u00e4sta tips f\u00f6r k\u00e4rlek - Chag Recensioner\",\"isPartOf\":{\"@id\":\"https:\/\/chagfordpool.co.uk\/#website\"},\"primaryImageOfPage\":{\"@id\":\"https:\/\/chagfordpool.co.uk\/sv\/#primaryimage\"},\"datePublished\":\"2022-07-26T10:31:46+00:00\",\"dateModified\":\"2022-07-26T10:31:46+00:00\",\"breadcrumb\":{\"@id\":\"https:\/\/chagfordpool.co.uk\/sv\/#breadcrumb\"},\"inLanguage\":\"sv-SE\",\"potentialAction\":[{\"@type\":\"ReadAction\",\"target\":[\"https:\/\/chagfordpool.co.uk\/sv\/\"]}]},{\"@type\":\"BreadcrumbList\",\"@id\":\"https:\/\/chagfordpool.co.uk\/sv\/#breadcrumb\",\"itemListElement\":[{\"@type\":\"ListItem\",\"position\":1,\"name\":\"Hem\",\"item\":\"https:\/\/chagfordpool.co.uk\/sv\/\"},{\"@type\":\"ListItem\",\"position\":2,\"name\":\"Lokal dejtingsexpert: V\u00e5ra b\u00e4sta tips f\u00f6r k\u00e4rlek\"}]}]}<\/script>\n<!-- \/ Yoast SEO plugin. -->","yoast_head_json":{"title":"Lokal dejtingsexpert: V\u00e5ra b\u00e4sta tips f\u00f6r k\u00e4rlek - Chag Recensioner","robots":{"index":"index","follow":"follow","max-snippet":"max-snippet:-1","max-image-preview":"max-image-preview:large","max-video-preview":"max-video-preview:-1"},"canonical":"https:\/\/chagfordpool.co.uk\/sv\/","og_locale":"sv_SE","og_type":"article","og_title":"Lokal dejtingsexpert: V\u00e5ra b\u00e4sta tips f\u00f6r k\u00e4rlek - Chag Recensioner","og_description":"V\u00e4rlden vi lever i idag har f\u00f6r\u00e4ndrats f\u00f6r alltid p\u00e5 grund av COVID-19. Vi har sett hur tekniken har hj\u00e4lpt oss under denna pandemi, och [...]","og_url":"https:\/\/chagfordpool.co.uk\/sv\/","og_site_name":"Chag Recensioner","og_image":[{"width":500,"height":333,"url":"https:\/\/chagfordpool.co.uk\/wp-content\/uploads\/2022\/07\/match-dating-websites.jpeg","type":"image\/jpeg"}],"author":"Expert Reviews","twitter_card":"summary_large_image","twitter_misc":{"Ber\u00e4knad l\u00e4stid":"6 minuter"},"schema":{"@context":"https:\/\/schema.org","@graph":[{"@type":"WebSite","@id":"https:\/\/chagfordpool.co.uk\/#website","url":"https:\/\/chagfordpool.co.uk\/","name":"Chag Recensioner","description":"Lokala anslutningsappar","potentialAction":[{"@type":"SearchAction","target":{"@type":"EntryPoint","urlTemplate":"https:\/\/chagfordpool.co.uk\/?s={search_term_string}"},"query-input":"required name=search_term_string"}],"inLanguage":"sv-SE"},{"@type":"ImageObject","inLanguage":"sv-SE","@id":"https:\/\/chagfordpool.co.uk\/sv\/#primaryimage","url":"https:\/\/chagfordpool.co.uk\/wp-content\/uploads\/2022\/07\/match-dating-websites.jpeg","contentUrl":"https:\/\/chagfordpool.co.uk\/wp-content\/uploads\/2022\/07\/match-dating-websites.jpeg","width":500,"height":333},{"@type":"WebPage","@id":"https:\/\/chagfordpool.co.uk\/sv\/#webpage","url":"https:\/\/chagfordpool.co.uk\/sv\/","name":"Lokal dejtingsexpert: V\u00e5ra b\u00e4sta tips f\u00f6r k\u00e4rlek - Chag Recensioner","isPartOf":{"@id":"https:\/\/chagfordpool.co.uk\/#website"},"primaryImageOfPage":{"@id":"https:\/\/chagfordpool.co.uk\/sv\/#primaryimage"},"datePublished":"2022-07-26T10:31:46+00:00","dateModified":"2022-07-26T10:31:46+00:00","breadcrumb":{"@id":"https:\/\/chagfordpool.co.uk\/sv\/#breadcrumb"},"inLanguage":"sv-SE","potentialAction":[{"@type":"ReadAction","target":["https:\/\/chagfordpool.co.uk\/sv\/"]}]},{"@type":"BreadcrumbList","@id":"https:\/\/chagfordpool.co.uk\/sv\/#breadcrumb","itemListElement":[{"@type":"ListItem","position":1,"name":"Hem","item":"https:\/\/chagfordpool.co.uk\/sv\/"},{"@type":"ListItem","position":2,"name":"Lokal dejtingsexpert: V\u00e5ra b\u00e4sta tips f\u00f6r k\u00e4rlek"}]}]}},"_links":{"self":[{"href":"https:\/\/chagfordpool.co.uk\/sv\/wp-json\/wp\/v2\/pages\/160"}],"collection":[{"href":"https:\/\/chagfordpool.co.uk\/sv\/wp-json\/wp\/v2\/pages"}],"about":[{"href":"https:\/\/chagfordpool.co.uk\/sv\/wp-json\/wp\/v2\/types\/page"}],"author":[{"embeddable":true,"href":"https:\/\/chagfordpool.co.uk\/sv\/wp-json\/wp\/v2\/users\/1"}],"replies":[{"embeddable":true,"href":"https:\/\/chagfordpool.co.uk\/sv\/wp-json\/wp\/v2\/comments?post=160"}],"version-history":[{"count":0,"href":"https:\/\/chagfordpool.co.uk\/sv\/wp-json\/wp\/v2\/pages\/160\/revisions"}],"wp:featuredmedia":[{"embeddable":true,"href":"https:\/\/chagfordpool.co.uk\/sv\/wp-json\/wp\/v2\/media\/95"}],"wp:attachment":[{"href":"https:\/\/chagfordpool.co.uk\/sv\/wp-json\/wp\/v2\/media?parent=160"}],"curies":[{"name":"wp","href":"https:\/\/api.w.org\/{rel}","templated":true}]}}