{"id":175,"date":"2022-07-26T12:08:22","date_gmt":"2022-07-26T11:08:22","guid":{"rendered":"http:\/\/chagfordpool.co.uk\/hur-man-tar-reda-pa-om-han-vill-ha-dig\/"},"modified":"2022-07-26T12:08:22","modified_gmt":"2022-07-26T11:08:22","slug":"hur-man-tar-reda-pa-om-han-vill-ha-dig","status":"publish","type":"page","link":"https:\/\/chagfordpool.co.uk\/sv\/hur-man-tar-reda-pa-om-han-vill-ha-dig\/","title":{"rendered":"Hur man tar reda p\u00e5 om han vill ha dig"},"content":{"rendered":"<p>Det finns tv\u00e5 typer av m\u00e4n: De som vill vara \u00f6nskade och de som vill vara beh\u00f6vda.<\/p>\n<p>Medan b\u00e5da \u00e4r lika attraktiva \u00e4r den senare typen mycket l\u00e4ttare att locka. M\u00e4n som vill vara beh\u00f6vda tenderar att vara beh\u00f6vande och kl\u00e4ngiga. N\u00e4r du tr\u00e4ffar n\u00e5gon s\u00e5 h\u00e4r kommer du att k\u00e4nna dig obekv\u00e4m och undra om han vill vara v\u00e4nner eller bara beh\u00f6ver dig.<\/p>\n<p>F\u00f6r att undvika att falla i denna f\u00e4lla, h\u00e4r \u00e4r fyra tips som hj\u00e4lper dig att ta reda p\u00e5 om han verkligen vill vara v\u00e4nner eller om han bara vill beh\u00f6vas.<\/p>\n<h3>Pratar han om sina ex?<\/h3>\n<p>M\u00e4n som \u00e4r os\u00e4kra p\u00e5 sig sj\u00e4lva brukar f\u00f6rs\u00f6ka <a href=\"http:\/\/chagfordpool.co.uk\/sv\/rollspel-sex-dating\/\">kompensera genom att prata om andra kvinnor<\/a>. \u00c4ven om detta kan verka ofarligt nog, kan det indikera att han f\u00f6rs\u00f6ker fylla ett k\u00e4nslom\u00e4ssigt tomrum inuti sig sj\u00e4lv.<\/p>\n<h3>Ber han alltid om tj\u00e4nster?<\/h3>\n<p>Om han ber dig att g\u00f6ra n\u00e5got f\u00f6r honom varje dag, vill han f\u00f6rmodligen beh\u00f6vas. Han kan till och med f\u00f6rv\u00e4nta sig att du ska g\u00f6ra vad som helst f\u00f6r honom, inklusive att st\u00e4da hans hus, laga middag och ta hand om hans barn.<\/p>\n<h3>Ber\u00e4ttar han hur vacker du ser ut?<\/h3>\n<p>Detta \u00e4r ytterligare ett tecken p\u00e5 att han vill bli beh\u00f6vd. Om han ber\u00e4ttar hur vacker du \u00e4r \u00e4r han f\u00f6rmodligen os\u00e4ker och k\u00e4nner sig otillr\u00e4cklig.<\/p>\n<h3>Komplimangerar han dig?<\/h3>\n<p>M\u00e4n som \u00e4r s\u00e4kra p\u00e5 sig sj\u00e4lva beh\u00f6ver s\u00e4llan komplimanger. Men om han ger dig komplimanger, <a href=\"http:\/\/chagfordpool.co.uk\/sv\/lokala-dejtingappar\/\">var uppm\u00e4rksam p\u00e5 hur han s\u00e4ger dem<\/a>. Om han anv\u00e4nder ord som &#8221;vacker&#8221;, &#8221;sexig&#8221; eller &#8221;het&#8221;, \u00e4r han f\u00f6rmodligen os\u00e4ker och vill beh\u00f6vas. Men om han anv\u00e4nder ord som &#8221;smart&#8221;, &#8221;rolig&#8221; eller &#8221;cool&#8221;, \u00e4r han sannolikt s\u00e4ker och bekv\u00e4m med sig sj\u00e4lv.<\/p>\n<p>Dessa tecken \u00e4r inte idiots\u00e4kra, men de kan hj\u00e4lpa dig att avg\u00f6ra om han vill beh\u00f6vas eller bara vill vara v\u00e4nner.<\/p>\n<h2>Fortfarande f\u00f6rvirrad?<\/h2>\n<p>Om du fortfarande k\u00e4mpar, ta en titt p\u00e5 dessa 5 snabba fr\u00e5gor som du kan anv\u00e4nda f\u00f6r att ta reda p\u00e5 om en kille \/ tjej gillar dig:<\/p>\n<h3>St\u00e4ll fr\u00e5gor<\/h3>\n<p>M\u00e4n \u00e4lskar att prata om sig sj\u00e4lva, s\u00e5 att st\u00e4lla fr\u00e5gor visar intresse. Genom att st\u00e4lla \u00f6ppna fr\u00e5gor kan du l\u00e4ra dig mer om hans intressen och hobbyer.<\/p>\n<h3>F\u00e5 \u00f6gonkontakt<\/h3>\n<p>N\u00e4r han m\u00e4rker att du tittar p\u00e5 honom kommer han att k\u00e4nna sig smickrad. Och n\u00e4r du tittar ner igen undrar han vad du t\u00e4nkte p\u00e5.<\/p>\n<h3>Lyssna uppm\u00e4rksamt<\/h3>\n<p>Han vill veta att du bryr dig om vad han s\u00e4ger. Avbryt honom inte medan han pratar; l\u00e5t honom avsluta sina tankar. Nicka sedan och le.<\/p>\n<h3>Komplimangerar honom<\/h3>\n<p>Ber\u00e4tta f\u00f6r honom hur stilig han ser ut, hur smart han verkar eller hur mycket du beundrar honom. Dessa komplimanger f\u00e5r honom att k\u00e4nna sig speciell och uppskattad.<\/p>\n<h3>Ge honom utrymme<\/h3>\n<p>L\u00e5t honom veta att du lyssnar genom att ge honom gott om utrymme. Sitt tillr\u00e4ckligt n\u00e4ra f\u00f6r att h\u00f6ra honom, men tillr\u00e4ckligt l\u00e5ngt ifr\u00e5n varandra f\u00f6r att han k\u00e4nner sig bekv\u00e4m att prata.<\/p>\n","protected":false},"excerpt":{"rendered":"<p>Det finns tv\u00e5 typer av m\u00e4n: De som vill vara \u00f6nskade och de som vill vara beh\u00f6vda. Medan b\u00e5da \u00e4r lika attraktiva \u00e4r den senare [&#8230;]<\/p>\n","protected":false},"author":1,"featured_media":125,"parent":0,"menu_order":0,"comment_status":"closed","ping_status":"closed","template":"","meta":[],"yoast_head":"<!-- This site is optimized with the Yoast SEO plugin v19.2 - https:\/\/yoast.com\/wordpress\/plugins\/seo\/ -->\n<title>Hur man tar reda p\u00e5 om han vill ha dig - Chag Recensioner<\/title>\n<meta name=\"robots\" content=\"index, follow, max-snippet:-1, max-image-preview:large, max-video-preview:-1\" \/>\n<link rel=\"canonical\" href=\"https:\/\/chagfordpool.co.uk\/sv\/hur-man-tar-reda-pa-om-han-vill-ha-dig\/\" \/>\n<meta property=\"og:locale\" content=\"sv_SE\" \/>\n<meta property=\"og:type\" content=\"article\" \/>\n<meta property=\"og:title\" content=\"Hur man tar reda p\u00e5 om han vill ha dig - Chag Recensioner\" \/>\n<meta property=\"og:description\" content=\"Det finns tv\u00e5 typer av m\u00e4n: De som vill vara \u00f6nskade och de som vill vara beh\u00f6vda. Medan b\u00e5da \u00e4r lika attraktiva \u00e4r den senare [...]\" \/>\n<meta property=\"og:url\" content=\"https:\/\/chagfordpool.co.uk\/sv\/hur-man-tar-reda-pa-om-han-vill-ha-dig\/\" \/>\n<meta property=\"og:site_name\" content=\"Chag Recensioner\" \/>\n<meta property=\"og:image\" content=\"https:\/\/chagfordpool.co.uk\/wp-content\/uploads\/2022\/07\/hookup.jpeg\" \/>\n\t<meta property=\"og:image:width\" content=\"1200\" \/>\n\t<meta property=\"og:image:height\" content=\"1500\" \/>\n\t<meta property=\"og:image:type\" content=\"image\/jpeg\" \/>\n<meta name=\"author\" content=\"Expert Reviews\" \/>\n<meta name=\"twitter:card\" content=\"summary_large_image\" \/>\n<meta name=\"twitter:label1\" content=\"Ber\u00e4knad l\u00e4stid\" \/>\n\t<meta name=\"twitter:data1\" content=\"3 minuter\" \/>\n<script type=\"application\/ld+json\" class=\"yoast-schema-graph\">{\"@context\":\"https:\/\/schema.org\",\"@graph\":[{\"@type\":\"WebSite\",\"@id\":\"https:\/\/chagfordpool.co.uk\/#website\",\"url\":\"https:\/\/chagfordpool.co.uk\/\",\"name\":\"Chag Recensioner\",\"description\":\"Lokala anslutningsappar\",\"potentialAction\":[{\"@type\":\"SearchAction\",\"target\":{\"@type\":\"EntryPoint\",\"urlTemplate\":\"https:\/\/chagfordpool.co.uk\/?s={search_term_string}\"},\"query-input\":\"required name=search_term_string\"}],\"inLanguage\":\"sv-SE\"},{\"@type\":\"ImageObject\",\"inLanguage\":\"sv-SE\",\"@id\":\"https:\/\/chagfordpool.co.uk\/sv\/hur-man-tar-reda-pa-om-han-vill-ha-dig\/#primaryimage\",\"url\":\"https:\/\/chagfordpool.co.uk\/wp-content\/uploads\/2022\/07\/hookup.jpeg\",\"contentUrl\":\"https:\/\/chagfordpool.co.uk\/wp-content\/uploads\/2022\/07\/hookup.jpeg\",\"width\":1200,\"height\":1500},{\"@type\":\"WebPage\",\"@id\":\"https:\/\/chagfordpool.co.uk\/sv\/hur-man-tar-reda-pa-om-han-vill-ha-dig\/#webpage\",\"url\":\"https:\/\/chagfordpool.co.uk\/sv\/hur-man-tar-reda-pa-om-han-vill-ha-dig\/\",\"name\":\"Hur man tar reda p\u00e5 om han vill ha dig - Chag Recensioner\",\"isPartOf\":{\"@id\":\"https:\/\/chagfordpool.co.uk\/#website\"},\"primaryImageOfPage\":{\"@id\":\"https:\/\/chagfordpool.co.uk\/sv\/hur-man-tar-reda-pa-om-han-vill-ha-dig\/#primaryimage\"},\"datePublished\":\"2022-07-26T11:08:22+00:00\",\"dateModified\":\"2022-07-26T11:08:22+00:00\",\"breadcrumb\":{\"@id\":\"https:\/\/chagfordpool.co.uk\/sv\/hur-man-tar-reda-pa-om-han-vill-ha-dig\/#breadcrumb\"},\"inLanguage\":\"sv-SE\",\"potentialAction\":[{\"@type\":\"ReadAction\",\"target\":[\"https:\/\/chagfordpool.co.uk\/sv\/hur-man-tar-reda-pa-om-han-vill-ha-dig\/\"]}]},{\"@type\":\"BreadcrumbList\",\"@id\":\"https:\/\/chagfordpool.co.uk\/sv\/hur-man-tar-reda-pa-om-han-vill-ha-dig\/#breadcrumb\",\"itemListElement\":[{\"@type\":\"ListItem\",\"position\":1,\"name\":\"Hem\",\"item\":\"https:\/\/chagfordpool.co.uk\/sv\/\"},{\"@type\":\"ListItem\",\"position\":2,\"name\":\"Hur man tar reda p\u00e5 om han vill ha dig\"}]}]}<\/script>\n<!-- \/ Yoast SEO plugin. -->","yoast_head_json":{"title":"Hur man tar reda p\u00e5 om han vill ha dig - Chag Recensioner","robots":{"index":"index","follow":"follow","max-snippet":"max-snippet:-1","max-image-preview":"max-image-preview:large","max-video-preview":"max-video-preview:-1"},"canonical":"https:\/\/chagfordpool.co.uk\/sv\/hur-man-tar-reda-pa-om-han-vill-ha-dig\/","og_locale":"sv_SE","og_type":"article","og_title":"Hur man tar reda p\u00e5 om han vill ha dig - Chag Recensioner","og_description":"Det finns tv\u00e5 typer av m\u00e4n: De som vill vara \u00f6nskade och de som vill vara beh\u00f6vda. Medan b\u00e5da \u00e4r lika attraktiva \u00e4r den senare [...]","og_url":"https:\/\/chagfordpool.co.uk\/sv\/hur-man-tar-reda-pa-om-han-vill-ha-dig\/","og_site_name":"Chag Recensioner","og_image":[{"width":1200,"height":1500,"url":"https:\/\/chagfordpool.co.uk\/wp-content\/uploads\/2022\/07\/hookup.jpeg","type":"image\/jpeg"}],"author":"Expert Reviews","twitter_card":"summary_large_image","twitter_misc":{"Ber\u00e4knad l\u00e4stid":"3 minuter"},"schema":{"@context":"https:\/\/schema.org","@graph":[{"@type":"WebSite","@id":"https:\/\/chagfordpool.co.uk\/#website","url":"https:\/\/chagfordpool.co.uk\/","name":"Chag Recensioner","description":"Lokala anslutningsappar","potentialAction":[{"@type":"SearchAction","target":{"@type":"EntryPoint","urlTemplate":"https:\/\/chagfordpool.co.uk\/?s={search_term_string}"},"query-input":"required name=search_term_string"}],"inLanguage":"sv-SE"},{"@type":"ImageObject","inLanguage":"sv-SE","@id":"https:\/\/chagfordpool.co.uk\/sv\/hur-man-tar-reda-pa-om-han-vill-ha-dig\/#primaryimage","url":"https:\/\/chagfordpool.co.uk\/wp-content\/uploads\/2022\/07\/hookup.jpeg","contentUrl":"https:\/\/chagfordpool.co.uk\/wp-content\/uploads\/2022\/07\/hookup.jpeg","width":1200,"height":1500},{"@type":"WebPage","@id":"https:\/\/chagfordpool.co.uk\/sv\/hur-man-tar-reda-pa-om-han-vill-ha-dig\/#webpage","url":"https:\/\/chagfordpool.co.uk\/sv\/hur-man-tar-reda-pa-om-han-vill-ha-dig\/","name":"Hur man tar reda p\u00e5 om han vill ha dig - Chag Recensioner","isPartOf":{"@id":"https:\/\/chagfordpool.co.uk\/#website"},"primaryImageOfPage":{"@id":"https:\/\/chagfordpool.co.uk\/sv\/hur-man-tar-reda-pa-om-han-vill-ha-dig\/#primaryimage"},"datePublished":"2022-07-26T11:08:22+00:00","dateModified":"2022-07-26T11:08:22+00:00","breadcrumb":{"@id":"https:\/\/chagfordpool.co.uk\/sv\/hur-man-tar-reda-pa-om-han-vill-ha-dig\/#breadcrumb"},"inLanguage":"sv-SE","potentialAction":[{"@type":"ReadAction","target":["https:\/\/chagfordpool.co.uk\/sv\/hur-man-tar-reda-pa-om-han-vill-ha-dig\/"]}]},{"@type":"BreadcrumbList","@id":"https:\/\/chagfordpool.co.uk\/sv\/hur-man-tar-reda-pa-om-han-vill-ha-dig\/#breadcrumb","itemListElement":[{"@type":"ListItem","position":1,"name":"Hem","item":"https:\/\/chagfordpool.co.uk\/sv\/"},{"@type":"ListItem","position":2,"name":"Hur man tar reda p\u00e5 om han vill ha dig"}]}]}},"_links":{"self":[{"href":"https:\/\/chagfordpool.co.uk\/sv\/wp-json\/wp\/v2\/pages\/175"}],"collection":[{"href":"https:\/\/chagfordpool.co.uk\/sv\/wp-json\/wp\/v2\/pages"}],"about":[{"href":"https:\/\/chagfordpool.co.uk\/sv\/wp-json\/wp\/v2\/types\/page"}],"author":[{"embeddable":true,"href":"https:\/\/chagfordpool.co.uk\/sv\/wp-json\/wp\/v2\/users\/1"}],"replies":[{"embeddable":true,"href":"https:\/\/chagfordpool.co.uk\/sv\/wp-json\/wp\/v2\/comments?post=175"}],"version-history":[{"count":0,"href":"https:\/\/chagfordpool.co.uk\/sv\/wp-json\/wp\/v2\/pages\/175\/revisions"}],"wp:featuredmedia":[{"embeddable":true,"href":"https:\/\/chagfordpool.co.uk\/sv\/wp-json\/wp\/v2\/media\/125"}],"wp:attachment":[{"href":"https:\/\/chagfordpool.co.uk\/sv\/wp-json\/wp\/v2\/media?parent=175"}],"curies":[{"name":"wp","href":"https:\/\/api.w.org\/{rel}","templated":true}]}}