{"id":180,"date":"2022-07-26T12:09:29","date_gmt":"2022-07-26T11:09:29","guid":{"rendered":"http:\/\/chagfordpool.co.uk\/lokala-dejtingappar\/"},"modified":"2022-07-26T12:09:29","modified_gmt":"2022-07-26T11:09:29","slug":"lokala-dejtingappar","status":"publish","type":"page","link":"https:\/\/chagfordpool.co.uk\/sv\/lokala-dejtingappar\/","title":{"rendered":"Lokala dejtingappar"},"content":{"rendered":"<p>Anslutningar \u00e4r avslappnade sexuella m\u00f6ten som vanligtvis h\u00e4nder utanf\u00f6r engagerade relationer. \u00c4ven om anslutningar inte alltid \u00e4r negativa upplevelser, kan de leda till k\u00e4nslor av \u00e5nger och skam bland deltagarna.<\/p>\n<p>F\u00f6r att undvika dessa k\u00e4nslor \u00e4r det viktigt att f\u00f6rst\u00e5 att sex \u00e4r en normal del av livet. Anslutningar b\u00f6r inte ses som en ers\u00e4ttning f\u00f6r l\u00e5ngsiktiga relationer, utan snarare som ett roligt tillskott till befintliga.<\/p>\n<p>Det \u00e4r ocks\u00e5 viktigt att komma ih\u00e5g att anslutningar skiljer sig fr\u00e5n <a href=\"http:\/\/chagfordpool.co.uk\/sv\/rollspel-sex-dating\/\">avslappnad sex<\/a>. Casual sex definieras i allm\u00e4nhet som att ha sex med n\u00e5gon som du inte planerar att spendera mycket tid med. Anslutningar \u00e4r dock vanligtvis kortlivade aff\u00e4rer som slutar efter n\u00e5gra timmar eller dagar. Det finns flera anledningar till att m\u00e4nniskor v\u00e4ljer att delta i anslutningar. Vissa tycker om sp\u00e4nningen i att prova n\u00e5got nytt medan andra bara vill experimentera med sin sexualitet. Oavsett anledning \u00e4r det viktigt att komma ih\u00e5g att anslutning \u00e4r ett val och inte ett krav. \u00c4ven om anslutningar inte \u00e4r f\u00f6r alla, kan de vara en positiv upplevelse om de g\u00f6rs korrekt. S\u00e5 l\u00e4nge b\u00e5da inblandade parter k\u00e4nner sig bekv\u00e4ma och trygga, s\u00e5 \u00e4r det inget fel med att njuta.<\/p>\n<h2>Hur man tr\u00e4ffar singlar i ditt omr\u00e5de<\/h2>\n<p>Det finns gott om online-resurser tillg\u00e4ngliga f\u00f6r att hj\u00e4lpa singlar att tr\u00e4ffa varandra. Men att tr\u00e4ffa n\u00e5gon ansikte mot ansikte kan verkligen \u00f6ka ditt sj\u00e4lvf\u00f6rtroende och leda till ett l\u00e5ngvarigt f\u00f6rh\u00e5llande.<\/p>\n<p>Oavsett om du letar efter k\u00e4rlek eller bara avslappnad kul, erbjuder lokala dejtingsajter ett bekv\u00e4mt s\u00e4tt att f\u00e5 kontakt med andra som delar liknande intressen. Dessa webbplatser till\u00e5ter medlemmar att bl\u00e4ddra bland profiler baserat p\u00e5 plats, \u00e5lder, k\u00f6n och sexuell l\u00e4ggning. N\u00e4r du har hittat n\u00e5gon du vill tr\u00e4ffa kan du ordna en tid och plats att chatta via webbkamera.<\/p>\n<h3>Hur man n\u00e4tverkar och hittar datum<\/h3>\n<p>Lokala dejtingsajter \u00e4r inte bara till f\u00f6r att hitta datum; De kan ocks\u00e5 ge v\u00e4rdefulla n\u00e4tverksm\u00f6jligheter. Medlemmar kan skapa grupper baserat p\u00e5 gemensamma intressen, hobbyer eller aktiviteter. Vissa webbplatser l\u00e5ter dig till och med g\u00e5 med i grupper som fokuserar p\u00e5 specifika platser, s\u00e5 att du kan tr\u00e4ffa m\u00e4nniskor i n\u00e4rheten.<\/p>\n<p>Vissa lokala dejtingsajter har ocks\u00e5 evenemang, fester och andra typer av sammankomster. Dessa evenemang kan vara ett utm\u00e4rkt tillf\u00e4lle att mingla med potentiella partners och bygga relationer.<\/p>\n<p>Medan lokala dejtingsajter \u00e4r ett bra alternativ f\u00f6r att f\u00e5 kontakt med andra, kom ih\u00e5g att de fortfarande fr\u00e4mst \u00e4r inriktade p\u00e5 att hitta romantiska kontakter. S\u00e5 om du letar efter v\u00e4nskap, f\u00f6rs\u00f6k att g\u00e5 med i en v\u00e4nligare grupp p\u00e5 en webbplats av allm\u00e4nt intresse ist\u00e4llet.<\/p>\n<h3>Tips f\u00f6r online dating<\/h3>\n<p>Det \u00e4r viktigt att komma ih\u00e5g att anslutningar \u00e4r riskabla aff\u00e4rer. \u00c4ven om du kanske k\u00e4nner dig s\u00e4ker p\u00e5 att tr\u00e4ffa n\u00e5gon personligen, vet du aldrig riktigt vilken typ av person du kommer att sluta med f\u00f6rr\u00e4n efter att du har haft sex. Det finns ingen garanti f\u00f6r att du kommer att njuta av dig sj\u00e4lv, och du kan sluta \u00e5ngra att du hade sex med n\u00e5gon du inte brydde dig mycket om.<\/p>\n<p>Det \u00e4r d\u00e4rf\u00f6r det l\u00f6nar sig att vara f\u00f6rsiktig n\u00e4r du v\u00e4ljer en partner. Innan du g\u00e5r med p\u00e5 att tr\u00e4ffa n\u00e5gon personligen, se till att ni b\u00e5da delar liknande v\u00e4rderingar och intressen. F\u00f6rs\u00f6k ocks\u00e5 att undvika att g\u00e5 till platser d\u00e4r du vet att andra m\u00e4nniskor sannolikt kommer att vara n\u00e4rvarande, som barer eller klubbar. Slutligen kan du st\u00e4lla fr\u00e5gor till potentiella partners om sig sj\u00e4lva f\u00f6r att l\u00e4ra dig mer om deras personlighet och vanor.<\/p>\n","protected":false},"excerpt":{"rendered":"<p>Anslutningar \u00e4r avslappnade sexuella m\u00f6ten som vanligtvis h\u00e4nder utanf\u00f6r engagerade relationer. \u00c4ven om anslutningar inte alltid \u00e4r negativa upplevelser, kan de leda till k\u00e4nslor av [&#8230;]<\/p>\n","protected":false},"author":1,"featured_media":115,"parent":0,"menu_order":0,"comment_status":"closed","ping_status":"closed","template":"","meta":[],"yoast_head":"<!-- This site is optimized with the Yoast SEO plugin v19.2 - https:\/\/yoast.com\/wordpress\/plugins\/seo\/ -->\n<title>Lokala dejtingappar - Chag Recensioner<\/title>\n<meta name=\"robots\" content=\"index, follow, max-snippet:-1, max-image-preview:large, max-video-preview:-1\" \/>\n<link rel=\"canonical\" href=\"https:\/\/chagfordpool.co.uk\/sv\/lokala-dejtingappar\/\" \/>\n<meta property=\"og:locale\" content=\"sv_SE\" \/>\n<meta property=\"og:type\" content=\"article\" \/>\n<meta property=\"og:title\" content=\"Lokala dejtingappar - Chag Recensioner\" \/>\n<meta property=\"og:description\" content=\"Anslutningar \u00e4r avslappnade sexuella m\u00f6ten som vanligtvis h\u00e4nder utanf\u00f6r engagerade relationer. \u00c4ven om anslutningar inte alltid \u00e4r negativa upplevelser, kan de leda till k\u00e4nslor av [...]\" \/>\n<meta property=\"og:url\" content=\"https:\/\/chagfordpool.co.uk\/sv\/lokala-dejtingappar\/\" \/>\n<meta property=\"og:site_name\" content=\"Chag Recensioner\" \/>\n<meta property=\"og:image\" content=\"https:\/\/chagfordpool.co.uk\/wp-content\/uploads\/2022\/07\/real-sex-apps.webp\" \/>\n\t<meta property=\"og:image:width\" content=\"1125\" \/>\n\t<meta property=\"og:image:height\" content=\"750\" \/>\n\t<meta property=\"og:image:type\" content=\"image\/webp\" \/>\n<meta name=\"author\" content=\"Expert Reviews\" \/>\n<meta name=\"twitter:card\" content=\"summary_large_image\" \/>\n<meta name=\"twitter:label1\" content=\"Ber\u00e4knad l\u00e4stid\" \/>\n\t<meta name=\"twitter:data1\" content=\"3 minuter\" \/>\n<script type=\"application\/ld+json\" class=\"yoast-schema-graph\">{\"@context\":\"https:\/\/schema.org\",\"@graph\":[{\"@type\":\"WebSite\",\"@id\":\"https:\/\/chagfordpool.co.uk\/#website\",\"url\":\"https:\/\/chagfordpool.co.uk\/\",\"name\":\"Chag Recensioner\",\"description\":\"Lokala anslutningsappar\",\"potentialAction\":[{\"@type\":\"SearchAction\",\"target\":{\"@type\":\"EntryPoint\",\"urlTemplate\":\"https:\/\/chagfordpool.co.uk\/?s={search_term_string}\"},\"query-input\":\"required name=search_term_string\"}],\"inLanguage\":\"sv-SE\"},{\"@type\":\"ImageObject\",\"inLanguage\":\"sv-SE\",\"@id\":\"https:\/\/chagfordpool.co.uk\/sv\/lokala-dejtingappar\/#primaryimage\",\"url\":\"https:\/\/chagfordpool.co.uk\/wp-content\/uploads\/2022\/07\/real-sex-apps.webp\",\"contentUrl\":\"https:\/\/chagfordpool.co.uk\/wp-content\/uploads\/2022\/07\/real-sex-apps.webp\",\"width\":1125,\"height\":750},{\"@type\":\"WebPage\",\"@id\":\"https:\/\/chagfordpool.co.uk\/sv\/lokala-dejtingappar\/#webpage\",\"url\":\"https:\/\/chagfordpool.co.uk\/sv\/lokala-dejtingappar\/\",\"name\":\"Lokala dejtingappar - Chag Recensioner\",\"isPartOf\":{\"@id\":\"https:\/\/chagfordpool.co.uk\/#website\"},\"primaryImageOfPage\":{\"@id\":\"https:\/\/chagfordpool.co.uk\/sv\/lokala-dejtingappar\/#primaryimage\"},\"datePublished\":\"2022-07-26T11:09:29+00:00\",\"dateModified\":\"2022-07-26T11:09:29+00:00\",\"breadcrumb\":{\"@id\":\"https:\/\/chagfordpool.co.uk\/sv\/lokala-dejtingappar\/#breadcrumb\"},\"inLanguage\":\"sv-SE\",\"potentialAction\":[{\"@type\":\"ReadAction\",\"target\":[\"https:\/\/chagfordpool.co.uk\/sv\/lokala-dejtingappar\/\"]}]},{\"@type\":\"BreadcrumbList\",\"@id\":\"https:\/\/chagfordpool.co.uk\/sv\/lokala-dejtingappar\/#breadcrumb\",\"itemListElement\":[{\"@type\":\"ListItem\",\"position\":1,\"name\":\"Hem\",\"item\":\"https:\/\/chagfordpool.co.uk\/sv\/\"},{\"@type\":\"ListItem\",\"position\":2,\"name\":\"Lokala dejtingappar\"}]}]}<\/script>\n<!-- \/ Yoast SEO plugin. -->","yoast_head_json":{"title":"Lokala dejtingappar - Chag Recensioner","robots":{"index":"index","follow":"follow","max-snippet":"max-snippet:-1","max-image-preview":"max-image-preview:large","max-video-preview":"max-video-preview:-1"},"canonical":"https:\/\/chagfordpool.co.uk\/sv\/lokala-dejtingappar\/","og_locale":"sv_SE","og_type":"article","og_title":"Lokala dejtingappar - Chag Recensioner","og_description":"Anslutningar \u00e4r avslappnade sexuella m\u00f6ten som vanligtvis h\u00e4nder utanf\u00f6r engagerade relationer. \u00c4ven om anslutningar inte alltid \u00e4r negativa upplevelser, kan de leda till k\u00e4nslor av [...]","og_url":"https:\/\/chagfordpool.co.uk\/sv\/lokala-dejtingappar\/","og_site_name":"Chag Recensioner","og_image":[{"width":1125,"height":750,"url":"https:\/\/chagfordpool.co.uk\/wp-content\/uploads\/2022\/07\/real-sex-apps.webp","type":"image\/webp"}],"author":"Expert Reviews","twitter_card":"summary_large_image","twitter_misc":{"Ber\u00e4knad l\u00e4stid":"3 minuter"},"schema":{"@context":"https:\/\/schema.org","@graph":[{"@type":"WebSite","@id":"https:\/\/chagfordpool.co.uk\/#website","url":"https:\/\/chagfordpool.co.uk\/","name":"Chag Recensioner","description":"Lokala anslutningsappar","potentialAction":[{"@type":"SearchAction","target":{"@type":"EntryPoint","urlTemplate":"https:\/\/chagfordpool.co.uk\/?s={search_term_string}"},"query-input":"required name=search_term_string"}],"inLanguage":"sv-SE"},{"@type":"ImageObject","inLanguage":"sv-SE","@id":"https:\/\/chagfordpool.co.uk\/sv\/lokala-dejtingappar\/#primaryimage","url":"https:\/\/chagfordpool.co.uk\/wp-content\/uploads\/2022\/07\/real-sex-apps.webp","contentUrl":"https:\/\/chagfordpool.co.uk\/wp-content\/uploads\/2022\/07\/real-sex-apps.webp","width":1125,"height":750},{"@type":"WebPage","@id":"https:\/\/chagfordpool.co.uk\/sv\/lokala-dejtingappar\/#webpage","url":"https:\/\/chagfordpool.co.uk\/sv\/lokala-dejtingappar\/","name":"Lokala dejtingappar - Chag Recensioner","isPartOf":{"@id":"https:\/\/chagfordpool.co.uk\/#website"},"primaryImageOfPage":{"@id":"https:\/\/chagfordpool.co.uk\/sv\/lokala-dejtingappar\/#primaryimage"},"datePublished":"2022-07-26T11:09:29+00:00","dateModified":"2022-07-26T11:09:29+00:00","breadcrumb":{"@id":"https:\/\/chagfordpool.co.uk\/sv\/lokala-dejtingappar\/#breadcrumb"},"inLanguage":"sv-SE","potentialAction":[{"@type":"ReadAction","target":["https:\/\/chagfordpool.co.uk\/sv\/lokala-dejtingappar\/"]}]},{"@type":"BreadcrumbList","@id":"https:\/\/chagfordpool.co.uk\/sv\/lokala-dejtingappar\/#breadcrumb","itemListElement":[{"@type":"ListItem","position":1,"name":"Hem","item":"https:\/\/chagfordpool.co.uk\/sv\/"},{"@type":"ListItem","position":2,"name":"Lokala dejtingappar"}]}]}},"_links":{"self":[{"href":"https:\/\/chagfordpool.co.uk\/sv\/wp-json\/wp\/v2\/pages\/180"}],"collection":[{"href":"https:\/\/chagfordpool.co.uk\/sv\/wp-json\/wp\/v2\/pages"}],"about":[{"href":"https:\/\/chagfordpool.co.uk\/sv\/wp-json\/wp\/v2\/types\/page"}],"author":[{"embeddable":true,"href":"https:\/\/chagfordpool.co.uk\/sv\/wp-json\/wp\/v2\/users\/1"}],"replies":[{"embeddable":true,"href":"https:\/\/chagfordpool.co.uk\/sv\/wp-json\/wp\/v2\/comments?post=180"}],"version-history":[{"count":0,"href":"https:\/\/chagfordpool.co.uk\/sv\/wp-json\/wp\/v2\/pages\/180\/revisions"}],"wp:featuredmedia":[{"embeddable":true,"href":"https:\/\/chagfordpool.co.uk\/sv\/wp-json\/wp\/v2\/media\/115"}],"wp:attachment":[{"href":"https:\/\/chagfordpool.co.uk\/sv\/wp-json\/wp\/v2\/media?parent=180"}],"curies":[{"name":"wp","href":"https:\/\/api.w.org\/{rel}","templated":true}]}}