{"id":183,"date":"2022-07-26T11:54:12","date_gmt":"2022-07-26T10:54:12","guid":{"rendered":"http:\/\/chagfordpool.co.uk\/basta-satten-att-traffa-likasinnade-singlar\/"},"modified":"2022-07-26T11:54:12","modified_gmt":"2022-07-26T10:54:12","slug":"basta-satten-att-traffa-likasinnade-singlar","status":"publish","type":"page","link":"https:\/\/chagfordpool.co.uk\/sv\/basta-satten-att-traffa-likasinnade-singlar\/","title":{"rendered":"B\u00e4sta s\u00e4tten att tr\u00e4ffa likasinnade singlar"},"content":{"rendered":"<p>Anslutningar \u00e4r roliga, avslappnade m\u00f6ten mellan <a href=\"http:\/\/chagfordpool.co.uk\/sv\/hur-man-tar-reda-pa-om-han-vill-ha-dig\/\">tv\u00e5 fr\u00e4mlingar<\/a> som tr\u00e4ffas online eller offline. Det finns gott om webbplatser som tillgodoser specifikt anslutningar, inklusive Tinder, OkCupid, PlentyOfFish och Match.com. Dessa webbplatser till\u00e5ter anv\u00e4ndare att bl\u00e4ddra bland profiler baserat p\u00e5 plats, \u00e5lder, k\u00f6n, intressen och andra kriterier. N\u00e4r n\u00e5gon hittar n\u00e5gon de vill chatta med kan de skicka ett meddelande eller beg\u00e4ra ett m\u00f6te ansikte mot ansikte.<\/p>\n<p>Medan vissa anslutningsappar \u00e4r inriktade p\u00e5 l\u00e5ngsiktiga relationer, \u00e4r andra strikt f\u00f6r snabba flings. Vissa m\u00e4nniskor f\u00f6redrar att undvika engagemang helt och h\u00e5llet, medan andra tycker om att ha flera partners under en natt. Oavsett vilken typ av relation du s\u00f6ker, b\u00f6r det inte vara sv\u00e5rt att hitta en partner. Kom bara ih\u00e5g att vara s\u00e4ker och f\u00f6lja regler f\u00f6r sunt f\u00f6rnuft.<\/p>\n<h2>Hur man tr\u00e4ffar lokala kvinnor f\u00f6r sex<\/h2>\n<p>Det \u00e4r ingen hemlighet att kvinnor s\u00f6ker m\u00e4n som \u00e4r sj\u00e4lvs\u00e4kra, framg\u00e5ngsrika och ambiti\u00f6sa. S\u00e5 om du f\u00f6rs\u00f6ker locka kvinnor online m\u00e5ste du f\u00f6rmedla dessa egenskaper.<\/p>\n<p>F\u00f6r att b\u00f6rja, skriv om dig sj\u00e4lv i ett positivt ljus. Prata inte bara om dina prestationer; prata om hur du \u00f6vervann hinder och uppn\u00e5dde framg\u00e5ng. Gl\u00f6m inte att n\u00e4mna att du f\u00f6r n\u00e4rvarande \u00e4r singel. Kvinnor \u00e4lskar att h\u00f6ra historier om andra m\u00e4nniskor som g\u00e5r efter vad de vill, och de kommer att uppskatta att veta att du g\u00f6r samma sak.<\/p>\n<p>Fokusera sedan p\u00e5 dina styrkor. Vilka f\u00e4rdigheter har du som skiljer dig fr\u00e5n andra? Skriv om dina passioner och hobbyer och dela information om dina intressen. N\u00e4r du beskriver dig sj\u00e4lv i termer av din personlighet kommer du att sticka ut fr\u00e5n m\u00e4ngden.<\/p>\n<p>Slutligen, prata om dina m\u00e5l. Ber\u00e4tta f\u00f6r henne vad du vill \u00e5stadkomma i livet och f\u00f6rklara hur hon kan hj\u00e4lpa dig att uppn\u00e5 dem. Se till att betona dina ambitioner och dr\u00f6mmar och undvik att prata om pengar. Fokusera ist\u00e4llet p\u00e5 framtiden och hur roligt ni kommer att ha tillsammans.<\/p>\n<p>Genom att f\u00f6lja dessa tips kan du skapa en profil som sticker ut bland resten. Och n\u00e4r du g\u00f6r det kommer du att kunna f\u00e5 kontakt med fler kvinnor online.<\/p>\n<h3>M\u00f6t f\u00f6r sex<\/h3>\n<p>Meet for sex \u00e4r en stor f\u00f6rdel med att g\u00e5 med i <a href=\"http:\/\/chagfordpool.co.uk\/sv\/basta-satten-att-anvanda-anslutningar-till-din-fordel\/\">lokala anslutningsappar<\/a> som f\u00f6rbinder m\u00e4n som s\u00f6ker avslappnade m\u00f6ten med kvinnor som letar efter roliga str\u00e4ngar.<\/p>\n<p>Det \u00e4r l\u00e4tt att tr\u00e4ffa n\u00e5gon ny online, men att hitta en partner f\u00f6r verkliga datum kan ibland k\u00e4nnas som en n\u00e5l i en h\u00f6stack.<\/p>\n<p>Med \u00f6ver 2 miljoner medlemmar \u00f6ver hela v\u00e4rlden erbjuder dessa online-anslutningsappar en s\u00e4ker och diskret plattform f\u00f6r att tr\u00e4ffa andra vuxna n\u00e4ra dig. Oavsett om du letar efter v\u00e4nskap, romantik eller bara en natt av passion, \u00e4r detta den perfekta platsen att f\u00e5 kontakt med andra i n\u00e4rheten.<\/p>\n<p>F\u00f6r att g\u00e5 med, registrera dig gratis idag och bl\u00e4ddra bland v\u00e5ra profiler av attraktiva lokalbefolkningen i ditt omr\u00e5de. Skicka sedan meddelanden till potentiella matchningar och ordna ett m\u00f6te ansikte mot ansikte.<\/p>\n","protected":false},"excerpt":{"rendered":"<p>Anslutningar \u00e4r roliga, avslappnade m\u00f6ten mellan tv\u00e5 fr\u00e4mlingar som tr\u00e4ffas online eller offline. Det finns gott om webbplatser som tillgodoser specifikt anslutningar, inklusive Tinder, OkCupid, [&#8230;]<\/p>\n","protected":false},"author":1,"featured_media":145,"parent":0,"menu_order":0,"comment_status":"closed","ping_status":"closed","template":"","meta":[],"yoast_head":"<!-- This site is optimized with the Yoast SEO plugin v19.2 - https:\/\/yoast.com\/wordpress\/plugins\/seo\/ -->\n<title>B\u00e4sta s\u00e4tten att tr\u00e4ffa likasinnade singlar - Chag Recensioner<\/title>\n<meta name=\"robots\" content=\"index, follow, max-snippet:-1, max-image-preview:large, max-video-preview:-1\" \/>\n<link rel=\"canonical\" href=\"https:\/\/chagfordpool.co.uk\/sv\/basta-satten-att-traffa-likasinnade-singlar\/\" \/>\n<meta property=\"og:locale\" content=\"sv_SE\" \/>\n<meta property=\"og:type\" content=\"article\" \/>\n<meta property=\"og:title\" content=\"B\u00e4sta s\u00e4tten att tr\u00e4ffa likasinnade singlar - Chag Recensioner\" \/>\n<meta property=\"og:description\" content=\"Anslutningar \u00e4r roliga, avslappnade m\u00f6ten mellan tv\u00e5 fr\u00e4mlingar som tr\u00e4ffas online eller offline. Det finns gott om webbplatser som tillgodoser specifikt anslutningar, inklusive Tinder, OkCupid, [...]\" \/>\n<meta property=\"og:url\" content=\"https:\/\/chagfordpool.co.uk\/sv\/basta-satten-att-traffa-likasinnade-singlar\/\" \/>\n<meta property=\"og:site_name\" content=\"Chag Recensioner\" \/>\n<meta property=\"og:image\" content=\"https:\/\/chagfordpool.co.uk\/wp-content\/uploads\/2022\/07\/singles.jpeg\" \/>\n\t<meta property=\"og:image:width\" content=\"1000\" \/>\n\t<meta property=\"og:image:height\" content=\"1500\" \/>\n\t<meta property=\"og:image:type\" content=\"image\/jpeg\" \/>\n<meta name=\"author\" content=\"Expert Reviews\" \/>\n<meta name=\"twitter:card\" content=\"summary_large_image\" \/>\n<meta name=\"twitter:label1\" content=\"Ber\u00e4knad l\u00e4stid\" \/>\n\t<meta name=\"twitter:data1\" content=\"3 minuter\" \/>\n<script type=\"application\/ld+json\" class=\"yoast-schema-graph\">{\"@context\":\"https:\/\/schema.org\",\"@graph\":[{\"@type\":\"WebSite\",\"@id\":\"https:\/\/chagfordpool.co.uk\/#website\",\"url\":\"https:\/\/chagfordpool.co.uk\/\",\"name\":\"Chag Recensioner\",\"description\":\"Lokala anslutningsappar\",\"potentialAction\":[{\"@type\":\"SearchAction\",\"target\":{\"@type\":\"EntryPoint\",\"urlTemplate\":\"https:\/\/chagfordpool.co.uk\/?s={search_term_string}\"},\"query-input\":\"required name=search_term_string\"}],\"inLanguage\":\"sv-SE\"},{\"@type\":\"ImageObject\",\"inLanguage\":\"sv-SE\",\"@id\":\"https:\/\/chagfordpool.co.uk\/sv\/basta-satten-att-traffa-likasinnade-singlar\/#primaryimage\",\"url\":\"https:\/\/chagfordpool.co.uk\/wp-content\/uploads\/2022\/07\/singles.jpeg\",\"contentUrl\":\"https:\/\/chagfordpool.co.uk\/wp-content\/uploads\/2022\/07\/singles.jpeg\",\"width\":1000,\"height\":1500},{\"@type\":\"WebPage\",\"@id\":\"https:\/\/chagfordpool.co.uk\/sv\/basta-satten-att-traffa-likasinnade-singlar\/#webpage\",\"url\":\"https:\/\/chagfordpool.co.uk\/sv\/basta-satten-att-traffa-likasinnade-singlar\/\",\"name\":\"B\u00e4sta s\u00e4tten att tr\u00e4ffa likasinnade singlar - Chag Recensioner\",\"isPartOf\":{\"@id\":\"https:\/\/chagfordpool.co.uk\/#website\"},\"primaryImageOfPage\":{\"@id\":\"https:\/\/chagfordpool.co.uk\/sv\/basta-satten-att-traffa-likasinnade-singlar\/#primaryimage\"},\"datePublished\":\"2022-07-26T10:54:12+00:00\",\"dateModified\":\"2022-07-26T10:54:12+00:00\",\"breadcrumb\":{\"@id\":\"https:\/\/chagfordpool.co.uk\/sv\/basta-satten-att-traffa-likasinnade-singlar\/#breadcrumb\"},\"inLanguage\":\"sv-SE\",\"potentialAction\":[{\"@type\":\"ReadAction\",\"target\":[\"https:\/\/chagfordpool.co.uk\/sv\/basta-satten-att-traffa-likasinnade-singlar\/\"]}]},{\"@type\":\"BreadcrumbList\",\"@id\":\"https:\/\/chagfordpool.co.uk\/sv\/basta-satten-att-traffa-likasinnade-singlar\/#breadcrumb\",\"itemListElement\":[{\"@type\":\"ListItem\",\"position\":1,\"name\":\"Hem\",\"item\":\"https:\/\/chagfordpool.co.uk\/sv\/\"},{\"@type\":\"ListItem\",\"position\":2,\"name\":\"B\u00e4sta s\u00e4tten att tr\u00e4ffa likasinnade singlar\"}]}]}<\/script>\n<!-- \/ Yoast SEO plugin. -->","yoast_head_json":{"title":"B\u00e4sta s\u00e4tten att tr\u00e4ffa likasinnade singlar - Chag Recensioner","robots":{"index":"index","follow":"follow","max-snippet":"max-snippet:-1","max-image-preview":"max-image-preview:large","max-video-preview":"max-video-preview:-1"},"canonical":"https:\/\/chagfordpool.co.uk\/sv\/basta-satten-att-traffa-likasinnade-singlar\/","og_locale":"sv_SE","og_type":"article","og_title":"B\u00e4sta s\u00e4tten att tr\u00e4ffa likasinnade singlar - Chag Recensioner","og_description":"Anslutningar \u00e4r roliga, avslappnade m\u00f6ten mellan tv\u00e5 fr\u00e4mlingar som tr\u00e4ffas online eller offline. Det finns gott om webbplatser som tillgodoser specifikt anslutningar, inklusive Tinder, OkCupid, [...]","og_url":"https:\/\/chagfordpool.co.uk\/sv\/basta-satten-att-traffa-likasinnade-singlar\/","og_site_name":"Chag Recensioner","og_image":[{"width":1000,"height":1500,"url":"https:\/\/chagfordpool.co.uk\/wp-content\/uploads\/2022\/07\/singles.jpeg","type":"image\/jpeg"}],"author":"Expert Reviews","twitter_card":"summary_large_image","twitter_misc":{"Ber\u00e4knad l\u00e4stid":"3 minuter"},"schema":{"@context":"https:\/\/schema.org","@graph":[{"@type":"WebSite","@id":"https:\/\/chagfordpool.co.uk\/#website","url":"https:\/\/chagfordpool.co.uk\/","name":"Chag Recensioner","description":"Lokala anslutningsappar","potentialAction":[{"@type":"SearchAction","target":{"@type":"EntryPoint","urlTemplate":"https:\/\/chagfordpool.co.uk\/?s={search_term_string}"},"query-input":"required name=search_term_string"}],"inLanguage":"sv-SE"},{"@type":"ImageObject","inLanguage":"sv-SE","@id":"https:\/\/chagfordpool.co.uk\/sv\/basta-satten-att-traffa-likasinnade-singlar\/#primaryimage","url":"https:\/\/chagfordpool.co.uk\/wp-content\/uploads\/2022\/07\/singles.jpeg","contentUrl":"https:\/\/chagfordpool.co.uk\/wp-content\/uploads\/2022\/07\/singles.jpeg","width":1000,"height":1500},{"@type":"WebPage","@id":"https:\/\/chagfordpool.co.uk\/sv\/basta-satten-att-traffa-likasinnade-singlar\/#webpage","url":"https:\/\/chagfordpool.co.uk\/sv\/basta-satten-att-traffa-likasinnade-singlar\/","name":"B\u00e4sta s\u00e4tten att tr\u00e4ffa likasinnade singlar - Chag Recensioner","isPartOf":{"@id":"https:\/\/chagfordpool.co.uk\/#website"},"primaryImageOfPage":{"@id":"https:\/\/chagfordpool.co.uk\/sv\/basta-satten-att-traffa-likasinnade-singlar\/#primaryimage"},"datePublished":"2022-07-26T10:54:12+00:00","dateModified":"2022-07-26T10:54:12+00:00","breadcrumb":{"@id":"https:\/\/chagfordpool.co.uk\/sv\/basta-satten-att-traffa-likasinnade-singlar\/#breadcrumb"},"inLanguage":"sv-SE","potentialAction":[{"@type":"ReadAction","target":["https:\/\/chagfordpool.co.uk\/sv\/basta-satten-att-traffa-likasinnade-singlar\/"]}]},{"@type":"BreadcrumbList","@id":"https:\/\/chagfordpool.co.uk\/sv\/basta-satten-att-traffa-likasinnade-singlar\/#breadcrumb","itemListElement":[{"@type":"ListItem","position":1,"name":"Hem","item":"https:\/\/chagfordpool.co.uk\/sv\/"},{"@type":"ListItem","position":2,"name":"B\u00e4sta s\u00e4tten att tr\u00e4ffa likasinnade singlar"}]}]}},"_links":{"self":[{"href":"https:\/\/chagfordpool.co.uk\/sv\/wp-json\/wp\/v2\/pages\/183"}],"collection":[{"href":"https:\/\/chagfordpool.co.uk\/sv\/wp-json\/wp\/v2\/pages"}],"about":[{"href":"https:\/\/chagfordpool.co.uk\/sv\/wp-json\/wp\/v2\/types\/page"}],"author":[{"embeddable":true,"href":"https:\/\/chagfordpool.co.uk\/sv\/wp-json\/wp\/v2\/users\/1"}],"replies":[{"embeddable":true,"href":"https:\/\/chagfordpool.co.uk\/sv\/wp-json\/wp\/v2\/comments?post=183"}],"version-history":[{"count":0,"href":"https:\/\/chagfordpool.co.uk\/sv\/wp-json\/wp\/v2\/pages\/183\/revisions"}],"wp:featuredmedia":[{"embeddable":true,"href":"https:\/\/chagfordpool.co.uk\/sv\/wp-json\/wp\/v2\/media\/145"}],"wp:attachment":[{"href":"https:\/\/chagfordpool.co.uk\/sv\/wp-json\/wp\/v2\/media?parent=183"}],"curies":[{"name":"wp","href":"https:\/\/api.w.org\/{rel}","templated":true}]}}