{"id":184,"date":"2022-07-26T11:54:57","date_gmt":"2022-07-26T10:54:57","guid":{"rendered":"http:\/\/chagfordpool.co.uk\/webbplatser-for-sexting-for-vuxna\/"},"modified":"2022-07-26T11:54:57","modified_gmt":"2022-07-26T10:54:57","slug":"webbplatser-for-sexting-for-vuxna","status":"publish","type":"page","link":"https:\/\/chagfordpool.co.uk\/sv\/webbplatser-for-sexting-for-vuxna\/","title":{"rendered":"Webbplatser f\u00f6r sexting f\u00f6r vuxna"},"content":{"rendered":"<p>K\u00e5ta meddelanden \u00e4r ett roligt s\u00e4tt att l\u00e5ta n\u00e5gon veta att du lockas av dem. Oavsett om du skickar ett <a href=\"http:\/\/chagfordpool.co.uk\/sv\/basta-satten-att-anvanda-anslutningar-till-din-fordel\/\">sexigt sms<\/a> eller l\u00e4gger upp en bild p\u00e5 dig sj\u00e4lv p\u00e5 n\u00e4tet \u00e4r k\u00e5ta meddelanden ett roligt s\u00e4tt att uttrycka ditt intresse f\u00f6r n\u00e5gon annan.<\/p>\n<p>Det finns tv\u00e5 huvudtyper av k\u00e5ta meddelanden: s\u00e5dana som \u00e4r avsedda att vara roliga och de som \u00e4r avsedda att flirta. Roliga k\u00e5ta meddelanden anv\u00e4nds vanligtvis f\u00f6r att uttrycka tillgivenhet eller humor mot en annan person. Flirtiga k\u00e5ta meddelanden anv\u00e4nds vanligtvis f\u00f6r att locka uppm\u00e4rksamhet eller reta n\u00e5gon.<\/p>\n<h2>Utbyta stygga meddelanden<\/h2>\n<p>Roliga k\u00e5ta meddelanden kan skickas via textmeddelanden som WhatsApp, Facebook Messenger, Kik, Viber, Line, WeChat, etc., eller \u00f6ver sociala n\u00e4tverk som Instagram, Twitter, Snapchat, Tumblr, Reddit, etc. Flirta k\u00e5ta meddelanden kan skickas \u00f6ver snabbmeddelanden som Skype, Whatsapp, Facebook Messenger, LINE, Viber, etc., eller \u00f6ver andra sociala n\u00e4tverk som Instagram, Pinterest, Tumblr, Reddit, Twitter, etc.<\/p>\n<p>Det \u00e4r viktigt att komma ih\u00e5g att k\u00e5ta meddelanden inte alltid \u00e4r l\u00e4mpliga.<\/p>\n<p>H\u00e4r \u00e4r n\u00e5gra tips att t\u00e4nka p\u00e5 n\u00e4r du v\u00e4ljer r\u00e4tt plattform och skickar r\u00e4tt typ av k\u00e5t meddelande:<\/p>\n<ul>\n<li>V\u00e4lj r\u00e4tt plattform: Det finns <a href=\"http:\/\/chagfordpool.co.uk\/sv\/basta-satten-att-traffa-likasinnade-singlar\/\">gott om plattformar<\/a> d\u00e4r du kan skicka k\u00e5ta meddelanden. Men om du v\u00e4ljer fel plattform kan du bli rapporterad eller blockerad. Att till exempel skicka stygga foton eller videor via WhatsApp kan leda till att ditt konto st\u00e4ngs av. P\u00e5 samma s\u00e4tt kan s\u00e4ndning av smutsiga texter \u00f6ver Instagram leda till att ditt konto blir f\u00f6rbjudet.<\/li>\n<li>Skicka r\u00e4tt typ av k\u00e5t text: N\u00e4r du skickar k\u00e5ta meddelanden \u00e4r det viktigt att f\u00f6rst\u00e5 skillnaden mellan att flirta och sk\u00e4mta. \u00c4ven om b\u00e5da typerna av meddelanden kan vara roliga, kan det leda till problem att skicka sk\u00e4mt. Att skicka sexuella sk\u00e4mt kan till exempel leda till att du rapporteras eller blockeras.<\/li>\n<\/ul>\n<p>S\u00e5 \u00e4ven om det kan vara roligt att skicka k\u00e5ta meddelanden \u00e4r det viktigt att vara f\u00f6rsiktig med vem du skickar dem till och vilken typ av meddelanden du skickar.<\/p>\n<h2>Typer av anslutningswebbplatser<\/h2>\n<p>Anslutningar \u00e4r avslappnade m\u00f6ten mellan tv\u00e5 personer som inte n\u00f6dv\u00e4ndigtvis letar efter n\u00e5got l\u00e5ngsiktigt. \u00c4ven om anslutningar kan leda till relationer, \u00e4r de vanligtvis bara avsedda att vara roliga upplevelser.<\/p>\n<p>Det finns flera olika typer av anslutningar, inklusive avslappnad sex, trekanter och gruppsex. Tillf\u00e4lligt sex definieras vanligtvis som att ha samlag med n\u00e5gon som inte \u00e4r romantiskt involverad med dig. Trekanter liknar avslappnad sex, f\u00f6rutom att b\u00e5da deltagarna \u00e4r sexuellt involverade i varandra. Gruppsex involverar flera partners, och \u00e4ven om det kan vara samf\u00f6rst\u00e5nd, anv\u00e4nds det ofta som en form av prostitution.<\/p>\n<p>F\u00f6r att undvika dessa problem, f\u00f6rs\u00f6k att tr\u00e4ffa potentiella anslutningar online snarare \u00e4n personligen. Online dejtingsajter som Tinder och OkCupid erbjuder m\u00e5nga m\u00f6jligheter att f\u00e5 kontakt med m\u00e4nniskor som delar gemensamma intressen. N\u00e4r du har hittat n\u00e5gon du vill tr\u00e4ffa, ordna en tid och plats att tr\u00e4ffas. Se till att du kommunicerar tydligt om gr\u00e4nser och f\u00f6rv\u00e4ntningar i f\u00f6rv\u00e4g och kom \u00f6verens om ett s\u00e4kert ord eller en fras som du kan anv\u00e4nda f\u00f6r att l\u00e5ta din partner veta att du \u00e4r obekv\u00e4m med vissa situationer.<\/p>\n","protected":false},"excerpt":{"rendered":"<p>K\u00e5ta meddelanden \u00e4r ett roligt s\u00e4tt att l\u00e5ta n\u00e5gon veta att du lockas av dem. Oavsett om du skickar ett sexigt sms eller l\u00e4gger upp [&#8230;]<\/p>\n","protected":false},"author":1,"featured_media":155,"parent":0,"menu_order":0,"comment_status":"closed","ping_status":"closed","template":"","meta":[],"yoast_head":"<!-- This site is optimized with the Yoast SEO plugin v19.2 - https:\/\/yoast.com\/wordpress\/plugins\/seo\/ -->\n<title>Webbplatser f\u00f6r sexting f\u00f6r vuxna - Chag Recensioner<\/title>\n<meta name=\"robots\" content=\"index, follow, max-snippet:-1, max-image-preview:large, max-video-preview:-1\" \/>\n<link rel=\"canonical\" href=\"https:\/\/chagfordpool.co.uk\/sv\/webbplatser-for-sexting-for-vuxna\/\" \/>\n<meta property=\"og:locale\" content=\"sv_SE\" \/>\n<meta property=\"og:type\" content=\"article\" \/>\n<meta property=\"og:title\" content=\"Webbplatser f\u00f6r sexting f\u00f6r vuxna - Chag Recensioner\" \/>\n<meta property=\"og:description\" content=\"K\u00e5ta meddelanden \u00e4r ett roligt s\u00e4tt att l\u00e5ta n\u00e5gon veta att du lockas av dem. Oavsett om du skickar ett sexigt sms eller l\u00e4gger upp [...]\" \/>\n<meta property=\"og:url\" content=\"https:\/\/chagfordpool.co.uk\/sv\/webbplatser-for-sexting-for-vuxna\/\" \/>\n<meta property=\"og:site_name\" content=\"Chag Recensioner\" \/>\n<meta property=\"og:image\" content=\"https:\/\/chagfordpool.co.uk\/wp-content\/uploads\/2022\/07\/online-hookup-meet-in-person.jpeg\" \/>\n\t<meta property=\"og:image:width\" content=\"500\" \/>\n\t<meta property=\"og:image:height\" content=\"333\" \/>\n\t<meta property=\"og:image:type\" content=\"image\/jpeg\" \/>\n<meta name=\"author\" content=\"Expert Reviews\" \/>\n<meta name=\"twitter:card\" content=\"summary_large_image\" \/>\n<meta name=\"twitter:label1\" content=\"Ber\u00e4knad l\u00e4stid\" \/>\n\t<meta name=\"twitter:data1\" content=\"3 minuter\" \/>\n<script type=\"application\/ld+json\" class=\"yoast-schema-graph\">{\"@context\":\"https:\/\/schema.org\",\"@graph\":[{\"@type\":\"WebSite\",\"@id\":\"https:\/\/chagfordpool.co.uk\/#website\",\"url\":\"https:\/\/chagfordpool.co.uk\/\",\"name\":\"Chag Recensioner\",\"description\":\"Lokala anslutningsappar\",\"potentialAction\":[{\"@type\":\"SearchAction\",\"target\":{\"@type\":\"EntryPoint\",\"urlTemplate\":\"https:\/\/chagfordpool.co.uk\/?s={search_term_string}\"},\"query-input\":\"required name=search_term_string\"}],\"inLanguage\":\"sv-SE\"},{\"@type\":\"ImageObject\",\"inLanguage\":\"sv-SE\",\"@id\":\"https:\/\/chagfordpool.co.uk\/sv\/webbplatser-for-sexting-for-vuxna\/#primaryimage\",\"url\":\"https:\/\/chagfordpool.co.uk\/wp-content\/uploads\/2022\/07\/online-hookup-meet-in-person.jpeg\",\"contentUrl\":\"https:\/\/chagfordpool.co.uk\/wp-content\/uploads\/2022\/07\/online-hookup-meet-in-person.jpeg\",\"width\":500,\"height\":333},{\"@type\":\"WebPage\",\"@id\":\"https:\/\/chagfordpool.co.uk\/sv\/webbplatser-for-sexting-for-vuxna\/#webpage\",\"url\":\"https:\/\/chagfordpool.co.uk\/sv\/webbplatser-for-sexting-for-vuxna\/\",\"name\":\"Webbplatser f\u00f6r sexting f\u00f6r vuxna - Chag Recensioner\",\"isPartOf\":{\"@id\":\"https:\/\/chagfordpool.co.uk\/#website\"},\"primaryImageOfPage\":{\"@id\":\"https:\/\/chagfordpool.co.uk\/sv\/webbplatser-for-sexting-for-vuxna\/#primaryimage\"},\"datePublished\":\"2022-07-26T10:54:57+00:00\",\"dateModified\":\"2022-07-26T10:54:57+00:00\",\"breadcrumb\":{\"@id\":\"https:\/\/chagfordpool.co.uk\/sv\/webbplatser-for-sexting-for-vuxna\/#breadcrumb\"},\"inLanguage\":\"sv-SE\",\"potentialAction\":[{\"@type\":\"ReadAction\",\"target\":[\"https:\/\/chagfordpool.co.uk\/sv\/webbplatser-for-sexting-for-vuxna\/\"]}]},{\"@type\":\"BreadcrumbList\",\"@id\":\"https:\/\/chagfordpool.co.uk\/sv\/webbplatser-for-sexting-for-vuxna\/#breadcrumb\",\"itemListElement\":[{\"@type\":\"ListItem\",\"position\":1,\"name\":\"Hem\",\"item\":\"https:\/\/chagfordpool.co.uk\/sv\/\"},{\"@type\":\"ListItem\",\"position\":2,\"name\":\"Webbplatser f\u00f6r sexting f\u00f6r vuxna\"}]}]}<\/script>\n<!-- \/ Yoast SEO plugin. -->","yoast_head_json":{"title":"Webbplatser f\u00f6r sexting f\u00f6r vuxna - Chag Recensioner","robots":{"index":"index","follow":"follow","max-snippet":"max-snippet:-1","max-image-preview":"max-image-preview:large","max-video-preview":"max-video-preview:-1"},"canonical":"https:\/\/chagfordpool.co.uk\/sv\/webbplatser-for-sexting-for-vuxna\/","og_locale":"sv_SE","og_type":"article","og_title":"Webbplatser f\u00f6r sexting f\u00f6r vuxna - Chag Recensioner","og_description":"K\u00e5ta meddelanden \u00e4r ett roligt s\u00e4tt att l\u00e5ta n\u00e5gon veta att du lockas av dem. Oavsett om du skickar ett sexigt sms eller l\u00e4gger upp [...]","og_url":"https:\/\/chagfordpool.co.uk\/sv\/webbplatser-for-sexting-for-vuxna\/","og_site_name":"Chag Recensioner","og_image":[{"width":500,"height":333,"url":"https:\/\/chagfordpool.co.uk\/wp-content\/uploads\/2022\/07\/online-hookup-meet-in-person.jpeg","type":"image\/jpeg"}],"author":"Expert Reviews","twitter_card":"summary_large_image","twitter_misc":{"Ber\u00e4knad l\u00e4stid":"3 minuter"},"schema":{"@context":"https:\/\/schema.org","@graph":[{"@type":"WebSite","@id":"https:\/\/chagfordpool.co.uk\/#website","url":"https:\/\/chagfordpool.co.uk\/","name":"Chag Recensioner","description":"Lokala anslutningsappar","potentialAction":[{"@type":"SearchAction","target":{"@type":"EntryPoint","urlTemplate":"https:\/\/chagfordpool.co.uk\/?s={search_term_string}"},"query-input":"required name=search_term_string"}],"inLanguage":"sv-SE"},{"@type":"ImageObject","inLanguage":"sv-SE","@id":"https:\/\/chagfordpool.co.uk\/sv\/webbplatser-for-sexting-for-vuxna\/#primaryimage","url":"https:\/\/chagfordpool.co.uk\/wp-content\/uploads\/2022\/07\/online-hookup-meet-in-person.jpeg","contentUrl":"https:\/\/chagfordpool.co.uk\/wp-content\/uploads\/2022\/07\/online-hookup-meet-in-person.jpeg","width":500,"height":333},{"@type":"WebPage","@id":"https:\/\/chagfordpool.co.uk\/sv\/webbplatser-for-sexting-for-vuxna\/#webpage","url":"https:\/\/chagfordpool.co.uk\/sv\/webbplatser-for-sexting-for-vuxna\/","name":"Webbplatser f\u00f6r sexting f\u00f6r vuxna - Chag Recensioner","isPartOf":{"@id":"https:\/\/chagfordpool.co.uk\/#website"},"primaryImageOfPage":{"@id":"https:\/\/chagfordpool.co.uk\/sv\/webbplatser-for-sexting-for-vuxna\/#primaryimage"},"datePublished":"2022-07-26T10:54:57+00:00","dateModified":"2022-07-26T10:54:57+00:00","breadcrumb":{"@id":"https:\/\/chagfordpool.co.uk\/sv\/webbplatser-for-sexting-for-vuxna\/#breadcrumb"},"inLanguage":"sv-SE","potentialAction":[{"@type":"ReadAction","target":["https:\/\/chagfordpool.co.uk\/sv\/webbplatser-for-sexting-for-vuxna\/"]}]},{"@type":"BreadcrumbList","@id":"https:\/\/chagfordpool.co.uk\/sv\/webbplatser-for-sexting-for-vuxna\/#breadcrumb","itemListElement":[{"@type":"ListItem","position":1,"name":"Hem","item":"https:\/\/chagfordpool.co.uk\/sv\/"},{"@type":"ListItem","position":2,"name":"Webbplatser f\u00f6r sexting f\u00f6r vuxna"}]}]}},"_links":{"self":[{"href":"https:\/\/chagfordpool.co.uk\/sv\/wp-json\/wp\/v2\/pages\/184"}],"collection":[{"href":"https:\/\/chagfordpool.co.uk\/sv\/wp-json\/wp\/v2\/pages"}],"about":[{"href":"https:\/\/chagfordpool.co.uk\/sv\/wp-json\/wp\/v2\/types\/page"}],"author":[{"embeddable":true,"href":"https:\/\/chagfordpool.co.uk\/sv\/wp-json\/wp\/v2\/users\/1"}],"replies":[{"embeddable":true,"href":"https:\/\/chagfordpool.co.uk\/sv\/wp-json\/wp\/v2\/comments?post=184"}],"version-history":[{"count":0,"href":"https:\/\/chagfordpool.co.uk\/sv\/wp-json\/wp\/v2\/pages\/184\/revisions"}],"wp:featuredmedia":[{"embeddable":true,"href":"https:\/\/chagfordpool.co.uk\/sv\/wp-json\/wp\/v2\/media\/155"}],"wp:attachment":[{"href":"https:\/\/chagfordpool.co.uk\/sv\/wp-json\/wp\/v2\/media?parent=184"}],"curies":[{"name":"wp","href":"https:\/\/api.w.org\/{rel}","templated":true}]}}