{"id":208,"date":"2022-07-26T12:33:19","date_gmt":"2022-07-26T11:33:19","guid":{"rendered":"http:\/\/chagfordpool.co.uk\/vad-ar-skillnaden-mellan-casual-hookup-appar-och-mainstream-dejting\/"},"modified":"2022-07-26T12:33:19","modified_gmt":"2022-07-26T11:33:19","slug":"vad-ar-skillnaden-mellan-casual-hookup-appar-och-mainstream-dejting","status":"publish","type":"page","link":"https:\/\/chagfordpool.co.uk\/sv\/vad-ar-skillnaden-mellan-casual-hookup-appar-och-mainstream-dejting\/","title":{"rendered":"Vad \u00e4r skillnaden mellan casual hookup-appar och mainstream-dejting"},"content":{"rendered":"<p>Om du letar efter n\u00e5got avslappnat ikv\u00e4ll kan det vara en bra id\u00e9 att g\u00e5 p\u00e5 en anslutningsapp eller webbplats. Det finns m\u00e5nga alternativ d\u00e4r ute, men det \u00e4r viktigt att veta hur var och en fungerar och vad man ska leta efter n\u00e4r man v\u00e4ljer en dejtingapp eller webbplats.<\/p>\n<h2>Casual Hookup-webbplatser kontra dejting<\/h2>\n<p>Idag verkar det som om alla vill tr\u00e4ffa n\u00e5gon ny. Oavsett om du letar efter ett seri\u00f6st f\u00f6rh\u00e5llande, en rolig fling eller bara vill krydda ditt sexliv, finns det m\u00e5nga s\u00e4tt att f\u00e5 kontakt med singlar n\u00e4ra dig. Med \u00f6kningen av mobil teknik har dock online-dating blivit enklare \u00e4n n\u00e5gonsin. Det finns nu otaliga alternativ tillg\u00e4ngliga, inklusive Tinder, Bumble, OkCupid, Match, Plenty Of Fish, Zoosk och till och med Facebook.<\/p>\n<p>M\u00e5nga av dessa webbplatser \u00e4r utformade speciellt f\u00f6r avslappnad dejting, <a href=\"http:\/\/chagfordpool.co.uk\/sv\/basta-satten-att-traffa-likasinnade-singlar\/\">medan anslutningssidor<\/a> tillgodoser dem som s\u00f6ker kortsiktiga relationer. Dessa webbplatser till\u00e5ter ofta m\u00e4nniskor att bl\u00e4ddra bland profiler utan att beh\u00f6va betala n\u00e5got i f\u00f6rv\u00e4g, vilket g\u00f6r dem perfekta f\u00f6r dem som vill prova n\u00e5got nytt utan att beg\u00e5 f\u00f6r mycket pengar. F\u00f6rutom att vara helt gratis ger avslappnade dejtingsajter vanligtvis mycket information om potentiella matchningar, till exempel var de bor, arbetar och g\u00e5r i skolan. Detta hj\u00e4lper till att g\u00f6ra det enkelt att se om ni skulle vara en bra match f\u00f6r varandra eller inte.<\/p>\n<p>\u00c5 andra sidan tenderar anslutningssajter att fokusera mer p\u00e5 fysisk attraktion. Dessa webbplatser kr\u00e4ver vanligtvis betalning i f\u00f6rskott, men de ger medlemmarna tillg\u00e5ng till massor av ytterligare funktioner. De kan till exempel l\u00e5ta dig visa foton av personen du chattar med, skicka virtuella presenter och st\u00e4lla fr\u00e5gor om deras personlighet. De inneh\u00e5ller vanligtvis ocks\u00e5 meddelandefunktioner, s\u00e5 att du kan chatta med personen du har matchats med. Naturligtvis \u00e4r b\u00e5de avslappnade dejtingsajter och anslutningssidor bra st\u00e4llen att b\u00f6rja. Om du letar efter ett l\u00e5ngvarigt f\u00f6rh\u00e5llande vill du f\u00f6rmodligen h\u00e5lla fast vid en traditionell dejtingsajt. \u00c5 andra sidan, om du bara letar efter lite extra sp\u00e4nning, kan avslappnade dejtingsajter eller anslutningssidor vara precis vad du letar efter.<\/p>\n<h2>Topp tre sk\u00e4l att prova avslappnade anslutningar<\/h2>\n<h3>Bekv\u00e4mlighet<\/h3>\n<p>En av de fr\u00e4msta f\u00f6rdelarna med online dating \u00e4r att det l\u00e5ter dig tr\u00e4ffa potentiella partners var som helst. Du beh\u00f6ver inte oroa dig f\u00f6r att bli avvisad eftersom du inte \u00e4r villig att chansa p\u00e5 n\u00e5gon. Du kan till och med tr\u00e4ffa m\u00e4nniskor fr\u00e5n hela v\u00e4rlden. Online dating apps l\u00e5ter dig f\u00e5 kontakt med m\u00e4nniskor som bor l\u00e5ngt ifr\u00e5n dig. Det finns ingen anledning att n\u00e5gonsin missa en bra m\u00f6jlighet igen.<\/p>\n<h3>Privatliv<\/h3>\n<p>Online dating webbplatser g\u00f6r det enkelt att h\u00e5lla saker avslappnade. Du kan bl\u00e4ddra bland profiler anonymt. S\u00e5 l\u00e4nge du \u00e4r f\u00f6rsiktig med vilken information du l\u00e4gger ut d\u00e4r, beh\u00f6ver du inte oroa dig f\u00f6r att bli lurad. Du vill inte sluta spendera pengar p\u00e5 n\u00e5got som inte \u00e4r v\u00e4rt n\u00e5gonting. Online dating ger dig friheten att best\u00e4mma om du vill avsl\u00f6ja din identitet.<\/p>\n<h3>Flexibilitet<\/h3>\n<p>Du kan st\u00e4lla in reglerna f\u00f6r ditt spel. Oavsett om du v\u00e4ljer att g\u00f6ra det via textmeddelanden eller videochattar kan du styra exakt hur ofta du interagerar med potentiella matchningar. Du kan ocks\u00e5 st\u00e4lla in dina preferenser baserat p\u00e5 \u00e5lder, k\u00f6n, etnicitet, religion, sexuell l\u00e4ggning etc. N\u00e4r du \u00e4r redo kan du helt enkelt \u00e4ndra dina inst\u00e4llningar och b\u00f6rja interagera med m\u00e4nniskor igen.<\/p>\n","protected":false},"excerpt":{"rendered":"<p>Om du letar efter n\u00e5got avslappnat ikv\u00e4ll kan det vara en bra id\u00e9 att g\u00e5 p\u00e5 en anslutningsapp eller webbplats. Det finns m\u00e5nga alternativ d\u00e4r [&#8230;]<\/p>\n","protected":false},"author":1,"featured_media":0,"parent":0,"menu_order":0,"comment_status":"closed","ping_status":"closed","template":"","meta":[],"yoast_head":"<!-- This site is optimized with the Yoast SEO plugin v19.2 - https:\/\/yoast.com\/wordpress\/plugins\/seo\/ -->\n<title>Vad \u00e4r skillnaden mellan casual hookup-appar och mainstream-dejting - Chag Recensioner<\/title>\n<meta name=\"robots\" content=\"index, follow, max-snippet:-1, max-image-preview:large, max-video-preview:-1\" \/>\n<link rel=\"canonical\" href=\"https:\/\/chagfordpool.co.uk\/sv\/vad-ar-skillnaden-mellan-casual-hookup-appar-och-mainstream-dejting\/\" \/>\n<meta property=\"og:locale\" content=\"sv_SE\" \/>\n<meta property=\"og:type\" content=\"article\" \/>\n<meta property=\"og:title\" content=\"Vad \u00e4r skillnaden mellan casual hookup-appar och mainstream-dejting - Chag Recensioner\" \/>\n<meta property=\"og:description\" content=\"Om du letar efter n\u00e5got avslappnat ikv\u00e4ll kan det vara en bra id\u00e9 att g\u00e5 p\u00e5 en anslutningsapp eller webbplats. Det finns m\u00e5nga alternativ d\u00e4r [...]\" \/>\n<meta property=\"og:url\" content=\"https:\/\/chagfordpool.co.uk\/sv\/vad-ar-skillnaden-mellan-casual-hookup-appar-och-mainstream-dejting\/\" \/>\n<meta property=\"og:site_name\" content=\"Chag Recensioner\" \/>\n<meta name=\"author\" content=\"Expert Reviews\" \/>\n<meta name=\"twitter:card\" content=\"summary_large_image\" \/>\n<meta name=\"twitter:label1\" content=\"Ber\u00e4knad l\u00e4stid\" \/>\n\t<meta name=\"twitter:data1\" content=\"3 minuter\" \/>\n<script type=\"application\/ld+json\" class=\"yoast-schema-graph\">{\"@context\":\"https:\/\/schema.org\",\"@graph\":[{\"@type\":\"WebSite\",\"@id\":\"https:\/\/chagfordpool.co.uk\/#website\",\"url\":\"https:\/\/chagfordpool.co.uk\/\",\"name\":\"Chag Recensioner\",\"description\":\"Lokala anslutningsappar\",\"potentialAction\":[{\"@type\":\"SearchAction\",\"target\":{\"@type\":\"EntryPoint\",\"urlTemplate\":\"https:\/\/chagfordpool.co.uk\/?s={search_term_string}\"},\"query-input\":\"required name=search_term_string\"}],\"inLanguage\":\"sv-SE\"},{\"@type\":\"WebPage\",\"@id\":\"https:\/\/chagfordpool.co.uk\/sv\/vad-ar-skillnaden-mellan-casual-hookup-appar-och-mainstream-dejting\/#webpage\",\"url\":\"https:\/\/chagfordpool.co.uk\/sv\/vad-ar-skillnaden-mellan-casual-hookup-appar-och-mainstream-dejting\/\",\"name\":\"Vad \u00e4r skillnaden mellan casual hookup-appar och mainstream-dejting - Chag Recensioner\",\"isPartOf\":{\"@id\":\"https:\/\/chagfordpool.co.uk\/#website\"},\"datePublished\":\"2022-07-26T11:33:19+00:00\",\"dateModified\":\"2022-07-26T11:33:19+00:00\",\"breadcrumb\":{\"@id\":\"https:\/\/chagfordpool.co.uk\/sv\/vad-ar-skillnaden-mellan-casual-hookup-appar-och-mainstream-dejting\/#breadcrumb\"},\"inLanguage\":\"sv-SE\",\"potentialAction\":[{\"@type\":\"ReadAction\",\"target\":[\"https:\/\/chagfordpool.co.uk\/sv\/vad-ar-skillnaden-mellan-casual-hookup-appar-och-mainstream-dejting\/\"]}]},{\"@type\":\"BreadcrumbList\",\"@id\":\"https:\/\/chagfordpool.co.uk\/sv\/vad-ar-skillnaden-mellan-casual-hookup-appar-och-mainstream-dejting\/#breadcrumb\",\"itemListElement\":[{\"@type\":\"ListItem\",\"position\":1,\"name\":\"Hem\",\"item\":\"https:\/\/chagfordpool.co.uk\/sv\/\"},{\"@type\":\"ListItem\",\"position\":2,\"name\":\"Vad \u00e4r skillnaden mellan casual hookup-appar och mainstream-dejting\"}]}]}<\/script>\n<!-- \/ Yoast SEO plugin. -->","yoast_head_json":{"title":"Vad \u00e4r skillnaden mellan casual hookup-appar och mainstream-dejting - Chag Recensioner","robots":{"index":"index","follow":"follow","max-snippet":"max-snippet:-1","max-image-preview":"max-image-preview:large","max-video-preview":"max-video-preview:-1"},"canonical":"https:\/\/chagfordpool.co.uk\/sv\/vad-ar-skillnaden-mellan-casual-hookup-appar-och-mainstream-dejting\/","og_locale":"sv_SE","og_type":"article","og_title":"Vad \u00e4r skillnaden mellan casual hookup-appar och mainstream-dejting - Chag Recensioner","og_description":"Om du letar efter n\u00e5got avslappnat ikv\u00e4ll kan det vara en bra id\u00e9 att g\u00e5 p\u00e5 en anslutningsapp eller webbplats. Det finns m\u00e5nga alternativ d\u00e4r [...]","og_url":"https:\/\/chagfordpool.co.uk\/sv\/vad-ar-skillnaden-mellan-casual-hookup-appar-och-mainstream-dejting\/","og_site_name":"Chag Recensioner","author":"Expert Reviews","twitter_card":"summary_large_image","twitter_misc":{"Ber\u00e4knad l\u00e4stid":"3 minuter"},"schema":{"@context":"https:\/\/schema.org","@graph":[{"@type":"WebSite","@id":"https:\/\/chagfordpool.co.uk\/#website","url":"https:\/\/chagfordpool.co.uk\/","name":"Chag Recensioner","description":"Lokala anslutningsappar","potentialAction":[{"@type":"SearchAction","target":{"@type":"EntryPoint","urlTemplate":"https:\/\/chagfordpool.co.uk\/?s={search_term_string}"},"query-input":"required name=search_term_string"}],"inLanguage":"sv-SE"},{"@type":"WebPage","@id":"https:\/\/chagfordpool.co.uk\/sv\/vad-ar-skillnaden-mellan-casual-hookup-appar-och-mainstream-dejting\/#webpage","url":"https:\/\/chagfordpool.co.uk\/sv\/vad-ar-skillnaden-mellan-casual-hookup-appar-och-mainstream-dejting\/","name":"Vad \u00e4r skillnaden mellan casual hookup-appar och mainstream-dejting - Chag Recensioner","isPartOf":{"@id":"https:\/\/chagfordpool.co.uk\/#website"},"datePublished":"2022-07-26T11:33:19+00:00","dateModified":"2022-07-26T11:33:19+00:00","breadcrumb":{"@id":"https:\/\/chagfordpool.co.uk\/sv\/vad-ar-skillnaden-mellan-casual-hookup-appar-och-mainstream-dejting\/#breadcrumb"},"inLanguage":"sv-SE","potentialAction":[{"@type":"ReadAction","target":["https:\/\/chagfordpool.co.uk\/sv\/vad-ar-skillnaden-mellan-casual-hookup-appar-och-mainstream-dejting\/"]}]},{"@type":"BreadcrumbList","@id":"https:\/\/chagfordpool.co.uk\/sv\/vad-ar-skillnaden-mellan-casual-hookup-appar-och-mainstream-dejting\/#breadcrumb","itemListElement":[{"@type":"ListItem","position":1,"name":"Hem","item":"https:\/\/chagfordpool.co.uk\/sv\/"},{"@type":"ListItem","position":2,"name":"Vad \u00e4r skillnaden mellan casual hookup-appar och mainstream-dejting"}]}]}},"_links":{"self":[{"href":"https:\/\/chagfordpool.co.uk\/sv\/wp-json\/wp\/v2\/pages\/208"}],"collection":[{"href":"https:\/\/chagfordpool.co.uk\/sv\/wp-json\/wp\/v2\/pages"}],"about":[{"href":"https:\/\/chagfordpool.co.uk\/sv\/wp-json\/wp\/v2\/types\/page"}],"author":[{"embeddable":true,"href":"https:\/\/chagfordpool.co.uk\/sv\/wp-json\/wp\/v2\/users\/1"}],"replies":[{"embeddable":true,"href":"https:\/\/chagfordpool.co.uk\/sv\/wp-json\/wp\/v2\/comments?post=208"}],"version-history":[{"count":0,"href":"https:\/\/chagfordpool.co.uk\/sv\/wp-json\/wp\/v2\/pages\/208\/revisions"}],"wp:attachment":[{"href":"https:\/\/chagfordpool.co.uk\/sv\/wp-json\/wp\/v2\/media?parent=208"}],"curies":[{"name":"wp","href":"https:\/\/api.w.org\/{rel}","templated":true}]}}