{"id":217,"date":"2022-07-26T12:12:53","date_gmt":"2022-07-26T11:12:53","guid":{"rendered":"http:\/\/chagfordpool.co.uk\/basta-satten-att-anvanda-anslutningar-till-din-fordel\/"},"modified":"2022-07-26T12:12:53","modified_gmt":"2022-07-26T11:12:53","slug":"basta-satten-att-anvanda-anslutningar-till-din-fordel","status":"publish","type":"page","link":"https:\/\/chagfordpool.co.uk\/sv\/basta-satten-att-anvanda-anslutningar-till-din-fordel\/","title":{"rendered":"B\u00e4sta s\u00e4tten att anv\u00e4nda anslutningar till din f\u00f6rdel"},"content":{"rendered":"<p>Anslutningar \u00e4r <a href=\"http:\/\/chagfordpool.co.uk\/sv\/lokala-dejtingappar\/\">avslappnade m\u00f6ten<\/a> mellan tv\u00e5 personer som inte n\u00f6dv\u00e4ndigtvis \u00e4r romantiskt inblandade. \u00c4ven om anslutningar \u00e4r vanliga bland h\u00f6gskolestudenter, kan de ocks\u00e5 h\u00e4nda utanf\u00f6r skolan. Anslutningar \u00e4r vanligtvis kortsiktiga aff\u00e4rer, som varar var som helst fr\u00e5n timmar till dagar.<\/p>\n<p>\u00c4ven om anslutningar \u00e4r roliga kan de leda till problem p\u00e5 v\u00e4gen. Till exempel kan anslutningar skapa k\u00e4nslor av svartsjuka och os\u00e4kerhet, s\u00e4rskilt om b\u00e5da parter fortfarande ser varandra efter m\u00f6tet.<\/p>\n<p>F\u00f6r att undvika dessa negativa k\u00e4nslor, f\u00f6rs\u00f6k att s\u00e4tta gr\u00e4nser tidigt. Ber\u00e4tta f\u00f6r din partner exakt vad du f\u00f6rv\u00e4ntar dig av f\u00f6rh\u00e5llandet och vad du inte vill ska h\u00e4nda. Kom ocks\u00e5 ih\u00e5g att anslutningar bara \u00e4r en del av livet, s\u00e5 l\u00e5t dem inte f\u00f6rst\u00f6ra dina relationer med v\u00e4nner eller familjemedlemmar.<\/p>\n<h2>Ska du tr\u00e4ffa m\u00e4nniskor i din lokala are?<\/h2>\n<p>Det finns gott om platser online d\u00e4r du kan tr\u00e4ffa n\u00e5gon som vill ansluta. Men att hitta en <a href=\"http:\/\/chagfordpool.co.uk\/sv\/hur-man-tar-reda-pa-om-han-vill-ha-dig\/\">lokal match<\/a> kan vara sv\u00e5rt. Det \u00e4r d\u00e4rf\u00f6r det l\u00f6nar sig att l\u00e4ra sig att plocka upp kvinnor i barer och klubbar.<\/p>\n<p>\u00c5 andra sidan kan du uppt\u00e4cka kvinnor som \u00e4r genuint intresserade av att tr\u00e4ffa m\u00e4n. Ist\u00e4llet f\u00f6r att spendera sin tid p\u00e5 att prata med v\u00e4nner eller kontrollera sina telefoner fokuserar de p\u00e5 att f\u00e5 \u00f6gonkontakt med potentiella partners.<\/p>\n<p>S\u00e5 n\u00e4sta g\u00e5ng du \u00e4r ute, leta efter tecken som indikerar om n\u00e5gon \u00e4r intresserad av att tr\u00e4ffa n\u00e5gon annan. N\u00e4r du m\u00e4rker att en kvinna stirrar intensivt in i sin drink kan hon t\u00e4nka p\u00e5 att tr\u00e4ffa n\u00e5gon. Eller om en kille st\u00e5r ensam kan han undra om han skulle kunna g\u00f6ra ett snabbt l\u00e4ggning.<\/p>\n<p>Anslutningar \u00e4r avslappnade m\u00f6ten mellan tv\u00e5 fr\u00e4mlingar som tr\u00e4ffas online. Dessa m\u00f6ten sker vanligtvis via appar som Tinder, Bumble, Grindr, etc., och kan leda till sex. Anslutningar \u00e4r popul\u00e4ra bland b\u00e5de singlar och par, men de \u00e4r inte alltid s\u00e4kra.<\/p>\n<h2>Spela det coolt &#8211; hur man f\u00e5r killen att komma till dig<\/h2>\n<p>Att retas \u00e4r det enklaste s\u00e4ttet att f\u00e5 en kille att vara ivrig och vilja ansluta.<\/p>\n<p>Det finns flera olika typer av retning, inklusive l\u00e4ttsam retning, lekfull retning och sexuell retning. Varje typ av retning kr\u00e4ver ett n\u00e5got annorlunda tillv\u00e4gag\u00e5ngss\u00e4tt, men m\u00e5let \u00e4r alltid detsamma: att sl\u00e5 p\u00e5 en kille.<\/p>\n<p>L\u00e4ttsam retning g\u00f6rs vanligtvis p\u00e5 sk\u00e4mt och inneb\u00e4r att man g\u00f6r narr av n\u00e5gon eller spelar ut deras personlighetsdrag. Lekfull retning liknar l\u00e4ttsam retning, f\u00f6rutom att den \u00e4r t\u00e4nkt att vara humoristisk snarare \u00e4n s\u00e5rande. Sexuell retning \u00e4r den mest direkta formen av retning och inneb\u00e4r att flirta med en kille i hopp om att t\u00e4nda honom.<\/p>\n<p>Det \u00e4r viktigt att komma ih\u00e5g att retning bara \u00e4r en del av f\u00f6rf\u00f6relse. Retning \u00e4r ett bra s\u00e4tt att bygga attraktion, men det b\u00f6r inte anv\u00e4ndas som ers\u00e4ttning f\u00f6r andra former av smicker. S\u00e5 l\u00e4nge du \u00e4r uppriktig kan retning leda till ett framg\u00e5ngsrikt f\u00f6rh\u00e5llande.<\/p>\n<h3>Ge komplimanger<\/h3>\n<p>Komplimanger \u00e4r ett bra s\u00e4tt att komplimangera en killes utseende, personlighet eller stil. Och gl\u00f6m inte att n\u00e4mna andra killar som f\u00e5ngar din uppm\u00e4rksamhet.<\/p>\n<h3>Visa upp dina tillg\u00e5ngar<\/h3>\n<p>Kvinnor f\u00f6redrar vanligtvis m\u00e4n med starka kroppar, s\u00e5 om du f\u00f6rs\u00f6ker locka en kille, se till att du visar upp din kropp.<\/p>\n<h3>Spela spel<\/h3>\n<p>Spel \u00e4r ett annat roligt s\u00e4tt att flirta med en kille. Prova att spela ett spel d\u00e4r ni t\u00e4vlar mot varandra f\u00f6r att se vem som f\u00e5r kyssa honom f\u00f6rst. Eller spela en gissningslek d\u00e4r du gissar vad han gillar baserat p\u00e5 hans svar.<\/p>\n<p>Kom ih\u00e5g att retning bara \u00e4r en del av flirta. Flirta inneb\u00e4r mycket mer \u00e4n att retas. Du kan till exempel fr\u00e5ga honom om hans intressen, dela ber\u00e4ttelser om dig sj\u00e4lv eller bjuda in honom att umg\u00e5s med dig.<\/p>\n","protected":false},"excerpt":{"rendered":"<p>Anslutningar \u00e4r avslappnade m\u00f6ten mellan tv\u00e5 personer som inte n\u00f6dv\u00e4ndigtvis \u00e4r romantiskt inblandade. \u00c4ven om anslutningar \u00e4r vanliga bland h\u00f6gskolestudenter, kan de ocks\u00e5 h\u00e4nda utanf\u00f6r [&#8230;]<\/p>\n","protected":false},"author":1,"featured_media":135,"parent":0,"menu_order":0,"comment_status":"closed","ping_status":"closed","template":"","meta":[],"yoast_head":"<!-- This site is optimized with the Yoast SEO plugin v19.2 - https:\/\/yoast.com\/wordpress\/plugins\/seo\/ -->\n<title>B\u00e4sta s\u00e4tten att anv\u00e4nda anslutningar till din f\u00f6rdel - Chag Recensioner<\/title>\n<meta name=\"robots\" content=\"index, follow, max-snippet:-1, max-image-preview:large, max-video-preview:-1\" \/>\n<link rel=\"canonical\" href=\"https:\/\/chagfordpool.co.uk\/sv\/basta-satten-att-anvanda-anslutningar-till-din-fordel\/\" \/>\n<meta property=\"og:locale\" content=\"sv_SE\" \/>\n<meta property=\"og:type\" content=\"article\" \/>\n<meta property=\"og:title\" content=\"B\u00e4sta s\u00e4tten att anv\u00e4nda anslutningar till din f\u00f6rdel - Chag Recensioner\" \/>\n<meta property=\"og:description\" content=\"Anslutningar \u00e4r avslappnade m\u00f6ten mellan tv\u00e5 personer som inte n\u00f6dv\u00e4ndigtvis \u00e4r romantiskt inblandade. \u00c4ven om anslutningar \u00e4r vanliga bland h\u00f6gskolestudenter, kan de ocks\u00e5 h\u00e4nda utanf\u00f6r [...]\" \/>\n<meta property=\"og:url\" content=\"https:\/\/chagfordpool.co.uk\/sv\/basta-satten-att-anvanda-anslutningar-till-din-fordel\/\" \/>\n<meta property=\"og:site_name\" content=\"Chag Recensioner\" \/>\n<meta property=\"og:image\" content=\"https:\/\/chagfordpool.co.uk\/wp-content\/uploads\/2022\/07\/online-chatrooms.jpeg\" \/>\n\t<meta property=\"og:image:width\" content=\"500\" \/>\n\t<meta property=\"og:image:height\" content=\"332\" \/>\n\t<meta property=\"og:image:type\" content=\"image\/jpeg\" \/>\n<meta name=\"author\" content=\"Expert Reviews\" \/>\n<meta name=\"twitter:card\" content=\"summary_large_image\" \/>\n<meta name=\"twitter:label1\" content=\"Ber\u00e4knad l\u00e4stid\" \/>\n\t<meta name=\"twitter:data1\" content=\"4 minuter\" \/>\n<script type=\"application\/ld+json\" class=\"yoast-schema-graph\">{\"@context\":\"https:\/\/schema.org\",\"@graph\":[{\"@type\":\"WebSite\",\"@id\":\"https:\/\/chagfordpool.co.uk\/#website\",\"url\":\"https:\/\/chagfordpool.co.uk\/\",\"name\":\"Chag Recensioner\",\"description\":\"Lokala anslutningsappar\",\"potentialAction\":[{\"@type\":\"SearchAction\",\"target\":{\"@type\":\"EntryPoint\",\"urlTemplate\":\"https:\/\/chagfordpool.co.uk\/?s={search_term_string}\"},\"query-input\":\"required name=search_term_string\"}],\"inLanguage\":\"sv-SE\"},{\"@type\":\"ImageObject\",\"inLanguage\":\"sv-SE\",\"@id\":\"https:\/\/chagfordpool.co.uk\/sv\/basta-satten-att-anvanda-anslutningar-till-din-fordel\/#primaryimage\",\"url\":\"https:\/\/chagfordpool.co.uk\/wp-content\/uploads\/2022\/07\/online-chatrooms.jpeg\",\"contentUrl\":\"https:\/\/chagfordpool.co.uk\/wp-content\/uploads\/2022\/07\/online-chatrooms.jpeg\",\"width\":500,\"height\":332},{\"@type\":\"WebPage\",\"@id\":\"https:\/\/chagfordpool.co.uk\/sv\/basta-satten-att-anvanda-anslutningar-till-din-fordel\/#webpage\",\"url\":\"https:\/\/chagfordpool.co.uk\/sv\/basta-satten-att-anvanda-anslutningar-till-din-fordel\/\",\"name\":\"B\u00e4sta s\u00e4tten att anv\u00e4nda anslutningar till din f\u00f6rdel - Chag Recensioner\",\"isPartOf\":{\"@id\":\"https:\/\/chagfordpool.co.uk\/#website\"},\"primaryImageOfPage\":{\"@id\":\"https:\/\/chagfordpool.co.uk\/sv\/basta-satten-att-anvanda-anslutningar-till-din-fordel\/#primaryimage\"},\"datePublished\":\"2022-07-26T11:12:53+00:00\",\"dateModified\":\"2022-07-26T11:12:53+00:00\",\"breadcrumb\":{\"@id\":\"https:\/\/chagfordpool.co.uk\/sv\/basta-satten-att-anvanda-anslutningar-till-din-fordel\/#breadcrumb\"},\"inLanguage\":\"sv-SE\",\"potentialAction\":[{\"@type\":\"ReadAction\",\"target\":[\"https:\/\/chagfordpool.co.uk\/sv\/basta-satten-att-anvanda-anslutningar-till-din-fordel\/\"]}]},{\"@type\":\"BreadcrumbList\",\"@id\":\"https:\/\/chagfordpool.co.uk\/sv\/basta-satten-att-anvanda-anslutningar-till-din-fordel\/#breadcrumb\",\"itemListElement\":[{\"@type\":\"ListItem\",\"position\":1,\"name\":\"Hem\",\"item\":\"https:\/\/chagfordpool.co.uk\/sv\/\"},{\"@type\":\"ListItem\",\"position\":2,\"name\":\"B\u00e4sta s\u00e4tten att anv\u00e4nda anslutningar till din f\u00f6rdel\"}]}]}<\/script>\n<!-- \/ Yoast SEO plugin. -->","yoast_head_json":{"title":"B\u00e4sta s\u00e4tten att anv\u00e4nda anslutningar till din f\u00f6rdel - Chag Recensioner","robots":{"index":"index","follow":"follow","max-snippet":"max-snippet:-1","max-image-preview":"max-image-preview:large","max-video-preview":"max-video-preview:-1"},"canonical":"https:\/\/chagfordpool.co.uk\/sv\/basta-satten-att-anvanda-anslutningar-till-din-fordel\/","og_locale":"sv_SE","og_type":"article","og_title":"B\u00e4sta s\u00e4tten att anv\u00e4nda anslutningar till din f\u00f6rdel - Chag Recensioner","og_description":"Anslutningar \u00e4r avslappnade m\u00f6ten mellan tv\u00e5 personer som inte n\u00f6dv\u00e4ndigtvis \u00e4r romantiskt inblandade. \u00c4ven om anslutningar \u00e4r vanliga bland h\u00f6gskolestudenter, kan de ocks\u00e5 h\u00e4nda utanf\u00f6r [...]","og_url":"https:\/\/chagfordpool.co.uk\/sv\/basta-satten-att-anvanda-anslutningar-till-din-fordel\/","og_site_name":"Chag Recensioner","og_image":[{"width":500,"height":332,"url":"https:\/\/chagfordpool.co.uk\/wp-content\/uploads\/2022\/07\/online-chatrooms.jpeg","type":"image\/jpeg"}],"author":"Expert Reviews","twitter_card":"summary_large_image","twitter_misc":{"Ber\u00e4knad l\u00e4stid":"4 minuter"},"schema":{"@context":"https:\/\/schema.org","@graph":[{"@type":"WebSite","@id":"https:\/\/chagfordpool.co.uk\/#website","url":"https:\/\/chagfordpool.co.uk\/","name":"Chag Recensioner","description":"Lokala anslutningsappar","potentialAction":[{"@type":"SearchAction","target":{"@type":"EntryPoint","urlTemplate":"https:\/\/chagfordpool.co.uk\/?s={search_term_string}"},"query-input":"required name=search_term_string"}],"inLanguage":"sv-SE"},{"@type":"ImageObject","inLanguage":"sv-SE","@id":"https:\/\/chagfordpool.co.uk\/sv\/basta-satten-att-anvanda-anslutningar-till-din-fordel\/#primaryimage","url":"https:\/\/chagfordpool.co.uk\/wp-content\/uploads\/2022\/07\/online-chatrooms.jpeg","contentUrl":"https:\/\/chagfordpool.co.uk\/wp-content\/uploads\/2022\/07\/online-chatrooms.jpeg","width":500,"height":332},{"@type":"WebPage","@id":"https:\/\/chagfordpool.co.uk\/sv\/basta-satten-att-anvanda-anslutningar-till-din-fordel\/#webpage","url":"https:\/\/chagfordpool.co.uk\/sv\/basta-satten-att-anvanda-anslutningar-till-din-fordel\/","name":"B\u00e4sta s\u00e4tten att anv\u00e4nda anslutningar till din f\u00f6rdel - Chag Recensioner","isPartOf":{"@id":"https:\/\/chagfordpool.co.uk\/#website"},"primaryImageOfPage":{"@id":"https:\/\/chagfordpool.co.uk\/sv\/basta-satten-att-anvanda-anslutningar-till-din-fordel\/#primaryimage"},"datePublished":"2022-07-26T11:12:53+00:00","dateModified":"2022-07-26T11:12:53+00:00","breadcrumb":{"@id":"https:\/\/chagfordpool.co.uk\/sv\/basta-satten-att-anvanda-anslutningar-till-din-fordel\/#breadcrumb"},"inLanguage":"sv-SE","potentialAction":[{"@type":"ReadAction","target":["https:\/\/chagfordpool.co.uk\/sv\/basta-satten-att-anvanda-anslutningar-till-din-fordel\/"]}]},{"@type":"BreadcrumbList","@id":"https:\/\/chagfordpool.co.uk\/sv\/basta-satten-att-anvanda-anslutningar-till-din-fordel\/#breadcrumb","itemListElement":[{"@type":"ListItem","position":1,"name":"Hem","item":"https:\/\/chagfordpool.co.uk\/sv\/"},{"@type":"ListItem","position":2,"name":"B\u00e4sta s\u00e4tten att anv\u00e4nda anslutningar till din f\u00f6rdel"}]}]}},"_links":{"self":[{"href":"https:\/\/chagfordpool.co.uk\/sv\/wp-json\/wp\/v2\/pages\/217"}],"collection":[{"href":"https:\/\/chagfordpool.co.uk\/sv\/wp-json\/wp\/v2\/pages"}],"about":[{"href":"https:\/\/chagfordpool.co.uk\/sv\/wp-json\/wp\/v2\/types\/page"}],"author":[{"embeddable":true,"href":"https:\/\/chagfordpool.co.uk\/sv\/wp-json\/wp\/v2\/users\/1"}],"replies":[{"embeddable":true,"href":"https:\/\/chagfordpool.co.uk\/sv\/wp-json\/wp\/v2\/comments?post=217"}],"version-history":[{"count":0,"href":"https:\/\/chagfordpool.co.uk\/sv\/wp-json\/wp\/v2\/pages\/217\/revisions"}],"wp:featuredmedia":[{"embeddable":true,"href":"https:\/\/chagfordpool.co.uk\/sv\/wp-json\/wp\/v2\/media\/135"}],"wp:attachment":[{"href":"https:\/\/chagfordpool.co.uk\/sv\/wp-json\/wp\/v2\/media?parent=217"}],"curies":[{"name":"wp","href":"https:\/\/api.w.org\/{rel}","templated":true}]}}